{"id":29689,"date":"2019-01-06T00:10:18","date_gmt":"2019-01-06T00:10:18","guid":{"rendered":"https:\/\/www.sisinternational.com\/?page_id=29689"},"modified":"2026-01-25T17:09:36","modified_gmt":"2026-01-25T22:09:36","slug":"pesquisa-de-mercado-de-manuseio-de-materiais","status":"publish","type":"page","link":"https:\/\/www.sisinternational.com\/pt\/pericia\/pesquisa-de-mercado-de-manuseio-de-materiais\/","title":{"rendered":"Pesquisa de mercado de manuseio de materiais"},"content":{"rendered":"<h1 class=\"wp-block-heading\">Pesquisa de mercado de manuseio de materiais<\/h1>\n\n\n\n<figure class=\"gb-block-image gb-block-image-6abdb51f\"><img loading=\"lazy\" decoding=\"async\" width=\"1456\" height=\"816\" class=\"gb-image gb-image-6abdb51f\" src=\"https:\/\/www.sisinternational.com\/wp-content\/uploads\/2025\/08\/machine-tools-2.jpg\" alt=\"Pesquisa e Estrat\u00e9gia de Mercado Internacional da SIS\" title=\"machine tools (2)\" srcset=\"https:\/\/www.sisinternational.com\/wp-content\/uploads\/2025\/08\/machine-tools-2.jpg 1456w, https:\/\/www.sisinternational.com\/wp-content\/uploads\/2025\/08\/machine-tools-2-300x168.jpg 300w, https:\/\/www.sisinternational.com\/wp-content\/uploads\/2025\/08\/machine-tools-2-1024x574.jpg 1024w, https:\/\/www.sisinternational.com\/wp-content\/uploads\/2025\/08\/machine-tools-2-768x430.jpg 768w, https:\/\/www.sisinternational.com\/wp-content\/uploads\/2025\/08\/machine-tools-2-18x10.jpg 18w\" sizes=\"auto, (max-width: 1456px) 100vw, 1456px\"><\/figure>\n\n\n\n<p><\/p>\n\n\n\n<h2 class=\"wp-block-heading\">O que \u00e9 manuseio de materiais?<\/h2>\n\n\n\n<p>O manuseio de materiais trata da movimenta\u00e7\u00e3o de mat\u00e9rias-primas e produtos acabados. Tamb\u00e9m trata do armazenamento, prote\u00e7\u00e3o e controle desses itens. O manuseio de materiais come\u00e7a na fase de fabrica\u00e7\u00e3o. Em seguida, passa pelas fases de armazenamento, distribui\u00e7\u00e3o e consumo, finalizando com o descarte.<\/p>\n\n\n\n<p>As empresas implementam processos e sistemas de manuseio de materiais para reduzir o estoque. Esses processos tamb\u00e9m melhoram o atendimento ao cliente e reduzem o tempo de entrega. O manuseio de materiais tamb\u00e9m reduz os custos de manuseio na fabrica\u00e7\u00e3o, distribui\u00e7\u00e3o e transporte. Os tomadores de decis\u00e3o no manuseio de materiais incluem pessoal de opera\u00e7\u00f5es, diretores e executivos de compras.<\/p>\n\n\n\n<h2 class=\"wp-block-heading\">Por que o manuseio de materiais \u00e9 importante?<\/h2>\n\n\n\n<p>Material handling is important because it impacts customer service. When it&#8217;s easy for employees to locate products, they can deliver them to consumers faster. Good material handling procedures also prevent product loss or damage. A well-organized warehouse with modern material handling tools will have fewer misplaced items. <a href=\"https:\/\/www.sisinternational.com\/pt\/pesquisa-de-mercado-de-manufatura-inteligente\/\" title=\"Pesquisa de mercado de manufatura inteligente\"  data-wpil-monitor-id=\"11065\">Smart storage solutions<\/a> also create a safe place for employees to operate.<\/p>\n\n\n\n<p>Os analistas esperam que o setor de movimenta\u00e7\u00e3o de materiais cres\u00e7a nos pr\u00f3ximos anos. Um dos motores deste crescimento \u00e9 a crescente penetra\u00e7\u00e3o de tecnologias sofisticadas. Ferramentas como IoT, RFID e identifica\u00e7\u00e3o autom\u00e1tica e captura de dados est\u00e3o se tornando populares. Essas ferramentas melhoram o atendimento de pedidos. Eles tamb\u00e9m ajudam a aumentar a produtividade em toda a cadeia de abastecimento. Outro impulsionador s\u00e3o os crescentes recursos de automa\u00e7\u00e3o no espa\u00e7o de fabrica\u00e7\u00e3o.<\/p>\n\n\n\n<h2 class=\"wp-block-heading\">Pesquisa qualitativa de mercado<\/h2>\n\n\n\n<p><a href=\"https:\/\/www.sisinternational.com\/pt\/empresa-lider-global-em-pesquisa-qualitativa\/\" title=\"Empresa l\u00edder global em pesquisa qualitativa\"  data-wpil-monitor-id=\"11066\">Companies need to do qualitative research<\/a>. This type of research allows them to get inside their customers\u2019 minds. Qualitative research is about finding out not only what people think, but why they think it. <a href=\"https:\/\/www.sisinternational.com\/pt\/empresa-lider-global-em-grupos-focais\/\" title=\"Empresa l\u00edder global em grupos focais\"  data-wpil-monitor-id=\"11067\">Companies can use focus group<\/a> discussions and face-to-face interviews to get in-depth feedback. Qualitative market research is valuable for businesses that are developing new marketing initiatives. It also works well for those developing new products. This type of research allows companies to check reactions and hone their tactics.<\/p>\n\n\n\n<p><a href=\"https:\/\/www.sisinternational.com\/pt\/entre-em-contato-com-a-sis-international-market-research\/\" title=\"Contate-nos\"  data-wpil-monitor-id=\"11064\">A SIS International Research<\/a> conducts focus groups and interviews with decision makers. Focus groups help us to find out what is working in the material handling industry and how companies can improve. This type of market research identifies how consumers feel about a particular product. Interviews provide helpful perspectives, which can be beneficial for innovation.<\/p>\n\n\n\n<h2 class=\"wp-block-heading\">Pesquisa Quantitativa de Mercado<\/h2>\n\n\n\n<p>We conduct surveys with decision makers in material handling. Surveys measure <a href=\"https:\/\/www.sisinternational.com\/pt\/publicacoes\/comportamento-do-comprador-apos-coronavirus-novo-consumidor\/\" title=\"Comportamento do comprador ap\u00f3s o coronav\u00edrus \u2013 Pesquisa de mercado de consumo\"  data-wpil-monitor-id=\"11071\">market phenomena such as competitor and consumer<\/a> behavior. We ask people their views in an organized manner so that companies have data to guide them. <a href=\"https:\/\/www.sisinternational.com\/pt\/empresa-lider-global-em-pesquisa-quantitativa-de-mercado\/\" title=\"Empresa l\u00edder global em pesquisa quantitativa de mercado\"  data-wpil-monitor-id=\"11068\">Quantitative research can help small companies<\/a> to develop their products and services. This type of research empowers them to make educated choices based on hard facts.<\/p>\n\n\n\n<p>As empresas que operam em grandes mercados n\u00e3o podem depender de abordagens intuitivas para a tomada de decis\u00f5es. A pesquisa quantitativa de mercado reconhece diferentes grupos de clientes. As empresas podem abordar cada grupo isoladamente, em vez de trat\u00e1-los todos da mesma forma. A pesquisa de mercado tamb\u00e9m avalia novos produtos e conceitos. Isso \u00e9 feito para garantir que as empresas possam ter lan\u00e7amentos de produtos bem-sucedidos e atender \u00e0s necessidades das pessoas.<\/p>\n\n\n\n<h2 class=\"wp-block-heading\">Pesquisa de estrat\u00e9gia de manuseio de materiais<\/h2>\n\n\n\n<p>Companies that want to enter new markets must understand the scale of opportunities. This is also true for companies that want to increase their share in existing markets. We conduct <a href=\"https:\/\/www.sisinternational.com\/pt\/pericia\/industrias\/pesquisa-de-mercado-de-materiais-de-construcao-verdes\/\" title=\"Pesquisa de mercado de materiais de constru\u00e7\u00e3o verdes\"  data-wpil-monitor-id=\"3347\">pesquisa de oportunidade de mercado<\/a>. We do concept testing, which allows marketers to <a href=\"https:\/\/www.sisinternational.com\/pt\/product-testing-that-turns-ideas-into-market-ready-success\/\" title=\"Product Testing That Turns Ideas into Market-Ready Success\"  data-wpil-monitor-id=\"11069\">test their best product ideas<\/a>. We also do <a href=\"https:\/\/www.sisinternational.com\/pt\/cobertura\/as-americas\/pesquisa-de-mercado-canada\/pesquisa-de-mercado-new-brunswick-canada\/\" title=\"Pesquisa de mercado em New Brunswick, Canad\u00e1\"  data-wpil-monitor-id=\"4026\">market sizing research<\/a>. This research measures the <a href=\"https:\/\/www.sisinternational.com\/pt\/pericia\/industrias\/pesquisa-de-mercado-no-ponto-de-venda\/\" title=\"Pesquisa de mercado de ponto de venda\"  data-wpil-monitor-id=\"11072\">sales and profit potential of new markets<\/a> and innovations.<\/p>\n\n\n\n<p>Al\u00e9m disso, fazemos an\u00e1lises competitivas. Este tipo de an\u00e1lise \u00e9 uma declara\u00e7\u00e3o da estrat\u00e9gia do neg\u00f3cio e como ela se relaciona com a concorr\u00eancia. Tamb\u00e9m fazemos identifica\u00e7\u00e3o de tend\u00eancias e rastreamento do setor. Usamos essas ferramentas para comparar dados do setor durante um determinado per\u00edodo. Este tipo de pesquisa de mercado reconhece quaisquer tend\u00eancias ou resultados consistentes. As empresas podem usar esses dados para mapear sua estrat\u00e9gia de neg\u00f3cios. Eles podem ent\u00e3o alinhar a estrat\u00e9gia com a dire\u00e7\u00e3o geral em que a ind\u00fastria est\u00e1 se movendo.<\/p>\n\n\n\n<p><\/p>","protected":false},"excerpt":{"rendered":"<p>O setor de manuseio de materiais est\u00e1 crescendo devido a tecnologias avan\u00e7adas como IoT, RFID e identifica\u00e7\u00e3o autom\u00e1tica e captura de dados.<\/p>","protected":false},"author":1,"featured_media":64819,"parent":14514,"menu_order":40,"comment_status":"closed","ping_status":"closed","template":"","meta":{"footnotes":""},"class_list":["post-29689","page","type-page","status-publish","has-post-thumbnail"],"_links":{"self":[{"href":"https:\/\/www.sisinternational.com\/pt\/wp-json\/wp\/v2\/pages\/29689","targetHints":{"allow":["GET"]}}],"collection":[{"href":"https:\/\/www.sisinternational.com\/pt\/wp-json\/wp\/v2\/pages"}],"about":[{"href":"https:\/\/www.sisinternational.com\/pt\/wp-json\/wp\/v2\/types\/page"}],"author":[{"embeddable":true,"href":"https:\/\/www.sisinternational.com\/pt\/wp-json\/wp\/v2\/users\/1"}],"replies":[{"embeddable":true,"href":"https:\/\/www.sisinternational.com\/pt\/wp-json\/wp\/v2\/comments?post=29689"}],"version-history":[{"count":6,"href":"https:\/\/www.sisinternational.com\/pt\/wp-json\/wp\/v2\/pages\/29689\/revisions"}],"predecessor-version":[{"id":81810,"href":"https:\/\/www.sisinternational.com\/pt\/wp-json\/wp\/v2\/pages\/29689\/revisions\/81810"}],"up":[{"embeddable":true,"href":"https:\/\/www.sisinternational.com\/pt\/wp-json\/wp\/v2\/pages\/14514"}],"wp:featuredmedia":[{"embeddable":true,"href":"https:\/\/www.sisinternational.com\/pt\/wp-json\/wp\/v2\/media\/64819"}],"wp:attachment":[{"href":"https:\/\/www.sisinternational.com\/pt\/wp-json\/wp\/v2\/media?parent=29689"}],"curies":[{"name":"wp","href":"https:\/\/api.w.org\/{rel}","templated":true}]}}