{"id":29366,"date":"2018-12-24T21:50:23","date_gmt":"2018-12-24T21:50:23","guid":{"rendered":"https:\/\/www.sisinternational.com\/?page_id=29366"},"modified":"2026-03-24T18:21:42","modified_gmt":"2026-03-24T22:21:42","slug":"pesquisa-de-mercado-de-streaming-de-video-e-musica","status":"publish","type":"page","link":"https:\/\/www.sisinternational.com\/pt\/pericia\/pesquisa-de-mercado-de-streaming-de-video-e-musica\/","title":{"rendered":"Pesquisa de mercado de streaming de v\u00eddeo e m\u00fasica"},"content":{"rendered":"<h1 class=\"wp-block-heading\"><span style=\"font-weight: 400;\">Pesquisa de mercado de streaming de v\u00eddeo e m\u00fasica<\/span><\/h1>\n\n\n\n<p><\/p>\n\n\n\n<figure class=\"gb-block-image gb-block-image-5780a4d0\"><img loading=\"lazy\" decoding=\"async\" width=\"1456\" height=\"816\" class=\"gb-image gb-image-5780a4d0\" src=\"https:\/\/www.sisinternational.com\/wp-content\/uploads\/2025\/08\/Video-and-Music-Streaming-5.jpg\" alt=\"Pesquisa e Estrat\u00e9gia de Mercado Internacional da SIS\" title=\"Video and Music Streaming (5)\" srcset=\"https:\/\/www.sisinternational.com\/wp-content\/uploads\/2025\/08\/Video-and-Music-Streaming-5.jpg 1456w, https:\/\/www.sisinternational.com\/wp-content\/uploads\/2025\/08\/Video-and-Music-Streaming-5-300x168.jpg 300w, https:\/\/www.sisinternational.com\/wp-content\/uploads\/2025\/08\/Video-and-Music-Streaming-5-1024x574.jpg 1024w, https:\/\/www.sisinternational.com\/wp-content\/uploads\/2025\/08\/Video-and-Music-Streaming-5-768x430.jpg 768w, https:\/\/www.sisinternational.com\/wp-content\/uploads\/2025\/08\/Video-and-Music-Streaming-5-18x10.jpg 18w\" sizes=\"auto, (max-width: 1456px) 100vw, 1456px\"><\/figure>\n\n\n\n<p><\/p>\n\n\n\n<h2 class=\"wp-block-heading\"><span style=\"font-weight: 400;\">Video Streaming \u00e9 uma filmagem de v\u00eddeo compactada exibida na Internet para visualiza\u00e7\u00e3o em tempo real. <\/span><\/h2>\n\n\n\n<p><span style=\"font-weight: 400;\">N\u00e3o h\u00e1 necessidade de os usu\u00e1rios baixarem conte\u00fado transmitido para v\u00ea-lo. Em vez disso, o provedor de conte\u00fado envia um fluxo cont\u00ednuo de dados. O espectador pode assistir ao stream imediatamente.<\/span><\/p>\n\n\n\n<p><span style=\"font-weight: 400;\">O Music Streaming apresenta \u00e1udio, som e m\u00fasica pela Internet. Os usu\u00e1rios n\u00e3o precisam baixar arquivos para ouvir este conte\u00fado. O usu\u00e1rio n\u00e3o precisa salvar uma c\u00f3pia da m\u00fasica em seu disco r\u00edgido. A maioria dos usu\u00e1rios pode acessar esses servi\u00e7os em um site, uma assinatura ou um aplicativo. Esses aplicativos permitem que os clientes desfrutem de conte\u00fado transmitido de seus smartphones ou tablets quando estiverem em tr\u00e2nsito.<\/span><\/p>\n\n\n\n<h2 class=\"wp-block-heading\"><span style=\"font-weight: 400;\">Novas oportunidades em streaming online<\/span><\/h2>\n\n\n\n<p><span style=\"font-weight: 400;\">Industry analysts have written a lot about the rise in online streaming services. One point of contention is their possible effects on traditional TV and radio. Researchers are finding two distinct groups of content streamers. The first group <a href=\"https:\/\/www.sisinternational.com\/pt\/pesquisa-de-mercado-de-streaming-de-musica\/\" title=\"Pesquisa de mercado de streaming de m\u00fasica\"  data-wpil-monitor-id=\"2556\">streams movies and music<\/a> to supplement what\u2019s on cable or the radio. The second group has canceled their cable subscription (cord cutters). Alternatively, they may have never had a subscription (cord nevers). Online streaming is growing, and it\u2019s changing the way people view and listen to content.<\/span><\/p>\n\n\n\n<p><span style=\"font-weight: 400;\">Alguns provedores de conte\u00fado, como Netflix e iTunes, j\u00e1 se tornaram globais. Os telespectadores da Netflix pagam uma pequena taxa mensal para ter acesso ilimitado \u00e0 sua biblioteca de programas de TV e filmes. A Netflix est\u00e1 dispon\u00edvel em 190 pa\u00edses em todo o mundo. O iTunes tamb\u00e9m est\u00e1 dispon\u00edvel na maioria dos pa\u00edses pelo mesmo pre\u00e7o do Netflix. Assim como o Netflix, o servi\u00e7o oferece aos usu\u00e1rios acesso ilimitado \u00e0 biblioteca de m\u00fasica do iTunes.<\/span><\/p>\n\n\n\n<p><span style=\"font-weight: 400;\">O streaming de conte\u00fado oferece uma oportunidade extraordin\u00e1ria para TV e r\u00e1dio ao vivo. Estas formas tradicionais de m\u00eddia devem agora migrar para dispositivos conectados. Os espectadores agora podem acessar o YouTube ou o Facebook para ver seus programas de TV favoritos. Da mesma forma, as esta\u00e7\u00f5es de r\u00e1dio agora exortam os ouvintes a baixar aplicativos gratuitos. Os ouvintes podem usar esses aplicativos para transmitir conte\u00fado para seus dispositivos m\u00f3veis. \u00c9 tamb\u00e9m uma oportunidade para telespectadores e ouvintes, que agora podem exigir novos e diversos tipos de conte\u00fado.<\/span><\/p>\n\n\n\n<p><span style=\"font-weight: 400;\">Established content providers are not the only ones producing videos as audio recordings. Houses of worship are already live-streaming their services on social media. Analysts expect this trend to continue. Another trend is brands using live <a href=\"https:\/\/www.sisinternational.com\/pt\/publicidade-na-tv-e-impressa-da-lugar-a-videos-virais-e-midias-sociais-emergentes\/\" title=\"Pesquisa de mercado de v\u00eddeo viral\"  data-wpil-monitor-id=\"1805\">video as an essential marketing<\/a> tool. The third trend is companies using live video in business relations. These videos help reinforce their corporate culture and build stable relationships among employees.<\/span><\/p>\n\n\n\n<h2 class=\"wp-block-heading\"><span style=\"font-weight: 400;\">Desafios no streaming de filmes e m\u00fasicas&nbsp;&nbsp;<\/span><\/h2>\n\n\n\n<p><span style=\"font-weight: 400;\">Disruptores digitais como Netflix e iTunes enfrentam press\u00e3o crescente. O campo de jogo est\u00e1 ficando mais lotado. Os provedores de TV a cabo tamb\u00e9m oferecem pacotes menores com menos canais. Esses pacotes \u201cmagros\u201d s\u00e3o mais baratos do que as ofertas normais. Os consumidores acabar\u00e3o por ter uma superabund\u00e2ncia de op\u00e7\u00f5es, o que pode ser oneroso. Tamb\u00e9m pode fazer com que os consumidores voltem \u00e0 TV paga, que oferece uma variedade de conte\u00fado em um local conveniente e f\u00e1cil de usar.<\/span><\/p>\n\n\n\n<h2 class=\"wp-block-heading\"><span style=\"font-weight: 400;\">Pesquisa de mercado de streaming on-line<\/span><\/h2>\n\n\n\n<p><span style=\"font-weight: 400;\"><a href=\"https:\/\/www.sisinternational.com\/pt\/pericia\/pesquisa-de-mercado-de-licenciamento-de-midia-filmes-musicais-e-midia\/\" title=\"Pesquisa de mercado de filmes musicais e licenciamento de m\u00eddia\"  data-wpil-monitor-id=\"11420\">Movie and music<\/a> streaming will continue to grow and change. The two will also merge, as is evident with Spotify. The music content provider partnered with Hulu to offer TV and movies along with its music. Focus groups can test opportunities such as these before they reach the end consumer. Usability and Product Testing can strengthen brands\u2019 offerings so consumers can have a better user experience.<\/span><\/p>\n\n\n\n<p><strong>SIS Market Research provides Qualitative, Quantitative, and Strategy Research to Online Streaming providers.<\/strong>\u00a0 Nossas solu\u00e7\u00f5es incluem:<\/p>\n\n\n\n<ul class=\"wp-block-list\">\n<li><b>Testando usabilidade:&nbsp;<\/b><span style=\"font-weight: 400;\">Os provedores de streaming podem obter insights sobre o qu\u00e3o utiliz\u00e1veis e f\u00e1ceis de usar s\u00e3o as plataformas de streaming online.<\/span><\/li>\n\n\n\n<li><b>Insights do consumidor:<\/b><span style=\"font-weight: 400;\">\u00a0Focus Groups can give valuable insight into content and programming. We can also test new programming and TV show concepts.<\/span><\/li>\n\n\n\n<li><b>Analise competitiva:<\/b><span style=\"font-weight: 400;\">\u00a0Streaming providers can use Focus Groups to test their competitors\u2019 strategies. These insights will enable them to come up with counter-strategies.<\/span><\/li>\n\n\n\n<li><b>Insights de oportunidades de mercado:&nbsp;<\/b><span style=\"font-weight: 400;\">Os Focus Groups podem ajudar os provedores a descobrir \u00e1reas de oportunidade. Oportunidade de mercado examina \u00e1reas potenciais de espa\u00e7o de mercado incontestado. Esta descoberta ir\u00e1 ajud\u00e1-los a criar novas parcerias e novas oportunidades de conte\u00fado.<\/span><\/li>\n\n\n\n<li><strong>Desenvolvimento de comunidade on-line:<\/strong> SIS can build an active Online Insight Community where engaged customers can give feedback on new concepts and test products.<\/li>\n<\/ul>\n\n\n\n<h2 class=\"wp-block-heading\"><a href=\"https:\/\/www.sisinternational.com\/pt\/about-sis\/contact-sis-international-market-research\/\">Contate-nos para seu pr\u00f3ximo projeto de pesquisa de mercado de streaming.<\/a><\/h2>\n\n\n\n<p><\/p>","protected":false},"excerpt":{"rendered":"<p>Descubra como nossa pesquisa e estrat\u00e9gia criam vantagens para empresas de streaming.<\/p>","protected":false},"author":1,"featured_media":63640,"parent":14514,"menu_order":39,"comment_status":"closed","ping_status":"closed","template":"","meta":{"footnotes":""},"class_list":["post-29366","page","type-page","status-publish","has-post-thumbnail"],"_links":{"self":[{"href":"https:\/\/www.sisinternational.com\/pt\/wp-json\/wp\/v2\/pages\/29366","targetHints":{"allow":["GET"]}}],"collection":[{"href":"https:\/\/www.sisinternational.com\/pt\/wp-json\/wp\/v2\/pages"}],"about":[{"href":"https:\/\/www.sisinternational.com\/pt\/wp-json\/wp\/v2\/types\/page"}],"author":[{"embeddable":true,"href":"https:\/\/www.sisinternational.com\/pt\/wp-json\/wp\/v2\/users\/1"}],"replies":[{"embeddable":true,"href":"https:\/\/www.sisinternational.com\/pt\/wp-json\/wp\/v2\/comments?post=29366"}],"version-history":[{"count":6,"href":"https:\/\/www.sisinternational.com\/pt\/wp-json\/wp\/v2\/pages\/29366\/revisions"}],"predecessor-version":[{"id":85007,"href":"https:\/\/www.sisinternational.com\/pt\/wp-json\/wp\/v2\/pages\/29366\/revisions\/85007"}],"up":[{"embeddable":true,"href":"https:\/\/www.sisinternational.com\/pt\/wp-json\/wp\/v2\/pages\/14514"}],"wp:featuredmedia":[{"embeddable":true,"href":"https:\/\/www.sisinternational.com\/pt\/wp-json\/wp\/v2\/media\/63640"}],"wp:attachment":[{"href":"https:\/\/www.sisinternational.com\/pt\/wp-json\/wp\/v2\/media?parent=29366"}],"curies":[{"name":"wp","href":"https:\/\/api.w.org\/{rel}","templated":true}]}}