{"id":29354,"date":"2018-12-24T20:48:22","date_gmt":"2018-12-24T20:48:22","guid":{"rendered":"https:\/\/www.sisinternational.com\/?page_id=29354"},"modified":"2026-01-25T17:09:37","modified_gmt":"2026-01-25T22:09:37","slug":"pesquisa-de-mercado-no-texas","status":"publish","type":"page","link":"https:\/\/www.sisinternational.com\/pt\/cobertura\/north-america\/cobertura-dos-eua\/pesquisa-de-mercado-no-texas\/","title":{"rendered":"Pesquisa de mercado no Texas"},"content":{"rendered":"<h1 class=\"wp-block-heading\">Pesquisa de mercado no Texas<\/h1>\n\n\n\n<figure class=\"gb-block-image gb-block-image-200e2e07\"><img loading=\"lazy\" decoding=\"async\" width=\"1456\" height=\"816\" class=\"gb-image gb-image-200e2e07\" src=\"https:\/\/www.sisinternational.com\/wp-content\/uploads\/2025\/09\/Austin-Texas-4-3.jpg\" alt=\"Pesquisa e Estrat\u00e9gia de Mercado Internacional da SIS\" title=\"Austin Texas 4 (3)\" srcset=\"https:\/\/www.sisinternational.com\/wp-content\/uploads\/2025\/09\/Austin-Texas-4-3.jpg 1456w, https:\/\/www.sisinternational.com\/wp-content\/uploads\/2025\/09\/Austin-Texas-4-3-300x168.jpg 300w, https:\/\/www.sisinternational.com\/wp-content\/uploads\/2025\/09\/Austin-Texas-4-3-1024x574.jpg 1024w, https:\/\/www.sisinternational.com\/wp-content\/uploads\/2025\/09\/Austin-Texas-4-3-768x430.jpg 768w, https:\/\/www.sisinternational.com\/wp-content\/uploads\/2025\/09\/Austin-Texas-4-3-18x10.jpg 18w\" sizes=\"auto, (max-width: 1456px) 100vw, 1456px\"><\/figure>\n\n\n\n<p><\/p>\n\n\n\n<h2 class=\"wp-block-heading\"><span style=\"font-weight: 400;\">A import\u00e2ncia da economia do Texas<\/span><\/h2>\n\n\n\n<p><span style=\"font-weight: 400;\">A economia moderna do Texas \u00e9 din\u00e2mica, diversificada e massiva. Se o estado fosse um pa\u00eds independente, teria a d\u00e9cima maior economia do mundo. Estaria \u00e0 frente da Rep\u00fablica da Coreia, do Brasil e da \u00cdndia, e logo atr\u00e1s do Canad\u00e1 e da Espanha. <\/span><\/p>\n\n\n\n<p><span style=\"font-weight: 400;\">As cidades do Texas costumavam se parecer com as retratadas nos antigos filmes de faroeste. Depois veio a descoberta de grandes quantidades de petr\u00f3leo. Esta descoberta desencadeou a primeira de uma s\u00e9rie de transforma\u00e7\u00f5es dram\u00e1ticas. Seguiu-se o desenvolvimento das ferrovias e, em seguida, o crescimento da ind\u00fastria do algod\u00e3o. Estas mudan\u00e7as fizeram do Lone Star State a pot\u00eancia econ\u00f3mica que \u00e9 hoje.<\/span><\/p>\n\n\n\n<p>Interestingly, Texas is promoting itself as a <a href=\"https:\/\/www.sisinternational.com\/pt\/solucoes\/consultoria-em-hotelaria-e-turismo-em-viagens\/consultoria-em-turismo-cultural\/\" title=\"Consultoria em Turismo Cultural\"  data-wpil-monitor-id=\"9389\">Tourism destination and exporting its culture<\/a>.&nbsp; Now in other global cities, Texas steakhouses and Barbecue restaurants can be found.&nbsp; Austin has positioned itself as a cool, hip city for millennials.<\/p>\n\n\n\n<p><span style=\"font-weight: 400;\">Texas is increasing its importance in the US national economy. The state has mineral wealth and other resources. &nbsp;It has a large technology industry, and its service economy is growing. The state\u2019s location is also important. It is situated on the southern coast of the US and borders several Mexican states.<\/span><\/p>\n\n\n\n<h2 class=\"wp-block-heading\"><span style=\"font-weight: 400;\">Principais cidades e centros econ\u00f4micos<\/span><\/h2>\n\n\n\n<p><span style=\"font-weight: 400;\">The largest city in Texas is Houston, with a population of approximately 2.3 million. San Antonio is the second largest city with a population of 1.5 million. The third largest is Dallas, with a population of 1.3 million. Texas\u2019 capital city, Austin, has approximately 950,000 citizens. It is the state\u2019s fourth-largest city. The fifth largest is Fort Worth, with a population of 854,000.<\/span><\/p>\n\n\n\n<h2 class=\"wp-block-heading\"><span style=\"font-weight: 400;\">5 maiores ind\u00fastrias<\/span><\/h2>\n\n\n\n<ul class=\"wp-block-list\">\n<li><b><a href=\"https:\/\/www.sisinternational.com\/pt\/pericia\/industrias\/pesquisa-de-mercado-de-gas-liquefeito-de-petroleo\/\" title=\"Pesquisa de mercado de g\u00e1s liquefeito de petr\u00f3leo\"  data-wpil-monitor-id=\"9386\">Petr\u00f3leo e G\u00e1s Natural.<\/a> <\/b>Os trabalhadores desta \u00e1rea extraem g\u00e1s e \u00f3leo usados para abastecer ve\u00edculos. Moradores e empresas tamb\u00e9m o utilizam para aquecimento de resid\u00eancias e fabrica\u00e7\u00e3o de produtos.<\/span><\/li>\n\n\n\n<li><b>Agricultura.<\/b><span style=\"font-weight: 400;\"> As duas principais commodities agr\u00edcolas do Texas s\u00e3o o algod\u00e3o e o gado.<\/span><\/li>\n\n\n\n<li><b>A\u00e7o.<\/b><span style=\"font-weight: 400;\"> Os fabricantes produzem esse metal para diversos usos. Isso inclui a constru\u00e7\u00e3o de pontes, a fabrica\u00e7\u00e3o de ve\u00edculos, a fabrica\u00e7\u00e3o de oleodutos, o fortalecimento de edif\u00edcios e a produ\u00e7\u00e3o de eletrodom\u00e9sticos.<\/span><\/li>\n\n\n\n<li><b>Banc\u00e1rio.<\/b><span style=\"font-weight: 400;\"> O Texas \u00e9 o lar de v\u00e1rios bancos comerciais. Tamb\u00e9m tem muitas cooperativas de cr\u00e9dito e associa\u00e7\u00f5es de poupan\u00e7a e empr\u00e9stimo.<\/span><\/li>\n\n\n\n<li><b>Turismo.<\/b><span style=\"font-weight: 400;\"> Devido \u00e0 sua beleza natural e hist\u00f3ria famosa, o Texas tem uma economia tur\u00edstica em expans\u00e3o.<\/span><\/li>\n<\/ul>\n\n\n\n<h2 class=\"wp-block-heading\"><span style=\"font-weight: 400;\">Influ\u00eancia Global<\/span><\/h2>\n\n\n\n<p><span style=\"font-weight: 400;\">Texas is a world dominator in the energy industry. Many sources cite Houston as the \u201cenergy capital of the world.\u201d The state also dominates the field of healthcare. The Texas Medical Centre, located in the southwest, is the largest in the world. It is home to the University of Texas Health Science Center. This center trains medical students and residents. It also includes the University of Texas M.D. Anderson Cancer Center. This Center is a <a href=\"https:\/\/www.sisinternational.com\/pt\/transportadoras-de-baixo-custo-na-industria-da-aviacao\/\" title=\"Pesquisa de mercado de companhias a\u00e9reas de baixo custo\"  data-wpil-monitor-id=\"9378\">global leader in cancer treatment and research<\/a>.<\/span><\/p>\n\n\n\n<h2 class=\"wp-block-heading\"><span style=\"font-weight: 400;\">Benef\u00edcios de investir no Texas<\/span><\/h2>\n\n\n\n<p><span style=\"font-weight: 400;\">Texas, often and consistently, claims top rankings as one of the best states for business in the <a href=\"https:\/\/www.sisinternational.com\/pt\/cobertura\/as-americas\/cobertura-dos-eua\/\" title=\"Pesquisa de mercado nos Estados Unidos\"  data-wpil-monitor-id=\"9382\">United<\/a> States. Texas also received the top score in infrastructure and economy. The state is also known for its economic strength and fair legal system. The taxes are low, and the quality of life high. Texas also has a skilled workforce.<\/span><\/p>\n\n\n\n<h2 class=\"wp-block-heading\"><span style=\"font-weight: 400;\">Oportunidades e tend\u00eancias na economia do Texas<\/span><\/h2>\n\n\n\n<p><span style=\"font-weight: 400;\">The Texas economy is expanding, and the energy sector continues to boom. Jobs are increasing, with the most substantial increases in the energy sector. Small <a href=\"https:\/\/www.sisinternational.com\/pt\/solucoes\/inovacao\/como-escalar-um-negocio\/\" title=\"Como escalar um neg\u00f3cio | Alcan\u00e7ando o crescimento exponencial\"  data-wpil-monitor-id=\"9390\">business owners have reported healthy growth<\/a>. This growth is especially strong in Austin, Houston, Dallas, and Fort Worth. Entrepreneurs claim that their biggest challenge is finding enough skilled workers. They need workers to keep up with the fast pace of growth. Another problem is accessing capital to fund their investments.<\/span><\/p>\n\n\n\n<h2 class=\"wp-block-heading\"><span style=\"font-weight: 400;\">Por que a pesquisa de mercado \u00e9 importante<\/span><\/h2>\n\n\n\n<p><span style=\"font-weight: 400;\">Conducting Market Research helps companies gain competitive insights. It also helps them understand consumer preferences, expectations and pain points. Market Research provides detailed insights into demographics, consumer tastes and economic shifts. It shows <a href=\"https:\/\/www.sisinternational.com\/pt\/publicacoes\/comportamento-do-comprador-apos-coronavirus-novo-consumidor\/\" title=\"Comportamento do comprador ap\u00f3s o coronav\u00edrus \u2013 Pesquisa de mercado de consumo\"  data-wpil-monitor-id=\"9384\">market trends and consumer<\/a> buying patterns. <a href=\"https:\/\/www.sisinternational.com\/pt\/cobertura\/as-americas\/pesquisa-de-mercado-canada\/pesquisa-de-mercado-new-brunswick-canada\/\" title=\"Pesquisa de mercado em New Brunswick, Canad\u00e1\"  data-wpil-monitor-id=\"4032\">Pesquisa de oportunidades de mercado<\/a> uncovers new business opportunities and areas of uncontested marketshare.&nbsp;<\/span><\/p>\n\n\n\n<h2 class=\"wp-block-heading\">Sobre a Pesquisa de Mercado SIS<\/h2>\n\n\n\n<p>We have over 40+ years experience in conducting Market Research in Texas.&nbsp; <a href=\"https:\/\/www.sisinternational.com\/pt\/pascoa-e-o-inevitavel-coelhinho-de-chocolate\/\" title=\"Pesquisa de mercado de P\u00e1scoa\"  data-wpil-monitor-id=\"9380\">SIS conducts research<\/a> often in Austin, Dallas, Houston, San Antonio, El Paso, and Fort Worth.&nbsp; We provide:<\/p>\n\n\n\n<ul class=\"wp-block-list\">\n<li>Grupos de foco<\/li>\n\n\n\n<li>Entrevistas com clientes<\/li>\n\n\n\n<li><a href=\"https:\/\/www.sisinternational.com\/pt\/solucoes\/empresa-de-pesquisa-de-mercado-de-comunidade-on-line-b2b\/\" title=\"Empresa de pesquisa de mercado de comunidades on-line B2B\"  data-wpil-monitor-id=\"9388\">Comunidades de insights on-line<\/a><\/li>\n\n\n\n<li>pesquisas<\/li>\n\n\n\n<li>Analise competitiva<\/li>\n\n\n\n<li>Pesquisa de estrat\u00e9gia<\/li>\n\n\n\n<li>Avalia\u00e7\u00f5es de oportunidade de mercado, dimensionamento e entrada<\/li>\n<\/ul>\n\n\n\n<h2 class=\"wp-block-heading\">&nbsp;<\/h2>","protected":false},"excerpt":{"rendered":"<p>Conduzimos pesquisas de mercado qualitativas, quantitativas e estrat\u00e9gicas no Texas. Saber mais.<\/p>","protected":false},"author":1,"featured_media":66507,"parent":19303,"menu_order":17,"comment_status":"closed","ping_status":"closed","template":"","meta":{"footnotes":""},"class_list":["post-29354","page","type-page","status-publish","has-post-thumbnail"],"_links":{"self":[{"href":"https:\/\/www.sisinternational.com\/pt\/wp-json\/wp\/v2\/pages\/29354","targetHints":{"allow":["GET"]}}],"collection":[{"href":"https:\/\/www.sisinternational.com\/pt\/wp-json\/wp\/v2\/pages"}],"about":[{"href":"https:\/\/www.sisinternational.com\/pt\/wp-json\/wp\/v2\/types\/page"}],"author":[{"embeddable":true,"href":"https:\/\/www.sisinternational.com\/pt\/wp-json\/wp\/v2\/users\/1"}],"replies":[{"embeddable":true,"href":"https:\/\/www.sisinternational.com\/pt\/wp-json\/wp\/v2\/comments?post=29354"}],"version-history":[{"count":6,"href":"https:\/\/www.sisinternational.com\/pt\/wp-json\/wp\/v2\/pages\/29354\/revisions"}],"predecessor-version":[{"id":81567,"href":"https:\/\/www.sisinternational.com\/pt\/wp-json\/wp\/v2\/pages\/29354\/revisions\/81567"}],"up":[{"embeddable":true,"href":"https:\/\/www.sisinternational.com\/pt\/wp-json\/wp\/v2\/pages\/19303"}],"wp:featuredmedia":[{"embeddable":true,"href":"https:\/\/www.sisinternational.com\/pt\/wp-json\/wp\/v2\/media\/66507"}],"wp:attachment":[{"href":"https:\/\/www.sisinternational.com\/pt\/wp-json\/wp\/v2\/media?parent=29354"}],"curies":[{"name":"wp","href":"https:\/\/api.w.org\/{rel}","templated":true}]}}