{"id":28227,"date":"2018-10-28T18:40:09","date_gmt":"2018-10-28T18:40:09","guid":{"rendered":"https:\/\/www.sisinternational.com\/?page_id=28227"},"modified":"2026-01-25T17:11:25","modified_gmt":"2026-01-25T22:11:25","slug":"pesquisa-de-mercado-em-munique","status":"publish","type":"page","link":"https:\/\/www.sisinternational.com\/pt\/cobertura\/europa\/pesquisa-de-mercado-em-munique\/","title":{"rendered":"Pesquisa de mercado em Munique"},"content":{"rendered":"<h1 class=\"gb-headline gb-headline-9b2c3d4f gb-headline-text\">Pesquisa de mercado em Munique<\/h1>\n\n\n\n<figure class=\"gb-block-image gb-block-image-a2be310b\"><img loading=\"lazy\" decoding=\"async\" width=\"1456\" height=\"816\" class=\"gb-image gb-image-a2be310b\" src=\"https:\/\/www.sisinternational.com\/wp-content\/uploads\/2025\/09\/Munich-2.jpg\" srcset=\"https:\/\/www.sisinternational.com\/wp-content\/uploads\/2025\/09\/Munich-2.jpg 1456w, https:\/\/www.sisinternational.com\/wp-content\/uploads\/2025\/09\/Munich-2-300x168.jpg 300w, https:\/\/www.sisinternational.com\/wp-content\/uploads\/2025\/09\/Munich-2-1024x574.jpg 1024w, https:\/\/www.sisinternational.com\/wp-content\/uploads\/2025\/09\/Munich-2-768x430.jpg 768w, https:\/\/www.sisinternational.com\/wp-content\/uploads\/2025\/09\/Munich-2-18x10.jpg 18w\" sizes=\"auto, (max-width: 1456px) 100vw, 1456px\" alt=\"Pesquisa e Estrat\u00e9gia de Mercado Internacional da SIS\"><\/figure>\n\n\n\n<p><\/p>\n\n\n\n<hr class=\"wp-block-separator has-alpha-channel-opacity is-style-dots\"\/>\n\n\n\n<p><span style=\"font-weight: 400;\">Munique oferece oportunidades incompar\u00e1veis para as empresas realizarem pesquisas de mercado aprofundadas, revelando informa\u00e7\u00f5es valiosas e promovendo o crescimento estrat\u00e9gico. Por esta raz\u00e3o, a pesquisa de mercado em Munique ajuda as empresas a tomar decis\u00f5es informadas antes de investir nesta cidade altamente competitiva.&nbsp;<\/span><\/p>\n\n\n\n<h2 class=\"wp-block-heading\"><strong>O que \u00e9 pesquisa de mercado em Munique?<\/strong><\/h2>\n\n\n\n<p><span style=\"font-weight: 400;\">A pesquisa de mercado em Munique ajuda as empresas a compreender o cen\u00e1rio econ\u00f3mico, os comportamentos dos consumidores e a din\u00e2mica competitiva \u00fanica de Munique. Atrav\u00e9s de pesquisas de mercado, as empresas podem tomar decis\u00f5es informadas, adaptar as suas estrat\u00e9gias e penetrar eficazmente no mercado de Munique.<\/span><\/p>\n\n\n\n<p><span style=\"font-weight: 400;\">Para as empresas que pretendem expandir-se em Munique, a pesquisa de mercado fornece informa\u00e7\u00f5es cruciais sobre as prefer\u00eancias dos clientes, tend\u00eancias de mercado e desafios potenciais. Ao aproveitar estes conhecimentos, as empresas podem desenvolver estrat\u00e9gias que se alinhem com as condi\u00e7\u00f5es do mercado local e maximizem as suas hip\u00f3teses de sucesso.<\/span><\/p>\n\n\n\n<h2 class=\"wp-block-heading\"><strong>Por que as empresas precisam de pesquisas de mercado em Munique?<\/strong><\/h2>\n\n\n\n<figure class=\"gb-block-image gb-block-image-95df0dab\"><img loading=\"lazy\" decoding=\"async\" width=\"1456\" height=\"816\" class=\"gb-image gb-image-95df0dab\" src=\"https:\/\/www.sisinternational.com\/wp-content\/uploads\/2025\/09\/Munich-4.jpg\" srcset=\"https:\/\/www.sisinternational.com\/wp-content\/uploads\/2025\/09\/Munich-4.jpg 1456w, https:\/\/www.sisinternational.com\/wp-content\/uploads\/2025\/09\/Munich-4-300x168.jpg 300w, https:\/\/www.sisinternational.com\/wp-content\/uploads\/2025\/09\/Munich-4-1024x574.jpg 1024w, https:\/\/www.sisinternational.com\/wp-content\/uploads\/2025\/09\/Munich-4-768x430.jpg 768w, https:\/\/www.sisinternational.com\/wp-content\/uploads\/2025\/09\/Munich-4-18x10.jpg 18w\" sizes=\"auto, (max-width: 1456px) 100vw, 1456px\" alt=\"Pesquisa e Estrat\u00e9gia de Mercado Internacional da SIS\"><\/figure>\n\n\n\n<p><\/p>\n\n\n\n<p><span style=\"font-weight: 400;\">A pesquisa de mercado em Munique permite que as empresas compreendam a din\u00e2mica do mercado local, identifiquem as necessidades dos clientes e avaliem o cen\u00e1rio competitivo. Sem uma pesquisa de mercado abrangente, as empresas correm o risco de tomar decis\u00f5es desinformadas que podem levar a perdas financeiras significativas e a oportunidades perdidas.<\/span><\/p>\n\n\n\n<p><span style=\"font-weight: 400;\">Ao realizar pesquisas de mercado em Munique, as empresas podem adaptar os seus produtos e servi\u00e7os para atender \u00e0s demandas espec\u00edficas do mercado local. Esse entendimento ajuda a criar campanhas de marketing direcionadas, otimizar ofertas de produtos e aumentar a satisfa\u00e7\u00e3o do cliente. Al\u00e9m disso, a pesquisa de mercado fornece insights sobre tend\u00eancias emergentes e poss\u00edveis disrup\u00e7\u00f5es, permitindo que as empresas permane\u00e7am \u00e0 frente da curva e se adaptem \u00e0s mudan\u00e7as nas condi\u00e7\u00f5es do mercado.<\/span><\/p>\n\n\n\n<p><span style=\"font-weight: 400;\">Furthermore, market research in Munich helps businesses identify potential risks and challenges. This knowledge is crucial for developing risk mitigation strategies and ensuring long-term sustainability.<\/span><\/p>\n\n\n\n<h2 class=\"wp-block-heading\"><strong>Quando realizar pesquisas de mercado em Munique<\/strong><\/h2>\n\n\n\n<p><span style=\"font-weight: 400;\">Before entering the Munich market, businesses must conduct thorough market research to understand the local environment, identify target customers, and assess the competitive landscape. This initial <a href=\"https:\/\/www.sisinternational.com\/pt\/cobertura\/pesquisa-de-mercado-asia\/pesquisa-de-mercado-palau\/\" title=\"Pesquisa de mercado em Palau\"  data-wpil-monitor-id=\"4061\">research helps devise effective market<\/a> entry strategies and minimizes the risks of entering a new market.<\/span><\/p>\n\n\n\n<p><span style=\"font-weight: 400;\">For established businesses, ongoing market <a href=\"https:\/\/www.sisinternational.com\/pt\/solucoes\/grupos-de-foco\/participe-de-grupos-focais\/\">pesquisar<\/a> is essential to stay updated with changing market conditions, customer preferences, and emerging trends. Continuous research enables businesses to adapt strategies, optimize offerings, and maintain a competitive edge.<\/span><\/p>\n\n\n\n<p><span style=\"font-weight: 400;\">A pesquisa de mercado torna-se ainda mais cr\u00edtica durante flutua\u00e7\u00f5es econ\u00f3micas ou perturba\u00e7\u00f5es da ind\u00fastria. Compreender a din\u00e2mica do mercado pode ajudar as empresas a navegar pelas incertezas, identificar novas oportunidades e tomar decis\u00f5es informadas que garantam resili\u00eancia e crescimento.<\/span><\/p>\n\n\n\n<h2 class=\"wp-block-heading\"><strong>Resultados esperados da pesquisa de mercado da SIS em Munique<\/strong><\/h2>\n\n\n\n<p><b>Risco reduzido<\/b><span style=\"font-weight: 400;\">:&nbsp;<\/span><\/p>\n\n\n\n<p><span style=\"font-weight: 400;\">A SIS International ajuda as empresas a minimizar riscos, fornecendo informa\u00e7\u00f5es detalhadas sobre as condi\u00e7\u00f5es do mercado, o comportamento do consumidor e os desafios potenciais. Esse conhecimento permite que as empresas tomem decis\u00f5es informadas e evitem erros dispendiosos.<\/span><\/p>\n\n\n\n<p><b>Receita aumentada<\/b><span style=\"font-weight: 400;\">:&nbsp;<\/span><\/p>\n\n\n\n<p><span style=\"font-weight: 400;\">Ao compreender a din\u00e2mica do mercado local e as prefer\u00eancias dos clientes, as empresas podem otimizar as suas ofertas de produtos e estrat\u00e9gias de marketing, aumentando as vendas e as receitas.<\/span><\/p>\n\n\n\n<p><b>Poupan\u00e7a de custos<\/b><span style=\"font-weight: 400;\">:&nbsp;<\/span><\/p>\n\n\n\n<p><span style=\"font-weight: 400;\">A pesquisa de mercado eficaz do SIS ajuda as empresas a identificar maneiras eficientes de alocar recursos, agilizar opera\u00e7\u00f5es e reduzir despesas desnecess\u00e1rias.<\/span><\/p>\n\n\n\n<p><b>Economia de tempo<\/b><span style=\"font-weight: 400;\">:&nbsp;<\/span><\/p>\n\n\n\n<p><a href=\"https:\/\/twitter.com\/SISIntlResearch\" target=\"_blank\" rel=\"noopener\"><span style=\"font-weight: 400;\">SIS<\/span><\/a><span style=\"font-weight: 400;\"> os insights de mercado permitem que as empresas tomem decis\u00f5es mais r\u00e1pidas e precisas, reduzindo o tempo gasto em tentativa e erro e acelerando o crescimento.<\/span><\/p>\n\n\n\n<p><b>Crescimento Acelerado e Inova\u00e7\u00e3o<\/b><span style=\"font-weight: 400;\">:&nbsp;<\/span><\/p>\n\n\n\n<p><span style=\"font-weight: 400;\">Com o nosso profundo conhecimento do mercado, as empresas podem identificar novas oportunidades de inova\u00e7\u00e3o e crescimento, manter-se \u00e0 frente dos concorrentes e alcan\u00e7ar o sucesso a longo prazo.<\/span><\/p>\n\n\n\n<p><b>ROI aumentado<\/b><span style=\"font-weight: 400;\">:&nbsp;<\/span><\/p>\n\n\n\n<p><span style=\"font-weight: 400;\">Ao aproveitar os insights da pesquisa de mercado, as empresas podem aprimorar seu planejamento e execu\u00e7\u00e3o estrat\u00e9gicos, levando a maiores retornos sobre o investimento.<\/span><\/p>\n\n\n\n<h2 class=\"wp-block-heading\"><strong>Principais atra\u00e7\u00f5es tur\u00edsticas de Munique<\/strong><\/h2>\n\n\n\n<figure class=\"gb-block-image gb-block-image-1c5f83a7\"><img loading=\"lazy\" decoding=\"async\" width=\"1456\" height=\"816\" class=\"gb-image gb-image-1c5f83a7\" src=\"https:\/\/www.sisinternational.com\/wp-content\/uploads\/2025\/09\/Munich-3.jpg\" srcset=\"https:\/\/www.sisinternational.com\/wp-content\/uploads\/2025\/09\/Munich-3.jpg 1456w, https:\/\/www.sisinternational.com\/wp-content\/uploads\/2025\/09\/Munich-3-300x168.jpg 300w, https:\/\/www.sisinternational.com\/wp-content\/uploads\/2025\/09\/Munich-3-1024x574.jpg 1024w, https:\/\/www.sisinternational.com\/wp-content\/uploads\/2025\/09\/Munich-3-768x430.jpg 768w, https:\/\/www.sisinternational.com\/wp-content\/uploads\/2025\/09\/Munich-3-18x10.jpg 18w\" sizes=\"auto, (max-width: 1456px) 100vw, 1456px\" alt=\"Pesquisa e Estrat\u00e9gia de Mercado Internacional da SIS\"><\/figure>\n\n\n\n<p><\/p>\n\n\n\n<p><span style=\"font-weight: 400;\">Munique \u00e9 um centro de neg\u00f3cios e uma cidade rica em cultura e hist\u00f3ria, atraindo milh\u00f5es de turistas todos os anos. Aqui est\u00e3o as sete atra\u00e7\u00f5es tur\u00edsticas mais importantes de Munique:<\/span><\/p>\n\n\n\n<ul class=\"wp-block-list\">\n<li><b>Marienplatz<\/b><span style=\"font-weight: 400;\">: No cora\u00e7\u00e3o de Munique, a Marienplatz \u00e9 uma pra\u00e7a central que abriga a Nova C\u00e2mara Municipal (Neues Rathaus) e o seu famoso Glockenspiel. \u00c9 uma \u00e1rea movimentada com lojas, restaurantes e marcos hist\u00f3ricos.<\/span><\/li>\n\n\n\n<li><b>Castelo de Neuschwanstein<\/b><span style=\"font-weight: 400;\">: Embora localizado fora de Munique, este ic\u00f4nico castelo de conto de fadas \u00e9 uma visita obrigat\u00f3ria para os turistas. Constru\u00eddo pelo Rei Ludwig II, o Castelo de Neuschwanstein oferece vistas deslumbrantes e um vislumbre do passado real da Baviera.<\/span><\/li>\n\n\n\n<li><b>Jardim Ingl\u00eas (Englischer Garten)<\/b><span style=\"font-weight: 400;\">: Um dos maiores parques urbanos do mundo, o Jardim Ingl\u00eas \u00e9 um lugar perfeito para relaxamento e recrea\u00e7\u00e3o. Os visitantes podem desfrutar de trilhas para caminhada, uma cervejaria ao ar livre e at\u00e9 surfar no rio Eisbach.<\/span><\/li>\n\n\n\n<li><b>Pal\u00e1cio de Nymphenburg<\/b><span style=\"font-weight: 400;\">: Este magn\u00edfico pal\u00e1cio barroco serviu de resid\u00eancia de ver\u00e3o para a realeza b\u00e1vara. O pal\u00e1cio e seus amplos jardins oferecem uma vis\u00e3o do estilo de vida opulento da dinastia Wittelsbach.<\/span><\/li>\n\n\n\n<li><b>Museu Alem\u00e3o<\/b><span style=\"font-weight: 400;\">: Um dos maiores museus do mundo dedicado \u00e0 ci\u00eancia e tecnologia, o Deutsches Museum apresenta in\u00fameras exposi\u00e7\u00f5es, que v\u00e3o desde aeronaves hist\u00f3ricas at\u00e9 a computa\u00e7\u00e3o moderna.<\/span><\/li>\n<\/ul>\n\n\n\n<h2 class=\"wp-block-heading\">Vitalidade Econ\u00f3mica<\/h2>\n\n\n\n<p>O terceiro maior munic\u00edpio da Alemanha \u00e9 caracterizado por uma ampla estrutura econ\u00f3mica, excelentes infra-estruturas e uma paisagem cultural e recreativa diversificada.<\/p>\n\n\n\n<p>Munich is also known for its real estate market, one of Europe&#8217;s most important, alongside London, Paris, and Berlin.&nbsp;&nbsp;The main reason the Bavarian city is one of Germany&#8217;s most important business locations is the wide range of high-tech and manufacturing companies.<\/p>\n\n\n\n<p>Os principais motores da recupera\u00e7\u00e3o econ\u00f3mica s\u00e3o as tecnologias de informa\u00e7\u00e3o e comunica\u00e7\u00e3o, as ind\u00fastrias culturais e criativas, as tecnologias m\u00e9dicas e ambientais e as ind\u00fastrias intensivas em investiga\u00e7\u00e3o e conhecimento, como a ind\u00fastria das ci\u00eancias da vida.<\/p>\n\n\n\n<h2 class=\"wp-block-heading\">Mercado vibrante de servi\u00e7os financeiros<\/h2>\n\n\n\n<p>Al\u00e9m disso, Munique \u00e9 o l\u00edder da ind\u00fastria de seguros na Alemanha e o segundo l\u00edder no mercado financeiro.<\/p>\n\n\n\n<p>Os servi\u00e7os comerciais mais importantes incluem propriedade intelectual, consultoria corporativa, jur\u00eddica, tribut\u00e1ria e consultoria t\u00e9cnica.<\/p>\n\n\n\n<p>Munique, a d\u00e9cima segunda maior cidade da Uni\u00e3o Europeia, \u00e9 considerada a capital \u201cDAX\u201d da Alemanha porque muitas das sedes corporativas do pa\u00eds est\u00e3o na \u00e1rea de Munique.<\/p>\n\n\n\n<h2 class=\"wp-block-heading\">Numerosas empresas de m\u00e9dio porte<\/h2>\n\n\n\n<p>A cidade de Munique acolhe muitas pequenas e m\u00e9dias empresas, com atribui\u00e7\u00e3o de terrenos, e apoia empresas artesanais e de produ\u00e7\u00e3o, que foram fortalecidas pelo programa de propriedade comercial de Munique.<\/p>\n\n\n\n<p>Com a sua estrutura econ\u00f3mica multipolar, Munique combate as crises econ\u00f3micas com uma estabilidade sem paralelo, o que reduz a sua depend\u00eancia econ\u00f3mica de sectores individuais.<\/p>\n\n\n\n<h2 class=\"wp-block-heading\">Centro de Pesquisa e Desenvolvimento<\/h2>\n\n\n\n<p>Munique tamb\u00e9m \u00e9 conhecida como a \u201ccidade da investiga\u00e7\u00e3o da Alemanha\u201d porque tem uma concentra\u00e7\u00e3o de institui\u00e7\u00f5es de investiga\u00e7\u00e3o diferente de qualquer outro lugar na Alemanha. O renomado Instituto Max Planck, l\u00edder em Bioqu\u00edmica, emprega muitas pessoas.<\/p>\n\n\n\n<p>Duas das melhores universidades da Alemanha est\u00e3o sediadas em Munique: a Universidade Ludwig Maximilian e a Universidade T\u00e9cnica de Munique.<\/p>\n\n\n\n<h2 class=\"wp-block-heading\">Economia forte com alto custo de vida<\/h2>\n\n\n\n<p>Munique tem a economia mais forte e o maior poder de compra entre as cidades alem\u00e3s e tem boas perspectivas de crescimento futuro.<\/p>\n\n\n\n<figure class=\"gb-block-image gb-block-image-88abc3c7\"><img loading=\"lazy\" decoding=\"async\" width=\"1456\" height=\"816\" class=\"gb-image gb-image-88abc3c7\" src=\"https:\/\/www.sisinternational.com\/wp-content\/uploads\/2025\/09\/Munich-5.jpg\" srcset=\"https:\/\/www.sisinternational.com\/wp-content\/uploads\/2025\/09\/Munich-5.jpg 1456w, https:\/\/www.sisinternational.com\/wp-content\/uploads\/2025\/09\/Munich-5-300x168.jpg 300w, https:\/\/www.sisinternational.com\/wp-content\/uploads\/2025\/09\/Munich-5-1024x574.jpg 1024w, https:\/\/www.sisinternational.com\/wp-content\/uploads\/2025\/09\/Munich-5-768x430.jpg 768w, https:\/\/www.sisinternational.com\/wp-content\/uploads\/2025\/09\/Munich-5-18x10.jpg 18w\" sizes=\"auto, (max-width: 1456px) 100vw, 1456px\" alt=\"Pesquisa e Estrat\u00e9gia de Mercado Internacional da SIS\"><\/figure>\n\n\n\n<p><\/p>\n\n\n\n<p>A terceira maior cidade da Alemanha \u00e9 caracterizada por corpora\u00e7\u00f5es globais como Allianz, BMW, MAN e Siemens, todas com sede l\u00e1. A capital do estado da Baviera, Munique, tem uma rede de transportes eficaz como Frankfurt e \u00e9, portanto, muito f\u00e1cil de alcan\u00e7ar.<\/p>\n\n\n\n<p>De referir ainda que todos os anos visitantes de todo o mundo visitam Munique para conhecer pontos tur\u00edsticos ou participar em eventos. No ver\u00e3o, Munique atrai muito os turistas \u00e1rabes da regi\u00e3o do Golfo.<\/p>\n\n\n\n<p>Al\u00e9m disso, Munique \u00e9 o terceiro maior escrit\u00f3rio do mundo, depois de Londres e Paris. Gra\u00e7as ao seu potencial de crescimento e seguran\u00e7a financeira, a cidade \u00e9 estimulante para investidores e incorporadores.<\/p>\n\n\n\n<p>Pessoas jovens e qualificadas querem muitas vezes mudar-se para a Baviera, que oferece grandes oportunidades, mas tamb\u00e9m pode ser um desafio.<\/p>\n\n\n\n<h2 class=\"wp-block-heading\"><strong>Oportunidades&nbsp;<\/strong><\/h2>\n\n\n\n<p><span style=\"font-weight: 400;\">Munique apresenta in\u00fameras oportunidades para empresas em v\u00e1rios setores. Aqui est\u00e3o os principais fatores que tornam Munique um destino atraente para empreendimentos comerciais:<\/span><\/p>\n\n\n\n<ul class=\"wp-block-list\">\n<li><b>Infraestrutura Econ\u00f4mica Forte<\/b><span style=\"font-weight: 400;\">: A infra-estrutura bem desenvolvida de Munique apoia as empresas em log\u00edstica, transporte e conectividade, facilitando a opera\u00e7\u00e3o eficiente.<\/span><\/li>\n\n\n\n<li><b>For\u00e7a de trabalho qualificada<\/b><span style=\"font-weight: 400;\">: A cidade abriga in\u00fameras universidades e institui\u00e7\u00f5es de pesquisa, proporcionando um conjunto de profissionais altamente qualificados em diversas \u00e1reas.<\/span><\/li>\n\n\n\n<li><b>Inova\u00e7\u00e3o e Tecnologia<\/b><span style=\"font-weight: 400;\">: Munique \u00e9 um centro de inova\u00e7\u00e3o tecnol\u00f3gica, com forte presen\u00e7a de empresas de tecnologia e startups que promovem uma cultura de criatividade e avan\u00e7o.<\/span><\/li>\n\n\n\n<li><b>Ambiente de neg\u00f3cios favor\u00e1vel<\/b><span style=\"font-weight: 400;\">: O governo local e diversas organiza\u00e7\u00f5es oferecem apoio e incentivos \u00e0s empresas, facilitando o estabelecimento e o crescimento de opera\u00e7\u00f5es em Munique.<\/span><\/li>\n\n\n\n<li><b>Localiza\u00e7\u00e3o estrat\u00e9gica<\/b><span style=\"font-weight: 400;\">: Munique proporciona f\u00e1cil acesso a outros grandes mercados europeus, aumentando as oportunidades de neg\u00f3cios e o alcance do mercado.<\/span><\/li>\n<\/ul>\n\n\n\n<h2 class=\"wp-block-heading\"><strong>Desafios&nbsp;<\/strong><\/h2>\n\n\n\n<p><span style=\"font-weight: 400;\">Embora Munique ofere\u00e7a in\u00fameras oportunidades, as empresas podem enfrentar desafios ao realizar pesquisas de mercado nesta cidade vibrante. Compreender estes desafios \u00e9 crucial para desenvolver estrat\u00e9gias eficazes e garantir uma entrada bem sucedida no mercado.<\/span><\/p>\n\n\n\n<ul class=\"wp-block-list\">\n<li><b>Alta competi\u00e7\u00e3o<\/b><span style=\"font-weight: 400;\">: O mercado din\u00e2mico de Munique \u00e9 altamente competitivo, com in\u00fameras empresas locais e internacionais disputando participa\u00e7\u00e3o de mercado. Esta competi\u00e7\u00e3o pode dificultar que novos participantes estabele\u00e7am uma posi\u00e7\u00e3o segura e ganhem visibilidade.<\/span><\/li>\n\n\n\n<li><b>Diferen\u00e7as culturais<\/b><span style=\"font-weight: 400;\">: As empresas devem conhecer as nuances culturais e o comportamento do consumidor de Munique. Adaptar produtos, servi\u00e7os e estrat\u00e9gias de marketing para se alinharem \u00e0s prefer\u00eancias locais \u00e9 crucial para o sucesso.<\/span><\/li>\n\n\n\n<li><b>Custo das Opera\u00e7\u00f5es<\/b><span style=\"font-weight: 400;\">: Munique \u00e9 conhecida pelas suas elevadas despesas de vida e operacionais. As empresas devem planear e gerir os seus or\u00e7amentos de forma eficaz para garantir rentabilidade e sustentabilidade.<\/span><\/li>\n\n\n\n<li><b>Satura\u00e7\u00e3o de mercado<\/b><span style=\"font-weight: 400;\">: Certos setores em Munique podem estar saturados, tornando um desafio para as novas empresas encontrar uma proposta de venda \u00fanica e se destacar no mercado.<\/span><\/li>\n<\/ul>\n\n\n\n<h2 class=\"wp-block-heading\"><strong>Pesquisa de Mercado em Munique: An\u00e1lise SWOT&nbsp;<\/strong><\/h2>\n\n\n\n<p><span style=\"font-weight: 400;\">A realiza\u00e7\u00e3o de uma an\u00e1lise SWOT do mercado de Munique ajuda as empresas a compreender os pontos fortes, fracos, oportunidades e amea\u00e7as associadas \u00e0 opera\u00e7\u00e3o neste ambiente din\u00e2mico. Esta an\u00e1lise fornece uma vis\u00e3o abrangente do mercado, auxiliando na tomada de decis\u00f5es estrat\u00e9gicas.<\/span><\/p>\n\n\n\n<h3 class=\"wp-block-heading\"><span style=\"font-weight: 400;\">For\u00e7as:&nbsp;<\/span><\/h3>\n\n\n\n<p><span style=\"font-weight: 400;\">A s\u00f3lida infra-estrutura de Munique, a for\u00e7a de trabalho qualificada e a localiza\u00e7\u00e3o estrat\u00e9gica s\u00e3o pontos fortes que a tornam um mercado comercial atraente. A cultura orientada para a inova\u00e7\u00e3o e o ambiente empresarial favor\u00e1vel da cidade aumentam ainda mais o seu apelo.<\/span><\/p>\n\n\n\n<h3 class=\"wp-block-heading\"><span style=\"font-weight: 400;\">Fraquezas:&nbsp;<\/span><\/h3>\n\n\n\n<p><span style=\"font-weight: 400;\">A alta concorr\u00eancia, a complexidade regulat\u00f3ria e as diferen\u00e7as culturais representam desafios comerciais significativos. Al\u00e9m disso, o elevado custo das opera\u00e7\u00f5es em Munique pode ser uma barreira para algumas empresas.<\/span><\/p>\n\n\n\n<h3 class=\"wp-block-heading\"><span style=\"font-weight: 400;\">Oportunidades:&nbsp;<\/span><\/h3>\n\n\n\n<p><span style=\"font-weight: 400;\">O pr\u00f3spero setor de tecnologia da cidade, a robusta ind\u00fastria automotiva e o crescente mercado de ci\u00eancias biol\u00f3gicas apresentam oportunidades de neg\u00f3cios significativas. A localiza\u00e7\u00e3o estrat\u00e9gica de Munique tamb\u00e9m melhora as perspectivas de neg\u00f3cios, proporcionando acesso a mercados europeus mais amplos.<\/span><\/p>\n\n\n\n<h3 class=\"wp-block-heading\"><span style=\"font-weight: 400;\">Amea\u00e7as:&nbsp;<\/span><\/h3>\n\n\n\n<p><span style=\"font-weight: 400;\">As flutua\u00e7\u00f5es econ\u00f3micas, a satura\u00e7\u00e3o do mercado em determinados sectores e potenciais altera\u00e7\u00f5es regulamentares s\u00e3o amea\u00e7as importantes que as empresas devem considerar. Manter-se informado e adapt\u00e1vel \u00e9 crucial para mitigar estes riscos e garantir o sucesso a longo prazo.<\/span><\/p>\n\n\n\n<h2 class=\"wp-block-heading\"><strong>Como a pesquisa de mercado da SIS International em Munique ajuda as empresas<\/strong><\/h2>\n\n\n\n<p><span style=\"font-weight: 400;\">A SIS International fornece pesquisas de mercado e servi\u00e7os de consultoria projetados para ajudar as empresas a reduzir riscos, aumentar receitas, economizar dinheiro e acelerar o crescimento e a inova\u00e7\u00e3o em Munique. Nossa experi\u00eancia no mercado local nos permite fornecer insights que impulsionam a tomada de decis\u00f5es estrat\u00e9gicas e melhoram o desempenho dos neg\u00f3cios.<\/span><\/p>\n\n\n\n<p><span style=\"font-weight: 400;\">No <\/span><a href=\"https:\/\/www.linkedin.com\/company\/sisinternationalresearch\/\" target=\"_blank\" rel=\"noopener\"><span style=\"font-weight: 400;\">SIS Internacional<\/span><\/a><span style=\"font-weight: 400;\">, a pesquisa de mercado \u00e9 essencial para as empresas que pretendem ter sucesso em Munique. Nossos servi\u00e7os ajudam as empresas a compreender a din\u00e2mica do mercado local, o comportamento do consumidor e o cen\u00e1rio competitivo. Esse conhecimento permite que as empresas desenvolvam estrat\u00e9gias direcionadas que se alinhem \u00e0s condi\u00e7\u00f5es do mercado e otimizem suas opera\u00e7\u00f5es para obter melhores resultados.<\/span><\/p>\n\n\n\n<h2 class=\"wp-block-heading\">Localiza\u00e7\u00e3o de nossas instala\u00e7\u00f5es em Nova York<\/h2>\n\n\n\n<p>\n\n\n\n<iframe loading=\"lazy\" src=\"https:\/\/www.google.com\/maps\/embed?pb=!1m18!1m12!1m3!1d3022.976188376966!2d-73.99130312499956!3d40.740549471389315!2m3!1f0!2f0!3f0!3m2!1i1024!2i768!4f13.1!3m3!1m2!1s0x89c259a15798c731%3A0xd695d09bdd495f25!2s11%20E%2022nd%20St%20FL%202%2C%20New%20York%2C%20NY%2010010%2C%20USA!5e0!3m2!1sen!2spe!4v1726171763526!5m2!1sen!2spe\" width=\"600\" height=\"450\" allowfullscreen=\"allowfullscreen\" data-mce-fragment=\"1\"><\/iframe>\n\n\n\n<\/p>\n\n\n\n<h3 class=\"wp-block-heading\">11 E 22nd Street, 2\u00ba andar, Nova York, NY 10010 T: +1(212) 505-6805<\/h3>\n\n\n\n<hr class=\"wp-block-separator has-alpha-channel-opacity\"\/>\n\n\n\n<h2 class=\"wp-block-heading\"><strong>Sobre SIS Internacional<\/strong><\/h2>\n\n\n\n<p><a href=\"https:\/\/www.sisinternational.com\/pt\/\"><span style=\"font-weight: 400;\">SIS Internacional<\/span><\/a><span style=\"font-weight: 400;\"> oferece pesquisa quantitativa, qualitativa e estrat\u00e9gica. Fornecemos dados, ferramentas, estrat\u00e9gias, relat\u00f3rios e insights para a tomada de decis\u00f5es. Tamb\u00e9m realizamos entrevistas, pesquisas, grupos focais e outros m\u00e9todos e abordagens de Pesquisa de Mercado.<\/span><a href=\"https:\/\/www.sisinternational.com\/pt\/sobre-a-sis-international-research\/contact-sis-international-market-research\/\"><span style=\"font-weight: 400;\"> Entre em contato conosco<\/span><\/a><span style=\"font-weight: 400;\"> para o seu pr\u00f3ximo projeto de pesquisa de mercado.<\/span><\/p>\n\n\n\n<p><\/p>","protected":false},"excerpt":{"rendered":"<p>Economicamente falando, a capital do estado da Baviera \u00e9 uma das regi\u00f5es mais vibrantes da Alemanha, uma das maiores economias do mundo.<\/p>","protected":false},"author":1,"featured_media":66186,"parent":14510,"menu_order":28,"comment_status":"closed","ping_status":"closed","template":"","meta":{"footnotes":""},"class_list":["post-28227","page","type-page","status-publish","has-post-thumbnail"],"_links":{"self":[{"href":"https:\/\/www.sisinternational.com\/pt\/wp-json\/wp\/v2\/pages\/28227","targetHints":{"allow":["GET"]}}],"collection":[{"href":"https:\/\/www.sisinternational.com\/pt\/wp-json\/wp\/v2\/pages"}],"about":[{"href":"https:\/\/www.sisinternational.com\/pt\/wp-json\/wp\/v2\/types\/page"}],"author":[{"embeddable":true,"href":"https:\/\/www.sisinternational.com\/pt\/wp-json\/wp\/v2\/users\/1"}],"replies":[{"embeddable":true,"href":"https:\/\/www.sisinternational.com\/pt\/wp-json\/wp\/v2\/comments?post=28227"}],"version-history":[{"count":7,"href":"https:\/\/www.sisinternational.com\/pt\/wp-json\/wp\/v2\/pages\/28227\/revisions"}],"predecessor-version":[{"id":78188,"href":"https:\/\/www.sisinternational.com\/pt\/wp-json\/wp\/v2\/pages\/28227\/revisions\/78188"}],"up":[{"embeddable":true,"href":"https:\/\/www.sisinternational.com\/pt\/wp-json\/wp\/v2\/pages\/14510"}],"wp:featuredmedia":[{"embeddable":true,"href":"https:\/\/www.sisinternational.com\/pt\/wp-json\/wp\/v2\/media\/66186"}],"wp:attachment":[{"href":"https:\/\/www.sisinternational.com\/pt\/wp-json\/wp\/v2\/media?parent=28227"}],"curies":[{"name":"wp","href":"https:\/\/api.w.org\/{rel}","templated":true}]}}