{"id":27891,"date":"2018-09-12T18:18:12","date_gmt":"2018-09-12T18:18:12","guid":{"rendered":"https:\/\/www.sisinternational.com\/?page_id=27891"},"modified":"2025-09-11T23:56:17","modified_gmt":"2025-09-12T03:56:17","slug":"traducao-e-transcricao","status":"publish","type":"page","link":"https:\/\/www.sisinternational.com\/pt\/solucoes\/traducao-e-transcricao\/","title":{"rendered":"Servi\u00e7os de tradu\u00e7\u00e3o e transcri\u00e7\u00e3o"},"content":{"rendered":"<h1 class=\"wp-block-heading\">Servi\u00e7os de tradu\u00e7\u00e3o e transcri\u00e7\u00e3o<\/h1>\n\n\n\n<figure class=\"gb-block-image gb-block-image-f136b8a1\"><img loading=\"lazy\" decoding=\"async\" width=\"1456\" height=\"816\" class=\"gb-image gb-image-f136b8a1\" src=\"https:\/\/www.sisinternational.com\/wp-content\/uploads\/2025\/08\/Focus-group-meeting-3.jpg\" alt=\"Pesquisa e Estrat\u00e9gia de Mercado Internacional da SIS\" title=\"Focus group &amp; meeting (3)\" srcset=\"https:\/\/www.sisinternational.com\/wp-content\/uploads\/2025\/08\/Focus-group-meeting-3.jpg 1456w, https:\/\/www.sisinternational.com\/wp-content\/uploads\/2025\/08\/Focus-group-meeting-3-300x168.jpg 300w, https:\/\/www.sisinternational.com\/wp-content\/uploads\/2025\/08\/Focus-group-meeting-3-1024x574.jpg 1024w, https:\/\/www.sisinternational.com\/wp-content\/uploads\/2025\/08\/Focus-group-meeting-3-768x430.jpg 768w, https:\/\/www.sisinternational.com\/wp-content\/uploads\/2025\/08\/Focus-group-meeting-3-18x10.jpg 18w\" sizes=\"auto, (max-width: 1456px) 100vw, 1456px\"><\/figure>\n\n\n\n<h2 class=\"wp-block-heading\">&nbsp;<\/h2>\n\n\n\n<p><\/p>\n\n\n\n<h2 class=\"wp-block-heading\">&nbsp;Solu\u00e7\u00f5es<\/h2>\n\n\n\n<hr class=\"wp-block-separator has-alpha-channel-opacity is-style-dots\"\/>\n\n\n\n<!-- Page-list plugin v.5.9 wordpress.org\/plugins\/page-list\/ -->\n<div class=\"page-list page-list-ext page-list-cols-2\">\n<div class=\"page-list-ext-item\"><div class=\"page-list-ext-image\"><a href=\"https:\/\/www.sisinternational.com\/pt\/solucoes\/traducao-e-transcricao\/servicos-de-traducao-e-transcricao-de-alemao\/\" title=\"Servi\u00e7os de tradu\u00e7\u00e3o e transcri\u00e7\u00e3o em alem\u00e3o\"><img decoding=\"async\" src=\"https:\/\/www.sisinternational.com\/wp-content\/uploads\/2025\/09\/Germany-4-1-150x150.jpg\" width=\"150\" alt=\"Servi\u00e7os de tradu\u00e7\u00e3o e transcri\u00e7\u00e3o em alem\u00e3o\" \/><\/a><\/div> <h3 class=\"page-list-ext-title\"><a href=\"https:\/\/www.sisinternational.com\/pt\/solucoes\/traducao-e-transcricao\/servicos-de-traducao-e-transcricao-de-alemao\/\" title=\"Servi\u00e7os de tradu\u00e7\u00e3o e transcri\u00e7\u00e3o em alem\u00e3o\">Servi\u00e7os de tradu\u00e7\u00e3o e transcri\u00e7\u00e3o em alem\u00e3o<\/a><\/h3><div class=\"page-list-ext-item-content\">A SIS International fornece servi\u00e7os de tradu\u00e7\u00e3o e transcri\u00e7\u00e3o em alem\u00e3o para diversos setores e clientes.<\/div><\/div>\n<div class=\"page-list-ext-item\"><div class=\"page-list-ext-image\"><a href=\"https:\/\/www.sisinternational.com\/pt\/solucoes\/traducao-e-transcricao\/servicos-de-traducao-e-transcricao-de-espanhol\/\" title=\"Tradu\u00e7\u00e3o e Transcri\u00e7\u00e3o em Espanhol\"><img decoding=\"async\" src=\"https:\/\/www.sisinternational.com\/wp-content\/uploads\/2025\/09\/Spain-3-150x150.jpg\" width=\"150\" alt=\"Tradu\u00e7\u00e3o e Transcri\u00e7\u00e3o em Espanhol\" \/><\/a><\/div> <h3 class=\"page-list-ext-title\"><a href=\"https:\/\/www.sisinternational.com\/pt\/solucoes\/traducao-e-transcricao\/servicos-de-traducao-e-transcricao-de-espanhol\/\" title=\"Tradu\u00e7\u00e3o e Transcri\u00e7\u00e3o em Espanhol\">Tradu\u00e7\u00e3o e Transcri\u00e7\u00e3o em Espanhol<\/a><\/h3><div class=\"page-list-ext-item-content\">A SIS International Research fornece servi\u00e7os de tradu\u00e7\u00e3o e transcri\u00e7\u00e3o de espanhol precisos, \u00e1geis e r\u00e1pidos. Saiba mais sobre Tradu\u00e7\u00e3o para Espanhol.<\/div><\/div>\n<div class=\"page-list-ext-item\"><div class=\"page-list-ext-image\"><a href=\"https:\/\/www.sisinternational.com\/pt\/solucoes\/traducao-e-transcricao\/traducao-e-transcricao-de-mandarim-chines\/\" title=\"Tradu\u00e7\u00e3o e transcri\u00e7\u00e3o de mandarim chin\u00eas\"><img decoding=\"async\" src=\"https:\/\/www.sisinternational.com\/wp-content\/uploads\/2025\/09\/Market-Entry-Consulting-in-China-4-150x150.jpg\" width=\"150\" alt=\"Tradu\u00e7\u00e3o e transcri\u00e7\u00e3o de mandarim chin\u00eas\" \/><\/a><\/div> <h3 class=\"page-list-ext-title\"><a href=\"https:\/\/www.sisinternational.com\/pt\/solucoes\/traducao-e-transcricao\/traducao-e-transcricao-de-mandarim-chines\/\" title=\"Tradu\u00e7\u00e3o e transcri\u00e7\u00e3o de mandarim chin\u00eas\">Tradu\u00e7\u00e3o e transcri\u00e7\u00e3o de mandarim chin\u00eas<\/a><\/h3><div class=\"page-list-ext-item-content\">O chin\u00eas mandarim \u00e9 a l\u00edngua mais falada em todo o mundo. Saiba mais sobre os servi\u00e7os de tradu\u00e7\u00e3o e transcri\u00e7\u00e3o de mandarim chin\u00eas do SIS.<\/div><\/div>\n<div class=\"page-list-ext-item\"><div class=\"page-list-ext-image\"><a href=\"https:\/\/www.sisinternational.com\/pt\/solucoes\/traducao-e-transcricao\/transcricao-de-pesquisa-de-mercado\/\" title=\"Transcri\u00e7\u00e3o de pesquisa de mercado\"><img decoding=\"async\" src=\"https:\/\/www.sisinternational.com\/wp-content\/uploads\/2025\/09\/Quantitative-research-16-150x150.jpg\" width=\"150\" alt=\"Transcri\u00e7\u00e3o de pesquisa de mercado\" \/><\/a><\/div> <h3 class=\"page-list-ext-title\"><a href=\"https:\/\/www.sisinternational.com\/pt\/solucoes\/traducao-e-transcricao\/transcricao-de-pesquisa-de-mercado\/\" title=\"Transcri\u00e7\u00e3o de pesquisa de mercado\">Transcri\u00e7\u00e3o de pesquisa de mercado<\/a><\/h3><div class=\"page-list-ext-item-content\">Fornecemos transcri\u00e7\u00e3o de pesquisa de mercado econ\u00f4mica e de alta qualidade.<\/div><\/div>\n\n<\/div>\n\n\n\n<p><\/p>","protected":false},"excerpt":{"rendered":"<p>Fornecemos servi\u00e7os de tradu\u00e7\u00e3o e transcri\u00e7\u00e3o para empresas. Saiba mais sobre nossas solu\u00e7\u00f5es lingu\u00edsticas.<\/p>","protected":false},"author":1,"featured_media":62665,"parent":14457,"menu_order":19,"comment_status":"closed","ping_status":"closed","template":"","meta":{"footnotes":""},"class_list":["post-27891","page","type-page","status-publish","has-post-thumbnail"],"_links":{"self":[{"href":"https:\/\/www.sisinternational.com\/pt\/wp-json\/wp\/v2\/pages\/27891","targetHints":{"allow":["GET"]}}],"collection":[{"href":"https:\/\/www.sisinternational.com\/pt\/wp-json\/wp\/v2\/pages"}],"about":[{"href":"https:\/\/www.sisinternational.com\/pt\/wp-json\/wp\/v2\/types\/page"}],"author":[{"embeddable":true,"href":"https:\/\/www.sisinternational.com\/pt\/wp-json\/wp\/v2\/users\/1"}],"replies":[{"embeddable":true,"href":"https:\/\/www.sisinternational.com\/pt\/wp-json\/wp\/v2\/comments?post=27891"}],"version-history":[{"count":4,"href":"https:\/\/www.sisinternational.com\/pt\/wp-json\/wp\/v2\/pages\/27891\/revisions"}],"predecessor-version":[{"id":67949,"href":"https:\/\/www.sisinternational.com\/pt\/wp-json\/wp\/v2\/pages\/27891\/revisions\/67949"}],"up":[{"embeddable":true,"href":"https:\/\/www.sisinternational.com\/pt\/wp-json\/wp\/v2\/pages\/14457"}],"wp:featuredmedia":[{"embeddable":true,"href":"https:\/\/www.sisinternational.com\/pt\/wp-json\/wp\/v2\/media\/62665"}],"wp:attachment":[{"href":"https:\/\/www.sisinternational.com\/pt\/wp-json\/wp\/v2\/media?parent=27891"}],"curies":[{"name":"wp","href":"https:\/\/api.w.org\/{rel}","templated":true}]}}