{"id":27866,"date":"2018-09-11T05:08:35","date_gmt":"2018-09-11T05:08:35","guid":{"rendered":"https:\/\/www.sisinternational.com\/?page_id=27866"},"modified":"2025-09-03T18:51:14","modified_gmt":"2025-09-03T22:51:14","slug":"traducao-e-transcricao-de-mandarim-chines","status":"publish","type":"page","link":"https:\/\/www.sisinternational.com\/pt\/solucoes\/traducao-e-transcricao\/traducao-e-transcricao-de-mandarim-chines\/","title":{"rendered":"Tradu\u00e7\u00e3o e transcri\u00e7\u00e3o de mandarim chin\u00eas"},"content":{"rendered":"<h1 class=\"wp-block-heading p1\"><span class=\"s1\">Tradu\u00e7\u00e3o e transcri\u00e7\u00e3o de mandarim chin\u00eas<\/span><\/h1>\n\n\n\n<figure class=\"gb-block-image gb-block-image-702ace61\"><img loading=\"lazy\" decoding=\"async\" width=\"1456\" height=\"816\" class=\"gb-image gb-image-702ace61\" src=\"https:\/\/www.sisinternational.com\/wp-content\/uploads\/2025\/09\/Market-Entry-Consulting-in-China-4.jpg\" alt=\"Pesquisa e Estrat\u00e9gia de Mercado Internacional da SIS\" title=\"Market Entry Consulting in China (4)\" srcset=\"https:\/\/www.sisinternational.com\/wp-content\/uploads\/2025\/09\/Market-Entry-Consulting-in-China-4.jpg 1456w, https:\/\/www.sisinternational.com\/wp-content\/uploads\/2025\/09\/Market-Entry-Consulting-in-China-4-300x168.jpg 300w, https:\/\/www.sisinternational.com\/wp-content\/uploads\/2025\/09\/Market-Entry-Consulting-in-China-4-1024x574.jpg 1024w, https:\/\/www.sisinternational.com\/wp-content\/uploads\/2025\/09\/Market-Entry-Consulting-in-China-4-768x430.jpg 768w, https:\/\/www.sisinternational.com\/wp-content\/uploads\/2025\/09\/Market-Entry-Consulting-in-China-4-18x10.jpg 18w\" sizes=\"auto, (max-width: 1456px) 100vw, 1456px\"><\/figure>\n\n\n\n<p><\/p>\n\n\n\n<hr class=\"wp-block-separator has-alpha-channel-opacity is-style-dots\"\/>\n\n\n\n<p class=\"p2\"><span class=\"s1\">Cerca de 16% da popula\u00e7\u00e3o global fala chin\u00eas como primeira l\u00edngua. Esse n\u00famero compreende quase 1,2 bilh\u00e3o de pessoas. Quase um bilh\u00e3o de pessoas falam mandarim, a variante mais comum. O chin\u00eas padr\u00e3o \u00e9 o dialeto mandarim de Pequim. \u00c9 a l\u00edngua oficial da China. As Na\u00e7\u00f5es Unidas a reconhecem como l\u00edngua oficial. O chin\u00eas padr\u00e3o goza de status de l\u00edngua oficial em Taiwan, Cingapura, Hong Kong e Macau.<\/span><\/p>\n\n\n\n<h2 class=\"wp-block-heading p3\"><span class=\"s1\">Import\u00e2ncia Econ\u00f4mica da China que Fala Mandarim<\/span><\/h2>\n\n\n\n<p class=\"p4\"><span class=\"s1\">A China tem agora o crescimento mais r\u00e1pido de qualquer uma das principais economias do mundo. \u00c9 a segunda maior economia do mundo. \u201cMade in China\u201d \u00e9 um fato da vida. A China tornou-se a f\u00e1brica do mundo e est\u00e1 subindo na cadeia alimentar tecnol\u00f3gica. Saber chin\u00eas pode dar aos candidatos uma vantagem na entrevista para um cargo. Existem grandes comunidades chinesas em todo o mundo. Compreender o idioma pode proporcionar \u00e0s empresas uma vantagem competitiva.<\/span><\/p>\n\n\n\n<p class=\"p2\"><span class=\"s1\">The Chinese business segment encompasses everything. China produces engineers, IT specialists, pharmaceuticals, technology, automobiles, and consumer goods. The Chinese business segment is a goliath in the international world of business. Being able to communicate with the major players in the Chinese language is crucial. It can help establish a company as a leader in any field. China is a role-player that will continue to strengthen and expand. Fluency in Mandarin is an essential component for the future <a href=\"https:\/\/www.sisinternational.com\/pt\/predictive-analytics\/\" title=\"Predictive Analytics: Your Crystal Ball for Business Success\"  data-wpil-monitor-id=\"6154\">success of any business<\/a>.<\/span><\/p>\n\n\n\n<h2 class=\"wp-block-heading p3\"><span class=\"s1\">O que \u00e9 transcri\u00e7\u00e3o?<\/span><\/h2>\n\n\n\n<p class=\"p4\"><span class=\"s1\">Knowledge of Mandarin is the best practice. However, <a href=\"https:\/\/www.sisinternational.com\/pt\/solucoes\/traducao-e-transcricao\/servicos-de-traducao-e-transcricao-de-alemao\/\" title=\"Servi\u00e7os de tradu\u00e7\u00e3o e transcri\u00e7\u00e3o em alem\u00e3o\"  data-wpil-monitor-id=\"6151\">transcription and translation services<\/a> are a viable alternative. Transcription is the conversion of spoken words into writing. Here at SIS Research, we can take your Chinese audio file and transcribe it into words in a document. We also do direct translation. In this scenario, we transcribe the words from your audio file into English.<\/span><\/p>\n\n\n\n<p class=\"p2\"><span class=\"s1\">So what\u2019s the difference between <a href=\"https:\/\/www.sisinternational.com\/pt\/solucoes\/traducao-e-transcricao\/servicos-de-traducao-e-transcricao-de-espanhol\/\" title=\"Tradu\u00e7\u00e3o e Transcri\u00e7\u00e3o em Espanhol\"  data-wpil-monitor-id=\"6155\">transcription and translation<\/a>? Transcriptionists make a written file from spoken words. Translators convert those words into another language. For example, we offer transcription services. We take your Chinese speeches, interviews, and other audio files, and write each word in a document. However, our Mandarin to English transcription is, in essence, a translation service. With this type of transcription, we convert the spoken words into another language.<\/span><\/p>\n\n\n\n<h2 class=\"wp-block-heading p3\"><span class=\"s1\">Transcri\u00e7\u00e3o de mandarim para mandarim<\/span><\/h2>\n\n\n\n<p class=\"p2\"><span class=\"s1\">Documentation of meetings is becoming an essential feature of international commerce. Accuracy and speech to text quality are crucial to business service users. Our transcription team helps organizations from small-scale enterprises to top-tier multinationals. We offer <a href=\"https:\/\/www.sisinternational.com\/pt\/solucoes\/pesquisa-de-consultoria-em-estrategia-fintech\/pesquisa-de-mercado-da-industria-de-servicos-financeiros\/\" title=\"Pesquisa de mercado da ind\u00fastria de servi\u00e7os financeiros\"  data-wpil-monitor-id=\"6152\">services across a wide range of industries<\/a>. These <a href=\"https:\/\/www.sisinternational.com\/pt\/solucoes\/pesquisa-de-mercado-de-ia-e-consultoria-estrategica\/consultoria-de-inteligencia-artificial-de-automacao-da-industria-de-tecnologia\/\" title=\"Consultoria em Automa\u00e7\u00e3o da Ind\u00fastria de Tecnologia e Intelig\u00eancia Artificial\"  data-wpil-monitor-id=\"6153\">industries include technology<\/a>, fund management, education, consultancy, and investment holdings.<\/span><\/p>\n\n\n\n<h2 class=\"wp-block-heading p3\"><span class=\"s1\">Transcri\u00e7\u00e3o de mandarim para ingl\u00eas<\/span><\/h2>\n\n\n\n<figure class=\"gb-block-image gb-block-image-0af61bb9\"><img loading=\"lazy\" decoding=\"async\" width=\"1456\" height=\"816\" class=\"gb-image gb-image-0af61bb9\" src=\"https:\/\/www.sisinternational.com\/wp-content\/uploads\/2025\/09\/Market-Entry-Consulting-in-China-2.jpg\" alt=\"Pesquisa e Estrat\u00e9gia de Mercado Internacional da SIS\" title=\"Market Entry Consulting in China (2)\" srcset=\"https:\/\/www.sisinternational.com\/wp-content\/uploads\/2025\/09\/Market-Entry-Consulting-in-China-2.jpg 1456w, https:\/\/www.sisinternational.com\/wp-content\/uploads\/2025\/09\/Market-Entry-Consulting-in-China-2-300x168.jpg 300w, https:\/\/www.sisinternational.com\/wp-content\/uploads\/2025\/09\/Market-Entry-Consulting-in-China-2-1024x574.jpg 1024w, https:\/\/www.sisinternational.com\/wp-content\/uploads\/2025\/09\/Market-Entry-Consulting-in-China-2-768x430.jpg 768w, https:\/\/www.sisinternational.com\/wp-content\/uploads\/2025\/09\/Market-Entry-Consulting-in-China-2-18x10.jpg 18w\" sizes=\"auto, (max-width: 1456px) 100vw, 1456px\"><\/figure>\n\n\n\n<p><\/p>\n\n\n\n<p class=\"p4\"><span class=\"s1\">Desde o s\u00e9culo XVII, os linguistas t\u00eam lutado com a l\u00edngua mandarim. Eles fizeram mais de duas d\u00fazias de esfor\u00e7os para criar paralelos com as l\u00ednguas ocidentais. Esta tarefa \u00e9 trabalhosa porque os chineses utilizam s\u00edmbolos para representar palavras. Eles n\u00e3o usam letras como os ocidentais. O chin\u00eas \u00e9 uma l\u00edngua complicada. No entanto, utilizamos transcritores fluentes em ambos os idiomas. Esta pr\u00e1tica garante a precis\u00e3o da sua tradu\u00e7\u00e3o.<\/span><\/p>\n\n\n\n<p class=\"p2\"><span class=\"s1\">N\u00f3s nos envolvemos na transcri\u00e7\u00e3o geral. As habilidades essenciais para a transcri\u00e7\u00e3o geral s\u00e3o a compreens\u00e3o verbal e escrita. Garantimos que nossos transcritores sejam inteligentes, bons ouvintes, respons\u00e1veis e informados. Eles t\u00eam excelentes habilidades de ortografia e gram\u00e1tica. A procura por esta categoria tem vindo a crescer. Este aumento ocorreu \u00e0 medida que as empresas se globalizavam a um ritmo sem precedentes.<\/span><\/p>\n\n\n\n<h2 class=\"wp-block-heading p3\"><span class=\"s1\">Import\u00e2ncia das nuances culturais na transcri\u00e7\u00e3o e tradu\u00e7\u00e3o<\/span><\/h2>\n\n\n\n<p class=\"p4\"><span class=\"s1\">A transcri\u00e7\u00e3o envolve muito mais do que a troca de palavras de um idioma para outro. Existem transcri\u00e7\u00f5es de computador, mas nenhum software pode levar em considera\u00e7\u00e3o as nuances culturais. Os linguistas frequentemente enfrentam express\u00f5es idiom\u00e1ticas, coloquialismos e coisas do g\u00eanero. O transcritor deve ser fluente em ambos os idiomas para evitar gafe cultural. Na SIS Research resolvemos esse problema para voc\u00ea. <\/span><\/p>\n\n\n\n<p class=\"p4\"><span class=\"s1\"><a href=\"https:\/\/www.sisinternational.com\/pt\/solucoes\/traducao-e-transcricao\/\" title=\"Servi\u00e7os de tradu\u00e7\u00e3o e transcri\u00e7\u00e3o\"  data-wpil-monitor-id=\"6156\">Transcription is a hybrid of translation<\/a> and interpretation. Our linguists have all the skills required for accurate transcription. They are familiar with various Mandarin accents. They also have excellent listening comprehension skills. We ensure that they pay keen attention to detail. They must also have a strong command of colloquialism in both languages. Your business dealings are too sensitive to take chances with transcription and translation. Let SIS Research handle these aspects of your commerce. You can then focus on doing what it takes to make your business successful. <span class=\"Apple-converted-space\">&nbsp;<\/span><\/span><\/p>\n\n\n\n<h2 class=\"wp-block-heading\">Localiza\u00e7\u00e3o de nossas instala\u00e7\u00f5es em Nova York<\/h2>\n\n\n\n<p>\n\n\n\n<iframe loading=\"lazy\" src=\"https:\/\/www.google.com\/maps\/embed?pb=!1m18!1m12!1m3!1d3022.976188376966!2d-73.99130312499956!3d40.740549471389315!2m3!1f0!2f0!3f0!3m2!1i1024!2i768!4f13.1!3m3!1m2!1s0x89c259a15798c731%3A0xd695d09bdd495f25!2s11%20E%2022nd%20St%20FL%202%2C%20New%20York%2C%20NY%2010010%2C%20USA!5e0!3m2!1sen!2spe!4v1726171763526!5m2!1sen!2spe\" width=\"600\" height=\"450\" allowfullscreen=\"allowfullscreen\" data-mce-fragment=\"1\"><\/iframe>\n\n\n\n<\/p>\n\n\n\n<h3 class=\"wp-block-heading\">11 E 22nd Street, 2\u00ba andar, Nova York, NY 10010 T: +1(212) 505-6805<\/h3>\n\n\n\n<hr class=\"wp-block-separator has-alpha-channel-opacity\"\/>\n\n\n\n<h2 class=\"wp-block-heading\"><span style=\"font-weight: 400;\">Sobre SIS Internacional<\/span><\/h2>\n\n\n\n<p><a href=\"https:\/\/www.sisinternational.com\/pt\/\"><span style=\"font-weight: 400;\">SIS Internacional<\/span><\/a><span style=\"font-weight: 400;\"> offers Quantitative, Qualitative, and Strategy Research. We provide data, tools, strategies, reports, and insights for decision-making. We also conduct interviews, surveys, focus groups, and other <a href=\"https:\/\/www.sisinternational.com\/pt\/quantitative-market-research-methods-and-techniques\/\" title=\"Quantitative Market Research Methods and Techniques\"  data-wpil-monitor-id=\"6150\">Market Research methods<\/a> and approaches.<\/span><a href=\"https:\/\/www.sisinternational.com\/pt\/sobre-a-sis-international-research\/contact-sis-international-market-research\/\"><span style=\"font-weight: 400;\"> Entre em contato conosco<\/span><\/a><span style=\"font-weight: 400;\"> para o seu pr\u00f3ximo projeto de pesquisa de mercado.<\/span><\/p>\n\n\n\n<p>&nbsp;<\/p>","protected":false},"excerpt":{"rendered":"<p>O chin\u00eas mandarim \u00e9 a l\u00edngua mais falada em todo o mundo. Saiba mais sobre os servi\u00e7os de tradu\u00e7\u00e3o e transcri\u00e7\u00e3o de mandarim chin\u00eas do SIS.<\/p>","protected":false},"author":1,"featured_media":65710,"parent":27891,"menu_order":2,"comment_status":"closed","ping_status":"closed","template":"","meta":{"footnotes":""},"class_list":["post-27866","page","type-page","status-publish","has-post-thumbnail"],"_links":{"self":[{"href":"https:\/\/www.sisinternational.com\/pt\/wp-json\/wp\/v2\/pages\/27866","targetHints":{"allow":["GET"]}}],"collection":[{"href":"https:\/\/www.sisinternational.com\/pt\/wp-json\/wp\/v2\/pages"}],"about":[{"href":"https:\/\/www.sisinternational.com\/pt\/wp-json\/wp\/v2\/types\/page"}],"author":[{"embeddable":true,"href":"https:\/\/www.sisinternational.com\/pt\/wp-json\/wp\/v2\/users\/1"}],"replies":[{"embeddable":true,"href":"https:\/\/www.sisinternational.com\/pt\/wp-json\/wp\/v2\/comments?post=27866"}],"version-history":[{"count":5,"href":"https:\/\/www.sisinternational.com\/pt\/wp-json\/wp\/v2\/pages\/27866\/revisions"}],"predecessor-version":[{"id":79754,"href":"https:\/\/www.sisinternational.com\/pt\/wp-json\/wp\/v2\/pages\/27866\/revisions\/79754"}],"up":[{"embeddable":true,"href":"https:\/\/www.sisinternational.com\/pt\/wp-json\/wp\/v2\/pages\/27891"}],"wp:featuredmedia":[{"embeddable":true,"href":"https:\/\/www.sisinternational.com\/pt\/wp-json\/wp\/v2\/media\/65710"}],"wp:attachment":[{"href":"https:\/\/www.sisinternational.com\/pt\/wp-json\/wp\/v2\/media?parent=27866"}],"curies":[{"name":"wp","href":"https:\/\/api.w.org\/{rel}","templated":true}]}}