{"id":27856,"date":"2018-09-11T03:42:51","date_gmt":"2018-09-11T03:42:51","guid":{"rendered":"https:\/\/www.sisinternational.com\/?page_id=27856"},"modified":"2026-03-22T03:04:10","modified_gmt":"2026-03-22T07:04:10","slug":"sistemas-de-gerenciamento-de-aprendizagem-pesquisa-de-mercado-lms","status":"publish","type":"page","link":"https:\/\/www.sisinternational.com\/pt\/education-market-research\/sistemas-de-gerenciamento-de-aprendizagem-pesquisa-de-mercado-lms\/","title":{"rendered":"Pesquisa de mercado de sistemas de gerenciamento de aprendizagem (LMS)"},"content":{"rendered":"<h1 class=\"wp-block-heading p1\"><span class=\"s1\">Pesquisa de mercado de sistemas de gerenciamento de aprendizagem (LMS)<\/span><\/h1>\n\n\n\n<figure class=\"gb-block-image gb-block-image-9cca2400\"><img loading=\"lazy\" decoding=\"async\" width=\"1456\" height=\"816\" class=\"gb-image gb-image-9cca2400\" src=\"https:\/\/www.sisinternational.com\/wp-content\/uploads\/2025\/08\/Deep-learning-machine-learning-27.jpg\" srcset=\"https:\/\/www.sisinternational.com\/wp-content\/uploads\/2025\/08\/Deep-learning-machine-learning-27.jpg 1456w, https:\/\/www.sisinternational.com\/wp-content\/uploads\/2025\/08\/Deep-learning-machine-learning-27-300x168.jpg 300w, https:\/\/www.sisinternational.com\/wp-content\/uploads\/2025\/08\/Deep-learning-machine-learning-27-1024x574.jpg 1024w, https:\/\/www.sisinternational.com\/wp-content\/uploads\/2025\/08\/Deep-learning-machine-learning-27-768x430.jpg 768w, https:\/\/www.sisinternational.com\/wp-content\/uploads\/2025\/08\/Deep-learning-machine-learning-27-18x10.jpg 18w\" sizes=\"auto, (max-width: 1456px) 100vw, 1456px\" alt=\"Pesquisa e Estrat\u00e9gia de Mercado Internacional da SIS\"><\/figure>\n\n\n\n<p><\/p>\n\n\n\n<p class=\"p2\"><span class=\"s2\">This era is exciting because everything is evolving. Almost all manual jobs are now fast-becoming computerized. One such task is classroom teaching. Educators no longer have to lecture school groups, or company employees face to face. The days of classroom discussions and handing out course materials are over. What is changing? People are teaching and learning via computer <a href=\"https:\/\/www.sisinternational.com\/pt\/solucoes\/pesquisa-de-consultoria-em-estrategia-fintech\/consultoria-em-pesquisa-de-mercado-em-gerenciamento-de-programa-fintech\/\" title=\"Pesquisa e consultoria de mercado em gerenciamento de programas FinTech\"  data-wpil-monitor-id=\"11082\">programs or LMS-Learning Management<\/a> Systems.<\/span><\/p>\n\n\n\n<h2 class=\"wp-block-heading p3\"><span class=\"s2\">O que \u00e9 um LMS?<\/span><\/h2>\n\n\n\n<p class=\"p2\"><span class=\"s2\">LMS are computer software programs. Users can develop training programs and eLearning courses via the Internet for students. &nbsp;Using LMS can be very beneficial to both educators and students. They can choose from many different available applications based on specific requirements. Students learn at their own pace, with monitoring from trainers. Some well known LMS include Tutor, Moodle, and Google Classroom. Blackboard Learning System, eCollege, and WebCT are a few others.<\/span><\/p>\n\n\n\n<h2 class=\"wp-block-heading p3\"><span class=\"s2\">Quem usa? Por que?<\/span><\/h2>\n\n\n\n<p class=\"p2\"><span class=\"s2\">Qualquer pessoa que ministra treinamentos ou aulas pode usar o LMS. Tem muitas vantagens sobre a antiga forma de ensino\/aprendizagem. Os principais usu\u00e1rios s\u00e3o faculdades e universidades. As corpora\u00e7\u00f5es empresariais tamb\u00e9m usam LMS. Eles s\u00e3o valiosos para o treinamento de funcion\u00e1rios. Eles equipam os funcion\u00e1rios com as ferramentas necess\u00e1rias para desempenharem suas capacidades profissionais. LMS \u00e9 a escolha pr\u00e1tica de muitos por ser o mais atual e atualizado. Na era do aprendizado da inform\u00e1tica, \u00e9 prov\u00e1vel que os alunos compreendam os procedimentos do LMS rapidamente.<\/span><\/p>\n\n\n\n<h2 class=\"wp-block-heading p3\"><span class=\"s2\">Como funciona<\/span><\/h2>\n\n\n\n<p class=\"p2\"><span class=\"s2\">Generally, LMS allows users to design and manage courses.&nbsp; Professors and teachers can also upload pre-existing courses. Education institutions can distribute coursework and content rapidly to students and professors.&nbsp; Administration staff and teachers can give different levels of access to different people.&nbsp; Once enrollment is complete students have access to course content. Students can also access all other data regarding the completion of the program including the syllabus, teacher bios, course packs, and attachments. Learning Management Systems also allow students to upload assignments, quizzes, and exams.&nbsp; The course designer can generate reports based on students\u2019 performance and development, and efficiently and accurately distribute grading to students.<\/span><\/p>\n\n\n\n<p class=\"p2\"><span class=\"s2\">Universidades abertas que oferecem aprendizagem no exterior usam LMS. Esses sistemas de aprendizagem usam um sistema de login de tr\u00eas partes: administrador, professor e aluno. Um usu\u00e1rio administrador cria o curso. Os professores e alunos, que s\u00e3o os principais usu\u00e1rios, interagem em blogs e f\u00f3runs. O professor tamb\u00e9m \u00e9 capaz de monitorar a atividade dos alunos online.<\/span><\/p>\n\n\n\n<h2 class=\"wp-block-heading p3\"><span class=\"s2\">Oportunidades<\/span><\/h2>\n\n\n\n<p class=\"p2\"><span class=\"s2\">Os Sistemas de Gest\u00e3o de Aprendizagem oferecem muitas oportunidades para treinadores e alunos. Eles tamb\u00e9m s\u00e3o um excelente recurso para as empresas que os utilizam.<\/span><\/p>\n\n\n\n<ul class=\"wp-block-list\">\n<li><span class=\"s2\">Os alunos podem trabalhar e estudar ao mesmo tempo.<\/span><\/li>\n\n\n\n<li><span class=\"s2\">Treinamento para funcion\u00e1rios \u2013 o aprendizado \u00e9 f\u00e1cil com apenas um clique.<\/span><\/li>\n\n\n\n<li><span class=\"s2\">A capacita\u00e7\u00e3o profissional torna a equipe de trabalho mais eficaz. Os funcion\u00e1rios podem usar o tempo economizado pelo LMS em outras \u00e1reas lucrativas.<\/span><\/li>\n\n\n\n<li><span class=\"s2\">Companies can <a href=\"https:\/\/www.sisinternational.com\/pt\/solucoes\/solucoes-de-pesquisa-quantitativa-qualitativa\/teste-de-produtos-educacionais-para-criancas-em-nyc\/\" title=\"Teste de produtos educacionais para crian\u00e7as em NYC\"  data-wpil-monitor-id=\"11083\">educate potential customers about products<\/a> and services. LMS offer the option of <a href=\"https:\/\/www.sisinternational.com\/pt\/solucoes\/empresa-de-pesquisa-de-mercado-por-amostragem-de-pesquisa-on-line\/\" title=\"Empresa de pesquisa de mercado de amostragem de pesquisa on-line\"  data-wpil-monitor-id=\"11081\">online quizzes and surveys<\/a> to make this process easier.<\/span><\/li>\n\n\n\n<li><span class=\"s2\">\u00c9 mais f\u00e1cil e eficiente distribuir o conte\u00fado do curso aos alunos. Universidades e institui\u00e7\u00f5es de ensino gastam menos dinheiro em papel e instala\u00e7\u00f5es de forma\u00e7\u00e3o quando utilizam LMS.<\/span><\/li>\n\n\n\n<li><span class=\"s2\">Muitos empregos est\u00e3o dispon\u00edveis como administradores, designers de cursos, instrutores e tutores.<\/span><\/li>\n\n\n\n<li>Os avan\u00e7os na computa\u00e7\u00e3o em nuvem melhoraram drasticamente a qualidade e a funcionalidade das solu\u00e7\u00f5es LMS.<\/li>\n<\/ul>\n\n\n\n<h2 class=\"wp-block-heading p3\"><span class=\"s2\">Desafios<\/span><\/h2>\n\n\n\n<p class=\"p2\"><span class=\"s2\">Por outro lado, o LMS tem alguns desafios. Esses desafios podem desencorajar os usu\u00e1rios de escolherem esse m\u00e9todo de ensino. Aqui est\u00e3o alguns:<\/span><\/p>\n\n\n\n<ul class=\"wp-block-list\">\n<li><span class=\"s2\">A falta de contato humano pode causar desmotiva\u00e7\u00e3o devido \u00e0 necessidade humana de socializa\u00e7\u00e3o.<\/span><\/li>\n\n\n\n<li><span class=\"s2\">Devido \u00e0 falta de envolvimento, os alunos podem ficar desmotivados e entediados.<\/span><\/li>\n\n\n\n<li><span class=\"s2\">Lack of <a href=\"https:\/\/www.sisinternational.com\/pt\/solucoes\/grupos-de-foco\/focus-group-on-personal-care-products\/\" title=\"Focus Group on Personal Care Products\"  data-wpil-monitor-id=\"11086\">focus<\/a> as students do some studies at home and in personal spaces.<\/span><\/li>\n<\/ul>\n\n\n\n<h2 class=\"wp-block-heading p3\"><span class=\"s2\">Testando usabilidade<\/span><\/h2>\n\n\n\n<p class=\"p2\"><span class=\"s2\">LMS <a href=\"https:\/\/www.sisinternational.com\/pt\/solucoes\/solucoes-de-branding-e-pesquisa-de-clientes\/teste-de-usabilidade-pesquisa-de-experiencia-do-usuario\/\" title=\"Pesquisa de mercado de usu\u00e1rios e testes de usabilidade\"  data-wpil-monitor-id=\"11080\">users conduct periodic Usability Tests<\/a> to ensure the integrity of the system. Willing test subjects must go through the entire process. Administrators, Course Designers, and even students must undergo sample testing. This <a href=\"https:\/\/www.sisinternational.com\/pt\/solucoes\/solucoes-de-branding-e-pesquisa-de-clientes\/pesquisa-de-mercado-para-testes-de-produtos\/empresa-lider-em-pesquisa-de-mercado-de-usabilidade\/\" title=\"Usability testing Company\"  data-wpil-monitor-id=\"11084\">testing ensures that the process is usable<\/a> from beginning to end. Testers can identify glitches in the process that can make it unusable, and then file reports. These reports allow the Administrator to go back to the drawing board if necessary.<\/span><\/p>\n\n\n\n<p class=\"p2\"><span class=\"s2\">Os sistemas LMS redefiniram a aprendizagem. Tirou o aprendizado das paredes limitantes da sala de aula. Como o aprendizado agora est\u00e1 na internet, \u00e9 mais acess\u00edvel a todos.<\/span><\/p>\n\n\n\n<h2 class=\"wp-block-heading\">Sobre a SIS EdTech Pesquisa de Mercado e Consultoria<\/h2>\n\n\n\n<p>SIS Internacional <a href=\"https:\/\/www.sisinternational.com\/pt\/cobertura\/pesquisa-de-mercado-asia\/pesquisa-de-mercado-palau\/\" title=\"Pesquisa de mercado em Palau\"  data-wpil-monitor-id=\"4070\">Research conducts Market<\/a> Research, Data Collection, and Strategy Research for technology firms, start ups and Educational Institutions.&nbsp; We provide<\/p>\n\n\n\n<ul class=\"wp-block-list\">\n<li>Grupos de foco<\/li>\n\n\n\n<li>Testando usabilidade<\/li>\n\n\n\n<li>Pesquisas de clientes<\/li>\n\n\n\n<li>Pesquisa de compras e tomadores de decis\u00e3o<\/li>\n\n\n\n<li>Pesquisa de mercado B2G<\/li>\n\n\n\n<li>Pesquisa Estrat\u00e9gica<\/li>\n\n\n\n<li>Avalia\u00e7\u00f5es Competitivas<\/li>\n\n\n\n<li>Digital <a class=\"wpil_keyword_link\" href=\"https:\/\/www.sisinternational.com\/pt\/solucoes\/inovacao\/\"   title=\"Pesquisa de inova\u00e7\u00e3o\" data-wpil-keyword-link=\"linked\"  data-wpil-monitor-id=\"462\">Pesquisa de inova\u00e7\u00e3o<\/a><\/li>\n\n\n\n<li>Strategic Market Opportunity, <a href=\"https:\/\/www.sisinternational.com\/pt\/solucoes\/consultoria-estrategica\/estudos-de-dimensionamento-de-viabilidade-de-entrada-no-mercado\/\" title=\"Estudos de entrada no mercado, viabilidade e dimensionamento\"  data-wpil-monitor-id=\"11085\">Sizing and Entry<\/a> Assessments<\/li>\n<\/ul>\n\n\n\n<p><\/p>","protected":false},"excerpt":{"rendered":"<p>A SIS EdTech fornece Pesquisa de Mercado, Dados e Estrat\u00e9gia para os setores de Tecnologia e Educa\u00e7\u00e3o. Saiba mais sobre a pesquisa de mercado de sistemas de gerenciamento de aprendizagem.<\/p>","protected":false},"author":1,"featured_media":64405,"parent":84844,"menu_order":1,"comment_status":"closed","ping_status":"closed","template":"","meta":{"footnotes":""},"class_list":["post-27856","page","type-page","status-publish","has-post-thumbnail"],"_links":{"self":[{"href":"https:\/\/www.sisinternational.com\/pt\/wp-json\/wp\/v2\/pages\/27856","targetHints":{"allow":["GET"]}}],"collection":[{"href":"https:\/\/www.sisinternational.com\/pt\/wp-json\/wp\/v2\/pages"}],"about":[{"href":"https:\/\/www.sisinternational.com\/pt\/wp-json\/wp\/v2\/types\/page"}],"author":[{"embeddable":true,"href":"https:\/\/www.sisinternational.com\/pt\/wp-json\/wp\/v2\/users\/1"}],"replies":[{"embeddable":true,"href":"https:\/\/www.sisinternational.com\/pt\/wp-json\/wp\/v2\/comments?post=27856"}],"version-history":[{"count":6,"href":"https:\/\/www.sisinternational.com\/pt\/wp-json\/wp\/v2\/pages\/27856\/revisions"}],"predecessor-version":[{"id":81813,"href":"https:\/\/www.sisinternational.com\/pt\/wp-json\/wp\/v2\/pages\/27856\/revisions\/81813"}],"up":[{"embeddable":true,"href":"https:\/\/www.sisinternational.com\/pt\/wp-json\/wp\/v2\/pages\/84844"}],"wp:featuredmedia":[{"embeddable":true,"href":"https:\/\/www.sisinternational.com\/pt\/wp-json\/wp\/v2\/media\/64405"}],"wp:attachment":[{"href":"https:\/\/www.sisinternational.com\/pt\/wp-json\/wp\/v2\/media?parent=27856"}],"curies":[{"name":"wp","href":"https:\/\/api.w.org\/{rel}","templated":true}]}}