{"id":27829,"date":"2018-09-03T23:53:19","date_gmt":"2018-09-03T23:53:19","guid":{"rendered":"https:\/\/www.sisinternational.com\/?page_id=27829"},"modified":"2025-09-03T18:18:07","modified_gmt":"2025-09-03T22:18:07","slug":"servicos-de-traducao-e-transcricao-de-espanhol","status":"publish","type":"page","link":"https:\/\/www.sisinternational.com\/pt\/solucoes\/traducao-e-transcricao\/servicos-de-traducao-e-transcricao-de-espanhol\/","title":{"rendered":"Tradu\u00e7\u00e3o e Transcri\u00e7\u00e3o em Espanhol"},"content":{"rendered":"<h1 class=\"wp-block-heading p1\"><span class=\"s1\">Tradu\u00e7\u00e3o e Transcri\u00e7\u00e3o em Espanhol<\/span><\/h1>\n\n\n\n<figure class=\"gb-block-image gb-block-image-410ee2c0\"><img loading=\"lazy\" decoding=\"async\" width=\"1456\" height=\"816\" class=\"gb-image gb-image-410ee2c0\" src=\"https:\/\/www.sisinternational.com\/wp-content\/uploads\/2025\/09\/Spain-3.jpg\" alt=\"Pesquisa e Estrat\u00e9gia de Mercado Internacional da SIS\" title=\"Spain (3)\" srcset=\"https:\/\/www.sisinternational.com\/wp-content\/uploads\/2025\/09\/Spain-3.jpg 1456w, https:\/\/www.sisinternational.com\/wp-content\/uploads\/2025\/09\/Spain-3-300x168.jpg 300w, https:\/\/www.sisinternational.com\/wp-content\/uploads\/2025\/09\/Spain-3-1024x574.jpg 1024w, https:\/\/www.sisinternational.com\/wp-content\/uploads\/2025\/09\/Spain-3-768x430.jpg 768w, https:\/\/www.sisinternational.com\/wp-content\/uploads\/2025\/09\/Spain-3-18x10.jpg 18w\" sizes=\"auto, (max-width: 1456px) 100vw, 1456px\"><\/figure>\n\n\n\n<p><\/p>\n\n\n\n<hr class=\"wp-block-separator has-alpha-channel-opacity is-style-dots\"\/>\n\n\n\n<p class=\"p2\"><span class=\"s1\">It&#8217;s not surprising that Spanish transcription services are in high demand. Spanish is the second most-spoken language in America. SIS International offers several different types of Spanish transcription services. Companies can make use of our Spanish-to-Spanish transcription services. We also provide Spanish-to-English <a href=\"https:\/\/www.sisinternational.com\/pt\/solucoes\/traducao-e-transcricao\/servicos-de-traducao-e-transcricao-de-alemao\/\" title=\"Servi\u00e7os de tradu\u00e7\u00e3o e transcri\u00e7\u00e3o em alem\u00e3o\"  data-wpil-monitor-id=\"6510\">transcription and document translation services<\/a>. Read on for more info about our Spanish transcription services.<\/span><\/p>\n\n\n\n<h2 class=\"wp-block-heading p3\"><span class=\"s1\">The Economic Power of Spanish-Speaking Countries<\/span><\/h2>\n\n\n\n<p class=\"p4\"><span class=\"s1\">A Espanha \u00e9 a 14\u00aa do mundo<\/span><span class=\"s2\"><sup>\u00ba<\/sup><\/span><span class=\"s1\"> maior economia em termos de PIB nominal. \u00c9 o quinto maior da Uni\u00e3o Europeia. \u00c9 um dos pa\u00edses l\u00edderes em desenvolvimento humano de alto n\u00edvel no mundo. V\u00e1rias empresas espanholas ganharam reputa\u00e7\u00e3o como multinacionais cred\u00edveis. Este status lhes permite operar com facilidade nos pa\u00edses latino-americanos.<\/span><\/p>\n\n\n\n<p class=\"p2\"><span class=\"s1\">O poder econ\u00f3mico na Am\u00e9rica Latina transferiu-se para o M\u00e9xico nos \u00faltimos anos. Esse pa\u00eds tem a segunda maior economia da regi\u00e3o. A taxa de desemprego \u00e9 de 3,5% e o mercado de trabalho continua a melhorar. Os \u201cTr\u00eas Andinos\u201d, Col\u00f4mbia, Chile e Peru, tamb\u00e9m s\u00e3o pot\u00eancias econ\u00f3micas. Estes pa\u00edses est\u00e3o a assistir a um aumento no investimento estrangeiro direto. Os especialistas esperam que as suas economias cres\u00e7am ainda mais rapidamente do que as do M\u00e9xico nos pr\u00f3ximos anos.<\/span><\/p>\n\n\n\n<h2 class=\"wp-block-heading p3\"><span class=\"s1\">A ascens\u00e3o do segmento da popula\u00e7\u00e3o hisp\u00e2nica nos EUA<\/span><\/h2>\n\n\n\n<figure class=\"gb-block-image gb-block-image-7b8487da\"><img loading=\"lazy\" decoding=\"async\" width=\"1456\" height=\"816\" class=\"gb-image gb-image-7b8487da\" src=\"https:\/\/www.sisinternational.com\/wp-content\/uploads\/2025\/08\/Online-focus-group-8-1.jpg\" alt=\"Pesquisa e Estrat\u00e9gia de Mercado Internacional da SIS\" title=\"Online focus group (8)\" srcset=\"https:\/\/www.sisinternational.com\/wp-content\/uploads\/2025\/08\/Online-focus-group-8-1.jpg 1456w, https:\/\/www.sisinternational.com\/wp-content\/uploads\/2025\/08\/Online-focus-group-8-1-300x168.jpg 300w, https:\/\/www.sisinternational.com\/wp-content\/uploads\/2025\/08\/Online-focus-group-8-1-1024x574.jpg 1024w, https:\/\/www.sisinternational.com\/wp-content\/uploads\/2025\/08\/Online-focus-group-8-1-768x430.jpg 768w, https:\/\/www.sisinternational.com\/wp-content\/uploads\/2025\/08\/Online-focus-group-8-1-18x10.jpg 18w\" sizes=\"auto, (max-width: 1456px) 100vw, 1456px\"><\/figure>\n\n\n\n<p><\/p>\n\n\n\n<p class=\"p4\"><span class=\"s1\">Half of the national population growth since 2000 has been in the Latino community. The Latino segment has been the primary driver of US demographic growth. It is a sizable and growing part of the nation\u2019s population. Hispanics are the second largest ethnic groups. They are also the nation\u2019s second-fastest-growing ethnic group, after Asians.<\/span><\/p>\n\n\n\n<p class=\"p2\"><span class=\"s1\">It might be difficult for marketers to reach this target group using traditional methods. Almost a quarter of Hispanics speak only Spanish at home. A little more than half claim to speak English \u201cvery well.\u201d Thus, marketers need Spanish-language ads for effective marketing to US Hispanics. Company representatives may also have to sign contracts in the Spanish language. The same goes for leases and other documents, to accommodate Hispanic customers. It\u2019s easy to see how Spanish transcription is a valuable resource. Document translation services are also helpful. Both are necessary for marketing to this segment of the population.<\/span><\/p>\n\n\n\n<h2 class=\"wp-block-heading p3\"><span class=\"s1\">O que \u00e9 transcri\u00e7\u00e3o em espanhol?<\/span><\/h2>\n\n\n\n<p class=\"p4\"><span class=\"s1\">A descri\u00e7\u00e3o mais simples do papel de um transcritor \u00e9 aquele que escreve o que outra pessoa est\u00e1 dizendo. Eles far\u00e3o pequenas edi\u00e7\u00f5es no texto antes de entreg\u00e1-lo. A velocidade de digita\u00e7\u00e3o \u00e9 importante na transcri\u00e7\u00e3o, sendo 75 palavras por minuto o ideal. O padr\u00e3o da ind\u00fastria \u00e9 um m\u00ednimo de 4 a 5 horas para transcrever um arquivo de \u00e1udio ou v\u00eddeo de 1 hora.<\/span><\/p>\n\n\n\n<p class=\"p2\"><span class=\"s1\">Os transcritores transformam discursos, entrevistas e reuni\u00f5es em arquivos de texto. Advogados, m\u00e9dicos e diversas empresas usam a transcri\u00e7\u00e3o como uma ferramenta indispens\u00e1vel. Outras ind\u00fastrias que utilizam servi\u00e7os de transcri\u00e7\u00e3o incluem tecnologia, finan\u00e7as e manufatura. Marketing, sa\u00fade e governo tamb\u00e9m s\u00e3o usu\u00e1rios frequentes. Os usu\u00e1rios podem compartilhar informa\u00e7\u00f5es que vieram primeiro na forma falada. A transcri\u00e7\u00e3o tamb\u00e9m \u00e9 \u00fatil para indexar e recuperar dados.<\/span><\/p>\n\n\n\n<h2 class=\"wp-block-heading p3\"><span class=\"s1\">Sobre a transcri\u00e7\u00e3o em espanhol<\/span><\/h2>\n\n\n\n<p class=\"p4\"><span class=\"s1\">Para muitas empresas e pequenos neg\u00f3cios, os servi\u00e7os terceirizados de transcri\u00e7\u00e3o s\u00e3o a melhor op\u00e7\u00e3o. O valor pago depende de fatores como o prazo determinado, a dura\u00e7\u00e3o do arquivo, a qualidade do \u00e1udio, se o cliente deseja que ele seja codificado por tempo e se \u00e9 necess\u00e1ria uma tradu\u00e7\u00e3o literal.&nbsp;<\/span><\/p>\n\n\n\n<p class=\"p4\"><span class=\"s1\">Nossos transcritores podem transcrever literalmente, rastrear v\u00e1rios locutores ou adicionar c\u00f3digos de tempo e carimbos. Quer seus palestrantes sejam do M\u00e9xico, da Espanha, da Am\u00e9rica Latina ou do Caribe, n\u00f3s temos o que voc\u00ea precisa. Somos especialistas em transcri\u00e7\u00e3o de espanhol para espanhol. Somos igualmente especialistas na transcri\u00e7\u00e3o de espanhol para ingl\u00eas e oferecemos servi\u00e7os de tradu\u00e7\u00e3o de documentos.<\/span><\/p>\n\n\n\n<p class=\"p4\"><span class=\"s1\">Oferecemos servi\u00e7os de transcri\u00e7\u00e3o humana. Nossas tradu\u00e7\u00f5es decodificam jarg\u00f5es da ind\u00fastria, dicas sutis, g\u00edrias e sotaques pesados. As pessoas tamb\u00e9m s\u00e3o mais eficazes na transcri\u00e7\u00e3o de v\u00e1rios falantes. Al\u00e9m disso, eles filtram os ru\u00eddos de fundo. A transcri\u00e7\u00e3o humana supera as m\u00e1quinas em todas as \u00e1reas, exceto custo e velocidade.<\/span><\/p>\n\n\n\n<h2 class=\"wp-block-heading\">Localiza\u00e7\u00e3o de nossas instala\u00e7\u00f5es em Nova York<\/h2>\n\n\n\n<p>\n\n\n\n<iframe loading=\"lazy\" src=\"https:\/\/www.google.com\/maps\/embed?pb=!1m18!1m12!1m3!1d3022.976188376966!2d-73.99130312499956!3d40.740549471389315!2m3!1f0!2f0!3f0!3m2!1i1024!2i768!4f13.1!3m3!1m2!1s0x89c259a15798c731%3A0xd695d09bdd495f25!2s11%20E%2022nd%20St%20FL%202%2C%20New%20York%2C%20NY%2010010%2C%20USA!5e0!3m2!1sen!2spe!4v1726171763526!5m2!1sen!2spe\" width=\"600\" height=\"450\" allowfullscreen=\"allowfullscreen\" data-mce-fragment=\"1\"><\/iframe>\n\n\n\n<\/p>\n\n\n\n<h3 class=\"wp-block-heading\">11 E 22nd Street, 2\u00ba andar, Nova York, NY 10010 T: +1(212) 505-6805<\/h3>\n\n\n\n<hr class=\"wp-block-separator has-alpha-channel-opacity\"\/>\n\n\n\n<h2 class=\"wp-block-heading\"><span style=\"font-weight: 400;\">Sobre SIS Internacional<\/span><\/h2>\n\n\n\n<p><a href=\"https:\/\/www.sisinternational.com\/pt\/\"><span style=\"font-weight: 400;\">SIS Internacional<\/span><\/a><span style=\"font-weight: 400;\"> oferece pesquisa quantitativa, qualitativa e estrat\u00e9gica. Fornecemos dados, ferramentas, estrat\u00e9gias, relat\u00f3rios e insights para a tomada de decis\u00f5es. Tamb\u00e9m realizamos entrevistas, pesquisas, grupos focais e outros m\u00e9todos e abordagens de Pesquisa de Mercado.<\/span><a href=\"https:\/\/www.sisinternational.com\/pt\/sobre-a-sis-international-research\/contact-sis-international-market-research\/\"><span style=\"font-weight: 400;\"> Entre em contato conosco<\/span><\/a><span style=\"font-weight: 400;\"> para o seu pr\u00f3ximo projeto de pesquisa de mercado.<\/span><\/p>\n\n\n\n<p><\/p>","protected":false},"excerpt":{"rendered":"<p>A SIS International Research fornece servi\u00e7os de tradu\u00e7\u00e3o e transcri\u00e7\u00e3o de espanhol precisos, \u00e1geis e r\u00e1pidos. Saiba mais sobre Tradu\u00e7\u00e3o para Espanhol.<\/p>","protected":false},"author":1,"featured_media":65881,"parent":27891,"menu_order":1,"comment_status":"closed","ping_status":"closed","template":"","meta":{"footnotes":""},"class_list":["post-27829","page","type-page","status-publish","has-post-thumbnail"],"_links":{"self":[{"href":"https:\/\/www.sisinternational.com\/pt\/wp-json\/wp\/v2\/pages\/27829","targetHints":{"allow":["GET"]}}],"collection":[{"href":"https:\/\/www.sisinternational.com\/pt\/wp-json\/wp\/v2\/pages"}],"about":[{"href":"https:\/\/www.sisinternational.com\/pt\/wp-json\/wp\/v2\/types\/page"}],"author":[{"embeddable":true,"href":"https:\/\/www.sisinternational.com\/pt\/wp-json\/wp\/v2\/users\/1"}],"replies":[{"embeddable":true,"href":"https:\/\/www.sisinternational.com\/pt\/wp-json\/wp\/v2\/comments?post=27829"}],"version-history":[{"count":5,"href":"https:\/\/www.sisinternational.com\/pt\/wp-json\/wp\/v2\/pages\/27829\/revisions"}],"predecessor-version":[{"id":80092,"href":"https:\/\/www.sisinternational.com\/pt\/wp-json\/wp\/v2\/pages\/27829\/revisions\/80092"}],"up":[{"embeddable":true,"href":"https:\/\/www.sisinternational.com\/pt\/wp-json\/wp\/v2\/pages\/27891"}],"wp:featuredmedia":[{"embeddable":true,"href":"https:\/\/www.sisinternational.com\/pt\/wp-json\/wp\/v2\/media\/65881"}],"wp:attachment":[{"href":"https:\/\/www.sisinternational.com\/pt\/wp-json\/wp\/v2\/media?parent=27829"}],"curies":[{"name":"wp","href":"https:\/\/api.w.org\/{rel}","templated":true}]}}