{"id":27826,"date":"2018-09-03T22:36:10","date_gmt":"2018-09-03T22:36:10","guid":{"rendered":"https:\/\/www.sisinternational.com\/?page_id=27826"},"modified":"2026-03-22T03:04:38","modified_gmt":"2026-03-22T07:04:38","slug":"pesquisa-de-mercado-de-tecnologia-educacional","status":"publish","type":"page","link":"https:\/\/www.sisinternational.com\/pt\/education-market-research\/pesquisa-de-mercado-de-tecnologia-educacional\/","title":{"rendered":"Pesquisa de mercado de tecnologia educacional"},"content":{"rendered":"<h1 class=\"wp-block-heading\">Pesquisa de mercado de tecnologia educacional<\/h1>\n\n\n\n<figure class=\"gb-block-image gb-block-image-7536a234\"><img loading=\"lazy\" decoding=\"async\" width=\"1456\" height=\"816\" class=\"gb-image gb-image-7536a234\" src=\"https:\/\/www.sisinternational.com\/wp-content\/uploads\/2025\/08\/Education-4.jpg\" alt=\"Pesquisa e Estrat\u00e9gia de Mercado Internacional da SIS\" title=\"Education (4)\" srcset=\"https:\/\/www.sisinternational.com\/wp-content\/uploads\/2025\/08\/Education-4.jpg 1456w, https:\/\/www.sisinternational.com\/wp-content\/uploads\/2025\/08\/Education-4-300x168.jpg 300w, https:\/\/www.sisinternational.com\/wp-content\/uploads\/2025\/08\/Education-4-1024x574.jpg 1024w, https:\/\/www.sisinternational.com\/wp-content\/uploads\/2025\/08\/Education-4-768x430.jpg 768w, https:\/\/www.sisinternational.com\/wp-content\/uploads\/2025\/08\/Education-4-18x10.jpg 18w\" sizes=\"auto, (max-width: 1456px) 100vw, 1456px\"><\/figure>\n\n\n\n<p><\/p>\n\n\n\n<h2 class=\"wp-block-heading p2\"><span class=\"s1\">Tecnologia Educacional ou \u201cEdTech\u201d \u00e9 o uso de ferramentas para simplificar e aprimorar o aprendizado. <\/span><\/h2>\n\n\n\n<p class=\"p2\"><span class=\"s1\">A EdTech abre um novo caminho de oportunidades na educa\u00e7\u00e3o.&nbsp;<\/span><span class=\"s1\">Com a Tecnologia Educacional, as oportunidades s\u00e3o infinitas. A ind\u00fastria est\u00e1 desenvolvendo mais recursos, ferramentas, servi\u00e7os e aplica\u00e7\u00f5es. Esses recursos beneficiar\u00e3o tanto os educadores quanto a comunidade de aprendizagem. <\/span><\/p>\n\n\n\n<p class=\"p2\"><span class=\"s1\">Exemplos de oportunidades dispon\u00edveis nesta \u00e1rea s\u00e3o:<\/span><\/p>\n\n\n\n<ul class=\"wp-block-list\">\n<li><span class=\"s1\">As escolas agora est\u00e3o integrando a tecnologia em seus curr\u00edculos de aprendizagem. Eles precisam de pessoas que possam planear e implementar estes novos programas. Oportunidades de emprego como Instrutor de Inform\u00e1tica e Designer de Curso est\u00e3o se abrindo.<\/span><\/li>\n\n\n\n<li><span class=\"s1\">As empresas precisam de instrutores, designers e avaliadores para resolver problemas di\u00e1rios de desempenho. Esses trabalhadores tamb\u00e9m podem testar funcion\u00e1rios e produzir workshops.<\/span><\/li>\n\n\n\n<li><span class=\"s1\">As empresas de design de instru\u00e7\u00e3o precisam de pessoas para desenvolver cursos, curr\u00edculos e software.<\/span><\/li>\n\n\n\n<li><span class=\"s1\">Os militares precisam de Tecn\u00f3logos Educacionais para programas de treinamento para cria\u00e7\u00e3o de manuais. Eles tamb\u00e9m podem planejar curr\u00edculos e projetar software.<\/span><\/li>\n<\/ul>\n\n\n\n<h2 class=\"wp-block-heading p6\"><span class=\"s1\">Solu\u00e7\u00f5es inovadoras de aprendizagem<\/span><\/h2>\n\n\n\n<p class=\"p5\"><span class=\"s1\">In this high tech world, educators need to find innovative ways of teaching. <a class=\"wpil_keyword_link\" href=\"https:\/\/www.sisinternational.com\/pt\/solucoes\/solucoes-edtech-de-tecnologia-educacional\/\"   title=\"Solu\u00e7\u00f5es de tecnologia educacional (EdTech)\" data-wpil-keyword-link=\"linked\"  data-wpil-monitor-id=\"463\">EdTech<\/a> equips students with the tools necessary to meet the future world. That world will be very different from the one students know now. The challenge is the various paces at which children learn and their different skills. Thus educators have to hone in on each child\u2019s unique interests, needs, and strengths. Some schools have begun uploading assignments to the Internet. Students can then download these assignments at home. Tablets are now an item on the required list of learning materials for classrooms.<\/span><\/p>\n\n\n\n<h2 class=\"wp-block-heading p6\"><span class=\"s1\">Aprendizagem Adaptativa<\/span><\/h2>\n\n\n\n<p class=\"p5\"><span class=\"s1\">Adaptive <a href=\"https:\/\/www.sisinternational.com\/pt\/solucoes\/solucoes-edtech-de-tecnologia-educacional\/sistemas-de-gerenciamento-de-aprendizagem-pesquisa-de-mercado-lms\/\" title=\"Pesquisa de mercado de sistemas de gerenciamento de aprendizagem (LMS)\"  data-wpil-monitor-id=\"11092\">learning is a computer-based educational system<\/a>. This system delivers customized resources based on a learner\u2019s specific needs. The system bases the customized delivery on analysis. The US Government endorses this method of teaching, as it is very beneficial. Students are better able to understand their capabilities. Teachers can also have a better idea of the different stages at which children learn. This analysis is faster than the personal one on one interaction.<\/span><\/p>\n\n\n\n<h2 class=\"wp-block-heading p6\"><span class=\"s1\">Realidade aumentada<\/span><\/h2>\n\n\n\n<p class=\"p5\"><span class=\"s1\">Realidade Aumentada (AR) \u00e9 outro m\u00e9todo EdTech. Ele coloca uma imagem gerada por computador na vis\u00e3o do mundo real do usu\u00e1rio, proporcionando assim uma perspectiva mesclada. Este m\u00e9todo torna o aprendizado mais envolvente e divertido. Todos os n\u00edveis de ensino utilizam RA: desde a pr\u00e9-escola at\u00e9 \u00e0 faculdade, e at\u00e9 no local de trabalho. Ele educa os alunos dentro e fora da sala de aula.<\/span><\/p>\n\n\n\n<h2 class=\"wp-block-heading p6\"><span class=\"s1\">Livros did\u00e1ticos digitais<\/span><\/h2>\n\n\n\n<p class=\"p2\"><span class=\"s1\">Os alunos podem usar livros did\u00e1ticos digitais como materiais de recurso para as aulas. Esses livros did\u00e1ticos tamb\u00e9m s\u00e3o chamados de e-textos ou e-livros did\u00e1ticos. Eles s\u00e3o um componente significativo da Tecnologia Educacional. A implementa\u00e7\u00e3o de e-textos na sala de aula tem suas vantagens e desvantagens. A principal vantagem dos textos eletr\u00f4nicos \u00e9 que eles resolveram o problema dos altos pre\u00e7os dos livros did\u00e1ticos impressos. Alivia a press\u00e3o econ\u00f3mica sobre estudantes e pais. Os educadores podem compartilhar um texto em PDF com centenas de alunos sem incorrer em custos.<\/span><\/p>\n\n\n\n<p class=\"p5\"><span class=\"s1\">A desvantagem dos livros did\u00e1ticos digitais \u00e9 que alguns textos escolares podem ser igualmente caros online. Eles tamb\u00e9m podem n\u00e3o estar dispon\u00edveis no formato digital necess\u00e1rio e os e-books n\u00e3o podem ser emprestados a terceiros ou revendidos.<\/span><\/p>\n\n\n\n<h2 class=\"wp-block-heading p6\"><span class=\"s1\">Ensino \u00e0 dist\u00e2ncia<\/span><\/h2>\n\n\n\n<p class=\"p5\"><span class=\"s1\">O Ensino \u00e0 Dist\u00e2ncia \u00e9 mais um m\u00e9todo EdTech. Os educadores podem usar esse m\u00e9todo para definir planos de aula e entregar materiais do curso. Com esse m\u00e9todo, esses educadores nunca precisam pisar em uma sala de aula real. Centenas de faculdades e universidades credenciadas em todo o mundo usam o m\u00e9todo de ensino \u00e0 dist\u00e2ncia. \u00c9 muito ben\u00e9fico para pessoas que n\u00e3o t\u00eam a oportunidade de viajar em benef\u00edcio da educa\u00e7\u00e3o. Eles podem obter diplomas on-line e ter tanto sucesso como se frequentassem aulas f\u00edsicas.<\/span><\/p>\n\n\n\n<h2 class=\"wp-block-heading p6\"><span class=\"s1\">Aprendizagem Diferenciada&nbsp; &nbsp;&nbsp;<\/span><\/h2>\n\n\n\n<p class=\"p7\"><span class=\"s1\">Diferencia\u00e7\u00e3o significa modificar o ensino para atender necessidades espec\u00edficas. Com esse m\u00e9todo, os professores respondem \u00e0s diferen\u00e7as entre os alunos na sala de aula. Os professores podem us\u00e1-lo para diferenciar pelo menos quatro elementos da sala de aula. Esses elementos s\u00e3o conte\u00fado, processo, produtos e ambiente de aprendizagem.<\/span><\/p>\n\n\n\n<p class=\"p4\"><span class=\"s1\">It\u2019s easy to see that EdTech levels the playing field for many students, who would have otherwise had a difficult time grasping concepts. It also makes things easier for parents and educators. Opportunities abound in the EdTech field, for computer software and hardware producers, and also for technical <a href=\"https:\/\/www.sisinternational.com\/pt\/estrategia-de-marketing-em-servicos-educacionais\/\" title=\"Estrat\u00e9gia de Marketing em Servi\u00e7os Educacionais\"  data-wpil-monitor-id=\"11091\">service providers and for educators<\/a>.<\/span><\/p>\n\n\n\n<h2 class=\"wp-block-heading\">Sobre as solu\u00e7\u00f5es de pesquisa de mercado SIS EdTech<\/h2>\n\n\n\n<p>SIS has over 30 years <a href=\"https:\/\/www.sisinternational.com\/pt\/pericia\/industrias\/pesquisa-de-mercado-de-experiencia-do-cliente-em-hoteis\/\" title=\"Pesquisa de mercado de experi\u00eancia do cliente em hot\u00e9is\"  data-wpil-monitor-id=\"11088\">experience in the Education Market<\/a>.&nbsp; We provide <a href=\"https:\/\/www.sisinternational.com\/pt\/aproveitando-a-tecnologia-no-varejo\/\" title=\"Pesquisa de mercado de tecnologia de varejo\"  data-wpil-monitor-id=\"2746\">Market Research and Strategy<\/a> Consulting solutions to launch new products, assess the competitive landscape and satisfy stakeholder needs.&nbsp; In the Education Industry, there can be many stakeholders in decision making and purchasing decisions.&nbsp; We offer global <a href=\"https:\/\/www.sisinternational.com\/pt\/\" title=\"In\u00edcio\"  data-wpil-monitor-id=\"11087\">research and strategy<\/a> coverage to help you make your next project a success:<\/p>\n\n\n\n<ul class=\"wp-block-list\">\n<li>Estudos de normatiza\u00e7\u00e3o e coleta de dados<\/li>\n\n\n\n<li><a href=\"https:\/\/www.sisinternational.com\/pt\/como-conduzir-analises-competitivas\/\" title=\"An\u00e1lise Competitiva em Marketing\"  data-wpil-monitor-id=\"11090\">Avalia\u00e7\u00f5es de mercado e an\u00e1lise competitiva<\/a><\/li>\n\n\n\n<li>Market Opportunity, <a href=\"https:\/\/www.sisinternational.com\/pt\/solucoes\/consultoria-estrategica\/estudos-de-dimensionamento-de-viabilidade-de-entrada-no-mercado\/\" title=\"Estudos de entrada no mercado, viabilidade e dimensionamento\"  data-wpil-monitor-id=\"11093\">Entry and Sizing<\/a><\/li>\n\n\n\n<li>Testando usabilidade<\/li>\n\n\n\n<li>New <a href=\"https:\/\/www.sisinternational.com\/pt\/solucoes\/solucoes-de-branding-e-pesquisa-de-clientes\/pesquisa-de-mercado-para-testes-de-produtos\/new-product-concept-testing-methods\/\" title=\"New Product Concept Testing Methods\"  data-wpil-monitor-id=\"11089\">Product Concept Testing<\/a><\/li>\n\n\n\n<li>Grupos de foco<\/li>\n\n\n\n<li>Pesquisa de mercado juvenil<\/li>\n<\/ul>","protected":false},"excerpt":{"rendered":"<p>A SIS International Research fornece solu\u00e7\u00f5es l\u00edderes em pesquisa e estrat\u00e9gia de mercado de tecnologia educacional. Saiba mais sobre Pesquisa e Estrat\u00e9gia EdTech.<\/p>","protected":false},"author":1,"featured_media":62662,"parent":84844,"menu_order":0,"comment_status":"closed","ping_status":"closed","template":"","meta":{"footnotes":""},"class_list":["post-27826","page","type-page","status-publish","has-post-thumbnail"],"_links":{"self":[{"href":"https:\/\/www.sisinternational.com\/pt\/wp-json\/wp\/v2\/pages\/27826","targetHints":{"allow":["GET"]}}],"collection":[{"href":"https:\/\/www.sisinternational.com\/pt\/wp-json\/wp\/v2\/pages"}],"about":[{"href":"https:\/\/www.sisinternational.com\/pt\/wp-json\/wp\/v2\/types\/page"}],"author":[{"embeddable":true,"href":"https:\/\/www.sisinternational.com\/pt\/wp-json\/wp\/v2\/users\/1"}],"replies":[{"embeddable":true,"href":"https:\/\/www.sisinternational.com\/pt\/wp-json\/wp\/v2\/comments?post=27826"}],"version-history":[{"count":6,"href":"https:\/\/www.sisinternational.com\/pt\/wp-json\/wp\/v2\/pages\/27826\/revisions"}],"predecessor-version":[{"id":81812,"href":"https:\/\/www.sisinternational.com\/pt\/wp-json\/wp\/v2\/pages\/27826\/revisions\/81812"}],"up":[{"embeddable":true,"href":"https:\/\/www.sisinternational.com\/pt\/wp-json\/wp\/v2\/pages\/84844"}],"wp:featuredmedia":[{"embeddable":true,"href":"https:\/\/www.sisinternational.com\/pt\/wp-json\/wp\/v2\/media\/62662"}],"wp:attachment":[{"href":"https:\/\/www.sisinternational.com\/pt\/wp-json\/wp\/v2\/media?parent=27826"}],"curies":[{"name":"wp","href":"https:\/\/api.w.org\/{rel}","templated":true}]}}