{"id":27363,"date":"2018-07-14T22:43:29","date_gmt":"2018-07-14T22:43:29","guid":{"rendered":"https:\/\/www.sisinternational.com\/?page_id=27363"},"modified":"2026-03-05T23:45:55","modified_gmt":"2026-03-06T04:45:55","slug":"pesquisa-de-mercado-de-beleza-da-geracao-baby-boomer","status":"publish","type":"page","link":"https:\/\/www.sisinternational.com\/pt\/pericia\/pesquisa-de-mercado-de-beleza-da-geracao-baby-boomer\/","title":{"rendered":"Pesquisa de mercado de beleza da Baby Boomer"},"content":{"rendered":"<h1 class=\"wp-block-heading\">Pesquisa de mercado de beleza da Baby Boomer<\/h1>\n\n\n\n<figure class=\"gb-block-image gb-block-image-83c2f6ee\"><img loading=\"lazy\" decoding=\"async\" width=\"1456\" height=\"816\" class=\"gb-image gb-image-83c2f6ee\" src=\"https:\/\/www.sisinternational.com\/wp-content\/uploads\/2025\/08\/CEO-woman-business-woman-1.jpg\" alt=\"Pesquisa e Estrat\u00e9gia de Mercado Internacional da SIS\" title=\"CEO woman business woman (1)\" srcset=\"https:\/\/www.sisinternational.com\/wp-content\/uploads\/2025\/08\/CEO-woman-business-woman-1.jpg 1456w, https:\/\/www.sisinternational.com\/wp-content\/uploads\/2025\/08\/CEO-woman-business-woman-1-300x168.jpg 300w, https:\/\/www.sisinternational.com\/wp-content\/uploads\/2025\/08\/CEO-woman-business-woman-1-1024x574.jpg 1024w, https:\/\/www.sisinternational.com\/wp-content\/uploads\/2025\/08\/CEO-woman-business-woman-1-768x430.jpg 768w, https:\/\/www.sisinternational.com\/wp-content\/uploads\/2025\/08\/CEO-woman-business-woman-1-18x10.jpg 18w\" sizes=\"auto, (max-width: 1456px) 100vw, 1456px\"><\/figure>\n\n\n\n<p><\/p>\n\n\n\n<h2 class=\"wp-block-heading\"><strong>Baby Boomers<\/strong> s\u00e3o adultos que nasceram durante um per\u00edodo de 18 anos que come\u00e7ou em 1946.<\/h2>\n\n\n\n<p>Today, they range in age from their mid-50s to their low 70s. Within this market segment, however, there are differences between the younger to the older group.\u00a0Even before reaching their 50s, most baby boomers have seen their hair turn gray, while their skin becomes looser and develops wrinkles. And weight is more of an issue as maintaining or losing pounds becomes more of a challenge. One result of these changes is an increase in their desire for anti-aging products and services.<\/p>\n\n\n\n<h2 class=\"wp-block-heading\">As mulheres n\u00e3o s\u00e3o as \u00fanicas compradoras de produtos de beleza e corpo.<\/h2>\n\n\n\n<p>Ao contr\u00e1rio da gera\u00e7\u00e3o dos seus pais, uma surpreendente e <u>n\u00famero crescente de homens baby boomers <\/u>est\u00e3o abra\u00e7ando e consumindo-os tamb\u00e9m. Significativamente, embora tenham aproximadamente o mesmo tamanho de popula\u00e7\u00e3o que o segmento dos jovens millennials, os baby boomers, como grupo, t\u00eam mais dinheiro e poder de compra.<\/p>\n\n\n\n<h2 class=\"wp-block-heading\">A import\u00e2ncia da beleza e dos cuidados com a pele<\/h2>\n\n\n\n<p>Beauty is a broad term that refers to the entire look that a person presents to the public.&nbsp;&nbsp;Skincare is how one takes <a href=\"https:\/\/www.sisinternational.com\/pt\/pericia\/industrias\/testes-de-pesquisa-de-cuidados-com-a-pele\/\" title=\"Pesquisa e testes de cuidados com a pele\"  data-wpil-monitor-id=\"10764\">care of their skin<\/a> to keep it healthy.&nbsp;Cosmetics or makeup is used to <strong>melhorar<\/strong> apar\u00eancia, muitas vezes com o objetivo de deixar a pele macia, \u201cbrilhante\u201d ou \u201cbrilhante\u201d para torn\u00e1-la mais bonita. A beleza tem um impacto importante na sa\u00fade, na autoestima e na felicidade.<\/p>\n\n\n\n<h2 class=\"wp-block-heading\">Paisagem do mercado de beleza da gera\u00e7\u00e3o Baby Boomer<\/h2>\n\n\n\n<p>Existe uma grande variedade de produtos que podem ser <strong>aplicado<\/strong> para todas as partes do corpo - literalmente <em>da cabe\u00e7a aos p\u00e9s.\u00a0<\/em>Then some can be <strong>ingerido<\/strong><u>,<\/u> para promover a boa sa\u00fade de dentro para fora. O conte\u00fado a seguir d\u00e1 uma ideia do escopo desse mercado e pode ajud\u00e1-lo a alcan\u00e7ar esse segmento grande e rico.<\/p>\n\n\n\n<h2 class=\"wp-block-heading\">Vis\u00e3o geral dos produtos de beleza<\/h2>\n\n\n\n<p>Para <strong>pele<\/strong>, o rosto, os olhos e os l\u00e1bios costumam receber mais aten\u00e7\u00e3o e h\u00e1 muitas camadas sobre quais e como os produtos s\u00e3o aplicados para maximizar a apar\u00eancia. Abaixo est\u00e3o alguns produtos importantes que ajudam a atingir esse objetivo em todo o corpo.<\/p>\n\n\n\n<ul class=\"wp-block-list\">\n<li>hidratante\/creme<\/li>\n\n\n\n<li>lo\u00e7\u00e3o<\/li>\n\n\n\n<li>cartilha<\/li>\n\n\n\n<li>Funda\u00e7\u00e3o<\/li>\n\n\n\n<li>p\u00f3 de fixa\u00e7\u00e3o<\/li>\n\n\n\n<li>marcador<\/li>\n\n\n\n<li>delineador<\/li>\n\n\n\n<li>c\u00edlios<\/li>\n\n\n\n<li>batom<\/li>\n\n\n\n<li>lustro<\/li>\n<\/ul>\n\n\n\n<p>Para <strong>cabelo<\/strong>, seu cuidado e apar\u00eancia, a lista inclui, mas n\u00e3o est\u00e1 limitada a<\/p>\n\n\n\n<ul class=\"wp-block-list\">\n<li>xampu<\/li>\n\n\n\n<li>condicionador<\/li>\n\n\n\n<li>tingir<\/li>\n\n\n\n<li>alisador<\/li>\n\n\n\n<li>gel<\/li>\n\n\n\n<li>mousse<\/li>\n\n\n\n<li>promo\u00e7\u00e3o de crescimento, remo\u00e7\u00e3o\/esfolia\u00e7\u00e3o<\/li>\n\n\n\n<li>l\u00e2minas de barbear e dispositivos de limpeza<\/li>\n\n\n\n<li>perucas<\/li>\n\n\n\n<li>extens\u00f5es<\/li>\n<\/ul>\n\n\n\n<p>Para <strong>m\u00e3os e p\u00e9s<\/strong> there is nail polish in addition to creams and lotions.&nbsp;For <strong>dentro<\/strong> No corpo existem produtos para emagrecer, vitaminas espec\u00edficas, suplementos de sa\u00fade e bebidas.<\/p>\n\n\n\n<p>Os produtos para atividades ao ar livre incluem:<\/p>\n\n\n\n<ul class=\"wp-block-list\">\n<li>\u00f3culos de sol para proteger os olhos (e fazer uma declara\u00e7\u00e3o de moda)<\/li>\n\n\n\n<li>lo\u00e7\u00e3o bronzeadora para proteger a pele<\/li>\n\n\n\n<li>roupas de prote\u00e7\u00e3o com capacidade de bloqueio de raios UV<\/li>\n<\/ul>\n\n\n\n<h2 class=\"wp-block-heading\">Vis\u00e3o geral dos servi\u00e7os de beleza<\/h2>\n\n\n\n<p>S\u00e3o diversos servi\u00e7os oferecidos por profissionais capacitados e m\u00e9dicos das mais diversas especialidades. Os procedimentos m\u00e9dicos s\u00e3o oferecidos por cirurgi\u00f5es pl\u00e1sticos, dermatologistas, pod\u00f3logos, nutricionistas e outros.<\/p>\n\n\n\n<p><strong>Os procedimentos m\u00e9dicos de beleza envolvem:<\/strong><\/p>\n\n\n\n<ul class=\"wp-block-list\">\n<li>l\u00e1bios, pesco\u00e7o, queixo, estrias, flacidez dos bra\u00e7os, etc.\n<ul class=\"wp-block-list\">\n<li>dobras ou redu\u00e7\u00f5es<\/li>\n\n\n\n<li>melhorias (silicone)<\/li>\n<\/ul>\n<\/li>\n\n\n\n<li>restaura\u00e7\u00e3o capilar, implantes<\/li>\n\n\n\n<li>remo\u00e7\u00e3o de gordura e contorno via lipoaspira\u00e7\u00e3o ou CoolSculpting<\/li>\n\n\n\n<li>remo\u00e7\u00e3o de \u201cmanchas marrons\/f\u00edgadas\u201d, vasinhos, ros\u00e1cea e tatuagens \u2013 muitas vezes com uso de lasers ou outras tecnologias.<\/li>\n<\/ul>\n\n\n\n<p><strong>Servi\u00e7os podem ser realizados em Beauty Facilities como:<\/strong><\/p>\n\n\n\n<ul class=\"wp-block-list\">\n<li>est\u00fadios de ioga<\/li>\n\n\n\n<li>Pilates e salas de exerc\u00edcios semelhantes<\/li>\n\n\n\n<li>clubes de fitness e academias<\/li>\n\n\n\n<li>spas<\/li>\n\n\n\n<li>est\u00fadios de massagem<\/li>\n\n\n\n<li>sal\u00f5es de manicure onde s\u00e3o oferecidas manicure e pedicure (\u201cmani-pedis\u201d)<\/li>\n<\/ul>\n\n\n\n<h2 class=\"wp-block-heading\">A oportunidade do mercado de beleza dos Baby Boomers<\/h2>\n\n\n\n<p>O <a href=\"https:\/\/www.sisinternational.com\/pt\/solucoes\/pesquisa-de-mercado-de-produtos-de-beleza\/pesquisa-de-mercado-de-bem-estar-dos-baby-boomers\/\" title=\"Pesquisa de mercado de bem-estar dos Baby Boomers\"  data-wpil-monitor-id=\"10761\">Baby Boomer Beauty market<\/a> represents a large untapped market for beauty companies.&nbsp;Consider the following:<\/p>\n\n\n\n<ul class=\"wp-block-list\">\n<li>Existem aproximadamente 75 milh\u00f5es de Baby Boomers (com idades entre 51 e 69 anos; nascidos entre 1946-1964) nos Estados Unidos<\/li>\n\n\n\n<li>Mais de 50% da popula\u00e7\u00e3o total dos EUA ter\u00e1 mais de 50 anos este ano.<\/li>\n\n\n\n<li>Nos pr\u00f3ximos 20 anos, espera-se que os gastos das pessoas com mais de 50 anos aumentem em 58%, para $4,74 bili\u00f5es.<\/li>\n\n\n\n<li>Em contraste, espera-se que os gastos dos americanos mais jovens com idades entre 25 e 50 anos cres\u00e7am apenas aproximadamente 24%.<\/li>\n\n\n\n<li>Os Baby Boomers tamb\u00e9m herdar\u00e3o aproximadamente $15 trilh\u00f5es nos pr\u00f3ximos 20 anos.<\/li>\n<\/ul>\n\n\n\n<p>Ruth Stanat, founder of SIS <a class=\"wpil_keyword_link\" href=\"https:\/\/www.sisinternational.com\/pt\/solucoes\/pesquisa-de-mercado-de-produtos-de-beleza\/consultoria-em-inovacao-em-beleza\/\"   title=\"Consultoria de inova\u00e7\u00e3o em beleza\" data-wpil-keyword-link=\"linked\"  data-wpil-monitor-id=\"469\">Consultoria de inova\u00e7\u00e3o em beleza<\/a>, believes Baby Boomers will ignite a consumer spending boom over the next several years.&nbsp; Not only is 70% of U.S. disposable income controlled by Baby Boomers, but they also spend over $3.2 trillion every year. This market is too big to ignore for investors and entrepreneurs alike.<\/p>\n\n\n\n<ul class=\"wp-block-list\">\n<li>De modo geral, as mulheres Boomer n\u00e3o desejam voltar no tempo com produtos anti-envelhecimento. Em vez disso, eles querem produtos que abordem diretamente problemas de pele, cuidados com os cabelos e sa\u00fade, ao mesmo tempo que enfatizem a sensa\u00e7\u00e3o e a boa apar\u00eancia.<\/li>\n\n\n\n<li>A maioria procura produtos com propriedades hidratantes\/hidratantes para tratar a pele seca, enquanto apenas uma percentagem menor est\u00e1 interessada em alega\u00e7\u00f5es anti-envelhecimento.<\/li>\n\n\n\n<li>Ao contr\u00e1rio das mulheres Millennials, que adoram explorar novas marcas e produtos, a grande maioria das mulheres Boomer j\u00e1 tem um regimento estabelecido de cuidados com a pele e os cabelos.<\/li>\n\n\n\n<li>As compras impulsivas entre as mulheres Boomer s\u00e3o incomuns, pois menos pessoas dizem que comprariam um produto de beleza por capricho.<\/li>\n\n\n\n<li>Uma pequena porcentagem de mulheres Boomer dizem que procurariam ativamente novos produtos em vez de suas marcas atuais de confian\u00e7a. Esses consumidores t\u00eam uma fidelidade \u00e0 marca de longa data, o que pode ser um desafio para novas marcas.<\/li>\n\n\n\n<li>Brands\/products can focus on the <a href=\"https:\/\/www.sisinternational.com\/pt\/mystery-shopping-for-beauty-products\/\" title=\"Mystery Shopping for Beauty Products\"  data-wpil-monitor-id=\"10769\">beauty and health benefits of their products<\/a>, as well as offer free trials touting the health benefits are important to Boomers at this stage of their lives.<\/li>\n<\/ul>\n\n\n\n<p>Baby boomers represent an \u201cuntapped\u201d <a href=\"https:\/\/www.sisinternational.com\/pt\/beauty-market-research-in-the-us\/\" title=\"Beauty Market Research in the US\"  data-wpil-monitor-id=\"882\">market for beauty<\/a> companies. Understanding the needs and wants of a <a href=\"https:\/\/www.sisinternational.com\/pt\/empresa-lider-em-geracao-de-demanda-b2b\/\" title=\"Melhor empresa de gera\u00e7\u00e3o de demanda B2B\"  data-wpil-monitor-id=\"10770\">generation can drive advantage for Beauty companies<\/a>.<\/p>\n\n\n\n<h2 class=\"wp-block-heading\">Descobrindo novas oportunidades<\/h2>\n\n\n\n<p>Beauty companies may be limiting their beauty <a href=\"https:\/\/www.sisinternational.com\/pt\/\" title=\"In\u00edcio\"  data-wpil-monitor-id=\"10757\">research and strategy<\/a> to consumers between the ages of 21 and 45.\u00a0 \u00a0SIS has also noticed that beauty companies tend to exclude men as potential customers.\u00a0 These segments can be profitable, loyal, and can provide new growth opportunities.\u00a0 Market Research uncovers insights, data and strategies about these segments.<\/p>\n\n\n\n<h2 class=\"wp-block-heading\">Sobre a pesquisa de mercado de beleza da Baby Boomer<\/h2>\n\n\n\n<p>With the motivation and desire to look younger and healthier, baby boomers are willing to invest their time and money on an increasing number of <a href=\"https:\/\/www.sisinternational.com\/pt\/solucoes\/teste-de-sabor\/beauty-product-testing\/\" title=\"Beauty Product Testing\"  data-wpil-monitor-id=\"10766\">beauty and skincare products<\/a> and services, including those that are innovative and often utilize new technologies.<\/p>\n\n\n\n<p>If your business is involved with this <a href=\"https:\/\/www.sisinternational.com\/pt\/global-beverage-market\/\" title=\"Global Beverage Market: Market Dynamics, Growth Projections &amp; Consumer Insights\"  data-wpil-monitor-id=\"10762\">dynamic and growing market<\/a>, it is critical to constantly monitor the lifestyles and behaviors of this age group towards their well-being.&nbsp;Across the 18 year range of ages for this group, between genders and other variables, there will be differences worth studying that can inform better marketing decisions.<\/p>\n\n\n\n<p>Os m\u00e9todos \u00fateis de pesquisa de mercado incluem:<\/p>\n\n\n\n<ul class=\"wp-block-list\">\n<li>Grupos focais presenciais<\/li>\n\n\n\n<li>Entrevistas com Consumidores<\/li>\n\n\n\n<li>Etnografia<\/li>\n\n\n\n<li>Pesquisas por telefone e celular<\/li>\n\n\n\n<li><a href=\"https:\/\/www.sisinternational.com\/pt\/solucoes\/empresa-de-pesquisa-de-mercado-de-comunidade-on-line-b2b\/\" title=\"Empresa de pesquisa de mercado de comunidades on-line B2B\"  data-wpil-monitor-id=\"10768\">Comunidades de insights on-line<\/a><\/li>\n<\/ul>\n\n\n\n<p><\/p>","protected":false},"excerpt":{"rendered":"<p>Os baby boomers representam um mercado inexplorado para empresas de beleza. Compreender as necessidades e desejos de uma gera\u00e7\u00e3o pode gerar vantagens para as empresas de beleza.<\/p>","protected":false},"author":1,"featured_media":64871,"parent":14514,"menu_order":36,"comment_status":"closed","ping_status":"closed","template":"","meta":{"footnotes":""},"class_list":["post-27363","page","type-page","status-publish","has-post-thumbnail"],"_links":{"self":[{"href":"https:\/\/www.sisinternational.com\/pt\/wp-json\/wp\/v2\/pages\/27363","targetHints":{"allow":["GET"]}}],"collection":[{"href":"https:\/\/www.sisinternational.com\/pt\/wp-json\/wp\/v2\/pages"}],"about":[{"href":"https:\/\/www.sisinternational.com\/pt\/wp-json\/wp\/v2\/types\/page"}],"author":[{"embeddable":true,"href":"https:\/\/www.sisinternational.com\/pt\/wp-json\/wp\/v2\/users\/1"}],"replies":[{"embeddable":true,"href":"https:\/\/www.sisinternational.com\/pt\/wp-json\/wp\/v2\/comments?post=27363"}],"version-history":[{"count":7,"href":"https:\/\/www.sisinternational.com\/pt\/wp-json\/wp\/v2\/pages\/27363\/revisions"}],"predecessor-version":[{"id":81764,"href":"https:\/\/www.sisinternational.com\/pt\/wp-json\/wp\/v2\/pages\/27363\/revisions\/81764"}],"up":[{"embeddable":true,"href":"https:\/\/www.sisinternational.com\/pt\/wp-json\/wp\/v2\/pages\/14514"}],"wp:featuredmedia":[{"embeddable":true,"href":"https:\/\/www.sisinternational.com\/pt\/wp-json\/wp\/v2\/media\/64871"}],"wp:attachment":[{"href":"https:\/\/www.sisinternational.com\/pt\/wp-json\/wp\/v2\/media?parent=27363"}],"curies":[{"name":"wp","href":"https:\/\/api.w.org\/{rel}","templated":true}]}}