{"id":27300,"date":"2018-07-12T03:17:54","date_gmt":"2018-07-12T03:17:54","guid":{"rendered":"https:\/\/www.sisinternational.com\/?page_id=27300"},"modified":"2025-09-11T19:29:46","modified_gmt":"2025-09-11T23:29:46","slug":"pesquisa-de-mercado-de-superalimentos-para-cuidados-com-a-pele","status":"publish","type":"page","link":"https:\/\/www.sisinternational.com\/pt\/solucoes\/pesquisa-de-mercado-de-produtos-de-beleza\/pesquisa-de-mercado-de-superalimentos-para-cuidados-com-a-pele\/","title":{"rendered":"Pesquisa de mercado de superalimentos para cuidados com a pele"},"content":{"rendered":"<h1 class=\"wp-block-heading\">Pesquisa de mercado de superalimentos para cuidados com a pele<\/h1>\n\n\n\n<figure class=\"gb-block-image gb-block-image-6a53fb24\"><img loading=\"lazy\" decoding=\"async\" width=\"1456\" height=\"816\" class=\"gb-image gb-image-6a53fb24\" src=\"https:\/\/www.sisinternational.com\/wp-content\/uploads\/2025\/08\/Skincare-6-1.jpg\" srcset=\"https:\/\/www.sisinternational.com\/wp-content\/uploads\/2025\/08\/Skincare-6-1.jpg 1456w, https:\/\/www.sisinternational.com\/wp-content\/uploads\/2025\/08\/Skincare-6-1-300x168.jpg 300w, https:\/\/www.sisinternational.com\/wp-content\/uploads\/2025\/08\/Skincare-6-1-1024x574.jpg 1024w, https:\/\/www.sisinternational.com\/wp-content\/uploads\/2025\/08\/Skincare-6-1-768x430.jpg 768w, https:\/\/www.sisinternational.com\/wp-content\/uploads\/2025\/08\/Skincare-6-1-18x10.jpg 18w\" sizes=\"auto, (max-width: 1456px) 100vw, 1456px\" alt=\"Pesquisa e Estrat\u00e9gia de Mercado Internacional da SIS\"><\/figure>\n\n\n\n<p><\/p>\n\n\n\n<p><span style=\"font-weight: 400;\">Os superalimentos s\u00e3o \u00e0 base de plantas, peixes e latic\u00ednios, t\u00eam valor nutricional e s\u00e3o bons para a sa\u00fade. Esses alimentos n\u00e3o fazem parte de nenhum grupo alimentar espec\u00edfico. A ind\u00fastria de sa\u00fade e bem-estar os comercializa como alimentos ricos em nutrientes e com muitos benef\u00edcios \u00e0 sa\u00fade. Os superalimentos cont\u00eam quantidades extras de vitaminas e minerais. Esses nutrientes ajudam a capacidade natural do corpo de combater doen\u00e7as como o c\u00e2ncer. Eles tamb\u00e9m ajudam a controlar condi\u00e7\u00f5es cr\u00f4nicas, como hipertens\u00e3o e diabetes. Os superalimentos permitem que as pessoas vivam vidas longas e muito saud\u00e1veis.<\/span><\/p>\n\n\n\n<p><span style=\"font-weight: 400;\">Os superalimentos muito procurados incluem mirtilos e kiwis. Nozes, sementes, feij\u00f5es e gr\u00e3os tamb\u00e9m s\u00e3o superalimentos. Folhas verdes escuras como couve e espinafre tamb\u00e9m se enquadram na categoria de superalimentos. Tamb\u00e9m est\u00e3o inclu\u00eddos peixes ricos em \u00e1cidos \u00f4mega, batata doce e ab\u00f3bora.<\/span><\/p>\n\n\n\n<p><span style=\"font-weight: 400;\">Other very healthy foods are also beneficial to health. Due to unexplained reasons, the health and wellness <a href=\"https:\/\/www.sisinternational.com\/pt\/pericia\/industrias\/pesquisa-de-mercado-da-industria-de-frutas\/\" title=\"Pesquisa de mercado da ind\u00fastria de frutas\"  data-wpil-monitor-id=\"8476\">industry is not yet touting these fruits<\/a> and vegetables as superfoods. The term &#8220;superfoods&#8221; implies the power and abilities of the foods. Still, people should consume them in moderation like any other food. Too much can prove detrimental to one\u2019s health.<\/span><\/p>\n\n\n\n<h2 class=\"wp-block-heading\">Superalimentos para a pele<\/h2>\n\n\n\n<figure class=\"gb-block-image gb-block-image-61562b35\"><img loading=\"lazy\" decoding=\"async\" width=\"1456\" height=\"816\" class=\"gb-image gb-image-61562b35\" src=\"https:\/\/www.sisinternational.com\/wp-content\/uploads\/2025\/08\/Fruit-7.jpg\" srcset=\"https:\/\/www.sisinternational.com\/wp-content\/uploads\/2025\/08\/Fruit-7.jpg 1456w, https:\/\/www.sisinternational.com\/wp-content\/uploads\/2025\/08\/Fruit-7-300x168.jpg 300w, https:\/\/www.sisinternational.com\/wp-content\/uploads\/2025\/08\/Fruit-7-1024x574.jpg 1024w, https:\/\/www.sisinternational.com\/wp-content\/uploads\/2025\/08\/Fruit-7-768x430.jpg 768w, https:\/\/www.sisinternational.com\/wp-content\/uploads\/2025\/08\/Fruit-7-18x10.jpg 18w\" sizes=\"auto, (max-width: 1456px) 100vw, 1456px\" alt=\"Pesquisa e Estrat\u00e9gia de Mercado Internacional da SIS\"><\/figure>\n\n\n\n<p><\/p>\n\n\n\n<p><span style=\"font-weight: 400;\">Cosmetic companies have discovered that superfoods also benefit the skin. These companies are developing skin care products with superfoods as ingredients. Indeed, there has been a shift of focus, so superfoods are now included in skin care regimens.<\/span><\/p>\n\n\n\n<p><span style=\"font-weight: 400;\">Skincare companies are targeting the health and <a href=\"https:\/\/www.sisinternational.com\/pt\/solucoes\/pesquisa-de-mercado-de-produtos-de-beleza\/\" title=\"Consultoria em inova\u00e7\u00e3o em beleza e pesquisa de mercado de beleza\"  data-wpil-monitor-id=\"8466\">beauty conscious segment of the market<\/a>. It is happening as the world becomes more health conscious. People are more cautious about what they put inside their bodies. The idea is that if a type of <a href=\"https:\/\/www.sisinternational.com\/pt\/pericia\/industrias\/pesquisa-de-mercado-de-alimentos-e-bebidas-com-organismos-geneticamente-modificados\/\" title=\"Pesquisa de mercado de alimentos e bebidas de organismos geneticamente modificados\"  data-wpil-monitor-id=\"8478\">food is beneficial to the internal organs<\/a>, then it should do wonders for the outward appearance.<\/span><\/p>\n\n\n\n<p><span style=\"font-weight: 400;\">Alguns ingredientes encontrados em produtos para a pele no passado provaram ser t\u00f3xicos. As empresas de cosm\u00e9ticos est\u00e3o usando ingredientes mais saud\u00e1veis, ricos em vitaminas e nutrientes. A expectativa \u00e9 que os ingredientes dos superalimentos nos cuidados com a pele aumentem.<\/span><\/p>\n\n\n\n<h2 class=\"wp-block-heading\">&nbsp;<\/h2>\n\n\n\n<p><span style=\"font-weight: 400;\">Aloe is one of the superfoods that promote clear and healthy skin. Other skincare superfoods are blackberries and blueberries. <a href=\"https:\/\/www.sisinternational.com\/pt\/solucoes\/solucoes-de-branding-e-pesquisa-de-clientes\/pesquisa-de-mercado-de-cuidados-com-a-pele\/\" title=\"Pesquisa de mercado de cuidados com a pele | Consultoria na ind\u00fastria de beleza\"  data-wpil-monitor-id=\"8468\">Skincare companies are marketing<\/a> these superfoods, as nutri-cosmetics.<\/span><\/p>\n\n\n\n<h2 class=\"wp-block-heading\"><span style=\"font-weight: 400;\">Marcas de superalimentos para cuidados com a pele<\/span><\/h2>\n\n\n\n<p><span style=\"font-weight: 400;\">Companies that produce nutri-cosmetics include Avon, Tilvee Super Food Skincare, and Johnson &amp; Johnson. Such companies are now taking a healthier and natural approach to product development. They are selling products at a faster rate with shorter shelf lives, as a result of customer reviews. Even skin capsules are being transformed to include superfoods. Aloe and cucumber skin lotions are a good example. Most of these products smell almost as good, and even better than the actual food from which they are derived.<\/span><\/p>\n\n\n\n<p><span style=\"font-weight: 400;\">A empresa que se destaca no ramo de superalimentos para a pele \u00e9 a Elemis. Esta empresa obt\u00e9m produtos bot\u00e2nicos \u00e0 base de plantas de todos os cantos do mundo. Ele combina ingredientes feitos em laborat\u00f3rio com superbot\u00e2nicos. Essas misturas produzem formula\u00e7\u00f5es que passam por testes cl\u00ednicos e de consumo completos. A maioria cont\u00e9m supercompostos, como antioxidantes e pept\u00eddeos. Os cientistas escolhem esses vegetais por sua pot\u00eancia. Eles tamb\u00e9m valorizam sua singularidade, efic\u00e1cia e propriedades din\u00e2micas.<\/span><\/p>\n\n\n\n<p><span style=\"font-weight: 400;\">Krave \u00e9 outra marca que tem como filosofia que os cuidados com a pele devem respeitar a sua biologia. Eles baseiam seus produtos em f\u00f3rmulas n\u00e3o irritantes e sem fragr\u00e2ncias. Eles misturam suas f\u00f3rmulas com nutrientes e antioxidantes \u201cdeliciosos para a pele\u201d. Krave \u00e9 feito na Cor\u00e9ia. No entanto, a marca deixa claro que n\u00e3o quer fazer parte da mania K-Beauty. Krave quer deixar claro que seus produtos podem ser independentes.<\/span><\/p>\n\n\n\n<p><span style=\"font-weight: 400;\">Thousands of superfood <a href=\"https:\/\/www.sisinternational.com\/pt\/pericia\/curriculos-de-experiencia\/pesquisa-de-mercado-de-produtos-de-higiene-pessoal\/\" title=\"Pesquisa de mercado de produtos de cuidados pessoais\"  data-wpil-monitor-id=\"8470\">products are already on the market<\/a>. More are under development. The world is becoming health-oriented. The general population is reading labels. People are looking for particular ingredients before buying skin care products. In this age of information, the fine print cannot hide. People are taking better care of their bodies both inside and out.<\/span><\/p>\n\n\n\n<h2 class=\"wp-block-heading\">Cuidados com a pele de couve<\/h2>\n\n\n\n<p><span style=\"font-weight: 400;\">The cosmetic <a href=\"https:\/\/www.sisinternational.com\/pt\/empresa-de-previsao-de-tendencias-da-industria-b2b\/\" title=\"Empresa de previs\u00e3o das principais tend\u00eancias da ind\u00fastria B2B\"  data-wpil-monitor-id=\"8480\">industry has embraced the superfood trend<\/a>. Kale, which was virtually ignored twenty years ago, is now being consumed in copious quantities. It\u2019s only natural that these kale eaters will also see the benefit of using elements of the plant in their skincare. This segment of the population is easy to market to, and the cosmetic industry is enjoying the benefit of this low hanging fruit.<\/span><\/p>\n\n\n\n<h2 class=\"wp-block-heading\">Sobre n\u00f3s<\/h2>\n\n\n\n<p>SIS has over 40+ years experience in conducting <a href=\"https:\/\/www.sisinternational.com\/pt\/\" title=\"In\u00edcio\"  data-wpil-monitor-id=\"8461\">Market Research and Strategy<\/a> Consulting projects for Skincare, Health and Wellness companies.&nbsp; We conduct In-Home <a href=\"https:\/\/www.sisinternational.com\/pt\/solucoes\/solucoes-de-branding-e-pesquisa-de-clientes\/pesquisa-de-mercado-para-testes-de-produtos\/\" title=\"Pesquisa de mercado para testes de produtos\"  data-wpil-monitor-id=\"8473\">Product Usage tests<\/a>, Focus Groups, Ethnography, Influencer research and Customer Interviews.<\/p>\n\n\n\n<p><\/p>","protected":false},"excerpt":{"rendered":"<p>Superalimentos s\u00e3o elementos vegetais, peixes e latic\u00ednios que s\u00e3o nutritivos e beneficiam a pele. Saiba mais sobre a Pesquisa de Mercado de Superfood Skincare.<\/p>","protected":false},"author":1,"featured_media":64540,"parent":27176,"menu_order":0,"comment_status":"closed","ping_status":"closed","template":"","meta":{"footnotes":""},"class_list":["post-27300","page","type-page","status-publish","has-post-thumbnail"],"_links":{"self":[{"href":"https:\/\/www.sisinternational.com\/pt\/wp-json\/wp\/v2\/pages\/27300","targetHints":{"allow":["GET"]}}],"collection":[{"href":"https:\/\/www.sisinternational.com\/pt\/wp-json\/wp\/v2\/pages"}],"about":[{"href":"https:\/\/www.sisinternational.com\/pt\/wp-json\/wp\/v2\/types\/page"}],"author":[{"embeddable":true,"href":"https:\/\/www.sisinternational.com\/pt\/wp-json\/wp\/v2\/users\/1"}],"replies":[{"embeddable":true,"href":"https:\/\/www.sisinternational.com\/pt\/wp-json\/wp\/v2\/comments?post=27300"}],"version-history":[{"count":4,"href":"https:\/\/www.sisinternational.com\/pt\/wp-json\/wp\/v2\/pages\/27300\/revisions"}],"predecessor-version":[{"id":81423,"href":"https:\/\/www.sisinternational.com\/pt\/wp-json\/wp\/v2\/pages\/27300\/revisions\/81423"}],"up":[{"embeddable":true,"href":"https:\/\/www.sisinternational.com\/pt\/wp-json\/wp\/v2\/pages\/27176"}],"wp:featuredmedia":[{"embeddable":true,"href":"https:\/\/www.sisinternational.com\/pt\/wp-json\/wp\/v2\/media\/64540"}],"wp:attachment":[{"href":"https:\/\/www.sisinternational.com\/pt\/wp-json\/wp\/v2\/media?parent=27300"}],"curies":[{"name":"wp","href":"https:\/\/api.w.org\/{rel}","templated":true}]}}