{"id":27296,"date":"2018-07-12T03:02:06","date_gmt":"2018-07-12T03:02:06","guid":{"rendered":"https:\/\/www.sisinternational.com\/?page_id=27296"},"modified":"2026-03-06T19:50:17","modified_gmt":"2026-03-07T00:50:17","slug":"pesquisa-de-mercado-de-beleza-coreana-k-beauty","status":"publish","type":"page","link":"https:\/\/www.sisinternational.com\/pt\/cobertura\/pesquisa-de-mercado-asia\/pesquisa-de-mercado-de-beleza-coreana-k-beauty\/","title":{"rendered":"Pesquisa de mercado de beleza coreana | K beleza"},"content":{"rendered":"<h1 class=\"wp-block-heading\">Pesquisa de mercado de beleza coreana | K beleza<\/h1>\n\n\n\n<figure class=\"gb-block-image gb-block-image-f5840260\"><img loading=\"lazy\" decoding=\"async\" width=\"1456\" height=\"816\" class=\"gb-image gb-image-f5840260\" src=\"https:\/\/www.sisinternational.com\/wp-content\/uploads\/2025\/08\/K-beauty-korean-3.jpg\" srcset=\"https:\/\/www.sisinternational.com\/wp-content\/uploads\/2025\/08\/K-beauty-korean-3.jpg 1456w, https:\/\/www.sisinternational.com\/wp-content\/uploads\/2025\/08\/K-beauty-korean-3-300x168.jpg 300w, https:\/\/www.sisinternational.com\/wp-content\/uploads\/2025\/08\/K-beauty-korean-3-1024x574.jpg 1024w, https:\/\/www.sisinternational.com\/wp-content\/uploads\/2025\/08\/K-beauty-korean-3-768x430.jpg 768w, https:\/\/www.sisinternational.com\/wp-content\/uploads\/2025\/08\/K-beauty-korean-3-18x10.jpg 18w\" sizes=\"auto, (max-width: 1456px) 100vw, 1456px\" alt=\"Pesquisa e Estrat\u00e9gia de Mercado Internacional da SIS\"><\/figure>\n\n\n\n<p><\/p>\n\n\n\n<h2 class=\"wp-block-heading\"><span style=\"font-weight: 400;\">Os produtos de beleza e cuidados com a pele coreanos deixaram de ser uma nova tend\u00eancia e se tornaram um fen\u00f4meno. <\/span><\/h2>\n\n\n\n<p><span style=\"font-weight: 400;\">Mulheres de todo o mundo est\u00e3o tentando alcan\u00e7ar o brilho luminoso associado \u00e0 \u201cK-beauty\u201d. Uma das tend\u00eancias, que existe desde 2016, tem como foco o visual \u201cpele de vidro\u201d, que significa brilho saud\u00e1vel. A ideia \u00e9 ter uma pele hidratada e sem pigmentos, e n\u00e3o depender tanto de maquiagem.<\/span><\/p>\n\n\n\n<p><span style=\"font-weight: 400;\">A tend\u00eancia \u201cPele sem nuvens\u201d refere-se a uma tez clara e perfeita. Tamb\u00e9m se relaciona com um brilho interior saud\u00e1vel. Ent\u00e3o, como alcan\u00e7ar o ideal de uma pele sem nuvens? Os entusiastas da beleza K conseguem uma pele sem nuvens atrav\u00e9s de h\u00e1bitos de vida saud\u00e1veis. Eles tamb\u00e9m usam produtos de beleza K de primeira linha.<\/span><\/p>\n\n\n\n<h2 class=\"wp-block-heading\"><span style=\"font-weight: 400;\">Principais marcas coreanas de cuidados com a pele<\/span><\/h2>\n\n\n\n<p><span style=\"font-weight: 400;\">Here\u2019s a list of some of the best K-beauty <a href=\"https:\/\/www.sisinternational.com\/pt\/pericia\/industrias\/pesquisa-de-mercado-da-marca\/\" title=\"Pesquisa de mercado da marca\"  data-wpil-monitor-id=\"8458\">brands on the market<\/a>:<\/span><\/p>\n\n\n\n<ul class=\"wp-block-list\">\n<li><span style=\"font-weight: 400;\">Ess\u00eancia de origem calmante Atoclassic Real Tonic: Ginseng, cris\u00e2ntemo e alca\u00e7uz s\u00e3o as tr\u00eas ervas tradicionais que tornam esta potente ess\u00eancia calmante para a pele.<\/span><\/li>\n\n\n\n<li><span style=\"font-weight: 400;\">Pedra Cl\u00e1ssica da Pele de Abril. Esta \u201cpedra m\u00e1gica\u201d \u00e9 apreciada na Coreia. Cont\u00e9m carv\u00e3o, que remove \u00f3leo, sujeira e outras impurezas dos poros. Tamb\u00e9m cont\u00e9m \u00e1cido hialur\u00f4nico, que hidrata e desintoxica a pele.<\/span><\/li>\n\n\n\n<li><span style=\"font-weight: 400;\">Klairs: Esta marca totalmente natural n\u00e3o cont\u00e9m \u00e1lcool, corantes, fragr\u00e2ncias artificiais ou parabenos. Os usu\u00e1rios podem atenuar manchas escuras e cicatrizes de acne com seu soro di\u00e1rio Freshly Juiced Vitamin Drop, que tamb\u00e9m fornece nutrientes e umidade.<\/span><\/li>\n\n\n\n<li><span style=\"font-weight: 400;\">Son &amp; Park: pele brilhante e \u00famida \u00e9 o objetivo desta marca nacional. O Beauty Filter Cream favorito do culto em Glow e o Lip Crayon s\u00e3o altamente recomendados.<\/span><\/li>\n<\/ul>\n\n\n\n<h2 class=\"wp-block-heading\"><span style=\"font-weight: 400;\">Rotina K-Beauty<\/span><\/h2>\n\n\n\n<p><span style=\"font-weight: 400;\">A rotina de 10 passos K-Beauty \u00e9 uma das mais seguidas no mundo. \u00c9 mais uma mudan\u00e7a de estilo de vida que se tornou um fen\u00f4meno global. A rotina come\u00e7a com uma dupla limpeza da pele. Os usu\u00e1rios come\u00e7am com um limpador \u00e0 base de \u00f3leo e seguem com uma solu\u00e7\u00e3o \u00e0 base de \u00e1gua. Em seguida vem a esfolia\u00e7\u00e3o, seguida da tonifica\u00e7\u00e3o.<\/span><\/p>\n\n\n\n<p><span style=\"font-weight: 400;\">O cora\u00e7\u00e3o da rotina K-beauty \u00e9 o Passo 5: ess\u00eancia. Essence \u00e9 um tipo de h\u00edbrido de toner \/ soro feito para auxiliar na renova\u00e7\u00e3o celular e na repara\u00e7\u00e3o da pele, al\u00e9m de hidratar. Depois da ess\u00eancia v\u00eam os tratamentos, seguidos pelas m\u00e1scaras em folha. Em seguida vem o creme para os olhos, seguido do hidratante. A etapa final \u00e9 a prote\u00e7\u00e3o solar.<\/span><\/p>\n\n\n\n<p><span style=\"font-weight: 400;\">A principal ind\u00fastria de cosm\u00e9ticos est\u00e1 adotando o K-Beauty. Os especialistas veem isso como mais do que uma moda passageira. As vendas de cosm\u00e9ticos da Coreia aumentaram mais de 50% em rela\u00e7\u00e3o aos n\u00fameros de 2014. Empresas norte-americanas como a Bain Capital Equity e a Goldman Sachs est\u00e3o a receber uma fatia do bolo. Ambas as empresas anunciaram que iriam adquirir uma participa\u00e7\u00e3o maiorit\u00e1ria numa grande empresa coreana de cosm\u00e9ticos. Al\u00e9m disso, a Amway construiu seu Centro de Inova\u00e7\u00e3o em Beleza em Seul.<\/span><\/p>\n\n\n\n<h2 class=\"wp-block-heading\"><span style=\"font-weight: 400;\">Avalia\u00e7\u00f5es da K-Beauty<\/span><\/h2>\n\n\n\n<p><span style=\"font-weight: 400;\">Blogueiros e entusiastas de cuidados com a pele est\u00e3o dando \u00f3timas cr\u00edticas \u00e0 K-Beauty. V\u00e1rios blogueiros tentaram a rotina de 10 passos e postaram fotos de antes e depois. Alguns desses blogueiros s\u00e3o influenciadores. Suas postagens geram novos entusiastas. Os blogueiros tamb\u00e9m est\u00e3o entusiasmados com os produtos coreanos. \u00c9 f\u00e1cil encontrar listas dos 10 melhores produtos K-Beauty online.<\/span><\/p>\n\n\n\n<h2 class=\"wp-block-heading\"><span style=\"font-weight: 400;\">O futuro dos cuidados com a pele<\/span><\/h2>\n\n\n\n<p><span style=\"font-weight: 400;\">Skincare remains the largest and most profitable <a href=\"https:\/\/www.sisinternational.com\/pt\/industry-forecast\/industrial-sector-forecast\/\" title=\"Industrial Sector Forecast\"  data-wpil-monitor-id=\"8460\">sector of the beauty industry<\/a>. South Korea maintains a lofty presence in the field of skin care development. It\u2019s definite that Korea is the future. Western brands are adapting <a href=\"https:\/\/www.sisinternational.com\/pt\/pericia\/curriculos-de-experiencia\/pesquisa-de-mercado-de-produtos-de-higiene-pessoal\/\" title=\"Pesquisa de mercado de produtos de cuidados pessoais\"  data-wpil-monitor-id=\"8463\">products for the Korean market<\/a>. Korea also has the infrastructure to manufacture beauty products. The developers of these <a href=\"https:\/\/www.sisinternational.com\/pt\/solucoes\/consultoria-estrategica\/pesquisa-de-mercado-de-produto-minimo-viavel\/\" title=\"Pesquisa de mercado de produto m\u00ednimo vi\u00e1vel\"  data-wpil-monitor-id=\"8465\">products have influencer and Internet marketing<\/a> in mind. It\u2019s thus no wonder that K-Beauty is having such an impact on the international market.<\/span><\/p>\n\n\n\n<p><\/p>","protected":false},"excerpt":{"rendered":"<p>Os produtos de beleza e cuidados com a pele coreanos deixaram de ser uma nova tend\u00eancia e se tornaram um fen\u00f4meno. Mulheres de todo o mundo est\u00e3o tentando alcan\u00e7ar o brilho luminoso associado \u00e0 \u201cK-beauty\u201d. <\/p>","protected":false},"author":1,"featured_media":64727,"parent":14508,"menu_order":8,"comment_status":"closed","ping_status":"closed","template":"","meta":{"footnotes":""},"class_list":["post-27296","page","type-page","status-publish","has-post-thumbnail"],"_links":{"self":[{"href":"https:\/\/www.sisinternational.com\/pt\/wp-json\/wp\/v2\/pages\/27296","targetHints":{"allow":["GET"]}}],"collection":[{"href":"https:\/\/www.sisinternational.com\/pt\/wp-json\/wp\/v2\/pages"}],"about":[{"href":"https:\/\/www.sisinternational.com\/pt\/wp-json\/wp\/v2\/types\/page"}],"author":[{"embeddable":true,"href":"https:\/\/www.sisinternational.com\/pt\/wp-json\/wp\/v2\/users\/1"}],"replies":[{"embeddable":true,"href":"https:\/\/www.sisinternational.com\/pt\/wp-json\/wp\/v2\/comments?post=27296"}],"version-history":[{"count":5,"href":"https:\/\/www.sisinternational.com\/pt\/wp-json\/wp\/v2\/pages\/27296\/revisions"}],"predecessor-version":[{"id":81420,"href":"https:\/\/www.sisinternational.com\/pt\/wp-json\/wp\/v2\/pages\/27296\/revisions\/81420"}],"up":[{"embeddable":true,"href":"https:\/\/www.sisinternational.com\/pt\/wp-json\/wp\/v2\/pages\/14508"}],"wp:featuredmedia":[{"embeddable":true,"href":"https:\/\/www.sisinternational.com\/pt\/wp-json\/wp\/v2\/media\/64727"}],"wp:attachment":[{"href":"https:\/\/www.sisinternational.com\/pt\/wp-json\/wp\/v2\/media?parent=27296"}],"curies":[{"name":"wp","href":"https:\/\/api.w.org\/{rel}","templated":true}]}}