{"id":27258,"date":"2018-07-11T06:33:40","date_gmt":"2018-07-11T06:33:40","guid":{"rendered":"https:\/\/www.sisinternational.com\/?page_id=27258"},"modified":"2026-03-06T19:50:29","modified_gmt":"2026-03-07T00:50:29","slug":"pesquisa-de-mercado-de-beleza-japonesa-j-beauty","status":"publish","type":"page","link":"https:\/\/www.sisinternational.com\/pt\/cobertura\/pesquisa-de-mercado-asia\/pesquisa-de-mercado-de-beleza-japonesa-j-beauty\/","title":{"rendered":"Pesquisa de mercado de beleza japonesa | J beleza"},"content":{"rendered":"<h1 class=\"wp-block-heading\">Pesquisa de mercado de beleza japonesa | J beleza<\/h1>\n\n\n\n<figure class=\"gb-block-image gb-block-image-3ea2d3e4\"><img loading=\"lazy\" decoding=\"async\" width=\"1456\" height=\"816\" class=\"gb-image gb-image-3ea2d3e4\" src=\"https:\/\/www.sisinternational.com\/wp-content\/uploads\/2025\/09\/Japan-4.jpg\" alt=\"Pesquisa e Estrat\u00e9gia de Mercado Internacional da SIS\" title=\"Japan (4)\" srcset=\"https:\/\/www.sisinternational.com\/wp-content\/uploads\/2025\/09\/Japan-4.jpg 1456w, https:\/\/www.sisinternational.com\/wp-content\/uploads\/2025\/09\/Japan-4-300x168.jpg 300w, https:\/\/www.sisinternational.com\/wp-content\/uploads\/2025\/09\/Japan-4-1024x574.jpg 1024w, https:\/\/www.sisinternational.com\/wp-content\/uploads\/2025\/09\/Japan-4-768x430.jpg 768w, https:\/\/www.sisinternational.com\/wp-content\/uploads\/2025\/09\/Japan-4-18x10.jpg 18w\" sizes=\"auto, (max-width: 1456px) 100vw, 1456px\"><\/figure>\n\n\n\n<p><\/p>\n\n\n\n<h2 class=\"wp-block-heading\">Pense na ci\u00eancia combinada com a natureza<\/h2>\n\n\n\n<p>A ci\u00eancia e a natureza s\u00e3o as origens dos principais ingredientes que t\u00eam sido usados em rituais japoneses h\u00e1 s\u00e9culos, aprimorados por tecnologias inovadoras e pesquisa e desenvolvimento estelares. A beleza e o bem-estar sempre foram partes importantes da cultura japonesa. Os produtos japoneses de beleza e cuidados com a pele levam esses ingredientes a todas as etnias e faixas et\u00e1rias.&nbsp;<span style=\"font-weight: 400;\">Aqui est\u00e1 uma olhada em alguns produtos populares da J-beauty:<\/span><\/p>\n\n\n\n<h2 class=\"wp-block-heading\"><span style=\"font-weight: 400;\">Produtos de beleza japoneses<\/span><\/h2>\n\n\n\n<p><b>Shiseido<\/b><\/p>\n\n\n\n<p><span style=\"font-weight: 400;\">Shiseido \u00e9 uma empresa multinacional japonesa. Eles fabricam produtos para cabelos e cuidados com a pele, fragr\u00e2ncias e cosm\u00e9ticos. Fundada em 1872, a Shiseido \u00e9 uma das empresas de cosm\u00e9ticos mais antigas do mundo. \u00c9 a maior empresa de cosm\u00e9ticos do Jap\u00e3o e a quinta maior do mundo. Seus produtos est\u00e3o dispon\u00edveis apenas em lojas de departamentos selecionadas.<\/span><\/p>\n\n\n\n<p><b>SK-II<\/b><\/p>\n\n\n\n<p><span style=\"font-weight: 400;\">SK-II \u00e9 uma marca J-beauty lan\u00e7ada em 1980. Cientistas japoneses desenvolveram a marca na d\u00e9cada de 1970. Eles estavam explorando o uso de ingredientes mais naturais. A P&amp;G adquiriu a marca em 1991, juntamente com a compra da Max Factor. Logo depois, o SK-II expandiu as vendas do Jap\u00e3o para a Cor\u00e9ia, Taiwan e Hong Kong. A marca chegou \u00e0s lojas no Reino Unido em 2000 e chegou aos EUA.<\/span><\/p>\n\n\n\n<h2 class=\"wp-block-heading\">Oportunidades J-Beauty<\/h2>\n\n\n\n<p><span style=\"font-weight: 400;\">\u201cJ-beauty,\u201d the sleeping giant of the cosmetic industry, has woken up. Its key competitor is \u201cK-beauty\u201d or Korean beauty. The latter has the advantages of efficiency and manufacturing speed. However, K-beauty can\u2019t contend with Japan\u2019s far more elaborate and delicate beauty routines. It also cannot compete with their long-term <a href=\"https:\/\/www.sisinternational.com\/pt\/solucoes\/pesquisa-de-consultoria-em-estrategia-fintech\/pesquisa-de-mercado-de-tecnologia-de-investimento\/\" title=\"Pesquisa de mercado de tecnologia de investimento\"  data-wpil-monitor-id=\"10755\">investment in technology<\/a>. Japan&#8217;s obsession with beauty also makes it difficult for K-beauty to compete.<\/span><\/p>\n\n\n\n<p><span style=\"font-weight: 400;\">A ind\u00fastria da beleza japonesa remonta ao s\u00e9culo VI. Elementos como o l\u00e1bio vermelho original s\u00e3o japoneses. Outro fator japon\u00eas s\u00e3o os pinc\u00e9is de maquiagem estilo caligrafia. O uso do p\u00f3 de arroz como matificante e fixador de maquiagem tamb\u00e9m \u00e9 de origem japonesa. Muito do que h\u00e1 de interessante na K-beauty veio do Jap\u00e3o. A beleza japonesa consegue casar o antigo e o novo com facilidade.<\/span><\/p>\n\n\n\n<p><span style=\"font-weight: 400;\">Japan has had a foothold in the US market for decades. The hunger for their products remains. Brands like Shiseido have invested in innovation, and Japan\u2019s R&amp;D is estimated to be two years ahead of that of the US. &nbsp;One of the innovations under development is <a href=\"https:\/\/www.sisinternational.com\/pt\/solucoes\/pesquisa-de-mercado-de-ia-e-consultoria-estrategica\/consultoria-de-inteligencia-artificial-de-automacao-da-industria-de-tecnologia\/\" title=\"Consultoria em Automa\u00e7\u00e3o da Ind\u00fastria de Tecnologia e Intelig\u00eancia Artificial\"  data-wpil-monitor-id=\"10758\">artificial skin technology<\/a>. This second skin, made from a durable elastic polymer, sits under makeup or UV. Users dab it on like a lotion, and it makes wrinkles disappear.<\/span><\/p>\n\n\n\n<p><span style=\"font-weight: 400;\">Ent\u00e3o, o que diferencia as marcas J de seus concorrentes ocidentais? A ci\u00eancia e a tecnologia japonesas permitem a efic\u00e1cia dos seus produtos. Suas texturas tamb\u00e9m s\u00e3o de qualidade superior. Isto \u00e9 especialmente verdadeiro para cremes, produtos com FPS e bases. Os produtos japoneses tamb\u00e9m podem ser usados em conjunto com os do Ocidente. Os viciados em beleza no Ocidente podem, portanto, adicionar um ou dois produtos do Jap\u00e3o aos seus regimes de cuidados com a pele existentes, se n\u00e3o estiverem prontos para usar o J-beauty completo.<\/span><\/p>\n\n\n\n<h2 class=\"wp-block-heading\">Sobre n\u00f3s<\/h2>\n\n\n\n<p>SIS has in-depth experience in conducting <a href=\"https:\/\/www.sisinternational.com\/pt\/beauty-market-research-in-the-us\/\" title=\"Beauty Market Research in the US\"  data-wpil-monitor-id=\"880\">market research and strategy consulting for J<\/a> Beauty brands entering the US American, European and Asian markets.&nbsp; The following are our highlights:<\/p>\n\n\n\n<ul class=\"wp-block-list\">\n<li><a href=\"https:\/\/www.sisinternational.com\/pt\/solucoes\/grupos-de-foco\/grupos-de-foco-de-nyc-para-testar-produtos-para-idosos\/\" title=\"Aproveitando os grupos de foco de Nova York para testar produtos para idosos \u00a0\"  data-wpil-monitor-id=\"10750\">Focus Group and Product Testing<\/a> center in New York City<\/li>\n\n\n\n<li>Coast-to-Coast Qualitative and Quantitative <a href=\"https:\/\/www.sisinternational.com\/pt\/cobertura\/as-americas\/cobertura-dos-eua\/\" title=\"Pesquisa de mercado nos Estados Unidos\"  data-wpil-monitor-id=\"10752\">Research capabilities in the United States<\/a><\/li>\n\n\n\n<li>Full-Service Research capabilities in the United Kingdom and <a href=\"https:\/\/www.sisinternational.com\/pt\/tendencias-do-mercado-de-bem-estar-e-saude-na-europa\/\" title=\"Pesquisa de mercado de sa\u00fade e bem-estar na Europa\"  data-wpil-monitor-id=\"10748\">Europa<\/a><\/li>\n\n\n\n<li>Especialistas em beleza da equipe<\/li>\n\n\n\n<li>Equipe bil\u00edngue que fala ingl\u00eas-japon\u00eas<\/li>\n\n\n\n<li>Over 40+ years experience in Global <a class=\"wpil_keyword_link\" href=\"https:\/\/www.sisinternational.com\/pt\/beauty-market-research-2\/\"   title=\"Beauty Market Research\" data-wpil-keyword-link=\"linked\"  data-wpil-monitor-id=\"471\">Beauty Market Research<\/a><\/li>\n<\/ul>","protected":false},"excerpt":{"rendered":"<p>A beleza japonesa conhecida como J Beauty \u00e9 um setor em ascens\u00e3o no mercado global de beleza. Saiba mais sobre as tend\u00eancias e oportunidades crescentes que a J Beauty Market Research oferece.<\/p>","protected":false},"author":1,"featured_media":65779,"parent":14508,"menu_order":7,"comment_status":"closed","ping_status":"closed","template":"","meta":{"_uag_custom_page_level_css":"","footnotes":""},"class_list":["post-27258","page","type-page","status-publish","has-post-thumbnail"],"uagb_featured_image_src":{"full":["https:\/\/www.sisinternational.com\/wp-content\/uploads\/2025\/09\/Japan-4.jpg",1456,816,false],"thumbnail":["https:\/\/www.sisinternational.com\/wp-content\/uploads\/2025\/09\/Japan-4-150x150.jpg",150,150,true],"medium":["https:\/\/www.sisinternational.com\/wp-content\/uploads\/2025\/09\/Japan-4-300x168.jpg",300,168,true],"medium_large":["https:\/\/www.sisinternational.com\/wp-content\/uploads\/2025\/09\/Japan-4-768x430.jpg",768,430,true],"large":["https:\/\/www.sisinternational.com\/wp-content\/uploads\/2025\/09\/Japan-4-1024x574.jpg",1024,574,true],"1536x1536":["https:\/\/www.sisinternational.com\/wp-content\/uploads\/2025\/09\/Japan-4.jpg",1456,816,false],"2048x2048":["https:\/\/www.sisinternational.com\/wp-content\/uploads\/2025\/09\/Japan-4.jpg",1456,816,false],"trp-custom-language-flag":["https:\/\/www.sisinternational.com\/wp-content\/uploads\/2025\/09\/Japan-4-18x10.jpg",18,10,true]},"uagb_author_info":{"display_name":"Ruth Stanat","author_link":"https:\/\/www.sisinternational.com\/pt\/author\/expert\/"},"uagb_comment_info":0,"uagb_excerpt":"Japanese Beauty known as J Beauty is a rising sector of the global beauty market. Learn more about rising trends and opportunities that J Beauty Market Research provides.","_links":{"self":[{"href":"https:\/\/www.sisinternational.com\/pt\/wp-json\/wp\/v2\/pages\/27258","targetHints":{"allow":["GET"]}}],"collection":[{"href":"https:\/\/www.sisinternational.com\/pt\/wp-json\/wp\/v2\/pages"}],"about":[{"href":"https:\/\/www.sisinternational.com\/pt\/wp-json\/wp\/v2\/types\/page"}],"author":[{"embeddable":true,"href":"https:\/\/www.sisinternational.com\/pt\/wp-json\/wp\/v2\/users\/1"}],"replies":[{"embeddable":true,"href":"https:\/\/www.sisinternational.com\/pt\/wp-json\/wp\/v2\/comments?post=27258"}],"version-history":[{"count":7,"href":"https:\/\/www.sisinternational.com\/pt\/wp-json\/wp\/v2\/pages\/27258\/revisions"}],"predecessor-version":[{"id":81761,"href":"https:\/\/www.sisinternational.com\/pt\/wp-json\/wp\/v2\/pages\/27258\/revisions\/81761"}],"up":[{"embeddable":true,"href":"https:\/\/www.sisinternational.com\/pt\/wp-json\/wp\/v2\/pages\/14508"}],"wp:featuredmedia":[{"embeddable":true,"href":"https:\/\/www.sisinternational.com\/pt\/wp-json\/wp\/v2\/media\/65779"}],"wp:attachment":[{"href":"https:\/\/www.sisinternational.com\/pt\/wp-json\/wp\/v2\/media?parent=27258"}],"curies":[{"name":"wp","href":"https:\/\/api.w.org\/{rel}","templated":true}]}}