{"id":27253,"date":"2018-07-11T05:44:08","date_gmt":"2018-07-11T05:44:08","guid":{"rendered":"https:\/\/www.sisinternational.com\/?page_id=27253"},"modified":"2025-09-11T18:28:29","modified_gmt":"2025-09-11T22:28:29","slug":"pesquisa-de-mercado-farmaceutico-2","status":"publish","type":"page","link":"https:\/\/www.sisinternational.com\/pt\/pericia\/pesquisa-de-mercado-farmaceutico-2\/","title":{"rendered":"Pesquisa de Mercado Farmac\u00eautico"},"content":{"rendered":"<h1 class=\"wp-block-heading\"><span style=\"font-weight: 400;\"><strong>Pesquisa de Mercado Farmac\u00eautico<\/strong><\/span><\/h1>\n\n\n\n<figure class=\"gb-block-image gb-block-image-1dcaaec4\"><img loading=\"lazy\" decoding=\"async\" width=\"1456\" height=\"816\" class=\"gb-image gb-image-1dcaaec4\" src=\"https:\/\/www.sisinternational.com\/wp-content\/uploads\/2025\/08\/Pharmaceutical-8.jpg\" alt=\"Pesquisa e Estrat\u00e9gia de Mercado Internacional da SIS\" title=\"Pharmaceutical (8)\" srcset=\"https:\/\/www.sisinternational.com\/wp-content\/uploads\/2025\/08\/Pharmaceutical-8.jpg 1456w, https:\/\/www.sisinternational.com\/wp-content\/uploads\/2025\/08\/Pharmaceutical-8-300x168.jpg 300w, https:\/\/www.sisinternational.com\/wp-content\/uploads\/2025\/08\/Pharmaceutical-8-1024x574.jpg 1024w, https:\/\/www.sisinternational.com\/wp-content\/uploads\/2025\/08\/Pharmaceutical-8-768x430.jpg 768w, https:\/\/www.sisinternational.com\/wp-content\/uploads\/2025\/08\/Pharmaceutical-8-18x10.jpg 18w\" sizes=\"auto, (max-width: 1456px) 100vw, 1456px\"><\/figure>\n\n\n\n<p><\/p>\n\n\n\n<h2 class=\"wp-block-heading\"><span style=\"font-weight: 400;\"><strong>Sa\u00fade e bem-estar s\u00e3o uma parte importante da vida. \u00a0<\/strong><\/span><\/h2>\n\n\n\n<p><span style=\"font-weight: 400;\">These sectors relate to the development, manufacture, and marketing of medicines. &nbsp;The global revenue of the pharmaceutical industry is more than $1 trillion. Almost half of this figure comes from two countries: the US and Canada. It is by far the most profitable industry of all. The primary and generic pharmaceutical companies lead the way in the industry.<\/span><\/p>\n\n\n\n<p><span style=\"font-weight: 400;\">Algumas das inova\u00e7\u00f5es do setor v\u00eam de empresas farmac\u00eauticas especializadas. Algumas dessas empresas t\u00eam menos funcion\u00e1rios do que um \u00fanico departamento em uma das empresas maiores. Esses pequenos estabelecimentos est\u00e3o causando um impacto imenso nos pacientes. Eles se concentram em \u00e1reas terap\u00eauticas e nichos de mercado. Essas empresas est\u00e3o mostrando como uma abordagem direcionada pode gerar resultados. Algumas empresas se concentram totalmente em uma doen\u00e7a. Outros tratam doen\u00e7as que afetam apenas uma minoria da popula\u00e7\u00e3o. <\/span><\/p>\n\n\n\n<p><span style=\"font-weight: 400;\">The US pharmaceutical market dominates the rest of the world. The US is an <a href=\"https:\/\/www.sisinternational.com\/pt\/sis-lanca-novas-solucoes-de-pesquisa-digital\/\" title=\"SIS lan\u00e7a novas solu\u00e7\u00f5es de Pesquisa Digital\"  data-wpil-monitor-id=\"9628\">innovator<\/a> and a booster in the field of medical research and development. Their R&amp;D benefits the international pharmaceutical industry. Still, one of the top conditions affecting US patients is diabetes. Oncology and autoimmune diseases are also the focus of much research in the US. Pfizer, Johnson &amp; Johnson, and Merck &amp; Co. are the largest <a href=\"https:\/\/www.sisinternational.com\/pt\/solucoes\/consultoria-em-hotelaria-e-turismo-em-viagens\/pesquisa-de-mercado-de-empresa-de-guia-turistico\/\" title=\"Pesquisa de mercado da empresa de guia tur\u00edstico\"  data-wpil-monitor-id=\"9634\">companies on the US market<\/a>.<\/span><\/p>\n\n\n\n<h2 class=\"wp-block-heading\">Tend\u00eancias do mercado farmac\u00eautico<\/h2>\n\n\n\n<p><span style=\"font-weight: 400;\">Public Relations (PR) and Advertising are powerful for Pharma companies.&nbsp; One of the most prominent is the <a href=\"https:\/\/www.sisinternational.com\/pt\/analise-de-satisfacao-do-cliente\/\" title=\"8 maneiras de aumentar a satisfa\u00e7\u00e3o do cliente no varejo\"  data-wpil-monitor-id=\"9626\">consumer as customer<\/a>. Biotech stories are starting to proliferate. One such story involves the use of gene therapy to regrow the skin of a little boy.&nbsp; As drugs get personalized, stories such as these are capturing imaginations. They are also piquing people\u2019s interest in the sector.&nbsp;&nbsp;<\/span><\/p>\n\n\n\n<p><span style=\"font-weight: 400;\">Patient stories can be powerful.&nbsp; Negative publicity can also be influential.&nbsp; One pharma company made headline news for charging $1,000 per day to treat hepatitis, creating a slew of negative publicity.&nbsp; It\u2019s a brave \u2013 and complex new world for biotech and pharmaceutical companies.<\/span><\/p>\n\n\n\n<p><span style=\"font-weight: 400;\">There are several challenges in the pharmaceutical industry. These include policy reforms. For example, healthcare officials are likely to overhaul the Affordable Care Act soon. Another problem is the impact of new technologies. Industry players are still doubtful about the effects of these technologies. It is unclear how they will affect drug development and commercialization.&nbsp;&nbsp;Gene therapy and Gene editing are also gaining more headlines on opportunities and challenges in those sectors.<\/span><\/p>\n\n\n\n<h2 class=\"wp-block-heading\">Oportunidades farmac\u00eauticas globais<\/h2>\n\n\n\n<p><span style=\"font-weight: 400;\">Pharmaceutical sales are the largest in the US and Europe.\u00a0Developed markets for pharmaceuticals comprise the United States and Western <a href=\"https:\/\/www.sisinternational.com\/pt\/tendencias-do-mercado-de-bem-estar-e-saude-na-europa\/\" title=\"Pesquisa de mercado de sa\u00fade e bem-estar na Europa\"  data-wpil-monitor-id=\"9630\">Europa<\/a>. Canada, Japan, and Australia are also part of this market.\u00a0 The United States sells approximately 33%, Western Europe, 22%, and China, 10%. Japan accounts for 9% Latin America, 7%, and Russia, 4%. South Korea, India, Indonesia, and Australia are below 3%.\u00a0<\/span><\/p>\n\n\n\n<h2 class=\"wp-block-heading\">Marketing de influ\u00eancia farmac\u00eautica<\/h2>\n\n\n\n<p><span style=\"font-weight: 400;\">One of the <a href=\"https:\/\/www.sisinternational.com\/pt\/solucoes\/pesquisa-de-consultoria-em-estrategia-fintech\/pesquisa-digital\/\" title=\"Pesquisa de mercado digital\"  data-wpil-monitor-id=\"9636\">digital trends in pharma is influencer marketing<\/a>. An influencer is one who is active in one or more of the social channels, with a large follower base. Pharma companies have been using influencers. These influencers have been reporting on their use of certain drugs and devices. They are also influencing people&#8217;s behavior in the area of disease prevention. Influencers can also encourage adherence to treatment protocols.&nbsp; Support groups can be highly influential in treatment and patient behavior.<\/span><\/p>\n\n\n\n<h2 class=\"wp-block-heading\">Popula\u00e7\u00f5es Envelhecidas<\/h2>\n\n\n\n<p><span style=\"font-weight: 400;\">Um dos motores de crescimento da ind\u00fastria farmac\u00eautica \u00e9 o envelhecimento da popula\u00e7\u00e3o nos EUA e na maioria das economias avan\u00e7adas. Outro fator de crescimento \u00e9 o aumento de pessoas que vivem estilos de vida pouco saud\u00e1veis. Essas escolhas erradas incluem falta de exerc\u00edcios di\u00e1rios e h\u00e1bitos alimentares pouco saud\u00e1veis. <\/span><\/p>\n\n\n\n<p><span style=\"font-weight: 400;\">The USA and Europe are leaders in pharmaceutical development and use. Other areas like India and China have seen growth in recent years in the <a href=\"https:\/\/www.sisinternational.com\/pt\/pericia\/industrias\/pesquisa-de-mercado-em-ciencias-biologicas\/\" title=\"Pesquisa de mercado de ci\u00eancias biol\u00f3gicas\"  data-wpil-monitor-id=\"9632\">life science markets<\/a>. The cause of this growth is an increasing demand for <a href=\"https:\/\/www.sisinternational.com\/pt\/solucoes\/solucoes-de-branding-e-pesquisa-de-clientes\/pesquisa-de-mercado-para-testes-de-produtos\/product-testing-for-consumer-products\/medical-device-product-testing-in-nyc\/\" title=\"Medical Device Product Testing in NYC\"  data-wpil-monitor-id=\"9639\">devices and products<\/a>. It is also because of substantial capital opportunities.&nbsp;<\/span><\/p>\n\n\n\n<h2 class=\"wp-block-heading\">Solu\u00e7\u00f5es de pesquisa de mercado farmac\u00eautico<\/h2>\n\n\n\n<p>SIS International Research has over 40+ years of experience in <a href=\"https:\/\/www.sisinternational.com\/pt\/pericia\/industrias\/pesquisa-de-mercado-farmaceutico\/\" title=\"Pesquisa de mercado farmac\u00eautico\"  data-wpil-monitor-id=\"3453\">Mercado<\/a> Research and Strategy Consulting in the Pharmaceutical industry.\u00a0 We conduct research with patients, caretakers, physicians, payors, influencers, regulators, and other stakeholders.<\/p>\n\n\n\n<p>N\u00f3s provemos:<\/p>\n\n\n\n<ul class=\"wp-block-list\">\n<li>Grupos de foco<\/li>\n\n\n\n<li><a href=\"https:\/\/www.sisinternational.com\/pt\/solucoes\/empresa-de-pesquisa-de-mercado-de-comunidade-on-line-b2b\/\" title=\"Empresa de pesquisa de mercado de comunidades on-line B2B\"  data-wpil-monitor-id=\"9638\">Comunidades de insights on-line<\/a><\/li>\n\n\n\n<li>Entrevistas aprofundadas<\/li>\n\n\n\n<li>Pesquisas on-line<\/li>\n\n\n\n<li>Pesquisa de mercado multinacional e internacional<\/li>\n\n\n\n<li>Market Entry, Sizing, and Opportunity<\/li>\n\n\n\n<li>An\u00e1lise Estrat\u00e9gica e Competitiva<\/li>\n<\/ul>\n\n\n\n<p><\/p>","protected":false},"excerpt":{"rendered":"<p>A Pesquisa de Mercado fornece insights, dados e solu\u00e7\u00f5es para empresas farmac\u00eauticas. Saiba mais sobre Pesquisa de Mercado Farmac\u00eautico.<\/p>","protected":false},"author":1,"featured_media":62953,"parent":14514,"menu_order":34,"comment_status":"closed","ping_status":"closed","template":"","meta":{"footnotes":""},"class_list":["post-27253","page","type-page","status-publish","has-post-thumbnail"],"_links":{"self":[{"href":"https:\/\/www.sisinternational.com\/pt\/wp-json\/wp\/v2\/pages\/27253","targetHints":{"allow":["GET"]}}],"collection":[{"href":"https:\/\/www.sisinternational.com\/pt\/wp-json\/wp\/v2\/pages"}],"about":[{"href":"https:\/\/www.sisinternational.com\/pt\/wp-json\/wp\/v2\/types\/page"}],"author":[{"embeddable":true,"href":"https:\/\/www.sisinternational.com\/pt\/wp-json\/wp\/v2\/users\/1"}],"replies":[{"embeddable":true,"href":"https:\/\/www.sisinternational.com\/pt\/wp-json\/wp\/v2\/comments?post=27253"}],"version-history":[{"count":6,"href":"https:\/\/www.sisinternational.com\/pt\/wp-json\/wp\/v2\/pages\/27253\/revisions"}],"predecessor-version":[{"id":81606,"href":"https:\/\/www.sisinternational.com\/pt\/wp-json\/wp\/v2\/pages\/27253\/revisions\/81606"}],"up":[{"embeddable":true,"href":"https:\/\/www.sisinternational.com\/pt\/wp-json\/wp\/v2\/pages\/14514"}],"wp:featuredmedia":[{"embeddable":true,"href":"https:\/\/www.sisinternational.com\/pt\/wp-json\/wp\/v2\/media\/62953"}],"wp:attachment":[{"href":"https:\/\/www.sisinternational.com\/pt\/wp-json\/wp\/v2\/media?parent=27253"}],"curies":[{"name":"wp","href":"https:\/\/api.w.org\/{rel}","templated":true}]}}