{"id":26905,"date":"2018-06-10T04:33:06","date_gmt":"2018-06-10T04:33:06","guid":{"rendered":"https:\/\/www.sisinternational.com\/?page_id=26905"},"modified":"2026-03-12T11:55:27","modified_gmt":"2026-03-12T15:55:27","slug":"pesquisa-de-mercado-de-iluminacao-automotiva","status":"publish","type":"page","link":"https:\/\/www.sisinternational.com\/pt\/pericia\/pesquisa-de-mercado-automotivo\/pesquisa-de-mercado-de-iluminacao-automotiva\/","title":{"rendered":"Pesquisa de mercado de ilumina\u00e7\u00e3o automotiva"},"content":{"rendered":"<h1 class=\"wp-block-heading p1\">Pesquisa de mercado de ilumina\u00e7\u00e3o automotiva<\/h1>\n\n\n\n<figure class=\"gb-block-image gb-block-image-e67f36cf\"><img loading=\"lazy\" decoding=\"async\" width=\"1456\" height=\"816\" class=\"gb-image gb-image-e67f36cf\" src=\"https:\/\/www.sisinternational.com\/wp-content\/uploads\/2025\/09\/Car-show-car-clinic-8.jpg\" alt=\"Pesquisa e Estrat\u00e9gia de Mercado Internacional da SIS\" title=\"Car show car clinic (8)\" srcset=\"https:\/\/www.sisinternational.com\/wp-content\/uploads\/2025\/09\/Car-show-car-clinic-8.jpg 1456w, https:\/\/www.sisinternational.com\/wp-content\/uploads\/2025\/09\/Car-show-car-clinic-8-300x168.jpg 300w, https:\/\/www.sisinternational.com\/wp-content\/uploads\/2025\/09\/Car-show-car-clinic-8-1024x574.jpg 1024w, https:\/\/www.sisinternational.com\/wp-content\/uploads\/2025\/09\/Car-show-car-clinic-8-768x430.jpg 768w, https:\/\/www.sisinternational.com\/wp-content\/uploads\/2025\/09\/Car-show-car-clinic-8-18x10.jpg 18w\" sizes=\"auto, (max-width: 1456px) 100vw, 1456px\"><\/figure>\n\n\n\n<p><\/p>\n\n\n\n<hr class=\"wp-block-separator has-alpha-channel-opacity is-style-dots\"\/>\n\n\n\n<p><\/p>\n\n\n\n<div class=\"wp-block-columns has-global-color-9-color has-text-color has-background has-link-color wp-elements-83f1100a816aed177eb3a4c157477809 is-layout-flex wp-container-core-columns-is-layout-9d6595d7 wp-block-columns-is-layout-flex\" style=\"background-color:#f7f9fa6e\">\n<div class=\"wp-block-column is-layout-flow wp-block-column-is-layout-flow\" style=\"flex-basis:18%\"><\/div>\n\n\n\n<div class=\"wp-block-column is-vertically-aligned-center is-layout-flow wp-block-column-is-layout-flow\" style=\"flex-basis:71.28%\">\n<div class=\"wp-block-rank-math-toc-block aligncenter has-global-color-9-color has-text-color has-link-color wp-elements-34a6e1b0b93468477cf1bd731731d62a\" style=\"font-size:16px\" id=\"rank-math-toc\"><h2><br><strong>T<\/strong>able of Contents<\/h2><nav><ul><li class=\"\"><a href=\"#automotive-lighting-is-a-growing-market\">Ilumina\u00e7\u00e3o automotiva \u00e9 um mercado em crescimento<\/a><\/li><li class=\"\"><a href=\"#automotive-lighting-repair\">Repara\u00e7\u00e3o de ilumina\u00e7\u00e3o automotiva<\/a><\/li><li class=\"\"><a href=\"#research-and-strategy-solutions\">Solu\u00e7\u00f5es de Pesquisa e Estrat\u00e9gia<\/a><\/li><\/ul><\/nav><\/div>\n<\/div>\n<\/div>\n\n\n\n<p><\/p>\n\n\n\n<h2 class=\"wp-block-heading p1\" id=\"automotive-lighting-is-a-growing-market\"><span class=\"s1\">Ilumina\u00e7\u00e3o automotiva \u00e9 um mercado em crescimento<\/span><\/h2>\n\n\n\n<p class=\"p1\"><span class=\"s1\">Com a ascens\u00e3o da mobilidade inteligente, dos carros conectados e dos ve\u00edculos aut\u00f3nomos, a ind\u00fastria autom\u00f3vel tamb\u00e9m est\u00e1 a desenvolver solu\u00e7\u00f5es inovadoras em ilumina\u00e7\u00e3o autom\u00f3vel.<\/span><\/p>\n\n\n\n<p><span class=\"s1\">A SIS Market Research auxilia empresas na avalia\u00e7\u00e3o do mercado de Ilumina\u00e7\u00e3o Automotiva.&nbsp;&nbsp;<\/span><span class=\"s1\">N\u00f3s provemos <a class=\"wpil_keyword_link\" href=\"https:\/\/www.sisinternational.com\/pt\/pericia\/industrias\/pesquisa-de-mercado-automotivo\/\"   title=\"Pesquisa de mercado automotivo e cl\u00ednicas de autom\u00f3veis\" data-wpil-keyword-link=\"linked\"  data-wpil-monitor-id=\"11348\">pesquisa de mercado automotivo<\/a> on Adaptive lighting, LEDs, reflector lighting, headlights, reflective lighting, headlamps, taillights, lighting design, xenon lighting and halogen lights.<\/span><\/p>\n\n\n\n<h2 class=\"wp-block-heading\" id=\"automotive-lighting-repair\">Repara\u00e7\u00e3o de ilumina\u00e7\u00e3o automotiva<\/h2>\n\n\n\n<figure class=\"gb-block-image gb-block-image-3c2c47db\"><img loading=\"lazy\" decoding=\"async\" width=\"1456\" height=\"816\" class=\"gb-image gb-image-3c2c47db\" src=\"https:\/\/www.sisinternational.com\/wp-content\/uploads\/2025\/08\/Automotive-7.jpg\" alt=\"Pesquisa e Estrat\u00e9gia de Mercado Internacional da SIS\" title=\"Automotive (7)\" srcset=\"https:\/\/www.sisinternational.com\/wp-content\/uploads\/2025\/08\/Automotive-7.jpg 1456w, https:\/\/www.sisinternational.com\/wp-content\/uploads\/2025\/08\/Automotive-7-300x168.jpg 300w, https:\/\/www.sisinternational.com\/wp-content\/uploads\/2025\/08\/Automotive-7-1024x574.jpg 1024w, https:\/\/www.sisinternational.com\/wp-content\/uploads\/2025\/08\/Automotive-7-768x430.jpg 768w, https:\/\/www.sisinternational.com\/wp-content\/uploads\/2025\/08\/Automotive-7-18x10.jpg 18w\" sizes=\"auto, (max-width: 1456px) 100vw, 1456px\"><\/figure>\n\n\n\n<p><\/p>\n\n\n\n<p class=\"p1\"><span class=\"s1\">A repara\u00e7\u00e3o de far\u00f3is \u00e9 um mercado interessante. Geralmente os consumidores n\u00e3o levam seus carros a um mec\u00e2nico para resolver o problema de apenas um farol emba\u00e7ado, embora isso possa ser um s\u00e9rio risco \u00e0 seguran\u00e7a. \u00c9 mais prov\u00e1vel que esse problema seja resolvido com manuten\u00e7\u00e3o geral ou corrigido pelo propriet\u00e1rio do carro.<\/span><\/p>\n\n\n\n<p class=\"p1\"><span class=\"s1\">There are many home remedies to the problems, and several products are also on the market for headlight condensation. &nbsp;Some of these products, such as filters and vents, exist to prevent the problem. Many headlight casings have filters that prevent debris and moisture from entering the headlight casing while still allowing ventilation.<\/span><\/p>\n\n\n\n<p class=\"p1\"><span class=\"s1\">Some companies in the market now have a set of filters that can be applied to regulate the level of moisture and heat inside of a headlight to more effectively block out water and dust. &nbsp;In many cases, the heat of the headlights can cause water that gets inside of a headlight to evaporate in extreme weather conditions. However newer LEDs that do not heat up as much will sometimes fail to do this. &nbsp;&nbsp;Some companies in the market have developed their filters specifically to tackle this challenge.&nbsp;&nbsp;<\/span><\/p>\n\n\n\n<p><span class=\"s1\">Podemos pesquisar a demanda por ferramentas que auxiliam no desemba\u00e7amento dos far\u00f3is, especificamente durante longos per\u00edodos de estacionamento, onde a umidade que pode ter entrado no farol pode evaporar e causar condensa\u00e7\u00e3o na luz.&nbsp;<\/span><\/p>\n\n\n\n<p class=\"p1\"><span class=\"s1\">Headlight filters and de-fogging equipment fall under the umbrella of many other small auto repair jobs. &nbsp;Repair of equipment is also something that can be addressed by a mechanic.&nbsp; We conduct extensive research with auto repair shops and mechanics in the US and Europe.<\/span><\/p>\n\n\n\n<p><\/p>\n\n\n\n<!DOCTYPE html>\n<html lang=\"en\">\n<head>\n    <meta charset=\"UTF-8\">\n    <meta name=\"viewport\" content=\"width=device-width, initial-scale=1.0\">\n    <title>AI Blog Banner<\/title>\n    <style>\n        * {\n            margin: 0;\n            padding: 0;\n            box-sizing: border-box;\n        }\n\n        .banner {\n            position: relative;\n            width: 100%;\n            height: 350px;\n            overflow: hidden;\n            display: flex;\n            align-items: center;\n            justify-content: center;\n            font-family: 'Arial', sans-serif;\n            border-radius: 25px;\n        }\n\n        .animated-background {\n            position: absolute;\n            top: 0;\n            left: 0;\n            width: 100%;\n            height: 100%;\n            background: linear-gradient(45deg, #003f6b, #2d5a7b, #003f6b, #2d5a7b);\n            background-size: 400% 400%;\n            animation: gradientMove 8s ease-in-out infinite;\n        }\n\n        .ai-pattern {\n            position: absolute;\n            top: 0;\n            left: 0;\n            width: 100%;\n            height: 100%;\n            opacity: 0.1;\n            background-image: \n                radial-gradient(circle at 20% 20%, rgba(255,255,255,0.3) 2px, transparent 2px),\n                radial-gradient(circle at 80% 80%, rgba(255,255,255,0.2) 1px, transparent 1px),\n                radial-gradient(circle at 40% 60%, rgba(255,255,255,0.15) 1.5px, transparent 1.5px),\n                radial-gradient(circle at 60% 20%, rgba(255,255,255,0.25) 1px, transparent 1px),\n                radial-gradient(circle at 80% 40%, rgba(255,255,255,0.2) 2px, transparent 2px);\n            background-size: 100px 100px, 150px 150px, 80px 80px, 120px 120px, 90px 90px;\n            animation: patternFloat 12s linear infinite;\n        }\n\n        .neural-network {\n            position: absolute;\n            top: 0;\n            left: 0;\n            width: 100%;\n            height: 100%;\n            opacity: 0.08;\n        }\n\n        .neural-line {\n            position: absolute;\n            height: 1px;\n            background: linear-gradient(90deg, transparent, rgba(255,255,255,0.5), transparent);\n            animation: neuralPulse 6s ease-in-out infinite;\n        }\n\n        .neural-line:nth-child(1) {\n            top: 30%;\n            left: 0;\n            width: 60%;\n            animation-delay: 0s;\n        }\n\n        .neural-line:nth-child(2) {\n            top: 50%;\n            right: 0;\n            width: 70%;\n            animation-delay: 2s;\n        }\n\n        .neural-line:nth-child(3) {\n            top: 70%;\n            left: 20%;\n            width: 50%;\n            animation-delay: 4s;\n        }\n\n        .content {\n            position: relative;\n            z-index: 10;\n            text-align: center;\n            color: white !important;\n            max-width: 800px;\n            padding: 30px;\n        }\n\n        .content * {\n            color: white !important;\n        }\n\n        .cta-text {\n            font-size: 1.9rem;\n            font-weight: 700;\n            margin-bottom: 15px;\n            color: white !important;\n            background: linear-gradient(90deg, rgba(255,255,255,0.6), rgba(255,255,255,1), rgba(230,230,230,1), rgba(255,255,255,1), rgba(240,240,240,0.8), rgba(255,255,255,0.6));\n            background-size: 200% 100%;\n            -webkit-background-clip: text;\n            -webkit-text-fill-color: transparent;\n            background-clip: text;\n            animation: shineEffect 10s ease-in-out infinite;\n            line-height: 1.3;\n        }\n\n        .cta-subheading {\n            font-size: 1rem;\n            font-weight: 400;\n            margin-bottom: 25px;\n            color: white !important;\n            line-height: 1.6;\n            opacity: 0.95;\n        }\n\n        .cta-button {\n            background: linear-gradient(135deg, #8a6b0f, #bd9013, #d4a519);\n            border: 2px solid #8a6b0f;\n            color: white !important;\n            padding: 18px 40px;\n            font-size: 1.2rem;\n            font-weight: 600;\n            border-radius: 50px;\n            cursor: pointer;\n            transition: all 0.3s ease;\n            text-decoration: none;\n            display: inline-block;\n            position: relative;\n            overflow: hidden;\n        }\n\n        .cta-button::before {\n            content: '';\n            position: absolute;\n            top: 0;\n            left: -100%;\n            width: 100%;\n            height: 100%;\n            background: linear-gradient(90deg, \n                transparent 0%, \n                rgba(255, 255, 255, 0.3) 25%,\n                rgba(255, 255, 255, 0.6) 50%,\n                rgba(255, 255, 255, 0.3) 75%,\n                transparent 100%);\n            animation: shine 3s ease-in-out infinite;\n        }\n\n        .cta-button:hover {\n            transform: translateY(-3px);\n            box-shadow: 0 10px 25px rgba(0,0,0,0.2);\n            border-color: #bd9013;\n            background: linear-gradient(135deg, #bd9013, #d4a519, #e6b61f);\n        }\n\n        .floating-elements {\n            position: absolute;\n            top: 0;\n            left: 0;\n            width: 100%;\n            height: 100%;\n            pointer-events: none;\n        }\n\n        .floating-circle {\n            position: absolute;\n            border-radius: 50%;\n            background: rgba(255,255,255,0.1);\n            animation: float 8s ease-in-out infinite;\n        }\n\n        .floating-circle:nth-child(1) {\n            width: 80px;\n            height: 80px;\n            top: 20%;\n            left: 10%;\n            animation-delay: 0s;\n        }\n\n        .floating-circle:nth-child(2) {\n            width: 60px;\n            height: 60px;\n            top: 60%;\n            right: 15%;\n            animation-delay: 3s;\n        }\n\n        .floating-circle:nth-child(3) {\n            width: 40px;\n            height: 40px;\n            top: 80%;\n            left: 80%;\n            animation-delay: 6s;\n        }\n\n        .floating-circle:nth-child(4) {\n            width: 70px;\n            height: 70px;\n            top: 10%;\n            right: 20%;\n            animation-delay: 1.5s;\n        }\n\n        .floating-circle:nth-child(5) {\n            width: 50px;\n            height: 50px;\n            top: 75%;\n            left: 30%;\n            animation-delay: 4.5s;\n        }\n\n        @keyframes gradientMove {\n            0% { background-position: 0% 50%; }\n            25% { background-position: 100% 50%; }\n            50% { background-position: 100% 100%; }\n            75% { background-position: 0% 100%; }\n            100% { background-position: 0% 50%; }\n        }\n\n        @keyframes patternFloat {\n            0% { transform: translateX(0) translateY(0); }\n            33% { transform: translateX(30px) translateY(-20px); }\n            66% { transform: translateX(-20px) translateY(10px); }\n            100% { transform: translateX(0) translateY(0); }\n        }\n\n        @keyframes neuralPulse {\n            0%, 100% { opacity: 0.08; }\n            50% { opacity: 0.2; }\n        }\n\n        @keyframes shineEffect {\n            0% { background-position: 200% 0; }\n            100% { background-position: -200% 0; }\n        }\n\n        @keyframes shine {\n            0% {\n                left: -100%;\n            }\n            20%, 100% {\n                left: 100%;\n            }\n        }\n\n        @keyframes float {\n            0%, 100% { transform: translateY(0px) rotate(0deg); }\n            33% { transform: translateY(-30px) rotate(120deg); }\n            66% { transform: translateY(15px) rotate(240deg); }\n        }\n\n        @media (max-width: 768px) {\n            .banner {\n                height: 320px;\n                padding: 30px 0;\n            }\n            \n            .content {\n                padding: 40px 20px;\n            }\n            \n            .cta-text {\n                font-size: 1.3rem;\n                margin-bottom: 12px;\n            }\n            \n            .cta-subheading {\n                font-size: 0.85rem;\n                margin-bottom: 20px;\n            }\n            \n            .cta-button {\n                padding: 14px 28px;\n                font-size: 0.95rem;\n            }\n        }\n    <\/style>\n<\/head>\n<body>\n    <div class=\"banner\">\n        <div class=\"animated-background\"><\/div>\n        \n        <div class=\"ai-pattern\"><\/div>\n        \n        <div class=\"neural-network\">\n            <div class=\"neural-line\"><\/div>\n            <div class=\"neural-line\"><\/div>\n            <div class=\"neural-line\"><\/div>\n        <\/div>\n        \n        <div class=\"floating-elements\">\n            <div class=\"floating-circle\"><\/div>\n            <div class=\"floating-circle\"><\/div>\n            <div class=\"floating-circle\"><\/div>\n            <div class=\"floating-circle\"><\/div>\n            <div class=\"floating-circle\"><\/div>\n        <\/div>\n        \n        <div class=\"content\">\n            <div class=\"cta-text\">Ready to explore the insights that drive smarter decisions?<\/div>\n            <div class=\"cta-subheading\">Contact our Research experts today.<\/div>\n            <a href=\"mailto:Research@sisinternational.com\" class=\"cta-button\">Contact us now!<\/a>\n        <\/div>\n    <\/div>\n<\/body>\n<\/html>\n\n\n\n<p><\/p>\n\n\n\n<h2 class=\"wp-block-heading p1\" id=\"research-and-strategy-solutions\"><span class=\"s1\">Solu\u00e7\u00f5es de Pesquisa e Estrat\u00e9gia<\/span><\/h2>\n\n\n\n<p class=\"p1\"><span class=\"s1\">SIS has over 40+ years experience in automotive market research and <a class=\"wpil_keyword_link\" href=\"https:\/\/www.sisinternational.com\/pt\/pericia\/industrias\/pesquisa-de-mercado-industrial\/\"   title=\"Pesquisa e Estrat\u00e9gia de Mercado Industrial\" data-wpil-keyword-link=\"linked\"  data-wpil-monitor-id=\"472\">industrial strategy<\/a> research providing primary and secondary research solutions.&nbsp; SIS determines the demand for headlight defogging products in global markets including the US, China, Latin America and Europe.&nbsp; Our <a href=\"https:\/\/www.sisinternational.com\/pt\/mercado-global-de-sensores-automotivos\/\" title=\"Pesquisa de mercado de sensores automotivos\"  data-wpil-monitor-id=\"1800\">automotive lighting research<\/a> projects uncover insights into:<\/span><\/p>\n\n\n\n<ul class=\"wp-block-list\">\n<li><span class=\"s1\">Aviso ao consumidor<\/span><\/li>\n\n\n\n<li><span class=\"s1\">Viagem do cliente<\/span><\/li>\n\n\n\n<li><a href=\"https:\/\/www.sisinternational.com\/pt\/publicacoes\/sis-aborda-o-dimensionamento-do-mercado\/\"><span class=\"s1\">Dimensionamento e oportunidade de mercado<\/span><\/a><\/li>\n\n\n\n<li><span class=\"s1\">Segmenta\u00e7\u00e3o<\/span><\/li>\n\n\n\n<li><span class=\"s1\">Necessidades do cliente<\/span><\/li>\n\n\n\n<li>Pesquisa de design<\/li>\n\n\n\n<li>Teste de produto<\/li>\n\n\n\n<li><span class=\"s1\">Processo de compra<\/span><\/li>\n<\/ul>\n\n\n<h2>Localiza\u00e7\u00e3o de nossas instala\u00e7\u00f5es em Nova York<\/h2>\n<p><!-- \/wp:post-content --> <!-- wp:html --> <iframe loading=\"lazy\" src=\"https:\/\/www.google.com\/maps\/embed?pb=!1m18!1m12!1m3!1d3022.976188376966!2d-73.99130312499956!3d40.740549471389315!2m3!1f0!2f0!3f0!3m2!1i1024!2i768!4f13.1!3m3!1m2!1s0x89c259a15798c731%3A0xd695d09bdd495f25!2s11%20E%2022nd%20St%20FL%202%2C%20New%20York%2C%20NY%2010010%2C%20USA!5e0!3m2!1sen!2spe!4v1726171763526!5m2!1sen!2spe\" width=\"600\" height=\"450\" allowfullscreen=\"allowfullscreen\" data-mce-fragment=\"1\"><\/iframe> <!-- \/wp:html --> <!-- wp:paragraph --><\/p>\n<h3 class=\"wp-block-heading\">11 E 22nd Street, andar 2, Nova York, NY 10010 T: +1(212) 505-6805<\/h3>\n<hr \/>\n<h2><span style=\"font-weight: 400;\">Sobre SIS Internacional<\/span><\/h2>\n<p><a href=\"https:\/\/www.sisinternational.com\/pt\/\"><span style=\"font-weight: 400;\">SIS Internacional<\/span><\/a><span style=\"font-weight: 400;\"> oferece pesquisa quantitativa, qualitativa e estrat\u00e9gica. Fornecemos dados, ferramentas, estrat\u00e9gias, relat\u00f3rios e insights para a tomada de decis\u00f5es. Tamb\u00e9m realizamos entrevistas, pesquisas, grupos focais e outros m\u00e9todos e abordagens de Pesquisa de Mercado.<\/span><a href=\"https:\/\/www.sisinternational.com\/pt\/sobre-a-sis-international-research\/contact-sis-international-market-research\/\"><span style=\"font-weight: 400;\"> Entre em contato conosco<\/span><\/a><span style=\"font-weight: 400;\"> para o seu pr\u00f3ximo projeto de pesquisa de mercado.<\/span><\/p>\n<p><!-- wp:heading --><\/p>\n<h2 id=\"about-sis-international\" class=\"wp-block-heading\">\u00a0<\/h2><!-- \/wp:heading -->","protected":false},"excerpt":{"rendered":"<p>O futuro \u00e9 brilhante com a mobilidade inteligente e os carros conectados. Fornecemos pesquisas de mercado de ilumina\u00e7\u00e3o automotiva.<\/p>","protected":false},"author":1,"featured_media":66812,"parent":11155,"menu_order":33,"comment_status":"closed","ping_status":"closed","template":"","meta":{"footnotes":""},"class_list":["post-26905","page","type-page","status-publish","has-post-thumbnail"],"_links":{"self":[{"href":"https:\/\/www.sisinternational.com\/pt\/wp-json\/wp\/v2\/pages\/26905","targetHints":{"allow":["GET"]}}],"collection":[{"href":"https:\/\/www.sisinternational.com\/pt\/wp-json\/wp\/v2\/pages"}],"about":[{"href":"https:\/\/www.sisinternational.com\/pt\/wp-json\/wp\/v2\/types\/page"}],"author":[{"embeddable":true,"href":"https:\/\/www.sisinternational.com\/pt\/wp-json\/wp\/v2\/users\/1"}],"replies":[{"embeddable":true,"href":"https:\/\/www.sisinternational.com\/pt\/wp-json\/wp\/v2\/comments?post=26905"}],"version-history":[{"count":11,"href":"https:\/\/www.sisinternational.com\/pt\/wp-json\/wp\/v2\/pages\/26905\/revisions"}],"predecessor-version":[{"id":84458,"href":"https:\/\/www.sisinternational.com\/pt\/wp-json\/wp\/v2\/pages\/26905\/revisions\/84458"}],"up":[{"embeddable":true,"href":"https:\/\/www.sisinternational.com\/pt\/wp-json\/wp\/v2\/pages\/11155"}],"wp:featuredmedia":[{"embeddable":true,"href":"https:\/\/www.sisinternational.com\/pt\/wp-json\/wp\/v2\/media\/66812"}],"wp:attachment":[{"href":"https:\/\/www.sisinternational.com\/pt\/wp-json\/wp\/v2\/media?parent=26905"}],"curies":[{"name":"wp","href":"https:\/\/api.w.org\/{rel}","templated":true}]}}