{"id":26759,"date":"2018-05-28T21:19:28","date_gmt":"2018-05-28T21:19:28","guid":{"rendered":"https:\/\/www.sisinternational.com\/?page_id=26759"},"modified":"2026-01-26T17:31:48","modified_gmt":"2026-01-26T22:31:48","slug":"pesquisa-de-mercado-de-bens-de-consumo","status":"publish","type":"page","link":"https:\/\/www.sisinternational.com\/pt\/pericia\/pesquisa-de-mercado-de-bens-de-consumo\/","title":{"rendered":"Pesquisa de mercado de bens de consumo"},"content":{"rendered":"<h1 class=\"wp-block-heading\"><span style=\"font-weight: 400;\"><strong>Pesquisa de mercado de bens de consumo<\/strong><\/span><\/h1>\n\n\n\n<figure class=\"gb-block-image gb-block-image-e30db63f\"><img loading=\"lazy\" decoding=\"async\" width=\"1456\" height=\"816\" class=\"gb-image gb-image-e30db63f\" src=\"https:\/\/www.sisinternational.com\/wp-content\/uploads\/2025\/08\/Mystery-shopping-2.jpg\" alt=\"Pesquisa e Estrat\u00e9gia de Mercado Internacional da SIS\" title=\"Mystery shopping (2)\" srcset=\"https:\/\/www.sisinternational.com\/wp-content\/uploads\/2025\/08\/Mystery-shopping-2.jpg 1456w, https:\/\/www.sisinternational.com\/wp-content\/uploads\/2025\/08\/Mystery-shopping-2-300x168.jpg 300w, https:\/\/www.sisinternational.com\/wp-content\/uploads\/2025\/08\/Mystery-shopping-2-1024x574.jpg 1024w, https:\/\/www.sisinternational.com\/wp-content\/uploads\/2025\/08\/Mystery-shopping-2-768x430.jpg 768w, https:\/\/www.sisinternational.com\/wp-content\/uploads\/2025\/08\/Mystery-shopping-2-18x10.jpg 18w\" sizes=\"auto, (max-width: 1456px) 100vw, 1456px\"><\/figure>\n\n\n\n<p><\/p>\n\n\n\n<h2 class=\"wp-block-heading\"><span style=\"font-weight: 400;\">A evolu\u00e7\u00e3o da ind\u00fastria de bens de consumo tem sido emocionante, especialmente com a ascens\u00e3o da tecnologia digital.&nbsp; <\/span><\/h2>\n\n\n\n<p><span style=\"font-weight: 400;\">Businesses are launching innovative products that change how consumers live and interact in their daily lives.&nbsp; Managers are increasingly trying to meet an assortment of human desires and needs.&nbsp; With the rise of Digital Disruption, the global market is likely to produce many winners and losers over the coming decade.<\/span><\/p>\n\n\n\n<h2 class=\"wp-block-heading\">O que s\u00e3o bens de consumo de movimenta\u00e7\u00e3o r\u00e1pida (FMCG)?<\/h2>\n\n\n\n<p><span style=\"font-weight: 400;\">Fast Moving Consumer Goods (FMCG) are products that are sold, replaced, or entirely used within a year.&nbsp; Another term for these products is Consumer Packaged Goods (CPG). Some examples are razors, toiletries, and breakfast cereal.&nbsp; This sector is facing pressure to find more business efficiencies while delivering against complex consumer demands.<\/span><\/p>\n\n\n\n<p><span style=\"font-weight: 400;\">Price competition in the FMCG sector is often intense, as the products tend to be near identical.&nbsp; Products in the FMCG sector also do well in economic downturns. Consumers usually cut back on luxury items when the economy declines.&nbsp; FMCG retailers operate with low margins. They need large markets, scale and distribution to be successful.<\/span><\/p>\n\n\n\n<p><span style=\"font-weight: 400;\">Some companies look to building advantages in the market through a \u201ccontinuous improvement approach.\u201d&nbsp; Building advantages over time can help companies to defend market share and customer loyalty.&nbsp; Competition posed by smaller, nimbler businesses is a significant challenge.<\/span><\/p>\n\n\n\n<h2 class=\"wp-block-heading\">Oportunidades de alimentos e bebidas<\/h2>\n\n\n\n<p><span style=\"font-weight: 400;\">New trends are shaping the FMCG industry. For example, signs are emerging that not everyone considers sugar to be a health villain. Food and beverage manufacturers are rolling out super-indulgent desserts, drinks, and frozen novelties.&nbsp; Another trend is snacks once considered junk food are getting a healthy makeover.&nbsp; Manufacturers are using ingredients such as coconut and avocado oil, and plant-based protein.<\/span><\/p>\n\n\n\n<h2 class=\"wp-block-heading\">Oportunidades de com\u00e9rcio eletr\u00f4nico<\/h2>\n\n\n\n<p><span style=\"font-weight: 400;\">Another new trend in the FMCG industry is the growth of online sales.\u00a0 E-commerce is must-have for FMCG marketers.\u00a0 Brands will need better ways to stand out online with the rise of e-commerce.\u00a0 This shift is occurring because there are more online shoppers with less time to shop, better prices available online, or better customer experience.\u00a0 The rise of Omnichannel strategies raises the importance of optimizing all channels to build brands and maximize profit.<\/span><\/p>\n\n\n\n<p><span style=\"font-weight: 400;\">As empresas de FMCG t\u00eam a oportunidade de fortalecer as suas marcas ou de se reinventarem. Eles tamb\u00e9m precisam continuar revendo a forma como chegam aos consumidores na era digital. Podem adotar uma perspetiva centrada no consumidor e a Pesquisa de Mercado ajuda as empresas a faz\u00ea-lo. Atrav\u00e9s da investiga\u00e7\u00e3o, as empresas tamb\u00e9m podem criar liga\u00e7\u00f5es que fortale\u00e7am as marcas atrav\u00e9s de todos os canais dispon\u00edveis.&nbsp;&nbsp;<\/span><\/p>\n\n\n\n<h2 class=\"wp-block-heading\"><span style=\"font-weight: 400;\"><strong>Sobre a pesquisa de mercado de bens de consumo<\/strong><\/span><\/h2>\n\n\n\n<p>A Consumer Goods Research revela insights sobre o seguinte:<\/p>\n\n\n\n<ul class=\"wp-block-list\">\n<li><b>Experi\u00eancia do cliente:<\/b><span style=\"font-weight: 400;\"> As empresas est\u00e3o modificando cada vez mais a experi\u00eancia, os pontos de contato e as intera\u00e7\u00f5es que suas marcas oferecem aos clientes.&nbsp;<\/span><\/li>\n\n\n\n<li><b> Inova\u00e7\u00e3o de produto:<\/b><span style=\"font-weight: 400;\"> As empresas est\u00e3o sob crescente press\u00e3o para desenvolver novos produtos e solu\u00e7\u00f5es que proporcionem crescimento.<\/span><\/li>\n\n\n\n<li><b>Pesquisa Comportamental:<\/b><span style=\"font-weight: 400;\"> As empresas enfrentam uma jornada digital do cliente em constante mudan\u00e7a, que \u00e9 mais complexa do que antes.<\/span><\/li>\n\n\n\n<li><b>Pesquisa de embalagens:<\/b><span style=\"font-weight: 400;\">&nbsp;Entenda os \u00faltimos 10 segundos de compra e como aumentar as convers\u00f5es de vendas.<\/span><\/li>\n\n\n\n<li><b>Pesquisa omnicanal:<\/b><span style=\"font-weight: 400;\">&nbsp;Understanding the relationships between digital channels and customer behavior can provide numerous opportunities and challenges for brands.<\/span><\/li>\n<\/ul>\n\n\n\n<p><span style=\"font-weight: 400;\">Media attention, shelf impact, and market share are the focus of brand manufacturers. Marketers have less and less control over their brands these days.&nbsp; These developments have direct consequences for marketers and FMCG.&nbsp; For this reason, it is vital to know what influences people to buy and to take action.&nbsp;&nbsp;<\/span><\/p>\n\n\n\n<p><span style=\"font-weight: 400;\">Businesses need to innovate, adapt, and differentiate themselves.&nbsp; New substitutes and competitors in an expanding global economy present numerous threats.&nbsp; &nbsp;Developing bold, new strategies can help companies achieve competitive advantage.<\/span><\/p>\n\n\n\n<h2 class=\"wp-block-heading p1\">How to Conduct Fast-Moving Consumer Goods (FMCG) Market Research<\/h2>\n\n\n\n<p class=\"p3\">Fast Moving Consumer Goods (FMCG) Market Research helps decision makers to gather data and <a href=\"https:\/\/www.sisinternational.com\/pt\/multiplos-circulos-eleitorais-influenciadores-indiretos-nas-compras-do-consumidor\/\" title=\"M\u00faltiplos influenciadores nas compras do consumidor\"  data-wpil-monitor-id=\"2291\">strategies in the consumer<\/a> goods industry. The market <a href=\"https:\/\/www.sisinternational.com\/pt\/solucoes\/solucoes-de-branding-e-pesquisa-de-clientes\/pesquisa-de-mercado-de-embalagens\/\" title=\"Pesquisa de mercado de embalagens\"  data-wpil-monitor-id=\"6571\">pesquisar<\/a> provides insights into the different products in the consumer packaged goods industry and their distribution, market trends, and impact on other related businesses.<\/p>\n\n\n\n<p class=\"p3\">Esta pesquisa de mercado coleta dados e estrat\u00e9gias na ind\u00fastria de bens de consumo r\u00e1pidos (FMCG) e como empresas espec\u00edficas oferecem esses produtos em compara\u00e7\u00e3o com seus concorrentes em termos de vendas, pre\u00e7os e qualidade dos itens. Os dados e estrat\u00e9gias podem ajudar a orientar as empresas e os principais intervenientes na sua tomada de decis\u00f5es e fornecer informa\u00e7\u00f5es atualizadas sobre o seu cen\u00e1rio empresarial. Num cen\u00e1rio altamente competitivo e em constante expans\u00e3o, muitas das maiores empresas da ind\u00fastria de bens de consumo de r\u00e1pida evolu\u00e7\u00e3o est\u00e3o a investir fortemente em pesquisas de mercado para adquirirem uma vantagem competitiva sobre os seus rivais.<\/p>\n\n\n\n<h2 class=\"wp-block-heading p1\">Understanding the Fast-Moving Consumer Goods (FMCG) Industry<\/h2>\n\n\n\n<p class=\"p3\">Bens de consumo de movimenta\u00e7\u00e3o r\u00e1pida (FMCG) s\u00e3o itens e produtos que vendem de forma r\u00e1pida e barata. Esses itens tamb\u00e9m s\u00e3o conhecidos como produtos de consumo embalados.<\/p>\n\n\n\n<p class=\"p3\">Devido \u00e0 forte demanda do consumidor ou \u00e0 perecibilidade, os Bens de Consumo R\u00e1pido (FMCG) t\u00eam uma vida \u00fatil curta. Esses itens s\u00e3o comprados com frequ\u00eancia, consumidos rapidamente, com pre\u00e7os acess\u00edveis e vendidos em grandes quantidades. Al\u00e9m disso, apresentam alto \u00edndice de rotatividade nas g\u00f4ndolas.<\/p>\n\n\n\n<p class=\"p3\">Bens de consumo de r\u00e1pido movimento (FMCG) \u00e9 o mix mais extenso de diversas categorias e tipos de produtos. Isso inclui o seguinte:<\/p>\n\n\n\n<h2 class=\"wp-block-heading p3\">Fast-moving Consumer Goods by Type:<\/h2>\n\n\n\n<p class=\"p3\"><strong>Alimentos e Bebidas<\/strong><\/p>\n\n\n\n<ul class=\"wp-block-list ul1\">\n<li>Alimentos processados ou embalados<\/li>\n\n\n\n<li>Refei\u00e7\u00f5es prontas<\/li>\n\n\n\n<li>Guloseimas assadas<\/li>\n\n\n\n<li>Comida fresca<\/li>\n\n\n\n<li>Alimentos congelados<\/li>\n\n\n\n<li>Produtos secos e enlatados<\/li>\n\n\n\n<li>Bebidas engarrafadas e embaladas ou enlatadas<\/li>\n<\/ul>\n\n\n\n<p class=\"p3\"><strong>Produtos de cuidados de sa\u00fade<\/strong><\/p>\n\n\n\n<ul class=\"wp-block-list ul1\">\n<li>Medicamentos de venda livre<\/li>\n\n\n\n<li>Vitaminas<\/li>\n\n\n\n<li>Suplementos Diet\u00e9ticos<\/li>\n<\/ul>\n\n\n\n<p class=\"p3\"><strong>Cuidados Dom\u00e9sticos e Pessoais<\/strong><\/p>\n\n\n\n<ul class=\"wp-block-list ul1\">\n<li>Higiene bucal<\/li>\n\n\n\n<li>Produtos para cuidados com os cabelos<\/li>\n\n\n\n<li>Cuidado Feminino<\/li>\n\n\n\n<li>Limpando produtos<\/li>\n\n\n\n<li>Cosm\u00e9ticos e produtos de higiene pessoal<\/li>\n<\/ul>\n\n\n\n<h2 class=\"wp-block-heading p1\">Como \u00e9 conduzida a pesquisa de mercado de bens de consumo r\u00e1pidos (FMCG)?<\/h2>\n\n\n\n<p class=\"p3\">Fast Moving Consumer Goods (FMCG) Market Research is the process by wherein one can gauge the potential success of a new service, marketing campaign, or product. Research like this helps businesses learn about and evaluate consumer sentiment toward specific products or services they want to focus. While it is possible to do this research in-house, only some companies have the personnel, infrastructure, and sample size necessary to draw meaningful conclusions.<\/p>\n\n\n\n<p class=\"p3\">Companies also have the option to have independent firms do the Fast Moving Consumer Goods (FMCG) Market Research. It is essential to consider that there should be proper access to the necessary data and resources when doing market research. As Market Research provides insights into various aspects of the industry, there are several methods that can be used to gather data and strategies in the Fast Moving <a href=\"https:\/\/www.sisinternational.com\/pt\/a-base-neurobiologica-da-escolha-do-consumidor\/\" title=\"Pesquisa de mercado de neuromarketing do consumidor\"  data-wpil-monitor-id=\"2674\">Pesquisa de mercado de bens de consumo<\/a> industry.<\/p>\n\n\n\n<p class=\"p3\"><b>Alguns dos m\u00e9todos usados incluem, mas n\u00e3o est\u00e3o limitados ao seguinte:<\/b><\/p>\n\n\n\n<ul class=\"wp-block-list ul1\">\n<li>pesquisas<\/li>\n\n\n\n<li>Teste de produto<\/li>\n\n\n\n<li>grupos de foco<\/li>\n\n\n\n<li>pesquisa personalizada<\/li>\n\n\n\n<li>pesquisa de posicionamento de marca<\/li>\n\n\n\n<li>avalia\u00e7\u00e3o de mercado<\/li>\n\n\n\n<li>inteligencia competitiva<\/li>\n\n\n\n<li>pesquisa publicit\u00e1ria<\/li>\n\n\n\n<li>insights sobre o com\u00e9rcio ou envolvimento das partes interessadas<\/li>\n<\/ul>\n\n\n\n<h2 class=\"wp-block-heading p1\">Por que a pesquisa de mercado de bens de consumo r\u00e1pidos (FMCG) \u00e9 essencial<\/h2>\n\n\n\n<p class=\"p3\">Fazer pesquisas de mercado \u00e9 essencial para tomar decis\u00f5es de neg\u00f3cios informadas e construir uma marca forte. No entanto, h\u00e1 muitos que n\u00e3o acham que isso fa\u00e7a diferen\u00e7a. Abaixo est\u00e3o a import\u00e2ncia da pesquisa de mercado de bens de consumo r\u00e1pidos (FMCG):<\/p>\n\n\n\n<p class=\"p3\"><b>Pesquisa de mercado competitivo<\/b><\/p>\n\n\n\n<p class=\"p3\">Ao contr\u00e1rio da cren\u00e7a popular, voc\u00ea definitivamente precisa de algo que o diferencie da concorr\u00eancia. \u00c9 uma estrat\u00e9gia de neg\u00f3cios ruim n\u00e3o declarar explicitamente o que diferencia uma marca espec\u00edfica dos concorrentes. A marca da empresa se perder\u00e1 na confus\u00e3o se a mensagem for fraca, dando \u00e0 concorr\u00eancia uma vantagem melhor. Quando se trata de sucesso empresarial e visibilidade da marca, a diferencia\u00e7\u00e3o \u00e9 a chave.<\/p>\n\n\n\n<p class=\"p3\"><b>Crie um mercado mais focado e direcionado<\/b><\/p>\n\n\n\n<p class=\"p3\">Para maximizar as chances de sucesso, \u00e9 preciso saber quem contatar. Tentar chegar a todos \u201cpor precau\u00e7\u00e3o\u201d \u00e9 um desperd\u00edcio de recursos. Concentre-se no conjunto b\u00e1sico de consumidores que mais se beneficiar\u00e3o de um determinado produto ou servi\u00e7o. A pesquisa em segmenta\u00e7\u00e3o de clientes pode revelar o cliente ideal e o meio mais eficaz de alcan\u00e7\u00e1-lo.<\/p>\n\n\n\n<p class=\"p3\"><b>Mensagens e posicionamento publicit\u00e1rio adequado<\/b><\/p>\n\n\n\n<p class=\"p3\">O que realmente conta \u00e9 o que seus clientes acreditam e dizem sobre uma empresa ou marca, bem como como se sentem a respeito. Publicidade e direcionamento bem-sucedidos podem ser descobertos e compreendidos por meio de pesquisas completas de mercado de bens de consumo de movimento r\u00e1pido (FMCG). Nem todos os clientes utilizar\u00e3o os mesmos alimentos ou produtos de sa\u00fade simplesmente porque compartilham a mesma idade, sexo, etnia, renda ou localiza\u00e7\u00e3o.<\/p>\n\n\n\n<p class=\"p3\"><b>A pesquisa de mercado fornece insights sobre quem s\u00e3o os clientes potenciais<\/b><\/p>\n\n\n\n<p class=\"p3\">N\u00e3o se pode prever totalmente a mentalidade e as a\u00e7\u00f5es dos consumidores. Gastar tempo e dinheiro em pesquisa \u00e9 uma decis\u00e3o s\u00e1bia que qualquer participante importante do setor pode tomar. Al\u00e9m de monitorar o sucesso das campanhas de marketing, pesquisas especializadas podem fornecer dados e estrat\u00e9gias no setor de Bens de Consumo R\u00e1pido (FMCG) sobre um produto espec\u00edfico ou o cen\u00e1rio de marketing empresarial.<\/p>\n\n\n\n<p class=\"p3\"><b>Melhoria do Posicionamento da Marca<\/b><\/p>\n\n\n\n<p class=\"p3\">Dados e estrat\u00e9gias no setor de bens de consumo r\u00e1pidos (FMCG) ajudam a garantir que as mensagens da sua marca sejam baseadas em pilares robustos, relevantes e distingu\u00edveis. A pesquisa e o planejamento podem ajud\u00e1-lo a encontrar o equil\u00edbrio adequado entre benef\u00edcios racionais e emocionais, a linguagem e o tom corretos do consumidor, insights inovadores e pontos de acesso do consumidor, todos os quais podem ser incorporados em uma estrat\u00e9gia revisada de mensagem da marca e levar a melhores resultados comerciais.<\/p>\n\n\n\n<h2 class=\"wp-block-heading p1\">Sobre a pesquisa de mercado de bens de consumo de movimento r\u00e1pido (FMCG)<\/h2>\n\n\n\n<p class=\"p3\">Para aumentar a quota de mercado, as principais empresas da ind\u00fastria FMCG est\u00e3o cada vez mais focadas em adaptar as suas ofertas \u00e0s necessidades individuais dos consumidores. Os principais intervenientes no mercado global de FMCG conseguiram aumentar a sua quota de mercado atrav\u00e9s da introdu\u00e7\u00e3o de novos produtos e da compra de empresas mais pequenas.<\/p>\n\n\n\n<p class=\"p3\">Fast-moving consumer Goods (FMCG) market research provides insights into market trends and highlights significance to the said industry. Doing market research is an efficient approach to acquiring original market data relevant to the industry. Staying ahead of the competition and spotting emerging trends are both possible with the help of consumer goods market research.<\/p>\n\n\n\n<p class=\"p3\">As empresas e os principais players podem usar as conclus\u00f5es da Pesquisa de Mercado de Bens de Consumo R\u00e1pido (FMCG) para melhorar seus produtos e servi\u00e7os e aumentar as receitas em um mercado cada vez mais competitivo.<\/p>\n\n\n\n<p><\/p>","protected":false},"excerpt":{"rendered":"<p>A pesquisa de mercado de bens de consumo ajuda a construir marcas e aumentar os lucros. Saber mais.<\/p>","protected":false},"author":1,"featured_media":62455,"parent":14514,"menu_order":30,"comment_status":"closed","ping_status":"closed","template":"","meta":{"footnotes":""},"class_list":["post-26759","page","type-page","status-publish","has-post-thumbnail"],"_links":{"self":[{"href":"https:\/\/www.sisinternational.com\/pt\/wp-json\/wp\/v2\/pages\/26759","targetHints":{"allow":["GET"]}}],"collection":[{"href":"https:\/\/www.sisinternational.com\/pt\/wp-json\/wp\/v2\/pages"}],"about":[{"href":"https:\/\/www.sisinternational.com\/pt\/wp-json\/wp\/v2\/types\/page"}],"author":[{"embeddable":true,"href":"https:\/\/www.sisinternational.com\/pt\/wp-json\/wp\/v2\/users\/1"}],"replies":[{"embeddable":true,"href":"https:\/\/www.sisinternational.com\/pt\/wp-json\/wp\/v2\/comments?post=26759"}],"version-history":[{"count":7,"href":"https:\/\/www.sisinternational.com\/pt\/wp-json\/wp\/v2\/pages\/26759\/revisions"}],"predecessor-version":[{"id":80154,"href":"https:\/\/www.sisinternational.com\/pt\/wp-json\/wp\/v2\/pages\/26759\/revisions\/80154"}],"up":[{"embeddable":true,"href":"https:\/\/www.sisinternational.com\/pt\/wp-json\/wp\/v2\/pages\/14514"}],"wp:featuredmedia":[{"embeddable":true,"href":"https:\/\/www.sisinternational.com\/pt\/wp-json\/wp\/v2\/media\/62455"}],"wp:attachment":[{"href":"https:\/\/www.sisinternational.com\/pt\/wp-json\/wp\/v2\/media?parent=26759"}],"curies":[{"name":"wp","href":"https:\/\/api.w.org\/{rel}","templated":true}]}}