{"id":26599,"date":"2018-05-11T09:46:11","date_gmt":"2018-05-11T09:46:11","guid":{"rendered":"https:\/\/www.sisinternational.com\/?page_id=26599"},"modified":"2026-03-12T12:40:54","modified_gmt":"2026-03-12T16:40:54","slug":"pesquisa-de-mercado-de-enfermagem","status":"publish","type":"page","link":"https:\/\/www.sisinternational.com\/pt\/solucoes\/pesquisa-de-mercado-de-saude\/pesquisa-de-mercado-de-enfermagem\/","title":{"rendered":"Pesquisa de mercado de enfermagem"},"content":{"rendered":"<h1 class=\"wp-block-heading\"><span style=\"font-weight: 400;\">Pesquisa de mercado de enfermagem<\/span><\/h1>\n\n\n\n<figure class=\"gb-block-image gb-block-image-646f0e71\"><img loading=\"lazy\" decoding=\"async\" width=\"1456\" height=\"816\" class=\"gb-image gb-image-646f0e71\" src=\"https:\/\/www.sisinternational.com\/wp-content\/uploads\/2025\/08\/Virtual-nurse-1.jpg\" alt=\"Pesquisa e Estrat\u00e9gia de Mercado Internacional da SIS\" title=\"Virtual nurse (1)\" srcset=\"https:\/\/www.sisinternational.com\/wp-content\/uploads\/2025\/08\/Virtual-nurse-1.jpg 1456w, https:\/\/www.sisinternational.com\/wp-content\/uploads\/2025\/08\/Virtual-nurse-1-300x168.jpg 300w, https:\/\/www.sisinternational.com\/wp-content\/uploads\/2025\/08\/Virtual-nurse-1-1024x574.jpg 1024w, https:\/\/www.sisinternational.com\/wp-content\/uploads\/2025\/08\/Virtual-nurse-1-768x430.jpg 768w, https:\/\/www.sisinternational.com\/wp-content\/uploads\/2025\/08\/Virtual-nurse-1-18x10.jpg 18w\" sizes=\"auto, (max-width: 1456px) 100vw, 1456px\"><\/figure>\n\n\n\n<h2 class=\"wp-block-heading\"><span style=\"font-weight: 400;\">SIS conducts Qualitative and Quantitative Market Research with nurses, nurse educators, nurse practitioners, and other healthcare professionals. &nbsp;We conduct research across the US, and in Europe, China, Asia, Latin America and the Middle East. <\/span><\/h2>\n\n\n\n<p><span style=\"font-weight: 400;\">Healthcare markets differ from country to country. &nbsp;North America has the highest healthcare spending. &nbsp;Demand for nursing care has increased because of the expanding senior population. Europe has a strong government involvement in Healthcare, impacting Nursing professionals\u2019 daily lives. &nbsp;&nbsp;Asia has a diverse mix of countries ranging from young to aging populations, impacting the demand for healthcare.<\/span><\/p>\n\n\n\n<p><span style=\"font-weight: 400;\">Existem desafios nos sistemas de sa\u00fade em \u00e1reas rurais e remotas em todo o mundo. Outro desafio \u00e9 a diminui\u00e7\u00e3o do n\u00famero de enfermeiros formados.<\/span><\/p>\n\n\n\n<p><span style=\"font-weight: 400;\">The following are the Nursing professionals, particularly from the US healthcare market perspective, who provide valuable insight in <a href=\"https:\/\/www.sisinternational.com\/pt\/estudos-de-caso\/\" title=\"Estudos de caso\"  data-wpil-monitor-id=\"10740\">Market Research projects and studies<\/a>.<\/span><\/p>\n\n\n\n<h2 class=\"wp-block-heading\"><span style=\"font-weight: 400;\">Pesquisa de mercado para profissionais de enfermagem<\/span><\/h2>\n\n\n\n<p><span style=\"font-weight: 400;\">Nurse practitioners are involved in the treatment and care for patients.&nbsp; They receive significant training to care for the sick. This training involves the diagnosis, care, and management of common and chronic ailments.<\/span><\/p>\n\n\n\n<p><span style=\"font-weight: 400;\">Nurse practitioners are in <a href=\"https:\/\/www.sisinternational.com\/pt\/solucoes\/consultoria-estrategica\/pesquisa-de-mercado-de-previsao-de-demanda\/\" title=\"Demand Forecasting Market Consulting\"  data-wpil-monitor-id=\"10744\">demand<\/a> and are apt to find themselves in an exceptionally friendly job market. The top-paying state for nurse practitioners is Alaska. Hawaii, California, and Oregon are also lucrative.&nbsp; Nurse practitioners are also compensated well in Massachusetts, New Jersey, New York, Arizona and Minnesota.&nbsp;<\/span><\/p>\n\n\n\n<p><span style=\"font-weight: 400;\">Nurse practitioner programs enable healthcare workers to specialize.&nbsp; It allows them to achieve advanced practice nursing positions. &nbsp;Master of Science in Nursing degree programs are available at traditional schools. These programs are also accessible online.&nbsp; Coursework may include Healthcare Ethics, Advanced Concepts in Pharmacology, and a clinical practicum.<\/span><\/p>\n\n\n\n<p><span style=\"font-weight: 400;\">Nurse Anesthetists are a subset of nurse practitioners, and are in-demand. Practitioners in this field must have a Registered Nurse license. &nbsp;Nurse anesthetists work with doctors to deliver anesthesia and associated care. They offer this care before, during, and after surgery and other procedures. The nurse anesthetist assesses the patient to help define the best anesthetic plan. If the dosage or technique is incorrect, the powerful drugs used for anesthesia can be deadly.<\/span><\/p>\n\n\n\n<p><span style=\"font-weight: 400;\">It takes approximately six to seven years of education to become a Nurse Anesthetist. Candidates must also have at least one year\u2019s clinical experience. This experience must be in acute care working as a registered nurse. Acute care training can entail working in an emergency room, a coronary or an intensive care unit. &nbsp;The candidate can then move on to obtain a Master\u2019s Degree. Once this is complete, the candidate can take the National Certificate Exam. With this certification, he or she becomes a CRNA (Certified Registered Nurse Anesthetist).<\/span><\/p>\n\n\n\n<h2 class=\"wp-block-heading\"><span style=\"font-weight: 400;\">Pesquisa de mercado de educadores de enfermagem<\/span><\/h2>\n\n\n\n<p><span style=\"font-weight: 400;\">Nurse educators are focused on training and teaching nurses and medical professionals. &nbsp;They may work in academic programs, preparing students for nursing, or university healthcare programs. They may also develop and teach continuing education courses for practicing nurses and hospitals organizations. &nbsp;<\/span><\/p>\n\n\n\n<p><span style=\"font-weight: 400;\">Nurse educators can be generalist or specialists. They may participate in patient care at times to retain their clinical skills. Nurse Educators can have decision-making influence, and their opinions can be useful in <a class=\"wpil_keyword_link\" href=\"https:\/\/www.sisinternational.com\/pt\/solucoes\/pesquisa-de-mercado-de-saude\/\"   title=\"Pesquisa de mercado do setor de sa\u00fade\" data-wpil-keyword-link=\"linked\"  data-wpil-monitor-id=\"475\">Pesquisa de mercado do setor de sa\u00fade<\/a>. &nbsp;<\/span><\/p>\n\n\n\n<h2 class=\"wp-block-heading\"><span style=\"font-weight: 400;\">Pesquisa sobre gerentes de enfermagem e profissionais de gerenciamento de enfermagem&nbsp;<\/span><\/h2>\n\n\n\n<figure class=\"gb-block-image gb-block-image-8c1b8b7b\"><img loading=\"lazy\" decoding=\"async\" width=\"1456\" height=\"816\" class=\"gb-image gb-image-8c1b8b7b\" src=\"https:\/\/www.sisinternational.com\/wp-content\/uploads\/2025\/08\/Healthcare-12.jpg\" alt=\"Pesquisa e Estrat\u00e9gia de Mercado Internacional da SIS\" title=\"Healthcare (12)\" srcset=\"https:\/\/www.sisinternational.com\/wp-content\/uploads\/2025\/08\/Healthcare-12.jpg 1456w, https:\/\/www.sisinternational.com\/wp-content\/uploads\/2025\/08\/Healthcare-12-300x168.jpg 300w, https:\/\/www.sisinternational.com\/wp-content\/uploads\/2025\/08\/Healthcare-12-1024x574.jpg 1024w, https:\/\/www.sisinternational.com\/wp-content\/uploads\/2025\/08\/Healthcare-12-768x430.jpg 768w, https:\/\/www.sisinternational.com\/wp-content\/uploads\/2025\/08\/Healthcare-12-18x10.jpg 18w\" sizes=\"auto, (max-width: 1456px) 100vw, 1456px\"><\/figure>\n\n\n\n<p><span style=\"font-weight: 400;\">Nurse managers are <a href=\"https:\/\/www.sisinternational.com\/pt\/solucoes\/grupos-de-foco\/focus-group-on-personal-care-products\/\" title=\"Focus Group on Personal Care Products\"  data-wpil-monitor-id=\"10743\">focused on decision making about patient care<\/a> and managing other nurses. &nbsp;They have key roles in staff management, recruitment, planning, scheduling, and mentoring. They bring strong management and leadership skills, in addition to healthcare expertise and training. &nbsp;Their opinions and attitudes can be valuable in Market Research as they influence policy at large <a href=\"https:\/\/www.sisinternational.com\/pt\/como-conduzir-pesquisas-de-mercado-de-saude\/\" title=\"Como conduzir pesquisas de mercado de sa\u00fade\"  data-wpil-monitor-id=\"10741\">healthcare<\/a> organizations.<\/span><\/p>\n\n\n\n<p><span style=\"font-weight: 400;\"><a href=\"https:\/\/www.sisinternational.com\/pt\/pericia\/industrias\/diretor-de-informacoes-cio-pesquisa-de-mercado\/\" title=\"Diretor de Informa\u00e7\u00f5es (CIO) Pesquisa de Mercado\"  data-wpil-monitor-id=\"10742\">Chief Nursing Officers<\/a> (CNOs) manage large numbers of nurses in hospital systems, and they focus on managing quality of care, strategic planning, staff management and cost management. &nbsp;They work with CEOs and COOs of large healthcare systems, and they can be very influential in hospital purchasing and decision making. <\/span><\/p>\n\n\n\n<h2 class=\"wp-block-heading\"><a href=\"https:\/\/www.sisinternational.com\/pt\/about-sis\/contact-sis-international-market-research\/\"><span style=\"font-weight: 400;\">Contacte-nos para o seu pr\u00f3ximo projeto de Pesquisa de Mercado com Enfermeiros e Profissionais de Enfermagem.<\/span><\/a><\/h2>","protected":false},"excerpt":{"rendered":"<p>A SIS conduz pesquisas de mercado qualitativas e quantitativas com enfermeiros, enfermeiros educadores, enfermeiros e outros profissionais de sa\u00fade. <\/p>","protected":false},"author":1,"featured_media":64912,"parent":11294,"menu_order":28,"comment_status":"closed","ping_status":"closed","template":"","meta":{"_uag_custom_page_level_css":"","footnotes":""},"class_list":["post-26599","page","type-page","status-publish","has-post-thumbnail"],"uagb_featured_image_src":{"full":["https:\/\/www.sisinternational.com\/wp-content\/uploads\/2025\/08\/Virtual-nurse-1.jpg",1456,816,false],"thumbnail":["https:\/\/www.sisinternational.com\/wp-content\/uploads\/2025\/08\/Virtual-nurse-1-150x150.jpg",150,150,true],"medium":["https:\/\/www.sisinternational.com\/wp-content\/uploads\/2025\/08\/Virtual-nurse-1-300x168.jpg",300,168,true],"medium_large":["https:\/\/www.sisinternational.com\/wp-content\/uploads\/2025\/08\/Virtual-nurse-1-768x430.jpg",768,430,true],"large":["https:\/\/www.sisinternational.com\/wp-content\/uploads\/2025\/08\/Virtual-nurse-1-1024x574.jpg",1024,574,true],"1536x1536":["https:\/\/www.sisinternational.com\/wp-content\/uploads\/2025\/08\/Virtual-nurse-1.jpg",1456,816,false],"2048x2048":["https:\/\/www.sisinternational.com\/wp-content\/uploads\/2025\/08\/Virtual-nurse-1.jpg",1456,816,false],"trp-custom-language-flag":["https:\/\/www.sisinternational.com\/wp-content\/uploads\/2025\/08\/Virtual-nurse-1-18x10.jpg",18,10,true]},"uagb_author_info":{"display_name":"Ruth Stanat","author_link":"https:\/\/www.sisinternational.com\/pt\/author\/expert\/"},"uagb_comment_info":0,"uagb_excerpt":"SIS conducts Qualitative and Quantitative Market Research with Nurses, Nurse Educators, Nurse Practitioners, and other Healthcare professionals.","_links":{"self":[{"href":"https:\/\/www.sisinternational.com\/pt\/wp-json\/wp\/v2\/pages\/26599","targetHints":{"allow":["GET"]}}],"collection":[{"href":"https:\/\/www.sisinternational.com\/pt\/wp-json\/wp\/v2\/pages"}],"about":[{"href":"https:\/\/www.sisinternational.com\/pt\/wp-json\/wp\/v2\/types\/page"}],"author":[{"embeddable":true,"href":"https:\/\/www.sisinternational.com\/pt\/wp-json\/wp\/v2\/users\/1"}],"replies":[{"embeddable":true,"href":"https:\/\/www.sisinternational.com\/pt\/wp-json\/wp\/v2\/comments?post=26599"}],"version-history":[{"count":6,"href":"https:\/\/www.sisinternational.com\/pt\/wp-json\/wp\/v2\/pages\/26599\/revisions"}],"predecessor-version":[{"id":81760,"href":"https:\/\/www.sisinternational.com\/pt\/wp-json\/wp\/v2\/pages\/26599\/revisions\/81760"}],"up":[{"embeddable":true,"href":"https:\/\/www.sisinternational.com\/pt\/wp-json\/wp\/v2\/pages\/11294"}],"wp:featuredmedia":[{"embeddable":true,"href":"https:\/\/www.sisinternational.com\/pt\/wp-json\/wp\/v2\/media\/64912"}],"wp:attachment":[{"href":"https:\/\/www.sisinternational.com\/pt\/wp-json\/wp\/v2\/media?parent=26599"}],"curies":[{"name":"wp","href":"https:\/\/api.w.org\/{rel}","templated":true}]}}