{"id":26512,"date":"2018-04-29T09:39:35","date_gmt":"2018-04-29T09:39:35","guid":{"rendered":"https:\/\/www.sisinternational.com\/?page_id=26512"},"modified":"2026-01-26T14:18:18","modified_gmt":"2026-01-26T19:18:18","slug":"pesquisa-de-consumo-internacional","status":"publish","type":"page","link":"https:\/\/www.sisinternational.com\/pt\/solucoes\/pesquisa-de-consumo-internacional\/","title":{"rendered":"Pesquisa Internacional do Consumidor"},"content":{"rendered":"<h1 class=\"wp-block-heading p1\"><span class=\"s1\">Pesquisa Internacional do Consumidor<\/span><\/h1>\n\n\n\n<figure class=\"gb-block-image gb-block-image-78c1b756\"><img loading=\"lazy\" decoding=\"async\" width=\"1456\" height=\"816\" class=\"gb-image gb-image-78c1b756\" src=\"https:\/\/www.sisinternational.com\/wp-content\/uploads\/2025\/08\/Retail-26.jpg\" alt=\"Pesquisa e Estrat\u00e9gia de Mercado Internacional da SIS\" title=\"Retail (26)\" srcset=\"https:\/\/www.sisinternational.com\/wp-content\/uploads\/2025\/08\/Retail-26.jpg 1456w, https:\/\/www.sisinternational.com\/wp-content\/uploads\/2025\/08\/Retail-26-300x168.jpg 300w, https:\/\/www.sisinternational.com\/wp-content\/uploads\/2025\/08\/Retail-26-1024x574.jpg 1024w, https:\/\/www.sisinternational.com\/wp-content\/uploads\/2025\/08\/Retail-26-768x430.jpg 768w, https:\/\/www.sisinternational.com\/wp-content\/uploads\/2025\/08\/Retail-26-18x10.jpg 18w\" sizes=\"auto, (max-width: 1456px) 100vw, 1456px\"><\/figure>\n\n\n\n<h2 class=\"wp-block-heading p2\"><span class=\"s1\">A economia global est\u00e1 a mudar rapidamente, apresentando novas oportunidades \u00e0s empresas.&nbsp; &nbsp;<\/span><\/h2>\n\n\n\n<p class=\"p2\"><span class=\"s1\">With technology and transportation, it is easier than ever to build brands in multiple markets overseas.&nbsp; Emerging markets are growing and providing new customer bases.&nbsp; Yet, challenges exist with language, culture, norms and rules.&nbsp; SIS helps companies understand their strategic opportunities and challenges.&nbsp; &nbsp;<\/span><\/p>\n\n\n\n<h2 class=\"wp-block-heading p4\"><span class=\"s1\">Mercados emergentes<\/span><\/h2>\n\n\n\n<p class=\"p2\"><span class=\"s1\">O comportamento do consumidor varia de mercado para mercado. Brasil, R\u00fassia, \u00cdndia e China, conhecidos como pa\u00edses \u201cBRIC\u201d, abrigam dois ter\u00e7os da popula\u00e7\u00e3o mundial. Juntos, contribuem com uma soma consider\u00e1vel para o produto interno bruto mundial. Pa\u00edses como M\u00e9xico, \u00c1frica do Sul e Turquia tamb\u00e9m se enquadram neste grupo.<\/span><\/p>\n\n\n\n<p class=\"p2\"><span class=\"s1\">Emerging markets have become the engines of economic growth, rapidly gaining share of the world economy. These markets also continue to have fast-growing &#8220;new rich&#8221; sectors existing alongside large &#8220;poor&#8221; populations.&nbsp;&nbsp;Also relevant are the developing and developed <a href=\"https:\/\/www.sisinternational.com\/pt\/cobertura\/pesquisa-de-mercado-africa\/pesquisa-de-mercado-na-africa-do-sul\/\" title=\"Pesquisa de mercado na \u00c1frica do Sul\"  data-wpil-monitor-id=\"5873\">markets such as South<\/a> Korea, Taiwan, Singapore, and those Eastern European nations that recently changed from centrally planned to market economies.&nbsp;&nbsp;<span class=\"s1\">Fornecemos uma compreens\u00e3o completa desses mercados.&nbsp; <\/span><\/p>\n\n\n\n<p class=\"p2\">When <a href=\"https:\/\/www.sisinternational.com\/pt\/cobertura\/pesquisa-de-mercado-asia\/pesquisa-de-mercado-nauru\/\" title=\"Pesquisa de mercado em Nauru\"  data-wpil-monitor-id=\"5731\">researching emerging markets<\/a>, companies gain vital knowledge to ensure they do not waste time \u2013 or worse, make poor decisions based on incorrect analysis or misinformation. Businesses should research and heed the do&#8217;s and don&#8217;ts of every market. Some methodologies that work in certain markets will not work in other markets.&nbsp; We provide that insight.<\/p>\n\n\n\n<h2 class=\"wp-block-heading p4\"><span class=\"s1\">Tend\u00eancias em pesquisas de consumo<\/span><\/h2>\n\n\n\n<p class=\"p2\"><span class=\"s1\">A intelig\u00eancia artificial (IA), juntamente com o aprendizado de m\u00e1quina, pode ter uma influ\u00eancia significativa na ind\u00fastria de pesquisa de mercado. A IA j\u00e1 entrou no cen\u00e1rio do consumidor gra\u00e7as ao Amazon Echo e ao Google Home. \u00c9 uma mudan\u00e7a de jogo que est\u00e1 a perturbar os processos, permitindo aos investigadores fornecer informa\u00e7\u00f5es mais econ\u00f3micas e mais r\u00e1pidas.<\/span><\/p>\n\n\n\n<p class=\"p2\"><span class=\"s1\">A maioria dos usu\u00e1rios da Internet j\u00e1 possui um smartphone e mais vir\u00e3o. Quando os entrevistados recebem um convite para participar de uma pesquisa, \u00e9 comum que a preencham em um smartphone. Os investigadores de mercado devem, portanto, ajustar a sua abordagem aos smartphones. A alternativa, em primeiro lugar, proibir a participa\u00e7\u00e3o desses dispositivos, geralmente n\u00e3o \u00e9 desej\u00e1vel.<\/span><\/p>\n\n\n\n<p class=\"p6\"><span class=\"s1\">A amostragem de dados online tornou-se agora um foco vital da ind\u00fastria de pesquisa de mercado. O online \u00e9 normalmente mais r\u00e1pido do que todos os outros m\u00e9todos de recolha de dados, especialmente para amostras grandes, uma vez que os inquiridos poupam tempo ao lerem e responderem rapidamente \u00e0s perguntas por si pr\u00f3prios.<\/span><\/p>\n\n\n\n<h2 class=\"wp-block-heading p4\"><span class=\"s1\">Ferramentas de pesquisa<\/span><\/h2>\n\n\n\n<ul class=\"wp-block-list\">\n<li><span class=\"s1\"><b>A ascens\u00e3o das metodologias online. <\/b>The prominence of the Internet and other, similar technologies, have given us more innovation and flexibility to improve research design, to link up with millions of people, and to communicate with them much faster. <a class=\"wpil_keyword_link\" href=\"https:\/\/www.sisinternational.com\/pt\/pesquisa-de-mercado-on-line\/\"   title=\"O que \u00e9 pesquisa de mercado online?\" data-wpil-keyword-link=\"linked\"  data-wpil-monitor-id=\"476\">Online market research<\/a> is less expensive than offline analysis. It is also faster than offline, and subject matters are more flexible. <\/span><\/li>\n\n\n\n<li><span class=\"s1\"><b>A ascens\u00e3o do marketing digital.<\/b> A China lidera em usu\u00e1rios de Internet m\u00f3vel, com mais de tr\u00eas vezes o n\u00famero dos Estados Unidos. Os consumidores chineses adotaram superaplicativos, que incorporam muitos aspectos de suas vidas em uma \u00fanica plataforma m\u00f3vel. O conhecimento dessas e de tend\u00eancias semelhantes apresenta aos profissionais de marketing oportunidades \u00fanicas de alcan\u00e7ar diferentes mercados.<\/span><\/li>\n<\/ul>\n\n\n\n<ul class=\"wp-block-list\">\n<li><span class=\"s1\"><b>New designs for in-store <\/b><a href=\"https:\/\/www.sisinternational.com\/pt\/pericia\/industrias\/pesquisa-de-mercado-ciso\/\" title=\"Pesquisa de Mercado CISO\"  data-wpil-monitor-id=\"5744\">research. In-store market<\/a> research has several benefits, for example, it impacts product placement and that of advertising and promotions, and it provides insights into consumers\u2019 behavior. It also gives the store owner an idea of daily, weekly, or monthly traffic, and it helps determine product pricing.<\/span><\/li>\n\n\n\n<li><strong>Metodologias Presenciais.&nbsp;<\/strong>&nbsp;Dependendo do mercado, empregamos diversas outras metodologias como Focus Groups, Entrevistas, Surveys, Entrevistas Telef\u00f4nicas, Etnografia e Intercepta\u00e7\u00f5es.<\/li>\n<\/ul>\n\n\n\n<h2 class=\"wp-block-heading p4\"><span class=\"s1\">\u00c9 uma economia global<\/span><\/h2>\n\n\n\n<p class=\"p2\"><span class=\"s1\">As empresas muitas vezes tomam a decis\u00e3o de internacionalizar uma empresa por necessidade, mas as empresas podem sofrer se n\u00e3o houver informa\u00e7\u00f5es suficientes sobre o mercado ou se as previs\u00f5es relativas \u00e0 procura estiverem erradas. Precisam de conhecimentos sobre os seus pr\u00f3prios pontos fortes e fracos e os dos seus concorrentes para aproveitarem cuidadosamente as oportunidades e avan\u00e7arem atrav\u00e9s das r\u00e1pidas transforma\u00e7\u00f5es na economia global.<\/span><\/p>\n\n\n\n<p>SIS is widely recognized as a world leader in International Market Research.&nbsp; We provide over 40+ years experience, extensive market coverage, our best practices and many other advantages.<\/p>\n\n\n\n<h2 class=\"wp-block-heading\">&nbsp;<\/h2>","protected":false},"excerpt":{"rendered":"<p>A economia global est\u00e1 mudando rapidamente, apresentando oportunidades \u00e0s organiza\u00e7\u00f5es.  O SIS ajuda as empresas a entender suas oportunidades e desafios estrat\u00e9gicos em todo o mundo.\u00a0<\/p>","protected":false},"author":1,"featured_media":62501,"parent":14457,"menu_order":15,"comment_status":"closed","ping_status":"closed","template":"","meta":{"footnotes":""},"class_list":["post-26512","page","type-page","status-publish","has-post-thumbnail"],"_links":{"self":[{"href":"https:\/\/www.sisinternational.com\/pt\/wp-json\/wp\/v2\/pages\/26512","targetHints":{"allow":["GET"]}}],"collection":[{"href":"https:\/\/www.sisinternational.com\/pt\/wp-json\/wp\/v2\/pages"}],"about":[{"href":"https:\/\/www.sisinternational.com\/pt\/wp-json\/wp\/v2\/types\/page"}],"author":[{"embeddable":true,"href":"https:\/\/www.sisinternational.com\/pt\/wp-json\/wp\/v2\/users\/1"}],"replies":[{"embeddable":true,"href":"https:\/\/www.sisinternational.com\/pt\/wp-json\/wp\/v2\/comments?post=26512"}],"version-history":[{"count":7,"href":"https:\/\/www.sisinternational.com\/pt\/wp-json\/wp\/v2\/pages\/26512\/revisions"}],"predecessor-version":[{"id":79562,"href":"https:\/\/www.sisinternational.com\/pt\/wp-json\/wp\/v2\/pages\/26512\/revisions\/79562"}],"up":[{"embeddable":true,"href":"https:\/\/www.sisinternational.com\/pt\/wp-json\/wp\/v2\/pages\/14457"}],"wp:featuredmedia":[{"embeddable":true,"href":"https:\/\/www.sisinternational.com\/pt\/wp-json\/wp\/v2\/media\/62501"}],"wp:attachment":[{"href":"https:\/\/www.sisinternational.com\/pt\/wp-json\/wp\/v2\/media?parent=26512"}],"curies":[{"name":"wp","href":"https:\/\/api.w.org\/{rel}","templated":true}]}}