{"id":24692,"date":"2018-02-27T05:50:42","date_gmt":"2018-02-27T05:50:42","guid":{"rendered":"https:\/\/www.sisinternational.com\/?page_id=24692"},"modified":"2025-11-15T20:42:32","modified_gmt":"2025-11-16T01:42:32","slug":"pesquisa-de-mercado-em-washington-dc","status":"publish","type":"page","link":"https:\/\/www.sisinternational.com\/pt\/cobertura\/north-america\/cobertura-dos-eua\/pesquisa-de-mercado-em-washington-dc\/","title":{"rendered":"Pesquisa de mercado em Washington DC"},"content":{"rendered":"<h1 class=\"wp-block-heading\">Pesquisa de mercado em Washington DC<\/h1>\n\n\n\n<figure class=\"gb-block-image gb-block-image-ed77554f\"><img loading=\"lazy\" decoding=\"async\" width=\"1456\" height=\"816\" class=\"gb-image gb-image-ed77554f\" src=\"https:\/\/www.sisinternational.com\/wp-content\/uploads\/2025\/09\/Washington-DC-4.jpg\" alt=\"Pesquisa e Estrat\u00e9gia de Mercado Internacional da SIS\" title=\"Washington DC (4)\" srcset=\"https:\/\/www.sisinternational.com\/wp-content\/uploads\/2025\/09\/Washington-DC-4.jpg 1456w, https:\/\/www.sisinternational.com\/wp-content\/uploads\/2025\/09\/Washington-DC-4-300x168.jpg 300w, https:\/\/www.sisinternational.com\/wp-content\/uploads\/2025\/09\/Washington-DC-4-1024x574.jpg 1024w, https:\/\/www.sisinternational.com\/wp-content\/uploads\/2025\/09\/Washington-DC-4-768x430.jpg 768w, https:\/\/www.sisinternational.com\/wp-content\/uploads\/2025\/09\/Washington-DC-4-18x10.jpg 18w\" sizes=\"auto, (max-width: 1456px) 100vw, 1456px\"><\/figure>\n\n\n\n<p><\/p>\n\n\n\n<h4 class=\"wp-block-heading\">A \u00e1rea metropolitana de Washington, DC \u00e9 a 8\u00aa maior economia urbana dos EUA.<\/h4>\n\n\n\n<p>The District of Columbia\u2019s 68.3 square miles are sliced out of Maryland and sit across the Potomac River from Virginia. DC is the nation\u2019s capital.\u00a0 The population of its metro area is nearly 5 million people.\u00a0 While the government\u2019s economic impact is enormous, so are the contributions of other sectors, including education, <a href=\"https:\/\/www.sisinternational.com\/pt\/solucoes\/consultoria-em-hotelaria-e-turismo-em-viagens\/\" title=\"Consultoria em viagens, turismo e hospitalidade\"  data-wpil-monitor-id=\"8885\">hospitality and tourism<\/a>, and more. Market Research in Washington DC helps organizations to serve stakeholder needs better.<\/p>\n\n\n\n<p>Exceptional universities, several with major research capabilities, feed the economy and supply talent for local <a href=\"https:\/\/www.sisinternational.com\/pt\/analysis-b2b\/\" title=\"What Business Leaders Need to Know Right Now\"  data-wpil-monitor-id=\"8886\">business and government needs<\/a>.\u00a0Its museums, galleries, aquarium, zoo, monuments, and national treasures attract tourists and conventioneers by the millions. <a href=\"https:\/\/www.sisinternational.com\/pt\/pericia\/industrias\/selecione-pesquisa-de-mercado-de-hoteis-de-servico\/\" title=\"Selecione pesquisa de mercado de hot\u00e9is de servi\u00e7o\"  data-wpil-monitor-id=\"8882\">Hotels and hospitality services<\/a> benefit from traffic at both low- and high-end spending levels.\u00a0 And, as the capital of the United States, a district with its own government structure, it employs tens of thousands creating one of the nation&#8217;s largest metropolitan areas. An efficient subway system and healthy relationships with nearby cities like Arlington keep The District economy vibrant and functioning at a high level.<\/p>\n\n\n\n<h2 class=\"wp-block-heading\">A ind\u00fastria do ensino superior<\/h2>\n\n\n\n<p>There are a number of major colleges and universities in the District of Columbia, given its limited space. They include the campuses of Georgetown University, American University, Howard University, Gallaudet University, and George Washington University.<\/p>\n\n\n\n<p>Higher education accounts for thousands of jobs and helps The District sustain its highly educated population. Each year, 80,000 students participate in courses at one or more of the member institutions of the D.C. Consortium. The District\u2019s higher education brings $2 billion to the area economy and graduates top lawyers, doctors, and other professionals.&nbsp; Many students stay in DC after graduation.<\/p>\n\n\n\n<h2 class=\"wp-block-heading\">Ind\u00fastrias de Hotelaria e Turismo<\/h2>\n\n\n\n<p>Washington, D.C. sees over 20 million visitors every year, including over 2 million foreign tourists, who spend over $7 billion. Spending on hotels, retail, <a href=\"https:\/\/www.sisinternational.com\/pt\/pericia\/curriculos-de-experiencia\/alimentos-e-bebidas-na-asia-pacifico-2\/\" title=\"Pesquisa de mercado de alimentos e bebidas na \u00c1sia\"  data-wpil-monitor-id=\"8884\">food and beverage<\/a>, and entertainment supports 75,000 jobs in The District.<\/p>\n\n\n\n<p>Abriga 15 conven\u00e7\u00f5es em todo o distrito, deixando $278 milh\u00f5es para tr\u00e1s. Mais de 450 eventos distritais, incluindo o DC Jazz Festival, Annual 4<sup>\u00ba<\/sup> das celebra\u00e7\u00f5es de julho, e mais produzem mais de $415 em gastos de visitantes. E as muitas atra\u00e7\u00f5es tur\u00edsticas com entrada gratuita atraem visitantes, mas reduzem gastos que podem ser aplicados a outros fins.<\/p>\n\n\n\n<p>Despite the lack of a major amusement park, The District\u2019s hotel sector (130 hotels with 30,200 rooms) remains stable and growing at a reliable 60% occupancy. People visit for historic attractions, museums, conventions, lobbying, entertainment, diplomacy, and other government-related business. The hotels\u2019 average daily rate, even though it is restricted by the government per diem limit, exceeds those of Chicago, New York City, and San Francisco.<\/p>\n\n\n\n<h2 class=\"wp-block-heading\">Governo<\/h2>\n\n\n\n<p>Como sede dos poderes Executivo Federal, Legislativo e Judici\u00e1rio do governo federal, a economia de Washington, DC ganha com seus participantes, tr\u00e1fego e gastos diretos e indiretos.<\/p>\n\n\n\n<p>O governo sempre foi o seu principal contribuidor econ\u00f3mico, mas o seu dom\u00ednio varia de acordo com as administra\u00e7\u00f5es pol\u00edticas, com repetidos sequestros, paralisa\u00e7\u00f5es e cortes or\u00e7amentais. Ainda assim, olhando para os seus componentes, o impacto \u00e9 significativo.<\/p>\n\n\n\n<p>O Poder Executivo sobrevive, at\u00e9 certo ponto, das pol\u00edticas e iniciativas do presidente em exerc\u00edcio. Mas, mais de quatro mil, incluindo membros da Defesa, Seguran\u00e7a Interna, Tesouro, Sa\u00fade e Servi\u00e7os Humanos, e outras ag\u00eancias, est\u00e3o directamente ligados ao Gabinete Executivo.<\/p>\n\n\n\n<p>Muitos funcion\u00e1rios das ag\u00eancias ocupam cargos na fun\u00e7\u00e3o p\u00fablica protegidos por regulamentos e sindicatos. As iniciativas presidenciais para congelar as contrata\u00e7\u00f5es s\u00e3o geralmente compensadas pela expans\u00e3o em outras \u00e1reas. O n\u00famero total de funcion\u00e1rios civis nas ag\u00eancias do Gabinete \u00e9 superior a 170.000. A maior \u00e9 a Seguran\u00e7a Interna, com aproximadamente 25.000 cargos.<\/p>\n\n\n\n<p>Congress populates the Capitol and nearby office buildings with thousands of support staff. It oversees five supporting services: the Congressional Budget Office, the General Accounting Office, the Joint Economic Committee, the Government Printing Office, and the Architect of the Capitol.<\/p>\n\n\n\n<p><strong>O Tribunal Supremo<\/strong> meets in its own building where the nine members are supported by large staffs, some of whom work as <a href=\"https:\/\/www.sisinternational.com\/pt\/sis-internacional-nomeia-duilio-bini-para-dirigir-o-escritorio-de-londres\/\" title=\"SIS International nomeia Duilio Bini para dirigir o escrit\u00f3rio de Londres\"  data-wpil-monitor-id=\"8887\">interns<\/a> to gain the prestige of the office. The Department of Justice includes almost 24,000 employees.<\/p>\n\n\n\n<p>Aproximadamente 20% dos funcion\u00e1rios do Distrito trabalham para o governo federal. Muitos funcion\u00e1rios do governo tamb\u00e9m residem na \u00e1rea metropolitana da Virg\u00ednia e de Maryland.<\/p>\n\n\n\n<h2 class=\"wp-block-heading\">Pesquisa de mercado em Washington DC<\/h2>\n\n\n\n<p>SIS has extensive experience in <a href=\"https:\/\/www.sisinternational.com\/pt\/top-5-benefits-of-conducting-quantitative-market-research\/\" title=\"Top 5 Benefits of Conducting Quantitative Market Research\"  data-wpil-monitor-id=\"8883\">conducting Qualitative fieldwork and Quantitative<\/a> data collection in DC, Norther Virginia and Maryland.\u00a0 Some of our staff are alumni of prominent DC universities and are well-versed in the area.\u00a0 We are seasoned in conducting street intercepts, political <a href=\"https:\/\/www.sisinternational.com\/pt\/solucoes\/pesquisa-de-mercado-em-grupo-focal\/\" title=\"Pesquisa de mercado com grupo focal\"  data-wpil-monitor-id=\"8881\">Grupos de foco<\/a>, Focus Groups for financial managers and many other types of research.<\/p>\n\n\n\n<p>For education institutions based in the region, we have conducted <a href=\"https:\/\/www.sisinternational.com\/pt\/cobertura\/pesquisa-de-mercado-asia\/avaliacoes-de-oportunidades-de-mercado-na-asia\/\" title=\"Avalia\u00e7\u00f5es de oportunidades de mercado na \u00c1sia\"  data-wpil-monitor-id=\"8879\">oportunidade de mercado<\/a> &amp; entry assessments to help them assess growth opportunities nationwide and worldwide.\u00a0 We have served healthcare companies and tourism companies based in the area.<\/p>\n\n\n\n<p><\/p>","protected":false},"excerpt":{"rendered":"<p>A \u00e1rea metropolitana de Washington, DC tem a 8\u00aa maior economia urbana dos EUA. Saiba mais sobre Pesquisa de Mercado em Washington DC.<\/p>","protected":false},"author":1,"featured_media":66457,"parent":19303,"menu_order":13,"comment_status":"closed","ping_status":"closed","template":"","meta":{"footnotes":""},"class_list":["post-24692","page","type-page","status-publish","has-post-thumbnail"],"_links":{"self":[{"href":"https:\/\/www.sisinternational.com\/pt\/wp-json\/wp\/v2\/pages\/24692","targetHints":{"allow":["GET"]}}],"collection":[{"href":"https:\/\/www.sisinternational.com\/pt\/wp-json\/wp\/v2\/pages"}],"about":[{"href":"https:\/\/www.sisinternational.com\/pt\/wp-json\/wp\/v2\/types\/page"}],"author":[{"embeddable":true,"href":"https:\/\/www.sisinternational.com\/pt\/wp-json\/wp\/v2\/users\/1"}],"replies":[{"embeddable":true,"href":"https:\/\/www.sisinternational.com\/pt\/wp-json\/wp\/v2\/comments?post=24692"}],"version-history":[{"count":6,"href":"https:\/\/www.sisinternational.com\/pt\/wp-json\/wp\/v2\/pages\/24692\/revisions"}],"predecessor-version":[{"id":81489,"href":"https:\/\/www.sisinternational.com\/pt\/wp-json\/wp\/v2\/pages\/24692\/revisions\/81489"}],"up":[{"embeddable":true,"href":"https:\/\/www.sisinternational.com\/pt\/wp-json\/wp\/v2\/pages\/19303"}],"wp:featuredmedia":[{"embeddable":true,"href":"https:\/\/www.sisinternational.com\/pt\/wp-json\/wp\/v2\/media\/66457"}],"wp:attachment":[{"href":"https:\/\/www.sisinternational.com\/pt\/wp-json\/wp\/v2\/media?parent=24692"}],"curies":[{"name":"wp","href":"https:\/\/api.w.org\/{rel}","templated":true}]}}