{"id":24364,"date":"2018-02-23T00:46:13","date_gmt":"2018-02-23T00:46:13","guid":{"rendered":"https:\/\/www.sisinternational.com\/?page_id=24364"},"modified":"2026-01-25T19:32:53","modified_gmt":"2026-01-26T00:32:53","slug":"empreendedores-de-pesquisa-estrategica","status":"publish","type":"page","link":"https:\/\/www.sisinternational.com\/pt\/solucoes\/consultoria-estrategica\/empreendedores-de-pesquisa-estrategica\/","title":{"rendered":"Pesquisa estrat\u00e9gica para empreendedores"},"content":{"rendered":"<h1 class=\"wp-block-heading\">Pesquisa estrat\u00e9gica para empreendedores<\/h1>\n\n\n\n<figure class=\"gb-block-image gb-block-image-3c823505\"><img loading=\"lazy\" decoding=\"async\" width=\"1456\" height=\"816\" class=\"gb-image gb-image-3c823505\" src=\"https:\/\/www.sisinternational.com\/wp-content\/uploads\/2025\/08\/Strategy-consulting-33.jpg\" alt=\"Pesquisa e Estrat\u00e9gia de Mercado Internacional da SIS\" title=\"Strategy consulting (33)\" srcset=\"https:\/\/www.sisinternational.com\/wp-content\/uploads\/2025\/08\/Strategy-consulting-33.jpg 1456w, https:\/\/www.sisinternational.com\/wp-content\/uploads\/2025\/08\/Strategy-consulting-33-300x168.jpg 300w, https:\/\/www.sisinternational.com\/wp-content\/uploads\/2025\/08\/Strategy-consulting-33-1024x574.jpg 1024w, https:\/\/www.sisinternational.com\/wp-content\/uploads\/2025\/08\/Strategy-consulting-33-768x430.jpg 768w, https:\/\/www.sisinternational.com\/wp-content\/uploads\/2025\/08\/Strategy-consulting-33-18x10.jpg 18w\" sizes=\"auto, (max-width: 1456px) 100vw, 1456px\"><\/figure>\n\n\n\n<hr class=\"wp-block-separator has-alpha-channel-opacity is-style-dots\"\/>\n\n\n\n<p>Lan\u00e7ar uma nova empresa requer conhecimento do Cliente, do Mercado e do Concorrente.<\/p>\n\n\n\n<p>Many entrepreneurs rely on their networks of family, friends and associates and have followed those networks instead of market opportunities. Some have succeeded, but many have failed. Strategy Research gives <a href=\"https:\/\/www.sisinternational.com\/pt\/cobertura\/pesquisa-de-mercado-asia\/pesquisa-de-mercado-nauru\/\" title=\"Pesquisa de mercado em Nauru\"  data-wpil-monitor-id=\"5736\">entrepreneurs<\/a> the incisive insight and data to take advantage of the overlooked opportunities in other markets.<\/p>\n\n\n\n<p><a href=\"https:\/\/www.sisinternational.com\/pt\/pericia\/industrias\/dados-de-treinamento-pesquisa-de-mercado\/\" title=\"Pesquisa de mercado de dados de treinamento\"  data-wpil-monitor-id=\"10684\">Market Research delivers insights and data<\/a> to guide your decision-making and product development.&nbsp; <a href=\"https:\/\/www.sisinternational.com\/pt\/solucoes\/consultoria-estrategica\/treinamento-e-estrategia-de-inteligencia-competitiva\/\" title=\"Treinamento e Estrat\u00e9gia de Intelig\u00eancia Competitiva\"  data-wpil-monitor-id=\"10689\">Strategy and Competitive Intelligence<\/a> allow you to create Competitive Advantages.<\/p>\n\n\n\n<h2 class=\"wp-block-heading\">Solu\u00e7\u00f5es de pesquisa e estrat\u00e9gia para empreendedores<\/h2>\n\n\n\n<p><strong><a href=\"https:\/\/www.sisinternational.com\/pt\/cobertura\/pesquisa-de-mercado-asia\/avaliacoes-de-oportunidades-de-mercado-na-asia\/\" title=\"Avalia\u00e7\u00f5es de oportunidades de mercado na \u00c1sia\"  data-wpil-monitor-id=\"10687\">Avalia\u00e7\u00f5es de entrada e oportunidades no mercado<\/a><\/strong><\/p>\n\n\n\n<p>These assessments include comprehensive insight into the opportunities and threats in entering new markets.&nbsp; Market Sizing data can inspire areas of uncontested opportunity.&nbsp; This research provides the untapped opportunities, the distributors&#8217; partnerships that can be developed, and the competitive threats.<\/p>\n\n\n\n<p><strong>Analise competitiva<\/strong><\/p>\n\n\n\n<p>This research provides insights on key players, competitor best practices, <a href=\"https:\/\/www.sisinternational.com\/pt\/solucoes\/sis-crescimento-global\/consultoria-em-planejamento-estrategico\/\" title=\"Consultoria em Planejamento Estrat\u00e9gico\"  data-wpil-monitor-id=\"10699\">planned competitor strategic<\/a> movements, and areas of opportunity.<\/p>\n\n\n\n<p><strong><a class=\"wpil_keyword_link\" href=\"https:\/\/www.sisinternational.com\/pt\/solucoes\/consultoria-estrategica\/pesquisa-de-mercado-para-lancamento-de-novos-produtos\/\"   title=\"Pesquisa de lan\u00e7amento de novos produtos\" data-wpil-keyword-link=\"linked\"  data-wpil-monitor-id=\"483\">Pesquisa de lan\u00e7amento de novos produtos<\/a><\/strong><\/p>\n\n\n\n<p>This research assists product developers with agile <a href=\"https:\/\/www.sisinternational.com\/pt\/claim-research-for-food-and-beverage-taste-tests-validating-your-product-claims\/\" title=\"Claim Research for Food and Beverage Taste Tests: Validating Your Product Claims\"  data-wpil-monitor-id=\"10694\">Teste de produto<\/a> and insights.&nbsp; Entrepreneurs can test <a href=\"https:\/\/www.sisinternational.com\/pt\/solucoes\/consultoria-estrategica\/pesquisa-de-mercado-de-produto-minimo-viavel\/\" title=\"Pesquisa de mercado de produto m\u00ednimo vi\u00e1vel\"  data-wpil-monitor-id=\"10683\">Minimum Viable Products<\/a> (MVPs). The result are findings that can immediately improve products.&nbsp; Some clients prefer to do this research in Agile Sprints.<\/p>\n\n\n\n<p><strong>Pesquisa de clientes<\/strong><\/p>\n\n\n\n<p>This research can be either Qualitative or Quantitative.&nbsp; For example, Focus Groups and In-Depth Interviews can unearth unmet customer needs and pain points.&nbsp; <a href=\"https:\/\/www.sisinternational.com\/pt\/pericia\/industrias\/pesquisa-quantitativa-de-mercado-2\/\" title=\"Pesquisa Quantitativa de Mercado\"  data-wpil-monitor-id=\"10697\">Pesquisa quantitativa<\/a> can measure a broader sample of the population to uncover customer needs and identify pockets of popularity of your product in different geographical markets.<\/p>\n\n\n\n<p><strong>Teste de usabilidade do produto<\/strong><\/p>\n\n\n\n<p>Esse <a href=\"https:\/\/www.sisinternational.com\/pt\/solucoes\/solucoes-de-branding-e-pesquisa-de-clientes\/pesquisa-de-mercado-para-testes-de-produtos\/\" title=\"Pesquisa de mercado para testes de produtos\"  data-wpil-monitor-id=\"10692\">research tests the satisfaction of products<\/a> and websites.&nbsp; Products can be tested in-person, office or home.&nbsp; The results help you to make improvements to your product or website.<\/p>\n\n\n\n<p><strong>Planos estrat\u00e9gicos de entrada no mercado<\/strong><\/p>\n\n\n\n<p>Strategy Research is compiled in a comprehensive plan for getting your products to market.<\/p>\n\n\n\n<p><strong>Consultoria de Marketing<\/strong><\/p>\n\n\n\n<p>We help you to develop ads, websites, translations of marketing material,s and labeling.<\/p>\n\n\n\n<h2 class=\"wp-block-heading\">Sobre Pesquisa e Estrat\u00e9gia do SIS<\/h2>\n\n\n\n<p>O SIS fornece \u00e0 sua empresa as informa\u00e7\u00f5es que voc\u00ea precisa para melhorar seus produtos e ser eficaz no lan\u00e7amento de seus produtos.<\/p>\n\n\n\n<p>We identify the best markets for your products. We can develop strategies on whether to export your products, open a subsidiary, or form a partnership with another company. We inform you about the competitors already in the market and those who might be planning to approach your position.<\/p>\n\n\n\n<p>Mostramos-lhe os tamanhos relativos das oportunidades de mercado e explicamos porque \u00e9 que alguns mercados s\u00e3o mais dif\u00edceis de entrar do que outros. Podemos identificar potenciais parceiros e canais de distribui\u00e7\u00e3o. Podemos inform\u00e1-lo sobre leis e regulamentos relevantes e ajud\u00e1-lo a come\u00e7ar em novos mercados onde poder\u00e1 ter sucesso.<\/p>\n\n\n\n<h2 class=\"wp-block-heading\">&nbsp;<\/h2>\n\n\n\n<p><\/p>\n\n\n\n<p><\/p>","protected":false},"excerpt":{"rendered":"<p>Fornecemos insights e estrat\u00e9gias para empreendedores que lan\u00e7am novos produtos e entram em novos mercados.<\/p>","protected":false},"author":1,"featured_media":62520,"parent":14567,"menu_order":53,"comment_status":"closed","ping_status":"closed","template":"","meta":{"footnotes":""},"class_list":["post-24364","page","type-page","status-publish","has-post-thumbnail"],"_links":{"self":[{"href":"https:\/\/www.sisinternational.com\/pt\/wp-json\/wp\/v2\/pages\/24364","targetHints":{"allow":["GET"]}}],"collection":[{"href":"https:\/\/www.sisinternational.com\/pt\/wp-json\/wp\/v2\/pages"}],"about":[{"href":"https:\/\/www.sisinternational.com\/pt\/wp-json\/wp\/v2\/types\/page"}],"author":[{"embeddable":true,"href":"https:\/\/www.sisinternational.com\/pt\/wp-json\/wp\/v2\/users\/1"}],"replies":[{"embeddable":true,"href":"https:\/\/www.sisinternational.com\/pt\/wp-json\/wp\/v2\/comments?post=24364"}],"version-history":[{"count":6,"href":"https:\/\/www.sisinternational.com\/pt\/wp-json\/wp\/v2\/pages\/24364\/revisions"}],"predecessor-version":[{"id":81750,"href":"https:\/\/www.sisinternational.com\/pt\/wp-json\/wp\/v2\/pages\/24364\/revisions\/81750"}],"up":[{"embeddable":true,"href":"https:\/\/www.sisinternational.com\/pt\/wp-json\/wp\/v2\/pages\/14567"}],"wp:featuredmedia":[{"embeddable":true,"href":"https:\/\/www.sisinternational.com\/pt\/wp-json\/wp\/v2\/media\/62520"}],"wp:attachment":[{"href":"https:\/\/www.sisinternational.com\/pt\/wp-json\/wp\/v2\/media?parent=24364"}],"curies":[{"name":"wp","href":"https:\/\/api.w.org\/{rel}","templated":true}]}}