{"id":24329,"date":"2018-02-22T06:00:57","date_gmt":"2018-02-22T06:00:57","guid":{"rendered":"https:\/\/www.sisinternational.com\/?page_id=24329"},"modified":"2026-01-25T18:23:36","modified_gmt":"2026-01-25T23:23:36","slug":"pesquisa-de-mercado-connecticut","status":"publish","type":"page","link":"https:\/\/www.sisinternational.com\/pt\/cobertura\/north-america\/cobertura-dos-eua\/pesquisa-de-mercado-connecticut\/","title":{"rendered":"Pesquisa de mercado em Connecticut"},"content":{"rendered":"<h1 class=\"wp-block-heading\">Pesquisa de mercado em Connecticut<\/h1>\n\n\n\n<figure class=\"gb-block-image gb-block-image-2e314506\"><img loading=\"lazy\" decoding=\"async\" width=\"1456\" height=\"816\" class=\"gb-image gb-image-2e314506\" src=\"https:\/\/www.sisinternational.com\/wp-content\/uploads\/2025\/09\/Connecticut-1.jpg\" alt=\"Pesquisa e Estrat\u00e9gia de Mercado Internacional da SIS\" title=\"Connecticut (1)\" srcset=\"https:\/\/www.sisinternational.com\/wp-content\/uploads\/2025\/09\/Connecticut-1.jpg 1456w, https:\/\/www.sisinternational.com\/wp-content\/uploads\/2025\/09\/Connecticut-1-300x168.jpg 300w, https:\/\/www.sisinternational.com\/wp-content\/uploads\/2025\/09\/Connecticut-1-1024x574.jpg 1024w, https:\/\/www.sisinternational.com\/wp-content\/uploads\/2025\/09\/Connecticut-1-768x430.jpg 768w, https:\/\/www.sisinternational.com\/wp-content\/uploads\/2025\/09\/Connecticut-1-18x10.jpg 18w\" sizes=\"auto, (max-width: 1456px) 100vw, 1456px\"><\/figure>\n\n\n\n<p><\/p>\n\n\n\n<h4 class=\"wp-block-heading\">Connecticut est\u00e1 estrategicamente localizado entre Boston e Nova York. Como parte do corredor Boston-Washington, Connecticut tem v\u00e1rias vantagens econ\u00f3micas no Nordeste dos EUA, que \u00e9 considerado uma pot\u00eancia regional da economia dos EUA.<\/h4>\n\n\n\n<p><strong>Vis\u00e3o geral<\/strong><\/p>\n\n\n\n<p>Connecticut has a population of over 3.5 million people.&nbsp; Fairfield County is a prosperous area bordering New York City in the West of Connecticut.&nbsp; The area benefits from its proximity to New York City and its railroads, major airports, and highways.&nbsp; New Canaan and Darien are on the top lists of US cities with the highest median income.&nbsp; Extraordinary personal wealth resides within an hour&#8217;s commute to central Manhattan.&nbsp; Many financial services companies are based in Greenwich, Bridgeport, Darien, and Stamford in Fairfield County.<\/p>\n\n\n\n<p>A capital de Connecticut \u00e9 Hartford, localizada no centro do estado. A capital conta com um grande n\u00famero de Seguradoras. O estado tamb\u00e9m possui um grande litoral que d\u00e1 acesso a portos mar\u00edtimos, aqu\u00e1rios, pequenas cidades e locais tur\u00edsticos.<\/p>\n\n\n\n<h2 class=\"wp-block-heading\"><span style=\"font-weight: 400;\"><strong>What is Market Research in Connecticut?<\/strong><\/span><\/h2>\n\n\n\n<p><span style=\"font-weight: 400;\">A pesquisa de mercado em Connecticut visa compreender o comportamento do consumidor, as tend\u00eancias do mercado e a din\u00e2mica competitiva espec\u00edfica de Connecticut. Ele permite que as empresas identifiquem oportunidades, mitiguem riscos e aumentem sua vantagem competitiva. Num estado conhecido pela sua elevada qualidade de vida e diversidade econ\u00f3mica, \u00e9 indispens\u00e1vel manter-se informado atrav\u00e9s de pesquisas de mercado.<\/span><\/p>\n\n\n\n<h2 class=\"wp-block-heading\"><span style=\"font-weight: 400;\"><strong>Benef\u00edcios da pesquisa de mercado em Connecticut<\/strong><\/span><\/h2>\n\n\n\n<p><span style=\"font-weight: 400;\">A pesquisa de mercado em Connecticut oferece in\u00fameros benef\u00edcios que podem melhorar significativamente o desempenho dos neg\u00f3cios e o planejamento estrat\u00e9gico. As empresas podem otimizar as suas opera\u00e7\u00f5es e obter melhores resultados aproveitando as informa\u00e7\u00f5es locais.<\/span><\/p>\n\n\n\n<ul class=\"wp-block-list\">\n<li><b>Melhor tomada de decis\u00e3o:<\/b><span style=\"font-weight: 400;\"> A pesquisa de mercado em Connecticut fornece insights baseados em dados que apoiam a tomada de decis\u00f5es informadas. Isso reduz o risco de erros dispendiosos e aumenta a efic\u00e1cia das estrat\u00e9gias de neg\u00f3cios.<\/span><\/li>\n\n\n\n<li><b>Melhor compreens\u00e3o do cliente:<\/b><span style=\"font-weight: 400;\"> Ao compreender as necessidades, prefer\u00eancias e comportamentos dos consumidores de Connecticut, as empresas podem desenvolver produtos e servi\u00e7os que melhor atendam \u00e0s demandas do mercado.&nbsp;<\/span><\/li>\n\n\n\n<li><b>Vantagem competitiva:<\/b><span style=\"font-weight: 400;\"> A pesquisa de mercado ajuda as empresas a ficarem \u00e0 frente dos concorrentes, fornecendo insights sobre as tend\u00eancias do mercado e a din\u00e2mica competitiva. T<\/span><\/li>\n\n\n\n<li><b>Identifica\u00e7\u00e3o de oportunidades de mercado:<\/b><span style=\"font-weight: 400;\"> Atrav\u00e9s de uma an\u00e1lise de mercado minuciosa, as empresas podem identificar novas oportunidades de crescimento e expans\u00e3o em Connecticut. <\/span><\/li>\n\n\n\n<li><b>Mitiga\u00e7\u00e3o de riscos:<\/b> Market research helps businesses identify potential risks and challenges. By understanding these factors, companies can develop strategies to mitigate risks and ensure long-term stability.<\/li>\n<\/ul>\n\n\n\n<h2 class=\"wp-block-heading\"><span style=\"font-weight: 400;\"><strong>Quem usa pesquisa de mercado em Connecticut?<\/strong><\/span><\/h2>\n\n\n\n<p><b>Empresas de biotecnologia<\/b><span style=\"font-weight: 400;\"> also heavily depend on market research. Companies in biotechnology and <a href=\"https:\/\/www.sisinternational.com\/pt\/pericia\/industrias\/pesquisa-de-mercado-farmaceutico\/\" title=\"Pesquisa de mercado farmac\u00eautico\"  data-wpil-monitor-id=\"3478\">pharmaceuticals use market research<\/a> to optimize R&amp;D, understand market demand, and stay competitive in local and international markets. Organizations like Alexion Pharmaceuticals and Boehringer Ingelheim play significant roles in this sector.<\/span><\/p>\n\n\n\n<p><b>Institui\u00e7\u00f5es educacionais<\/b><span style=\"font-weight: 400;\"> em Connecticut, como a Universidade de Yale e a Universidade de Connecticut, tamb\u00e9m contam com pesquisas de mercado. Eles o utilizam para compreender a demografia dos alunos, as necessidades educacionais e as tend\u00eancias do mercado, auxiliando no desenvolvimento curricular e no crescimento estrat\u00e9gico.<\/span><\/p>\n\n\n\n<p><b>Empresas de manufatura<\/b><span style=\"font-weight: 400;\"> capitalize on market research to tailor their operations and <a href=\"https:\/\/www.sisinternational.com\/pt\/desenvolvimento-da-cidade-de-hartford-connecticut\/\" title=\"Pesquisa de mercado em Hartford, Connecticut\"  data-wpil-monitor-id=\"1752\">Estrat\u00e9gias de marketing<\/a> to Connecticut\u2019s diverse consumer base. By understanding local and global trends, manufacturers can effectively engage with their customers and enhance their market presence.<\/span><\/p>\n\n\n\n<p><b>Government agencies and <a href=\"https:\/\/www.sisinternational.com\/pt\/pericia\/industrias\/pesquisa-de-mercado-sem-fins-lucrativos\/\" title=\"Pesquisa de mercado sem fins lucrativos\"  data-wpil-monitor-id=\"4817\">nonprofit organizations utilize market research<\/a> to inform policy decisions and develop community programs. These insights help address local needs, allocate resources efficiently, and measure the impact of their initiatives.<\/span><\/p>\n\n\n\n<h2 class=\"wp-block-heading\"><span style=\"font-weight: 400;\"><strong>Quando realizar pesquisas de mercado em Connecticut<\/strong><\/span><\/h2>\n\n\n\n<p><span style=\"font-weight: 400;\">A realiza\u00e7\u00e3o de pesquisas de mercado em Connecticut deveria ser um processo cont\u00ednuo, mas h\u00e1 momentos espec\u00edficos em que se torna particularmente crucial. Antes de lan\u00e7ar um novo produto ou servi\u00e7o, as empresas precisam realizar pesquisas de mercado completas para compreender a demanda, identificar p\u00fablicos-alvo e desenvolver estrat\u00e9gias de marketing eficazes. Isso garante que o produto ou servi\u00e7o esteja alinhado \u00e0s necessidades e prefer\u00eancias do mercado.<\/span><\/p>\n\n\n\n<p><span style=\"font-weight: 400;\">Ao entrar no mercado de Connecticut pela primeira vez, as empresas devem realizar pesquisas abrangentes para compreender a paisagem local. Isto inclui analisar concorrentes, identificar potenciais parceiros e compreender os requisitos regulamentares. A pesquisa de mercado fornece o conhecimento fundamental necess\u00e1rio para navegar com sucesso neste novo ambiente.<\/span><\/p>\n\n\n\n<p><span style=\"font-weight: 400;\">A expans\u00e3o das opera\u00e7\u00f5es existentes ou a abertura de novos locais em Connecticut tamb\u00e9m exige pesquisa de mercado. As empresas devem compreender as condi\u00e7\u00f5es do mercado local, os comportamentos dos consumidores e os desafios potenciais para tomar decis\u00f5es de expans\u00e3o informadas. Isto ajuda a selecionar locais ideais e a desenvolver estrat\u00e9gias que atendam ao mercado local.<\/span><\/p>\n\n\n\n<h2 class=\"wp-block-heading\"><span style=\"font-weight: 400;\"><strong>Nossa an\u00e1lise e recomenda\u00e7\u00f5es atuais do mercado<\/strong><\/span><\/h2>\n\n\n\n<p><span style=\"font-weight: 400;\">Acreditamos que Connecticut est\u00e1 a registar um crescimento em v\u00e1rios sectores-chave, especialmente finan\u00e7as, cuidados de sa\u00fade e biotecnologia. Os esfor\u00e7os do Estado para atrair empresas e promover a inova\u00e7\u00e3o est\u00e3o a come\u00e7ar a dar frutos, criando um terreno f\u00e9rtil para o desenvolvimento e expans\u00e3o empresarial.<\/span><\/p>\n\n\n\n<p><span style=\"font-weight: 400;\">Consequentemente, o potencial retorno do investimento em Connecticut \u00e9 significativo para as empresas que conseguem navegar eficazmente na din\u00e2mica do mercado local. A pesquisa de mercado fornece insights cr\u00edticos para otimizar estrat\u00e9gias, reduzir riscos e capitalizar oportunidades. As empresas que investem em Connecticut podem esperar ganhos substanciais se alinharem as suas opera\u00e7\u00f5es com a trajet\u00f3ria de crescimento do estado.<\/span><\/p>\n\n\n\n<h2 class=\"wp-block-heading\"><span style=\"font-weight: 400;\"><strong>Resultados esperados da pesquisa de mercado da SIS em Connecticut<\/strong><\/span><\/h2>\n\n\n\n<p><b>Tomada de decis\u00e3o aprimorada<\/b><span style=\"font-weight: 400;\">&nbsp;<\/span><\/p>\n\n\n\n<p><span style=\"font-weight: 400;\">A pesquisa de mercado em Connecticut capacita as empresas com os dados e insights necess\u00e1rios para tomar decis\u00f5es informadas. Ao compreender as tend\u00eancias do mercado, o comportamento do consumidor e a din\u00e2mica competitiva, as empresas podem desenvolver estrat\u00e9gias eficazes e eficientes.<\/span><\/p>\n\n\n\n<p><b>Melhor segmenta\u00e7\u00e3o do cliente<\/b><span style=\"font-weight: 400;\">&nbsp;<\/span><\/p>\n\n\n\n<p><span style=\"font-weight: 400;\">As empresas podem direcionar melhor seus esfor\u00e7os de marketing por meio de an\u00e1lises detalhadas da demografia local e das prefer\u00eancias dos consumidores. Isso leva a um maior envolvimento e melhores taxas de convers\u00e3o, impulsionando, em \u00faltima an\u00e1lise, vendas e receitas.<\/span><\/p>\n\n\n\n<p><b>Maior vantagem competitiva<\/b><span style=\"font-weight: 400;\">&nbsp;<\/span><\/p>\n\n\n\n<p><span style=\"font-weight: 400;\">A pesquisa de mercado em Connecticut fornece insights sobre os pontos fortes e fracos dos concorrentes. Ao aproveitar esta informa\u00e7\u00e3o, as empresas podem desenvolver estrat\u00e9gias que capitalizem as oportunidades de mercado e se diferenciem da concorr\u00eancia.<\/span><\/p>\n\n\n\n<p><b>Desenvolvimento de produto otimizado<\/b><span style=\"font-weight: 400;\">&nbsp;<\/span><\/p>\n\n\n\n<p><span style=\"font-weight: 400;\">Compreender as necessidades e prefer\u00eancias dos consumidores de Connecticut permite que as empresas desenvolvam produtos e servi\u00e7os que atendam melhor \u00e0s demandas do mercado. Isso aumenta a probabilidade de sucesso do produto e satisfa\u00e7\u00e3o do cliente.<\/span><\/p>\n\n\n\n<p><b>Mitiga\u00e7\u00e3o de riscos<\/b><span style=\"font-weight: 400;\">&nbsp;<\/span><\/p>\n\n\n\n<p><a href=\"https:\/\/www.linkedin.com\/company\/sisinternationalresearch\/\" target=\"_blank\" rel=\"noopener\"><span style=\"font-weight: 400;\">SIS Internacional<\/span><\/a><span style=\"font-weight: 400;\"> permite que as empresas desenvolvam estrat\u00e9gias para mitigar esses riscos. Esta abordagem proativa ajuda a garantir a estabilidade e o sucesso a longo prazo.<\/span><\/p>\n\n\n\n<h2 class=\"wp-block-heading\"><span style=\"font-weight: 400;\"><strong>Principais ind\u00fastrias em Connecticut<\/strong><\/span><\/h2>\n\n\n\n<figure class=\"gb-block-image gb-block-image-40d7ae70\"><img loading=\"lazy\" decoding=\"async\" width=\"1456\" height=\"816\" class=\"gb-image gb-image-40d7ae70\" src=\"https:\/\/www.sisinternational.com\/wp-content\/uploads\/2025\/09\/Connecticut-3.jpg\" alt=\"Pesquisa e Estrat\u00e9gia de Mercado Internacional da SIS\" title=\"Connecticut (3)\" srcset=\"https:\/\/www.sisinternational.com\/wp-content\/uploads\/2025\/09\/Connecticut-3.jpg 1456w, https:\/\/www.sisinternational.com\/wp-content\/uploads\/2025\/09\/Connecticut-3-300x168.jpg 300w, https:\/\/www.sisinternational.com\/wp-content\/uploads\/2025\/09\/Connecticut-3-1024x574.jpg 1024w, https:\/\/www.sisinternational.com\/wp-content\/uploads\/2025\/09\/Connecticut-3-768x430.jpg 768w, https:\/\/www.sisinternational.com\/wp-content\/uploads\/2025\/09\/Connecticut-3-18x10.jpg 18w\" sizes=\"auto, (max-width: 1456px) 100vw, 1456px\"><\/figure>\n\n\n\n<p><\/p>\n\n\n\n<p><span style=\"font-weight: 400;\">A economia de Connecticut \u00e9 apoiada por diversas ind\u00fastrias importantes, cada uma contribuindo significativamente para o crescimento e desenvolvimento do estado.<\/span><\/p>\n\n\n\n<p><b>\u2022 Finan\u00e7as e Seguros:<\/b><span style=\"font-weight: 400;\"> Connecticut \u00e9 conhecida como a \u201cCapital Mundial dos Seguros\u201d, com grandes empresas como Aetna, The Hartford e Travellers sediadas no estado. O setor financeiro e de seguros \u00e9 uma pedra angular da economia de Connecticut, proporcionando empregos e impulsionando a atividade econ\u00f3mica.<\/span><\/p>\n\n\n\n<p><b>\u2022 Biotecnologia e Produtos Farmac\u00eauticos:<\/b><span style=\"font-weight: 400;\"> A biotecnologia e os produtos farmac\u00eauticos s\u00e3o setores em r\u00e1pido crescimento em Connecticut. Empresas como Alexion Pharmaceuticals e Boehringer Ingelheim lideram a inova\u00e7\u00e3o e a investiga\u00e7\u00e3o, apoiadas por uma forte rede de universidades e institui\u00e7\u00f5es de investiga\u00e7\u00e3o.<\/span><\/p>\n\n\n\n<p><b>\u2022 Fabrica\u00e7\u00e3o:<\/b><span style=\"font-weight: 400;\"> A manufatura avan\u00e7ada, especialmente os instrumentos aeroespaciais, de defesa e de precis\u00e3o, continua sendo uma ind\u00fastria vital em Connecticut. Empresas como Pratt &amp; Whitney e Sikorsky Aircraft desempenham pap\u00e9is cruciais na manuten\u00e7\u00e3o da for\u00e7a industrial do estado.<\/span><\/p>\n\n\n\n<p><b>\u2022 Educa\u00e7\u00e3o:<\/b><span style=\"font-weight: 400;\"> O setor educacional de Connecticut \u00e9 robusto, com institui\u00e7\u00f5es de prest\u00edgio como a Universidade de Yale e a Universidade de Connecticut. Estas universidades oferecem educa\u00e7\u00e3o de alta qualidade e impulsionam a investiga\u00e7\u00e3o e a inova\u00e7\u00e3o em v\u00e1rios campos, contribuindo significativamente para a economia local.<\/span><\/p>\n\n\n\n<p><b>\u2022 Assist\u00eancia m\u00e9dica:<\/b><span style=\"font-weight: 400;\"> A sa\u00fade \u00e9 um setor cr\u00edtico em Connecticut, com v\u00e1rios hospitais, cl\u00ednicas e institui\u00e7\u00f5es de pesquisa prestando servi\u00e7os e conduzindo pesquisas m\u00e9dicas avan\u00e7adas. Institui\u00e7\u00f5es como Hartford HealthCare e Yale New Haven Health s\u00e3o grandes empregadores e contribuintes para a economia do estado.<\/span><\/p>\n\n\n\n<h2 class=\"wp-block-heading\"><span style=\"font-weight: 400;\"><strong>Principais players no mercado de Connecticut<\/strong><\/span><\/h2>\n\n\n\n<p><span style=\"font-weight: 400;\">Connecticut \u00e9 o lar de v\u00e1rios participantes l\u00edderes em v\u00e1rios setores, cada um contribuindo para o ambiente de neg\u00f3cios din\u00e2mico do estado.<\/span><\/p>\n\n\n\n<p><b>\u2022 Pratt &amp; Whitney<\/b><span style=\"font-weight: 400;\"> \u00e9 l\u00edder global na ind\u00fastria aeroespacial. Com sede em East Hartford, a empresa \u00e9 especializada em projetar e fabricar motores para aeronaves. As capacidades avan\u00e7adas de fabrica\u00e7\u00e3o da Pratt &amp; Whitney e os investimentos significativos em P&amp;D impulsionam os avan\u00e7os tecnol\u00f3gicos e o crescimento econ\u00f4mico em Connecticut.<\/span><\/p>\n\n\n\n<p><b>\u2022 Universidade de Yale<\/b><span style=\"font-weight: 400;\"> \u00e9 uma importante institui\u00e7\u00e3o educacional e de pesquisa em Connecticut. Localizada em New Haven, a influ\u00eancia de Yale estende-se para al\u00e9m da academia, impulsionando o crescimento econ\u00f3mico atrav\u00e9s de iniciativas de investiga\u00e7\u00e3o, parcerias com a ind\u00fastria e o cultivo de uma for\u00e7a de trabalho altamente qualificada.<\/span><\/p>\n\n\n\n<p><b>\u2022 Hartford<\/b><span style=\"font-weight: 400;\"> \u00e9 outro player importante no setor de seguros. Como uma das maiores e mais antigas seguradoras dos Estados Unidos, a The Hartford oferece v\u00e1rios produtos e servi\u00e7os de seguros, apoiando indiv\u00edduos e empresas em Connecticut e em outros lugares.<\/span><\/p>\n\n\n\n<h2 class=\"wp-block-heading\"><span style=\"font-weight: 400;\"><strong>Principais atra\u00e7\u00f5es tur\u00edsticas em Connecticut<\/strong><\/span><\/h2>\n\n\n\n<p><span style=\"font-weight: 400;\">Connecticut \u00e9 conhecido por sua rica hist\u00f3ria, cultura vibrante e beleza natural deslumbrante, o que o torna um destino popular para turistas em todo o mundo.&nbsp;<\/span><\/p>\n\n\n\n<ul class=\"wp-block-list\">\n<li><b> Porto M\u00edstico<\/b><span style=\"font-weight: 400;\"> \u00e9 o principal museu mar\u00edtimo do pa\u00eds, oferecendo um vislumbre do passado mar\u00edtimo da Am\u00e9rica. Os visitantes podem explorar navios hist\u00f3ricos, exposi\u00e7\u00f5es mar\u00edtimas e uma vila mar\u00edtima recriada do s\u00e9culo XIX, tornando-o um destino fascinante para f\u00e3s de hist\u00f3ria e fam\u00edlias.<\/span><\/li>\n\n\n\n<li><b> Galeria de Arte da Universidade de Yale<\/b><span style=\"font-weight: 400;\"> abriga uma extensa cole\u00e7\u00e3o de arte de v\u00e1rios per\u00edodos e culturas. As diversas exposi\u00e7\u00f5es e programas educacionais do museu fazem dele um centro cultural em Connecticut.<\/span><\/li>\n\n\n\n<li><b> Parque Estadual do Castelo Gillette<\/b><span style=\"font-weight: 400;\"> apresenta o Castelo Gillette de estilo medieval, constru\u00eddo pelo ator William Gillette. O parque oferece trilhas pitorescas para caminhadas, \u00e1reas para piquenique e vistas deslumbrantes do rio Connecticut, tornando-o um local popular para entusiastas de atividades ao ar livre.<\/span><\/li>\n\n\n\n<li><b> Casa e Museu de Mark Twain<\/b><span style=\"font-weight: 400;\"> oferece visitas guiadas e exposi\u00e7\u00f5es sobre a vida e obra de Twain. A casa lindamente restaurada e seu significado hist\u00f3rico atraem amantes da literatura em todo o mundo.<\/span><\/li>\n<\/ul>\n\n\n\n<h2 class=\"wp-block-heading\"><span style=\"font-weight: 400;\"><strong>Oportunidades em Connecticut para empresas<\/strong><\/span><\/h2>\n\n\n\n<p><span style=\"font-weight: 400;\">Connecticut oferece in\u00fameras oportunidades para empresas que buscam estabelecer ou expandir sua presen\u00e7a neste mercado din\u00e2mico. As empresas podem alcan\u00e7ar crescimento e sucesso significativos ao compreender e aproveitar essas oportunidades.<\/span><\/p>\n\n\n\n<ul class=\"wp-block-list\">\n<li><b>Localiza\u00e7\u00e3o estrat\u00e9gica:<\/b><span style=\"font-weight: 400;\"> A localiza\u00e7\u00e3o de Connecticut, no nordeste dos Estados Unidos, oferece f\u00e1cil acesso aos principais mercados, como Nova York e Boston. Esta posi\u00e7\u00e3o estrat\u00e9gica aumenta a efici\u00eancia log\u00edstica e proporciona acesso a uma grande base de consumidores.<\/span><\/li>\n\n\n\n<li><b>M\u00e3o de obra qualificada:<\/b><span style=\"font-weight: 400;\"> Connecticut possui uma for\u00e7a de trabalho altamente qualificada e qualificada, com uma alta concentra\u00e7\u00e3o de universidades e faculdades. As empresas podem aproveitar esse conjunto de talentos para impulsionar a inova\u00e7\u00e3o e a produtividade.<\/span><\/li>\n\n\n\n<li><b>Tecnologia e Inova\u00e7\u00e3o:<\/b><span style=\"font-weight: 400;\"> O setor tecnol\u00f3gico de Connecticut est\u00e1 crescendo, com oportunidades em biotecnologia, seguran\u00e7a cibern\u00e9tica e desenvolvimento de software. O ecossistema de apoio do estado para startups e empreendedores oferece in\u00fameros recursos para que as empresas de tecnologia prosperem.<\/span><\/li>\n\n\n\n<li><b>Crescimento da sa\u00fade:<\/b><span style=\"font-weight: 400;\"> O investimento cont\u00ednuo em cuidados de sa\u00fade oferece in\u00fameras oportunidades de neg\u00f3cios nos setores m\u00e9dico e de ci\u00eancias da vida. A infraestrutura de sa\u00fade do estado apoia a pesquisa e o atendimento ao paciente, tornando-o um mercado atraente para inova\u00e7\u00f5es em sa\u00fade.<\/span><\/li>\n\n\n\n<li><b>Servi\u00e7os financeiros:<\/b> O robusto setor financeiro e de seguros de Connecticut oferece oportunidades para empresas envolvidas em servi\u00e7os financeiros, fintech e seguros. As institui\u00e7\u00f5es financeiras estabelecidas e o ambiente regulamentar do estado apoiam o crescimento do sector.<\/li>\n<\/ul>\n\n\n\n<h2 class=\"wp-block-heading\"><span style=\"font-weight: 400;\"><strong>Pesquisa de Mercado em Connecticut: An\u00e1lise das Cinco For\u00e7as de Porter do Mercado de Connecticut<\/strong><\/span><\/h2>\n\n\n\n<p><span style=\"font-weight: 400;\">A realiza\u00e7\u00e3o da an\u00e1lise das Cinco For\u00e7as de Porter ajuda as empresas a compreender as for\u00e7as competitivas que moldam o mercado de Connecticut, fornecendo uma vis\u00e3o abrangente para o planejamento estrat\u00e9gico.<\/span><\/p>\n\n\n\n<p><b>Amea\u00e7a de novos participantes<\/b><\/p>\n\n\n\n<p><span style=\"font-weight: 400;\">A amea\u00e7a de novos participantes no mercado de Connecticut varia de acordo com o setor. Barreiras de entrada elevadas, tais como requisitos regulamentares, investimento de capital significativo e concorrentes estabelecidos, podem dissuadir novos participantes, especialmente nos setores financeiro, de sa\u00fade e industrial.<\/span><\/p>\n\n\n\n<p><b>Poder de barganha dos fornecedores<\/b><\/p>\n\n\n\n<p><span style=\"font-weight: 400;\">O poder de barganha dos fornecedores em Connecticut pode ser moderado a alto, dependendo do setor. Os fornecedores que fornecem materiais ou servi\u00e7os especializados podem ter uma influ\u00eancia significativa em setores como a ind\u00fastria transformadora e os cuidados de sa\u00fade. No entanto, as empresas muitas vezes atenuam este poder diversificando a sua base de fornecedores ou integrando-se verticalmente.<\/span><\/p>\n\n\n\n<p><b>Poder de barganha dos compradores<\/b><\/p>\n\n\n\n<p><span style=\"font-weight: 400;\">Os compradores em Connecticut geralmente t\u00eam um poder de barganha consider\u00e1vel, especialmente em mercados competitivos com muitas alternativas. Por exemplo, os consumidores dos setores retalhista e de servi\u00e7os podem facilmente mudar de fornecedor, levando as empresas a oferecer melhor valor e servi\u00e7os para reter clientes.<\/span><\/p>\n\n\n\n<p><b>Amea\u00e7a de substitutos<\/b><\/p>\n\n\n\n<p><span style=\"font-weight: 400;\">A amea\u00e7a de substitutos em Connecticut varia muito de acordo com o setor. Na tecnologia e nos bens de consumo, o ritmo acelerado da inova\u00e7\u00e3o pode conduzir a elevados riscos de substitui\u00e7\u00e3o. As empresas devem inovar continuamente para permanecerem relevantes e manterem a sua vantagem competitiva.<\/span><\/p>\n\n\n\n<p><b>Rivalidade competitiva<\/b><\/p>\n\n\n\n<p><span style=\"font-weight: 400;\">A rivalidade competitiva em Connecticut \u00e9 geralmente elevada, impulsionada por in\u00fameras empresas bem estabelecidas e um ambiente de mercado din\u00e2mico. Setores como finan\u00e7as, seguros e educa\u00e7\u00e3o enfrentam uma concorr\u00eancia intensa, levando as empresas a se diferenciarem por meio da inova\u00e7\u00e3o, qualidade e atendimento ao cliente.<\/span><\/p>\n\n\n\n<h2 class=\"wp-block-heading\">Nossa equipe de pesquisa de mercado de Connecticut<\/h2>\n\n\n\n<p>A SIS conduz trabalho de campo qualitativo, coleta de dados quantitativos e pesquisa estrat\u00e9gica em Connecticut. Nossa equipe se beneficia de nossas melhores pr\u00e1ticas globais, execu\u00e7\u00e3o de projetos localmente eficiente e atendimento ao cliente 24 horas por dia. Muitos dos membros da nossa equipe moram em Connecticut e trazem conhecimento local para analisar descobertas e fazer recomenda\u00e7\u00f5es.<\/p>\n\n\n\n<p><\/p>","protected":false},"excerpt":{"rendered":"<p>Connecticut est\u00e1 estrategicamente localizado entre Boston e Nova York e tem uma popula\u00e7\u00e3o de 3,5 milh\u00f5es de pessoas. Saiba mais sobre nossos recursos em CT.<\/p>","protected":false},"author":1,"featured_media":66522,"parent":19303,"menu_order":10,"comment_status":"closed","ping_status":"closed","template":"","meta":{"footnotes":""},"class_list":["post-24329","page","type-page","status-publish","has-post-thumbnail"],"_links":{"self":[{"href":"https:\/\/www.sisinternational.com\/pt\/wp-json\/wp\/v2\/pages\/24329","targetHints":{"allow":["GET"]}}],"collection":[{"href":"https:\/\/www.sisinternational.com\/pt\/wp-json\/wp\/v2\/pages"}],"about":[{"href":"https:\/\/www.sisinternational.com\/pt\/wp-json\/wp\/v2\/types\/page"}],"author":[{"embeddable":true,"href":"https:\/\/www.sisinternational.com\/pt\/wp-json\/wp\/v2\/users\/1"}],"replies":[{"embeddable":true,"href":"https:\/\/www.sisinternational.com\/pt\/wp-json\/wp\/v2\/comments?post=24329"}],"version-history":[{"count":18,"href":"https:\/\/www.sisinternational.com\/pt\/wp-json\/wp\/v2\/pages\/24329\/revisions"}],"predecessor-version":[{"id":78774,"href":"https:\/\/www.sisinternational.com\/pt\/wp-json\/wp\/v2\/pages\/24329\/revisions\/78774"}],"up":[{"embeddable":true,"href":"https:\/\/www.sisinternational.com\/pt\/wp-json\/wp\/v2\/pages\/19303"}],"wp:featuredmedia":[{"embeddable":true,"href":"https:\/\/www.sisinternational.com\/pt\/wp-json\/wp\/v2\/media\/66522"}],"wp:attachment":[{"href":"https:\/\/www.sisinternational.com\/pt\/wp-json\/wp\/v2\/media?parent=24329"}],"curies":[{"name":"wp","href":"https:\/\/api.w.org\/{rel}","templated":true}]}}