{"id":23135,"date":"2017-06-21T16:56:37","date_gmt":"2017-06-21T16:56:37","guid":{"rendered":"https:\/\/www.sisinternational.com\/?page_id=23135"},"modified":"2025-09-10T22:04:06","modified_gmt":"2025-09-11T02:04:06","slug":"empresas-de-design-de-pesquisa-de-mercado","status":"publish","type":"page","link":"https:\/\/www.sisinternational.com\/pt\/solucoes\/solucoes-de-pesquisa-quantitativa-qualitativa\/empresas-de-design-de-pesquisa-de-mercado\/","title":{"rendered":"Empresa de pesquisa de design"},"content":{"rendered":"<h1 class=\"wp-block-heading\">Empresa de pesquisa de design<\/h1>\n\n\n\n<figure class=\"gb-block-image gb-block-image-f34cf269\"><img loading=\"lazy\" decoding=\"async\" width=\"1456\" height=\"816\" class=\"gb-image gb-image-f34cf269\" src=\"https:\/\/www.sisinternational.com\/wp-content\/uploads\/2025\/08\/Industrial-design-4.jpg\" srcset=\"https:\/\/www.sisinternational.com\/wp-content\/uploads\/2025\/08\/Industrial-design-4.jpg 1456w, https:\/\/www.sisinternational.com\/wp-content\/uploads\/2025\/08\/Industrial-design-4-300x168.jpg 300w, https:\/\/www.sisinternational.com\/wp-content\/uploads\/2025\/08\/Industrial-design-4-1024x574.jpg 1024w, https:\/\/www.sisinternational.com\/wp-content\/uploads\/2025\/08\/Industrial-design-4-768x430.jpg 768w, https:\/\/www.sisinternational.com\/wp-content\/uploads\/2025\/08\/Industrial-design-4-18x10.jpg 18w\" sizes=\"auto, (max-width: 1456px) 100vw, 1456px\" alt=\"Pesquisa e Estrat\u00e9gia de Mercado Internacional da SIS\"><\/figure>\n\n\n\n<p><\/p>\n\n\n\n<h2 class=\"wp-block-heading\">A SIS fornece Pesquisa de Mercado para Empresas de Design e Inova\u00e7\u00e3o.<\/h2>\n\n\n\n<p>Design Research Companies are faced with shaping the innovations and designs of future products and services.<\/p>\n\n\n\n<p>It&#8217;s an exciting field, and research supports these companies&#8217; creative processes. We provide Qualitative Fieldwork services, participant recruitment services, Quantitative Research, and Strategy Research to Design companies daily.<\/p>\n\n\n\n<h2 class=\"wp-block-heading\">A import\u00e2ncia das empresas inovadoras<\/h2>\n\n\n\n<p><span style=\"font-weight: 400;\">The term \u201cinnovation\u201d only came into everyday use at the start of the twentieth century. Since then, it has become symbolic of contemporary society. Dedicated innovation and design firms are one feature of modern business. Some larger firms offer these services as part of Management Consulting. Others are more specialized, with either innovation or design research as their main focus.&nbsp;<\/span><\/p>\n\n\n\n<p><span style=\"font-weight: 400;\">Design firms help companies create new products. They develop prototypes that they can test through market research. These firms help to create a range of products that can be tested. From home appliances to furniture to pet supplies, they have it covered. They help with the invention, patenting, branding, and packaging. They also do mechanical design, engineering, and product testing.<\/span><\/p>\n\n\n\n<p><span style=\"font-weight: 400;\">As empresas de design costumam usar a narrativa para comunicar as percep\u00e7\u00f5es do consumidor aos seus clientes. Contar a hist\u00f3ria de uma marca \u00e9 uma parte cr\u00edtica de sua constru\u00e7\u00e3o. A ci\u00eancia confirmou um desejo inato dos humanos por contar hist\u00f3rias. Uma boa hist\u00f3ria \u00e9 universal e faz os consumidores sentirem algo. O marketing est\u00e1 cada vez mais focado em mensagens, estrat\u00e9gias digitais e narrativas.<\/span><\/p>\n\n\n\n<h2 class=\"wp-block-heading\"><strong>As empresas de design precisam de pesquisa de mercado qualitativa<\/strong><\/h2>\n\n\n\n<p><span style=\"font-weight: 400;\">Design firms use Ethnography, a form of Qualitative Research, to gain design insights. Design Ethnographers visit participants to observe and interview them. With Design Ethnography, the researcher does not only ask people what they want. He or she also tries to find out why people desire those things. They answer questions like, what goals are users trying to achieve?&nbsp; How do they use the product? What do they like or dislike?&nbsp; Some questions can even be more abstract to uncover deep insight.<\/span><\/p>\n\n\n\n<p><span style=\"font-weight: 400;\">Another form of Qualitative Research that design firms use is Focus Groups. These groups tell the designers what they like or dislike about their product. It\u2019s best to observe these groups in real-life situations. For example, don&#8217;t show participants an artist\u2019s rendering of the design concept. Instead, let them touch, feel, use and test a product prototype. These insights fuel the design process.<\/span><\/p>\n\n\n\n<p><span style=\"font-weight: 400;\">A third method is Customer Interviews. Taking the time to interview prospective users or customers is beneficial. Researchers can talk to interviewees in-person or over the phone. These discussions help design firms to understand consumer needs. It\u2019s a chance to move away from the company\u2019s internal views and perceptions on how things are. Consumer Interviews can be quite simple. However, if they show how consumers think or behave, they can shape the direction of a project.<\/span><\/p>\n\n\n\n<h2 class=\"wp-block-heading\"><strong>Benef\u00edcios da pesquisa em design<\/strong><\/h2>\n\n\n\n<p><span style=\"font-weight: 400;\">A Design Research oferece v\u00e1rios benef\u00edcios. Esses incluem:<\/span><\/p>\n\n\n\n<ul class=\"wp-block-list\">\n<li>Testando novos conceitos de produtos<\/li>\n\n\n\n<li>Compreender as necessidades n\u00e3o atendidas do cliente<\/li>\n\n\n\n<li>Compreendendo os requisitos de usabilidade<\/li>\n\n\n\n<li><span style=\"font-size: inherit; background-color: var(--base-3); color: var(--contrast-2);\">Descobrindo insights de descoberta de clientes.<\/span><\/li>\n<\/ul>\n\n\n\n<h2 class=\"wp-block-heading\"><strong>Servi\u00e7os de recrutamento de pesquisa de design<\/strong><\/h2>\n\n\n\n<figure class=\"gb-block-image gb-block-image-f82fc2ca\"><img loading=\"lazy\" decoding=\"async\" width=\"1456\" height=\"816\" class=\"gb-image gb-image-f82fc2ca\" src=\"https:\/\/www.sisinternational.com\/wp-content\/uploads\/2025\/08\/Interview-5.jpg\" srcset=\"https:\/\/www.sisinternational.com\/wp-content\/uploads\/2025\/08\/Interview-5.jpg 1456w, https:\/\/www.sisinternational.com\/wp-content\/uploads\/2025\/08\/Interview-5-300x168.jpg 300w, https:\/\/www.sisinternational.com\/wp-content\/uploads\/2025\/08\/Interview-5-1024x574.jpg 1024w, https:\/\/www.sisinternational.com\/wp-content\/uploads\/2025\/08\/Interview-5-768x430.jpg 768w, https:\/\/www.sisinternational.com\/wp-content\/uploads\/2025\/08\/Interview-5-18x10.jpg 18w\" sizes=\"auto, (max-width: 1456px) 100vw, 1456px\" alt=\"Pesquisa e Estrat\u00e9gia de Mercado Internacional da SIS\"><\/figure>\n\n\n\n<p><\/p>\n\n\n\n<p><span style=\"font-weight: 400;\">We recruit participants for market research studies from our database of more than a million individuals. We also recruit Ethnographic respondents. These respondents help design firms understand specific groups and show how different groups use a product or service. Another recruitment service that we provide is participants for customer interviews. Design firms can get interviewees targeted by demographics or geography. We also offer interviewees targeted by profession or any other criteria.<\/span><\/p>\n\n\n\n<p><span style=\"font-weight: 400;\"><a href=\"https:\/\/www.linkedin.com\/company\/sisinternationalresearch\" target=\"_blank\" rel=\"noopener\">SIS Internacional<\/a> provides respondents from around the world. These respondents provide insight and reactions to new products. Our focus is to give our clients respondents even in hard-to-reach demographics. We can provide insights from smaller countries. We also gain insights from difficult target groups. These groups include teens, males, and Hispanics. Our reach ensures that you are speaking to a diverse sample. We always ensure that your cross-section is representative of your global users.<\/span><\/p>\n\n\n\n<h2 class=\"wp-block-heading\">Trabalhamos com:<\/h2>\n\n\n\n<ul class=\"wp-block-list\">\n<li>Empresas de design<\/li>\n\n\n\n<li>Empresas de Inova\u00e7\u00e3o<\/li>\n\n\n\n<li>Empresas de Fatores Humanos<\/li>\n\n\n\n<li>Empresas de design de produto<\/li>\n\n\n\n<li>Empresas de experi\u00eancia do usu\u00e1rio (UX)<\/li>\n\n\n\n<li>Ag\u00eancias de marca<\/li>\n<\/ul>\n\n\n\n<h2 class=\"wp-block-heading\">Solu\u00e7\u00f5es para empresas de design:<\/h2>\n\n\n\n<ul class=\"wp-block-list\">\n<li>Recrutamento de participantes<\/li>\n\n\n\n<li>Co-Creation &amp; <a class=\"wpil_keyword_link\" href=\"https:\/\/www.sisinternational.com\/pt\/solucoes\/inovacao-tecnologica\/\" title=\"SIS Technology &amp; Innovation Solutions\" data-wpil-keyword-link=\"linked\" data-wpil-monitor-id=\"485\">Innovation Solutions<\/a><\/li>\n\n\n\n<li>Grupos de foco<\/li>\n\n\n\n<li>Etnografia e entrevistas domiciliares<\/li>\n\n\n\n<li>Entrevista e Modera\u00e7\u00e3o<\/li>\n\n\n\n<li>Servi\u00e7os de inova\u00e7\u00e3o<\/li>\n\n\n\n<li>Comunidades de insights on-line<\/li>\n\n\n\n<li><a class=\"wpil_keyword_link\" href=\"https:\/\/www.sisinternational.com\/pt\/solucoes\/inovacao\/pensamento-de-design\/\" title=\"Pesquisa de mercado de pensamento de design\" data-wpil-keyword-link=\"linked\" data-wpil-monitor-id=\"484\">Pesquisa de mercado de pensamento de design<\/a><\/li>\n\n\n\n<li>Pesquisa e testes \u00e1geis<\/li>\n\n\n\n<li>Teste de prot\u00f3tipo<\/li>\n\n\n\n<li>Teste de usabilidade (UX)<\/li>\n\n\n\n<li>Tradutores e Tradu\u00e7\u00e3o<\/li>\n<\/ul>\n\n\n\n<h2 class=\"wp-block-heading\">Raz\u00f5es para escolher o SIS<\/h2>\n\n\n\n<ul class=\"wp-block-list\">\n<li>Atendimento ao cliente 24 horas por dia<\/li>\n\n\n\n<li>Acesso incompar\u00e1vel a consumidores e entrevistados B2B em todo o mundo<\/li>\n\n\n\n<li>Nossa instala\u00e7\u00e3o de Focus Group em Nova York<\/li>\n\n\n\n<li>Pre\u00e7o econ\u00f4mico<\/li>\n\n\n\n<li>Execu\u00e7\u00e3o r\u00e1pida do projeto<\/li>\n<\/ul>\n\n\n\n<h2 class=\"wp-block-heading\">Localiza\u00e7\u00e3o de nossas instala\u00e7\u00f5es em Nova York<\/h2>\n\n\n\n<p>\n\n\n\n<iframe loading=\"lazy\" src=\"https:\/\/www.google.com\/maps\/embed?pb=!1m18!1m12!1m3!1d3022.976188376966!2d-73.99130312499956!3d40.740549471389315!2m3!1f0!2f0!3f0!3m2!1i1024!2i768!4f13.1!3m3!1m2!1s0x89c259a15798c731%3A0xd695d09bdd495f25!2s11%20E%2022nd%20St%20FL%202%2C%20New%20York%2C%20NY%2010010%2C%20USA!5e0!3m2!1sen!2spe!4v1726171763526!5m2!1sen!2spe\" width=\"600\" height=\"450\" allowfullscreen=\"allowfullscreen\" data-mce-fragment=\"1\"><\/iframe>\n\n\n\n<\/p>\n\n\n\n<h3 class=\"wp-block-heading\">11 E 22nd Street, 2\u00ba andar, Nova York, NY 10010 T: +1(212) 505-6805<\/h3>\n\n\n\n<hr class=\"wp-block-separator has-alpha-channel-opacity\"\/>\n\n\n\n<h2 class=\"wp-block-heading\"><span style=\"font-weight: 400;\">Sobre SIS Internacional<\/span><\/h2>\n\n\n\n<p><a href=\"https:\/\/www.sisinternational.com\/pt\/\"><span style=\"font-weight: 400;\">SIS Internacional<\/span><\/a><span style=\"font-weight: 400;\"> oferece pesquisa quantitativa, qualitativa e estrat\u00e9gica. Fornecemos dados, ferramentas, estrat\u00e9gias, relat\u00f3rios e insights para a tomada de decis\u00f5es. Tamb\u00e9m realizamos entrevistas, pesquisas, grupos focais e outros m\u00e9todos e abordagens de Pesquisa de Mercado.<\/span><a href=\"https:\/\/www.sisinternational.com\/pt\/sobre-a-sis-international-research\/contact-sis-international-market-research\/\"><span style=\"font-weight: 400;\"> Entre em contato conosco<\/span><\/a><span style=\"font-weight: 400;\"> para o seu pr\u00f3ximo projeto de pesquisa de mercado.<\/span><\/p>","protected":false},"excerpt":{"rendered":"<p>Realizamos Etnografia, Recrutamento de Respondentes e Entrevistas com Consumidores para Empresas de Design.<\/p>","protected":false},"author":1,"featured_media":63537,"parent":14660,"menu_order":10,"comment_status":"closed","ping_status":"closed","template":"","meta":{"footnotes":""},"class_list":["post-23135","page","type-page","status-publish","has-post-thumbnail"],"_links":{"self":[{"href":"https:\/\/www.sisinternational.com\/pt\/wp-json\/wp\/v2\/pages\/23135","targetHints":{"allow":["GET"]}}],"collection":[{"href":"https:\/\/www.sisinternational.com\/pt\/wp-json\/wp\/v2\/pages"}],"about":[{"href":"https:\/\/www.sisinternational.com\/pt\/wp-json\/wp\/v2\/types\/page"}],"author":[{"embeddable":true,"href":"https:\/\/www.sisinternational.com\/pt\/wp-json\/wp\/v2\/users\/1"}],"replies":[{"embeddable":true,"href":"https:\/\/www.sisinternational.com\/pt\/wp-json\/wp\/v2\/comments?post=23135"}],"version-history":[{"count":6,"href":"https:\/\/www.sisinternational.com\/pt\/wp-json\/wp\/v2\/pages\/23135\/revisions"}],"predecessor-version":[{"id":74972,"href":"https:\/\/www.sisinternational.com\/pt\/wp-json\/wp\/v2\/pages\/23135\/revisions\/74972"}],"up":[{"embeddable":true,"href":"https:\/\/www.sisinternational.com\/pt\/wp-json\/wp\/v2\/pages\/14660"}],"wp:featuredmedia":[{"embeddable":true,"href":"https:\/\/www.sisinternational.com\/pt\/wp-json\/wp\/v2\/media\/63537"}],"wp:attachment":[{"href":"https:\/\/www.sisinternational.com\/pt\/wp-json\/wp\/v2\/media?parent=23135"}],"curies":[{"name":"wp","href":"https:\/\/api.w.org\/{rel}","templated":true}]}}