{"id":22531,"date":"2019-07-06T18:23:19","date_gmt":"2019-07-06T18:23:19","guid":{"rendered":"https:\/\/www.sisinternational.com\/?p=22531"},"modified":"2026-01-26T18:08:32","modified_gmt":"2026-01-26T23:08:32","slug":"ia-inteligencia-artificial","status":"publish","type":"page","link":"https:\/\/www.sisinternational.com\/pt\/solucoes\/pesquisa-de-mercado-de-ia-e-consultoria-estrategica\/ia-inteligencia-artificial\/","title":{"rendered":"Pesquisa de mercado de intelig\u00eancia artificial"},"content":{"rendered":"<h1 class=\"wp-block-heading\">Pesquisa de mercado de intelig\u00eancia artificial<\/h1>\n\n\n\n<figure class=\"gb-block-image gb-block-image-9d14d326\"><img loading=\"lazy\" decoding=\"async\" width=\"1456\" height=\"816\" class=\"gb-image gb-image-9d14d326\" src=\"https:\/\/www.sisinternational.com\/wp-content\/uploads\/2025\/08\/AI-11.jpg\" alt=\"Pesquisa e Estrat\u00e9gia de Mercado Internacional da SIS\" title=\"AI (11)\" srcset=\"https:\/\/www.sisinternational.com\/wp-content\/uploads\/2025\/08\/AI-11.jpg 1456w, https:\/\/www.sisinternational.com\/wp-content\/uploads\/2025\/08\/AI-11-300x168.jpg 300w, https:\/\/www.sisinternational.com\/wp-content\/uploads\/2025\/08\/AI-11-1024x574.jpg 1024w, https:\/\/www.sisinternational.com\/wp-content\/uploads\/2025\/08\/AI-11-768x430.jpg 768w, https:\/\/www.sisinternational.com\/wp-content\/uploads\/2025\/08\/AI-11-18x10.jpg 18w\" sizes=\"auto, (max-width: 1456px) 100vw, 1456px\"><\/figure>\n\n\n\n<p><\/p>\n\n\n\n<h2 class=\"wp-block-heading p3\"><span class=\"s1\">A Intelig\u00eancia Artificial \u00e9 um tema muito discutido atualmente, mas n\u00e3o \u00e9 novidade.<\/span><\/h2>\n\n\n\n<p class=\"p3\"><span class=\"s1\">A cultura popular refletiu nosso fasc\u00ednio pela IA durante anos em filmes como 2001: Uma Odisseia no Espa\u00e7o, Eu, Rob\u00f4 e, logicamente, IA.<span class=\"Apple-converted-space\">&nbsp; <\/span>Ent\u00e3o, o que exatamente \u00e9 intelig\u00eancia artificial? Est\u00e1 aqui, \u00e9 o futuro e, para algumas pessoas, parece um pouco assustador.<\/span><\/p>\n\n\n\n<h2 class=\"wp-block-heading\">A G\u00eanese da IA<\/h2>\n\n\n\n<p class=\"p3\"><span class=\"s1\">John McCarthy era um cientista altamente conceituado em Stanford e no MIT. Ele inventou o nome Intelig\u00eancia Artificial em 1955, definindo-a como \u201ca ci\u00eancia e a engenharia de fabrica\u00e7\u00e3o de m\u00e1quinas inteligentes\u201d.<\/span><\/p>\n\n\n\n<p class=\"p4\"><span class=\"s3\">As origens da nossa intriga com a intelig\u00eancia artificial remontam muito al\u00e9m do advento da era moderna da inform\u00e1tica. Por volta de 2.500 a.C., os antigos eg\u00edpcios \u00e0s vezes consultavam est\u00e1tuas para obter insights de sua suspeita sabedoria sobrenatural. Hoje, um enorme busto de <i>Re-Harmakis<\/i> em um museu do Cairo, \u201c<\/span><span class=\"s4\">revela o segredo de sua genialidade: uma abertura na nuca grande o suficiente para acomodar um padre.\u201d<\/span><\/p>\n\n\n\n<p class=\"p5\"><span class=\"s1\">Outras inven\u00e7\u00f5es revolucion\u00e1rias, como a M\u00e1quina Anal\u00edtica de Charles Babbage em 1833, abriram caminho para a computa\u00e7\u00e3o contempor\u00e2nea e para o que veio a ser conhecido como intelig\u00eancia artificial. Em 1948, no alvorecer da era digital, o cen\u00e1rio parecia preparado para o r\u00e1pido avan\u00e7o da IA O cientista da computa\u00e7\u00e3o brit\u00e2nico Alan Turing levantou muitas sobrancelhas na comunidade cient\u00edfica e al\u00e9m com seu artigo \u201cIntelligent Machinery\u201d, \u201cn\u00e3o vendo obje\u00e7\u00f5es a um trabalho , m\u00e1quina pensante at\u00e9 o final do s\u00e9culo.\u201d<\/span><\/p>\n\n\n\n<p class=\"p5\"><span class=\"s1\">Os primeiros computadores desajeitados, como o UNIVAC 1, deram lugar a outros, como o da IBM. <i>Azul profundo<\/i>, o primeiro programa de xadrez de computador que efetivamente dispensou todos os desafiantes humanos.&nbsp;<\/span><\/p>\n\n\n\n<h2 class=\"wp-block-heading\">IA hoje<\/h2>\n\n\n\n<p class=\"p5\"><span class=\"s1\">Hoje, grandes empresas como Microsoft, Amazon e Google j\u00e1 investiram pesadamente em IA para melhorar a tecnologia dos mecanismos de pesquisa e fornecer \u00e0s pessoas assistentes cibern\u00e9ticos vi\u00e1veis. Naturalmente, a intelig\u00eancia artificial est\u00e1 a ser aproveitada para fazer coisas \u00fateis em \u00e1reas como os cuidados de sa\u00fade, \u00e0 medida que os prestadores \u201caproveitam as novas tecnologias para melhorar os resultados e reduzir os custos (com) a disponibilidade de computadores mais baratos e mais potentes\u201d.<\/span><\/p>\n\n\n\n<p class=\"p5\"><span class=\"s1\"><i>Watson<\/i> \u00e9 um computador projetado especificamente para responder \u00e0s perguntas apresentadas em linguagem falada. Um produto do projeto Deep QA da IBM o Watson foi desenvolvido para competir no popular programa de televis\u00e3o <i>Perigo!<\/i> contra uma dupla de ex-campe\u00f5es. No final das contas, o Watson prevaleceu e venceu a competi\u00e7\u00e3o, com uma pequena ajuda dos \u201c200 milh\u00f5es de p\u00e1ginas de conte\u00fado estruturado e n\u00e3o estruturado que consomem quatro <a href=\"https:\/\/en.wikipedia.org\/wiki\/Terabyte\" target=\"_blank\" rel=\"noopener\"><span class=\"s6\">terabytes<\/span><\/a> de <a href=\"https:\/\/en.wikipedia.org\/wiki\/Disk_storage\" target=\"_blank\" rel=\"noopener\"><span class=\"s6\">armazenamento em disco<\/span><\/a> incluindo o texto completo <a href=\"https:\/\/en.wikipedia.org\/wiki\/Wikipedia\" target=\"_blank\" rel=\"noopener\"><span class=\"s6\">Wikip\u00e9dia<\/span><\/a> \u00e0 sua disposi\u00e7\u00e3o.\u201d<\/span><\/p>\n\n\n\n<p class=\"p5\"><span class=\"s1\">Aproveitando esta nova consci\u00eancia p\u00fablica sobre as capacidades do Watson, a IBM apresentou o Watson como uma entidade comercial para o setor de sa\u00fade, utilizando-o por enfermeiras do Memorial Sloan Kettering Cancer Center para auxiliar em decis\u00f5es importantes relacionadas a tratamentos de c\u00e2ncer de pulm\u00e3o.<\/span><\/p>\n\n\n\n<h2 class=\"wp-block-heading\">O que \u00e9 pesquisa de mercado de intelig\u00eancia artificial?<\/h2>\n\n\n\n<p><span style=\"font-weight: 400;\">A pesquisa de mercado de intelig\u00eancia artificial envolve uma an\u00e1lise abrangente da din\u00e2mica do mercado global em torno da intelig\u00eancia artificial (IA). Inclui a avalia\u00e7\u00e3o do tamanho do mercado, tend\u00eancias de crescimento, casos de uso da ind\u00fastria, cen\u00e1rio competitivo e perspectivas de tecnologias de IA.<\/span><\/p>\n\n\n\n<p><span style=\"font-weight: 400;\">Da mesma forma, a pesquisa de mercado de intelig\u00eancia artificial tamb\u00e9m envolve o exame minucioso das ind\u00fastrias de utiliza\u00e7\u00e3o final que beneficiam significativamente das aplica\u00e7\u00f5es de IA. Isso inclui sa\u00fade, automotivo, finan\u00e7as, varejo e manufatura, entre outros. A pesquisa visa fornecer insights sobre como a IA est\u00e1 transformando essas ind\u00fastrias, otimizando as opera\u00e7\u00f5es, melhorando as experi\u00eancias dos clientes e impulsionando a inova\u00e7\u00e3o.<\/span><\/p>\n\n\n\n<p><span style=\"font-weight: 400;\">Outro aspecto crucial da pesquisa de mercado de intelig\u00eancia artificial \u00e9 compreender os desafios e limita\u00e7\u00f5es da IA, incluindo considera\u00e7\u00f5es \u00e9ticas, quest\u00f5es de privacidade de dados e o impacto potencial no emprego. Tamb\u00e9m analisa o cen\u00e1rio de investimento, os padr\u00f5es de financiamento e as iniciativas estrat\u00e9gicas empreendidas pelos principais intervenientes no mercado no espa\u00e7o da IA.<\/span><\/p>\n\n\n\n<h2 class=\"wp-block-heading\">Usando IA nos neg\u00f3cios<\/h2>\n\n\n\n<figure class=\"gb-block-image gb-block-image-24a30049\"><img loading=\"lazy\" decoding=\"async\" width=\"1456\" height=\"816\" class=\"gb-image gb-image-24a30049\" src=\"https:\/\/www.sisinternational.com\/wp-content\/uploads\/2025\/08\/AI-6.jpg\" alt=\"Pesquisa e Estrat\u00e9gia de Mercado Internacional da SIS\" title=\"AI (6)\" srcset=\"https:\/\/www.sisinternational.com\/wp-content\/uploads\/2025\/08\/AI-6.jpg 1456w, https:\/\/www.sisinternational.com\/wp-content\/uploads\/2025\/08\/AI-6-300x168.jpg 300w, https:\/\/www.sisinternational.com\/wp-content\/uploads\/2025\/08\/AI-6-1024x574.jpg 1024w, https:\/\/www.sisinternational.com\/wp-content\/uploads\/2025\/08\/AI-6-768x430.jpg 768w, https:\/\/www.sisinternational.com\/wp-content\/uploads\/2025\/08\/AI-6-18x10.jpg 18w\" sizes=\"auto, (max-width: 1456px) 100vw, 1456px\"><\/figure>\n\n\n\n<p><\/p>\n\n\n\n<p class=\"p5\"><span class=\"s1\">Al\u00e9m do dom\u00ednio m\u00e9dico, a IA est\u00e1 agora a ser utilizada noutras \u00e1reas, como a aplica\u00e7\u00e3o da lei, a negocia\u00e7\u00e3o de a\u00e7\u00f5es, a investiga\u00e7\u00e3o cient\u00edfica e a ind\u00fastria de brinquedos. Notas de Nick Bostrum da Universidade de Oxford; \u201cMuitos milhares de aplica\u00e7\u00f5es de IA est\u00e3o profundamente integradas na infraestrutura de todos os setores.\u201d<\/span><\/p>\n\n\n\n<p class=\"p5\"><span class=\"s1\">A intelig\u00eancia artificial tem seus detratores. O respeitado f\u00edsico te\u00f3rico ingl\u00eas, Stephen Hawking, declarou publicamente: \u201cA intelig\u00eancia artificial pode ser um perigo real num futuro n\u00e3o muito distante\u201d. Ele acredita que um dia um rob\u00f4 poder\u00e1 \u201cprojetar melhorias para si mesmo e ser mais esperto que todos n\u00f3s\u201d.<\/span><\/p>\n\n\n\n<p class=\"p6\"><span class=\"s4\">F\u00edsico Louis Del Monte, autor de <i>A Revolu\u00e7\u00e3o da Intelig\u00eancia Artificial, <\/i>recentemente fez esta previs\u00e3o alarmante sobre o r\u00e1pido avan\u00e7o da IA. <\/span><span class=\"s1\">\u201cEntre 2040 e 2045, teremos desenvolvido uma m\u00e1quina ou m\u00e1quinas que n\u00e3o s\u00f3 ser\u00e3o equivalentes \u00e0 mente humana, mas tamb\u00e9m mais inteligentes do que toda a ra\u00e7a humana combinada.\u201d<\/span><\/p>\n\n\n\n<h2 class=\"wp-block-heading\">Import\u00e2ncia da Pesquisa de Mercado de Intelig\u00eancia Artificial<\/h2>\n\n\n\n<p><span style=\"font-weight: 400;\">A pesquisa de mercado de intelig\u00eancia artificial \u00e9 crucial para se manter atualizado sobre os r\u00e1pidos avan\u00e7os tecnol\u00f3gicos em IA. O campo da IA \u00e9 diversificado e est\u00e1 em r\u00e1pida evolu\u00e7\u00e3o, com novos desenvolvimentos surgindo a um ritmo acelerado. Assim, manter-se informado sobre essas mudan\u00e7as \u00e9 essencial para que empresas e organiza\u00e7\u00f5es se mantenham competitivas e inovadoras.<\/span><\/p>\n\n\n\n<p><span style=\"font-weight: 400;\">Al\u00e9m disso, esta investiga\u00e7\u00e3o desempenha um papel fundamental na identifica\u00e7\u00e3o de tend\u00eancias emergentes e aplica\u00e7\u00f5es de IA em todos os setores. Ajuda as empresas a compreender como a IA pode ser aplicada para melhorar as suas opera\u00e7\u00f5es, desde a automatiza\u00e7\u00e3o de tarefas rotineiras at\u00e9 ao fornecimento de an\u00e1lises de dados e insights sofisticados. A pesquisa de mercado de intelig\u00eancia artificial tamb\u00e9m ajuda a compreender os desafios e riscos potenciais associados \u00e0 IA, como considera\u00e7\u00f5es \u00e9ticas, preconceitos nos algoritmos de IA e amea\u00e7as \u00e0 seguran\u00e7a cibern\u00e9tica.&nbsp;<\/span><\/p>\n\n\n\n<p><span style=\"font-weight: 400;\">No entanto, tem muitos outros benef\u00edcios, incluindo:&nbsp;<\/span><\/p>\n\n\n\n<p><b>\u2022 Identifica\u00e7\u00e3o de Novas Oportunidades de Neg\u00f3cios: <\/b><span style=\"font-weight: 400;\">Esta pesquisa ajuda a identificar novas oportunidades onde a IA pode ser aproveitada para criar valor. As empresas podem descobrir mercados inexplorados ou aplica\u00e7\u00f5es inovadoras de IA que podem levar ao crescimento e \u00e0 diversifica\u00e7\u00e3o dos neg\u00f3cios.<\/span><\/p>\n\n\n\n<p><b>\u2022 Gest\u00e3o e Mitiga\u00e7\u00e3o de Riscos: <\/b><span style=\"font-weight: 400;\">A pesquisa de mercado de intelig\u00eancia artificial fornece insights sobre os riscos e desafios potenciais associados \u00e0 IA, incluindo considera\u00e7\u00f5es \u00e9ticas, preconceitos e preocupa\u00e7\u00f5es com seguran\u00e7a de dados.&nbsp;<\/span><\/p>\n\n\n\n<p><b>\u2022 Desenvolvimento aprimorado de produtos: <\/b>For technology developers and providers, artificial intelligence <a href=\"https:\/\/www.sisinternational.com\/pt\/a-necessidade-de-inteligencia-competitiva-nesta-recessao\/\" title=\"A necessidade de intelig\u00eancia competitiva em uma recess\u00e3o\" data-wpil-monitor-id=\"7225\">pesquisa de mercado<\/a> is crucial for creating products that meet market needs. It assists in understanding customer requirements and technological gaps, guiding the development of more effective AI solutions.<\/span><\/p>\n\n\n\n<p><b>\u2022 Desenvolvimento de Pol\u00edticas e Conformidade Regulat\u00f3ria: <\/b><span style=\"font-weight: 400;\">Para os \u00f3rg\u00e3os reguladores e formuladores de pol\u00edticas, compreender o mercado de IA \u00e9 fundamental para desenvolver pol\u00edticas e regulamenta\u00e7\u00f5es eficazes que regem as tecnologias de IA, garantindo o uso respons\u00e1vel e \u00e9tico.<\/span><\/p>\n\n\n\n<p><b>\u2022 Informa\u00e7\u00f5es sobre investimento e financiamento: <\/b><span style=\"font-weight: 400;\">Esta pesquisa \u00e9 ben\u00e9fica para investidores e capitalistas de risco. Fornece informa\u00e7\u00f5es sobre as \u00e1reas mais promissoras para investimento em IA, ajudando-os a tomar decis\u00f5es informadas sobre onde alocar fundos.<\/span><\/p>\n\n\n\n<h2 class=\"wp-block-heading\">Oportunidades no mercado de intelig\u00eancia artificial para empresas<\/h2>\n\n\n\n<p><span style=\"font-weight: 400;\">O <a href=\"https:\/\/www.sisinternational.com\/pt\/adocao-de-inteligencia-artificial-em-pequenas-empresas\/\" title=\"Ado\u00e7\u00e3o da Intelig\u00eancia Artificial (IA) em pequenas empresas\" data-wpil-monitor-id=\"2796\">artificial intelligence market<\/a> presents a wealth of opportunities for businesses across a wide range of industries \u2013 and here are some key opportunities for businesses:<\/span><\/p>\n\n\n\n<p><b>\u2022 Simplifica\u00e7\u00e3o de opera\u00e7\u00f5es e redu\u00e7\u00e3o de custos: <\/b><span style=\"font-weight: 400;\">As tecnologias de IA podem automatizar e otimizar v\u00e1rios processos de neg\u00f3cios, desde o gerenciamento da cadeia de suprimentos at\u00e9 o atendimento ao cliente. Essa automa\u00e7\u00e3o n\u00e3o apenas agiliza as opera\u00e7\u00f5es, mas tamb\u00e9m reduz significativamente os custos operacionais.<\/span><\/p>\n\n\n\n<p><b>\u2022 Melhorar a an\u00e1lise de dados e a tomada de decis\u00f5es: <\/b><span style=\"font-weight: 400;\">A capacidade da IA de processar e analisar grandes volumes de dados pode fornecer \u00e0s empresas informa\u00e7\u00f5es valiosas, facilitando uma tomada de decis\u00f5es mais informada e estrat\u00e9gica. Isso pode ser particularmente ben\u00e9fico em \u00e1reas como pesquisa de mercado, an\u00e1lise financeira e an\u00e1lise do comportamento do cliente.<\/span><\/p>\n\n\n\n<p><b>\u2022 Melhorar a experi\u00eancia do cliente: <\/b><span style=\"font-weight: 400;\">A IA pode personalizar as intera\u00e7\u00f5es com os clientes e aprimorar o atendimento ao cliente, desde chatbots que fornecem suporte instant\u00e2neo ao cliente at\u00e9 personaliza\u00e7\u00e3o orientada por IA no com\u00e9rcio eletr\u00f4nico.&nbsp;<\/span><\/p>\n\n\n\n<p><b>\u2022 Expans\u00e3o para novos mercados: <\/b><span style=\"font-weight: 400;\">A IA pode permitir que as empresas se expandam para novos mercados, incluindo mercados globais, superando barreiras lingu\u00edsticas, prevendo tend\u00eancias de mercado e compreendendo os comportamentos dos consumidores locais.<\/span><\/p>\n\n\n\n<p><b>\u2022 Melhorando a seguran\u00e7a: <\/b><span style=\"font-weight: 400;\">A IA pode melhorar significativamente a seguran\u00e7a, desde solu\u00e7\u00f5es de seguran\u00e7a cibern\u00e9tica que protegem contra amea\u00e7as cibern\u00e9ticas sofisticadas at\u00e9 sistemas de seguran\u00e7a f\u00edsica que utilizam vigil\u00e2ncia alimentada por IA.<\/span><\/p>\n\n\n\n<p><b>\u2022 Promo\u00e7\u00e3o de Pr\u00e1ticas Sustent\u00e1veis: <\/b><span style=\"font-weight: 400;\">A IA tamb\u00e9m pode ser utilizada para promover a sustentabilidade nas opera\u00e7\u00f5es empresariais, tais como otimizar a utiliza\u00e7\u00e3o de energia na produ\u00e7\u00e3o ou melhorar as pr\u00e1ticas de gest\u00e3o de res\u00edduos.<\/span><\/p>\n\n\n\n<h2 class=\"wp-block-heading\">O futuro da IA<\/h2>\n\n\n\n<p class=\"p7\"><span class=\"s1\">Na verdade, a IA poderia ajudar-nos na aplica\u00e7\u00e3o de dados de formas que os humanos nunca poderiam imaginar. As possibilidades aumentam quando se considera a colabora\u00e7\u00e3o cont\u00ednua entre os instrumentos de intelig\u00eancia artificial e os humanos que os criaram. \u00c0 medida que estes sistemas evoluem e s\u00e3o melhorados, a IA continuar\u00e1 a \u201cestar integrada na nossa vida quotidiana, ajudando-nos em tudo, desde a tomada de decis\u00f5es b\u00e1sicas at\u00e9 \u00e0 condu\u00e7\u00e3o dos nossos autom\u00f3veis\u201d.<\/span> <span class=\"s1\">Ao aproveitar esta tremenda fonte de conhecimento crescente, a fic\u00e7\u00e3o cient\u00edfica do passado est\u00e1 rapidamente a tornar-se a excitante realidade de hoje.<\/span><\/p>\n\n\n\n<h2 class=\"wp-block-heading\">Como a pesquisa de mercado ajuda<\/h2>\n\n\n\n<h3 class=\"wp-block-heading\">A pesquisa de mercado revela insights sobre o seguinte:<\/h3>\n\n\n\n<ul class=\"wp-block-list\">\n<li>Clientes<\/li>\n\n\n\n<li>Empresas<\/li>\n\n\n\n<li>Concorrentes<\/li>\n\n\n\n<li>Redes de fornecimento<\/li>\n\n\n\n<li>Mercados, Ind\u00fastrias e Pa\u00edses<\/li>\n<\/ul>\n\n\n\n<p>As AI is in the early stages of adoption in many industries, many clients prefer to conduct Customer Research, Product Testing, and <a href=\"https:\/\/www.sisinternational.com\/pt\/cobertura\/as-americas\/cobertura-dos-eua\/pesquisa-de-mercado-tampa-florida\/\" title=\"Pesquisa de mercado em Tampa, Fl\u00f3rida\" data-wpil-monitor-id=\"4147\">Pesquisa de oportunidades de mercado<\/a>.<\/p>\n\n\n\n<h2 class=\"wp-block-heading\">Solu\u00e7\u00f5es SIS: Pesquisa de Mercado de Intelig\u00eancia Artificial<\/h2>\n\n\n\n<h4 class=\"wp-block-heading\">SIS utiliza uma abordagem abrangente e integrada em Intelig\u00eancia Artificial<\/h4>\n\n\n\n<p>We provide insights into global market dynamics, including market size assessments, growth trends, and competitive landscapes. Our researchers conduct strategic analyses to turn information into actionable insights, helping clients consider artificial <a href=\"https:\/\/www.sisinternational.com\/pt\/solucoes\/consultoria-estrategica\/inteligencia-de-mercado\/\" title=\"Intelig\u00eancia de mercado\" data-wpil-monitor-id=\"6755\">intelligence with a full market<\/a> view. Our solutions include:<\/p>\n\n\n\n<ul class=\"wp-block-list\">\n<li>Pesquisa de clientes<\/li>\n\n\n\n<li>Analise competitiva<\/li>\n\n\n\n<li>Pesquisa de produto e usabilidade (UX)<\/li>\n\n\n\n<li>Avalia\u00e7\u00f5es de oportunidade de mercado, viabilidade, entrada e dimensionamento<\/li>\n\n\n\n<li>Relat\u00f3rios mensais de acompanhamento da ind\u00fastria<\/li>\n<\/ul>\n\n\n\n<p>Nosso relacionamento com especialistas do setor permite que a SIS se aprofunde na intelig\u00eancia artificial. A equipe de estrat\u00e9gia do SIS se mant\u00e9m atualizada com as novidades em IA, trabalhando em estreita colabora\u00e7\u00e3o com nossos escrit\u00f3rios locais em todo o mundo.<\/p>\n\n\n\n<h3 class=\"wp-block-heading\"><span style=\"font-weight: 400;\">Permita que a SIS International Research seja sua ponte para melhores neg\u00f3cios neste momento de oportunidades incr\u00edveis.<\/span><\/h3>\n\n\n\n<h2 class=\"wp-block-heading\">Sobre nosso trabalho em pesquisa de mercado de IA<\/h2>\n\n\n\n<p>SIS often works with Technology companies developing new AI products and services.&nbsp; Our clients include Education Technology or other Technology companies exploring new applications of AI, Machine Learning and Deep Learning.&nbsp; Other clients include Financial Services companies innovating new products and services to improve their customer experience.&nbsp; SIS also does a significant amount of work in Shipping and Logistics and major organizations seeking to adopt cutting-edge technologies.&nbsp; We provide Qualitative, Quantitative, and Strategy Market Research. We provide the &#8220;Human Element&#8221; behind AI adoption and transformation.&nbsp; Our solutions include:<\/p>\n\n\n\n<ul class=\"wp-block-list\">\n<li>Pesquisa de clientes<\/li>\n\n\n\n<li>Analise competitiva<\/li>\n\n\n\n<li>Pesquisa de produto e usabilidade (UX)<\/li>\n\n\n\n<li>Avalia\u00e7\u00f5es de oportunidade de mercado, viabilidade, entrada e dimensionamento<\/li>\n\n\n\n<li>Relat\u00f3rios mensais de acompanhamento da ind\u00fastria<\/li>\n<\/ul>\n\n\n\n<h3 class=\"wp-block-heading title-heading-left\">You&nbsp;may also be interested in\u2026<\/h3>\n\n\n\n<p><\/p>","protected":false},"excerpt":{"rendered":"<p>A Intelig\u00eancia Artificial est\u00e1 transformando a maneira como vivemos e trabalhamos. Descubra maneiras de impulsionar o crescimento com Pesquisa de Mercado de Intelig\u00eancia Artificial.<\/p>","protected":false},"author":1,"featured_media":62603,"parent":44406,"menu_order":0,"comment_status":"closed","ping_status":"open","template":"","meta":{"footnotes":""},"class_list":["post-22531","page","type-page","status-publish","has-post-thumbnail"],"_links":{"self":[{"href":"https:\/\/www.sisinternational.com\/pt\/wp-json\/wp\/v2\/pages\/22531","targetHints":{"allow":["GET"]}}],"collection":[{"href":"https:\/\/www.sisinternational.com\/pt\/wp-json\/wp\/v2\/pages"}],"about":[{"href":"https:\/\/www.sisinternational.com\/pt\/wp-json\/wp\/v2\/types\/page"}],"author":[{"embeddable":true,"href":"https:\/\/www.sisinternational.com\/pt\/wp-json\/wp\/v2\/users\/1"}],"replies":[{"embeddable":true,"href":"https:\/\/www.sisinternational.com\/pt\/wp-json\/wp\/v2\/comments?post=22531"}],"version-history":[{"count":11,"href":"https:\/\/www.sisinternational.com\/pt\/wp-json\/wp\/v2\/pages\/22531\/revisions"}],"predecessor-version":[{"id":80873,"href":"https:\/\/www.sisinternational.com\/pt\/wp-json\/wp\/v2\/pages\/22531\/revisions\/80873"}],"up":[{"embeddable":true,"href":"https:\/\/www.sisinternational.com\/pt\/wp-json\/wp\/v2\/pages\/44406"}],"wp:featuredmedia":[{"embeddable":true,"href":"https:\/\/www.sisinternational.com\/pt\/wp-json\/wp\/v2\/media\/62603"}],"wp:attachment":[{"href":"https:\/\/www.sisinternational.com\/pt\/wp-json\/wp\/v2\/media?parent=22531"}],"curies":[{"name":"wp","href":"https:\/\/api.w.org\/{rel}","templated":true}]}}