{"id":22186,"date":"2017-02-28T23:44:27","date_gmt":"2017-02-28T23:44:27","guid":{"rendered":"https:\/\/www.sisinternational.com\/?page_id=22186"},"modified":"2025-08-31T00:55:40","modified_gmt":"2025-08-31T04:55:40","slug":"consultoria-em-planejamento-estrategico","status":"publish","type":"page","link":"https:\/\/www.sisinternational.com\/pt\/solucoes\/sis-crescimento-global\/consultoria-em-planejamento-estrategico\/","title":{"rendered":"Consultoria em Planejamento Estrat\u00e9gico"},"content":{"rendered":"<h1 class=\"wp-block-heading p1\">Consultoria em Planejamento Estrat\u00e9gico<\/h1>\n\n\n\n<figure class=\"gb-block-image gb-block-image-fc596e9e\"><img loading=\"lazy\" decoding=\"async\" width=\"1456\" height=\"816\" class=\"gb-image gb-image-fc596e9e\" src=\"https:\/\/www.sisinternational.com\/wp-content\/uploads\/2025\/08\/Strategy-consulting-24.jpg\" alt=\"Pesquisa e Estrat\u00e9gia de Mercado Internacional da SIS\" title=\"Strategy consulting (24)\" srcset=\"https:\/\/www.sisinternational.com\/wp-content\/uploads\/2025\/08\/Strategy-consulting-24.jpg 1456w, https:\/\/www.sisinternational.com\/wp-content\/uploads\/2025\/08\/Strategy-consulting-24-300x168.jpg 300w, https:\/\/www.sisinternational.com\/wp-content\/uploads\/2025\/08\/Strategy-consulting-24-1024x574.jpg 1024w, https:\/\/www.sisinternational.com\/wp-content\/uploads\/2025\/08\/Strategy-consulting-24-768x430.jpg 768w, https:\/\/www.sisinternational.com\/wp-content\/uploads\/2025\/08\/Strategy-consulting-24-18x10.jpg 18w\" sizes=\"auto, (max-width: 1456px) 100vw, 1456px\"><\/figure>\n\n\n\n<p><\/p>\n\n\n\n<hr class=\"wp-block-separator has-alpha-channel-opacity is-style-dots\"\/>\n\n\n\n<p class=\"p1\"><span class=\"s1\">SIS Global Growth provides full-service consulting for strategic&nbsp;development and advantage. SIS Global Growth provides today\u2019s&nbsp;managers and executives with strategic planning services and advisory.&nbsp;Complex factors that impact businesses today, such as changing&nbsp;customer needs, new competitive forces, supply chain dynamics and&nbsp;other on-the-ground realities that impact business. Rapid changes and&nbsp;new linkages in the global economy require further nuance from today\u2019s&nbsp;strategist.<\/span><\/p>\n\n\n\n<p class=\"p1\"><span class=\"s1\"><a href=\"https:\/\/www.sisinternational.com\/pt\/solucoes\/consultoria-estrategica\/consultoria-de-execucao-de-desenvolvimento-de-estrategia\/\" title=\"Consultoria de Desenvolvimento e Execu\u00e7\u00e3o de Estrat\u00e9gia\"  data-wpil-monitor-id=\"10696\">Developing and implementing strategy<\/a> can create opportunity and&nbsp;challenge. For this reason, <a href=\"https:\/\/www.sisinternational.com\/pt\/solucoes\/sis-crescimento-global\/\" title=\"Consultoria de crescimento global da SIS\"  data-wpil-monitor-id=\"10682\">Crescimento Global do SIS<\/a> partners with our clients&nbsp;to provide results, add value, and help them to develop competitive&nbsp;advantage.<\/span><\/p>\n\n\n\n<p class=\"p1\"><span class=\"s1\">SIS Global Growth serves <a href=\"https:\/\/www.sisinternational.com\/pt\/campanha-de-marketing-omnicanal-para-uma-empresa-lider-mundial-em-solucoes-de-gerenciamento-de-animais\/\" title=\"Servi\u00e7os de publicidade multicultural para uma empresa l\u00edder mundial em solu\u00e7\u00f5es de manejo animal\"  data-wpil-monitor-id=\"10691\">companies with solutions<\/a> across the business&nbsp;landscape and different strategic functions:<\/span><\/p>\n\n\n\n<ul class=\"wp-block-list\">\n<li><span class=\"s1\"><a href=\"https:\/\/www.sisinternational.com\/pt\/solucoes\/consultoria-estrategica\/inteligencia-de-mercado\/\" title=\"Intelig\u00eancia de mercado\"  data-wpil-monitor-id=\"10693\">Avalia\u00e7\u00e3o e Intelig\u00eancia de Mercado<\/a><\/span><\/li>\n\n\n\n<li><span class=\"s1\"><a href=\"https:\/\/www.sisinternational.com\/pt\/solucoes\/consultoria-estrategica\/consultoria-em-estrategia-de-pesquisa-de-mercado-de-responsabilidade-do-produto\/\" title=\"Pesquisa de mercado de responsabilidade do produto e consultoria estrat\u00e9gica\"  data-wpil-monitor-id=\"10688\">Estrat\u00e9gia de Produto e Mercado<\/a><\/span><\/li>\n\n\n\n<li><span class=\"s1\">Compet\u00eancias essenciais<\/span><\/li>\n\n\n\n<li><span class=\"s1\">Inova\u00e7\u00e3o<\/span><\/li>\n\n\n\n<li><span class=\"s1\">Diferencia\u00e7\u00e3o, Diversifica\u00e7\u00e3o e Especializa\u00e7\u00e3o<\/span><\/li>\n\n\n\n<li><span class=\"s1\">Pre\u00e7os e cria\u00e7\u00e3o de valor<\/span><\/li>\n\n\n\n<li><span class=\"s1\">Com\u00e9rcio internacional<\/span><\/li>\n\n\n\n<li><span class=\"s1\">Entrada e sa\u00edda do mercado<\/span><\/li>\n\n\n\n<li><span class=\"s1\">Desempenho e Rentabilidade<\/span><\/li>\n\n\n\n<li><span class=\"s1\">Fornecimento e cadeia de suprimentos<\/span><\/li>\n\n\n\n<li><span class=\"s1\">Posicionamento competitivo<\/span><\/li>\n\n\n\n<li><span class=\"s1\">Din\u00e2mica competitiva<\/span><\/li>\n\n\n\n<li><span class=\"s1\">Planejamento de cen\u00e1rio<\/span><\/li>\n\n\n\n<li><span class=\"s1\">Sinergia<\/span><\/li>\n\n\n\n<li><span class=\"s1\">Gest\u00e3o de Talentos<\/span><\/li>\n<\/ul>\n\n\n<h2>Localiza\u00e7\u00e3o de nossas instala\u00e7\u00f5es em Nova York<\/h2>\n<p><iframe loading=\"lazy\" src=\"https:\/\/www.google.com\/maps\/embed?pb=!1m18!1m12!1m3!1d3022.976188376966!2d-73.99130312499956!3d40.740549471389315!2m3!1f0!2f0!3f0!3m2!1i1024!2i768!4f13.1!3m3!1m2!1s0x89c259a15798c731%3A0xd695d09bdd495f25!2s11%20E%2022nd%20St%20FL%202%2C%20New%20York%2C%20NY%2010010%2C%20USA!5e0!3m2!1sen!2spe!4v1726171763526!5m2!1sen!2spe\" width=\"600\" height=\"450\" allowfullscreen=\"allowfullscreen\" data-mce-fragment=\"1\"><\/iframe><\/p>\n<h3 class=\"wp-block-heading\">11 E 22nd Street, andar 2, Nova York, NY 10010 T: +1(212) 505-6805<\/h3>\n<hr \/>\n<h2><span style=\"font-weight: 400;\">Sobre SIS Internacional<\/span><\/h2>\n<p><a href=\"https:\/\/www.sisinternational.com\/pt\/\"><span style=\"font-weight: 400;\">SIS Internacional<\/span><\/a><span style=\"font-weight: 400;\">\u00a0offers Quantitative, Qualitative, and Strategy Research. We provide data, tools, strategies, reports, and insights for decision-making. We also conduct interviews, surveys, focus groups, and other <a href=\"https:\/\/www.sisinternational.com\/pt\/quantitative-market-research-methods-and-techniques\/\" title=\"Quantitative Market Research Methods and Techniques\"  data-wpil-monitor-id=\"10685\">Market Research methods<\/a> and approaches.<\/span><a href=\"https:\/\/www.sisinternational.com\/pt\/sobre-a-sis-international-research\/contact-sis-international-market-research\/\"><span style=\"font-weight: 400;\">\u00a0Entre em contato conosco<\/span><\/a><span style=\"font-weight: 400;\">\u00a0para o seu pr\u00f3ximo projeto de pesquisa de mercado.<\/span><\/p>\n<\/p>","protected":false},"excerpt":{"rendered":"<p>A SIS Global Growth atende empresas com solu\u00e7\u00f5es de Consultoria em Planejamento Estrat\u00e9gico. Descubra como expandir seus neg\u00f3cios em todo o mundo.<\/p>","protected":false},"author":1,"featured_media":62558,"parent":22092,"menu_order":6,"comment_status":"closed","ping_status":"closed","template":"","meta":{"footnotes":""},"class_list":["post-22186","page","type-page","status-publish","has-post-thumbnail"],"_links":{"self":[{"href":"https:\/\/www.sisinternational.com\/pt\/wp-json\/wp\/v2\/pages\/22186","targetHints":{"allow":["GET"]}}],"collection":[{"href":"https:\/\/www.sisinternational.com\/pt\/wp-json\/wp\/v2\/pages"}],"about":[{"href":"https:\/\/www.sisinternational.com\/pt\/wp-json\/wp\/v2\/types\/page"}],"author":[{"embeddable":true,"href":"https:\/\/www.sisinternational.com\/pt\/wp-json\/wp\/v2\/users\/1"}],"replies":[{"embeddable":true,"href":"https:\/\/www.sisinternational.com\/pt\/wp-json\/wp\/v2\/comments?post=22186"}],"version-history":[{"count":4,"href":"https:\/\/www.sisinternational.com\/pt\/wp-json\/wp\/v2\/pages\/22186\/revisions"}],"predecessor-version":[{"id":81752,"href":"https:\/\/www.sisinternational.com\/pt\/wp-json\/wp\/v2\/pages\/22186\/revisions\/81752"}],"up":[{"embeddable":true,"href":"https:\/\/www.sisinternational.com\/pt\/wp-json\/wp\/v2\/pages\/22092"}],"wp:featuredmedia":[{"embeddable":true,"href":"https:\/\/www.sisinternational.com\/pt\/wp-json\/wp\/v2\/media\/62558"}],"wp:attachment":[{"href":"https:\/\/www.sisinternational.com\/pt\/wp-json\/wp\/v2\/media?parent=22186"}],"curies":[{"name":"wp","href":"https:\/\/api.w.org\/{rel}","templated":true}]}}