{"id":22176,"date":"2017-02-28T20:54:35","date_gmt":"2017-02-28T20:54:35","guid":{"rendered":"https:\/\/www.sisinternational.com\/?page_id=22176"},"modified":"2026-01-26T17:09:20","modified_gmt":"2026-01-26T22:09:20","slug":"consultoria-estrategica-em-mercados-emergentes","status":"publish","type":"page","link":"https:\/\/www.sisinternational.com\/pt\/solucoes\/sis-crescimento-global\/consultoria-estrategica-em-mercados-emergentes\/","title":{"rendered":"Consultoria em Estrat\u00e9gia para Mercados Emergentes"},"content":{"rendered":"<h1 class=\"wp-block-heading p1\">Consultoria em Estrat\u00e9gia para Mercados Emergentes<\/h1>\n\n\n\n<figure class=\"gb-block-image gb-block-image-3231924e\"><img loading=\"lazy\" decoding=\"async\" width=\"1024\" height=\"574\" class=\"gb-image gb-image-3231924e\" src=\"https:\/\/www.sisinternational.com\/wp-content\/uploads\/2025\/08\/Strategy-consulting-31-1024x574.jpg\" alt=\"Pesquisa e Estrat\u00e9gia de Mercado Internacional da SIS\" title=\"Strategy consulting (31)\" srcset=\"https:\/\/www.sisinternational.com\/wp-content\/uploads\/2025\/08\/Strategy-consulting-31-1024x574.jpg 1024w, https:\/\/www.sisinternational.com\/wp-content\/uploads\/2025\/08\/Strategy-consulting-31-300x168.jpg 300w, https:\/\/www.sisinternational.com\/wp-content\/uploads\/2025\/08\/Strategy-consulting-31-768x430.jpg 768w, https:\/\/www.sisinternational.com\/wp-content\/uploads\/2025\/08\/Strategy-consulting-31-18x10.jpg 18w, https:\/\/www.sisinternational.com\/wp-content\/uploads\/2025\/08\/Strategy-consulting-31.jpg 1456w\" sizes=\"auto, (max-width: 1024px) 100vw, 1024px\"><\/figure>\n\n\n\n<p><\/p>\n\n\n\n<hr class=\"wp-block-separator has-alpha-channel-opacity is-style-dots\"\/>\n\n\n\n<p class=\"p1\"><span class=\"s1\">SIS Global Growth provides emerging markets strategy consulting and business support solutions worldwide,&nbsp;including growth solutions, problem solving, research, implementation&nbsp;support, management, development and training solutions. Emerging&nbsp;markets have developed into a key engine of global growth and&nbsp;competitive advantage. In many of these markets, Emerging Markets&nbsp;present a myriad of opportunities and challenges influencing growth,&nbsp;strategy, operations, vision, execution, organizational development,&nbsp;management, regulatory issues, and beyond. For 30 years SIS&nbsp;International with our leading <a href=\"https:\/\/www.sisinternational.com\/pt\/solucoes\/consultoria-sis-blockchain\/blockchain-em-consultoria-de-estrategia-de-saude\/\" title=\"Blockchain em consultoria de estrat\u00e9gia de sa\u00fade\"  data-wpil-monitor-id=\"6432\">market<\/a> research and consulting units&nbsp;have been at the cutting edge of&nbsp;emerging markets strategy consulting.<\/span><\/p>\n\n\n\n<h2 class=\"wp-block-heading p1\"><span class=\"s1\">SIS Global Growth supports companies to address functional issues&nbsp;that organizations face in emerging markets, such as:<\/span><\/h2>\n\n\n\n<p><span class=\"s2\">Which countries will be best poised for growth and stability?&nbsp;Where is the \u201cwhite space\u201d and areas of corporate growth and&nbsp;opportunity? How do we manage sustainable growth?<\/span><\/p>\n\n\n\n<ul class=\"wp-block-list\">\n<li><span class=\"s2\">How will trends, customer taste changes, evolving markets and&nbsp;culture impact the growth horizon<\/span>?<\/li>\n\n\n\n<li><span class=\"s2\">How can we leverage our strengths for opportunity? How can we&nbsp;improve our organization and processes?<\/span><\/li>\n\n\n\n<li><span class=\"s2\">Como podemos abordar, resolver ou mitigar problemas cr\u00edticos no terreno?<\/span><\/li>\n\n\n\n<li><span class=\"s2\">How do we resolve regulatory, logistics, financial, supply chain,&nbsp;taxation, gray trade or counter-trade problems?<\/span><\/li>\n\n\n\n<li><span class=\"s2\">What impact will cost pressures and factors such as taxation,&nbsp;currency and regulation have on cash flow?<\/span><\/li>\n\n\n\n<li><span class=\"s2\">A infra-estrutura local \u00e9 prop\u00edcia \u00e0 actividade comercial?<\/span><\/li>\n\n\n\n<li><span class=\"s2\">Will the political, economic, and social circumstances in this&nbsp;country potentially pose a threat to the success and viability of&nbsp;growth?<\/span><\/li>\n<\/ul>\n\n\n\n<h2 class=\"wp-block-heading p1\"><span class=\"s1\">SIS Global Growth consultants work across a variety of functional&nbsp;disciplines, such as: Growth, Strategy, Operations, Logistics, Supply&nbsp;Chain, Corporate Social Responsibility, Intellectual property, and the&nbsp;entire market landscape. Key solutions include:<\/span><\/h2>\n\n\n\n<ul class=\"wp-block-list\">\n<li><span class=\"s1\">Pesquisa e rastreamento de mercado<\/span><\/li>\n\n\n\n<li><span class=\"s1\">Solu\u00e7\u00f5es de crescimento<\/span><\/li>\n\n\n\n<li><span class=\"s1\">Solu\u00e7\u00e3o de problemas e solu\u00e7\u00e3o de problemas de mercado<\/span><\/li>\n\n\n\n<li><span class=\"s1\">Gerenciamento de riscos<\/span><\/li>\n\n\n\n<li><span class=\"s1\">Mitiga\u00e7\u00e3o de contracom\u00e9rcio<\/span><\/li>\n\n\n\n<li><span class=\"s1\">Apoio \u00e0 forma\u00e7\u00e3o de neg\u00f3cios<\/span><\/li>\n\n\n\n<li><span class=\"s1\">Gerenciamento de projetos<\/span><\/li>\n\n\n\n<li><span class=\"s1\">Due diligence<\/span><\/li>\n\n\n\n<li><span class=\"s1\">Consultoria de gest\u00e3o<\/span><\/li>\n\n\n\n<li><span class=\"s1\">Treinamento<\/span><\/li>\n<\/ul>\n\n\n\n<p class=\"p1\"><span class=\"s1\">Key Emerging Markets we serve and have extensive experience in&nbsp;serving include BRIC countries, Brazil, Russia, India, China, Indonesia,&nbsp;Sub-Saharan<\/span> Africa, Eastern Europe, Mexico,<span class=\"s1\"> and many others. A list of&nbsp;the markets we cover is in available on this website.<\/span><\/p>\n\n\n\n<h2 class=\"wp-block-heading p1\"><span class=\"s1\">Consultoria em Gest\u00e3o de Talentos<\/span><\/h2>\n\n\n\n<p class=\"p1\"><span class=\"s1\">For many businesses, acquiring and retaining new talent is a strategic&nbsp;imperative for company-wide growth and global corporate&nbsp;competitiveness. Linking talent management with a company\u2019s vision&nbsp;and strategy, SIS Global Growth provides customized solutions to&nbsp;retain HR assets and attracting new ones. Delivering analytics,&nbsp;diagnostics and consulting, SIS Global Growth addresses the following&nbsp;strategic organizational priorities:<\/span><\/p>\n\n\n\n<ul class=\"wp-block-list\">\n<li><span class=\"s1\">Atrair novos ativos qualificados<\/span><\/li>\n\n\n\n<li><span class=\"s1\">Reter ativos talentosos existentes<\/span><\/li>\n\n\n\n<li><span class=\"s1\">Treinamento executivo<\/span><\/li>\n\n\n\n<li><span class=\"s1\">Utilizando profissionais de alto desempenho<\/span><\/li>\n\n\n\n<li><span class=\"s1\">Contrata\u00e7\u00e3o de tecnologia de avalia\u00e7\u00e3o (por exemplo, avalia\u00e7\u00f5es m\u00f3veis)<\/span><\/li>\n\n\n\n<li><span class=\"s1\">Contrata\u00e7\u00e3o de tecnologia de avalia\u00e7\u00e3o (por exemplo, avalia\u00e7\u00f5es m\u00f3veis)<\/span><\/li>\n\n\n\n<li><span class=\"s1\">Retorno do Investimento (ROI)<\/span><\/li>\n\n\n\n<li><span class=\"s1\">Abordando mobilidade, compensa\u00e7\u00e3o e incentivos<\/span><\/li>\n\n\n\n<li><span class=\"s1\">Succession planning and <a class=\"wpil_keyword_link\" href=\"https:\/\/www.sisinternational.com\/pt\/o-papel-do-desenvolvimento-de-processos-e-sistemas-no-sucesso-organizacional\/\"   title=\"Pesquisa de mercado de design organizacional\" data-wpil-keyword-link=\"linked\"  data-wpil-monitor-id=\"487\">workplace planning<\/a><\/span><\/li>\n<\/ul>\n\n\n\n<h2 class=\"wp-block-heading p1\"><span class=\"s1\">Viabilidade e gerenciamento do local<\/span><\/h2>\n\n\n\n<p class=\"p1\"><span class=\"s1\">Site selection is an in-depth solution we provide process of weighing&nbsp;various factors concerning the selection of facilities or locations for&nbsp;plants, offices, factories, schools, restaurants, stores and beyond. Many&nbsp;aspects of each potential location must be carefully considered,&nbsp;including: proximity to lucrative markets, resources and suppliers,&nbsp;availability of labor, wage levels, proximity to customers, cost benefit,&nbsp;regulatory constraints, geodemographics and trends within regional&nbsp;economics.<\/span><\/p>\n\n\n<h2>Localiza\u00e7\u00e3o de nossas instala\u00e7\u00f5es em Nova York<\/h2>\n<p><iframe loading=\"lazy\" src=\"https:\/\/www.google.com\/maps\/embed?pb=!1m18!1m12!1m3!1d3022.976188376966!2d-73.99130312499956!3d40.740549471389315!2m3!1f0!2f0!3f0!3m2!1i1024!2i768!4f13.1!3m3!1m2!1s0x89c259a15798c731%3A0xd695d09bdd495f25!2s11%20E%2022nd%20St%20FL%202%2C%20New%20York%2C%20NY%2010010%2C%20USA!5e0!3m2!1sen!2spe!4v1726171763526!5m2!1sen!2spe\" width=\"600\" height=\"450\" allowfullscreen=\"allowfullscreen\" data-mce-fragment=\"1\"><\/iframe><\/p>\n<h3 class=\"wp-block-heading\">11 E 22nd Street, andar 2, Nova York, NY 10010 T: +1(212) 505-6805<\/h3>\n<hr \/>\n<h2><span style=\"font-weight: 400;\">Sobre SIS Internacional<\/span><\/h2>\n<p><a href=\"https:\/\/www.sisinternational.com\/pt\/\"><span style=\"font-weight: 400;\">SIS Internacional<\/span><\/a><span style=\"font-weight: 400;\">\u00a0oferece pesquisa quantitativa, qualitativa e estrat\u00e9gica. Fornecemos dados, ferramentas, estrat\u00e9gias, relat\u00f3rios e insights para a tomada de decis\u00f5es. Tamb\u00e9m realizamos entrevistas, pesquisas, grupos focais e outros m\u00e9todos e abordagens de Pesquisa de Mercado.<\/span><a href=\"https:\/\/www.sisinternational.com\/pt\/sobre-a-sis-international-research\/contact-sis-international-market-research\/\"><span style=\"font-weight: 400;\">\u00a0Entre em contato conosco<\/span><\/a><span style=\"font-weight: 400;\">\u00a0para o seu pr\u00f3ximo projeto de pesquisa de mercado.<\/span><\/p>\n<\/p>","protected":false},"excerpt":{"rendered":"<p>Descubra novas oportunidades em mercados emergentes com solu\u00e7\u00f5es de consultoria e suporte empresarial em todo o mundo.<\/p>","protected":false},"author":1,"featured_media":62565,"parent":22092,"menu_order":5,"comment_status":"closed","ping_status":"closed","template":"","meta":{"footnotes":""},"class_list":["post-22176","page","type-page","status-publish","has-post-thumbnail"],"_links":{"self":[{"href":"https:\/\/www.sisinternational.com\/pt\/wp-json\/wp\/v2\/pages\/22176","targetHints":{"allow":["GET"]}}],"collection":[{"href":"https:\/\/www.sisinternational.com\/pt\/wp-json\/wp\/v2\/pages"}],"about":[{"href":"https:\/\/www.sisinternational.com\/pt\/wp-json\/wp\/v2\/types\/page"}],"author":[{"embeddable":true,"href":"https:\/\/www.sisinternational.com\/pt\/wp-json\/wp\/v2\/users\/1"}],"replies":[{"embeddable":true,"href":"https:\/\/www.sisinternational.com\/pt\/wp-json\/wp\/v2\/comments?post=22176"}],"version-history":[{"count":6,"href":"https:\/\/www.sisinternational.com\/pt\/wp-json\/wp\/v2\/pages\/22176\/revisions"}],"predecessor-version":[{"id":80015,"href":"https:\/\/www.sisinternational.com\/pt\/wp-json\/wp\/v2\/pages\/22176\/revisions\/80015"}],"up":[{"embeddable":true,"href":"https:\/\/www.sisinternational.com\/pt\/wp-json\/wp\/v2\/pages\/22092"}],"wp:featuredmedia":[{"embeddable":true,"href":"https:\/\/www.sisinternational.com\/pt\/wp-json\/wp\/v2\/media\/62565"}],"wp:attachment":[{"href":"https:\/\/www.sisinternational.com\/pt\/wp-json\/wp\/v2\/media?parent=22176"}],"curies":[{"name":"wp","href":"https:\/\/api.w.org\/{rel}","templated":true}]}}