{"id":22149,"date":"2017-02-28T00:34:11","date_gmt":"2017-02-28T00:34:11","guid":{"rendered":"https:\/\/www.sisinternational.com\/?page_id=22149"},"modified":"2025-09-10T22:58:22","modified_gmt":"2025-09-11T02:58:22","slug":"compras-de-fornecimento-estrategico","status":"publish","type":"page","link":"https:\/\/www.sisinternational.com\/pt\/solucoes\/sis-crescimento-global\/compras-de-fornecimento-estrategico\/","title":{"rendered":"Solu\u00e7\u00f5es especializadas em compras"},"content":{"rendered":"<h1 class=\"wp-block-heading p1\">Solu\u00e7\u00f5es especializadas em compras<\/h1>\n\n\n\n<figure class=\"gb-block-image gb-block-image-c0abd4a4\"><img loading=\"lazy\" decoding=\"async\" width=\"1024\" height=\"574\" class=\"gb-image gb-image-c0abd4a4\" src=\"https:\/\/www.sisinternational.com\/wp-content\/uploads\/2025\/08\/Focus-group-meeting-10-1024x574.jpg\" alt=\"Pesquisa e Estrat\u00e9gia de Mercado Internacional da SIS\" title=\"Focus group &amp; meeting (10)\" srcset=\"https:\/\/www.sisinternational.com\/wp-content\/uploads\/2025\/08\/Focus-group-meeting-10-1024x574.jpg 1024w, https:\/\/www.sisinternational.com\/wp-content\/uploads\/2025\/08\/Focus-group-meeting-10-300x168.jpg 300w, https:\/\/www.sisinternational.com\/wp-content\/uploads\/2025\/08\/Focus-group-meeting-10-768x430.jpg 768w, https:\/\/www.sisinternational.com\/wp-content\/uploads\/2025\/08\/Focus-group-meeting-10-18x10.jpg 18w, https:\/\/www.sisinternational.com\/wp-content\/uploads\/2025\/08\/Focus-group-meeting-10.jpg 1456w\" sizes=\"auto, (max-width: 1024px) 100vw, 1024px\"><\/figure>\n\n\n\n<p><\/p>\n\n\n\n<hr class=\"wp-block-separator has-alpha-channel-opacity is-style-dots\"\/>\n\n\n\n<p>SIS Global Growth provides businesses access to experts, analysts, consultants, opinion leaders and thought-leaders for corporate growth, management, change, and strategy. Technical expertise, best practices and specialized experts are often unique competitive advantages for companies. Businesses can encounter challenges that fall outside their traditional purview. <a href=\"https:\/\/www.sisinternational.com\/pt\/solucoes\/sis-crescimento-global\/\" title=\"Consultoria de crescimento global da SIS\"  data-wpil-monitor-id=\"10480\">Crescimento Global do SIS<\/a> provides our clients a global platform of rapidly accessible experts, analysts, consultants and thought-leaders with highly specialized expertise and skill sets. With SIS Global Growth Strategic Sourcing and Procurement solutions, companies gain advantage in accessing <a href=\"https:\/\/www.sisinternational.com\/pt\/solucoes\/solucoes-de-branding-e-pesquisa-de-clientes\/pesquisa-de-mercado-de-cuidados-com-a-pele\/\" title=\"Pesquisa de mercado de cuidados com a pele | Consultoria na ind\u00fastria de beleza\"  data-wpil-monitor-id=\"10487\">industry experts and consultants<\/a> worldwide.<\/p>\n\n\n\n<h2 class=\"wp-block-heading\">Analistas especializados em compras e ind\u00fastria sob demanda<\/h2>\n\n\n\n<p>O SIS conecta sua organiza\u00e7\u00e3o com especialistas de todo o mundo que podem:<\/p>\n\n\n\n<ul class=\"wp-block-list\">\n<li><span class=\"s2\">Consult on operations, sales, marketing, department development,&nbsp;management, competitive strategy, new product development, supply chain, and&nbsp;other business functions.<\/span><\/li>\n\n\n\n<li><span class=\"s2\">Advise on <a href=\"https:\/\/www.sisinternational.com\/pt\/empresa-de-previsao-de-tendencias-da-industria-b2b\/\" title=\"Empresa de previs\u00e3o das principais tend\u00eancias da ind\u00fastria B2B\"  data-wpil-monitor-id=\"10497\">industry changes and trends<\/a><\/span><\/li>\n\n\n\n<li><span class=\"s2\">Initiate <a href=\"https:\/\/www.sisinternational.com\/pt\/solucoes\/sis-crescimento-global\/consultoria-estrategica-em-mercados-emergentes\/\" title=\"Consultoria em Estrat\u00e9gia para Mercados Emergentes\"  data-wpil-monitor-id=\"10490\">strategies for entering new markets<\/a><\/span><\/li>\n\n\n\n<li><span class=\"s2\"><a href=\"https:\/\/www.sisinternational.com\/pt\/solucoes\/sis-crescimento-global\/gerenciamento-de-projetos-globais\/\" title=\"Consultoria Global em Gest\u00e3o de Projetos\"  data-wpil-monitor-id=\"10493\">Gerenciar iniciativas e projetos estrat\u00e9gicos<\/a><\/span><\/li>\n\n\n\n<li><span class=\"s2\">Apoiar mudan\u00e7as no processo e no desenvolvimento de produtos<\/span><\/li>\n\n\n\n<li><span class=\"s2\">Implementar melhores pr\u00e1ticas<\/span><\/li>\n\n\n\n<li><span class=\"s2\">Inspirar inova\u00e7\u00e3o e novas ideias<\/span><\/li>\n\n\n\n<li><span class=\"s2\">Fornecer an\u00e1lise estrat\u00e9gica<\/span><\/li>\n\n\n\n<li><span class=\"s2\">Resolver problemas organizacionais<\/span><\/li>\n\n\n\n<li><span class=\"s2\">Abordar quest\u00f5es como produtividade e lucratividade<\/span><\/li>\n\n\n\n<li><span class=\"s2\">Apoiar o pessoal na tomada de decis\u00f5es informadas e oportunas<\/span><\/li>\n<\/ul>\n\n\n\n<h2 class=\"wp-block-heading p1\"><span class=\"s1\">Solu\u00e7\u00f5es globais de compras com l\u00edderes de opini\u00e3o<\/span><\/h2>\n\n\n\n<p class=\"p1\"><span class=\"s1\">SIS provides a global <a href=\"https:\/\/www.sisinternational.com\/pt\/solucoes\/consultoria-estrategica\/pesquisa-de-mercado-de-rede-especializada\/\" title=\"Pesquisa de mercado de rede especializada\"  data-wpil-monitor-id=\"10495\">network of experts<\/a> distinguished by their influence and profile in&nbsp;their respective industry, professional expertise, published books, white papers, and&nbsp;thought leadership. These thought leaders are established in a specific field and have&nbsp;industry-specific expertise.<\/span><\/p>\n\n\n\n<h3 class=\"wp-block-heading p1\"><span class=\"s1\">Exemplos de especialistas:<\/span><\/h3>\n\n\n\n<ul class=\"wp-block-list\">\n<li><span class=\"s2\"><strong>Professional Leaders:<\/strong> C-Level \u2013 Industry leaders \u2013 Decision Makers \u2013 Corporate&nbsp;alumni \u2013 Market Entry experts<\/span><\/li>\n\n\n\n<li><span class=\"s2\"><strong>Technical Leaders<\/strong>: Attorneys \u2013 Engineers \u2013 Project Managers \u2013 Designers \u2013&nbsp;Physicians \u2013 Administrators \u2013 Hydrologists \u2013 <a href=\"https:\/\/www.sisinternational.com\/pt\/pericia\/industrias\/pesquisa-de-mercado-de-petroleo-e-gas\/\" title=\"Pesquisa de mercado de petr\u00f3leo e g\u00e1s\"  data-wpil-monitor-id=\"10499\">\u00d3leo e g\u00e1s<\/a> Experts \u2013 Import \/ Export&nbsp;\u2013 IT experts<\/span><\/li>\n\n\n\n<li><span class=\"s2\">Desenvolvedores de software \u2013 especialistas forenses<\/span><\/li>\n\n\n\n<li><span class=\"s2\"><strong>Thought Leaders<\/strong>: Authors \u2013 Writers \u2013 Online influencers \u2013 Activists<\/span><\/li>\n\n\n\n<li><span class=\"s2\">Bloggers \u2013 Group Leaders \u2013 Community Leader<\/span><\/li>\n\n\n\n<li>Profissionais de m\u00eddia \u2013 jornalistas, produtores e diretores de cinema e executivos de m\u00eddia<\/li>\n<\/ul>\n\n\n\n<h2 class=\"wp-block-heading p1\"><span class=\"s1\">Benef\u00edcios do Fornecimento e Aquisi\u00e7\u00f5es Estrat\u00e9gicas de Crescimento Global da SIS:<\/span><\/h2>\n\n\n\n<ul class=\"wp-block-list\">\n<li><span class=\"s2\">Procurement of the highest-quality experts worldwide<\/span><\/li>\n\n\n\n<li><span class=\"s2\">Mais de 30 anos de experi\u00eancia servindo muitas das principais organiza\u00e7\u00f5es do mundo<\/span><\/li>\n<\/ul>\n\n\n\n<p><span class=\"s2\">Procedimentos e supervis\u00e3o de qualidade rigorosos<\/span><\/p>\n\n\n\n<p><span class=\"s2\">Ability to assemble high-performance teams of experts<\/span><\/p>\n\n\n\n<p><span class=\"s2\">Resposta r\u00e1pida<\/span><\/p>\n\n\n<h2>Localiza\u00e7\u00e3o de nossas instala\u00e7\u00f5es em Nova York<\/h2>\n<p><iframe loading=\"lazy\" src=\"https:\/\/www.google.com\/maps\/embed?pb=!1m18!1m12!1m3!1d3022.976188376966!2d-73.99130312499956!3d40.740549471389315!2m3!1f0!2f0!3f0!3m2!1i1024!2i768!4f13.1!3m3!1m2!1s0x89c259a15798c731%3A0xd695d09bdd495f25!2s11%20E%2022nd%20St%20FL%202%2C%20New%20York%2C%20NY%2010010%2C%20USA!5e0!3m2!1sen!2spe!4v1726171763526!5m2!1sen!2spe\" width=\"600\" height=\"450\" allowfullscreen=\"allowfullscreen\" data-mce-fragment=\"1\"><\/iframe><\/p>\n<h3 class=\"wp-block-heading\">11 E 22nd Street, andar 2, Nova York, NY 10010 T: +1(212) 505-6805<\/h3>\n<hr \/>\n<h2><span style=\"font-weight: 400;\">Sobre SIS Internacional<\/span><\/h2>\n<p><a href=\"https:\/\/www.sisinternational.com\/pt\/\"><span style=\"font-weight: 400;\">SIS Internacional<\/span><\/a><span style=\"font-weight: 400;\">\u00a0offers Quantitative, Qualitative, and Strategy Research. We provide data, tools, strategies, reports, and insights for decision-making. We also conduct interviews, surveys, focus groups, and other <a href=\"https:\/\/www.sisinternational.com\/pt\/quantitative-market-research-methods-and-techniques\/\" title=\"Quantitative Market Research Methods and Techniques\"  data-wpil-monitor-id=\"10484\">Market Research methods<\/a> and approaches.<\/span><a href=\"https:\/\/www.sisinternational.com\/pt\/sobre-a-sis-international-research\/contact-sis-international-market-research\/\"><span style=\"font-weight: 400;\">\u00a0Entre em contato conosco<\/span><\/a><span style=\"font-weight: 400;\">\u00a0para o seu pr\u00f3ximo projeto de pesquisa de mercado.<\/span><\/p>\n<\/p>\n\n\n<p><\/p>","protected":false},"excerpt":{"rendered":"<p>A SIS \u00e9 uma empresa l\u00edder em estrat\u00e9gia global. Fornecemos especialistas, autores, consultores, l\u00edderes de opini\u00e3o e l\u00edderes de pensamento para o crescimento corporativo.<\/p>","protected":false},"author":1,"featured_media":62672,"parent":22092,"menu_order":2,"comment_status":"closed","ping_status":"closed","template":"","meta":{"footnotes":""},"class_list":["post-22149","page","type-page","status-publish","has-post-thumbnail"],"_links":{"self":[{"href":"https:\/\/www.sisinternational.com\/pt\/wp-json\/wp\/v2\/pages\/22149","targetHints":{"allow":["GET"]}}],"collection":[{"href":"https:\/\/www.sisinternational.com\/pt\/wp-json\/wp\/v2\/pages"}],"about":[{"href":"https:\/\/www.sisinternational.com\/pt\/wp-json\/wp\/v2\/types\/page"}],"author":[{"embeddable":true,"href":"https:\/\/www.sisinternational.com\/pt\/wp-json\/wp\/v2\/users\/1"}],"replies":[{"embeddable":true,"href":"https:\/\/www.sisinternational.com\/pt\/wp-json\/wp\/v2\/comments?post=22149"}],"version-history":[{"count":6,"href":"https:\/\/www.sisinternational.com\/pt\/wp-json\/wp\/v2\/pages\/22149\/revisions"}],"predecessor-version":[{"id":81725,"href":"https:\/\/www.sisinternational.com\/pt\/wp-json\/wp\/v2\/pages\/22149\/revisions\/81725"}],"up":[{"embeddable":true,"href":"https:\/\/www.sisinternational.com\/pt\/wp-json\/wp\/v2\/pages\/22092"}],"wp:featuredmedia":[{"embeddable":true,"href":"https:\/\/www.sisinternational.com\/pt\/wp-json\/wp\/v2\/media\/62672"}],"wp:attachment":[{"href":"https:\/\/www.sisinternational.com\/pt\/wp-json\/wp\/v2\/media?parent=22149"}],"curies":[{"name":"wp","href":"https:\/\/api.w.org\/{rel}","templated":true}]}}