{"id":22092,"date":"2017-02-17T14:44:08","date_gmt":"2017-02-17T14:44:08","guid":{"rendered":"https:\/\/www.sisinternational.com\/?page_id=22092"},"modified":"2026-02-18T12:05:50","modified_gmt":"2026-02-18T17:05:50","slug":"sis-crescimento-global","status":"publish","type":"page","link":"https:\/\/www.sisinternational.com\/pt\/solucoes\/sis-crescimento-global\/","title":{"rendered":"Consultoria de crescimento global da SIS"},"content":{"rendered":"\n<h1 class=\"wp-block-heading\">SIS Global Growth Consulting <\/h1>\n\n\n\n<h3 class=\"wp-block-heading\">International Consulting Solutions to boost business performance<\/h3>\n\n\n\n<figure class=\"gb-block-image gb-block-image-7ae8cac3\"><img loading=\"lazy\" decoding=\"async\" width=\"1456\" height=\"816\" class=\"gb-image gb-image-7ae8cac3\" src=\"https:\/\/www.sisinternational.com\/wp-content\/uploads\/2025\/08\/Global-1-1.jpg\" alt=\"SIS International Market Research &amp; Strategy\" title=\"Global 1 (1)\" srcset=\"https:\/\/www.sisinternational.com\/wp-content\/uploads\/2025\/08\/Global-1-1.jpg 1456w, https:\/\/www.sisinternational.com\/wp-content\/uploads\/2025\/08\/Global-1-1-300x168.jpg 300w, https:\/\/www.sisinternational.com\/wp-content\/uploads\/2025\/08\/Global-1-1-1024x574.jpg 1024w, https:\/\/www.sisinternational.com\/wp-content\/uploads\/2025\/08\/Global-1-1-768x430.jpg 768w, https:\/\/www.sisinternational.com\/wp-content\/uploads\/2025\/08\/Global-1-1-18x10.jpg 18w\" sizes=\"auto, (max-width: 1456px) 100vw, 1456px\"><\/figure>\n\n\n\n<p><\/p>\n\n\n\n<hr class=\"wp-block-separator has-alpha-channel-opacity is-style-dots\"\/>\n\n\n<div class='pt-cv-wrapper'> <h3 class='pt-cv-heading-container heading5' data-blockid='0i8f2on2'><span class='pt-cv-heading'> Recommended <\/span><\/h3><div class=\"pt-cv-view pt-cv-blockgrid iscvblock iscvreal list1 layout1 cveffect-darken pt-cv-left\" id=\"pt-cv-view-0i8f2on2\"><div data-id=\"pt-cv-page-1\" class=\"pt-cv-page\" data-cvc=\"2\"><div class=\" pt-cv-content-item pt-cv-2-col\"  data-pid=\"22176\"><div class=\"pt-cv-thumb-wrapper pull-left \"><a href=\"https:\/\/www.sisinternational.com\/pt\/solucoes\/sis-crescimento-global\/consultoria-estrategica-em-mercados-emergentes\/\" class=\"_blank pt-cv-href-thumbnail pt-cv-thumb-left\" target=\"_blank\" ><img loading=\"lazy\" decoding=\"async\" width=\"768\" height=\"430\" src=\"https:\/\/www.sisinternational.com\/wp-content\/uploads\/2025\/08\/Strategy-consulting-31-768x430.jpg\" class=\"pt-cv-thumbnail pull-left\" alt=\"Emerging Markets Strategy Consulting\" \/><\/a><div class=\"pt-cv-taxoterm over_top_left\"><\/div><\/div>\n<div class=\"pt-cv-colwrap\"><h4 class=\"pt-cv-title\"><a href=\"https:\/\/www.sisinternational.com\/pt\/solucoes\/sis-crescimento-global\/consultoria-estrategica-em-mercados-emergentes\/\" class=\"_blank\" target=\"_blank\" >Emerging Markets Strategy Consulting<\/a><\/h4><div class=\"pt-cv-content\">Uncover new opportunities in Emerging Markets with consulting and business &#8230;<\/div><div class=\"pt-cv-rmwrap\"><a href=\"https:\/\/www.sisinternational.com\/pt\/solucoes\/sis-crescimento-global\/consultoria-estrategica-em-mercados-emergentes\/\" class=\"_blank pt-cv-readmore btn btn-success\" target=\"_blank\" >Leia Mais<\/a><\/div><\/div><\/div>\n<div class=\" pt-cv-content-item pt-cv-2-col\"  data-pid=\"22149\"><div class=\"pt-cv-thumb-wrapper pull-left \"><a href=\"https:\/\/www.sisinternational.com\/pt\/solucoes\/sis-crescimento-global\/compras-de-fornecimento-estrategico\/\" class=\"_blank pt-cv-href-thumbnail pt-cv-thumb-left\" target=\"_blank\" ><img loading=\"lazy\" decoding=\"async\" width=\"768\" height=\"430\" src=\"https:\/\/www.sisinternational.com\/wp-content\/uploads\/2025\/08\/Focus-group-meeting-10-768x430.jpg\" class=\"pt-cv-thumbnail pull-left\" alt=\"Expert Procurement Solutions\" \/><\/a><div class=\"pt-cv-taxoterm over_top_left\"><\/div><\/div>\n<div class=\"pt-cv-colwrap\"><h4 class=\"pt-cv-title\"><a href=\"https:\/\/www.sisinternational.com\/pt\/solucoes\/sis-crescimento-global\/compras-de-fornecimento-estrategico\/\" class=\"_blank\" target=\"_blank\" >Expert Procurement Solutions<\/a><\/h4><div class=\"pt-cv-content\">SIS is a leading Global Strategy company. We provide Experts, &#8230;<\/div><div class=\"pt-cv-rmwrap\"><a href=\"https:\/\/www.sisinternational.com\/pt\/solucoes\/sis-crescimento-global\/compras-de-fornecimento-estrategico\/\" class=\"_blank pt-cv-readmore btn btn-success\" target=\"_blank\" >Leia Mais<\/a><\/div><\/div><\/div>\n<div class=\" pt-cv-content-item pt-cv-2-col\"  data-pid=\"22155\"><div class=\"pt-cv-thumb-wrapper pull-left \"><a href=\"https:\/\/www.sisinternational.com\/pt\/solucoes\/sis-crescimento-global\/gerenciamento-de-projetos-globais\/\" class=\"_blank pt-cv-href-thumbnail pt-cv-thumb-left\" target=\"_blank\" ><img loading=\"lazy\" decoding=\"async\" width=\"768\" height=\"430\" src=\"https:\/\/www.sisinternational.com\/wp-content\/uploads\/2025\/08\/CEO-CIO-manager-6-768x430.jpg\" class=\"pt-cv-thumbnail pull-left\" alt=\"Global Project Management Consulting\" \/><\/a><div class=\"pt-cv-taxoterm over_top_left\"><\/div><\/div>\n<div class=\"pt-cv-colwrap\"><h4 class=\"pt-cv-title\"><a href=\"https:\/\/www.sisinternational.com\/pt\/solucoes\/sis-crescimento-global\/gerenciamento-de-projetos-globais\/\" class=\"_blank\" target=\"_blank\" >Global Project Management Consulting<\/a><\/h4><div class=\"pt-cv-content\">SIS provides Global Project Management Consulting solutions. Discover how to &#8230;<\/div><div class=\"pt-cv-rmwrap\"><a href=\"https:\/\/www.sisinternational.com\/pt\/solucoes\/sis-crescimento-global\/gerenciamento-de-projetos-globais\/\" class=\"_blank pt-cv-readmore btn btn-success\" target=\"_blank\" >Leia Mais<\/a><\/div><\/div><\/div>\n<div class=\" pt-cv-content-item pt-cv-2-col\"  data-pid=\"22167\"><div class=\"pt-cv-thumb-wrapper pull-left \"><a href=\"https:\/\/www.sisinternational.com\/pt\/solucoes\/sis-crescimento-global\/desenvolvimento-da-cadeia-de-abastecimento-global\/\" class=\"_blank pt-cv-href-thumbnail pt-cv-thumb-left\" target=\"_blank\" ><img loading=\"lazy\" decoding=\"async\" width=\"768\" height=\"430\" src=\"https:\/\/www.sisinternational.com\/wp-content\/uploads\/2025\/08\/Global-6-768x430.jpg\" class=\"pt-cv-thumbnail pull-left\" alt=\"Global Supply Chain Consulting\" \/><\/a><div class=\"pt-cv-taxoterm over_top_left\"><\/div><\/div>\n<div class=\"pt-cv-colwrap\"><h4 class=\"pt-cv-title\"><a href=\"https:\/\/www.sisinternational.com\/pt\/solucoes\/sis-crescimento-global\/desenvolvimento-da-cadeia-de-abastecimento-global\/\" class=\"_blank\" target=\"_blank\" >Global Supply Chain Consulting<\/a><\/h4><div class=\"pt-cv-content\">SIS works with clients to strategically support global supply chain &#8230;<\/div><div class=\"pt-cv-rmwrap\"><a href=\"https:\/\/www.sisinternational.com\/pt\/solucoes\/sis-crescimento-global\/desenvolvimento-da-cadeia-de-abastecimento-global\/\" class=\"_blank pt-cv-readmore btn btn-success\" target=\"_blank\" >Leia Mais<\/a><\/div><\/div><\/div>\n<div class=\" pt-cv-content-item pt-cv-2-col\"  data-pid=\"24277\"><div class=\"pt-cv-thumb-wrapper pull-left \"><a href=\"https:\/\/www.sisinternational.com\/pt\/solucoes\/sis-crescimento-global\/consultoria-de-crescimento\/\" class=\"_blank pt-cv-href-thumbnail pt-cv-thumb-left\" target=\"_blank\" ><img loading=\"lazy\" decoding=\"async\" width=\"768\" height=\"430\" src=\"https:\/\/www.sisinternational.com\/wp-content\/uploads\/2025\/08\/Sustainability-7-768x430.jpg\" class=\"pt-cv-thumbnail pull-left\" alt=\"Growth Consulting\" \/><\/a><div class=\"pt-cv-taxoterm over_top_left\"><\/div><\/div>\n<div class=\"pt-cv-colwrap\"><h4 class=\"pt-cv-title\"><a href=\"https:\/\/www.sisinternational.com\/pt\/solucoes\/sis-crescimento-global\/consultoria-de-crescimento\/\" class=\"_blank\" target=\"_blank\" >Growth Consulting<\/a><\/h4><div class=\"pt-cv-content\">SIS International provides Growth Consulting Solutions. We provide Sales and &#8230;<\/div><div class=\"pt-cv-rmwrap\"><a href=\"https:\/\/www.sisinternational.com\/pt\/solucoes\/sis-crescimento-global\/consultoria-de-crescimento\/\" class=\"_blank pt-cv-readmore btn btn-success\" target=\"_blank\" >Leia Mais<\/a><\/div><\/div><\/div>\n<div class=\" pt-cv-content-item pt-cv-2-col\"  data-pid=\"15205\"><div class=\"pt-cv-thumb-wrapper pull-left \"><a href=\"https:\/\/www.sisinternational.com\/pt\/solucoes\/sis-crescimento-global\/pesquisa-internacional-de-propriedade-intelectual\/\" class=\"_blank pt-cv-href-thumbnail pt-cv-thumb-left\" target=\"_blank\" ><img loading=\"lazy\" decoding=\"async\" width=\"768\" height=\"430\" src=\"https:\/\/www.sisinternational.com\/wp-content\/uploads\/2025\/08\/RegTech-5-768x430.jpg\" class=\"pt-cv-thumbnail pull-left\" alt=\"Intellectual Property Market Research\" \/><\/a><div class=\"pt-cv-taxoterm over_top_left\"><\/div><\/div>\n<div class=\"pt-cv-colwrap\"><h4 class=\"pt-cv-title\"><a href=\"https:\/\/www.sisinternational.com\/pt\/solucoes\/sis-crescimento-global\/pesquisa-internacional-de-propriedade-intelectual\/\" class=\"_blank\" target=\"_blank\" >Intellectual Property Market Research<\/a><\/h4><div class=\"pt-cv-content\">Discover how Market Research can serve your Intellectual Property needs &#8230;<\/div><div class=\"pt-cv-rmwrap\"><a href=\"https:\/\/www.sisinternational.com\/pt\/solucoes\/sis-crescimento-global\/pesquisa-internacional-de-propriedade-intelectual\/\" class=\"_blank pt-cv-readmore btn btn-success\" target=\"_blank\" >Leia Mais<\/a><\/div><\/div><\/div>\n<div class=\" pt-cv-content-item pt-cv-2-col\"  data-pid=\"22186\"><div class=\"pt-cv-thumb-wrapper pull-left \"><a href=\"https:\/\/www.sisinternational.com\/pt\/solucoes\/sis-crescimento-global\/consultoria-em-planejamento-estrategico\/\" class=\"_blank pt-cv-href-thumbnail pt-cv-thumb-left\" target=\"_blank\" ><img loading=\"lazy\" decoding=\"async\" width=\"768\" height=\"430\" src=\"https:\/\/www.sisinternational.com\/wp-content\/uploads\/2025\/08\/Strategy-consulting-24-768x430.jpg\" class=\"pt-cv-thumbnail pull-left\" alt=\"Strategic Planning Consulting\" \/><\/a><div class=\"pt-cv-taxoterm over_top_left\"><\/div><\/div>\n<div class=\"pt-cv-colwrap\"><h4 class=\"pt-cv-title\"><a href=\"https:\/\/www.sisinternational.com\/pt\/solucoes\/sis-crescimento-global\/consultoria-em-planejamento-estrategico\/\" class=\"_blank\" target=\"_blank\" >Strategic Planning Consulting<\/a><\/h4><div class=\"pt-cv-content\">SIS Global Growth serves companies with Strategic Planning Consulting solutions &#8230;<\/div><div class=\"pt-cv-rmwrap\"><a href=\"https:\/\/www.sisinternational.com\/pt\/solucoes\/sis-crescimento-global\/consultoria-em-planejamento-estrategico\/\" class=\"_blank pt-cv-readmore btn btn-success\" target=\"_blank\" >Leia Mais<\/a><\/div><\/div><\/div><\/div><\/div> <\/div> <style>\n#pt-cv-view-0i8f2on2 {text-align: left}\n#pt-cv-view-0i8f2on2 { padding: 0px 0px 0px 10px; }#pt-cv-view-0i8f2on2 .pt-cv-meta-fields {  }#pt-cv-view-0i8f2on2 .pt-cv-meta-fields * { font-size: 13px; }.pt-cv-heading-container[data-blockid=\"0i8f2on2\"] { border-color: var(--global-color-9); }.pt-cv-heading-container[data-blockid=\"0i8f2on2\"] * { background-color: var(--global-color-9); }#pt-cv-view-0i8f2on2 .pt-cv-thumb-wrapper:not(.miniwrap) { width: 40%; }#pt-cv-view-0i8f2on2 .pt-cv-thumbnail:not(.pt-cv-thumbnailsm) { height: 200px; }#pt-cv-view-0i8f2on2 .pt-cv-thumb-wrapper {  }#pt-cv-view-0i8f2on2[class*=\"cveffect\"] .pt-cv-thumb-wrapper, #pt-cv-view-0i8f2on2:not([class*=\"cveffect\"]) .pt-cv-thumbnail { border-radius: 0px 20px 0px 0px; }#pt-cv-view-0i8f2on2 .pt-cv-thumbnail {  }#pt-cv-view-0i8f2on2 .pt-cv-title a { display: block;color: var(u002du002dglobal-color-9); }#pt-cv-view-0i8f2on2 .pt-cv-title:not(.pt-cv-titlesm) a { font-weight: 600;text-decoration: none;font-size: 22px; }#pt-cv-view-0i8f2on2 .pt-cv-titlesm a { font-weight: 600;font-size: 18px; }#pt-cv-view-0i8f2on2 .pt-cv-content { font-size: 15px; }#pt-cv-view-0i8f2on2 .pt-cv-rmwrap {  }#pt-cv-view-0i8f2on2 .pt-cv-readmore { color: var(--base-3);background-color: var(--accent);font-weight: 400;text-transform: capitalize;border-style: none;font-family: \"Helvetica\";font-size: 14px;border-radius: 10px 10px 10px 10px; }#pt-cv-view-0i8f2on2 .pt-cv-taxoterm {  }#pt-cv-view-0i8f2on2 .pt-cv-taxoterm * { color: #222;background-color: #fff6f6;font-size: 14px; }#pt-cv-view-0i8f2on2 + .pt-cv-pagination-wrapper {  }#pt-cv-view-0i8f2on2 + .pt-cv-pagination-wrapper a { font-size: 14px; }#pt-cv-view-0i8f2on2 > .pt-cv-page {grid-template-columns: repeat(2, 1fr);grid-gap: 20px;}#pt-cv-view-0i8f2on2 .pt-cv-rmwrap:hover {  }#pt-cv-view-0i8f2on2 .pt-cv-readmore:hover { color: var(--base-3);background-color: var(--global-color-9); }\n@media all and (max-width: 1024px) { \n#pt-cv-view-0i8f2on2 > .pt-cv-page {grid-template-columns: repeat(1, 1fr);}\n} \n@media all and (max-width: 767px) { \n#pt-cv-view-0i8f2on2 > .pt-cv-page {grid-template-columns: repeat(1, 1fr);}\n} <\/style><link href='\/\/fonts.googleapis.com\/css?family=Default' rel='stylesheet' type='text\/css'><link href='\/\/fonts.googleapis.com\/css?family=Helvetica' rel='stylesheet' type='text\/css'>\n\n\n<div style=\"height:100px\" aria-hidden=\"true\" class=\"wp-block-spacer\"><\/div>\n","protected":false},"excerpt":{"rendered":"<p>Nossas solu\u00e7\u00f5es de consultoria incluem servi\u00e7os de suporte de marketing, opera\u00e7\u00f5es e mercados emergentes.<\/p>","protected":false},"author":1,"featured_media":62407,"parent":14457,"menu_order":13,"comment_status":"closed","ping_status":"closed","template":"","meta":{"footnotes":""},"class_list":["post-22092","page","type-page","status-publish","has-post-thumbnail"],"_links":{"self":[{"href":"https:\/\/www.sisinternational.com\/pt\/wp-json\/wp\/v2\/pages\/22092","targetHints":{"allow":["GET"]}}],"collection":[{"href":"https:\/\/www.sisinternational.com\/pt\/wp-json\/wp\/v2\/pages"}],"about":[{"href":"https:\/\/www.sisinternational.com\/pt\/wp-json\/wp\/v2\/types\/page"}],"author":[{"embeddable":true,"href":"https:\/\/www.sisinternational.com\/pt\/wp-json\/wp\/v2\/users\/1"}],"replies":[{"embeddable":true,"href":"https:\/\/www.sisinternational.com\/pt\/wp-json\/wp\/v2\/comments?post=22092"}],"version-history":[{"count":6,"href":"https:\/\/www.sisinternational.com\/pt\/wp-json\/wp\/v2\/pages\/22092\/revisions"}],"predecessor-version":[{"id":82974,"href":"https:\/\/www.sisinternational.com\/pt\/wp-json\/wp\/v2\/pages\/22092\/revisions\/82974"}],"up":[{"embeddable":true,"href":"https:\/\/www.sisinternational.com\/pt\/wp-json\/wp\/v2\/pages\/14457"}],"wp:featuredmedia":[{"embeddable":true,"href":"https:\/\/www.sisinternational.com\/pt\/wp-json\/wp\/v2\/media\/62407"}],"wp:attachment":[{"href":"https:\/\/www.sisinternational.com\/pt\/wp-json\/wp\/v2\/media?parent=22092"}],"curies":[{"name":"wp","href":"https:\/\/api.w.org\/{rel}","templated":true}]}}