{"id":22030,"date":"2017-02-06T23:26:00","date_gmt":"2017-02-06T23:26:00","guid":{"rendered":"https:\/\/www.sisinternational.com\/?page_id=22030"},"modified":"2026-01-26T17:01:54","modified_gmt":"2026-01-26T22:01:54","slug":"pesquisa-de-mercado-de-nivel-c","status":"publish","type":"page","link":"https:\/\/www.sisinternational.com\/pt\/solucoes\/pesquisa-de-mercado-de-nivel-c\/","title":{"rendered":"Pesquisa de mercado de n\u00edvel C"},"content":{"rendered":"<h1 class=\"wp-block-heading p1\">Pesquisa de mercado de n\u00edvel C<\/h1>\n\n\n\n<figure class=\"gb-block-image gb-block-image-0587d26d\"><img loading=\"lazy\" decoding=\"async\" width=\"1456\" height=\"816\" class=\"gb-image gb-image-0587d26d\" src=\"https:\/\/www.sisinternational.com\/wp-content\/uploads\/2025\/08\/CEO-CIO-manager-4.jpg\" alt=\"Pesquisa e Estrat\u00e9gia de Mercado Internacional da SIS\" title=\"CEO CIO manager (4)\" srcset=\"https:\/\/www.sisinternational.com\/wp-content\/uploads\/2025\/08\/CEO-CIO-manager-4.jpg 1456w, https:\/\/www.sisinternational.com\/wp-content\/uploads\/2025\/08\/CEO-CIO-manager-4-300x168.jpg 300w, https:\/\/www.sisinternational.com\/wp-content\/uploads\/2025\/08\/CEO-CIO-manager-4-1024x574.jpg 1024w, https:\/\/www.sisinternational.com\/wp-content\/uploads\/2025\/08\/CEO-CIO-manager-4-768x430.jpg 768w, https:\/\/www.sisinternational.com\/wp-content\/uploads\/2025\/08\/CEO-CIO-manager-4-18x10.jpg 18w\" sizes=\"auto, (max-width: 1456px) 100vw, 1456px\"><\/figure>\n\n\n\n<p><\/p>\n\n\n\n<hr class=\"wp-block-separator has-alpha-channel-opacity is-style-dots\"\/>\n\n\n\n<p><span style=\"font-weight: 400;\">Voc\u00ea j\u00e1 se perguntou como os executivos de alto n\u00edvel tomam decis\u00f5es informadas que moldam o futuro de seus neg\u00f3cios? A pesquisa de mercado de n\u00edvel C \u00e9 uma das principais ferramentas que orientam essas decis\u00f5es cr\u00edticas.&nbsp;<\/span><\/p>\n\n\n\n<p><span style=\"font-weight: 400;\">This specialized form of research is about understanding the nuances of the market, the competition, and consumer behavior from a strategic viewpoint of CEOs, CFOs, COOs, and others.<\/span><\/p>\n\n\n\n<h2 class=\"wp-block-heading\"><span style=\"font-weight: 400;\"><strong>O que \u00e9 pesquisa de mercado de n\u00edvel C?<\/strong><\/span><\/h2>\n\n\n\n<p><span style=\"font-weight: 400;\">A pesquisa de mercado de n\u00edvel C representa uma abordagem sofisticada e de alto n\u00edvel para compreender a din\u00e2mica do mercado, o comportamento do consumidor e as tend\u00eancias do setor. No entanto, ao contr\u00e1rio da pesquisa de mercado convencional, a pesquisa de mercado de n\u00edvel C fornece aos executivos de alto escal\u00e3o os insights estrat\u00e9gicos de que precisam para tomar decis\u00f5es informadas que impactam toda a organiza\u00e7\u00e3o.<\/span><\/p>\n\n\n\n<p><span style=\"font-weight: 400;\">Este tipo de pesquisa analisa as estrat\u00e9gias dos concorrentes, monitora as tend\u00eancias do mercado, avalia os avan\u00e7os tecnol\u00f3gicos e compreende as mudan\u00e7as econ\u00f4micas. O objetivo \u00e9 dotar os executivos de n\u00edvel C com uma compreens\u00e3o abrangente dos fatores externos e internos que influenciam seus neg\u00f3cios.&nbsp;<\/span><\/p>\n\n\n\n<p><span style=\"font-weight: 400;\">A pesquisa de mercado de n\u00edvel C geralmente envolve uma combina\u00e7\u00e3o de m\u00e9todos qualitativos e quantitativos. A pesquisa qualitativa pode incluir entrevistas com especialistas do setor, grupos focais com as principais partes interessadas e an\u00e1lise de estudos de caso. Por outro lado, a pesquisa quantitativa envolve a coleta e an\u00e1lise de dados num\u00e9ricos, como tamanho do mercado, dados demogr\u00e1ficos do consumidor e n\u00fameros de vendas.<\/span><\/p>\n\n\n\n<h2 class=\"wp-block-heading\">Elaborando rastreadores eficazes: identificando e tra\u00e7ando o perfil dos tomadores de decis\u00e3o de n\u00edvel C ideais para engajamento estrat\u00e9gico<\/h2>\n\n\n\n<figure class=\"gb-block-image gb-block-image-df089ce7\"><img loading=\"lazy\" decoding=\"async\" width=\"1456\" height=\"816\" class=\"gb-image gb-image-df089ce7\" src=\"https:\/\/www.sisinternational.com\/wp-content\/uploads\/2025\/08\/Business-27.jpg\" alt=\"Pesquisa e Estrat\u00e9gia de Mercado Internacional da SIS\" title=\"Business (27)\" srcset=\"https:\/\/www.sisinternational.com\/wp-content\/uploads\/2025\/08\/Business-27.jpg 1456w, https:\/\/www.sisinternational.com\/wp-content\/uploads\/2025\/08\/Business-27-300x168.jpg 300w, https:\/\/www.sisinternational.com\/wp-content\/uploads\/2025\/08\/Business-27-1024x574.jpg 1024w, https:\/\/www.sisinternational.com\/wp-content\/uploads\/2025\/08\/Business-27-768x430.jpg 768w, https:\/\/www.sisinternational.com\/wp-content\/uploads\/2025\/08\/Business-27-18x10.jpg 18w\" sizes=\"auto, (max-width: 1456px) 100vw, 1456px\"><\/figure>\n\n\n\n<p><\/p>\n\n\n\n<p>Voc\u00ea j\u00e1 considerou o que diferencia um envolvimento bem-sucedido com um executivo de n\u00edvel C de uma oportunidade perdida? Para as empresas que abriram recentemente o capital ou est\u00e3o prestes a faz\u00ea-lo, a capacidade de identificar e tra\u00e7ar o perfil dos decisores de n\u00edvel C certos n\u00e3o \u00e9 apenas uma medida t\u00e1ctica \u2013 \u00e9 um imperativo estrat\u00e9gico. Na intrincada dan\u00e7a do envolvimento corporativo, saber a quem abordar, quando e com que proposta pode ser a diferen\u00e7a entre estabelecer uma liga\u00e7\u00e3o valiosa e simplesmente fazer parte do ru\u00eddo.<\/p>\n\n\n\n<h2 class=\"wp-block-heading\"><span style=\"font-weight: 400;\"><strong>A principal import\u00e2ncia da pesquisa de mercado de n\u00edvel C<\/strong><\/span><\/h2>\n\n\n\n<p><span style=\"font-weight: 400;\">A pesquisa de mercado de n\u00edvel C \u00e9 essencial porque fornece uma vis\u00e3o hol\u00edstica do mercado. Os executivos podem compreender melhor a sua posi\u00e7\u00e3o em rela\u00e7\u00e3o aos concorrentes, reconhecer tend\u00eancias emergentes e identificar necessidades n\u00e3o satisfeitas no mercado. Esta perspectiva ampla \u00e9 crucial para desenvolver estrat\u00e9gias e ser proativo na antecipa\u00e7\u00e3o de mudan\u00e7as futuras.<\/span><\/p>\n\n\n\n<p><span style=\"font-weight: 400;\">Al\u00e9m disso, a pesquisa de mercado de n\u00edvel C \u00e9 fundamental na gest\u00e3o de riscos porque, ao analisar as tend\u00eancias do mercado, o comportamento do consumidor e os indicadores econ\u00f3micos, os executivos podem identificar riscos e desafios potenciais que podem impactar o neg\u00f3cio. Esta previs\u00e3o permite o desenvolvimento de planos de conting\u00eancia e estrat\u00e9gias de mitiga\u00e7\u00e3o de riscos, garantindo que a empresa se mant\u00e9m resiliente face \u00e0 incerteza.<\/span><\/p>\n\n\n\n<p><span style=\"font-weight: 400;\">Outro aspecto significativo da pesquisa de mercado de n\u00edvel C \u00e9 a sua contribui\u00e7\u00e3o para a inova\u00e7\u00e3o e o crescimento. Atrav\u00e9s da an\u00e1lise detalhada dos dados de mercado, as empresas podem identificar novas oportunidades para desenvolvimento de produtos, expans\u00e3o de mercado e envolvimento do cliente. <\/span><\/p>\n\n\n\n<h2 class=\"wp-block-heading\">Conversando com executivos de n\u00edvel C<\/h2>\n\n\n\n<p class=\"p1\"><span class=\"s1\">O recrutamento de entrevistados com alto n\u00edvel de conhecimento e experi\u00eancia no setor nos permite fornecer insights de ponta, ajudando nossos clientes a formular estrat\u00e9gias e solu\u00e7\u00f5es abrangentes. <a href=\"https:\/\/www.investopedia.com\/terms\/c\/c-suite.asp\" target=\"_blank\" rel=\"noopener\">Profissionais do setor de alto n\u00edvel<\/a> fornecer opini\u00f5es de especialistas em suas respectivas \u00e1reas sobre estrat\u00e9gia e tend\u00eancias de neg\u00f3cios.<span class=\"Apple-converted-space\">&nbsp; <\/span>Eles tamb\u00e9m possuem uma perspectiva inestim\u00e1vel sobre o mercado global, os movimentos do mercado e as oportunidades e amea\u00e7as competitivas. Na SIS, nosso objetivo \u00e9 colocar essa perspectiva em pr\u00e1tica para nossos clientes.<\/span><\/p>\n\n\n\n<p><strong><span class=\"s1\">Executivos altamente experientes fornecem insights de neg\u00f3cios cr\u00edticos sobre:<\/span><\/strong><\/p>\n\n\n\n<ul class=\"wp-block-list\">\n<li><span class=\"s1\">Tend\u00eancias da ind\u00fastria<\/span><\/li>\n\n\n\n<li><span class=\"s1\">Estrat\u00e9gia de vendas<\/span><\/li>\n\n\n\n<li><span class=\"s1\">Processos de Compra<\/span><\/li>\n\n\n\n<li><span class=\"s1\">Oportunidades de investimento<\/span><\/li>\n\n\n\n<li><span class=\"s1\">Amea\u00e7as Competitivas<\/span><\/li>\n\n\n\n<li><span class=\"s1\">Insights gerenciais e organizacionais<\/span><\/li>\n\n\n\n<li>Melhores Pr\u00e1ticas<\/li>\n<\/ul>\n\n\n\n<h2 class=\"wp-block-heading\">Solu\u00e7\u00f5es de recrutamento<\/h2>\n\n\n\n<p class=\"p1\"><span class=\"s1\">Como fornecedora l\u00edder em pesquisa e estrat\u00e9gia de mercado global, com mais de 40 anos de experi\u00eancia, a SIS tem um hist\u00f3rico comprovado de fornecer aos clientes os resultados pr\u00e1ticos que eles esperam de uma ag\u00eancia de alto desempenho.<span class=\"Apple-converted-space\">&nbsp; <\/span><\/span><\/p>\n\n\n\n<p class=\"p1\"><span class=\"s1\">O SIS conduz grupos focais, entrevistas aprofundadas, an\u00e1lises e relat\u00f3rios abrangentes.<span class=\"Apple-converted-space\">&nbsp; <\/span>Com nossas capacidades, abordagem, equipe e experi\u00eancia, oferecemos acesso de pesquisa incompar\u00e1vel \u00e0s opini\u00f5es, insights e experi\u00eancias de executivos de alto n\u00edvel.&nbsp;<\/span><\/p>\n\n\n\n<p class=\"p1\"><span class=\"s1\">Como os executivos de n\u00edvel C s\u00e3o profissionais ocupados e com independ\u00eancia financeira, eles s\u00e3o um segmento-alvo altamente valorizado para entrevistas aprofundadas e insights do setor. Usamos metodologia, abordagem, dura\u00e7\u00e3o da entrevista e incentivo adequados.<span class=\"Apple-converted-space\">&nbsp; We communicate the importance of the <a href=\"https:\/\/www.sisinternational.com\/pt\/cobertura\/as-americas\/pesquisa-de-mercado-na-america-latina\/pesquisa-de-mercado-uruguai\/\" title=\"Pesquisa de mercado no Uruguai\" data-wpil-monitor-id=\"5076\">pesquisar<\/a> and the value of participating in Market Research.<span class=\"Apple-converted-space\">&nbsp; <\/span>Garantimos que nossa abordagem, metodologia, instala\u00e7\u00f5es, recrutadores e facilitadores tenham as expectativas de qualidade, qualifica\u00e7\u00f5es e experi\u00eancia apropriadas para entrevistas e pesquisas de n\u00edvel C.<\/span><\/p>\n\n\n\n<h2 class=\"wp-block-heading\">Metodologias de Pesquisa<\/h2>\n\n\n\n<p>A utiliza\u00e7\u00e3o de uma combina\u00e7\u00e3o de pesquisas qualitativas e quantitativas permite que as empresas construam um perfil multidimensional desses executivos. A pesquisa qualitativa oferece insights profundos sobre a filosofia de neg\u00f3cios, o estilo de lideran\u00e7a e os crit\u00e9rios de tomada de decis\u00e3o do executivo. A pesquisa quantitativa fornece um contexto mais amplo do seu papel no cen\u00e1rio do mercado, do desempenho da sua empresa e dos benchmarks do setor.<\/p>\n\n\n\n<p>Essa abordagem dupla permite que as empresas v\u00e3o al\u00e9m das caracter\u00edsticas superficiais e compreendam os motivadores, as motiva\u00e7\u00f5es e as prioridades desses profissionais de alto n\u00edvel. Ajuda na elabora\u00e7\u00e3o de uma comunica\u00e7\u00e3o que fale diretamente sobre os desafios que enfrentam e os objetivos que pretendem alcan\u00e7ar. Permite uma abordagem personalizada que pode captar a aten\u00e7\u00e3o e provocar uma resposta.<\/p>\n\n\n\n<h2 class=\"wp-block-heading\"><span style=\"font-weight: 400;\"><strong>Quando conduzir pesquisas de mercado de n\u00edvel C<\/strong><\/span><\/h2>\n\n\n\n<figure class=\"gb-block-image gb-block-image-4b960d29\"><img loading=\"lazy\" decoding=\"async\" width=\"1456\" height=\"816\" class=\"gb-image gb-image-4b960d29\" src=\"https:\/\/www.sisinternational.com\/wp-content\/uploads\/2025\/08\/Business-17.jpg\" alt=\"Pesquisa e Estrat\u00e9gia de Mercado Internacional da SIS\" title=\"Business (17)\" srcset=\"https:\/\/www.sisinternational.com\/wp-content\/uploads\/2025\/08\/Business-17.jpg 1456w, https:\/\/www.sisinternational.com\/wp-content\/uploads\/2025\/08\/Business-17-300x168.jpg 300w, https:\/\/www.sisinternational.com\/wp-content\/uploads\/2025\/08\/Business-17-1024x574.jpg 1024w, https:\/\/www.sisinternational.com\/wp-content\/uploads\/2025\/08\/Business-17-768x430.jpg 768w, https:\/\/www.sisinternational.com\/wp-content\/uploads\/2025\/08\/Business-17-18x10.jpg 18w\" sizes=\"auto, (max-width: 1456px) 100vw, 1456px\"><\/figure>\n\n\n\n<p><\/p>\n\n\n\n<p><span style=\"font-weight: 400;\">Determining the optimal timing for conducting C-level market research is crucial for maximizing its benefits. This strategic research should be aligned with the company&#8217;s key decision-making processes and business cycles. There are specific scenarios and stages in a business\u2019s <a href=\"https:\/\/www.sisinternational.com\/pt\/solucoes\/solucoes-de-branding-e-pesquisa-de-clientes\/gerenciamento-do-ciclo-de-vida\/\" title=\"Pesquisa de mercado do ciclo de vida\" data-wpil-monitor-id=\"2985\">lifecycle when C-level market research<\/a> becomes particularly valuable.<\/span><\/p>\n\n\n\n<p><b>\u2022 Antes das Sess\u00f5es de Planejamento Estrat\u00e9gico: <\/b><span style=\"font-weight: 400;\">A pesquisa de mercado de n\u00edvel C deve ser realizada antes das principais sess\u00f5es de planejamento estrat\u00e9gico. Esta pesquisa fornece os insights necess\u00e1rios para definir metas realistas, identificar novas oportunidades e formular estrat\u00e9gias eficazes.<\/span><\/p>\n\n\n\n<p><b>\u2022 Antes de lan\u00e7ar novos produtos ou servi\u00e7os: <\/b><span style=\"font-weight: 400;\">Antes de introduzir um novo produto ou servi\u00e7o no mercado, \u00e9 essencial compreender a procura do mercado, a concorr\u00eancia e as prefer\u00eancias dos clientes. A pesquisa de mercado de n\u00edvel C oferece essas informa\u00e7\u00f5es cr\u00edticas, garantindo que as novas ofertas estejam bem posicionadas para o sucesso.<\/span><\/p>\n\n\n\n<p><b>\u2022 Ao entrar em novos mercados:<\/b><span style=\"font-weight: 400;\"> A realiza\u00e7\u00e3o de pesquisas de mercado de n\u00edvel C ajuda a avaliar a viabilidade do novo mercado, a compreender o comportamento do consumidor local e a identificar potenciais barreiras \u00e0 entrada.<\/span><\/p>\n\n\n\n<p><b>\u2022 Ao experimentar um crescimento ou decl\u00ednio estagnado: <\/b><span style=\"font-weight: 400;\">Se uma empresa estiver enfrentando estagna\u00e7\u00e3o ou decl\u00ednio, a pesquisa de mercado de n\u00edvel C pode identificar as causas subjacentes e ajudar na formula\u00e7\u00e3o de uma estrat\u00e9gia de recupera\u00e7\u00e3o.<\/span><\/p>\n\n\n\n<p><b>\u2022 P\u00f3s-Fus\u00e3o ou Aquisi\u00e7\u00e3o:<\/b><span style=\"font-weight: 400;\"> Ap\u00f3s uma fus\u00e3o ou aquisi\u00e7\u00e3o, a realiza\u00e7\u00e3o de pesquisas de mercado de n\u00edvel C \u00e9 crucial para compreender a posi\u00e7\u00e3o combinada do mercado, sinergias potenciais e \u00e1reas de sobreposi\u00e7\u00e3o ou conflito.<\/span><\/p>\n\n\n\n<p><b>\u2022 Em resposta aos movimentos do concorrente:<\/b><span style=\"font-weight: 400;\"> Quando os concorrentes lan\u00e7am novos produtos, mudam as suas estrat\u00e9gias ou passam por mudan\u00e7as significativas, \u00e9 importante realizar pesquisas de mercado de n\u00edvel C para compreender as implica\u00e7\u00f5es para o seu neg\u00f3cio e ajustar a sua estrat\u00e9gia conforme necess\u00e1rio.<\/span><\/p>\n\n\n\n<h2 class=\"wp-block-heading\">Como criar rastreadores eficazes<\/h2>\n\n\n\n<p>Elaborar rastreadores eficazes \u00e9 uma etapa cr\u00edtica para identificar e interagir com os tomadores de decis\u00e3o de n\u00edvel C ideais. Screeners s\u00e3o as ferramentas que permitem \u00e0s empresas focar nos indiv\u00edduos que est\u00e3o mais alinhados com seus objetivos estrat\u00e9gicos. Mas, como criar um rastreador que seja ao mesmo tempo eficaz e eficiente, especialmente quando se destina ao mundo cheio de nuances e ocupado dos executivos de n\u00edvel C, como os especialistas em servi\u00e7os financeiros?<\/p>\n\n\n\n<p><strong><b>- <\/b>Identifique as principais caracter\u00edsticas e qualifica\u00e7\u00f5es:<\/strong> Determinar as caracter\u00edsticas, experi\u00eancias e qualifica\u00e7\u00f5es obrigat\u00f3rias que se alinham aos objetivos de neg\u00f3cios. Para executivos de n\u00edvel C, isso pode incluir perman\u00eancia no setor, \u00e1reas de especializa\u00e7\u00e3o e influ\u00eancia dentro de sua organiza\u00e7\u00e3o.<\/p>\n\n\n\n<p><strong><b>- <\/b>Aproveite as percep\u00e7\u00f5es do setor:<\/strong> Aproveitar os insights do setor para informar o avaliador. Isto poderia envolver tend\u00eancias, desafios e oportunidades no sector dos servi\u00e7os financeiros que apenas um especialista teria conhecimento.<\/p>\n\n\n\n<p><strong><b>- <\/b>Empregue um sistema de pontua\u00e7\u00e3o:<\/strong> Implementar um sistema de pontua\u00e7\u00e3o para avaliar as respostas. Esta medida quantitativa pode ajudar as empresas a avaliar objetivamente quais executivos de n\u00edvel C atendem aos seus crit\u00e9rios e em que medida.<\/p>\n\n\n\n<p><strong><b>- <\/b>Garanta a conformidade e os padr\u00f5es \u00e9ticos:<\/strong> Ao elaborar rastreadores, especialmente em servi\u00e7os financeiros, \u00e9 vital garantir que os m\u00e9todos cumpram os regulamentos do setor e os padr\u00f5es \u00e9ticos.<\/p>\n\n\n\n<h2 class=\"wp-block-heading\">Benef\u00edcios de identificar e tra\u00e7ar o perfil dos tomadores de decis\u00e3o de n\u00edvel C ideais para o envolvimento estrat\u00e9gico<\/h2>\n\n\n\n<p>Um dos principais benef\u00edcios \u00e9 a precis\u00e3o que traz ao planejamento estrat\u00e9gico. Conhecendo os tomadores de decis\u00e3o, as empresas podem elaborar abordagens direcionadas que atendam aos interesses e necessidades comerciais espec\u00edficos desses executivos. Esta precis\u00e3o n\u00e3o s\u00f3 aumenta a probabilidade de envolvimento, mas tamb\u00e9m prepara o terreno para discuss\u00f5es que sejam relevantes, impactantes e orientadas para a a\u00e7\u00e3o.<\/p>\n\n\n\n<p>Quando as empresas compreendem o panorama do n\u00edvel C, podem contornar o alcance gen\u00e9rico que muitas vezes falha e, em vez disso, utilizar os seus recursos de forma mais eficaz, direcionando esfor\u00e7os para indiv\u00edduos que t\u00eam maior probabilidade de serem receptivos \u00e0 sua mensagem. Essa efici\u00eancia n\u00e3o s\u00f3 economiza tempo e dinheiro, mas tamb\u00e9m aumenta o retorno do investimento em iniciativas de marketing e engajamento.<\/p>\n\n\n\n<p>Al\u00e9m disso, ao envolverem-se com decisores de n\u00edvel C que foram minuciosamente avaliados, as empresas podem construir credibilidade e estabelecer confian\u00e7a. Estas rela\u00e7\u00f5es conduzem frequentemente a parcerias de longo prazo, repeti\u00e7\u00e3o de neg\u00f3cios e refer\u00eancias, que s\u00e3o inestim\u00e1veis para empresas que procuram consolidar o seu lugar no mercado.<\/p>\n\n\n\n<p>Finalmente, as rela\u00e7\u00f5es estabelecidas com estes intervenientes-chave proporcionam frequentemente uma vantagem competitiva. Em mercados onde a diferencia\u00e7\u00e3o \u00e9 um desafio, ter uma linha direta com o topo pode significar a diferen\u00e7a entre ser l\u00edder de mercado e ser relegado ao estatuto de seguidor.<\/p>\n\n\n\n<h2 class=\"wp-block-heading\"><span style=\"font-weight: 400;\"><strong>Oportunidades em pesquisa de mercado de n\u00edvel C&nbsp;<\/strong><\/span><\/h2>\n\n\n\n<p><span style=\"font-weight: 400;\">O panorama da pesquisa de mercado de n\u00edvel C est\u00e1 repleto de oportunidades para empresas dispostas a se aprofundar na an\u00e1lise estrat\u00e9gica \u2013 e esse tipo de pesquisa abre portas para in\u00fameras possibilidades de crescimento, inova\u00e7\u00e3o e vantagem competitiva.<\/span><\/p>\n\n\n\n<p><b>\u2022 Impulsionando a inova\u00e7\u00e3o:<\/b><span style=\"font-weight: 400;\"> A pesquisa de mercado de n\u00edvel C pode ser o catalisador para a inova\u00e7\u00e3o dentro de uma empresa. Ao descobrir tend\u00eancias emergentes, necessidades latentes dos clientes e lacunas no mercado, as empresas podem desenvolver novos produtos, servi\u00e7os ou modelos de neg\u00f3cios que as diferenciem dos seus concorrentes.<\/span><\/p>\n\n\n\n<p><b>\u2022 Identifica\u00e7\u00e3o de novos segmentos de mercado: <\/b><span style=\"font-weight: 400;\">A an\u00e1lise detalhada do mercado ajuda a identificar segmentos de mercado inexplorados ou mal atendidos. As empresas podem aproveitar esses insights para atingir novos grupos de clientes, expandir sua participa\u00e7\u00e3o no mercado e diversificar sua base de clientes.<\/span><\/p>\n\n\n\n<p><b>\u2022 Melhorar a experi\u00eancia do cliente:<\/b><span style=\"font-weight: 400;\"> Understanding the nuances of customer behavior and preferences is a key outcome of <a href=\"https:\/\/www.sisinternational.com\/pt\/pericia\/curriculos-de-experiencia\/curriculo-de-experiencia-em-estudos-de-etnografia\/\" title=\"Experi\u00eancia em pesquisa de mercado em etnografia\" data-wpil-monitor-id=\"6360\">C-level market research<\/a>. This knowledge enables businesses to tailor their offerings and customer engagement strategies, leading to enhanced customer satisfaction and loyalty.<\/span><\/p>\n\n\n\n<p><b>\u2022 Parcerias e Colabora\u00e7\u00f5es Estrat\u00e9gicas:<\/b><span style=\"font-weight: 400;\"> Os insights da pesquisa de mercado de n\u00edvel C podem revelar oportunidades potenciais para parcerias ou colabora\u00e7\u00f5es estrat\u00e9gicas.&nbsp;<\/span><\/p>\n\n\n\n<p><b>\u2022 Oportunidades de expans\u00e3o global: <\/b><span style=\"font-weight: 400;\">A pesquisa de mercado de n\u00edvel C fornece insights cr\u00edticos sobre mercados internacionais, nuances culturais, ambientes regulat\u00f3rios e cen\u00e1rios competitivos, facilitando a elabora\u00e7\u00e3o de estrat\u00e9gias e a execu\u00e7\u00e3o de planos de expans\u00e3o global.<\/span><\/p>\n\n\n\n<p><b>\u2022 Construindo uma cultura baseada em dados:<\/b><span style=\"font-weight: 400;\"> Incorporating <a href=\"https:\/\/www.sisinternational.com\/pt\/pericia\/industrias\/pesquisa-de-mercado-de-materiais-de-construcao-verdes\/\" title=\"Pesquisa de mercado de materiais de constru\u00e7\u00e3o verdes\" data-wpil-monitor-id=\"3356\">C-level market research<\/a> into the decision-making process fosters a data-driven culture within the organization. This culture empowers employees at all levels to base their decisions on solid data and insights.<\/span><\/p>\n\n\n\n<h2 class=\"wp-block-heading\"><span style=\"font-weight: 400;\"><strong>Desafios da pesquisa de mercado de n\u00edvel C para empresas<\/strong><\/span><\/h2>\n\n\n\n<p><span style=\"font-weight: 400;\">A pesquisa de mercado de n\u00edvel C tamb\u00e9m apresenta alguns desafios que podem impactar a efic\u00e1cia da pesquisa e as decis\u00f5es subsequentes tomadas com base em seus insights.<\/span><\/p>\n\n\n\n<p><b>\u2022 Manter a objetividade: <\/b><span style=\"font-weight: 400;\">Existe o risco de enviesamento na investiga\u00e7\u00e3o de mercado, especialmente quando esta se alinha demasiado com no\u00e7\u00f5es preconcebidas ou resultados desejados. Manter a objetividade e garantir que a pesquisa seja imparcial e precisa \u00e9 essencial para obter resultados confi\u00e1veis.<\/span><\/p>\n\n\n\n<p><b>\u2022 Integra\u00e7\u00e3o de diversas fontes de dados:<\/b><span style=\"font-weight: 400;\"> A pesquisa de mercado de n\u00edvel C normalmente envolve a integra\u00e7\u00e3o de dados de v\u00e1rias fontes, o que pode ser um desafio. Garantir a compatibilidade, a precis\u00e3o e a confiabilidade dos dados em diferentes fontes \u00e9 crucial para obter resultados v\u00e1lidos.<\/span><\/p>\n\n\n\n<p><b>\u2022 Traduzindo a Pesquisa em A\u00e7\u00e3o: <\/b><span style=\"font-weight: 400;\">Outro desafio \u00e9 traduzir eficazmente os insights da pesquisa de mercado de n\u00edvel C em estrat\u00e9gias vi\u00e1veis. Isto requer n\u00e3o apenas compet\u00eancias de an\u00e1lise de dados, mas tamb\u00e9m pensamento estrat\u00e9gico e capacidades de tomada de decis\u00e3o.<\/span><\/p>\n\n\n<h2>Localiza\u00e7\u00e3o de nossas instala\u00e7\u00f5es em Nova York<\/h2>\n<p><!-- \/wp:post-content --> <!-- wp:html --> <iframe loading=\"lazy\" src=\"https:\/\/www.google.com\/maps\/embed?pb=!1m18!1m12!1m3!1d3022.976188376966!2d-73.99130312499956!3d40.740549471389315!2m3!1f0!2f0!3f0!3m2!1i1024!2i768!4f13.1!3m3!1m2!1s0x89c259a15798c731%3A0xd695d09bdd495f25!2s11%20E%2022nd%20St%20FL%202%2C%20New%20York%2C%20NY%2010010%2C%20USA!5e0!3m2!1sen!2spe!4v1726171763526!5m2!1sen!2spe\" width=\"600\" height=\"450\" allowfullscreen=\"allowfullscreen\" data-mce-fragment=\"1\"><\/iframe> <!-- \/wp:html --> <!-- wp:paragraph --><\/p>\n<h3 class=\"wp-block-heading\">11 E 22nd Street, andar 2, Nova York, NY 10010 T: +1(212) 505-6805<\/h3>\n<hr \/>\n<h2><span style=\"font-weight: 400;\">Sobre SIS Internacional<\/span><\/h2>\n<p><a href=\"https:\/\/www.sisinternational.com\/pt\/\"><span style=\"font-weight: 400;\">SIS Internacional<\/span><\/a><span style=\"font-weight: 400;\"> oferece pesquisa quantitativa, qualitativa e estrat\u00e9gica. Fornecemos dados, ferramentas, estrat\u00e9gias, relat\u00f3rios e insights para a tomada de decis\u00f5es. Tamb\u00e9m realizamos entrevistas, pesquisas, grupos focais e outros m\u00e9todos e abordagens de Pesquisa de Mercado.<\/span><a href=\"https:\/\/www.sisinternational.com\/pt\/sobre-a-sis-international-research\/contact-sis-international-market-research\/\"><span style=\"font-weight: 400;\"> Entre em contato conosco<\/span><\/a><span style=\"font-weight: 400;\"> para o seu pr\u00f3ximo projeto de pesquisa de mercado.<\/span><\/p>\n<\/p>\n\n<!-- wp:paragraph -->\n<p><\/p>\n<!-- \/wp:paragraph -->","protected":false},"excerpt":{"rendered":"<p>Realizamos entrevistas de pesquisa com executivos C-Level, como CEOs, CFOs, CMOs, CTOs e CIOs. Saiba mais.<\/p>","protected":false},"author":1,"featured_media":64026,"parent":14457,"menu_order":12,"comment_status":"closed","ping_status":"closed","template":"","meta":{"footnotes":""},"class_list":["post-22030","page","type-page","status-publish","has-post-thumbnail"],"_links":{"self":[{"href":"https:\/\/www.sisinternational.com\/pt\/wp-json\/wp\/v2\/pages\/22030","targetHints":{"allow":["GET"]}}],"collection":[{"href":"https:\/\/www.sisinternational.com\/pt\/wp-json\/wp\/v2\/pages"}],"about":[{"href":"https:\/\/www.sisinternational.com\/pt\/wp-json\/wp\/v2\/types\/page"}],"author":[{"embeddable":true,"href":"https:\/\/www.sisinternational.com\/pt\/wp-json\/wp\/v2\/users\/1"}],"replies":[{"embeddable":true,"href":"https:\/\/www.sisinternational.com\/pt\/wp-json\/wp\/v2\/comments?post=22030"}],"version-history":[{"count":10,"href":"https:\/\/www.sisinternational.com\/pt\/wp-json\/wp\/v2\/pages\/22030\/revisions"}],"predecessor-version":[{"id":79943,"href":"https:\/\/www.sisinternational.com\/pt\/wp-json\/wp\/v2\/pages\/22030\/revisions\/79943"}],"up":[{"embeddable":true,"href":"https:\/\/www.sisinternational.com\/pt\/wp-json\/wp\/v2\/pages\/14457"}],"wp:featuredmedia":[{"embeddable":true,"href":"https:\/\/www.sisinternational.com\/pt\/wp-json\/wp\/v2\/media\/64026"}],"wp:attachment":[{"href":"https:\/\/www.sisinternational.com\/pt\/wp-json\/wp\/v2\/media?parent=22030"}],"curies":[{"name":"wp","href":"https:\/\/api.w.org\/{rel}","templated":true}]}}