{"id":22018,"date":"2017-02-01T03:41:01","date_gmt":"2017-02-01T03:41:01","guid":{"rendered":"https:\/\/www.sisinternational.com\/?page_id=22018"},"modified":"2026-01-26T14:41:37","modified_gmt":"2026-01-26T19:41:37","slug":"pesquisa-de-mercado-da-industria-de-bebidas-alimenticias","status":"publish","type":"page","link":"https:\/\/www.sisinternational.com\/pt\/solucoes\/pesquisa-de-mercado-da-industria-de-bebidas-alimenticias\/","title":{"rendered":"Pesquisa de mercado do setor de alimentos e bebidas"},"content":{"rendered":"<h1 class=\"wp-block-heading p1\">Pesquisa de mercado do setor de alimentos e bebidas<\/h1>\n\n\n\n<figure class=\"gb-block-image gb-block-image-cfd538fb\"><img loading=\"lazy\" decoding=\"async\" width=\"1456\" height=\"816\" class=\"gb-image gb-image-cfd538fb\" src=\"https:\/\/www.sisinternational.com\/wp-content\/uploads\/2025\/08\/Beverages-1.jpg\" srcset=\"https:\/\/www.sisinternational.com\/wp-content\/uploads\/2025\/08\/Beverages-1.jpg 1456w, https:\/\/www.sisinternational.com\/wp-content\/uploads\/2025\/08\/Beverages-1-300x168.jpg 300w, https:\/\/www.sisinternational.com\/wp-content\/uploads\/2025\/08\/Beverages-1-1024x574.jpg 1024w, https:\/\/www.sisinternational.com\/wp-content\/uploads\/2025\/08\/Beverages-1-768x430.jpg 768w, https:\/\/www.sisinternational.com\/wp-content\/uploads\/2025\/08\/Beverages-1-18x10.jpg 18w\" sizes=\"auto, (max-width: 1456px) 100vw, 1456px\" alt=\"Pesquisa e Estrat\u00e9gia de Mercado Internacional da SIS\"><\/figure>\n\n\n\n<p><\/p>\n\n\n\n<h2 class=\"wp-block-heading\">&nbsp;<\/h2>\n\n\n\n<p><span style=\"font-weight: 400;\">Have you ever wondered how the food industry determines which products to launch, which flavors to emphasize, or how to price their offerings? The secret lies in food market research because by delving into the preferences, behaviors, and habits of consumers, this research guides the strategies of food businesses (both big and small).<\/span><\/p>\n\n\n\n<h2 class=\"wp-block-heading\">O mercado alimentar e de restaura\u00e7\u00e3o \u00e9 uma ind\u00fastria vasta e exigente que est\u00e1 em r\u00e1pida expans\u00e3o.<\/h2>\n\n\n\n<p>Quer se trate da mudan\u00e7a na din\u00e2mica dos restaurantes ou da mais recente geolocaliza\u00e7\u00e3o de cadeias de restaurantes, a pesquisa de mercado da ind\u00fastria de alimentos e bebidas requer as informa\u00e7\u00f5es mais avan\u00e7adas e atualizadas para criar uma estrat\u00e9gia de sucesso. Para prosperar neste setor altamente competitivo, nossos clientes precisam do melhor em intelig\u00eancia de neg\u00f3cios.<\/p>\n\n\n\n<h2 class=\"wp-block-heading\">Pesquisa de mercado do setor de alimentos e bebidas<\/h2>\n\n\n\n<p><span style=\"font-weight: 400;\">A ind\u00fastria de alimentos e bebidas est\u00e1 em evolu\u00e7\u00e3o. V\u00e1rios factores est\u00e3o a criar mudan\u00e7as na ind\u00fastria, incluindo a urbaniza\u00e7\u00e3o, o aumento do crescimento populacional e as mudan\u00e7as nas tend\u00eancias de consumo. A tend\u00eancia para alimentos e bebidas feitos a partir de elementos naturais est\u00e1 a aumentar em todo o mundo. Tamb\u00e9m cresce a tend\u00eancia para a entrega de alimentos online, que ser\u00e1 o foco deste relat\u00f3rio.<\/span><\/p>\n\n\n\n<p><span style=\"font-weight: 400;\">The recent innovation of Food Delivery marketplaces has been accelerated by the rise of mobile payments, GPS tracking, and Big Data. \u00a0These platforms use technology to match supply and demand, similarly to the ridesharing industry. For app companies, reaching \u201ccritical mass\u201d is an important priority, and managing supply and demand is especially important in time-sensitive food delivery solutions.<\/span><\/p>\n\n\n\n<h2 class=\"wp-block-heading\">Pesquisa de mercado de entrega da ind\u00fastria de alimentos e bebidas<\/h2>\n\n\n\n<p><span style=\"font-weight: 400;\">Consumers can now order from a broad selection of eateries with a single tap of their mobile phones. &nbsp;Online food delivery platforms continue to increase accessibility and choice. New online platforms are racing to capture consumers and new markets. Platforms are springing up across Asia, the Americas, the Middle East, and Europe. The industry of transporting restaurant meals to the home is experiencing rapid change.<\/span><\/p>\n\n\n\n<p><span style=\"font-weight: 400;\">A conveni\u00eancia \u00e9 um fator importante que impulsiona o mercado global de aplicativos de entrega de alimentos online. As Am\u00e9ricas s\u00e3o o mais extenso mercado de servi\u00e7os de entrega de alimentos on-demand. Essa demanda se deve \u00e0 alta penetra\u00e7\u00e3o dos smartphones. O mercado para estes servi\u00e7os tamb\u00e9m est\u00e1 crescendo na Am\u00e9rica do Sul. Nessa regi\u00e3o, diversas startups est\u00e3o construindo solu\u00e7\u00f5es sob demanda de sucesso para entrega de alimentos. Essas startups est\u00e3o aproveitando a popula\u00e7\u00e3o jovem e bem conectada da Am\u00e9rica do Sul.<\/span><\/p>\n\n\n\n<p><span style=\"font-weight: 400;\">The food delivery app is an appealing solution than calling a restaurant.&nbsp; Food delivery apps avoid customer pain points of being put on hold for extended periods when calling in during the traditional food delivery ordering process. Consumers also benefit from convenience as opposed to the traditional tedious process of calling out their credit card information.&nbsp; Apps open up consumers to trying new foods and restaurants. The downside is that they reduce human-to-human contact.<\/span><\/p>\n\n\n\n<h2 class=\"wp-block-heading\">Por que isso \u00e9 importante? Quais s\u00e3o os benef\u00edcios da pesquisa de mercado da ind\u00fastria de alimentos e bebidas?<\/h2>\n\n\n\n<p><span style=\"font-weight: 400;\">A pesquisa do mercado alimentar fornece uma janela para a mente do consumidor, revelando quais os sabores que o atraem, que restri\u00e7\u00f5es ou prefer\u00eancias alimentares podem ter e com que pre\u00e7os se sentem confort\u00e1veis. Esses insights garantem que as empresas possam criar produtos que tenham uma profunda repercuss\u00e3o em seu p\u00fablico-alvo.<\/span><\/p>\n\n\n\n<p><span style=\"font-weight: 400;\">Moreover, with new food trends emerging rapidly (like plant-based diets, keto-friendly snacks, or international cuisine fusions), food market research helps businesses anticipate these trends. It allows them to innovate and adapt before the market becomes saturated. In-depth research also ensures that businesses understand the regulatory landscape, ingredient sourcing protocols, and quality benchmarks they must adhere to, ensuring the safety and satisfaction of their consumers.<\/span><\/p>\n\n\n\n<p><span style=\"font-weight: 400;\">No entanto, esta investiga\u00e7\u00e3o n\u00e3o visa apenas compreender o que os consumidores querem comer; trata-se de otimizar todo o processo de neg\u00f3cios, desde o desenvolvimento de produtos at\u00e9 estrat\u00e9gias de marketing. Portanto, tem v\u00e1rios benef\u00edcios, como:<\/span><\/p>\n\n\n\n<p><b>\u2022 Desenvolvimento de Produto Informado:<\/b><span style=\"font-weight: 400;\"> By understanding the tastes, preferences, and needs of consumers, businesses can craft products that have a higher likelihood of success. <\/span><\/p>\n\n\n\n<p><b>\u2022 Marketing Estrat\u00e9gico: <\/b><span style=\"font-weight: 400;\">Knowledge about the target audience&#8217;s preferences and behavior aids in creating tailored marketing campaigns. For instance, if market <a href=\"https:\/\/www.sisinternational.com\/pt\/solucoes\/pesquisa-de-mercado-de-produtos-de-beleza\/pesquisa-de-mercado-de-beleza-milenar\/\" title=\"Pesquisa de mercado de beleza milenar\"  data-wpil-monitor-id=\"6172\">pesquisar<\/a> indicates a rising trend in vegan diets among millennials, businesses can align their marketing messages to resonate with this demographic.<\/span><\/p>\n\n\n\n<p><b>\u2022 Informa\u00e7\u00f5es sobre estrat\u00e9gia de pre\u00e7os: <\/b><span style=\"font-weight: 400;\">Quanto os consumidores est\u00e3o dispostos a pagar por um biscoito sem gl\u00faten em compara\u00e7\u00e3o com um biscoito normal? A investiga\u00e7\u00e3o pode responder a estas quest\u00f5es cr\u00edticas, garantindo que as estrat\u00e9gias de pre\u00e7os utilizadas atingem um equil\u00edbrio entre rentabilidade e aceita\u00e7\u00e3o do consumidor.<\/span><\/p>\n\n\n\n<p><b>\u2022 Otimiza\u00e7\u00e3o da Cadeia de Suprimentos:<\/b><span style=\"font-weight: 400;\"> Compreender a procura do mercado atrav\u00e9s de pesquisas de mercado alimentar pode agilizar o processo da cadeia de abastecimento. Se houver um aumento na procura de frutas org\u00e2nicas, os retalhistas podem garantir um stock adequado, minimizando o desperd\u00edcio e maximizando as vendas.<\/span><\/p>\n\n\n\n<p><b>\u2022 Mitiga\u00e7\u00e3o de riscos:<\/b><span style=\"font-weight: 400;\"> Numa ind\u00fastria onde as recolhas e a publicidade negativa podem ser prejudiciais, a investiga\u00e7\u00e3o do mercado alimentar fornece informa\u00e7\u00f5es sobre \u00e1reas de potencial preocupa\u00e7\u00e3o. Pode ser sobre fornecimento de ingredientes, materiais de embalagem ou processos de produ\u00e7\u00e3o.<\/span><\/p>\n\n\n\n<h2 class=\"wp-block-heading\">Principais participantes do mercado de alimentos e bebidas<\/h2>\n\n\n\n<p><span style=\"font-weight: 400;\">Certain companies and entities have managed to carve out significant <a href=\"https:\/\/www.sisinternational.com\/pt\/pericia\/industrias\/pesquisa-de-mercado-de-automacao-industrial\/\" title=\"Pesquisa de mercado de automa\u00e7\u00e3o industrial\"  data-wpil-monitor-id=\"4816\">market share in this industry<\/a>, influencing consumer preferences, setting industry standards, and driving innovation.&nbsp;<\/span><\/p>\n\n\n\n<p><b>\u2022 Corpora\u00e7\u00f5es Multinacionais de Alimentos e Bebidas:<\/b><span style=\"font-weight: 400;\"> Empresas como Nestl\u00e9, PepsiCo e The Coca-Cola Company lideram o setor. Os seus vastos recursos permitem-lhes realizar pesquisas exaustivas do mercado alimentar, ajudando-os a manter-se \u00e0 frente atrav\u00e9s da compreens\u00e3o das tend\u00eancias globais de consumo e do lan\u00e7amento de produtos adaptados \u00e0s prefer\u00eancias regionais.<\/span><\/p>\n\n\n\n<p><b>\u2022 Cadeias de fast food: <\/b><span style=\"font-weight: 400;\">Cadeias globais como McDonald&#039;s, Starbucks e KFC influenciam significativamente o mercado alimentar. O seu vasto alcance permite-lhes introduzir novos itens que atendem aos gostos locais em diferentes pa\u00edses, muitas vezes estabelecendo tend\u00eancias alimentares.<\/span><\/p>\n\n\n\n<p><b>\u2022 Gigantes de Supermercados e Varejo: <\/b><span style=\"font-weight: 400;\">Walmart, Carrefour e Tesco desempenham um papel fundamental na forma\u00e7\u00e3o do comportamento de compra do consumidor. A coloca\u00e7\u00e3o de produtos, promo\u00e7\u00f5es e decis\u00f5es de estoque refletem diretamente seus extensos insights de pesquisa de mercado de alimentos sobre os h\u00e1bitos de compra dos consumidores.<\/span><\/p>\n\n\n\n<p><b>\u2022 Marcas Especializadas em Alimentos Saud\u00e1veis: <\/b><span style=\"font-weight: 400;\">Com o foco crescente na sa\u00fade e no bem-estar, marcas como Beyond Meat e Chobani est\u00e3o ganhando for\u00e7a. A sua ascens\u00e3o \u00e0 proemin\u00eancia sublinha a import\u00e2ncia da investiga\u00e7\u00e3o do mercado alimentar na compreens\u00e3o e explora\u00e7\u00e3o de nichos de mercado impulsionados por consumidores preocupados com a sa\u00fade.<\/span><\/p>\n\n\n\n<p><b>\u2022 Produtores Locais e Artesanais: <\/b><span style=\"font-weight: 400;\">Embora possam n\u00e3o ter a vasta quota de mercado dos gigantes multinacionais, os produtores locais, muitas vezes centrados em produtos artesanais e org\u00e2nicos, ocupam um lugar especial no mercado alimentar. A sua compreens\u00e3o das prefer\u00eancias, tradi\u00e7\u00f5es e ingredientes locais, muitas vezes recolhidas atrav\u00e9s de pesquisas de mercado alimentar de base, permite-lhes criar produtos com propostas de venda aut\u00eanticas e \u00fanicas.<\/span><\/p>\n\n\n\n<p><b>\u2022 Associa\u00e7\u00f5es e Organiza\u00e7\u00f5es Comerciais: <\/b><span style=\"font-weight: 400;\">Entidades como a Organiza\u00e7\u00e3o Mundial da Sa\u00fade e a Organiza\u00e7\u00e3o para a Alimenta\u00e7\u00e3o e Agricultura, embora n\u00e3o sejam entidades comerciais, contribuem para a investiga\u00e7\u00e3o do mercado alimentar, publicando relat\u00f3rios e estudos sobre o consumo global de alimentos, nutri\u00e7\u00e3o e padr\u00f5es de seguran\u00e7a alimentar. As suas percep\u00e7\u00f5es muitas vezes moldam as pol\u00edticas e influenciam as tend\u00eancias do mercado.<\/span><\/p>\n\n\n\n<h2 class=\"wp-block-heading\">Pesquisa de mercado da ind\u00fastria de alimentos e bebidas revela oportunidades<\/h2>\n\n\n\n<figure class=\"gb-block-image gb-block-image-176eb9a0\"><img loading=\"lazy\" decoding=\"async\" width=\"1456\" height=\"816\" class=\"gb-image gb-image-176eb9a0\" src=\"https:\/\/www.sisinternational.com\/wp-content\/uploads\/2025\/08\/Food-taste-testing-3.jpg\" srcset=\"https:\/\/www.sisinternational.com\/wp-content\/uploads\/2025\/08\/Food-taste-testing-3.jpg 1456w, https:\/\/www.sisinternational.com\/wp-content\/uploads\/2025\/08\/Food-taste-testing-3-300x168.jpg 300w, https:\/\/www.sisinternational.com\/wp-content\/uploads\/2025\/08\/Food-taste-testing-3-1024x574.jpg 1024w, https:\/\/www.sisinternational.com\/wp-content\/uploads\/2025\/08\/Food-taste-testing-3-768x430.jpg 768w, https:\/\/www.sisinternational.com\/wp-content\/uploads\/2025\/08\/Food-taste-testing-3-18x10.jpg 18w\" sizes=\"auto, (max-width: 1456px) 100vw, 1456px\" alt=\"Pesquisa e Estrat\u00e9gia de Mercado Internacional da SIS\"><\/figure>\n\n\n\n<p><span style=\"font-weight: 400;\"><\/span><\/p>\n\n\n\n<p><span style=\"font-weight: 400;\">Market Research can identify opportunities to recruit delivery personnel, boost customers, and manage demand and supply.\u00a0 Additionally, app companies find that Usability Research can be beneficial in achieving customer satisfaction and increasing sales conversions.\u00a0\u00a0<\/span><\/p>\n\n\n\n<p><span style=\"font-weight: 400;\">A parceria com uma empresa de entrega de alimentos tem v\u00e1rias vantagens. Permite aos donos de restaurantes expandir o seu mercado, dando-lhes acesso a toda a cidade \u2013 um mercado que \u00e9 muito mais significativo do que os poucos quarteir\u00f5es que rodeiam o seu estabelecimento. Tamb\u00e9m lhes permite conquistar novos clientes. Uma vez que um aplicativo de entrega de comida dominante apresenta o restaurante, ele aumenta sua visibilidade.<\/span><\/p>\n\n\n\n<p><span style=\"font-weight: 400;\">Os restauradores est\u00e3o recorrendo \u00e0 entrega de comida para impulsionar o decl\u00ednio do tr\u00e1fego. Os aplicativos de entrega de comida s\u00e3o uma arma secreta na luta para induzir mais clientes a comer fora. As vendas de entrega de comida cresceram nos \u00faltimos anos, enquanto o tr\u00e1fego nos restaurantes estabilizou.<\/span><\/p>\n\n\n\n<p>Outras grandes oportunidades para as empresas s\u00e3o as seguintes:<\/p>\n\n\n\n<p><b>\u2022 Identificando Tend\u00eancias Emergentes: <\/b><span style=\"font-weight: 400;\">O mundo da alimenta\u00e7\u00e3o est\u00e1 em constante evolu\u00e7\u00e3o. Desde a ascens\u00e3o das dietas \u00e0 base de plantas at\u00e9 \u00e0 crescente procura de embalagens sustent\u00e1veis, a investiga\u00e7\u00e3o do mercado alimentar fornece informa\u00e7\u00f5es oportunas sobre o comportamento do consumidor, permitindo \u00e0s empresas aderir \u00e0s tend\u00eancias emergentes antes que estas se tornem dominantes.<\/span><\/p>\n\n\n\n<p><b>\u2022 Expans\u00e3o para novas geografias: <\/b><span style=\"font-weight: 400;\">Every region has unique palates and culinary traditions. Food market research helps businesses understand local preferences, allowing them to tailor products to regional tastes, maximizing market penetration and profitability.<\/span><\/p>\n\n\n\n<p><b>\u2022 Inova\u00e7\u00e3o no Desenvolvimento de Produtos: <\/b><span style=\"font-weight: 400;\">By understanding what consumers seek (be it health benefits, convenience, or a unique flavor), businesses can develop innovative products that meet those needs, ensuring higher sales and customer loyalty.<\/span><\/p>\n\n\n\n<p><b>\u2022 Melhorar o posicionamento da marca: <\/b><span style=\"font-weight: 400;\">A pesquisa do mercado alimentar pode revelar lacunas no mercado, permitindo que as marcas se posicionem de forma distinta e criem narrativas convincentes com base em conhecimentos de investiga\u00e7\u00e3o.<\/span><\/p>\n\n\n\n<p><b>\u2022 Campanhas de marketing eficazes: <\/b><span style=\"font-weight: 400;\">Businesses can craft marketing campaigns that resonate with their target audience, ensuring higher engagement and return on investment.<\/span><\/p>\n\n\n\n<p><b>\u2022 Oportunidades de Diversifica\u00e7\u00e3o: <\/b><span style=\"font-weight: 400;\">Ao explorar territ\u00f3rios desconhecidos no mercado alimentar, as empresas podem diversificar as suas ofertas de produtos, garantindo m\u00faltiplos fluxos de receitas e reduzindo a depend\u00eancia de um \u00fanico produto ou categoria.<\/span><\/p>\n\n\n\n<h2 class=\"wp-block-heading\">Sobre a pesquisa de mercado da ind\u00fastria de alimentos e bebidas da SIS<\/h2>\n\n\n\n<p>SIS International Research is a leading provider of <a class=\"wpil_keyword_link\" href=\"https:\/\/www.sisinternational.com\/pt\/\"   title=\"In\u00edcio\" data-wpil-keyword-link=\"linked\"  data-wpil-monitor-id=\"775\">pesquisa de mercado global<\/a> and strategy. With over thirty years of experience, SIS conducts comprehensive primary and secondary research to deliver the most accurate and updated results. Active in over 120 countries, SIS owns and operates state-of-the-art focus groups and in-depth interview facilities to provide superior data and answers for our clients. We maintain an expansive database with quality recruits, all experts in their field of work.<\/p>\n\n\n\n<p>SIS has extensive experience in the food <a href=\"https:\/\/www.sisinternational.com\/pt\/pesquisa-de-mercado-da-industria-educacional\/\" title=\"Pesquisa de mercado da ind\u00fastria educacional\"  data-wpil-monitor-id=\"1823\">industry market research<\/a>, particularly in areas of interest including market segmentation, taste testing, customer loyalty, and market opportunity. Additional services range from trend analysis to mobile application development. For a full list of our experience in the food industry market research, we have provided <a href=\"https:\/\/www.sisinternational.com\/pt\/pericia\/curriculos-de-experiencia\/resume-of-experience-in-food-beverages-industry\/\">uma amostra de curr\u00edculos e clientes com quem j\u00e1 trabalhamos<\/a>.<\/p>\n\n\n\n<p><\/p>","protected":false},"excerpt":{"rendered":"<p>A SIS \u00e9 uma empresa l\u00edder em pesquisa de mercado global. Descubra novas oportunidades e percep\u00e7\u00f5es com a Pesquisa de Mercado do Setor de Alimentos e Bebidas.<\/p>","protected":false},"author":1,"featured_media":62621,"parent":14457,"menu_order":11,"comment_status":"closed","ping_status":"closed","template":"","meta":{"footnotes":""},"class_list":["post-22018","page","type-page","status-publish","has-post-thumbnail"],"_links":{"self":[{"href":"https:\/\/www.sisinternational.com\/pt\/wp-json\/wp\/v2\/pages\/22018","targetHints":{"allow":["GET"]}}],"collection":[{"href":"https:\/\/www.sisinternational.com\/pt\/wp-json\/wp\/v2\/pages"}],"about":[{"href":"https:\/\/www.sisinternational.com\/pt\/wp-json\/wp\/v2\/types\/page"}],"author":[{"embeddable":true,"href":"https:\/\/www.sisinternational.com\/pt\/wp-json\/wp\/v2\/users\/1"}],"replies":[{"embeddable":true,"href":"https:\/\/www.sisinternational.com\/pt\/wp-json\/wp\/v2\/comments?post=22018"}],"version-history":[{"count":12,"href":"https:\/\/www.sisinternational.com\/pt\/wp-json\/wp\/v2\/pages\/22018\/revisions"}],"predecessor-version":[{"id":79764,"href":"https:\/\/www.sisinternational.com\/pt\/wp-json\/wp\/v2\/pages\/22018\/revisions\/79764"}],"up":[{"embeddable":true,"href":"https:\/\/www.sisinternational.com\/pt\/wp-json\/wp\/v2\/pages\/14457"}],"wp:featuredmedia":[{"embeddable":true,"href":"https:\/\/www.sisinternational.com\/pt\/wp-json\/wp\/v2\/media\/62621"}],"wp:attachment":[{"href":"https:\/\/www.sisinternational.com\/pt\/wp-json\/wp\/v2\/media?parent=22018"}],"curies":[{"name":"wp","href":"https:\/\/api.w.org\/{rel}","templated":true}]}}