{"id":20066,"date":"2016-03-18T17:51:43","date_gmt":"2016-03-18T17:51:43","guid":{"rendered":"https:\/\/www.sisinternational.com\/?p=20066"},"modified":"2025-08-30T19:39:03","modified_gmt":"2025-08-30T23:39:03","slug":"inteligencia-de-humor-da-irma","status":"publish","type":"page","link":"https:\/\/www.sisinternational.com\/pt\/publicacoes\/inteligencia-de-humor-da-irma\/","title":{"rendered":"Pesquisa de mercado de humor"},"content":{"rendered":"<h1 class=\"wp-block-heading\">Pesquisa de mercado de humor<\/h1>\n\n\n\n<figure class=\"gb-block-image gb-block-image-04454c48\"><img loading=\"lazy\" decoding=\"async\" width=\"1024\" height=\"574\" class=\"gb-image gb-image-04454c48\" src=\"https:\/\/www.sisinternational.com\/wp-content\/uploads\/2025\/08\/AI-12-1024x574.jpg\" alt=\"Pesquisa e Estrat\u00e9gia de Mercado Internacional da SIS\" title=\"AI (12)\" srcset=\"https:\/\/www.sisinternational.com\/wp-content\/uploads\/2025\/08\/AI-12-1024x574.jpg 1024w, https:\/\/www.sisinternational.com\/wp-content\/uploads\/2025\/08\/AI-12-300x168.jpg 300w, https:\/\/www.sisinternational.com\/wp-content\/uploads\/2025\/08\/AI-12-768x430.jpg 768w, https:\/\/www.sisinternational.com\/wp-content\/uploads\/2025\/08\/AI-12-18x10.jpg 18w, https:\/\/www.sisinternational.com\/wp-content\/uploads\/2025\/08\/AI-12.jpg 1456w\" sizes=\"auto, (max-width: 1024px) 100vw, 1024px\"><\/figure>\n\n\n\n<hr class=\"wp-block-separator has-alpha-channel-opacity is-style-dots\"\/>\n\n\n\n<p class=\"p1\"><span class=\"s1\">SIS provides precise analytics of visual and emotional engagement, giving deeper insights into how consumers experience brands and products.&nbsp; This data and insights are immensely helpful in uncovering new insights.&nbsp; Sensory Market Research can test ambiguous circumstances and stimuli, and provide meaningful data to make sense of phenomena and create new strategic advantages.<\/span><\/p>\n\n\n\n<p>No <strong><a href=\"https:\/\/www.sisinternational.com\/pt\/entre-em-contato-com-a-sis-international-market-research\/\" title=\"Contate-nos\"  data-wpil-monitor-id=\"10529\">A SIS International Research<\/a><\/strong>, we leverage <strong>behavioral science, AI-driven sentiment analysis, and in-depth consumer studies<\/strong> to uncover how mood shapes purchasing behavior, brand loyalty, and engagement.<\/p>\n\n\n\n<h2 class=\"wp-block-heading\"><strong>Why Mood Market Research Matters<\/strong><\/h2>\n\n\n\n<p>Traditional <a href=\"https:\/\/www.sisinternational.com\/pt\/solucoes\/pesquisa-de-mercado-em-grupo-focal\/\" title=\"Pesquisa de mercado com grupo focal\"  data-wpil-monitor-id=\"10533\">market research focuses<\/a> on demographics, behaviors, and purchasing habits\u2014but what about how people feel? Mood Market Research goes beyond surface-level data to decode:<\/p>\n\n\n\n<p>\u2705 How emotions impact buying decisions&nbsp;<br>\u2705 The role of mood in advertising and branding effectiveness&nbsp;<br>\u2705 How different environments influence customer sentiment&nbsp;<br>\u2705 What drives consumer engagement and retention&nbsp;<\/p>\n\n\n\n<h2 class=\"wp-block-heading\">Pesquisa de rastreamento ocular<\/h2>\n\n\n\n<p>Eye Tracking Research provides data, heat maps, and <a href=\"https:\/\/www.sisinternational.com\/pt\/global-beverage-market\/\" title=\"Global Beverage Market: Market Dynamics, Growth Projections &amp; Consumer Insights\"  data-wpil-monitor-id=\"10542\">insights on what consumers<\/a> really see.&nbsp; It explains how and what is most important.<\/p>\n\n\n\n<h2 class=\"wp-block-heading\">Pesquisa de mercado sensorial<\/h2>\n\n\n\n<p>Sensorial <a href=\"https:\/\/www.sisinternational.com\/pt\/solucoes\/pesquisa-de-consumo-internacional\/\" title=\"Pesquisa Internacional do Consumidor\"  data-wpil-monitor-id=\"10544\">Research uncovers what do consumers<\/a> really feel.&nbsp; It examines biological and physical reactions to stimuli, products and brands.<\/p>\n\n\n\n<figure class=\"gb-block-image gb-block-image-886dce0b\"><img decoding=\"async\" class=\"gb-image gb-image-886dce0b\" src=\"https:\/\/www.sisinternational.com\/wp-content\/uploads\/2025\/07\/Qualitative-Market-Research-for-Businesses-4.jpg\" alt=\"Tools and Resources for Qualitative Market Research\" title=\"Qualitative Market Research for Businesses (4)\"\/><\/figure>\n\n\n\n<p><\/p>\n\n\n\n<h2 class=\"wp-block-heading\"><strong>The Role of Mood Research in Digital Experiences<\/strong><\/h2>\n\n\n\n<p>With the rise of e-commerce and digital interactions, mood research is becoming essential in shaping user experiences online. Companies are leveraging <strong>real-time emotional analytics<\/strong> to:<\/p>\n\n\n\n<ul class=\"wp-block-list\">\n<li><p>Enhance website and app design for better engagement&nbsp;<\/p><\/li>\n\n\n\n<li><p>Create personalized recommendations based on emotional triggers&nbsp;<\/p><\/li>\n\n\n\n<li><p>Optimize chatbots and AI assistants to respond with empathy&nbsp;<\/p><\/li>\n<\/ul>\n\n\n\n<h2 class=\"wp-block-heading\"><strong>Mood Research and Brand Positioning<\/strong><\/h2>\n\n\n\n<p>Mood Market Research plays a pivotal role in <strong>brand differentiation<\/strong>. Companies that understand the emotional needs of their audience can:<\/p>\n\n\n\n<ul class=\"wp-block-list\">\n<li><p><a href=\"https:\/\/www.sisinternational.com\/pt\/construindo-conexoes-emocionais-em-cosmeticos-e-nossos-resultados-de-pesquisa\/\" title=\"Construindo conex\u00f5es emocionais em cosm\u00e9ticos\"  data-wpil-monitor-id=\"10538\">Build <strong>stronger emotional connections<\/strong><\/a> with consumers&nbsp;<\/p><\/li>\n\n\n\n<li><p>Position themselves as more <strong>authentic and relatable<\/strong>&nbsp;<\/p><\/li>\n\n\n\n<li><p>Develop <strong>advertising campaigns that evoke trust, nostalgia, or excitement<\/strong>&nbsp;<\/p><\/li>\n<\/ul>\n\n\n\n<h2 class=\"wp-block-heading\"><strong>The Intersection of Mood Research and AI-Driven Commerce<\/strong><\/h2>\n\n\n\n<p>AI and machine learning are transforming how businesses utilize mood data. The integration of <strong>mood research with AI-driven commerce<\/strong> allows brands to:<\/p>\n\n\n\n<ul class=\"wp-block-list\">\n<li><p>Predict buying behavior based on <strong>emotional state patterns<\/strong>&nbsp;<\/p><\/li>\n\n\n\n<li><p>Develop <strong>adaptive pricing strategies<\/strong> based on real-time sentiment&nbsp;<\/p><\/li>\n\n\n\n<li><p>Deliver <strong>mood-responsive <a href=\"https:\/\/www.sisinternational.com\/pt\/financial-services-consulting\/financial-services-customer-satisfaction\/\" title=\"Financial Services Customer Satisfaction\"  data-wpil-monitor-id=\"10535\">customer service<\/a><\/strong> that enhances satisfaction&nbsp;<\/p><\/li>\n<\/ul>\n\n\n\n<h2 class=\"wp-block-heading\">Sobre Pesquisa e Intelig\u00eancia do Humor<\/h2>\n\n\n\n<p class=\"p1\"><span class=\"s1\">Mood Intelligence mapeia a resposta emocional f\u00edsica (sa\u00edda sensorial) com os principais atributos da marca e do produto para criar insights multidimensionais sobre como se conectar emocionalmente com os consumidores.<\/span><\/p>\n\n\n\n<h2 class=\"wp-block-heading p1\">Benef\u00edcios da pesquisa de mercado sensorial<\/h2>\n\n\n\n<ul class=\"wp-block-list\">\n<li>Descobrindo dados e insights profundos, muitas vezes <em>abaixo da superf\u00edcie<\/em> e <em>al\u00e9m do que \u00e9 dito<\/em>, para descobrir novas vantagens<\/li>\n\n\n\n<li>Fornecendo mais descobertas cient\u00edficas do que testes de recorda\u00e7\u00e3o verbal e de consci\u00eancia<\/li>\n\n\n\n<li>Permitir que os pesquisadores isolem e identifiquem vari\u00e1veis importantes<\/li>\n\n\n\n<li>Descobrindo descobertas esclarecedoras que abrem caminho para inova\u00e7\u00f5es mais importantes<\/li>\n<\/ul>\n\n\n\n<h2 class=\"wp-block-heading\"><strong>How Mood Influences Consumer Behavior<\/strong><\/h2>\n\n\n\n<p>Mood is <strong>one of the strongest motivators behind consumer decisions<\/strong>. Here\u2019s how businesses can harness Mood Market Research to optimize their strategies:<\/p>\n\n\n\n<h3 class=\"wp-block-heading\"><strong>1. Personalized Marketing &amp; Advertising<\/strong><\/h3>\n\n\n\n<p><strong>Consumers engage more with ads that match their emotional state.<\/strong> AI-driven mood insights help brands craft ads that resonate at the right time.<\/p>\n\n\n\n<h3 class=\"wp-block-heading\"><strong>2. Optimized In-Store &amp; Online Shopping Experiences<\/strong><\/h3>\n\n\n\n<p>Retailers use <strong>mood-based insights<\/strong> to create store layouts, lighting, music, and scents that evoke positive emotions and increase sales.<\/p>\n\n\n\n<h3 class=\"wp-block-heading\"><strong>3. Improved Product Development<\/strong><\/h3>\n\n\n\n<p><strong>Understanding consumer mood helps brands develop products that connect emotionally<\/strong>\u2014from packaging design to product functionality.<\/p>\n\n\n\n<h3 class=\"wp-block-heading\"><strong>4. Enhanced Customer Experience &amp; Loyalty<\/strong><\/h3>\n\n\n\n<p><strong>Positive moods drive <\/strong><a href=\"https:\/\/www.sisinternational.com\/pt\/pesquisa-de-marca-sis-e-fidelizacao-de-clientes\/\" title=\"Pesquisa de mercado de marca e fideliza\u00e7\u00e3o de clientes\"  data-wpil-monitor-id=\"10540\">brand loyalty. Companies use mood research<\/a> to tailor customer service experiences, ensuring <strong>happier, more engaged customers.<\/strong><\/p>\n\n\n\n<h2 class=\"wp-block-heading\"><strong>The Future of Mood Market Research<\/strong><\/h2>\n\n\n\n<figure class=\"gb-block-image gb-block-image-b4fcc4ed\"><img loading=\"lazy\" decoding=\"async\" width=\"1456\" height=\"816\" class=\"gb-image gb-image-b4fcc4ed\" src=\"https:\/\/www.sisinternational.com\/wp-content\/uploads\/2025\/08\/AI-4.jpg\" alt=\"Pesquisa e Estrat\u00e9gia de Mercado Internacional da SIS\" title=\"AI (4)\" srcset=\"https:\/\/www.sisinternational.com\/wp-content\/uploads\/2025\/08\/AI-4.jpg 1456w, https:\/\/www.sisinternational.com\/wp-content\/uploads\/2025\/08\/AI-4-300x168.jpg 300w, https:\/\/www.sisinternational.com\/wp-content\/uploads\/2025\/08\/AI-4-1024x574.jpg 1024w, https:\/\/www.sisinternational.com\/wp-content\/uploads\/2025\/08\/AI-4-768x430.jpg 768w, https:\/\/www.sisinternational.com\/wp-content\/uploads\/2025\/08\/AI-4-18x10.jpg 18w\" sizes=\"auto, (max-width: 1456px) 100vw, 1456px\"><\/figure>\n\n\n\n<p><\/p>\n\n\n\n<p>As technology advances, mood market research will integrate AI, wearable technology, and real-time sentiment tracking to provide even deeper insights into consumer emotions. The brands that tap into these emotional drivers will dominate their industries.<\/p>\n\n\n\n<h2 class=\"wp-block-heading\"><strong>Final Thoughts from Ruth Stanat, CEO of SIS International Research<\/strong><\/h2>\n\n\n\n<p><strong>\u201cEmotions drive decisions. If you\u2019re not researching how your customers feel, you\u2019re missing the most important factor influencing their behavior.\u201d<\/strong><\/p>\n\n\n\n<p>No <a href=\"https:\/\/www.linkedin.com\/company\/sisinternationalresearch\/posts\/?feedView=all\" target=\"_blank\" rel=\"noopener\"><strong>A SIS International Research<\/strong><\/a>, we specialize in mood market research to help businesses create emotionally intelligent marketing strategies, enhance brand engagement, and boost customer retention.<\/p>\n\n\n\n<h2 class=\"wp-block-heading\">Localiza\u00e7\u00e3o de nossas instala\u00e7\u00f5es em Nova York<\/h2>\n\n\n\n<p>\n\n\n\n<iframe loading=\"lazy\" src=\"https:\/\/www.google.com\/maps\/embed?pb=!1m18!1m12!1m3!1d3022.976188376966!2d-73.99130312499956!3d40.740549471389315!2m3!1f0!2f0!3f0!3m2!1i1024!2i768!4f13.1!3m3!1m2!1s0x89c259a15798c731%3A0xd695d09bdd495f25!2s11%20E%2022nd%20St%20FL%202%2C%20New%20York%2C%20NY%2010010%2C%20USA!5e0!3m2!1sen!2spe!4v1726171763526!5m2!1sen!2spe\" width=\"600\" height=\"450\" allowfullscreen=\"allowfullscreen\" data-mce-fragment=\"1\"><\/iframe>\n\n\n\n<\/p>\n\n\n\n<h3 class=\"wp-block-heading\">11 E 22nd Street, 2\u00ba andar, Nova York, NY 10010 T: +1(212) 505-6805<\/h3>\n\n\n\n<hr class=\"wp-block-separator has-alpha-channel-opacity\"\/>\n\n\n\n<h2 class=\"wp-block-heading\"><span style=\"font-weight: 400;\">Sobre SIS Internacional<\/span><\/h2>\n\n\n\n<p><a href=\"https:\/\/www.sisinternational.com\/pt\/\"><span style=\"font-weight: 400;\">SIS Internacional<\/span><\/a><span style=\"font-weight: 400;\"> offers Quantitative, Qualitative, and Strategy Research. We provide data, tools, strategies, reports, and insights for decision-making. We also conduct interviews, surveys, focus groups, and other <a href=\"https:\/\/www.sisinternational.com\/pt\/quantitative-market-research-methods-and-techniques\/\" title=\"Quantitative Market Research Methods and Techniques\" data-wpil-monitor-id=\"10532\">Market Research methods<\/a> and approaches.<\/span><a href=\"https:\/\/www.sisinternational.com\/pt\/sobre-a-sis-international-research\/contact-sis-international-market-research\/\"><span style=\"font-weight: 400;\"> Entre em contato conosco<\/span><\/a><span style=\"font-weight: 400;\"> para o seu pr\u00f3ximo projeto de pesquisa de mercado.<\/span><\/p>\n\n\n\n<p><\/p>\n\n\n\n<h2 class=\"wp-block-heading\">&nbsp;<span style=\"font-weight: 400;\">&nbsp;<\/span><\/h2>\n\n\n\n<h2 class=\"wp-block-heading\">&nbsp;<\/h2>","protected":false},"excerpt":{"rendered":"<p>A Pesquisa Sensorial de Mercado fornece dados para dar sentido aos fen\u00f4menos e criar novas vantagens estrat\u00e9gicas.<\/p>","protected":false},"author":1,"featured_media":62604,"parent":20148,"menu_order":1,"comment_status":"closed","ping_status":"open","template":"","meta":{"footnotes":""},"class_list":["post-20066","page","type-page","status-publish","has-post-thumbnail"],"_links":{"self":[{"href":"https:\/\/www.sisinternational.com\/pt\/wp-json\/wp\/v2\/pages\/20066","targetHints":{"allow":["GET"]}}],"collection":[{"href":"https:\/\/www.sisinternational.com\/pt\/wp-json\/wp\/v2\/pages"}],"about":[{"href":"https:\/\/www.sisinternational.com\/pt\/wp-json\/wp\/v2\/types\/page"}],"author":[{"embeddable":true,"href":"https:\/\/www.sisinternational.com\/pt\/wp-json\/wp\/v2\/users\/1"}],"replies":[{"embeddable":true,"href":"https:\/\/www.sisinternational.com\/pt\/wp-json\/wp\/v2\/comments?post=20066"}],"version-history":[{"count":6,"href":"https:\/\/www.sisinternational.com\/pt\/wp-json\/wp\/v2\/pages\/20066\/revisions"}],"predecessor-version":[{"id":81730,"href":"https:\/\/www.sisinternational.com\/pt\/wp-json\/wp\/v2\/pages\/20066\/revisions\/81730"}],"up":[{"embeddable":true,"href":"https:\/\/www.sisinternational.com\/pt\/wp-json\/wp\/v2\/pages\/20148"}],"wp:featuredmedia":[{"embeddable":true,"href":"https:\/\/www.sisinternational.com\/pt\/wp-json\/wp\/v2\/media\/62604"}],"wp:attachment":[{"href":"https:\/\/www.sisinternational.com\/pt\/wp-json\/wp\/v2\/media?parent=20066"}],"curies":[{"name":"wp","href":"https:\/\/api.w.org\/{rel}","templated":true}]}}