{"id":20021,"date":"2016-03-08T01:16:26","date_gmt":"2016-03-08T01:16:26","guid":{"rendered":"https:\/\/www.sisinternational.com\/?p=20021"},"modified":"2026-01-25T18:41:39","modified_gmt":"2026-01-25T23:41:39","slug":"pesquisa-de-mercado-de-inteligencia-de-canal","status":"publish","type":"page","link":"https:\/\/www.sisinternational.com\/pt\/publicacoes\/pesquisa-de-mercado-de-inteligencia-de-canal\/","title":{"rendered":"Pesquisa de mercado de intelig\u00eancia de canal"},"content":{"rendered":"<h1 class=\"wp-block-heading\">Pesquisa de mercado de intelig\u00eancia de canal<\/h1>\n\n\n\n<figure class=\"gb-block-image gb-block-image-5b175b3b\"><img loading=\"lazy\" decoding=\"async\" width=\"1456\" height=\"816\" class=\"gb-image gb-image-5b175b3b\" src=\"https:\/\/www.sisinternational.com\/wp-content\/uploads\/2025\/08\/Logisticv-7.jpg\" alt=\"Pesquisa e Estrat\u00e9gia de Mercado Internacional da SIS\" title=\"Logisticv (7)\" srcset=\"https:\/\/www.sisinternational.com\/wp-content\/uploads\/2025\/08\/Logisticv-7.jpg 1456w, https:\/\/www.sisinternational.com\/wp-content\/uploads\/2025\/08\/Logisticv-7-300x168.jpg 300w, https:\/\/www.sisinternational.com\/wp-content\/uploads\/2025\/08\/Logisticv-7-1024x574.jpg 1024w, https:\/\/www.sisinternational.com\/wp-content\/uploads\/2025\/08\/Logisticv-7-768x430.jpg 768w, https:\/\/www.sisinternational.com\/wp-content\/uploads\/2025\/08\/Logisticv-7-18x10.jpg 18w\" sizes=\"auto, (max-width: 1456px) 100vw, 1456px\"><\/figure>\n\n\n\n<p class=\"has-text-align-center\"><\/p>\n\n\n\n<hr class=\"wp-block-separator has-alpha-channel-opacity is-style-dots\"\/>\n\n\n\n<h2 class=\"wp-block-heading\">A SIS International Research utiliza a Pesquisa de Mercado de Intelig\u00eancia de Canal h\u00e1 mais de 40 anos. Durante os \u00faltimos 20 anos, utilizamos os seguintes m\u00e9todos tradicionais:<\/h2>\n\n\n\n<ul class=\"wp-block-list\">\n<li><h3>Pesquisa documental para identificar os parceiros de canal, distribuidores, OEMS, etc.<\/h3><\/li>\n\n\n\n<li><h3>Participar de feiras e confer\u00eancias para identificar os principais executivos seniores<\/h3><\/li>\n\n\n\n<li><h3>Listas de compras para CEO, CMO, P&amp;D s\u00eanior e executivos operacionais<\/h3><\/li>\n\n\n\n<li><h3>Uso de liga\u00e7\u00f5es telef\u00f4nicas de refer\u00eancia<\/h3><\/li>\n<\/ul>\n\n\n\n<h2 class=\"wp-block-heading\">Novos m\u00e9todos de pesquisa de mercado de intelig\u00eancia de canal<\/h2>\n\n\n\n<p>Durante os \u00faltimos 5-7 anos, <a href=\"https:\/\/www.sisinternational.com\/pt\/quais-sao-algumas-tendencias-no-setor-de-pesquisa-de-mercado\/\" target=\"_blank\" rel=\"noopener\">m\u00eddias sociais e mobilidade<\/a> s\u00e3o m\u00e9todos mais eficazes para alcan\u00e7ar esses entrevistados. Al\u00e9m disso, pelo menos 40-50% desta popula\u00e7\u00e3o s\u00e3o millennials que s\u00f3 s\u00e3o acess\u00edveis atrav\u00e9s da mobilidade, por exemplo, atrav\u00e9s dos seus telem\u00f3veis. Em segundo lugar, o seu tempo \u00e9 muito precioso para esta gera\u00e7\u00e3o mais jovem e \u00e9 dif\u00edcil realizar uma entrevista com uma dura\u00e7\u00e3o m\u00e1xima de 15 a 20 minutos. A mobilidade e a tecnologia tamb\u00e9m impactaram os canais tradicionais de transporte, manufatura e outros setores empresariais. <a href=\"https:\/\/smallbusiness.chron.com\/difference-between-marketing-research-marketing-intelligence-25562.html\" target=\"_blank\" rel=\"noopener\">L\u00edderes de equipe e empregadores confiam em dados r\u00e1pidos e precisos<\/a> para seus canais, para garantir que seus neg\u00f3cios permane\u00e7am no topo.<\/p>\n\n\n\n<p>Ter um plano firme de Pesquisa de Intelig\u00eancia de Canal ajuda as empresas a entender seus clientes e como projetar merchandising e promo\u00e7\u00f5es com sucesso. Eles podem priorizar melhor a gest\u00e3o e o marketing conhecendo os fatos e h\u00e1bitos de seus entrevistados. Os fornecedores tamb\u00e9m se beneficiam de uma estrat\u00e9gia para entender o que os compradores buscam, como seus clientes se comportam em compara\u00e7\u00e3o aos concorrentes.<\/p>\n\n\n\n<h2 class=\"wp-block-heading\">Por que a Pesquisa de Intelig\u00eancia de Canal \u00e9 t\u00e3o importante?<\/h2>\n\n\n\n<p>If you are a manufacturer and sell products either B2B or B2C through distributors, OEMs, sales agents, you are removed from the ultimate customer. This \u201carms-length\u201d distance from the customer can cause you to \u201cmiss the market\u201d and ignore customer needs and \u201cpain points.\u201d <a href=\"https:\/\/www.sisinternational.com\/pt\/cobertura\/as-americas\/pesquisa-de-mercado-na-america-latina\/pesquisa-de-mercado-uruguai\/\" title=\"Pesquisa de mercado no Uruguai\" data-wpil-monitor-id=\"5080\">Pesquisar<\/a> throughout the channel is important to deliver the following market intelligence:<\/p>\n\n\n\n<p>A pesquisa em todo o pipeline de seu canal revelar\u00e1 os pontos fortes e fracos de seus projetos e tamb\u00e9m fornecer\u00e1 intelig\u00eancia competitiva valiosa. Dada a nossa experi\u00eancia com canais B2B e B2C, recomendamos os seguintes m\u00e9todos de pesquisa para intelig\u00eancia de canal:<\/p>\n\n\n\n<p>Pesquisa qualitativa: oferece a intelig\u00eancia de canal mais valiosa, pois fornece \u201ca voz do cliente\u201d e os pontos problem\u00e1ticos do canal<\/p>\n\n\n\n<h3 class=\"wp-block-heading\">M\u00e9todos de pesquisa:<\/h3>\n\n\n\n<h3 class=\"wp-block-heading\">Para maximizar a intelig\u00eancia do seu canal, recomendamos uma combina\u00e7\u00e3o desses tr\u00eas m\u00e9todos. Aqui voc\u00ea pode obter o panorama do canal, a \u201cvoz dos membros do seu canal\u201d e a quantifica\u00e7\u00e3o dos resultados para uma imagem completa do panorama do seu canal. Para mais informa\u00e7\u00f5es sobre m\u00e9todos de pesquisa de intelig\u00eancia de canal, entre em contato: <a href=\"mailto:Research@sisinternational.com\">Research@sisinternational.com<\/a>.<\/h3>\n\n\n<h2>Localiza\u00e7\u00e3o de nossas instala\u00e7\u00f5es em Nova York<\/h2>\n<p><!-- \/wp:post-content --> <!-- wp:html --> <iframe loading=\"lazy\" src=\"https:\/\/www.google.com\/maps\/embed?pb=!1m18!1m12!1m3!1d3022.976188376966!2d-73.99130312499956!3d40.740549471389315!2m3!1f0!2f0!3f0!3m2!1i1024!2i768!4f13.1!3m3!1m2!1s0x89c259a15798c731%3A0xd695d09bdd495f25!2s11%20E%2022nd%20St%20FL%202%2C%20New%20York%2C%20NY%2010010%2C%20USA!5e0!3m2!1sen!2spe!4v1726171763526!5m2!1sen!2spe\" width=\"600\" height=\"450\" allowfullscreen=\"allowfullscreen\" data-mce-fragment=\"1\"><\/iframe> <!-- \/wp:html --> <!-- wp:paragraph --><\/p>\n<h3 class=\"wp-block-heading\">11 E 22nd Street, andar 2, Nova York, NY 10010 T: +1(212) 505-6805<\/h3>\n<hr \/>\n<h2><span style=\"font-weight: 400;\">Sobre SIS Internacional<\/span><\/h2>\n<p><a href=\"https:\/\/www.sisinternational.com\/pt\/\"><span style=\"font-weight: 400;\">SIS Internacional<\/span><\/a><span style=\"font-weight: 400;\"> oferece pesquisa quantitativa, qualitativa e estrat\u00e9gica. Fornecemos dados, ferramentas, estrat\u00e9gias, relat\u00f3rios e insights para a tomada de decis\u00f5es. Tamb\u00e9m realizamos entrevistas, pesquisas, grupos focais e outros m\u00e9todos e abordagens de Pesquisa de Mercado.<\/span><a href=\"https:\/\/www.sisinternational.com\/pt\/sobre-a-sis-international-research\/contact-sis-international-market-research\/\"><span style=\"font-weight: 400;\"> Entre em contato conosco<\/span><\/a><span style=\"font-weight: 400;\"> para o seu pr\u00f3ximo projeto de pesquisa de mercado.<\/span><\/p>\n<\/p>\n\n<!-- wp:paragraph -->\n<p><\/p>\n<!-- \/wp:paragraph -->","protected":false},"excerpt":{"rendered":"<p>Descubra como o Channel Intelligence est\u00e1 evoluindo e como novos m\u00e9todos podem trazer vantagens para voc\u00ea.<\/p>","protected":false},"author":1,"featured_media":63706,"parent":20148,"menu_order":0,"comment_status":"closed","ping_status":"open","template":"","meta":{"footnotes":""},"class_list":["post-20021","page","type-page","status-publish","has-post-thumbnail"],"_links":{"self":[{"href":"https:\/\/www.sisinternational.com\/pt\/wp-json\/wp\/v2\/pages\/20021","targetHints":{"allow":["GET"]}}],"collection":[{"href":"https:\/\/www.sisinternational.com\/pt\/wp-json\/wp\/v2\/pages"}],"about":[{"href":"https:\/\/www.sisinternational.com\/pt\/wp-json\/wp\/v2\/types\/page"}],"author":[{"embeddable":true,"href":"https:\/\/www.sisinternational.com\/pt\/wp-json\/wp\/v2\/users\/1"}],"replies":[{"embeddable":true,"href":"https:\/\/www.sisinternational.com\/pt\/wp-json\/wp\/v2\/comments?post=20021"}],"version-history":[{"count":6,"href":"https:\/\/www.sisinternational.com\/pt\/wp-json\/wp\/v2\/pages\/20021\/revisions"}],"predecessor-version":[{"id":78973,"href":"https:\/\/www.sisinternational.com\/pt\/wp-json\/wp\/v2\/pages\/20021\/revisions\/78973"}],"up":[{"embeddable":true,"href":"https:\/\/www.sisinternational.com\/pt\/wp-json\/wp\/v2\/pages\/20148"}],"wp:featuredmedia":[{"embeddable":true,"href":"https:\/\/www.sisinternational.com\/pt\/wp-json\/wp\/v2\/media\/63706"}],"wp:attachment":[{"href":"https:\/\/www.sisinternational.com\/pt\/wp-json\/wp\/v2\/media?parent=20021"}],"curies":[{"name":"wp","href":"https:\/\/api.w.org\/{rel}","templated":true}]}}