{"id":19210,"date":"2015-10-27T05:44:15","date_gmt":"2015-10-27T05:44:15","guid":{"rendered":"https:\/\/www.sisinternational.com\/?page_id=19210"},"modified":"2026-01-24T21:08:42","modified_gmt":"2026-01-25T02:08:42","slug":"pesquisa-de-mercado-de-produtos-de-higiene-pessoal","status":"publish","type":"page","link":"https:\/\/www.sisinternational.com\/pt\/pericia\/curriculos-de-experiencia\/pesquisa-de-mercado-de-produtos-de-higiene-pessoal\/","title":{"rendered":"Pesquisa de mercado de produtos de cuidados pessoais"},"content":{"rendered":"<h1 class=\"wp-block-heading\">Pesquisa de mercado de produtos de cuidados pessoais<\/h1>\n\n\n\n<figure class=\"gb-block-image gb-block-image-87c99cc3\"><img loading=\"lazy\" decoding=\"async\" width=\"1456\" height=\"816\" class=\"gb-image gb-image-87c99cc3\" src=\"https:\/\/www.sisinternational.com\/wp-content\/uploads\/2025\/08\/Personal-care-18.jpg\" alt=\"Pesquisa e Estrat\u00e9gia de Mercado Internacional da SIS\" title=\"Personal care (18)\" srcset=\"https:\/\/www.sisinternational.com\/wp-content\/uploads\/2025\/08\/Personal-care-18.jpg 1456w, https:\/\/www.sisinternational.com\/wp-content\/uploads\/2025\/08\/Personal-care-18-300x168.jpg 300w, https:\/\/www.sisinternational.com\/wp-content\/uploads\/2025\/08\/Personal-care-18-1024x574.jpg 1024w, https:\/\/www.sisinternational.com\/wp-content\/uploads\/2025\/08\/Personal-care-18-768x430.jpg 768w, https:\/\/www.sisinternational.com\/wp-content\/uploads\/2025\/08\/Personal-care-18-18x10.jpg 18w\" sizes=\"auto, (max-width: 1456px) 100vw, 1456px\"><\/figure>\n\n\n\n<p><\/p>\n\n\n\n<p>SIS is a leading Market Research and Strategy Consulting company.\u00a0 We have over 40+ years of experience in the Personal Care Product market.\u00a0 The following is a selection of our past project experience<\/p>\n\n\n\n<h2 class=\"wp-block-heading\">Cuidado capilar<\/h2>\n\n\n\n<ul class=\"wp-block-list\">\n<li>Conduziu grupos focais nos EUA com cabeleireiros para determinar suas atitudes em rela\u00e7\u00e3o a um novo produto descolorante.<\/li>\n\n\n\n<li>Estudos de Acompanhamento de Intelig\u00eancia Competitiva para identifica\u00e7\u00e3o de novos produtos.<\/li>\n\n\n\n<li>Estudo quantitativo com consumidores para determinar suas atitudes em rela\u00e7\u00e3o a novos produtos para cabelos nos EUA.<\/li>\n<\/ul>\n\n\n\n<h2 class=\"wp-block-heading\">Cuidados com a pele<\/h2>\n\n\n\n<ul class=\"wp-block-list\">\n<li>Conduziu produtos de intercepta\u00e7\u00e3o em shoppings para determinar as atitudes dos consumidores em rela\u00e7\u00e3o a novos produtos para cuidados com a pele.<\/li>\n\n\n\n<li>Conducted <a href=\"https:\/\/www.sisinternational.com\/pt\/pericia\/industrias\/pesquisa-de-mercado-para-tratamento-de-feridas\/\" title=\"Pesquisa de mercado para tratamento de feridas\"  data-wpil-monitor-id=\"3178\">market entry study for skin care<\/a> products in China.<\/li>\n\n\n\n<li>Conducted in-depth interviews of skin care product users (women and men) who were interested in organic products, <a href=\"https:\/\/www.sisinternational.com\/pt\/mystery-shopping-for-luxury-products\/\" title=\"Mystery Shopping for Luxury Products\"  data-wpil-monitor-id=\"1278\">luxury beauty products<\/a>, a sustainable lifestyle, and who were environmentally conscious.<\/li>\n\n\n\n<li>Study created for the development and launch of a high-end skin <a href=\"https:\/\/www.sisinternational.com\/pt\/solucoes\/grupos-de-foco\/focus-group-on-personal-care-products\/\" title=\"Focus Group on Personal Care Products\"  data-wpil-monitor-id=\"891\">care product line with a focus<\/a> on understanding the target\u2019s attitudes and developing product concepts.<\/li>\n\n\n\n<li>Conduziu testes de produtos de creme para os olhos com coloca\u00e7\u00e3o do produto durante 11 dias para feedback do consumidor<\/li>\n<\/ul>\n\n\n\n<h2 class=\"wp-block-heading\">Higiene bucal<\/h2>\n\n\n\n<ul class=\"wp-block-list\">\n<li>Conduziu estudos de rastreamento cont\u00ednuos para novos produtos de higiene bucal.<\/li>\n\n\n\n<li>Conduziu grupos focais para uma nova escova de dentes nos EUA.<\/li>\n\n\n\n<li>Pesquisa de distribui\u00e7\u00e3o de escova de dentes nos EUA para uma empresa asi\u00e1tica.<\/li>\n<\/ul>\n\n\n\n<h2 class=\"wp-block-heading\">Cuidados com a vis\u00e3o<\/h2>\n\n\n\n<ul class=\"wp-block-list\">\n<li>V\u00e1rias an\u00e1lises de mercado na Europa sobre produtos para lentes de contacto.<\/li>\n\n\n\n<li>Conduziu grupos focais para consumidores na Europa para lentes de contato r\u00edgidas e gelatinosas.<\/li>\n\n\n\n<li>In-depth analysis of a Vision Care laboratory in the US.<\/li>\n\n\n\n<li>Conduzi um estudo de Intelig\u00eancia Competitiva sobre concorrentes nos mercados de lentes de contato e solu\u00e7\u00f5es de contato.<\/li>\n<\/ul>\n\n\n\n<h2 class=\"wp-block-heading\">Perfume<\/h2>\n\n\n\n<p>Conduzi grupos focais para testes de fragr\u00e2ncias (Estudo de Sensualidade de Perfume).<\/p>\n\n\n\n<h2 class=\"wp-block-heading\">Amostra de clientes atuais e anteriores:<\/h2>\n\n\n\n<ul class=\"wp-block-list\">\n<li>Avon<\/li>\n\n\n\n<li>Bausch&amp;Lomb<\/li>\n\n\n\n<li>Colgate Palmolive<\/li>\n\n\n\n<li>Goldwell<\/li>\n\n\n\n<li>Est\u00e9e Lauder<\/li>\n\n\n\n<li>Alavanca Irm\u00e3os<\/li>\n\n\n\n<li>primavera<\/li>\n\n\n\n<li>Procter e Gamble<\/li>\n\n\n\n<li>Revlon<\/li>\n\n\n\n<li>Shiseido<\/li>\n\n\n\n<li>Centro Internacional de Fragr\u00e2ncias Finas Firmenich<\/li>\n<\/ul>\n\n\n\n<p><\/p>","protected":false},"excerpt":{"rendered":"<p>Pesquisa de mercado de produtos de cuidados pessoais: resumo da experi\u00eancia<\/p>","protected":false},"author":1,"featured_media":62490,"parent":15106,"menu_order":11,"comment_status":"closed","ping_status":"closed","template":"","meta":{"footnotes":""},"class_list":["post-19210","page","type-page","status-publish","has-post-thumbnail"],"_links":{"self":[{"href":"https:\/\/www.sisinternational.com\/pt\/wp-json\/wp\/v2\/pages\/19210","targetHints":{"allow":["GET"]}}],"collection":[{"href":"https:\/\/www.sisinternational.com\/pt\/wp-json\/wp\/v2\/pages"}],"about":[{"href":"https:\/\/www.sisinternational.com\/pt\/wp-json\/wp\/v2\/types\/page"}],"author":[{"embeddable":true,"href":"https:\/\/www.sisinternational.com\/pt\/wp-json\/wp\/v2\/users\/1"}],"replies":[{"embeddable":true,"href":"https:\/\/www.sisinternational.com\/pt\/wp-json\/wp\/v2\/comments?post=19210"}],"version-history":[{"count":6,"href":"https:\/\/www.sisinternational.com\/pt\/wp-json\/wp\/v2\/pages\/19210\/revisions"}],"predecessor-version":[{"id":77467,"href":"https:\/\/www.sisinternational.com\/pt\/wp-json\/wp\/v2\/pages\/19210\/revisions\/77467"}],"up":[{"embeddable":true,"href":"https:\/\/www.sisinternational.com\/pt\/wp-json\/wp\/v2\/pages\/15106"}],"wp:featuredmedia":[{"embeddable":true,"href":"https:\/\/www.sisinternational.com\/pt\/wp-json\/wp\/v2\/media\/62490"}],"wp:attachment":[{"href":"https:\/\/www.sisinternational.com\/pt\/wp-json\/wp\/v2\/media?parent=19210"}],"curies":[{"name":"wp","href":"https:\/\/api.w.org\/{rel}","templated":true}]}}