{"id":19200,"date":"2015-10-27T03:55:01","date_gmt":"2015-10-27T03:55:01","guid":{"rendered":"https:\/\/www.sisinternational.com\/?page_id=19200"},"modified":"2026-01-26T18:32:20","modified_gmt":"2026-01-26T23:32:20","slug":"curriculo-de-experiencia-em-eletrodomesticos-e-produtos-domesticos","status":"publish","type":"page","link":"https:\/\/www.sisinternational.com\/pt\/pericia\/curriculos-de-experiencia\/curriculo-de-experiencia-em-eletrodomesticos-e-produtos-domesticos\/","title":{"rendered":"Experi\u00eancia em pesquisa de mercado de eletrodom\u00e9sticos"},"content":{"rendered":"<h1 class=\"wp-block-heading\">Experi\u00eancia em pesquisa de mercado de eletrodom\u00e9sticos<\/h1>\n\n\n\n<figure class=\"gb-block-image gb-block-image-4d683a22\"><img loading=\"lazy\" decoding=\"async\" width=\"1456\" height=\"816\" class=\"gb-image gb-image-4d683a22\" src=\"https:\/\/www.sisinternational.com\/wp-content\/uploads\/2025\/08\/Vacuum-4.jpg\" alt=\"Pesquisa e Estrat\u00e9gia de Mercado Internacional da SIS\" title=\"Vacuum (4)\" srcset=\"https:\/\/www.sisinternational.com\/wp-content\/uploads\/2025\/08\/Vacuum-4.jpg 1456w, https:\/\/www.sisinternational.com\/wp-content\/uploads\/2025\/08\/Vacuum-4-300x168.jpg 300w, https:\/\/www.sisinternational.com\/wp-content\/uploads\/2025\/08\/Vacuum-4-1024x574.jpg 1024w, https:\/\/www.sisinternational.com\/wp-content\/uploads\/2025\/08\/Vacuum-4-768x430.jpg 768w, https:\/\/www.sisinternational.com\/wp-content\/uploads\/2025\/08\/Vacuum-4-18x10.jpg 18w\" sizes=\"auto, (max-width: 1456px) 100vw, 1456px\"><\/figure>\n\n\n\n<p><\/p>\n\n\n\n<ul class=\"wp-block-list\">\n<li>Acompanhamento competitivo cont\u00ednuo para um fabricante e distribuidor de uma ampla variedade de produtos dom\u00e9sticos.<\/li>\n\n\n\n<li>Conduzi entrevistas e visitas domiciliares a recentes compradores de aspiradores sem saco nos EUA.<\/li>\n\n\n\n<li>Estudo de pesquisa e desenvolvimento para novas ideias de produtos para cozinhas e banheiros<\/li>\n\n\n\n<li>Estudos de intelig\u00eancia de mercado e intelig\u00eancia competitiva sobre tend\u00eancias de reforma e decora\u00e7\u00e3o residencial.<\/li>\n\n\n\n<li>An\u00e1lise do mercado de plantas dom\u00e9sticas.<\/li>\n\n\n\n<li><a href=\"https:\/\/www.sisinternational.com\/pt\/pericia\/industrias\/pesquisa-de-mercado-de-circuitos-eletronicos\/\" title=\"Pesquisa de mercado de circuitos eletr\u00f4nicos\"  data-wpil-monitor-id=\"6919\">Market feasibility study for household electronic<\/a> air fresheners and insecticides in Germany and Brazil.<\/li>\n\n\n\n<li>Grupos focais para consumidores sobre suas atitudes em rela\u00e7\u00e3o a uma nova gera\u00e7\u00e3o de liquidificadores no Reino Unido, Fran\u00e7a e Alemanha.<\/li>\n\n\n\n<li><a href=\"https:\/\/www.sisinternational.com\/pt\/pericia\/industrias\/pesquisa-de-mercado-de-eletrodomesticos\/\" title=\"Pesquisa de mercado de eletrodom\u00e9sticos\"  data-wpil-monitor-id=\"6594\">Market study in the US for home<\/a> furnishings.<\/li>\n\n\n\n<li>Estudo de mercado nos EUA para jogos americanos.<\/li>\n\n\n\n<li>Conduziu intercepta\u00e7\u00f5es de correspond\u00eancia para um estudo de ar condicionado e desumidificador nos EUA.<\/li>\n\n\n\n<li>Conducted a coffee maker market study in Japan, Germany, Spain, and the UK.<\/li>\n\n\n\n<li>Conduziu um estudo sobre cutelaria na Europa, \u00c1sia e Am\u00e9rica Latina.<\/li>\n\n\n\n<li>Conducted a study for a home security system company<\/li>\n\n\n\n<li><a href=\"https:\/\/www.sisinternational.com\/pt\/cobertura\/as-americas\/pesquisa-de-mercado-no-caribe\/pesquisa-de-mercado-bahamas\/\" title=\"Pesquisa de mercado nas Bahamas\"  data-wpil-monitor-id=\"4180\">Market Quantitative research<\/a> study on 100 cutlery customers as well as 100 non-customers in Korea to evaluate the expansion of a US company.<\/li>\n\n\n\n<li>Estudo de Intelig\u00eancia de Mercado sobre aparelhos de ar condicionado na Coreia.<\/li>\n\n\n\n<li>Conducted triad focus groups to test positioning statements for a cutlery study in Korea.<\/li>\n\n\n\n<li>Estudo de Intelig\u00eancia de Mercado para obter insights de consumidores sofisticados sobre a apar\u00eancia e o design de v\u00e1rios eletr\u00f4nicos dom\u00e9sticos.<\/li>\n\n\n\n<li>Realizei estudo de mercado para obter informa\u00e7\u00f5es sobre desenvolvimento de novos conceitos e gera\u00e7\u00e3o de ideias para refrigeradores.<\/li>\n\n\n\n<li>Realizou visitas domiciliares com pessoas que possuem m\u00e1quinas de lavar com abertura frontal e geladeiras com portas francesas<\/li>\n\n\n\n<li>Market potential study for garbage disposals in Russia using in-depth interviews with wholesalers.<\/li>\n\n\n\n<li>Conduziu pesquisa de tend\u00eancias de mercado e resposta de mercado em rela\u00e7\u00e3o a produtos dom\u00e9sticos, como matador de insetos natural e material de pintura.<\/li>\n\n\n\n<li>Conducted in-depth interviews to assess consumer brand awareness for a home furniture firm.<\/li>\n\n\n\n<li>Conduziu um estudo sobre as atitudes dos consumidores russos em rela\u00e7\u00e3o a produtos e marcas de descarte de lixo.<\/li>\n\n\n\n<li>Conduziu um estudo de reconhecimento de marca no mercado moveleiro norte-americano.<\/li>\n\n\n\n<li>Conduzi grupos focais sobre as necessidades do consumidor e a satisfa\u00e7\u00e3o do cliente com refrigeradores premium.<\/li>\n\n\n\n<li>Conducted desk <a href=\"https:\/\/www.sisinternational.com\/pt\/cobertura\/europa\/pesquisa-de-mercado-sao-marino-europa\/\" title=\"Pesquisa de mercado em San Marino, Europa\"  data-wpil-monitor-id=\"4206\">research on market<\/a> trends and major competitor trends, in-depth interviews, and focus groups for a market entry of a towel manufacturer.<\/li>\n\n\n\n<li>Conduziu trabalho de campo em um estudo sobre microondas OTR.<\/li>\n\n\n\n<li>Conduziu pesquisas de gangues para se preparar para o lan\u00e7amento de um produto para m\u00e1quinas de lavar na Am\u00e9rica do Norte.<\/li>\n\n\n\n<li>Conduziu estudo de resposta de mercado para refrigeradores<\/li>\n\n\n\n<li>Conducted research study for the absorption chiller-heater study<\/li>\n\n\n\n<li>Conduziu um estudo de pesquisa sobre estilo de vida americano e aspiradores de p\u00f3<\/li>\n\n\n\n<li>Conducted a Refrigerator <a class=\"wpil_keyword_link\" href=\"https:\/\/www.sisinternational.com\/pt\/cobertura\/as-americas\/cobertura-dos-eua\/focus-group-in-new-york\/\"   title=\"Focus Group in New York\" data-wpil-keyword-link=\"linked\"  data-wpil-monitor-id=\"783\">focus group in New York<\/a><\/li>\n\n\n\n<li>Conduziu um estudo sobre m\u00e1quina de lavar<\/li>\n\n\n\n<li>Estudo de potencial de mercado para trituradores internos<\/li>\n\n\n\n<li>Conduziu um estudo de design de eletrodom\u00e9sticos de cozinha embutidos<\/li>\n<\/ul>\n\n\n\n<h2 class=\"wp-block-heading\">Amostra de clientes da ind\u00fastria de eletrodom\u00e9sticos<\/h2>\n\n\n\n<ul class=\"wp-block-list\">\n<li>Cutco<\/li>\n\n\n\n<li>EC21<\/li>\n\n\n\n<li>Ekornes<\/li>\n\n\n\n<li>GfK AG<\/li>\n\n\n\n<li>Eletr\u00f4nica LG<\/li>\n\n\n\n<li>Sem estresse<\/li>\n\n\n\n<li>Samsung<\/li>\n<\/ul>\n\n\n\n<p><\/p>","protected":false},"excerpt":{"rendered":"<p>Experi\u00eancia selecionada na ind\u00fastria de eletrodom\u00e9sticos e produtos<\/p>","protected":false},"author":1,"featured_media":63615,"parent":15106,"menu_order":9,"comment_status":"closed","ping_status":"closed","template":"","meta":{"footnotes":""},"class_list":["post-19200","page","type-page","status-publish","has-post-thumbnail"],"_links":{"self":[{"href":"https:\/\/www.sisinternational.com\/pt\/wp-json\/wp\/v2\/pages\/19200","targetHints":{"allow":["GET"]}}],"collection":[{"href":"https:\/\/www.sisinternational.com\/pt\/wp-json\/wp\/v2\/pages"}],"about":[{"href":"https:\/\/www.sisinternational.com\/pt\/wp-json\/wp\/v2\/types\/page"}],"author":[{"embeddable":true,"href":"https:\/\/www.sisinternational.com\/pt\/wp-json\/wp\/v2\/users\/1"}],"replies":[{"embeddable":true,"href":"https:\/\/www.sisinternational.com\/pt\/wp-json\/wp\/v2\/comments?post=19200"}],"version-history":[{"count":8,"href":"https:\/\/www.sisinternational.com\/pt\/wp-json\/wp\/v2\/pages\/19200\/revisions"}],"predecessor-version":[{"id":80488,"href":"https:\/\/www.sisinternational.com\/pt\/wp-json\/wp\/v2\/pages\/19200\/revisions\/80488"}],"up":[{"embeddable":true,"href":"https:\/\/www.sisinternational.com\/pt\/wp-json\/wp\/v2\/pages\/15106"}],"wp:featuredmedia":[{"embeddable":true,"href":"https:\/\/www.sisinternational.com\/pt\/wp-json\/wp\/v2\/media\/63615"}],"wp:attachment":[{"href":"https:\/\/www.sisinternational.com\/pt\/wp-json\/wp\/v2\/media?parent=19200"}],"curies":[{"name":"wp","href":"https:\/\/api.w.org\/{rel}","templated":true}]}}