{"id":19191,"date":"2015-10-26T22:44:34","date_gmt":"2015-10-26T22:44:34","guid":{"rendered":"https:\/\/www.sisinternational.com\/?page_id=19191"},"modified":"2026-01-26T17:10:34","modified_gmt":"2026-01-26T22:10:34","slug":"curriculo-de-experiencia-na-industria-de-bebidas-fast-food","status":"publish","type":"page","link":"https:\/\/www.sisinternational.com\/pt\/pericia\/curriculos-de-experiencia\/curriculo-de-experiencia-na-industria-de-bebidas-fast-food\/","title":{"rendered":"Experi\u00eancia em pesquisa de mercado de fast food e bebidas"},"content":{"rendered":"<h1 class=\"wp-block-heading\">Experi\u00eancia em pesquisa de mercado de fast food e bebidas<\/h1>\n\n\n\n<figure class=\"gb-block-image gb-block-image-f1a38a83\"><img loading=\"lazy\" decoding=\"async\" width=\"1456\" height=\"816\" class=\"gb-image gb-image-f1a38a83\" src=\"https:\/\/www.sisinternational.com\/wp-content\/uploads\/2025\/08\/Food-taste-testing-17.jpg\" alt=\"Pesquisa e Estrat\u00e9gia de Mercado Internacional da SIS\" title=\"Food taste testing (17)\" srcset=\"https:\/\/www.sisinternational.com\/wp-content\/uploads\/2025\/08\/Food-taste-testing-17.jpg 1456w, https:\/\/www.sisinternational.com\/wp-content\/uploads\/2025\/08\/Food-taste-testing-17-300x168.jpg 300w, https:\/\/www.sisinternational.com\/wp-content\/uploads\/2025\/08\/Food-taste-testing-17-1024x574.jpg 1024w, https:\/\/www.sisinternational.com\/wp-content\/uploads\/2025\/08\/Food-taste-testing-17-768x430.jpg 768w, https:\/\/www.sisinternational.com\/wp-content\/uploads\/2025\/08\/Food-taste-testing-17-18x10.jpg 18w\" sizes=\"auto, (max-width: 1456px) 100vw, 1456px\"><\/figure>\n\n\n\n<p><\/p>\n\n\n\n<h2 class=\"wp-block-heading\">A SIS \u00e9 uma empresa l\u00edder em pesquisa de mercado. Explore nossa experi\u00eancia passada.<\/h2>\n\n\n\n<ul class=\"wp-block-list\">\n<li>Conduziu dois grupos focais para testar uma s\u00e9rie de sandu\u00edches de caf\u00e9 da manh\u00e3.<\/li>\n\n\n\n<li>Conducted a global menu change study in over 14 countries covering Western, Central, and Eastern Europe, Asia and Latin America<\/li>\n\n\n\n<li>Conduziu um estudo de viabilidade de mercado para locais em pa\u00edses selecionados da \u00c1sia e do Oriente M\u00e9dio<\/li>\n\n\n\n<li>Conducted a site location study in Greece, Jakarta, Indonesia, and Manila, Philippines for the potential for fast food outlets<\/li>\n\n\n\n<li>Conduziu um estudo de intelig\u00eancia competitiva para uma rede de fast food no M\u00e9xico<\/li>\n\n\n\n<li>Conduziu v\u00e1rios estudos de sele\u00e7\u00e3o de locais para uma rede de fast food no M\u00e9xico<\/li>\n\n\n\n<li>Conduziu intercepta\u00e7\u00f5es de consumidores em lojas Burger King para determinar seu n\u00edvel de satisfa\u00e7\u00e3o com o servi\u00e7o em locais espec\u00edficos em Indiana<\/li>\n\n\n\n<li>Conduziu grupos focais com crian\u00e7as para determinar itens promocionais para uma rede de fast food<\/li>\n\n\n\n<li>Conduziu um estudo sobre gastos com tecnologia da informa\u00e7\u00e3o na ind\u00fastria de alimentos e fast food<\/li>\n\n\n\n<li>Conducted focus groups in the Middle East to determine menu changes for a fast food firm<\/li>\n\n\n\n<li>Conduziu grupos focais em mais de 14 pa\u00edses para determinar uma campanha publicit\u00e1ria global<\/li>\n\n\n\n<li><a href=\"https:\/\/www.sisinternational.com\/pt\/pericia\/industrias\/pesquisa-de-mercado-de-lanches\/\" title=\"Pesquisa de mercado de lanches\"  data-wpil-monitor-id=\"6441\">Snack food desk research<\/a> estudar<\/li>\n\n\n\n<li>Conduziu um grupo focal para consumidores de smoothies em Los Angeles e NY<\/li>\n\n\n\n<li>Conducted a qualitative study testing new menu concepts for <a href=\"https:\/\/www.sisinternational.com\/pt\/pericia\/industrias\/pesquisa-de-mercado-de-franquias-de-fast-food\/\" title=\"Pesquisa de mercado de franquia de fast food\"  data-wpil-monitor-id=\"3985\">fast food in three different markets<\/a><\/li>\n\n\n\n<li>Conducted a research project on crisp\/chips and focused on brand positioning and brand lines.<\/li>\n\n\n\n<li>Conduziu um estudo de pesquisa sobre queijo dinamarqu\u00eas<\/li>\n\n\n\n<li>Conducted a <a href=\"https:\/\/www.sisinternational.com\/pt\/cobertura\/as-americas\/pesquisa-de-mercado-no-caribe\/pesquisa-de-mercado-bahamas\/\" title=\"Pesquisa de mercado nas Bahamas\"  data-wpil-monitor-id=\"4187\">research study regarding the chewing gum market<\/a><\/li>\n\n\n\n<li>Conducted a focus group with Russian immigrants in the U.S. regarding soft drinks<\/li>\n\n\n\n<li>Conducted a research study to find out the success of Korean Food Fairs<\/li>\n\n\n\n<li>Conduziu uma pesquisa quantitativa para entender a satisfa\u00e7\u00e3o e a disposi\u00e7\u00e3o em rela\u00e7\u00e3o a uma grande marca de caf\u00e9<\/li>\n<\/ul>\n\n\n\n<h2 class=\"wp-block-heading\">Amostragem de clientes atuais e anteriores em nossa experi\u00eancia em pesquisa de mercado de fast food e bebidas<\/h2>\n\n\n\n<ul class=\"wp-block-list\">\n<li>Burger King<\/li>\n\n\n\n<li>Restaurantes Carlson<\/li>\n\n\n\n<li>Frango Frito Kentucky<\/li>\n\n\n\n<li>McDonald&#039;s<\/li>\n\n\n\n<li>Sextas-feiras TGI<\/li>\n\n\n\n<li>Wendy&#039;s<\/li>\n\n\n\n<li>Castelo Branco<\/li>\n\n\n\n<li>Empresa Amitt<\/li>\n\n\n\n<li>Lavazza<\/li>\n<\/ul>\n\n\n\n<p><\/p>","protected":false},"excerpt":{"rendered":"<p>A SIS \u00e9 uma empresa l\u00edder global em pesquisa de mercado e consultoria estrat\u00e9gica. Explore nossa experi\u00eancia em pesquisa de mercado de fast food e bebidas.<\/p>","protected":false},"author":1,"featured_media":64693,"parent":15106,"menu_order":7,"comment_status":"closed","ping_status":"closed","template":"","meta":{"footnotes":""},"class_list":["post-19191","page","type-page","status-publish","has-post-thumbnail"],"_links":{"self":[{"href":"https:\/\/www.sisinternational.com\/pt\/wp-json\/wp\/v2\/pages\/19191","targetHints":{"allow":["GET"]}}],"collection":[{"href":"https:\/\/www.sisinternational.com\/pt\/wp-json\/wp\/v2\/pages"}],"about":[{"href":"https:\/\/www.sisinternational.com\/pt\/wp-json\/wp\/v2\/types\/page"}],"author":[{"embeddable":true,"href":"https:\/\/www.sisinternational.com\/pt\/wp-json\/wp\/v2\/users\/1"}],"replies":[{"embeddable":true,"href":"https:\/\/www.sisinternational.com\/pt\/wp-json\/wp\/v2\/comments?post=19191"}],"version-history":[{"count":9,"href":"https:\/\/www.sisinternational.com\/pt\/wp-json\/wp\/v2\/pages\/19191\/revisions"}],"predecessor-version":[{"id":80024,"href":"https:\/\/www.sisinternational.com\/pt\/wp-json\/wp\/v2\/pages\/19191\/revisions\/80024"}],"up":[{"embeddable":true,"href":"https:\/\/www.sisinternational.com\/pt\/wp-json\/wp\/v2\/pages\/15106"}],"wp:featuredmedia":[{"embeddable":true,"href":"https:\/\/www.sisinternational.com\/pt\/wp-json\/wp\/v2\/media\/64693"}],"wp:attachment":[{"href":"https:\/\/www.sisinternational.com\/pt\/wp-json\/wp\/v2\/media?parent=19191"}],"curies":[{"name":"wp","href":"https:\/\/api.w.org\/{rel}","templated":true}]}}