{"id":19165,"date":"2015-10-26T03:05:34","date_gmt":"2015-10-26T03:05:34","guid":{"rendered":"https:\/\/www.sisinternational.com\/?page_id=19165"},"modified":"2026-03-13T00:58:26","modified_gmt":"2026-03-13T04:58:26","slug":"curriculo-de-experiencia-em-bens-de-consumo-e-embalados","status":"publish","type":"page","link":"https:\/\/www.sisinternational.com\/pt\/consumer-market-research-page\/curriculo-de-experiencia-em-bens-de-consumo-e-embalados\/","title":{"rendered":"Pesquisa de mercado de bens de consumo e embalados"},"content":{"rendered":"<h1 class=\"wp-block-heading\">Experi\u00eancia em pesquisa de mercado nas ind\u00fastrias de consumo<\/h1>\n\n\n\n<figure class=\"gb-block-image gb-block-image-619cfc43\"><img loading=\"lazy\" decoding=\"async\" width=\"1456\" height=\"816\" class=\"gb-image gb-image-619cfc43\" src=\"https:\/\/www.sisinternational.com\/wp-content\/uploads\/2025\/08\/Food-packaging-1.jpg\" alt=\"Pesquisa e Estrat\u00e9gia de Mercado Internacional da SIS\" title=\"Food packaging (1)\" srcset=\"https:\/\/www.sisinternational.com\/wp-content\/uploads\/2025\/08\/Food-packaging-1.jpg 1456w, https:\/\/www.sisinternational.com\/wp-content\/uploads\/2025\/08\/Food-packaging-1-300x168.jpg 300w, https:\/\/www.sisinternational.com\/wp-content\/uploads\/2025\/08\/Food-packaging-1-1024x574.jpg 1024w, https:\/\/www.sisinternational.com\/wp-content\/uploads\/2025\/08\/Food-packaging-1-768x430.jpg 768w, https:\/\/www.sisinternational.com\/wp-content\/uploads\/2025\/08\/Food-packaging-1-18x10.jpg 18w\" sizes=\"auto, (max-width: 1456px) 100vw, 1456px\"><\/figure>\n\n\n\n<p><\/p>\n\n\n\n<h3 class=\"wp-block-heading\">An\u00fancio<\/h3>\n\n\n\n<p>Entrevistas aprofundadas com executivos que compram publicidade na \u00c1sia, na Am\u00e9rica Latina e na Europa, avaliando como gastam os seus or\u00e7amentos de publicidade e as suas necessidades de m\u00eddia.<\/p>\n\n\n\n<h3 class=\"wp-block-heading\">Vestu\u00e1rio<\/h3>\n\n\n\n<ul class=\"wp-block-list\">\n<li>Estudo quantitativo sobre vestu\u00e1rio no Reino Unido e na Alemanha.<\/li>\n\n\n\n<li>Estudo de mercado nos EUA para vestu\u00e1rio feminino.<\/li>\n\n\n\n<li>Estudo de mercado nos EUA para roupas infantis.<\/li>\n\n\n\n<li>Estudo de mercado nos EUA para moda praia.<\/li>\n\n\n\n<li>Estudo de mercado nos EUA para moda masculina.<\/li>\n\n\n\n<li>Estudo de mercado nos EUA para tecidos.<\/li>\n\n\n\n<li><a href=\"https:\/\/www.sisinternational.com\/pt\/pericia\/industrias\/pesquisa-de-mercado-de-vestuario-impermeavel\/\" title=\"Pesquisa de mercado de vestu\u00e1rio para chuva\"  data-wpil-monitor-id=\"6839\">Market study for upscale women\u2019s apparel<\/a> and accessories.<\/li>\n\n\n\n<li>Estudo de mercado de t\u00eanis no Jap\u00e3o.<\/li>\n\n\n\n<li>Estudo da Intercept sobre lojas de vestu\u00e1rio de n\u00edvel m\u00e9dio na Fran\u00e7a, Espanha e Coreia do Sul<\/li>\n\n\n\n<li>Automotivo<\/li>\n<\/ul>\n\n\n\n<p>Global qualitative <a href=\"https:\/\/www.sisinternational.com\/pt\/estudo-de-caso-hipotetico-de-analise-de-consumo-eharmony\/\" title=\"An\u00e1lise do consumidor: estudo de caso hipot\u00e9tico da eHarmony\"  data-wpil-monitor-id=\"4334\">study of automobile drivers and consumers<\/a> in Argentina, Brazil, France, Germany, Hong Kong, Italy, Japan, Malaysia, Netherlands, Norway, Puerto Rico, Singapore, Thailand, and the UK.<\/p>\n\n\n\n<p>Pesquisa dos EUA com consumidores para determinar suas atitudes em rela\u00e7\u00e3o ao uso de gasolina premium.<\/p>\n\n\n\n<p>Conduzi grupos focais com consumidores que adquiriram carros de alto padr\u00e3o.<\/p>\n\n\n\n<h3 class=\"wp-block-heading\">Beverage&nbsp; &#8211; Non Alcoholic<\/h3>\n\n\n\n<ul class=\"wp-block-list\">\n<li>An\u00e1lise do mercado de cafeteiras japonesas.<\/li>\n\n\n\n<li>Organizou um painel de discuss\u00e3o entre m\u00e3es e pessoas solteiras para um fabricante de sucos.<\/li>\n\n\n\n<li>Conducted <a href=\"https:\/\/www.sisinternational.com\/pt\/solucoes\/grupos-de-foco\/grupos-focais-sobre-alcool\/\" title=\"Grupos Focais sobre \u00c1lcool: Bebidas Alco\u00f3licas e N\u00e3o Alco\u00f3licas\u00a0\"  data-wpil-monitor-id=\"1602\">focus groups for global beverage<\/a> company.<\/li>\n\n\n\n<li>Pesquisa de intelig\u00eancia de mercado para determinar o tamanho do mercado, potencial e distribui\u00e7\u00e3o ideal de uma bebida do M\u00e9xico para a \u00cdndia.<\/li>\n<\/ul>\n\n\n\n<h3 class=\"wp-block-heading\">Bebidas \u2013 Alco\u00f3licas<\/h3>\n\n\n\n<ul class=\"wp-block-list\">\n<li>Conduzi grupos focais para uma nova lata de cerveja nos EUA.<\/li>\n\n\n\n<li>Estudo quantitativo para um novo conceito de produto para cerveja nos EUA.<\/li>\n\n\n\n<li>Conduziu grupos focais para vodka nos EUA.<\/li>\n<\/ul>\n\n\n\n<h3 class=\"wp-block-heading\">Cart\u00f5es de cr\u00e9dito<\/h3>\n\n\n\n<p>Conduziu um estudo quantitativo global sobre o uso de cart\u00e3o de cr\u00e9dito pelo consumidor na Europa, \u00c1frica do Sul, Oriente M\u00e9dio, \u00c1sia e Am\u00e9rica Latina.<\/p>\n\n\n\n<h3 class=\"wp-block-heading\">Estudos de prefer\u00eancia do consumidor<\/h3>\n\n\n\n<ul class=\"wp-block-list\">\n<li>Estudo quantitativo que determinou as prefer\u00eancias dos consumidores por equipamentos de imagem.<\/li>\n\n\n\n<li>Entrevistei mulheres ricas para estudar seus h\u00e1bitos de consumo.<\/li>\n\n\n\n<li>Conduziu um estudo para determinar se a loja de uma determinada marca est\u00e1 ou n\u00e3o em conformidade com sua identidade geral de marca.<\/li>\n<\/ul>\n\n\n\n<h3 class=\"wp-block-heading\">Estudos de leitores do consumidor<\/h3>\n\n\n\n<p>Avalia\u00e7\u00e3o das tend\u00eancias de leitura de publica\u00e7\u00f5es na Am\u00e9rica Latina, determinando quem l\u00ea as revistas selecionadas e suas atitudes e n\u00edvel de uso.<\/p>\n\n\n\n<h3 class=\"wp-block-heading\">Estudos de Intelig\u00eancia Competitiva<\/h3>\n\n\n\n<ul class=\"wp-block-list\">\n<li>Estudo quantitativo abrangendo os EUA, Porto Rico e Rep\u00fablica Dominicana para determinar quais produtos competitivos s\u00e3o produzidos nesses pa\u00edses e como s\u00e3o promovidos.<\/li>\n\n\n\n<li>Estudo de business intelligence sobre o ambiente competitivo do mercado de cutelaria na Europa e Am\u00e9rica Latina.<\/li>\n\n\n\n<li>Pesquisa de campo para localizar e comprar produtos competitivos para cafeteiras no Reino Unido, Espanha e Alemanha.<\/li>\n\n\n\n<li>Avalia\u00e7\u00e3o de sistemas de filtragem de ar competitivos para consumidores na It\u00e1lia, Fran\u00e7a, Alemanha, Reino Unido e Espanha.<\/li>\n\n\n\n<li>Avalia\u00e7\u00e3o competitiva de produtos de tratamento de ar e sistemas de filtragem.<\/li>\n\n\n\n<li>Perfis dos concorrentes das principais empresas de produtos de consumo: sua estrat\u00e9gia global, globaliza\u00e7\u00e3o de produtos-chave, sucessos e fracassos de marcas globais.<\/li>\n\n\n\n<li>An\u00e1lise competitiva dos departamentos de P&amp;D de grandes empresas de produtos de consumo.<\/li>\n\n\n\n<li><a href=\"https:\/\/www.sisinternational.com\/pt\/pericia\/industrias\/pesquisa-de-mercado-de-moda\/\" title=\"Pesquisa de mercado de moda e vestu\u00e1rio\"  data-wpil-monitor-id=\"7116\">Market intelligence study covering apparel<\/a> and infant wear offerings of mass merchandisers in the retail industry.<\/li>\n\n\n\n<li>Criei um perfil de concorrente para uma grande empresa de produtos de consumo.<\/li>\n\n\n\n<li>Global strategy competitive assessment for <a href=\"https:\/\/www.sisinternational.com\/pt\/solucoes\/consultoria-estrategica\/inteligencia-de-embalagem\/\" title=\"Consumer Packaging Strategy Solutions\"  data-wpil-monitor-id=\"6760\">consumidor<\/a> goods and packaged foods supplier.<\/li>\n\n\n\n<li>An\u00e1lise da reorganiza\u00e7\u00e3o de um importante player da ind\u00fastria de produtos de consumo e suas implica\u00e7\u00f5es para a empresa.<\/li>\n\n\n\n<li>Entrevistas em lojas com propriet\u00e1rios de empresas em Chinatown, Nova York.<\/li>\n\n\n\n<li>Estudo de Intelig\u00eancia Competitiva sobre os Mercados de Lentes de Contato e Solu\u00e7\u00f5es de Contato nos EUA<\/li>\n\n\n\n<li>Conduziu uma an\u00e1lise da concorr\u00eancia nos mercados de aromatizantes e matadores de insetos nos EUA.<\/li>\n<\/ul>\n\n\n\n<h3 class=\"wp-block-heading\">Eletr\u00f4nicos<\/h3>\n\n\n\n<ul class=\"wp-block-list\">\n<li>Conduziu pesquisas com consumidores para determinar a prefer\u00eancia por equipamentos eletr\u00f4nicos de consumo.<\/li>\n\n\n\n<li>Conducted <a href=\"https:\/\/www.sisinternational.com\/pt\/pericia\/industrias\/pesquisa-de-mercado-de-bens-de-consumo\/\" title=\"Pesquisa de mercado de bens de consumo\"  data-wpil-monitor-id=\"6283\">consumer surveys in the digital camera market<\/a>.<\/li>\n\n\n\n<li>Conduziu grupos focais para consumidores dos EUA para testar novos produtos de consumo no mercado de c\u00e2meras digitais.<\/li>\n\n\n\n<li>Realizei estudo de mercado nacional e internacional de televisores de plasma e LCD de tela plana.<\/li>\n\n\n\n<li>Conduzi grupos focais de consumidores para analisar quais fatores determinam o apelo aos clientes dos conte\u00fados de demonstra\u00e7\u00e3o exibidos em uma loja.<\/li>\n\n\n\n<li>Conduzi entrevistas detalhadas com revendedores para entender como os revendedores est\u00e3o usando conte\u00fados de demonstra\u00e7\u00e3o para promover vendas.<\/li>\n\n\n\n<li>Conduziu um estudo quantitativo internacional de TV para determinar as atitudes e h\u00e1bitos de uso dos clientes de TV na \u00cdndia, China, Reino Unido e EUA.<\/li>\n\n\n\n<li>Conduziu grupos focais sobre o uso de MP3.<\/li>\n\n\n\n<li>Estudo de mercado sobre callbacks de TV.<\/li>\n\n\n\n<li>Conduziu estudo de intercepta\u00e7\u00e3o de consumidores em um grande centro de conven\u00e7\u00f5es em Nova York.<\/li>\n\n\n\n<li>Realizei estudo para entender como as pessoas utilizam determinado programa de computador e como a decis\u00e3o de compra foi influenciada e tomada dentro de empresas de diferentes portes.<\/li>\n\n\n\n<li>Conduziu um estudo de pesquisa com usu\u00e1rios do sistema operacional Mac.<\/li>\n\n\n\n<li>Conduzi grupos focais de usu\u00e1rios de telefones celulares que refletiam a participa\u00e7\u00e3o de mercado das principais marcas.<\/li>\n\n\n\n<li>Conducted research study to understand <a href=\"https:\/\/www.sisinternational.com\/pt\/a-base-neurobiologica-da-escolha-do-consumidor\/\" title=\"Pesquisa de mercado de neuromarketing do consumidor\"  data-wpil-monitor-id=\"2682\">market<\/a> response to the existing Blu-ray player and to examine consumer needs and attitude towards the player.<\/li>\n\n\n\n<li>Conduziu estudo de viabilidade para avaliar o lan\u00e7amento de produtos AV em v\u00e1rios mercados asi\u00e1ticos.<\/li>\n\n\n\n<li>Conduziu entrevistas em Israel e na \u00c1frica do Sul com tomadores de decis\u00e3o de compra de TV que compraram recentemente uma TV LCD<\/li>\n\n\n\n<li>Realizou um estudo qualitativo sobre home theater.<\/li>\n\n\n\n<li>Conducted focus groups and qualitative <a href=\"https:\/\/www.sisinternational.com\/pt\/pericia\/industrias\/pesquisa-de-mercado-de-design-de-embalagens\/\" title=\"Pesquisa de mercado de design de embalagens\"  data-wpil-monitor-id=\"6193\">research on a new headphone packaging<\/a> program.<\/li>\n<\/ul>\n\n\n\n<h3 class=\"wp-block-heading\">Bens de consumo r\u00e1pido<\/h3>\n\n\n\n<ul class=\"wp-block-list\">\n<li>Avaliada das principais empresas mundiais de produtos embalados em uma base regional.<\/li>\n\n\n\n<li>Entrevistamos CEOs de empresas de m\u00e9dio porte de produtos de consumo para determinar as quest\u00f5es estrat\u00e9gicas enfrentadas por seus neg\u00f3cios.<\/li>\n\n\n\n<li>Conduziu entrevistas CATI com consumidores comuns que compraram em uma combina\u00e7\u00e3o de diferentes supermercados na \u00e1rea metropolitana de Londres para avaliar sua experi\u00eancia e necessidades de compra.<\/li>\n<\/ul>\n\n\n\n<h3 class=\"wp-block-heading\">Fitness<\/h3>\n\n\n\n<ul class=\"wp-block-list\">\n<li>Conduziu grupos focais em academias de Chicago e Los Angeles para testar um novo rel\u00f3gio.<\/li>\n\n\n\n<li>Conduziu um estudo sobre as atitudes dos consumidores nos EUA em rela\u00e7\u00e3o \u00e0 aptid\u00e3o f\u00edsica.<\/li>\n\n\n\n<li>Conduziu grupos focais em S\u00e3o Francisco com consumidores sobre a aceita\u00e7\u00e3o de um novo produto de nutri\u00e7\u00e3o geral.<\/li>\n\n\n\n<li>Avalia\u00e7\u00e3o do mercado de fitness na Europa.<\/li>\n\n\n\n<li>Conduziu pr\u00e9-teste de propaganda para propaganda de produtos de fitness para consumidores nos EUA.<\/li>\n<\/ul>\n\n\n\n<h3 class=\"wp-block-heading\">Eletrodom\u00e9sticos e produtos<\/h3>\n\n\n\n<ul class=\"wp-block-list\">\n<li>Acompanhamento competitivo cont\u00ednuo para um fabricante e distribuidor de uma ampla variedade de produtos dom\u00e9sticos.<\/li>\n\n\n\n<li>Conduzi entrevistas e visitas domiciliares a recentes compradores de aspiradores sem saco nos EUA.<\/li>\n\n\n\n<li>Estudo de pesquisa e desenvolvimento para novas ideias de produtos para cozinhas e banheiros<\/li>\n\n\n\n<li>Estudos de intelig\u00eancia de mercado e intelig\u00eancia competitiva sobre tend\u00eancias de reforma e decora\u00e7\u00e3o residencial.<\/li>\n\n\n\n<li>An\u00e1lise do mercado de plantas dom\u00e9sticas.<\/li>\n\n\n\n<li><a href=\"https:\/\/www.sisinternational.com\/pt\/pericia\/industrias\/pesquisa-de-mercado-de-circuitos-eletronicos\/\" title=\"Pesquisa de mercado de circuitos eletr\u00f4nicos\"  data-wpil-monitor-id=\"6925\">Market feasibility study for household electronic<\/a> air fresheners and insecticides in Germany and Brazil.<\/li>\n\n\n\n<li>Grupos focais para consumidores sobre suas atitudes em rela\u00e7\u00e3o a uma nova gera\u00e7\u00e3o de liquidificadores no Reino Unido, Fran\u00e7a e Alemanha.<\/li>\n\n\n\n<li>Estudo de mercado nos EUA para mobili\u00e1rio dom\u00e9stico.<\/li>\n\n\n\n<li>Estudo de mercado nos EUA para jogos americanos.<\/li>\n\n\n\n<li>Conduziu intercepta\u00e7\u00f5es de correspond\u00eancia para um estudo de ar condicionado e desumidificador nos EUA.<\/li>\n\n\n\n<li>Conduziu um estudo de mercado de cafeteiras no Jap\u00e3o, Alemanha, Espanha e Reino Unido.<\/li>\n\n\n\n<li>Conduziu um estudo sobre cutelaria na Europa, \u00c1sia e Am\u00e9rica Latina.<\/li>\n\n\n\n<li>Conduziu um estudo para obter informa\u00e7\u00f5es de consumidores sofisticados sobre a apar\u00eancia e o design de v\u00e1rios eletr\u00f4nicos dom\u00e9sticos.<\/li>\n\n\n\n<li>Realizei estudo de mercado para obter informa\u00e7\u00f5es sobre desenvolvimento de novos conceitos e gera\u00e7\u00e3o de ideias para refrigeradores.<\/li>\n\n\n\n<li>Estudo realizado para uma empresa de sistemas de seguran\u00e7a residencial<\/li>\n\n\n\n<li>Conduziu visitas domiciliares com pessoas que possuem m\u00e1quinas de lavar com abertura frontal e geladeiras de porta francesa<\/li>\n\n\n\n<li>Conduziu grupos focais para consumidores sobre sua opini\u00e3o sobre futuros conceitos de m\u00e1quinas de caf\u00e9<\/li>\n<\/ul>\n\n\n\n<h3 class=\"wp-block-heading\">Gravador IC<\/h3>\n\n\n\n<p>Estudo de mercado para gravadores IC nos EUA pesquisando as ofertas de produtos dos varejistas.<\/p>\n\n\n\n<h3 class=\"wp-block-heading\">Juvenil<\/h3>\n\n\n\n<ul class=\"wp-block-list\">\n<li>Avalia\u00e7\u00e3o de mercado do mercado Estilo de vida juvenil.<\/li>\n\n\n\n<li>Realizou pesquisa sobre o uso do celular por adolescentes.<\/li>\n\n\n\n<li>Conduziu grupos focais no Jap\u00e3o e no Reino Unido para determinar concorrentes de uma popular s\u00e9rie de livros infantis vendida por uma grande livraria.<\/li>\n\n\n\n<li>Conduziu entrevistas aprofundadas sobre o uso de fraldas.<\/li>\n\n\n\n<li>Conduziu o recrutamento e projetou um rastreador para IDIs de m\u00e3es com beb\u00eas.<\/li>\n<\/ul>\n\n\n\n<h3 class=\"wp-block-heading\">Produtos de luxo<\/h3>\n\n\n\n<p>Conduziu estudo de joias para uma empresa de alto padr\u00e3o.<\/p>\n\n\n\n<h3 class=\"wp-block-heading\">Estudos de Reposicionamento de Mercado<\/h3>\n\n\n\n<p>Conduziu estudo sobre o Canad\u00e1 franc\u00f3fono para determinar literatura competitiva e reposicionamento de produtos de consumo.<\/p>\n\n\n\n<h3 class=\"wp-block-heading\">Estudos de Segmenta\u00e7\u00e3o de Mercado<\/h3>\n\n\n\n<ul class=\"wp-block-list\">\n<li>Evaluation of the market size, segmentation, distribution, wholesale, retail pricing, and potential acquisition candidates for the mattress <a href=\"https:\/\/www.sisinternational.com\/pt\/pesquisa-de-mercado-tijuana-mexico\/\" title=\"Pesquisa de mercado em Tijuana, M\u00e9xico\"  data-wpil-monitor-id=\"6924\">market in Mexico<\/a>.<\/li>\n\n\n\n<li>Estudos de acompanhamento de concorrentes e segmentos de mercado nos setores de cuidados pessoais e produtos dom\u00e9sticos para identificar oportunidades de mercado em mercados estabelecidos e emergentes.<\/li>\n<\/ul>\n\n\n\n<h3 class=\"wp-block-heading\">Produtos de barbear masculinos<\/h3>\n\n\n\n<ul class=\"wp-block-list\">\n<li>Estudo quantitativo europeu sobre um novo produto de barbear masculino.<\/li>\n\n\n\n<li>Interviewed barbers and African American men who shave their heads and\/or faces with razors to analyze a variety of facial care and shaving products.<\/li>\n<\/ul>\n\n\n\n<h3 class=\"wp-block-heading\">Embalagem<\/h3>\n\n\n\n<ul class=\"wp-block-list\">\n<li>Pesquisa sobre embalagens resistentes a crian\u00e7as nos EUA sobre as atitudes dos clientes em rela\u00e7\u00e3o \u00e0s embalagens com fecho tradicional versus embalagens blister.<\/li>\n\n\n\n<li>Conducted recruitment and moderation of high-end headphone users for packaging design study.<\/li>\n<\/ul>\n\n\n\n<h3 class=\"wp-block-heading\">Estudos Psicogr\u00e1ficos<\/h3>\n\n\n\n<ul class=\"wp-block-list\">\n<li>Conduziu v\u00e1rios grupos focais sobre os padr\u00f5es de vida de grupos hisp\u00e2nicos e asi\u00e1ticos.<\/li>\n\n\n\n<li>Conduziu grupos focais analisando as atitudes de diferentes grupos \u00e9tnicos em rela\u00e7\u00e3o a diferentes tipos de m\u00fasica.<\/li>\n\n\n\n<li>Conduzi entrevistas em profundidade para um estudo qualitativo sobre a compreens\u00e3o das associa\u00e7\u00f5es de consumidores com marcas novas e existentes.<\/li>\n<\/ul>\n\n\n\n<h3 class=\"wp-block-heading\">Rel\u00f3gios<\/h3>\n\n\n\n<p>Uso de rel\u00f3gios de consumo nos EUA: dados demogr\u00e1ficos, atitudes e pre\u00e7os para posicionamento de mercado.<\/p>\n\n\n\n<h2 class=\"wp-block-heading\">Amostra de nossos clientes anteriores e atuais<\/h2>\n\n\n\n<h2 class=\"wp-block-heading\">&nbsp;<\/h2>\n\n\n\n<ul class=\"wp-block-list\">\n<li>Era da Publicidade Internacional<\/li>\n\n\n\n<li>Produtos dom\u00e9sticos americanos<\/li>\n\n\n\n<li>Corpora\u00e7\u00e3o Amway<\/li>\n\n\n\n<li>Ma\u00e7\u00e3<\/li>\n\n\n\n<li>Bausch &amp; Lomb<\/li>\n\n\n\n<li>Tecnologia Biomista<\/li>\n\n\n\n<li>Cartier<\/li>\n\n\n\n<li>Corpora\u00e7\u00e3o de rel\u00f3gio cidad\u00e3o<\/li>\n\n\n\n<li>Associa\u00e7\u00e3o de fabricantes de fechamento<\/li>\n\n\n\n<li>Empresa Colgate-Palmolive<\/li>\n\n\n\n<li>Coors<\/li>\n\n\n\n<li>Tecnologias de aquecimento Dekko<\/li>\n\n\n\n<li>Companhia Eastman Kodak<\/li>\n\n\n\n<li>Est\u00e9e Lauder<\/li>\n\n\n\n<li>Farall\u00f3n Capital<\/li>\n\n\n\n<li>Ford Motor Company<\/li>\n\n\n\n<li>Foco Global<\/li>\n\n\n\n<li>Grolsch<\/li>\n\n\n\n<li>Heineken<\/li>\n\n\n\n<li>Infocomm. Internacional<\/li>\n\n\n\n<li>IPS<\/li>\n\n\n\n<li>Jacob Javits<\/li>\n\n\n\n<li>LG<\/li>\n<\/ul>\n\n\n\n<ul class=\"wp-block-list\">\n<li>Fitness para a vida<\/li>\n\n\n\n<li>Marte<\/li>\n\n\n\n<li>Mastercard Internacional<\/li>\n\n\n\n<li>Filipe Morris<\/li>\n\n\n\n<li>Polar\u00f3ide<\/li>\n\n\n\n<li>Procter e Gamble<\/li>\n\n\n\n<li>Pesquisa em Mesa Redonda<\/li>\n\n\n\n<li>Samsung<\/li>\n\n\n\n<li>Cera SC Johnson<\/li>\n\n\n\n<li>Seagramas<\/li>\n\n\n\n<li>Sennheiser<\/li>\n\n\n\n<li>Estrela solar<\/li>\n\n\n\n<li>Sinovar<\/li>\n\n\n\n<li>Tesco<\/li>\n\n\n\n<li>A Corpora\u00e7\u00e3o Dial<\/li>\n\n\n\n<li>A Companhia Gillette<\/li>\n\n\n\n<li>Tempo Internacional<\/li>\n\n\n\n<li>Brinquedos R Us<\/li>\n\n\n\n<li>Unilever<\/li>\n\n\n\n<li>Visto Internacional<\/li>\n\n\n\n<li>Grupo Warner Lambert Chicle<\/li>\n\n\n\n<li>Whirlpool Corporation<\/li>\n\n\n\n<li>Wyeth Nutricional<\/li>\n<\/ul>\n\n\n\n<h2 class=\"wp-block-heading\"><a href=\"https:\/\/www.sisinternational.com\/pt\/about-sis\/contact-sis-international-market-research\/\">Contate-nos para seu pr\u00f3ximo projeto de pesquisa de mercado de consumo.<\/a><\/h2>","protected":false},"excerpt":{"rendered":"<p>Experi\u00eancia selecionada nas ind\u00fastrias de consumo<\/p>","protected":false},"author":1,"featured_media":63800,"parent":84529,"menu_order":5,"comment_status":"closed","ping_status":"closed","template":"","meta":{"footnotes":""},"class_list":["post-19165","page","type-page","status-publish","has-post-thumbnail"],"_links":{"self":[{"href":"https:\/\/www.sisinternational.com\/pt\/wp-json\/wp\/v2\/pages\/19165","targetHints":{"allow":["GET"]}}],"collection":[{"href":"https:\/\/www.sisinternational.com\/pt\/wp-json\/wp\/v2\/pages"}],"about":[{"href":"https:\/\/www.sisinternational.com\/pt\/wp-json\/wp\/v2\/types\/page"}],"author":[{"embeddable":true,"href":"https:\/\/www.sisinternational.com\/pt\/wp-json\/wp\/v2\/users\/1"}],"replies":[{"embeddable":true,"href":"https:\/\/www.sisinternational.com\/pt\/wp-json\/wp\/v2\/comments?post=19165"}],"version-history":[{"count":12,"href":"https:\/\/www.sisinternational.com\/pt\/wp-json\/wp\/v2\/pages\/19165\/revisions"}],"predecessor-version":[{"id":80680,"href":"https:\/\/www.sisinternational.com\/pt\/wp-json\/wp\/v2\/pages\/19165\/revisions\/80680"}],"up":[{"embeddable":true,"href":"https:\/\/www.sisinternational.com\/pt\/wp-json\/wp\/v2\/pages\/84529"}],"wp:featuredmedia":[{"embeddable":true,"href":"https:\/\/www.sisinternational.com\/pt\/wp-json\/wp\/v2\/media\/63800"}],"wp:attachment":[{"href":"https:\/\/www.sisinternational.com\/pt\/wp-json\/wp\/v2\/media?parent=19165"}],"curies":[{"name":"wp","href":"https:\/\/api.w.org\/{rel}","templated":true}]}}