{"id":19150,"date":"2015-10-25T18:45:27","date_gmt":"2015-10-25T18:45:27","guid":{"rendered":"https:\/\/www.sisinternational.com\/?page_id=19150"},"modified":"2026-03-05T23:41:27","modified_gmt":"2026-03-06T04:41:27","slug":"empresa-de-pesquisa-de-mercado-b2b","status":"publish","type":"page","link":"https:\/\/www.sisinternational.com\/pt\/solucoes\/pesquisa-de-mercado-b2b\/empresa-de-pesquisa-de-mercado-b2b\/","title":{"rendered":"Melhor empresa de pesquisa de mercado B2B"},"content":{"rendered":"<h1 class=\"wp-block-heading\">Melhor empresa de pesquisa de mercado B2B<\/h1>\n\n\n\n<p><\/p>\n\n\n\n<figure class=\"gb-block-image gb-block-image-a61a8d9b\"><img loading=\"lazy\" decoding=\"async\" width=\"1456\" height=\"816\" class=\"gb-image gb-image-a61a8d9b\" src=\"https:\/\/www.sisinternational.com\/wp-content\/uploads\/2025\/08\/B2Bjpg-4.jpg\" alt=\"Pesquisa e Estrat\u00e9gia de Mercado Internacional da SIS\" title=\"B2Bjpg (4)\" srcset=\"https:\/\/www.sisinternational.com\/wp-content\/uploads\/2025\/08\/B2Bjpg-4.jpg 1456w, https:\/\/www.sisinternational.com\/wp-content\/uploads\/2025\/08\/B2Bjpg-4-300x168.jpg 300w, https:\/\/www.sisinternational.com\/wp-content\/uploads\/2025\/08\/B2Bjpg-4-1024x574.jpg 1024w, https:\/\/www.sisinternational.com\/wp-content\/uploads\/2025\/08\/B2Bjpg-4-768x430.jpg 768w, https:\/\/www.sisinternational.com\/wp-content\/uploads\/2025\/08\/B2Bjpg-4-18x10.jpg 18w\" sizes=\"auto, (max-width: 1456px) 100vw, 1456px\"><\/figure>\n\n\n\n<hr class=\"wp-block-separator has-alpha-channel-opacity is-style-dots\"\/>\n\n\n\n<h3 class=\"wp-block-heading\"><span style=\"font-weight: 400;\">Toda grande decis\u00e3o empresarial come\u00e7a com os insights certos \u2014 e \u00e9 exatamente isso que uma empresa de ponta em pesquisa de mercado B2B oferece.<\/span><\/h3>\n\n\n\n<p><span style=\"font-weight: 400;\">Uma empresa de pesquisa de mercado B2B de ponta preenche a lacuna entre dados e a\u00e7\u00e3o, garantindo que suas decis\u00f5es estejam alinhadas \u00e0s demandas do mercado. Da explora\u00e7\u00e3o das prefer\u00eancias do cliente \u00e0 an\u00e1lise de tend\u00eancias do setor, essas empresas equipam os neg\u00f3cios com o conhecimento para impulsionar o crescimento, reduzir riscos e alcan\u00e7ar sucesso a longo prazo.<\/span><\/p>\n\n\n\n<h2 class=\"wp-block-heading\"><strong>O que \u00e9 uma empresa de pesquisa de mercado B2B de ponta?<\/strong><\/h2>\n\n\n\n<p><span style=\"font-weight: 400;\">A top B2B market research company delivers key insights and data-driven strategies tailored to the unique needs of business-to-business markets. These <a href=\"https:\/\/www.sisinternational.com\/pt\/empresa-de-previsao-de-tendencias-da-industria-b2b\/\" title=\"Empresa de previs\u00e3o das principais tend\u00eancias da ind\u00fastria B2B\"  data-wpil-monitor-id=\"1634\">companies conduct in-depth analyses to uncover trends<\/a>, identify opportunities, and address challenges within specific industries. Their services include gathering qualitative and quantitative data through surveys, focus groups, interviews, and data analytics.&nbsp;<\/span><\/p>\n\n\n\n<p><span style=\"font-weight: 400;\">For instance, a top <a class=\"wpil_keyword_link\" href=\"https:\/\/www.sisinternational.com\/pt\/solucoes\/pesquisa-de-mercado-b2b\/\"   title=\"Pesquisa de mercado B2B\" data-wpil-keyword-link=\"linked\"  data-wpil-monitor-id=\"785\">Pesquisa de mercado B2B<\/a> company might help a logistics firm analyze regional demand for supply chain solutions or assist a software company in understanding the needs of enterprise clients for a new SaaS product.&nbsp;<\/span><\/p>\n\n\n\n<h2 class=\"wp-block-heading\"><strong>Por que as empresas precisam de uma empresa de pesquisa de mercado B2B?<\/strong><\/h2>\n\n\n\n<p><\/p>\n\n\n\n<figure class=\"gb-block-image gb-block-image-f8cab8e1\"><img loading=\"lazy\" decoding=\"async\" width=\"1456\" height=\"816\" class=\"gb-image gb-image-f8cab8e1\" src=\"https:\/\/www.sisinternational.com\/wp-content\/uploads\/2025\/08\/B2B-2-4.jpg\" alt=\"Pesquisa e Estrat\u00e9gia de Mercado Internacional da SIS\" title=\"B2B 2 (4)\" srcset=\"https:\/\/www.sisinternational.com\/wp-content\/uploads\/2025\/08\/B2B-2-4.jpg 1456w, https:\/\/www.sisinternational.com\/wp-content\/uploads\/2025\/08\/B2B-2-4-300x168.jpg 300w, https:\/\/www.sisinternational.com\/wp-content\/uploads\/2025\/08\/B2B-2-4-1024x574.jpg 1024w, https:\/\/www.sisinternational.com\/wp-content\/uploads\/2025\/08\/B2B-2-4-768x430.jpg 768w, https:\/\/www.sisinternational.com\/wp-content\/uploads\/2025\/08\/B2B-2-4-18x10.jpg 18w\" sizes=\"auto, (max-width: 1456px) 100vw, 1456px\"><\/figure>\n\n\n\n<p><\/p>\n\n\n\n<p><span style=\"font-weight: 400;\"><a href=\"https:\/\/www.sisinternational.com\/pt\/solucoes\/pesquisa-de-mercado-b2b\/best-practices-for-b2b-market-research\/\" title=\"Best Practices for B2B Market Research\"  data-wpil-monitor-id=\"1790\">Pesquisa de mercado B2B<\/a> firms provide the expertise and tools necessary to address these complexities, enabling organizations to make data-driven decisions and stay ahead in competitive industries. Here\u2019s why businesses need the support of a <a href=\"https:\/\/www.sisinternational.com\/pt\/solucoes\/legal-market-research\/mock-jury-market-research-3\/\" title=\"Melhor empresa de pesquisa de mercado de j\u00fari simulado\"  data-wpil-monitor-id=\"912\">top B2B market research company<\/a>:<\/span><\/p>\n\n\n\n<h4 class=\"wp-block-heading\"><b>Compreendendo ciclos de compra complexos<\/b><\/h4>\n\n\n\n<p><span style=\"font-weight: 400;\">Multiple stakeholders, longer sales cycles, and intricate approval processes typically influence B2B purchasing decisions. A <a href=\"https:\/\/www.sisinternational.com\/pt\/empresa-de-estrategia-de-marketing-de-ponta\/\" title=\"Melhor empresa de estrat\u00e9gia de marketing\"  data-wpil-monitor-id=\"998\">top B2B market research company<\/a> helps businesses map out these decision-making journeys, uncovering critical factors influencing buyer behavior.&nbsp;<\/span><\/p>\n\n\n\n<h4 class=\"wp-block-heading\"><b>Identificando oportunidades de mercado<\/b><\/h4>\n\n\n\n<p><span style=\"font-weight: 400;\"><a href=\"https:\/\/www.sisinternational.com\/pt\/empresa-lider-em-monitoramento-de-tendencias-de-mercado-b2b\/\" title=\"Empresa de monitoramento de tend\u00eancias de mercado B2B\"  data-wpil-monitor-id=\"1224\">B2B market research companies<\/a> conduct thorough market analyses to identify demand, assess competition, and evaluate entry barriers. This ensures businesses can confidently pursue growth opportunities while mitigating potential challenges.&nbsp;<\/span><\/p>\n\n\n\n<h4 class=\"wp-block-heading\"><b>Otimizando estrat\u00e9gias de marketing e vendas<\/b><\/h4>\n\n\n\n<p><span style=\"font-weight: 400;\">A <a href=\"https:\/\/www.sisinternational.com\/pt\/pesquisa-de-mercado-de-geracao-de-leads-b2b\/\" title=\"Pesquisa de mercado de gera\u00e7\u00e3o de leads B2B\"  data-wpil-monitor-id=\"1339\">leading B2B market research<\/a> company helps businesses refine their messaging, identify the most effective marketing channels, and tailor their value propositions to resonate with target audiences.&nbsp;<\/span><\/p>\n\n\n\n<h4 class=\"wp-block-heading\"><b>Melhorando a reten\u00e7\u00e3o de clientes<\/b><\/h4>\n\n\n\n<p><span style=\"font-weight: 400;\">Understanding client pain points, satisfaction levels, and future needs is crucial for maintaining these relationships. A <a href=\"https:\/\/www.sisinternational.com\/pt\/empresa-lider-global-em-pesquisa-qualitativa\/\" title=\"Empresa l\u00edder global em pesquisa qualitativa\"  data-wpil-monitor-id=\"1025\">top B2B market research company<\/a> conducts customer satisfaction studies and retention analyses to help businesses strengthen their client base.<\/span><\/p>\n\n\n\n<h2 class=\"wp-block-heading\"><strong>Oportunidades em Pesquisa de Mercado B2B<\/strong><\/h2>\n\n\n\n<p><span style=\"font-weight: 400;\">The evolving business landscape presents several opportunities for <a href=\"https:\/\/www.sisinternational.com\/pt\/empresa-lider-em-geracao-de-demanda-b2b\/\" title=\"Melhor empresa de gera\u00e7\u00e3o de demanda B2B\"  data-wpil-monitor-id=\"1393\">companies<\/a> to leverage the insights of a B2B market research company. Below are some critical opportunities for businesses to explore through <a href=\"https:\/\/www.sisinternational.com\/pt\/solucoes\/pesquisa-de-mercado-de-reconhecimento-de-marca-b2b\/\" title=\"Pesquisa de mercado de conscientiza\u00e7\u00e3o da marca B2B\"  data-wpil-monitor-id=\"2318\">Pesquisa de mercado B2B<\/a>:<\/span><\/p>\n\n\n\n<h4 class=\"wp-block-heading\"><b>1. Expans\u00e3o para mercados emergentes<\/b><\/h4>\n\n\n\n<p><span style=\"font-weight: 400;\">Rapid economic growth in Southeast Asia, Africa, and Latin America presents untapped opportunities. <a href=\"https:\/\/www.sisinternational.com\/pt\/solucoes\/empresa-de-pesquisa-de-mercado-de-comunidade-on-line-b2b\/\" title=\"Empresa de pesquisa de mercado de comunidades on-line B2B\"  data-wpil-monitor-id=\"2378\">Pesquisa de mercado B2B<\/a> can identify high-potential markets, cultural nuances, and local regulatory requirements, enabling businesses to tailor their strategies effectively.<\/span><\/p>\n\n\n\n<h4 class=\"wp-block-heading\"><b>2. Alavancando a transforma\u00e7\u00e3o digital<\/b><\/h4>\n\n\n\n<p><span style=\"font-weight: 400;\"><a href=\"https:\/\/www.sisinternational.com\/pt\/empresa-lider-em-estrategia-de-entrada-no-mercado-b2b\/\" title=\"Melhor empresa de estrat\u00e9gia de entrada no mercado B2B\"  data-wpil-monitor-id=\"1367\">Companies can use B2B market<\/a> research to assess how AI, machine learning, and blockchain impact their markets, helping them integrate these innovations to enhance operations and customer experiences.<\/span><\/p>\n\n\n\n<h4 class=\"wp-block-heading\"><b>3. Alinhamento ESG e Sustentabilidade<\/b><\/h4>\n\n\n\n<p><span style=\"font-weight: 400;\">Com os crit\u00e9rios ambientais, sociais e de governan\u00e7a (ESG) ganhando destaque, as empresas podem se posicionar como l\u00edderes em sustentabilidade. Esta pesquisa de mercado ajuda a identificar as prioridades do cliente em pr\u00e1ticas verdes e conformidade, permitindo que as empresas alinhem suas ofertas adequadamente.<\/span><\/p>\n\n\n\n<h4 class=\"wp-block-heading\"><b>4. Personaliza\u00e7\u00e3o e Customiza\u00e7\u00e3o<\/b><\/h4>\n\n\n\n<p><span style=\"font-weight: 400;\">A pesquisa de mercado fornece insights sobre as necessidades espec\u00edficas dos clientes, permitindo que as empresas forne\u00e7am produtos, servi\u00e7os e experi\u00eancias personalizados.<\/span><\/p>\n\n\n\n<h4 class=\"wp-block-heading\"><b>5. Inova\u00e7\u00e3o no desenvolvimento de produtos e servi\u00e7os<\/b><\/h4>\n\n\n\n<p><span style=\"font-weight: 400;\">A <a href=\"https:\/\/www.sisinternational.com\/pt\/melhor-empresa-de-otimizacao-de-vendas-b2b\/\" title=\"Melhor empresa de otimiza\u00e7\u00e3o de vendas B2B\"  data-wpil-monitor-id=\"1661\">B2B market research company<\/a> helps businesses identify unmet needs, test new ideas, and refine product offerings to resonate with their target audience.<\/span><\/p>\n\n\n\n<h3 class=\"wp-block-heading p12\"><b>Uma amostra de nossos clientes anteriores e atuais<\/b><\/h3>\n\n\n\n<p><\/p>\n\n\n\n<figure class=\"gb-block-image gb-block-image-a0ad1b08\"><img loading=\"lazy\" decoding=\"async\" width=\"1456\" height=\"816\" class=\"gb-image gb-image-a0ad1b08\" src=\"https:\/\/www.sisinternational.com\/wp-content\/uploads\/2025\/08\/B2Bjpg-3.jpg\" alt=\"Pesquisa e Estrat\u00e9gia de Mercado Internacional da SIS\" title=\"B2Bjpg (3)\" srcset=\"https:\/\/www.sisinternational.com\/wp-content\/uploads\/2025\/08\/B2Bjpg-3.jpg 1456w, https:\/\/www.sisinternational.com\/wp-content\/uploads\/2025\/08\/B2Bjpg-3-300x168.jpg 300w, https:\/\/www.sisinternational.com\/wp-content\/uploads\/2025\/08\/B2Bjpg-3-1024x574.jpg 1024w, https:\/\/www.sisinternational.com\/wp-content\/uploads\/2025\/08\/B2Bjpg-3-768x430.jpg 768w, https:\/\/www.sisinternational.com\/wp-content\/uploads\/2025\/08\/B2Bjpg-3-18x10.jpg 18w\" sizes=\"auto, (max-width: 1456px) 100vw, 1456px\"><\/figure>\n\n\n\n<p><\/p>\n\n\n\n<ul class=\"wp-block-list\">\n<li>Materiais de controle de tr\u00e1fego 3M<\/li>\n\n\n\n<li>Acer<\/li>\n\n\n\n<li>Empresa Alfabeto<\/li>\n\n\n\n<li>Amway<\/li>\n\n\n\n<li>Ma\u00e7\u00e3<\/li>\n\n\n\n<li>Materiais Aplicados<\/li>\n\n\n\n<li>AT&amp;T<\/li>\n\n\n\n<li>Avery Dennison<\/li>\n\n\n\n<li>Bain &amp; Co.<\/li>\n\n\n\n<li>Sino Sul<\/li>\n\n\n\n<li>Bellcore<\/li>\n\n\n\n<li>Brady Corp.<\/li>\n\n\n\n<li>Cisco<\/li>\n\n\n\n<li>Associa\u00e7\u00e3o de fabricantes de fechamentos<\/li>\n\n\n\n<li>Connect Teleservices, LLC<\/li>\n\n\n\n<li>Solu\u00e7\u00f5es respirat\u00f3rias e de monitoramento da Covidien<\/li>\n\n\n\n<li>Cont\u00ednuo<\/li>\n\n\n\n<li>Cummins<\/li>\n\n\n\n<li>Daimler<\/li>\n\n\n\n<li>Corpora\u00e7\u00e3o de equipamentos digitais<\/li>\n\n\n\n<li>Alavanca de Diversidade<\/li>\n\n\n\n<li>Dremel<\/li>\n\n\n\n<li>Eastman Kodak<\/li>\n\n\n\n<li>EC21<\/li>\n\n\n\n<li>Sistemas Eletr\u00f4nicos de Dados<\/li>\n\n\n\n<li>Elfo Aquit\u00e2nia<\/li>\n\n\n\n<li>Exxon-Mobil<\/li>\n\n\n\n<li>Fasson \u2013 Divis\u00e3o Roll<\/li>\n\n\n\n<li>Grupo Cinco Doze<\/li>\n\n\n\n<li>Fleishman Hillard<\/li>\n\n\n\n<li>Ford Motor Company<\/li>\n\n\n\n<li>Genecor<\/li>\n\n\n\n<li>El\u00e9trica geral<\/li>\n\n\n\n<li>Motores Gerais<\/li>\n\n\n\n<li>Grainger<\/li>\n\n\n\n<li>Servi\u00e7os de informa\u00e7\u00e3o GTE<\/li>\n\n\n\n<li>Hewlett-Packard<\/li>\n\n\n\n<li>Colina-Rom<\/li>\n\n\n\n<li>IBM<\/li>\n\n\n\n<li>Erator na pia<\/li>\n\n\n\n<li>Itvasline<\/li>\n\n\n\n<li>Controles Johnson<\/li>\n\n\n\n<li>Kohler<\/li>\n\n\n\n<li>Milliken e Compan<\/li>\n\n\n\n<li>Motorola<\/li>\n\n\n\n<li>MTS<\/li>\n\n\n\n<li>Nicholson Kovac, Inc.<\/li>\n\n\n\n<li>Nikkeis<\/li>\n\n\n\n<li>Nissan<\/li>\n\n\n\n<li>Nokia<\/li>\n\n\n\n<li>Nortel<\/li>\n\n\n\n<li>Sino do Pac\u00edfico<\/li>\n\n\n\n<li>Parsons Brinckerhoff<\/li>\n\n\n\n<li>Pitney Bowes<\/li>\n\n\n\n<li>Pohl-Boskamp<\/li>\n\n\n\n<li>Corpora\u00e7\u00e3o Polaroid<\/li>\n\n\n\n<li>Confian\u00e7a El\u00e9trica<\/li>\n\n\n\n<li>Gr\u00e1ficos Rexam<\/li>\n\n\n\n<li>Rinnai<\/li>\n\n\n\n<li>Samsung<\/li>\n\n\n\n<li>Cera SC Johnson<\/li>\n\n\n\n<li>Fechamentos Seaquist<\/li>\n\n\n\n<li>Corpora\u00e7\u00e3o Eletr\u00f4nica Sensorm\u00e1tica<\/li>\n\n\n\n<li>Concha<\/li>\n\n\n\n<li>Siemens<\/li>\n\n\n\n<li>Corpora\u00e7\u00e3o Simplex<\/li>\n\n\n\n<li>Sino do Sudoeste<\/li>\n\n\n\n<li>Springer-Verlag<\/li>\n\n\n\n<li>Stanley Obras<\/li>\n\n\n\n<li>Caixa de a\u00e7o<\/li>\n\n\n\n<li>Banco de dados Teikoku Am\u00e9rica<\/li>\n\n\n\n<li>Editora Tom\u00e1s<\/li>\n\n\n\n<li>Toyota<\/li>\n\n\n\n<li>Uni\u00e3o Pac\u00edfico<\/li>\n\n\n\n<li>Unisys<\/li>\n\n\n\n<li>Tecnologia Unida<\/li>\n\n\n\n<li>Volvo Am\u00e9rica do Norte Corp.<\/li>\n\n\n\n<li>WR Gra\u00e7a e Companhia<\/li>\n\n\n\n<li>Whirlpool Corporation<\/li>\n\n\n\n<li>Wirelution<\/li>\n<\/ul>\n\n\n\n<h2 class=\"wp-block-heading\"><strong>O que torna a SIS International uma empresa l\u00edder em pesquisa de mercado B2B<\/strong><\/h2>\n\n\n\n<p><a href=\"https:\/\/www.linkedin.com\/company\/sisinternationalresearch\/\" target=\"_blank\" rel=\"noopener\"><span style=\"font-weight: 400;\">SIS Internacional<\/span><\/a><span style=\"font-weight: 400;\"> fornece insights de alta qualidade e estrat\u00e9gias acion\u00e1veis para empresas em diversos setores. Com um hist\u00f3rico comprovado de sucesso, a empresa combina profunda expertise, metodologias inovadoras e uma abordagem focada no cliente para ajudar as organiza\u00e7\u00f5es a tomar decis\u00f5es baseadas em dados.<\/span><\/p>\n\n\n\n<p><b>Amplo conhecimento de mercado<\/b><b><br><\/b><b><br><\/b><a href=\"https:\/\/twitter.com\/SISIntlResearch\" target=\"_blank\" rel=\"noopener\"><span style=\"font-weight: 400;\">SIS<\/span><\/a><span style=\"font-weight: 400;\"> \u00e9 especializada em mercados B2B, oferecendo insights inigual\u00e1veis em setores complexos como tecnologia, sa\u00fade, manufatura e servi\u00e7os financeiros. Nossa equipe de especialistas traz anos de experi\u00eancia e uma compreens\u00e3o diferenciada dos desafios espec\u00edficos do setor.<\/span><\/p>\n\n\n\n<p><b>Alcance global com experi\u00eancia local<\/b><b><br><\/b><b><br><\/b><span style=\"font-weight: 400;\">We provide businesses with a global perspective and localized insights. It ensures clients receive strategies tailored to their specific markets, whether they\u2019re navigating regional regulations or cultural dynamics.<\/span><\/p>\n\n\n\n<p><b>M\u00e9todos de Pesquisa Inovadores<\/b><b><br><\/b><b><br><\/b><a href=\"https:\/\/medium.com\/@sisinternational\/sis-international-c17160da8fac\" target=\"_blank\" rel=\"noopener\"><span style=\"font-weight: 400;\">SIS<\/span><\/a><span style=\"font-weight: 400;\"> alavanca metodologias de ponta, incluindo an\u00e1lise avan\u00e7ada de dados, modelagem preditiva e ferramentas digitais. A empresa fornece insights confi\u00e1veis e voltados para o futuro ao integrar t\u00e9cnicas de pesquisa tradicionais e modernas.<\/span><\/p>\n\n\n\n<p><b>Compromisso com insights acion\u00e1veis<\/b><b><br><\/b><b><br><\/b><span style=\"font-weight: 400;\">Nossa equipe vai al\u00e9m da coleta de dados, transformando informa\u00e7\u00f5es brutas em estrat\u00e9gias acion\u00e1veis. Os clientes se beneficiam de recomenda\u00e7\u00f5es claras e pr\u00e1ticas que se alinham com seus objetivos de neg\u00f3cios e geram resultados mensur\u00e1veis.<\/span><\/p>\n\n\n\n<p><b>Confi\u00e1vel por l\u00edderes da ind\u00fastria<\/b><b><br><\/b><b><br><\/b><span style=\"font-weight: 400;\">A SIS International fez parcerias com empresas l\u00edderes em todos os setores, ganhando reputa\u00e7\u00e3o de excel\u00eancia, confiabilidade e valor. Seus clientes confiam na empresa para fornecer insights que os capacitam a tomar decis\u00f5es informadas e impactantes.<\/span><\/p>\n\n\n\n<h3 class=\"wp-block-heading\"><b>A vantagem internacional do SIS<\/b><\/h3>\n\n\n\n<p><span style=\"font-weight: 400;\">SIS International is more than just a research provider\u2014it\u2019s a strategic partner dedicated to helping businesses navigate complex markets and achieve sustainable growth. As a <a href=\"https:\/\/www.sisinternational.com\/pt\/empresa-lider-global-em-pesquisa-quantitativa-de-mercado\/\" title=\"Empresa l\u00edder global em pesquisa quantitativa de mercado\" data-wpil-monitor-id=\"1047\">top B2B market research company<\/a>, SIS International combines expertise, innovation, and client-centricity to deliver unparalleled value.<\/span><\/p>\n\n\n\n<h2 class=\"wp-block-heading\">Localiza\u00e7\u00e3o de nossas instala\u00e7\u00f5es em Nova York<\/h2>\n\n\n\n<p>\n\n\n\n<iframe loading=\"lazy\" src=\"https:\/\/www.google.com\/maps\/embed?pb=!1m18!1m12!1m3!1d3022.976188376966!2d-73.99130312499956!3d40.740549471389315!2m3!1f0!2f0!3f0!3m2!1i1024!2i768!4f13.1!3m3!1m2!1s0x89c259a15798c731%3A0xd695d09bdd495f25!2s11%20E%2022nd%20St%20FL%202%2C%20New%20York%2C%20NY%2010010%2C%20USA!5e0!3m2!1sen!2spe!4v1726171763526!5m2!1sen!2spe\" width=\"600\" height=\"450\" allowfullscreen=\"allowfullscreen\" data-mce-fragment=\"1\"><\/iframe>\n\n\n\n<\/p>\n\n\n\n<h3 class=\"wp-block-heading\">11 E 22nd Street, 2\u00ba andar, Nova York, NY 10010 T: +1(212) 505-6805<\/h3>\n\n\n\n<hr class=\"wp-block-separator has-alpha-channel-opacity\"\/>\n\n\n\n<h2 class=\"wp-block-heading\"><span style=\"font-weight: 400;\">Sobre SIS Internacional<\/span><\/h2>\n\n\n\n<p><a href=\"https:\/\/www.sisinternational.com\/pt\/\"><span style=\"font-weight: 400;\">SIS Internacional<\/span><\/a><span style=\"font-weight: 400;\"> oferece pesquisa quantitativa, qualitativa e estrat\u00e9gica. Fornecemos dados, ferramentas, estrat\u00e9gias, relat\u00f3rios e insights para a tomada de decis\u00f5es. Tamb\u00e9m realizamos entrevistas, pesquisas, grupos focais e outros m\u00e9todos e abordagens de Pesquisa de Mercado.<\/span><a href=\"https:\/\/www.sisinternational.com\/pt\/sobre-a-sis-international-research\/contact-sis-international-market-research\/\"><span style=\"font-weight: 400;\"> Entre em contato conosco<\/span><\/a><span style=\"font-weight: 400;\"> para o seu pr\u00f3ximo projeto de pesquisa de mercado.<\/span><\/p>\n\n\n\n<p><\/p>","protected":false},"excerpt":{"rendered":"<p>Aproveite nossa experi\u00eancia global no setor B2B.<\/p>","protected":false},"author":1,"featured_media":62382,"parent":11292,"menu_order":0,"comment_status":"closed","ping_status":"closed","template":"","meta":{"footnotes":""},"class_list":["post-19150","page","type-page","status-publish","has-post-thumbnail"],"_links":{"self":[{"href":"https:\/\/www.sisinternational.com\/pt\/wp-json\/wp\/v2\/pages\/19150","targetHints":{"allow":["GET"]}}],"collection":[{"href":"https:\/\/www.sisinternational.com\/pt\/wp-json\/wp\/v2\/pages"}],"about":[{"href":"https:\/\/www.sisinternational.com\/pt\/wp-json\/wp\/v2\/types\/page"}],"author":[{"embeddable":true,"href":"https:\/\/www.sisinternational.com\/pt\/wp-json\/wp\/v2\/users\/1"}],"replies":[{"embeddable":true,"href":"https:\/\/www.sisinternational.com\/pt\/wp-json\/wp\/v2\/comments?post=19150"}],"version-history":[{"count":20,"href":"https:\/\/www.sisinternational.com\/pt\/wp-json\/wp\/v2\/pages\/19150\/revisions"}],"predecessor-version":[{"id":76726,"href":"https:\/\/www.sisinternational.com\/pt\/wp-json\/wp\/v2\/pages\/19150\/revisions\/76726"}],"up":[{"embeddable":true,"href":"https:\/\/www.sisinternational.com\/pt\/wp-json\/wp\/v2\/pages\/11292"}],"wp:featuredmedia":[{"embeddable":true,"href":"https:\/\/www.sisinternational.com\/pt\/wp-json\/wp\/v2\/media\/62382"}],"wp:attachment":[{"href":"https:\/\/www.sisinternational.com\/pt\/wp-json\/wp\/v2\/media?parent=19150"}],"curies":[{"name":"wp","href":"https:\/\/api.w.org\/{rel}","templated":true}]}}