{"id":19141,"date":"2015-10-25T18:13:12","date_gmt":"2015-10-25T18:13:12","guid":{"rendered":"https:\/\/www.sisinternational.com\/?page_id=19141"},"modified":"2026-03-12T11:54:24","modified_gmt":"2026-03-12T15:54:24","slug":"curriculo-de-experiencia-na-industria-automotiva","status":"publish","type":"page","link":"https:\/\/www.sisinternational.com\/pt\/pericia\/pesquisa-de-mercado-automotivo\/curriculo-de-experiencia-na-industria-automotiva\/","title":{"rendered":"Empresa de pesquisa de mercado da ind\u00fastria automotiva"},"content":{"rendered":"<h1 class=\"wp-block-heading\">Experi\u00eancia em pesquisa de mercado na ind\u00fastria automotiva<\/h1>\n\n\n\n<p><\/p>\n\n\n\n<figure class=\"gb-block-image gb-block-image-bda5eeb9\"><img loading=\"lazy\" decoding=\"async\" width=\"1456\" height=\"816\" class=\"gb-image gb-image-bda5eeb9\" src=\"https:\/\/www.sisinternational.com\/wp-content\/uploads\/2025\/09\/Automotive-Market-Research-in-Europe-1.jpg\" alt=\"Pesquisa e Estrat\u00e9gia de Mercado Internacional da SIS\" title=\"Automotive Market Research in Europe (1)\" srcset=\"https:\/\/www.sisinternational.com\/wp-content\/uploads\/2025\/09\/Automotive-Market-Research-in-Europe-1.jpg 1456w, https:\/\/www.sisinternational.com\/wp-content\/uploads\/2025\/09\/Automotive-Market-Research-in-Europe-1-300x168.jpg 300w, https:\/\/www.sisinternational.com\/wp-content\/uploads\/2025\/09\/Automotive-Market-Research-in-Europe-1-1024x574.jpg 1024w, https:\/\/www.sisinternational.com\/wp-content\/uploads\/2025\/09\/Automotive-Market-Research-in-Europe-1-768x430.jpg 768w, https:\/\/www.sisinternational.com\/wp-content\/uploads\/2025\/09\/Automotive-Market-Research-in-Europe-1-18x10.jpg 18w\" sizes=\"auto, (max-width: 1456px) 100vw, 1456px\"><\/figure>\n\n\n\n<p><\/p>\n\n\n\n<h2 class=\"wp-block-heading\">Nossa experi\u00eancia em pesquisa de mercado na ind\u00fastria automotiva<\/h2>\n\n\n\n<p><strong>A SIS \u00e9 uma empresa l\u00edder global em pesquisa e estrat\u00e9gia de mercado automotivo. Aproveite nossa experi\u00eancia na ind\u00fastria automotiva.<\/strong><\/p>\n\n\n\n<ul class=\"wp-block-list\">\n<li>Realizei um estudo quantitativo e qualitativo sobre a opini\u00e3o dos consumidores sobre o pre\u00e7o do equipamento e necessidade de cada op\u00e7\u00e3o, pre\u00e7o esperado, prefer\u00eancia e ideias para novas op\u00e7\u00f5es\/funcionalidades.<\/li>\n\n\n\n<li>Realizou estudos etnogr\u00e1ficos automotivos sobre ambientadores no Brasil e na China.<\/li>\n\n\n\n<li>Conduziu uma grande cl\u00ednica automotiva em Nova York sobre a tecnologia de sensores de estacionamento.<\/li>\n\n\n\n<li>Conducted an in-depth <a href=\"https:\/\/www.sisinternational.com\/pt\/solucoes\/grupos-de-foco\/grupos-de-foco-de-nyc-para-testar-produtos-para-idosos\/\" title=\"Aproveitando os grupos de foco de Nova York para testar produtos para idosos \u00a0\"  data-wpil-monitor-id=\"10537\">focus group and ethnographic study in NYC<\/a>, LA and Seattle among Generation Y about their attitudes towards a new car concept.<\/li>\n\n\n\n<li><a href=\"https:\/\/www.sisinternational.com\/pt\/solucoes\/pesquisa-de-mercado-em-grupo-focal\/como-conduzir-um-grupo-focal\/\" title=\"Como conduzir um grupo focal\"  data-wpil-monitor-id=\"10534\">Conducted focus groups<\/a> of very low-incidence car owners in the Los Angeles area<\/li>\n\n\n\n<li>Conduziu um estudo sobre compradores e n\u00e3o compradores de BMW para coletar informa\u00e7\u00f5es sobre necessidades e prefer\u00eancias<\/li>\n\n\n\n<li>Conduziu um estudo global sobre ve\u00edculos h\u00edbridos el\u00e9tricos (HEV), com particular \u00eanfase na Argentina, Brasil, Chile, M\u00e9xico, Austr\u00e1lia e Nova Zel\u00e2ndia<\/li>\n\n\n\n<li><a href=\"https:\/\/www.sisinternational.com\/pt\/how-to-conduct-effective-desk-research\/\" title=\"Como conduzir uma pesquisa documental eficaz\"  data-wpil-monitor-id=\"10541\">Conducted advertising effectiveness research<\/a> and CAWI interviews in NYC among high income, low incidence European automobile drivers.<\/li>\n\n\n\n<li>Conduziu grupos de discuss\u00e3o qualitativa sobre a experi\u00eancia de concession\u00e1ria de carros de luxo entre propriet\u00e1rios de carros de luxo<\/li>\n\n\n\n<li>Conduziu um grande estudo automotivo de luxo e de baixa incid\u00eancia (F2F, CATI) em Washington DC.<\/li>\n\n\n\n<li>Conduziu recrutamento e trabalho de campo em uma grande cl\u00ednica automotiva em Los Angeles para um grande fabricante de autom\u00f3veis europeu<\/li>\n\n\n\n<li>Conduziu uma investiga\u00e7\u00e3o de diversas literaturas de vendas a partir da perspectiva de um cliente de uma empresa europeia de autom\u00f3veis de luxo.<\/li>\n\n\n\n<li>Conduziu um estudo de concorr\u00eancia em dois grandes concorrentes OEM que s\u00e3o distribuidores de componentes automotivos.<\/li>\n\n\n\n<li>Conducted worldwide study of auto drives.&nbsp; Conducted focus groups in the following countries: Argentina, Brazil, France, Germany, Hong Kong, Italy, Japan, Malaysia, Netherlands, Norway, Puerto Rico, Singapore, Thailand, and the UK.<\/li>\n\n\n\n<li>Conduziu um estudo de business intelligence para pesquisar a avalia\u00e7\u00e3o competitiva da fabrica\u00e7\u00e3o de segundo est\u00e1gio de corpora\u00e7\u00f5es automobil\u00edsticas.<\/li>\n\n\n\n<li><a href=\"https:\/\/www.sisinternational.com\/pt\/how-to-conduct-in-depth-interviews-for-market-insights\/\" title=\"Como conduzir entrevistas em profundidade para obter insights de mercado\"  data-wpil-monitor-id=\"10530\">Conducted in-depth interviews<\/a> on new advertising slogans for a high-end car.<\/li>\n\n\n\n<li>Estudo de imagem publicit\u00e1ria corporativa nos EUA para um grande fabricante europeu de autom\u00f3veis.<\/li>\n\n\n\n<li>Estudo qualitativo para jovens americanos para estudos automotivos nos EUA.<\/li>\n\n\n\n<li>Conducted study in Asia for the <a href=\"https:\/\/www.sisinternational.com\/pt\/opiniao-sobre-o-produto-insights-culturais-da-asia-para-a-europa-entrada-no-mercado\/\" title=\"Pesquisa de entrada no mercado automotivo | Estudo de caso\"  data-wpil-monitor-id=\"6669\">automotivo<\/a> testing equipment market.<\/li>\n\n\n\n<li>Conduziu um programa de publicidade de conscientiza\u00e7\u00e3o de imagem para um fabricante automotivo global.<\/li>\n\n\n\n<li>Avalia\u00e7\u00e3o competitiva de uma grande empresa automobil\u00edstica na Tail\u00e2ndia.<\/li>\n\n\n\n<li>Entrevistas qualitativas e aprofundadas com usu\u00e1rios de novos modelos de SUVs.<\/li>\n\n\n\n<li>Tend\u00eancias de compra identificadas e prefer\u00eancias de consumo de autom\u00f3veis de solteiros nos EUA<\/li>\n\n\n\n<li>Realizou estudo para analisar as condi\u00e7\u00f5es atuais de estacionamento de vagas individuais, lotes municipais e muni-metros na cidade de Nova York.<\/li>\n\n\n\n<li>Conduziu um trabalho de campo aprofundado de baixa incid\u00eancia de satisfa\u00e7\u00e3o com servi\u00e7os automotivos por meio de um estudo aprofundado do CATI.<\/li>\n\n\n\n<li>Estudo realizado sobre propriet\u00e1rios e revendedores de autom\u00f3veis. O objetivo deste estudo foi examinar as experi\u00eancias, comportamentos e n\u00edveis gerais de satisfa\u00e7\u00e3o dos compradores e revendedores de autom\u00f3veis em rela\u00e7\u00e3o ao financiamento de empr\u00e9stimos para autom\u00f3veis.<\/li>\n\n\n\n<li>Conduzi entrevistas no local do sal\u00e3o do autom\u00f3vel de Nova York para estabelecer feedback de interesse da marca para planejamento futuro.<\/li>\n\n\n\n<li>Conduzi grupos focais e visitas domiciliares para obter insights sobre o papel de um carro na resid\u00eancia, perfis de clientes, processo de compra e decis\u00e3o.<\/li>\n\n\n\n<li>Conducted focus <a href=\"https:\/\/www.sisinternational.com\/pt\/pericia\/industrias\/pesquisa-de-mercado-de-grupos-focais-automotivos\/\" title=\"Pesquisa de mercado de grupos focais automotivos\"  data-wpil-monitor-id=\"10536\">groups in the consumer and automotive<\/a> industry with focus in the tires category regarding emotional values linked to functional benefits.<\/li>\n\n\n\n<li>Realizou uma pesquisa on-line para analisar a atitude dos propriet\u00e1rios de autom\u00f3veis em rela\u00e7\u00e3o aos seus ve\u00edculos no Reino Unido, Alemanha, R\u00fassia e Austr\u00e1lia.<\/li>\n\n\n\n<li>Consumer research (purchase decision, car strengths and weaknesses, image and brand perception) in New <a href=\"https:\/\/www.sisinternational.com\/pt\/solucoes\/grupos-de-foco\/instalacoes-de-grupos-focais-em-nova-york\/\" title=\"Instala\u00e7\u00f5es do Focus Group em Nova York\"  data-wpil-monitor-id=\"10531\">York City using focus groups<\/a>.<\/li>\n\n\n\n<li>Testes de conceito automotivo na China usando entrevistas detalhadas.<\/li>\n\n\n\n<li>Cl\u00ednica automotiva nos Estados Unidos para testar novos conceitos de autom\u00f3veis no segmento de luxo.<\/li>\n\n\n\n<li>Realizei estudo de intelig\u00eancia de mercado sobre o mercado de rodas de alum\u00ednio nos EUA.<\/li>\n\n\n\n<li>Criou an\u00e1lises de mercado do mercado de carros el\u00e9tricos nas Am\u00e9ricas.<\/li>\n\n\n\n<li>Realizei teste de usabilidade em sensores de estacionamento de carros alugados.<\/li>\n\n\n\n<li>Conducted study to gain insight in <a href=\"https:\/\/www.sisinternational.com\/pt\/financial-services-consulting\/financial-services-customer-satisfaction\/\" title=\"Financial Services Customer Satisfaction\"  data-wpil-monitor-id=\"10539\">customer satisfaction with car repair services<\/a>.<\/li>\n\n\n\n<li>Conduziu entrevistas com concession\u00e1rias de autom\u00f3veis nos Estados Unidos.<\/li>\n\n\n\n<li>Conduziu grupos focais para propriet\u00e1rios de motores Yamaha\/clientes em potencial<\/li>\n\n\n\n<li>Conduziu estudo sobre revendedores de autom\u00f3veis chineses<\/li>\n\n\n\n<li>Conduziu um estudo de pesquisa para testar carros e conceitos de autom\u00f3veis.<\/li>\n\n\n\n<li>Conducted a steering wheel report study in the US<\/li>\n\n\n\n<li>Conducted a <a href=\"https:\/\/www.sisinternational.com\/pt\/pericia\/industrias\/pesquisa-de-mercado-de-veiculos-eletricos\/\" title=\"Pesquisa de mercado de ve\u00edculos el\u00e9tricos\"  data-wpil-monitor-id=\"10543\">research study regarding Electric Vehicles<\/a> in the US<\/li>\n\n\n\n<li>Conduziu um estudo de pesquisa de benchmarking sobre o Volvo Penta<\/li>\n\n\n\n<li>Conduziu um estudo de pesquisa sobre o motor Ford Gen IV<\/li>\n\n\n\n<li>Conducted an online and telephone research for machines and small engines<\/li>\n\n\n\n<li>Conduziu uma pesquisa de usabilidade de site para um grande fabricante de autom\u00f3veis<\/li>\n<\/ul>\n\n\n\n<h3 class=\"wp-block-heading\"><b>Uma amostra de nossos clientes atuais e anteriores<\/b><\/h3>\n\n\n\n<ul class=\"wp-block-list\">\n<li>Daimler<\/li>\n\n\n\n<li>Ford Motor Company<\/li>\n\n\n\n<li>Motores Gerais<\/li>\n\n\n\n<li>Honda<\/li>\n\n\n\n<li>MINI<\/li>\n\n\n\n<li>MTS<\/li>\n\n\n\n<li>Nissan<\/li>\n\n\n\n<li>Hyundai<\/li>\n\n\n\n<li>Jaguar<\/li>\n\n\n\n<li>Reoforja<\/li>\n\n\n\n<li>Concha<\/li>\n\n\n\n<li>Toyota<\/li>\n\n\n\n<li>Volvo Am\u00e9rica do Norte<\/li>\n\n\n\n<li>Yamaha<\/li>\n\n\n\n<li>Rede GMS<\/li>\n\n\n\n<li>Porsche<\/li>\n\n\n\n<li>BMW<\/li>\n<\/ul>\n\n\n\n<h2 class=\"wp-block-heading\"><a href=\"https:\/\/www.sisinternational.com\/pt\/about-sis\/contact-sis-international-market-research\/\">Contate-nos para o seu pr\u00f3ximo projeto de pesquisa de mercado automotivo.<\/a><\/h2>\n\n\n\n<p><\/p>","protected":false},"excerpt":{"rendered":"<p>Aproveite nossa experi\u00eancia na ind\u00fastria automotiva.<\/p>","protected":false},"author":1,"featured_media":66388,"parent":11155,"menu_order":2,"comment_status":"closed","ping_status":"closed","template":"","meta":{"footnotes":""},"class_list":["post-19141","page","type-page","status-publish","has-post-thumbnail"],"_links":{"self":[{"href":"https:\/\/www.sisinternational.com\/pt\/wp-json\/wp\/v2\/pages\/19141","targetHints":{"allow":["GET"]}}],"collection":[{"href":"https:\/\/www.sisinternational.com\/pt\/wp-json\/wp\/v2\/pages"}],"about":[{"href":"https:\/\/www.sisinternational.com\/pt\/wp-json\/wp\/v2\/types\/page"}],"author":[{"embeddable":true,"href":"https:\/\/www.sisinternational.com\/pt\/wp-json\/wp\/v2\/users\/1"}],"replies":[{"embeddable":true,"href":"https:\/\/www.sisinternational.com\/pt\/wp-json\/wp\/v2\/comments?post=19141"}],"version-history":[{"count":5,"href":"https:\/\/www.sisinternational.com\/pt\/wp-json\/wp\/v2\/pages\/19141\/revisions"}],"predecessor-version":[{"id":81731,"href":"https:\/\/www.sisinternational.com\/pt\/wp-json\/wp\/v2\/pages\/19141\/revisions\/81731"}],"up":[{"embeddable":true,"href":"https:\/\/www.sisinternational.com\/pt\/wp-json\/wp\/v2\/pages\/11155"}],"wp:featuredmedia":[{"embeddable":true,"href":"https:\/\/www.sisinternational.com\/pt\/wp-json\/wp\/v2\/media\/66388"}],"wp:attachment":[{"href":"https:\/\/www.sisinternational.com\/pt\/wp-json\/wp\/v2\/media?parent=19141"}],"curies":[{"name":"wp","href":"https:\/\/api.w.org\/{rel}","templated":true}]}}