{"id":18900,"date":"2015-09-21T23:57:09","date_gmt":"2015-09-21T23:57:09","guid":{"rendered":"https:\/\/www.sisinternational.com\/?page_id=18900"},"modified":"2026-03-12T21:25:27","modified_gmt":"2026-03-13T01:25:27","slug":"teste-de-usabilidade-pesquisa-de-experiencia-do-usuario","status":"publish","type":"page","link":"https:\/\/www.sisinternational.com\/pt\/pericia\/pesquisa-de-mercado-para-testes-de-produtos\/teste-de-usabilidade-pesquisa-de-experiencia-do-usuario\/","title":{"rendered":"Pesquisa de mercado de usu\u00e1rios e testes de usabilidade"},"content":{"rendered":"<h1 class=\"wp-block-heading p1\">Pesquisa de mercado de usu\u00e1rios e testes de usabilidade<\/h1>\n\n\n\n<p><\/p>\n\n\n\n<figure class=\"gb-block-image gb-block-image-ceedab54\"><img loading=\"lazy\" decoding=\"async\" width=\"1456\" height=\"816\" class=\"gb-image gb-image-ceedab54\" src=\"https:\/\/www.sisinternational.com\/wp-content\/uploads\/2025\/08\/Tech-6.jpg\" alt=\"Pesquisa e Estrat\u00e9gia de Mercado Internacional da SIS\" title=\"Tech (6)\" srcset=\"https:\/\/www.sisinternational.com\/wp-content\/uploads\/2025\/08\/Tech-6.jpg 1456w, https:\/\/www.sisinternational.com\/wp-content\/uploads\/2025\/08\/Tech-6-300x168.jpg 300w, https:\/\/www.sisinternational.com\/wp-content\/uploads\/2025\/08\/Tech-6-1024x574.jpg 1024w, https:\/\/www.sisinternational.com\/wp-content\/uploads\/2025\/08\/Tech-6-768x430.jpg 768w, https:\/\/www.sisinternational.com\/wp-content\/uploads\/2025\/08\/Tech-6-18x10.jpg 18w\" sizes=\"auto, (max-width: 1456px) 100vw, 1456px\"><\/figure>\n\n\n\n<p><\/p>\n\n\n\n<h2 class=\"wp-block-heading p1\"><span class=\"s1\">O que \u00e9 teste de usabilidade?<\/span><\/h2>\n\n\n\n<p class=\"p2\"><span class=\"s1\"><b>Testando usabilidade<\/b>&nbsp;\u00e9 uma t\u00e9cnica de pesquisa qualitativa que envolve observa\u00e7\u00e3o direta e entrevistas com pessoas que utilizam um produto, a fim de avaliar se ele pode ser utilizado para o fim a que se destina.<\/span><\/p>\n\n\n\n<p class=\"p4\"><span class=\"s1\">Geralmente, pede-se aos sujeitos que usem um produto ou resolvam um problema com ele e depois digam em voz alta o que est\u00e3o pensando e fazendo, e por qu\u00ea, passo a passo. Este processo pode revelar quaisquer dificuldades de compreens\u00e3o ou utiliza\u00e7\u00e3o do produto. <\/span><\/p>\n\n\n\n<h2 class=\"wp-block-heading p1\"><span class=\"s1\">Quando usar testes de usabilidade<\/span><\/h2>\n\n\n\n<p class=\"p2\"><span class=\"s1\">Se voc\u00ea tem ou est\u00e1 revisando um neg\u00f3cio <\/span><span class=\"s2\">local na rede Internet<\/span><span class=\"s1\">, deve haver interesse em determinar a experi\u00eancia geral do usu\u00e1rio, incluindo facilidade de uso, n\u00famero de cliques e quantidade de tempo de busca por informa\u00e7\u00f5es.&nbsp;<\/span><span class=\"s3\">\u00c9 importante saber se os visitantes do seu site podem ou n\u00e3o realizar o seguinte:<\/span><\/p>\n\n\n\n<ul class=\"wp-block-list\">\n<li><span class=\"s1\">Navegue de tela em tela e em cada tela<\/span><\/li>\n\n\n\n<li><span class=\"s1\">Descubra o conte\u00fado esperado<\/span><\/li>\n\n\n\n<li><span class=\"s1\">Localize as especifica\u00e7\u00f5es do produto<\/span><\/li>\n\n\n\n<li><span class=\"s1\">Compreender\/fazer uso de imagens ou v\u00eddeos<\/span><\/li>\n\n\n\n<li><span class=\"s1\">Resolver um problema<\/span><\/li>\n\n\n\n<li><span class=\"s1\">Obtenha um pre\u00e7o <\/span><\/li>\n\n\n\n<li><span class=\"s1\">Encontre o perfil corporativo<\/span><\/li>\n\n\n\n<li><span class=\"s1\">Entre em contato com a empresa para\u2026<\/span>\n<ul class=\"wp-block-list\">\n<li><span class=\"s1\">Solicite um or\u00e7amento&nbsp;<\/span><\/li>\n\n\n\n<li><span class=\"s1\">Fa\u00e7a uma compra<\/span><\/li>\n\n\n\n<li><span class=\"s1\">Fale com o atendimento ao cliente<\/span><\/li>\n<\/ul>\n<\/li>\n<\/ul>\n\n\n\n<h2 class=\"wp-block-heading\">Descobrindo insights sobre a experi\u00eancia do usu\u00e1rio<\/h2>\n\n\n\n<p class=\"p1\"><span class=\"s1\">Se voc\u00ea vender um <\/span><span class=\"s2\">produtos<\/span><span class=\"s1\">&nbsp;que pode ou n\u00e3o vir acompanhado de instru\u00e7\u00f5es impressas, \u00e9 poss\u00edvel determinar n\u00e3o s\u00f3 se o consumidor sabe como utiliz\u00e1-lo, mas tamb\u00e9m qu\u00e3o f\u00e1cil \u00e9 utiliz\u00e1-lo e at\u00e9 que ponto atende \u00e0s expectativas. Exemplos incluem:<\/span><\/p>\n\n\n\n<ul class=\"wp-block-list\">\n<li><span class=\"s1\">Alimentos que requerem prepara\u00e7\u00e3o<\/span><\/li>\n\n\n\n<li><span class=\"s1\">Auxiliares de sa\u00fade e beleza<\/span><\/li>\n\n\n\n<li><span class=\"s1\">Pain\u00e9is automotivos<\/span><\/li>\n\n\n\n<li><span class=\"s1\">Sistemas de entretenimento<\/span><\/li>\n\n\n\n<li><span class=\"s1\">Dispositivos ou ferramentas el\u00e9tricas e eletr\u00f4nicas<\/span><\/li>\n\n\n\n<li><span class=\"s1\">Um produto que requer montagem<\/span><\/li>\n<\/ul>\n\n\n\n<h2 class=\"wp-block-heading p1\"><span class=\"s1\">Como s\u00e3o realizados os testes de usabilidade?<\/span><\/h2>\n\n\n\n<p class=\"p2\"><span class=\"s1\">Test subjects are generally recruited based on a set of screening questions and then invited to a <a href=\"https:\/\/www.sisinternational.com\/pt\/solucoes\/solucoes-de-branding-e-pesquisa-de-clientes\/pesquisa-de-mercado-para-testes-de-produtos\/\" title=\"Pesquisa de mercado para testes de produtos\"  data-wpil-monitor-id=\"9659\">pesquisar<\/a> facility which is set up with the product to be tested. Alternatively, some videoconferencing capability (e.g. Skype, FaceTime, Zoom) may be set up to enable an interviewer to see and be seen by a respondent. <\/span><\/p>\n\n\n\n<ul class=\"wp-block-list\">\n<li><span class=\"s1\">Na maioria dos casos, a compensa\u00e7\u00e3o monet\u00e1ria, conhecida como <strong>incentivo<\/strong>, \u00e9 oferecido para cooperar na pesquisa, mas em alguns casos os participantes recebem simplesmente o produto real para guardar.<\/span><\/li>\n\n\n\n<li><span class=\"s1\">Uma sess\u00e3o t\u00edpica dura de uma hora a 90 minutos.<\/span><\/li>\n<\/ul>\n\n\n\n<p class=\"p2\"><span class=\"s1\">Com a ajuda do cliente, o pesquisador\/entrevistador estabelecer\u00e1 um conjunto de tarefas e quest\u00f5es a serem administradas. <\/span><\/p>\n\n\n\n<ul class=\"wp-block-list\">\n<li><span class=\"s1\">Durante o curso do projeto, sempre que poss\u00edvel, \u00e9 uma boa pr\u00e1tica alternar as tarefas para evitar qualquer preconceito que uma possa ter sobre a outra.<\/span><\/li>\n\n\n\n<li><span class=\"s1\">O entrevistador n\u00e3o deve prestar qualquer assist\u00eancia (al\u00e9m de esclarecer o que deve ser feito) e deve apresentar a tarefa exatamente da mesma forma a cada participante.&nbsp;<\/span><\/li>\n\n\n\n<li><span class=\"s1\">Caso a tarefa n\u00e3o possa ser conclu\u00edda, os motivos da falha ser\u00e3o identificados e auxiliar\u00e3o o cliente a fazer os ajustes necess\u00e1rios no produto ou site.<\/span><\/li>\n\n\n\n<li><span class=\"s1\">Ao observar atentamente cada utilizador, o investigador tamb\u00e9m pode anotar qualquer linguagem corporal ou express\u00f5es verbais (indicando frustra\u00e7\u00e3o, confus\u00e3o, insatisfa\u00e7\u00e3o ou sinais de prazer ou satisfa\u00e7\u00e3o) \u2013 todas as quais podem ser incorporadas num relat\u00f3rio final e recomenda\u00e7\u00f5es.<\/span><\/li>\n<\/ul>\n\n\n\n<p class=\"p1\"><span class=\"s1\">Mesmo com um n\u00famero relativamente pequeno de assuntos, muitos resultados e coment\u00e1rios tender\u00e3o a convergir rapidamente e tornar\u00e3o evidente se alguma \u00e1rea necessita de melhoria.<\/span><\/p>\n\n\n\n<p class=\"p1\"><span class=\"s1\">\u00c9 uma boa ideia realizar testes de usabilidade periodicamente para garantir que novos usu\u00e1rios possam realizar facilmente tarefas com seu produto ou site, bem como para determinar se alguma modifica\u00e7\u00e3o fez alguma diferen\u00e7a.<\/span><\/p>\n\n\n\n<h2 class=\"wp-block-heading\">Sobre testes de usabilidade de sites<\/h2>\n\n\n\n<p>Testing a website can be critical.&nbsp; Most people in both B2C and <a href=\"https:\/\/www.sisinternational.com\/pt\/pericia\/curriculos-de-experiencia\/empresa-de-pesquisa-de-mercado-b2b\/\" title=\"Melhor empresa de pesquisa de mercado B2B\"  data-wpil-monitor-id=\"9660\">B2B examine a company&#8217;s<\/a> website before doing business with your company.&nbsp; Therefore Website Usability can have a direct and immediate impact on your bottom line profitability.<\/p>\n\n\n\n<p>Website Usability is a robust <a href=\"https:\/\/www.sisinternational.com\/pt\/solucoes\/voz-do-cliente\/\" title=\"Pesquisa Voz do Cliente\"  data-wpil-monitor-id=\"9655\">research methodology to understand customer<\/a> likes, dislikes and purchasing processes. It examines what customers first see, what bothers them, and what motivates them to purchase.&nbsp; Data can also be provided in terms of conversion metrics, willingness to purchase, and heat map data.&nbsp; <a href=\"https:\/\/www.sisinternational.com\/pt\/solucoes\/solucoes-de-pesquisa-quantitativa-qualitativa\/recrutamento-de-pesquisa-qualitativa\/\" title=\"Recrutamento de Pesquisa Qualitativa\"  data-wpil-monitor-id=\"9656\">Pesquisa qualitativa e quantitativa<\/a> can be gathered to provide strategies and modifications to your company&#8217;s website.<\/p>\n\n\n\n<p><strong>A pesquisa de usabilidade de sites pode fornecer:<\/strong><\/p>\n\n\n\n<ul class=\"wp-block-list\">\n<li>Melhores mensagens e design<\/li>\n\n\n\n<li>M\u00e9tricas de convers\u00e3o mais altas<\/li>\n\n\n\n<li>Maior lucratividade, receita e vendas<\/li>\n\n\n\n<li>Melhor desempenho da marca<\/li>\n\n\n\n<li>Melhor otimiza\u00e7\u00e3o para mecanismos de pesquisa (SEO)<\/li>\n\n\n\n<li>Estrat\u00e9gia omnicanal aprimorada<\/li>\n\n\n\n<li>Vantagem competitiva<\/li>\n<\/ul>\n\n\n\n<h2 class=\"wp-block-heading\">M\u00e9todos de pesquisa de mercado de usu\u00e1rios<\/h2>\n\n\n\n<p>Many UX <a href=\"https:\/\/www.sisinternational.com\/pt\/quantitative-market-research-methods-and-techniques\/\" title=\"Quantitative Market Research Methods and Techniques\"  data-wpil-monitor-id=\"9654\">Market Research methods<\/a> can help achieve different objectives.&nbsp; We conduct:<\/p>\n\n\n\n<ul class=\"wp-block-list\">\n<li><a href=\"https:\/\/www.sisinternational.com\/pt\/solucoes\/empresa-de-pesquisa-de-mercado-de-comunidade-on-line-b2b\/\" title=\"Empresa de pesquisa de mercado de comunidades on-line B2B\"  data-wpil-monitor-id=\"9658\">Comunidades de insights on-line<\/a><\/li>\n\n\n\n<li><a href=\"https:\/\/www.sisinternational.com\/pt\/solucoes\/solucoes-de-branding-e-pesquisa-de-clientes\/pesquisa-etnografica-em-video\/\" title=\"Pesquisa Etnogr\u00e1fica em V\u00eddeo\"  data-wpil-monitor-id=\"6797\">Etnografia de v\u00eddeo e dispositivos m\u00f3veis<\/a><\/li>\n\n\n\n<li>Entrevistas on-line com zoom<\/li>\n\n\n\n<li>Sess\u00f5es de Cocria\u00e7\u00e3o<\/li>\n\n\n\n<li>Grupos de foco<\/li>\n\n\n\n<li>Entrevistas aprofundadas<\/li>\n\n\n\n<li>Agile <a href=\"https:\/\/www.sisinternational.com\/pt\/solucoes\/teste-de-sabor\/how-quantitative-sensory-testing-helps-businesses-improve-product-appeal\/\" title=\"Sensory Testing Research\"  data-wpil-monitor-id=\"9657\">Research and Testing<\/a><\/li>\n\n\n\n<li>Teste de usabilidade de sites<\/li>\n<\/ul>\n\n\n\n<h2 class=\"wp-block-heading\">Benef\u00edcios da pesquisa de mercado de usu\u00e1rios<\/h2>\n\n\n\n<p>A Pesquisa de Mercado de Usu\u00e1rios fornece insights, dados e estrat\u00e9gias que podem fornecer:<\/p>\n\n\n\n<ul class=\"wp-block-list\">\n<li>Maior envolvimento do cliente<\/li>\n\n\n\n<li>Maior rentabilidade<\/li>\n\n\n\n<li>Melhor desempenho empresarial<\/li>\n\n\n\n<li>Mensagens mais eficazes<\/li>\n\n\n\n<li><a href=\"https:\/\/www.sisinternational.com\/pt\/pericia\/industrias\/pesquisa-de-mercado-de-ensino-superior\/\" title=\"Pesquisa de mercado de ensino superior\"  data-wpil-monitor-id=\"9661\">Higher efficiency in marketing<\/a> and operations<\/li>\n\n\n\n<li>Or\u00e7amentos de marketing mais baixos<\/li>\n<\/ul>","protected":false},"excerpt":{"rendered":"<p>Fornecemos pesquisas de usu\u00e1rios e testes de experi\u00eancia do usu\u00e1rio para obter vantagem competitiva.<\/p>","protected":false},"author":1,"featured_media":62723,"parent":12926,"menu_order":6,"comment_status":"closed","ping_status":"closed","template":"","meta":{"footnotes":""},"class_list":["post-18900","page","type-page","status-publish","has-post-thumbnail"],"_links":{"self":[{"href":"https:\/\/www.sisinternational.com\/pt\/wp-json\/wp\/v2\/pages\/18900","targetHints":{"allow":["GET"]}}],"collection":[{"href":"https:\/\/www.sisinternational.com\/pt\/wp-json\/wp\/v2\/pages"}],"about":[{"href":"https:\/\/www.sisinternational.com\/pt\/wp-json\/wp\/v2\/types\/page"}],"author":[{"embeddable":true,"href":"https:\/\/www.sisinternational.com\/pt\/wp-json\/wp\/v2\/users\/1"}],"replies":[{"embeddable":true,"href":"https:\/\/www.sisinternational.com\/pt\/wp-json\/wp\/v2\/comments?post=18900"}],"version-history":[{"count":6,"href":"https:\/\/www.sisinternational.com\/pt\/wp-json\/wp\/v2\/pages\/18900\/revisions"}],"predecessor-version":[{"id":81610,"href":"https:\/\/www.sisinternational.com\/pt\/wp-json\/wp\/v2\/pages\/18900\/revisions\/81610"}],"up":[{"embeddable":true,"href":"https:\/\/www.sisinternational.com\/pt\/wp-json\/wp\/v2\/pages\/12926"}],"wp:featuredmedia":[{"embeddable":true,"href":"https:\/\/www.sisinternational.com\/pt\/wp-json\/wp\/v2\/media\/62723"}],"wp:attachment":[{"href":"https:\/\/www.sisinternational.com\/pt\/wp-json\/wp\/v2\/media?parent=18900"}],"curies":[{"name":"wp","href":"https:\/\/api.w.org\/{rel}","templated":true}]}}