{"id":18880,"date":"2015-09-19T21:12:32","date_gmt":"2015-09-19T21:12:32","guid":{"rendered":"https:\/\/www.sisinternational.com\/?page_id=18880"},"modified":"2025-09-16T17:58:52","modified_gmt":"2025-09-16T21:58:52","slug":"ideation-workshops","status":"publish","type":"page","link":"https:\/\/www.sisinternational.com\/pt\/solutions\/innovation\/ideation-workshops\/","title":{"rendered":"Pesquisa de Idea\u00e7\u00e3o"},"content":{"rendered":"<h1 class=\"wp-block-heading\">Pesquisa de Idea\u00e7\u00e3o<\/h1>\n\n\n\n<p><\/p>\n\n\n\n<figure class=\"gb-block-image gb-block-image-59b8f966\"><img loading=\"lazy\" decoding=\"async\" width=\"1456\" height=\"816\" class=\"gb-image gb-image-59b8f966\" src=\"https:\/\/www.sisinternational.com\/wp-content\/uploads\/2025\/08\/Desk-research-3.jpg\" alt=\"SIS International Market Research &amp; Strategy\" title=\"Desk research (3)\" srcset=\"https:\/\/www.sisinternational.com\/wp-content\/uploads\/2025\/08\/Desk-research-3.jpg 1456w, https:\/\/www.sisinternational.com\/wp-content\/uploads\/2025\/08\/Desk-research-3-300x168.jpg 300w, https:\/\/www.sisinternational.com\/wp-content\/uploads\/2025\/08\/Desk-research-3-1024x574.jpg 1024w, https:\/\/www.sisinternational.com\/wp-content\/uploads\/2025\/08\/Desk-research-3-768x430.jpg 768w, https:\/\/www.sisinternational.com\/wp-content\/uploads\/2025\/08\/Desk-research-3-18x10.jpg 18w\" sizes=\"auto, (max-width: 1456px) 100vw, 1456px\"><\/figure>\n\n\n\n<p><\/p>\n\n\n\n<h2 class=\"wp-block-heading p1\"><span class=\"s1\">O que \u00e9 Idea\u00e7\u00e3o?<\/span><\/h2>\n\n\n\n<p class=\"p2\"><span class=\"s1\">Tanto no mercado de consumo quanto no mercado B2B, o objetivo da idea\u00e7\u00e3o (ou do processo de idea\u00e7\u00e3o) n\u00e3o \u00e9 apenas gerar ideias. Em vez disso, deveria concentrar-se na melhor forma de satisfazer qualquer <\/span><span class=\"s2\">unmet&nbsp;needs of your <span class=\"s3\">clientes<\/span><\/span><span class=\"s4\">.<\/span><span class=\"s1\">&nbsp; Um workshop de idea\u00e7\u00e3o envolve um processo criativo para enfrentar esse desafio. Em muitos aspectos, \u00e9 semelhante ao que costuma ser chamado de sess\u00e3o de brainstorming. Idealmente, leva ao desenvolvimento de novos produtos ou extens\u00f5es de linha melhorados ou anteriormente inimagin\u00e1veis.<\/span><\/p>\n\n\n\n<p>Mercado <a href=\"https:\/\/www.sisinternational.com\/pt\/expertise\/resumes-of-experience\/resume-of-experience-in-consumer-and-packaged-goods\/\" title=\"Pesquisa de mercado de bens de consumo e embalados\"  data-wpil-monitor-id=\"8534\">pesquisar<\/a> can be used as a preliminary step to learn what consumers need or desire to do easier, faster, cheaper, or more effectively. Personal interviews, focus groups, <a href=\"https:\/\/www.sisinternational.com\/pt\/solutions\/online-survey-sampling-market-research-company\/\" title=\"Empresa de pesquisa de mercado de amostragem de pesquisa on-line\"  data-wpil-monitor-id=\"8532\">online or telephone surveys<\/a> are just a few methods that can help to uncover some of these needs. The gist of the questions would revolve around \u201cwhat else would you like\u2026?\u201d<\/p>\n\n\n\n<h2 class=\"wp-block-heading p1\"><span class=\"s1\">Como voc\u00ea conduz um workshop de idea\u00e7\u00e3o?<\/span><\/h2>\n\n\n\n<p class=\"p1\"><span class=\"s1\">Uma das primeiras tarefas \u00e9 encontrar um moderador qualificado \u2013 quase sempre um profissional de fora da sua empresa com experi\u00eancia na execu\u00e7\u00e3o de tais exerc\u00edcios. Em seguida, para obter o feedback mais amplo poss\u00edvel, entre 8 e 12 membros de dentro da sua organiza\u00e7\u00e3o devem ser convidados a participar. Devem possuir uma diversidade de tra\u00e7os ou caracter\u00edsticas, por exemplo, g\u00e9nero, faixa et\u00e1ria, n\u00edvel de gest\u00e3o, fun\u00e7\u00e3o profissional. No workshop, todos os indiv\u00edduos e as suas ideias devem ser tratados igualmente, <\/span><span style=\"text-decoration: underline;\"><span class=\"s2\">sem julgamento ou preconceito<\/span><\/span><span class=\"s1\">. Os participantes podem n\u00e3o se conhecer e, exceto pelo primeiro nome, n\u00e3o precisam de identifica\u00e7\u00e3o adicional.<\/span><\/p>\n\n\n\n<ul class=\"wp-block-list\">\n<li><span class=\"s1\">Existem v\u00e1rios \u201ctestes\u201d de personalidade comumente usados que ajudam a classificar as pessoas em determinadas categorias. Myers-Briggs, por exemplo, faz um conjunto de perguntas ap\u00f3s as quais as pessoas s\u00e3o atribu\u00eddas a um dos 16 tipos de personalidade, alguns dos quais podem ser mais introvertidos, extrovertidos, intuitivos, anal\u00edticos ou criativos. <\/span><\/li>\n<\/ul>\n\n\n\n<p class=\"p1\"><span class=\"s1\">Podem ser estabelecidas regras ou restri\u00e7\u00f5es para for\u00e7ar as pessoas a pensar de maneiras novas e diferentes. Por exemplo:<\/span><\/p>\n\n\n\n<ul class=\"wp-block-list\">\n<li><span class=\"s1\">Devido \u00e0 escassez ou ao aumento de pre\u00e7os, o que aconteceria se voc\u00ea n\u00e3o pudesse usar determinados ingredientes ou materiais para produzir um produto? <\/span><\/li>\n\n\n\n<li><span class=\"s1\">Como voc\u00ea poderia concluir uma tarefa na metade do tempo ou pela metade do custo? <\/span><\/li>\n\n\n\n<li><span class=\"s1\">How would a <a href=\"https:\/\/www.sisinternational.com\/pt\/expertise\/resumes-of-experience\/resume-of-experience-in-automotive-industry\/\" title=\"Empresa de pesquisa de mercado da ind\u00fastria automotiva\"  data-wpil-monitor-id=\"8535\">company in another industry<\/a> address the problem?<\/span><\/li>\n<\/ul>\n\n\n\n<p><span class=\"s1\">O l\u00edder da sess\u00e3o normalmente ter\u00e1 alguns itens dispon\u00edveis na sala de reuni\u00f5es:<\/span><\/p>\n\n\n\n<ul class=\"wp-block-list\">\n<li><span class=\"s1\">Post it notas de diferentes cores e tamanhos<\/span><\/li>\n\n\n\n<li><span class=\"s1\">Flipcharts<\/span><\/li>\n\n\n\n<li><span class=\"s1\">Quadros brancos<\/span><\/li>\n\n\n\n<li><span class=\"s1\">Marcadores em cores diferentes<\/span><\/li>\n\n\n\n<li><span class=\"s1\">Brinquedos, objetos ou jogos para reduzir a tens\u00e3o, criar uma atmosfera divertida e estimular o pensamento inovador<\/span><\/li>\n<\/ul>\n\n\n\n<p class=\"p1\"><span class=\"s1\">Participants may be asked to co-create or create drawings or simple sketches and place them around the room for others to see and react to. This co-creation dives deep below the surface to uncover intuitive insight.&nbsp; Diagrams may be used to connect and rearrange words, pictures, ideas and concepts. It is important to hear from everyone in an environment where there are no wrong answers or statements.<b> <\/b><\/span><\/p>\n\n\n\n<p class=\"p1\"><\/p>\n\n\n\n<h2 class=\"wp-block-heading p1\"><span class=\"s1\">Quais s\u00e3o os benef\u00edcios de um workshop de idea\u00e7\u00e3o?<\/span><\/h2>\n\n\n\n<p class=\"p1\"><span class=\"s1\">Em algum momento, geralmente entre uma hora e 90 minutos, muitas ideias ter\u00e3o surgido e o ritmo de novas ideias diminuir\u00e1. Deveria ser poss\u00edvel agrup\u00e1-los, discuti-los e, em seguida, avali\u00e1-los e classific\u00e1-los de acordo com crit\u00e9rios acordados internamente (por exemplo, resolve um problema comum do usu\u00e1rio, \u00e9 vi\u00e1vel e pode ser produzido dentro de um prazo razo\u00e1vel ou limite de custo). <\/span><\/p>\n\n\n\n<p class=\"p1\"><span class=\"s1\">Since the goal is to fulfill unmet customer needs and desires, there is really no limit to how many options should be pursued. But from a practical point of view, perhaps just a handful should be further explored in terms of resources required and potential <a href=\"https:\/\/www.sisinternational.com\/pt\/return-on-investment-in-market-research\/\" title=\"Retorno do Investimento em Pesquisa de Mercado\"  data-wpil-monitor-id=\"8536\">return on investment<\/a>.<\/span><\/p>\n\n\n\n<p class=\"p1\"><span class=\"s1\">Ultimately, terrific ideas for innovative new products or <a href=\"https:\/\/www.sisinternational.com\/pt\/solutions\/fintech-strategy-consulting-research\/financial-services-customer-acquisition-consulting\/\" title=\"Consultoria de aquisi\u00e7\u00e3o de clientes de servi\u00e7os financeiros\"  data-wpil-monitor-id=\"8533\">services that solve problems for your customers<\/a> will be the outcome.<\/span><\/p>\n\n\n\n<p><\/p>","protected":false},"excerpt":{"rendered":"<p>A Pesquisa de Idea\u00e7\u00e3o leva ao desenvolvimento de novos produtos melhorados e anteriormente inimagin\u00e1veis. Os participantes fornecem informa\u00e7\u00f5es de ponta.<\/p>","protected":false},"author":1,"featured_media":62800,"parent":14459,"menu_order":1,"comment_status":"open","ping_status":"open","template":"","meta":{"footnotes":""},"class_list":["post-18880","page","type-page","status-publish","has-post-thumbnail"],"_links":{"self":[{"href":"https:\/\/www.sisinternational.com\/pt\/wp-json\/wp\/v2\/pages\/18880","targetHints":{"allow":["GET"]}}],"collection":[{"href":"https:\/\/www.sisinternational.com\/pt\/wp-json\/wp\/v2\/pages"}],"about":[{"href":"https:\/\/www.sisinternational.com\/pt\/wp-json\/wp\/v2\/types\/page"}],"author":[{"embeddable":true,"href":"https:\/\/www.sisinternational.com\/pt\/wp-json\/wp\/v2\/users\/1"}],"replies":[{"embeddable":true,"href":"https:\/\/www.sisinternational.com\/pt\/wp-json\/wp\/v2\/comments?post=18880"}],"version-history":[{"count":5,"href":"https:\/\/www.sisinternational.com\/pt\/wp-json\/wp\/v2\/pages\/18880\/revisions"}],"predecessor-version":[{"id":81431,"href":"https:\/\/www.sisinternational.com\/pt\/wp-json\/wp\/v2\/pages\/18880\/revisions\/81431"}],"up":[{"embeddable":true,"href":"https:\/\/www.sisinternational.com\/pt\/wp-json\/wp\/v2\/pages\/14459"}],"wp:featuredmedia":[{"embeddable":true,"href":"https:\/\/www.sisinternational.com\/pt\/wp-json\/wp\/v2\/media\/62800"}],"wp:attachment":[{"href":"https:\/\/www.sisinternational.com\/pt\/wp-json\/wp\/v2\/media?parent=18880"}],"curies":[{"name":"wp","href":"https:\/\/api.w.org\/{rel}","templated":true}]}}