{"id":17008,"date":"2015-06-30T18:22:59","date_gmt":"2015-06-30T18:22:59","guid":{"rendered":"https:\/\/www.sisinternational.com\/?page_id=17008"},"modified":"2026-01-26T18:17:58","modified_gmt":"2026-01-26T23:17:58","slug":"pesquisa-de-mercado-na-eslovenia","status":"publish","type":"page","link":"https:\/\/www.sisinternational.com\/pt\/cobertura\/europa\/pesquisa-de-mercado-na-eslovenia\/","title":{"rendered":"Pesquisa de mercado na Eslov\u00eania"},"content":{"rendered":"<h1 class=\"wp-block-heading\">Pesquisa de mercado na Eslov\u00eania<\/h1>\n\n\n\n<figure class=\"gb-block-image gb-block-image-766794fa\"><img loading=\"lazy\" decoding=\"async\" width=\"1456\" height=\"816\" class=\"gb-image gb-image-766794fa\" src=\"https:\/\/www.sisinternational.com\/wp-content\/uploads\/2025\/09\/Slovenia-2.jpg\" alt=\"Pesquisa e Estrat\u00e9gia de Mercado Internacional da SIS\" title=\"Slovenia (2)\" srcset=\"https:\/\/www.sisinternational.com\/wp-content\/uploads\/2025\/09\/Slovenia-2.jpg 1456w, https:\/\/www.sisinternational.com\/wp-content\/uploads\/2025\/09\/Slovenia-2-300x168.jpg 300w, https:\/\/www.sisinternational.com\/wp-content\/uploads\/2025\/09\/Slovenia-2-1024x574.jpg 1024w, https:\/\/www.sisinternational.com\/wp-content\/uploads\/2025\/09\/Slovenia-2-768x430.jpg 768w, https:\/\/www.sisinternational.com\/wp-content\/uploads\/2025\/09\/Slovenia-2-18x10.jpg 18w\" sizes=\"auto, (max-width: 1456px) 100vw, 1456px\"><\/figure>\n\n\n\n<h1 class=\"wp-block-heading smallTitleB\">&nbsp;<\/h1>\n\n\n\n<p>Com a sua localiza\u00e7\u00e3o estrat\u00e9gica, ind\u00fastrias em expans\u00e3o e um ambiente empresarial favor\u00e1vel, a Eslov\u00e9nia acena como um destino promissor para a explora\u00e7\u00e3o e crescimento do mercado. \u00c9 por isso que a pesquisa de mercado na Eslov\u00e9nia \u00e9 uma ferramenta fundamental para compreender este mercado.<\/p>\n\n\n\n<h2 class=\"wp-block-heading\">O que \u00e9 pesquisa de mercado na Eslov\u00eania? Por que isso \u00e9 importante?<\/h2>\n\n\n\n<p>Market research in Slovenia analyzes consumer behavior, industry trends, and competitive dynamics within the Slovenian market. It helps businesses gain actionable insights into market opportunities and challenges.<\/p>\n\n\n\n<p>This market research enables businesses to understand Slovenian consumers&#8217; needs, preferences, and behaviors. Companies can tailor their products, services, and marketing strategies to effectively resonate with the local audience by gaining insights into consumer trends, buying patterns, and cultural nuances.<\/p>\n\n\n\n<p>Moreover, it helps businesses to mitigate risks and uncertainties associated with market entry and expansion into Slovenia. Market research in Slovenia also empowers businesses to identify emerging opportunities and trends in the Slovenian market.&nbsp;<\/p>\n\n\n\n<h2 class=\"wp-block-heading\">Quando realizar pesquisas de mercado na Eslov\u00eania<\/h2>\n\n\n\n<figure class=\"gb-block-image gb-block-image-fe3b953e\"><img loading=\"lazy\" decoding=\"async\" width=\"1456\" height=\"816\" class=\"gb-image gb-image-fe3b953e\" src=\"https:\/\/www.sisinternational.com\/wp-content\/uploads\/2025\/09\/Slovakia-3.jpg\" srcset=\"https:\/\/www.sisinternational.com\/wp-content\/uploads\/2025\/09\/Slovakia-3.jpg 1456w, https:\/\/www.sisinternational.com\/wp-content\/uploads\/2025\/09\/Slovakia-3-300x168.jpg 300w, https:\/\/www.sisinternational.com\/wp-content\/uploads\/2025\/09\/Slovakia-3-1024x574.jpg 1024w, https:\/\/www.sisinternational.com\/wp-content\/uploads\/2025\/09\/Slovakia-3-768x430.jpg 768w, https:\/\/www.sisinternational.com\/wp-content\/uploads\/2025\/09\/Slovakia-3-18x10.jpg 18w\" sizes=\"auto, (max-width: 1456px) 100vw, 1456px\" alt=\"Pesquisa e Estrat\u00e9gia de Mercado Internacional da SIS\"><\/figure>\n\n\n\n<p><\/p>\n\n\n\n<p>Antes de entrar no <span class=\"removed_link\" title=\"https:\/\/www.sisinternational.com\/slovenias-economy\/\">Mercado esloveno<\/span>, businesses should conduct preliminary market research to assess market feasibility, identify market opportunities and challenges, understand regulatory requirements, and evaluate the competitive landscape.<\/p>\n\n\n\n<p>As businesses expand their presence in Slovenia, ongoing market research is essential to monitor market trends, track competitor activities, gather customer feedback, and adapt strategies to changing market dynamics, ensuring sustained growth and competitiveness.<\/p>\n\n\n\n<p>Da mesma forma, antes de lan\u00e7ar novos produtos ou servi\u00e7os no mercado esloveno, as empresas devem realizar pesquisas de mercado para avaliar a aceita\u00e7\u00e3o do consumidor, testar conceitos de produtos, avaliar a sensibilidade dos pre\u00e7os e aperfei\u00e7oar estrat\u00e9gias de marketing para maximizar o sucesso do produto e a penetra\u00e7\u00e3o no mercado.<\/p>\n\n\n\n<h2 class=\"wp-block-heading\">Nossa an\u00e1lise atual do mercado<\/h2>\n\n\n\n<p>Acreditamos que a Eslov\u00e9nia est\u00e1 preparada para um crescimento econ\u00f3mico e uma diversifica\u00e7\u00e3o cont\u00ednuos, alimentados pelo desenvolvimento cont\u00ednuo de infra-estruturas, pelo investimento em investiga\u00e7\u00e3o e desenvolvimento e por uma m\u00e3o-de-obra qualificada. Espera-se que as iniciativas do governo para promover o empreendedorismo, a inova\u00e7\u00e3o e o investimento estrangeiro reforcem ainda mais a posi\u00e7\u00e3o competitiva do pa\u00eds e a atratividade para as empresas que procuram oportunidades de expans\u00e3o na regi\u00e3o.<\/p>\n\n\n\n<p>Apesar da sua dimens\u00e3o relativamente pequena, a Eslov\u00e9nia oferece amplas oportunidades para as empresas alcan\u00e7arem um ROI favor\u00e1vel atrav\u00e9s da entrada e expans\u00e3o estrat\u00e9gica no mercado. Com o seu ambiente pol\u00edtico est\u00e1vel, m\u00e3o de obra qualificada e acesso aos mercados europeus, a Eslov\u00e9nia \u00e9 uma porta de entrada para as empresas que procuram estabelecer uma presen\u00e7a no mercado mais vasto da Uni\u00e3o Europeia (UE). No entanto, o sucesso no mercado esloveno exige uma compreens\u00e3o diferenciada da din\u00e2mica do mercado local, do comportamento do consumidor e dos requisitos regulamentares.<\/p>\n\n\n\n<h2 class=\"wp-block-heading\">Clima pol\u00edtico favor\u00e1vel aos neg\u00f3cios<\/h2>\n\n\n\n<figure class=\"gb-block-image gb-block-image-308b9ce2\"><img loading=\"lazy\" decoding=\"async\" width=\"1456\" height=\"816\" class=\"gb-image gb-image-308b9ce2\" src=\"https:\/\/www.sisinternational.com\/wp-content\/uploads\/2025\/09\/Slovenia-4.jpg\" srcset=\"https:\/\/www.sisinternational.com\/wp-content\/uploads\/2025\/09\/Slovenia-4.jpg 1456w, https:\/\/www.sisinternational.com\/wp-content\/uploads\/2025\/09\/Slovenia-4-300x168.jpg 300w, https:\/\/www.sisinternational.com\/wp-content\/uploads\/2025\/09\/Slovenia-4-1024x574.jpg 1024w, https:\/\/www.sisinternational.com\/wp-content\/uploads\/2025\/09\/Slovenia-4-768x430.jpg 768w, https:\/\/www.sisinternational.com\/wp-content\/uploads\/2025\/09\/Slovenia-4-18x10.jpg 18w\" sizes=\"auto, (max-width: 1456px) 100vw, 1456px\" alt=\"Pesquisa e Estrat\u00e9gia de Mercado Internacional da SIS\"><\/figure>\n\n\n\n<p><\/p>\n\n\n\n<p>O sistema pol\u00edtico recentemente estabelecido da Eslov\u00e9nia delineou v\u00e1rias novas estrat\u00e9gias. Estas estrat\u00e9gias permitiram \u00e0 Eslov\u00e9nia desenvolver uma economia de mercado forte:<\/p>\n\n\n\n<ul class=\"wp-block-list\">\n<li>Abra\u00e7ando o com\u00e9rcio liberal<\/li>\n\n\n\n<li>Empresa gratificante<\/li>\n\n\n\n<li>Seguindo o Estado de Direito<\/li>\n\n\n\n<li>Assimila\u00e7\u00e3o em organiza\u00e7\u00f5es intercontinentais e ocidentais<\/li>\n\n\n\n<li>Tornando-se parte do livre com\u00e9rcio e de organiza\u00e7\u00f5es bilaterais<\/li>\n\n\n\n<li>Expans\u00e3o do com\u00e9rcio para o Ocidente<\/li>\n\n\n\n<li>Acelera\u00e7\u00e3o da privatiza\u00e7\u00e3o<\/li>\n<\/ul>\n\n\n\n<h2 class=\"wp-block-heading\">Economia diversificada e est\u00e1vel<\/h2>\n\n\n\n<p>As principais exporta\u00e7\u00f5es s\u00e3o ve\u00edculos rodovi\u00e1rios, m\u00e1quinas el\u00e9tricas, produtos qu\u00edmicos, m\u00f3veis, cal\u00e7ados, cigarros e alimentos. O turismo tamb\u00e9m desempenha um papel fundamental na aquisi\u00e7\u00e3o de rendimentos. Algumas das importa\u00e7\u00f5es da Eslov\u00eania s\u00e3o equipamentos de transporte, m\u00e1quinas, bens manufaturados, alimentos e combust\u00edveis. A economia da Eslov\u00e9nia depende muito do com\u00e9rcio internacional.<\/p>\n\n\n\n<p>Confronted with the collapse of communications and transport networks to south-eastern Europe and the <a href=\"https:\/\/www.sisinternational.com\/pt\/pericia\/industrias\/pesquisa-de-mercado-sobre-perda-auditiva\/\" title=\"Pesquisa de mercado sobre perda auditiva\u00a0 \u00a0\"  data-wpil-monitor-id=\"6820\">loss of Yugoslav markets<\/a> in the early 1990s, Slovenia reoriented trade towards the European Union and associated countries; these now represent over two-thirds of the country\u2019s imports and exports. Other trade partners include the Russian Federation, Serbia, and Bosnia Herzegovina.<\/p>\n\n\n\n<p>Al\u00e9m disso, a Eslov\u00e9nia possui uma economia diversificada, com v\u00e1rias ind\u00fastrias importantes que impulsionam o crescimento e a inova\u00e7\u00e3o:<\/p>\n\n\n\n<ol class=\"wp-block-list\">\n<li><strong>Fabrica\u00e7\u00e3o<\/strong>: O setor manufatureiro \u00e9 uma pedra angular da economia da Eslov\u00eania, abrangendo as ind\u00fastrias automotiva, de m\u00e1quinas, eletr\u00f4nica e farmac\u00eautica. Empresas not\u00e1veis incluem Gorenje (eletrodom\u00e9sticos), Revoz (autom\u00f3veis) e Krka (produtos farmac\u00eauticos).<\/li>\n\n\n\n<li><strong>Turismo<\/strong>: A beleza natural, o patrim\u00f3nio cultural e as atividades ao ar livre da Eslov\u00e9nia atraem turistas de todo o mundo. As principais atra\u00e7\u00f5es incluem o Lago Bled, a Caverna Postojna e a capital, Ljubljana. Hotelaria, alojamento e turismo de aventura s\u00e3o setores pr\u00f3speros na Eslov\u00e9nia.<\/li>\n\n\n\n<li><strong>Alimentos e Bebidas<\/strong>: A Eslov\u00e9nia \u00e9 conhecida pelos seus vinhos de alta qualidade, del\u00edcias culin\u00e1rias e produtos alimentares tradicionais. A ind\u00fastria de alimentos e bebidas abrange vinifica\u00e7\u00e3o, latic\u00ednios, confeitaria e agricultura org\u00e2nica, com exporta\u00e7\u00f5es para mercados europeus e globais.<\/li>\n<\/ol>\n\n\n\n<h2 class=\"wp-block-heading\">Cidades e atra\u00e7\u00f5es tur\u00edsticas<\/h2>\n\n\n\n<figure class=\"gb-block-image gb-block-image-58b3909c\"><img loading=\"lazy\" decoding=\"async\" width=\"1456\" height=\"816\" class=\"gb-image gb-image-58b3909c\" src=\"https:\/\/www.sisinternational.com\/wp-content\/uploads\/2025\/09\/Slovakia-4.jpg\" srcset=\"https:\/\/www.sisinternational.com\/wp-content\/uploads\/2025\/09\/Slovakia-4.jpg 1456w, https:\/\/www.sisinternational.com\/wp-content\/uploads\/2025\/09\/Slovakia-4-300x168.jpg 300w, https:\/\/www.sisinternational.com\/wp-content\/uploads\/2025\/09\/Slovakia-4-1024x574.jpg 1024w, https:\/\/www.sisinternational.com\/wp-content\/uploads\/2025\/09\/Slovakia-4-768x430.jpg 768w, https:\/\/www.sisinternational.com\/wp-content\/uploads\/2025\/09\/Slovakia-4-18x10.jpg 18w\" sizes=\"auto, (max-width: 1456px) 100vw, 1456px\" alt=\"Pesquisa e Estrat\u00e9gia de Mercado Internacional da SIS\"><\/figure>\n\n\n\n<p><\/p>\n\n\n\n<p>As principais cidades da Eslov\u00e9nia s\u00e3o Ljubljana (a capital), Maribor, Celje, Kranj e Velenje. Cidades menores, mas significativas, incluem Jesenice, Koper, Murska Sobota, Nova Gorica, Novo Mesto e Trbovlje. A Eslov\u00e9nia tem uma costa muito curta e est\u00e1 quase sem litoral. O pa\u00eds possui tr\u00eas portos principais: Porto de Izola, Porto de Koper e Porto de Piran. Os principais aeroportos s\u00e3o o Aeroporto Jo\u017ee Pu\u010dnik de Liubliana, o Aeroporto Maribor Edvard Rusjan e o Aeroporto de Portoro\u017e.<\/p>\n\n\n\n<p>A Eslov\u00eania possui uma riqueza de atra\u00e7\u00f5es naturais e culturais que atraem turistas de todo o mundo. Aqui est\u00e3o sete das atra\u00e7\u00f5es tur\u00edsticas mais importantes:<\/p>\n\n\n\n<ol class=\"wp-block-list\">\n<li><strong>Lago Bled<\/strong>: O Lago Bled \u00e9 conhecido por seu cen\u00e1rio pitoresco, \u00e1guas cristalinas e ilha ic\u00f4nica com uma igreja. Os visitantes podem explorar o lago em barcos de madeira tradicionais chamados pletnas, caminhar at\u00e9 o Castelo de Bled para ter vistas panor\u00e2micas ou saborear o famoso bolo de creme de Bled.<\/li>\n\n\n\n<li><strong>Caverna de Postojna<\/strong>: Um dos sistemas de cavernas mais extensos da Europa, a Caverna Postojna oferece uma experi\u00eancia subterr\u00e2nea fascinante. Os visitantes podem fazer uma visita guiada pelas passagens labir\u00ednticas, maravilhar-se com as impressionantes forma\u00e7\u00f5es rochosas e encontrar criaturas \u00fanicas que vivem em cavernas, como o olm, tamb\u00e9m conhecido como \u201cpeixe humano\u201d.<\/li>\n\n\n\n<li><strong>Liubliana<\/strong>: A encantadora capital da Eslov\u00eania, Ljubljana, exala charme hist\u00f3rico, beleza arquitet\u00f4nica e vida cultural vibrante. Passeie ao longo do pitoresco rio Liubliana, explore o centro hist\u00f3rico medieval com suas ruas de paralelep\u00edpedos e fachadas coloridas e visite atra\u00e7\u00f5es como o Castelo de Liubliana, a Pra\u00e7a Preseren e a Ponte Tripla.<\/li>\n\n\n\n<li><strong>Castelo Predjama<\/strong>: Situado dramaticamente na face de um penhasco, o Castelo Predjama \u00e9 uma maravilha medieval repleta de hist\u00f3ria e lenda. Constru\u00eddo na entrada de uma caverna, o castelo oferece vistas deslumbrantes da paisagem circundante e fornece informa\u00e7\u00f5es sobre a rica heran\u00e7a medieval da Eslov\u00eania.<\/li>\n\n\n\n<li><strong>Cavernas de \u0160kocjan<\/strong>: Designadas como Patrim\u00f4nio Mundial da UNESCO, as Cavernas de \u0160kocjan s\u00e3o um pa\u00eds das maravilhas geol\u00f3gicas com vastas c\u00e2maras subterr\u00e2neas, estalactites e estalagmites majestosas e um desfiladeiro fluvial subterr\u00e2neo. Visitas guiadas conduzem os visitantes atrav\u00e9s desta obra-prima natural, mostrando sua beleza inspiradora e significado cient\u00edfico.<\/li>\n<\/ol>\n\n\n\n<iframe loading=\"lazy\" src=\"https:\/\/www.google.com\/maps\/embed?pb=!1m18!1m12!1m3!1d3022.976188376966!2d-73.99130312499956!3d40.740549471389315!2m3!1f0!2f0!3f0!3m2!1i1024!2i768!4f13.1!3m3!1m2!1s0x89c259a15798c731%3A0xd695d09bdd495f25!2s11%20E%2022nd%20St%20FL%202%2C%20New%20York%2C%20NY%2010010%2C%20USA!5e0!3m2!1sen!2spe!4v1726171763526!5m2!1sen!2spe\" width=\"600\" height=\"450\" allowfullscreen=\"allowfullscreen\" data-mce-fragment=\"1\"><\/iframe>\n\n\n\n<\/p>\n<h3 class=\"wp-block-heading\">11 E 22nd Street, 2\u00ba andar, Nova York, NY 10010 T: +1(212) 505-6805<\/h3>\n<hr>\n<h2><span style=\"font-weight: 400;\">Sobre SIS Internacional<\/span><\/h2>\n<p><a href=\"https:\/\/www.sisinternational.com\/pt\/\"><span style=\"font-weight: 400;\">SIS Internacional<\/span><\/a><span style=\"font-weight: 400;\"> oferece pesquisa quantitativa, qualitativa e estrat\u00e9gica. Fornecemos dados, ferramentas, estrat\u00e9gias, relat\u00f3rios e insights para a tomada de decis\u00f5es. Tamb\u00e9m realizamos entrevistas, pesquisas, grupos focais e outros m\u00e9todos e abordagens de Pesquisa de Mercado.<\/span><a href=\"https:\/\/www.sisinternational.com\/pt\/sobre-a-sis-international-research\/contact-sis-international-market-research\/\"><span style=\"font-weight: 400;\"> Entre em contato conosco<\/span><\/a><span style=\"font-weight: 400;\"> para o seu pr\u00f3ximo projeto de pesquisa de mercado.<\/span><\/p>\n<hr><\/div>\n\n\n\n<h2 class=\"wp-block-heading\">&nbsp;<\/h2>","protected":false},"excerpt":{"rendered":"<p>Com o seu elevado rendimento per capita, a Eslov\u00e9nia \u00e9 uma na\u00e7\u00e3o desenvolvida, pr\u00f3spera e est\u00e1vel. <\/p>","protected":false},"author":1,"featured_media":66065,"parent":14510,"menu_order":14,"comment_status":"closed","ping_status":"open","template":"","meta":{"footnotes":""},"class_list":["post-17008","page","type-page","status-publish","has-post-thumbnail"],"_links":{"self":[{"href":"https:\/\/www.sisinternational.com\/pt\/wp-json\/wp\/v2\/pages\/17008","targetHints":{"allow":["GET"]}}],"collection":[{"href":"https:\/\/www.sisinternational.com\/pt\/wp-json\/wp\/v2\/pages"}],"about":[{"href":"https:\/\/www.sisinternational.com\/pt\/wp-json\/wp\/v2\/types\/page"}],"author":[{"embeddable":true,"href":"https:\/\/www.sisinternational.com\/pt\/wp-json\/wp\/v2\/users\/1"}],"replies":[{"embeddable":true,"href":"https:\/\/www.sisinternational.com\/pt\/wp-json\/wp\/v2\/comments?post=17008"}],"version-history":[{"count":10,"href":"https:\/\/www.sisinternational.com\/pt\/wp-json\/wp\/v2\/pages\/17008\/revisions"}],"predecessor-version":[{"id":80395,"href":"https:\/\/www.sisinternational.com\/pt\/wp-json\/wp\/v2\/pages\/17008\/revisions\/80395"}],"up":[{"embeddable":true,"href":"https:\/\/www.sisinternational.com\/pt\/wp-json\/wp\/v2\/pages\/14510"}],"wp:featuredmedia":[{"embeddable":true,"href":"https:\/\/www.sisinternational.com\/pt\/wp-json\/wp\/v2\/media\/66065"}],"wp:attachment":[{"href":"https:\/\/www.sisinternational.com\/pt\/wp-json\/wp\/v2\/media?parent=17008"}],"curies":[{"name":"wp","href":"https:\/\/api.w.org\/{rel}","templated":true}]}}