{"id":16895,"date":"2015-06-30T03:43:48","date_gmt":"2015-06-30T03:43:48","guid":{"rendered":"https:\/\/www.sisinternational.com\/?page_id=16895"},"modified":"2026-04-01T13:50:11","modified_gmt":"2026-04-01T17:50:11","slug":"pesquisa-de-mercado-na-austria","status":"publish","type":"page","link":"https:\/\/www.sisinternational.com\/pt\/cobertura\/europa\/pesquisa-de-mercado-na-austria\/","title":{"rendered":"Pesquisa de mercado na \u00c1ustria"},"content":{"rendered":"<h1 class=\"gb-headline gb-headline-edf75a4c gb-headline-text\">Pesquisa de mercado na \u00c1ustria<\/h1>\n\n\n\n<figure class=\"gb-block-image gb-block-image-8cb53b4c\"><img loading=\"lazy\" decoding=\"async\" width=\"1408\" height=\"768\" class=\"gb-image gb-image-8cb53b4c\" src=\"https:\/\/www.sisinternational.com\/wp-content\/uploads\/2026\/04\/Austria.jpg\" alt=\"Pesquisa e Estrat\u00e9gia de Mercado Internacional da SIS\" title=\"\u00c1ustria\" srcset=\"https:\/\/www.sisinternational.com\/wp-content\/uploads\/2026\/04\/Austria.jpg 1408w, https:\/\/www.sisinternational.com\/wp-content\/uploads\/2026\/04\/Austria-300x164.jpg 300w, https:\/\/www.sisinternational.com\/wp-content\/uploads\/2026\/04\/Austria-1024x559.jpg 1024w, https:\/\/www.sisinternational.com\/wp-content\/uploads\/2026\/04\/Austria-768x419.jpg 768w, https:\/\/www.sisinternational.com\/wp-content\/uploads\/2026\/04\/Austria-18x10.jpg 18w\" sizes=\"auto, (max-width: 1408px) 100vw, 1408px\"><\/figure>\n\n\n\n<p><\/p>\n\n\n\n<hr class=\"wp-block-separator has-alpha-channel-opacity is-style-dots\"\/>\n\n\n\n<h3 class=\"wp-block-heading\">V\u00e1rias das empresas industriais proeminentes da \u00c1ustria eram estatais at\u00e9 \u00e0 d\u00e9cada de 1980, mas nos \u00faltimos anos, a privatiza\u00e7\u00e3o reduziu os activos estatais a um n\u00edvel equivalente ao de outras economias europeias. No entanto, a \u00c1ustria \u00e9 vulner\u00e1vel a mudan\u00e7as na economia alem\u00e3, uma vez que a Alemanha \u00e9 o seu principal parceiro comercial.<\/h3>\n\n\n\n<p>Pesquisa de mercado na \u00c1ustria n\u00e3o \u00e9 apenas uma op\u00e7\u00e3o estrat\u00e9gica, mas uma necessidade fundamental para empresas que buscam ter sucesso neste din\u00e2mico mercado europeu. A mistura \u00fanica de estabilidade econ\u00f4mica, avan\u00e7o tecnol\u00f3gico e diversidade cultural da \u00c1ustria a torna um destino atraente para empresas nacionais e internacionais. No entanto, para aproveitar todo o potencial deste mercado, as empresas devem investir em pesquisa de mercado abrangente.<\/p>\n\n\n\n<h2 class=\"wp-block-heading\">O que \u00e9 pesquisa de mercado na \u00c1ustria? Por que isso \u00e9 importante?<\/h2>\n\n\n\n<p>A pesquisa de mercado na \u00c1ustria envolve a recolha e an\u00e1lise de dados para compreender o tamanho do mercado, as prefer\u00eancias dos consumidores, os h\u00e1bitos de compra e as oportunidades emergentes. Esta an\u00e1lise abrangente permite \u00e0s empresas tomar decis\u00f5es estrat\u00e9gicas adaptadas ao ambiente do mercado austr\u00edaco.<\/p>\n\n\n\n<p>Pesquisa de mercado na \u00c1ustria \u00e9 essencial para empresas que buscam estabelecer uma base s\u00f3lida ou expandir opera\u00e7\u00f5es dentro do pa\u00eds. As empresas podem identificar segmentos de mercado inexplorados, avaliar o sentimento do consumidor em rela\u00e7\u00e3o aos seus produtos ou servi\u00e7os e antecipar tend\u00eancias de mercado. Entender as prefer\u00eancias locais e as nuances culturais por meio de pesquisa de mercado eficaz capacita as empresas a adaptar suas ofertas e estrat\u00e9gias de marketing para o m\u00e1ximo impacto e resson\u00e2ncia.<\/p>\n\n\n\n<p>A pesquisa de mercado na \u00c1ustria proporciona benef\u00edcios tang\u00edveis que podem impactar significativamente o sucesso do neg\u00f3cio:<\/p>\n\n\n\n<ul class=\"wp-block-list\">\n<li><strong>Valida\u00e7\u00e3o de Mercado<\/strong>: <a href=\"https:\/\/www.sisinternational.com\/pt\/cobertura\/as-americas\/cobertura-dos-eua\/pesquisa-de-mercado-guam\/\" title=\"Pesquisa de mercado em Guam\" data-wpil-monitor-id=\"4237\">Research validates market<\/a> opportunities and helps assess the viability of product launches or expansions.<\/li>\n\n\n\n<li><strong>Insights do consumidor<\/strong>: Compreender as prefer\u00eancias e o comportamento do consumidor permite esfor\u00e7os de marketing direcionados e desenvolvimento de produtos.<\/li>\n\n\n\n<li><strong>Estrat\u00e9gias de marketing otimizadas<\/strong>: Insights baseados em dados ajudam na elabora\u00e7\u00e3o de campanhas de marketing eficazes que repercutam no p\u00fablico austr\u00edaco.<\/li>\n\n\n\n<li><strong>Maior envolvimento do cliente<\/strong>: As empresas podem promover relacionamentos mais fortes com os clientes, alinhando as ofertas com as prefer\u00eancias locais.<\/li>\n\n\n\n<li><strong>Aloca\u00e7\u00e3o de recursos<\/strong>: A pesquisa auxilia na otimiza\u00e7\u00e3o da aloca\u00e7\u00e3o de recursos, concentrando os investimentos em segmentos de mercado de alto potencial.<\/li>\n\n\n\n<li><strong>Adapta\u00e7\u00e3o ao Ambiente Regulat\u00f3rio<\/strong>: O conhecimento das regulamenta\u00e7\u00f5es locais e dos requisitos de conformidade \u00e9 crucial para as opera\u00e7\u00f5es comerciais.<\/li>\n<\/ul>\n\n\n\n<h2 class=\"wp-block-heading\">Parcerias Internacionais<\/h2>\n\n\n\n<figure class=\"gb-block-image gb-block-image-3b3c54f9\"><img loading=\"lazy\" decoding=\"async\" width=\"1456\" height=\"816\" class=\"gb-image gb-image-3b3c54f9\" src=\"https:\/\/www.sisinternational.com\/wp-content\/uploads\/2025\/09\/Austin-Texas-4-3.jpg\" srcset=\"https:\/\/www.sisinternational.com\/wp-content\/uploads\/2025\/09\/Austin-Texas-4-3.jpg 1456w, https:\/\/www.sisinternational.com\/wp-content\/uploads\/2025\/09\/Austin-Texas-4-3-300x168.jpg 300w, https:\/\/www.sisinternational.com\/wp-content\/uploads\/2025\/09\/Austin-Texas-4-3-1024x574.jpg 1024w, https:\/\/www.sisinternational.com\/wp-content\/uploads\/2025\/09\/Austin-Texas-4-3-768x430.jpg 768w, https:\/\/www.sisinternational.com\/wp-content\/uploads\/2025\/09\/Austin-Texas-4-3-18x10.jpg 18w\" sizes=\"auto, (max-width: 1456px) 100vw, 1456px\" alt=\"Pesquisa e Estrat\u00e9gia de Mercado Internacional da SIS\"><\/figure>\n\n\n\n<p> &nbsp;<\/p>\n\n\n\n<p>Produtos metal\u00fargicos, maquin\u00e1rio e t\u00eaxteis s\u00e3o particularmente significativos para a forte economia da \u00c1ustria. Outras principais commodities de exporta\u00e7\u00e3o incluem ve\u00edculos automotores e pe\u00e7as, maquin\u00e1rio e equipamento, produtos de metal, papel e papel\u00e3o, ferro e a\u00e7o, produtos qu\u00edmicos, alimentos e t\u00eaxteis. Apesar de ser apenas uma pequena na\u00e7\u00e3o produtora de vinho, a \u00c1ustria ganhou uma excelente reputa\u00e7\u00e3o entre os especialistas da ind\u00fastria por produzir alguns vinhos de alta pontua\u00e7\u00e3o.<\/p>\n\n\n\n<p>Os principais parceiros comerciais da \u00c1ustria s\u00e3o os pa\u00edses-membros da Uni\u00e3o Europeia, China, Estados Unidos e Su\u00ed\u00e7a. Desde a queda da Cortina de Ferro, os financiadores e empres\u00e1rios privados da \u00c1ustria encontraram um novo campo para investimento estrangeiro em seus antigos territ\u00f3rios imperiais \u2014 especialmente Hungria, Eslov\u00e1quia, Rep\u00fablica Tcheca, Cro\u00e1cia, Eslov\u00eania e, em menor extens\u00e3o, o norte da It\u00e1lia.<\/p>\n\n\n\n<p>No entanto, a \u00c1ustria possui uma economia diversificada, com v\u00e1rias ind\u00fastrias vitais que impulsionam o seu crescimento e desenvolvimento econ\u00f3mico, tais como:<\/p>\n\n\n\n<ol class=\"wp-block-list\">\n<li><strong>Ind\u00fastria automobil\u00edstica<\/strong>: A \u00c1ustria \u00e9 conhecida pelo seu setor automotivo, com empresas como BMW, Magna Steyr e AVL List l\u00edderes em fabrica\u00e7\u00e3o e inova\u00e7\u00e3o.<\/li>\n\n\n\n<li><strong>Turismo e hospitalidade<\/strong>: A ind\u00fastria do turismo contribui significativamente para a economia da \u00c1ustria, com destinos ic\u00f3nicos como Viena, Salzburgo e Innsbruck atraindo milh\u00f5es de visitantes anualmente.<\/li>\n\n\n\n<li><strong>Tecnologia e Inova\u00e7\u00e3o<\/strong>:A \u00c1ustria est\u00e1 emergindo como um centro de tecnologia e inova\u00e7\u00e3o, com foco em startups, pesquisa e desenvolvimento em setores como TI, biotecnologia e energia renov\u00e1vel.<\/li>\n\n\n\n<li><strong>Servi\u00e7os financeiros<\/strong>: Viena funciona como um centro financeiro, com bancos e institui\u00e7\u00f5es financeiras l\u00edderes que oferecem diversos servi\u00e7os a empresas e indiv\u00edduos.<\/li>\n\n\n\n<li><strong>Alimentos e Bebidas<\/strong>: A \u00c1ustria \u00e9 conhecida por suas del\u00edcias culin\u00e1rias, e a ind\u00fastria de alimentos e bebidas prospera com especialidades locais como Wiener Schnitzel, Sachertorte e vinhos austr\u00edacos.<\/li>\n<\/ol>\n\n\n\n<h2 class=\"wp-block-heading\">Caracter\u00edsticas demogr\u00e1ficas<\/h2>\n\n\n\n<h3 class=\"wp-block-heading\">A l\u00edngua franca e a l\u00edngua formal da \u00c1ustria \u00e9 o alem\u00e3o, mas alguns cidad\u00e3os tamb\u00e9m falam o austro-b\u00e1varo, a l\u00edngua principal fora de Vorarlberg, o alem\u00e3o, a l\u00edngua principal em Vorarlberg, e algumas l\u00ednguas minorit\u00e1rias. O s\u00e9rvio \u00e9 a l\u00edngua minorit\u00e1ria mais falada, seguida pelo turco.<\/h3>\n\n\n\n<p>Embora quatro d\u00e9cadas de forte imigra\u00e7\u00e3o tenham mudado consideravelmente a popula\u00e7\u00e3o da \u00c1ustria, ainda \u00e9 uma na\u00e7\u00e3o homog\u00eanea. Existem apenas tr\u00eas grupos \u00e9tnicos substanciais: h\u00fangaros em Burgenland, eslovenos da Car\u00edntia na Car\u00edntia austr\u00edaca e croatas. Quase um d\u00e9cimo da popula\u00e7\u00e3o total \u00e9 composta por estrangeiros, o que representa uma das taxas mais elevadas da Europa. A maioria destes residentes estrangeiros vem da Turquia e da ex-Jugosl\u00e1via.<\/p>\n\n\n\n<h2 class=\"wp-block-heading\">Principais atra\u00e7\u00f5es tur\u00edsticas da \u00c1ustria<\/h2>\n\n\n\n<figure class=\"gb-block-image gb-block-image-ebaddc73\"><img loading=\"lazy\" decoding=\"async\" width=\"1456\" height=\"816\" class=\"gb-image gb-image-ebaddc73\" src=\"https:\/\/www.sisinternational.com\/wp-content\/uploads\/2025\/09\/Austria-3.jpg\" srcset=\"https:\/\/www.sisinternational.com\/wp-content\/uploads\/2025\/09\/Austria-3.jpg 1456w, https:\/\/www.sisinternational.com\/wp-content\/uploads\/2025\/09\/Austria-3-300x168.jpg 300w, https:\/\/www.sisinternational.com\/wp-content\/uploads\/2025\/09\/Austria-3-1024x574.jpg 1024w, https:\/\/www.sisinternational.com\/wp-content\/uploads\/2025\/09\/Austria-3-768x430.jpg 768w, https:\/\/www.sisinternational.com\/wp-content\/uploads\/2025\/09\/Austria-3-18x10.jpg 18w\" sizes=\"auto, (max-width: 1456px) 100vw, 1456px\" alt=\"Pesquisa e Estrat\u00e9gia de Mercado Internacional da SIS\"><\/figure>\n\n\n\n<p><\/p>\n\n\n\n<p>A \u00c1ustria \u00e9 conhecida pelas suas paisagens pitorescas, rico patrim\u00f3nio cultural e marcos hist\u00f3ricos, o que a torna um destino tur\u00edstico de elei\u00e7\u00e3o. Aqui est\u00e3o sete das atra\u00e7\u00f5es tur\u00edsticas mais importantes da \u00c1ustria:<\/p>\n\n\n\n<ol class=\"wp-block-list\">\n<li><strong>Viena<\/strong>: A capital da \u00c1ustria, conhecida pelos seus pal\u00e1cios imperiais, museus (como o Kunsthistorisches Museum e Belvedere) e patrim\u00f3nio musical cl\u00e1ssico.<\/li>\n\n\n\n<li><strong>Salzburgo<\/strong>: Local de nascimento de Mozart e famosa por sua arquitetura barroca, Salzburgo \u00e9 Patrim\u00f4nio Mundial da UNESCO, com atra\u00e7\u00f5es como a Fortaleza Hohensalzburg e o Pal\u00e1cio Mirabell.<\/li>\n\n\n\n<li><strong>Insbruck<\/strong>: Situada nos Alpes austr\u00edacos, Innsbruck oferece vistas deslumbrantes das montanhas e \u00e9 um destino popular para esquiar, fazer caminhadas e explorar locais hist\u00f3ricos como o Telhado Dourado.<\/li>\n\n\n\n<li><strong>Hallstatt<\/strong>: Uma vila encantadora situada \u00e0 beira de um lago pitoresco, Hallstatt \u00e9 famosa por suas hist\u00f3ricas minas de sal e paisagens id\u00edlicas.<\/li>\n\n\n\n<li><strong>Pal\u00e1cio de Sch\u00f6nbrunn<\/strong>: Localizado em Viena, este impressionante pal\u00e1cio imperial e seus jardins s\u00e3o Patrim\u00f4nio Mundial da UNESCO e uma atra\u00e7\u00e3o obrigat\u00f3ria.<\/li>\n\n\n\n<li><strong>Estrada alpina de Grossglockner<\/strong>:Este passeio panor\u00e2mico pelos Alpes austr\u00edacos oferece vistas deslumbrantes dos picos das montanhas e das geleiras.<\/li>\n\n\n\n<li><strong>Castelo de Hohensalzburgo<\/strong>: Uma majestosa fortaleza medieval com vista para Salzburgo, oferecendo vistas panor\u00e2micas da cidade e das paisagens circundantes.<\/li>\n<\/ol>\n\n\n\n<h2 class=\"wp-block-heading\">Drivers de mercado na \u00c1ustria<\/h2>\n\n\n\n<p>V\u00e1rios fatores-chave est\u00e3o impulsionando o crescimento e as oportunidades do mercado na \u00c1ustria:<\/p>\n\n\n\n<ul class=\"wp-block-list\">\n<li><strong>Economia Est\u00e1vel<\/strong>: A economia est\u00e1vel da \u00c1ustria, caracterizada por baixas taxas de desemprego e um forte crescimento do PIB, proporciona um ambiente favor\u00e1vel \u00e0 expans\u00e3o empresarial e ao investimento.<\/li>\n\n\n\n<li><strong>Inova\u00e7\u00e3o e ado\u00e7\u00e3o de tecnologia<\/strong>: O foco do pa\u00eds na inova\u00e7\u00e3o, pesquisa e desenvolvimento promove avan\u00e7os tecnol\u00f3gicos e atrai investimentos em setores emergentes como TI e energia renov\u00e1vel.<\/li>\n\n\n\n<li><strong>Localiza\u00e7\u00e3o estrat\u00e9gica<\/strong>: A localiza\u00e7\u00e3o central da \u00c1ustria na Europa torna-a um centro estrat\u00e9gico para o com\u00e9rcio e o com\u00e9rcio, facilitando o acesso a mercados europeus mais amplos.<\/li>\n\n\n\n<li><strong>Infraestrutura Robusta<\/strong>: Infraestruturas bem desenvolvidas, incluindo redes de transporte e conectividade digital, apoiam as opera\u00e7\u00f5es comerciais e a efici\u00eancia log\u00edstica.<\/li>\n\n\n\n<li><strong>Crescimento do Turismo e da Hotelaria<\/strong>: O crescimento da ind\u00fastria do turismo da \u00c1ustria contribui para a prosperidade econ\u00f4mica, criando oportunidades de neg\u00f3cios em setores relacionados.<\/li>\n<\/ul>\n\n\n\n<h2 class=\"wp-block-heading\">Restri\u00e7\u00f5es de mercado na \u00c1ustria<\/h2>\n\n\n\n<figure class=\"gb-block-image gb-block-image-c6c145a0\"><img loading=\"lazy\" decoding=\"async\" width=\"1456\" height=\"816\" class=\"gb-image gb-image-c6c145a0\" src=\"https:\/\/www.sisinternational.com\/wp-content\/uploads\/2025\/09\/Austria-4.jpg\" srcset=\"https:\/\/www.sisinternational.com\/wp-content\/uploads\/2025\/09\/Austria-4.jpg 1456w, https:\/\/www.sisinternational.com\/wp-content\/uploads\/2025\/09\/Austria-4-300x168.jpg 300w, https:\/\/www.sisinternational.com\/wp-content\/uploads\/2025\/09\/Austria-4-1024x574.jpg 1024w, https:\/\/www.sisinternational.com\/wp-content\/uploads\/2025\/09\/Austria-4-768x430.jpg 768w, https:\/\/www.sisinternational.com\/wp-content\/uploads\/2025\/09\/Austria-4-18x10.jpg 18w\" sizes=\"auto, (max-width: 1456px) 100vw, 1456px\" alt=\"Pesquisa e Estrat\u00e9gia de Mercado Internacional da SIS\"><\/figure>\n\n\n\n<p><\/p>\n\n\n\n<p>Apesar das oportunidades, existem certos desafios e restri\u00e7\u00f5es no mercado austr\u00edaco:<\/p>\n\n\n\n<ul class=\"wp-block-list\">\n<li><strong>Complexidade Regulat\u00f3ria<\/strong>: A navega\u00e7\u00e3o pelos requisitos regulamentares e pela conformidade pode ser complexa, especialmente para empresas estrangeiras que entram no mercado.<\/li>\n\n\n\n<li><strong>Concorr\u00eancia<\/strong>: A intensa concorr\u00eancia em setores-chave exige que as empresas se diferenciem e inovem continuamente.<\/li>\n\n\n\n<li><strong>Custo de vida<\/strong>: O custo de vida e as despesas operacionais relativamente elevados da \u00c1ustria podem ter impacto na rentabilidade e na sustentabilidade do neg\u00f3cio.<\/li>\n\n\n\n<li><strong>Fragmenta\u00e7\u00e3o do Mercado<\/strong>: O tamanho e as varia\u00e7\u00f5es regionais da \u00c1ustria exigem abordagens personalizadas para atender \u00e0s diversas prefer\u00eancias e comportamentos dos consumidores.<\/li>\n<\/ul>\n\n\n\n<h2 class=\"wp-block-heading\">Atratividade da Ind\u00fastria: An\u00e1lise SWOT do Mercado Austr\u00edaco<\/h2>\n\n\n\n<p>A realiza\u00e7\u00e3o de uma an\u00e1lise SWOT (For\u00e7as, Fraquezas, Oportunidades, Amea\u00e7as) do mercado austr\u00edaco pode fornecer informa\u00e7\u00f5es valiosas para as empresas:<\/p>\n\n\n\n<p><strong>For\u00e7as:<\/strong><\/p>\n\n\n\n<ul class=\"wp-block-list\">\n<li>\n<ul class=\"wp-block-list\">\n<li>Economia est\u00e1vel e diversificada<\/li>\n\n\n\n<li>Forte foco em inova\u00e7\u00e3o e tecnologia<\/li>\n\n\n\n<li>Localiza\u00e7\u00e3o geogr\u00e1fica estrat\u00e9gica na Europa<\/li>\n\n\n\n<li>Infraestrutura e redes de transporte bem desenvolvidas<\/li>\n\n\n\n<li>Rica heran\u00e7a cultural e apelo tur\u00edstico<\/li>\n<\/ul>\n<\/li>\n<\/ul>\n\n\n\n<p><strong>Fraquezas:<\/strong><\/p>\n\n\n\n<ul class=\"wp-block-list\">\n<li>\n<ul class=\"wp-block-list\">\n<li>Complexidade regulat\u00f3ria, especialmente para empresas estrangeiras<\/li>\n\n\n\n<li>Escassez de compet\u00eancias em certos setores<\/li>\n\n\n\n<li>Custo de vida e despesas operacionais relativamente altos<\/li>\n\n\n\n<li>Fragmenta\u00e7\u00e3o do mercado e varia\u00e7\u00f5es regionais<\/li>\n\n\n\n<li>Tamanho de mercado limitado em compara\u00e7\u00e3o com as maiores economias europeias<\/li>\n<\/ul>\n<\/li>\n<\/ul>\n\n\n\n<p><strong>Oportunidades:<\/strong><\/p>\n\n\n\n<ul class=\"wp-block-list\">\n<li>\n<ul class=\"wp-block-list\">\n<li>Setores em crescimento, como tecnologia, energia renov\u00e1vel e sa\u00fade<\/li>\n\n\n\n<li>Aumento da demanda por produtos e servi\u00e7os sustent\u00e1veis<\/li>\n\n\n\n<li>Potencial de expans\u00e3o de mercado e parcerias internacionais<\/li>\n\n\n\n<li>Tend\u00eancias emergentes em com\u00e9rcio eletr\u00f4nico e transforma\u00e7\u00e3o digital<\/li>\n\n\n\n<li>Apoio governamental ao empreendedorismo e \u00e0 inova\u00e7\u00e3o<\/li>\n<\/ul>\n<\/li>\n<\/ul>\n\n\n\n<p><strong>Amea\u00e7as:<\/strong><\/p>\n\n\n\n<ul class=\"wp-block-list\">\n<li>\n<ul class=\"wp-block-list\">\n<li>Concorr\u00eancia intensa em ind\u00fastrias-chave<\/li>\n\n\n\n<li>Incerteza econ\u00f3mica e flutua\u00e7\u00f5es do mercado global<\/li>\n\n\n\n<li>Mudan\u00e7as regulat\u00f3rias que impactam as opera\u00e7\u00f5es comerciais<\/li>\n\n\n\n<li>Perturba\u00e7\u00f5es causadas por fatores externos, como eventos geopol\u00edticos ou pandemias<\/li>\n\n\n\n<li>As prefer\u00eancias e comportamentos dos consumidores est\u00e3o evoluindo rapidamente<\/li>\n<\/ul>\n<\/li>\n<\/ul>\n\n\n\n<h2 class=\"wp-block-heading\">Como a pesquisa de mercado da SIS International na \u00c1ustria ajuda as empresas<\/h2>\n\n\n\n<p><\/p>\n\n\n\n<p><a href=\"https:\/\/www.linkedin.com\/company\/sisinternationalresearch\/\" target=\"_blank\" rel=\"noopener\"><span style=\"font-weight: 400;\">SIS Internacional<\/span><\/a>&nbsp;oferece servi\u00e7os abrangentes de pesquisa de mercado e consultoria adaptados \u00e0s necessidades espec\u00edficas das empresas que operam na \u00c1ustria:<\/p>\n\n\n\n<p><strong>Insights aprofundados do mercado<\/strong>:<\/p>\n\n\n\n<p>A SIS International realiza an\u00e1lises rigorosas de mercado na \u00c1ustria para fornecer insights pr\u00e1ticos sobre o comportamento do consumidor, tend\u00eancias de mercado e din\u00e2mica competitiva.<\/p>\n\n\n\n<p><strong>Recomenda\u00e7\u00f5es Estrat\u00e9gicas<\/strong>:<\/p>\n\n\n\n<p>Com base nos resultados da pesquisa, a SIS International fornece recomenda\u00e7\u00f5es estrat\u00e9gicas para otimizar estrat\u00e9gias de entrada no mercado, posicionamento de produtos e campanhas de marketing.<\/p>\n\n\n\n<p><strong>Metodologias de Pesquisa Personalizadas<\/strong>:<\/p>\n\n\n\n<p><a href=\"https:\/\/twitter.com\/SISIntlResearch\" target=\"_blank\" rel=\"noopener\"><span style=\"font-weight: 400;\">SIS<\/span><\/a> projeta metodologias de pesquisa personalizadas para enfrentar desafios e objetivos de neg\u00f3cios \u00fanicos no mercado austr\u00edaco.<\/p>\n\n\n\n<p><strong>Estrat\u00e9gias de mitiga\u00e7\u00e3o de riscos<\/strong>:<\/p>\n\n\n\n<p>Ao identificar riscos e desafios de mercado, a SIS International ajuda as empresas a desenvolver estrat\u00e9gias proativas de mitiga\u00e7\u00e3o de riscos para opera\u00e7\u00f5es sustent\u00e1veis.<\/p>\n\n\n\n<p><strong>Tomada de decis\u00e3o aprimorada<\/strong>:<\/p>\n\n\n\n<p>Os insights da SIS International capacitam as empresas a tomar decis\u00f5es informadas que impulsionam o crescimento, a inova\u00e7\u00e3o e a rentabilidade na \u00c1ustria.<\/p>\n\n\n\n<p><strong>Otimiza\u00e7\u00e3o do ROI<\/strong>:<\/p>\n\n\n\n<p>Os servi\u00e7os da SIS International visam otimizar o retorno sobre o investimento (ROI) alinhando estrat\u00e9gias com as realidades do mercado e as demandas dos consumidores.<\/p>\n\n\n\n<h2 class=\"wp-block-heading\">Localiza\u00e7\u00e3o de nossas instala\u00e7\u00f5es em Nova York<\/h2>\n\n\n\n<p>\n\n\n\n<iframe loading=\"lazy\" src=\"https:\/\/www.google.com\/maps\/embed?pb=!1m18!1m12!1m3!1d3022.976188376966!2d-73.99130312499956!3d40.740549471389315!2m3!1f0!2f0!3f0!3m2!1i1024!2i768!4f13.1!3m3!1m2!1s0x89c259a15798c731%3A0xd695d09bdd495f25!2s11%20E%2022nd%20St%20FL%202%2C%20New%20York%2C%20NY%2010010%2C%20USA!5e0!3m2!1sen!2spe!4v1726171763526!5m2!1sen!2spe\" width=\"600\" height=\"450\" allowfullscreen=\"allowfullscreen\" data-mce-fragment=\"1\"><\/iframe>\n\n\n\n<\/p>\n\n\n\n<h3 class=\"wp-block-heading\">11 E 22nd Street, 2\u00ba andar, Nova York, NY 10010 T: +1(212) 505-6805<\/h3>\n\n\n\n<hr class=\"wp-block-separator has-alpha-channel-opacity is-style-dots\"\/>\n\n\n\n<h2 class=\"wp-block-heading\"><strong>Sobre SIS Internacional<\/strong><\/h2>\n\n\n\n<p><a href=\"https:\/\/www.sisinternational.com\/pt\/\"><span style=\"font-weight: 400;\">SIS Internacional<\/span><\/a><span style=\"font-weight: 400;\"> oferece pesquisa quantitativa, qualitativa e estrat\u00e9gica. Fornecemos dados, ferramentas, estrat\u00e9gias, relat\u00f3rios e insights para a tomada de decis\u00f5es. Tamb\u00e9m realizamos entrevistas, pesquisas, grupos focais e outros m\u00e9todos e abordagens de Pesquisa de Mercado.<\/span><a href=\"https:\/\/www.sisinternational.com\/pt\/sobre-a-sis-international-research\/contact-sis-international-market-research\/\"><span style=\"font-weight: 400;\"> Entre em contato conosco<\/span><\/a><span style=\"font-weight: 400;\"> para o seu pr\u00f3ximo projeto de pesquisa de mercado.<\/span><\/p>\n\n\n\n<h2 class=\"wp-block-heading\">&nbsp;<\/h2>\n\n\n\n<h2 class=\"wp-block-heading\">&nbsp;<\/h2>","protected":false},"excerpt":{"rendered":"<p>A incorpora\u00e7\u00e3o da \u00c1ustria na economia mundial deu um salto qu\u00e2ntico na \u00faltima d\u00e9cada. <\/p>","protected":false},"author":1,"featured_media":85239,"parent":14510,"menu_order":2,"comment_status":"closed","ping_status":"open","template":"","meta":{"footnotes":""},"class_list":["post-16895","page","type-page","status-publish","has-post-thumbnail"],"_links":{"self":[{"href":"https:\/\/www.sisinternational.com\/pt\/wp-json\/wp\/v2\/pages\/16895","targetHints":{"allow":["GET"]}}],"collection":[{"href":"https:\/\/www.sisinternational.com\/pt\/wp-json\/wp\/v2\/pages"}],"about":[{"href":"https:\/\/www.sisinternational.com\/pt\/wp-json\/wp\/v2\/types\/page"}],"author":[{"embeddable":true,"href":"https:\/\/www.sisinternational.com\/pt\/wp-json\/wp\/v2\/users\/1"}],"replies":[{"embeddable":true,"href":"https:\/\/www.sisinternational.com\/pt\/wp-json\/wp\/v2\/comments?post=16895"}],"version-history":[{"count":9,"href":"https:\/\/www.sisinternational.com\/pt\/wp-json\/wp\/v2\/pages\/16895\/revisions"}],"predecessor-version":[{"id":85240,"href":"https:\/\/www.sisinternational.com\/pt\/wp-json\/wp\/v2\/pages\/16895\/revisions\/85240"}],"up":[{"embeddable":true,"href":"https:\/\/www.sisinternational.com\/pt\/wp-json\/wp\/v2\/pages\/14510"}],"wp:featuredmedia":[{"embeddable":true,"href":"https:\/\/www.sisinternational.com\/pt\/wp-json\/wp\/v2\/media\/85239"}],"wp:attachment":[{"href":"https:\/\/www.sisinternational.com\/pt\/wp-json\/wp\/v2\/media?parent=16895"}],"curies":[{"name":"wp","href":"https:\/\/api.w.org\/{rel}","templated":true}]}}