{"id":16599,"date":"2015-06-14T04:01:01","date_gmt":"2015-06-14T04:01:01","guid":{"rendered":"https:\/\/www.sisinternational.com\/?page_id=16599"},"modified":"2026-01-24T19:13:12","modified_gmt":"2026-01-25T00:13:12","slug":"pesquisa-de-mercado-bric","status":"publish","type":"page","link":"https:\/\/www.sisinternational.com\/pt\/pericia\/pesquisa-de-mercado-bric\/","title":{"rendered":"Pesquisa de Mercado BRIC (Brasil, R\u00fassia, \u00cdndia e China)"},"content":{"rendered":"<div style=\"height:35px\" aria-hidden=\"true\" class=\"wp-block-spacer\"><\/div>\n\n\n\n<!DOCTYPE html>\n<html lang=\"en\">\n<head>\n    <meta charset=\"UTF-8\">\n    <meta name=\"viewport\" content=\"width=device-width, initial-scale=1.0\">\n    <title>Gradient Heading<\/title>\n<\/head>\n<body>\n    <h2 style=\"background: linear-gradient(to right, #001f3f 0%, #003d7a 30%, #1e90ff 70%, #74c0fc 100%); background: -webkit-linear-gradient(left, #001f3f 0%, #003d7a 30%, #1e90ff 70%, #74c0fc 100%); -webkit-background-clip: text; -webkit-text-fill-color: transparent; background-clip: text; font-size: 2.5rem; font-weight: 700; line-height: 1.2; display: inline-block; margin: 0 0 0 20px;\">BRIC Market Research<\/h2>\n<\/body>\n<\/html>\n\n\n\n<div style=\"height:38px\" aria-hidden=\"true\" class=\"wp-block-spacer\"><\/div>\n\n\n\n<figure class=\"gb-block-image gb-block-image-e195bdb2\"><img loading=\"lazy\" decoding=\"async\" width=\"1456\" height=\"816\" class=\"gb-image gb-image-e195bdb2\" src=\"https:\/\/www.sisinternational.com\/wp-content\/uploads\/2025\/09\/Brazil-4.jpg\" alt=\"Pesquisa e Estrat\u00e9gia de Mercado Internacional da SIS\" title=\"Brazil (4)\" srcset=\"https:\/\/www.sisinternational.com\/wp-content\/uploads\/2025\/09\/Brazil-4.jpg 1456w, https:\/\/www.sisinternational.com\/wp-content\/uploads\/2025\/09\/Brazil-4-300x168.jpg 300w, https:\/\/www.sisinternational.com\/wp-content\/uploads\/2025\/09\/Brazil-4-1024x574.jpg 1024w, https:\/\/www.sisinternational.com\/wp-content\/uploads\/2025\/09\/Brazil-4-768x430.jpg 768w, https:\/\/www.sisinternational.com\/wp-content\/uploads\/2025\/09\/Brazil-4-18x10.jpg 18w\" sizes=\"auto, (max-width: 1456px) 100vw, 1456px\"><\/figure>\n\n\n\n<hr class=\"wp-block-separator has-alpha-channel-opacity is-style-dots\"\/>\n\n\n<div class=\"gb-container gb-container-2a916115\">\n\n<p>As economias em desenvolvimento como o Brasil, a China, a \u00cdndia e a R\u00fassia, tamb\u00e9m conhecidas como pa\u00edses BRIC, s\u00e3o frequentemente centrais neste esfor\u00e7o, uma vez que oferecem o maior potencial para expans\u00e3o futura.<\/p>\n\n\n\n<blockquote class=\"wp-block-quote is-layout-flow wp-block-quote-is-layout-flow\">\n<p>O ambiente de neg\u00f3cios atual \u00e9 global. Com os r\u00e1pidos avan\u00e7os tecnol\u00f3gicos e a evolu\u00e7\u00e3o econ\u00f3mica, as empresas come\u00e7am a operar internacionalmente para aproveitar as oportunidades de crescimento global.<\/p>\n<\/blockquote>\n\n\n\n<h1 class=\"gb-headline gb-headline-a428afc0 gb-headline-text\"><strong>O que \u00e9 pesquisa de mercado BRIC?<\/strong><\/h1>\n\n\n\n<p>A pesquisa de mercado BRIC refere-se ao estudo e an\u00e1lise das economias e mercados dos quatro principais pa\u00edses emergentes: Brasil, R\u00fassia, \u00cdndia e China. Estes pa\u00edses s\u00e3o colectivamente referidos como BRIC, um termo cunhado pela Goldman Sachs em 2001 para destacar o seu potencial como importantes actores econ\u00f3micos globais.<\/p>\n\n\n\n<blockquote class=\"wp-block-quote is-layout-flow wp-block-quote-is-layout-flow\">\n<p>Os Mercados Emergentes podem oferecer retornos potencialmente enormes para as organiza\u00e7\u00f5es que compreendem o mercado estrangeiro e os seus clientes estrangeiros.<\/p>\n<\/blockquote>\n\n\n\n<p>No entanto, existem diferentes desafios relacionados com diversas condi\u00e7\u00f5es pol\u00edticas, legislativas, econ\u00f3micas, culturais e infra-estruturais.<\/p>\n\n\n\n<p>These challenges have significant impact upon the whole research process and methodology, as well as significant cost implications which usually turn out to be much higher due to unpredictability of conducting <a href=\"https:\/\/www.sisinternational.com\/pt\/pesquisa-de-mercado-milenar-na-china\/\" title=\"Pesquisa de mercado milenar na China\"  data-wpil-monitor-id=\"2546\">research in foreign markets<\/a>. In some markets, information is not readily available while access to strategic information can be a competitive advantage.<\/p>\n\n\n\n<p>O SIS ajuda a superar esses desafios para proporcionar essa vantagem. Com mais de 30 anos de experi\u00eancia, gerenciamento eficiente de projetos e recursos locais multil\u00edngues, a SIS une o processo de pesquisa de mercado do BRIC, fornecendo valor aos clientes.<\/p>\n\n\n\n<h2 class=\"gb-headline gb-headline-8946c37c gb-headline-text\"><strong><strong>Entenda os clientes<\/strong><\/strong><\/h2>\n\n\n\n<p>Embora a pesquisa de clientes internacionais tenha o potencial de revelar insights vitais para uma empresa, ela tamb\u00e9m apresenta barreiras significativas para os pesquisadores de mercado. As necessidades dos clientes s\u00e3o din\u00e2micas, mudam rapidamente e s\u00e3o dif\u00edceis de prever para muitos gestores. Estas necessidades s\u00e3o ainda mais dif\u00edceis de identificar para clientes do outro lado do mundo com valores culturais completamente diferentes.<\/p>\n\n\n\n<p>Pesquisas de comportamento do comprador, prefer\u00eancias de marca, atitudes, estudos de reconhecimento de marca, estudos de comportamento de compra e estudos de segmenta\u00e7\u00e3o de consumidores s\u00e3o exemplos de estudos que se enquadram na pesquisa de clientes que poderiam ser conduzidos para obter uma melhor compreens\u00e3o das necessidades dos clientes estrangeiros.<\/p>\n\n\n\n<p>SIS International with its global customer research knowledge has offices worldwide including the emerging continents <a href=\"https:\/\/www.sisinternational.com\/pt\/marketing-b2b-chines\/\" title=\"Marketing B2B na China\"  data-wpil-monitor-id=\"2589\">Asia and South America offering these BRIC<\/a> Market Research services. This local presence also means that SIS adapts and customizes their global customer research solutions specifically to each locality or culture in which the research is conducted.<\/p>\n\n\n\n<figure class=\"gb-block-image gb-block-image-70b41726\"><img loading=\"lazy\" decoding=\"async\" width=\"1456\" height=\"816\" class=\"gb-image gb-image-70b41726\" src=\"https:\/\/www.sisinternational.com\/wp-content\/uploads\/2025\/08\/Global-8.jpg\" alt=\"Pesquisa e Estrat\u00e9gia de Mercado Internacional da SIS\" title=\"Global (8)\" srcset=\"https:\/\/www.sisinternational.com\/wp-content\/uploads\/2025\/08\/Global-8.jpg 1456w, https:\/\/www.sisinternational.com\/wp-content\/uploads\/2025\/08\/Global-8-300x168.jpg 300w, https:\/\/www.sisinternational.com\/wp-content\/uploads\/2025\/08\/Global-8-1024x574.jpg 1024w, https:\/\/www.sisinternational.com\/wp-content\/uploads\/2025\/08\/Global-8-768x430.jpg 768w, https:\/\/www.sisinternational.com\/wp-content\/uploads\/2025\/08\/Global-8-18x10.jpg 18w\" sizes=\"auto, (max-width: 1456px) 100vw, 1456px\"><\/figure>\n\n\n\n<p><\/p>\n\n\n\n<h2 class=\"gb-headline gb-headline-47756c1f gb-headline-text\"><strong><strong><strong>Compreender organiza\u00e7\u00f5es e ind\u00fastrias<\/strong><\/strong><\/strong><\/h2>\n\n\n\n<p>A din\u00e2mica organizacional pode ser complexa. No entanto, as empresas, os seus sistemas e processos podem ser a fonte de vantagem competitiva. A coleta incisiva de informa\u00e7\u00f5es pode ajudar as empresas a desenvolver vantagens que poucas conseguem replicar.<\/p>\n\n\n\n<p>A recolha destas informa\u00e7\u00f5es sobre empresas estrangeiras n\u00e3o \u00e9 t\u00e3o simples. As informa\u00e7\u00f5es sobre mercados estrangeiros podem ser limitadas devido a diferentes expectativas em rela\u00e7\u00e3o \u00e0 quantidade e\/ou frequ\u00eancia de publica\u00e7\u00e3o de informa\u00e7\u00f5es publicamente dispon\u00edveis. Outras barreiras podem ser regulamenta\u00e7\u00f5es governamentais relativas \u00e0 publica\u00e7\u00e3o de informa\u00e7\u00f5es corporativas e barreiras lingu\u00edsticas.<\/p>\n\n\n\n<h3 class=\"gb-headline gb-headline-39f0d57a gb-headline-text\"><strong><strong><strong><strong>A SIS aproveita sua rede mundial com mais de 40 anos de experi\u00eancia.<\/strong><\/strong><\/strong><\/strong><\/h3>\n\n\n\n<p>Realizamos benchmarking de concorrentes internacionais, pesquisa de mercado BRIC, servi\u00e7os de business intelligence e intelig\u00eancia competitiva e treinamento em an\u00e1lise competitiva para superar com sucesso as barreiras internacionais que empresas individuais podem enfrentar.<\/p>\n\n\n\n<p>Esses servi\u00e7os ajudam a desenvolver as habilidades da empresa na coleta e an\u00e1lise de informa\u00e7\u00f5es corretas sobre o mercado estrangeiro e na compreens\u00e3o das melhores pr\u00e1ticas e movimentos dos concorrentes. A SIS tamb\u00e9m utiliza sua abordagem de pesquisa integrada, aproveitando v\u00e1rios n\u00edveis de percep\u00e7\u00e3o para uma vis\u00e3o completa do mercado e hist\u00f3rico corporativo baseado em estrat\u00e9gia de mercado para consultar empresas sobre os pontos fortes e fracos de seus concorrentes, suas inten\u00e7\u00f5es e posi\u00e7\u00e3o em compara\u00e7\u00e3o com a sua empresa, mesmo em mercados em que \u00e9 dif\u00edcil conduzir pesquisas de mercado BRIC.<\/p>\n\n\n\n<h4 class=\"gb-headline gb-headline-4c3c9864 gb-headline-text\"><strong><strong><strong><strong><strong>Crescer em novos mercados: pesquisa de entrada no mercado e oportunidades<\/strong><\/strong><\/strong><\/strong><\/strong><\/h4>\n\n\n\n<p>Economias como o Brasil, a China, a \u00cdndia e a R\u00fassia est\u00e3o a desenvolver-se e os progn\u00f3sticos s\u00e3o de que estes mercados provocar\u00e3o uma mudan\u00e7a de poder em rela\u00e7\u00e3o \u00e0s economias mais estabelecidas dentro de alguns anos. Estes mercados est\u00e3o \u201cem expans\u00e3o\u201d e podem oferecer muitas oportunidades de crescimento global para empresas que gostam de se expandir internacionalmente.<\/p>\n\n\n\n<p>Os mercados emergentes s\u00e3o frequentemente caracterizados por instabilidade pol\u00edtica, barreiras culturais, lacunas tecnol\u00f3gicas, informa\u00e7\u00f5es imprecisas e dados inconsistentes provenientes de diversas fontes. Compreender os mercados mais emergentes requer a experi\u00eancia e a compreens\u00e3o dos clientes em transi\u00e7\u00e3o.<\/p>\n\n\n\n<p>Al\u00e9m disso, entrar nas economias desenvolvidas tamb\u00e9m pode ser um desafio. A recess\u00e3o, os mercados saturados, a eros\u00e3o dos pre\u00e7os, a r\u00e1pida adop\u00e7\u00e3o tecnol\u00f3gica e a mudan\u00e7a de clientes aumentaram a dificuldade de entrar num mercado desenvolvido com produtos\/servi\u00e7os que tenham potencial para se tornarem um sucesso.<\/p>\n\n\n\n<blockquote class=\"wp-block-quote is-layout-flow wp-block-quote-is-layout-flow\">\n<p><a class=\"wpil_keyword_link\" href=\"https:\/\/www.sisinternational.com\/pt\/solucoes\/consultoria-estrategica\/pesquisa-de-oportunidade-de-entrada-no-mercado\/\"   title=\"Entrada de mercado e pesquisa de oportunidades\" data-wpil-keyword-link=\"linked\"  data-wpil-monitor-id=\"789\">Market Entry and Opportunity research<\/a> delivers critical insight and strategy on Branding, Pricing and Competition.<\/p>\n<\/blockquote>\n\n\n\n<p>Our BRIC Market Research services include market tracking, intellectual property research and risk analysis.&nbsp; Additionally our&nbsp;integrated approach allows for flexibility and creativity and nuances cultural differences which is vital for conducting this type of research and provide you with an extensive strategic report on adaption, customer value and cultural imperatives and other strategic issues guiding you to a successful foreign market entry.<\/p>\n\n\n\n<h4 class=\"gb-headline gb-headline-08ea1942 gb-headline-text\"><strong><strong><strong><strong><strong>Mais de 40 anos de experi\u00eancia excepcional em pesquisa de mercado BRIC<\/strong><\/strong><\/strong><\/strong><\/strong><\/h4>\n\n\n\n<p>A SIS realiza pesquisas de mercado completas e intelig\u00eancia de mercado em mercados emergentes. Com forte presen\u00e7a no Brasil, China, \u00cdndia e R\u00fassia tem entrada nos 4 mercados mais atrativos para expans\u00e3o.<\/p>\n\n<\/div>","protected":false},"excerpt":{"rendered":"<p>A SIS \u00e9 l\u00edder mundial em pesquisa de mercado internacional. A SIS conduz pesquisas qualitativas e quantitativas de mercado global. Saber mais.<\/p>","protected":false},"author":1,"featured_media":66218,"parent":14514,"menu_order":21,"comment_status":"closed","ping_status":"open","template":"","meta":{"footnotes":""},"class_list":["post-16599","page","type-page","status-publish","has-post-thumbnail"],"_links":{"self":[{"href":"https:\/\/www.sisinternational.com\/pt\/wp-json\/wp\/v2\/pages\/16599","targetHints":{"allow":["GET"]}}],"collection":[{"href":"https:\/\/www.sisinternational.com\/pt\/wp-json\/wp\/v2\/pages"}],"about":[{"href":"https:\/\/www.sisinternational.com\/pt\/wp-json\/wp\/v2\/types\/page"}],"author":[{"embeddable":true,"href":"https:\/\/www.sisinternational.com\/pt\/wp-json\/wp\/v2\/users\/1"}],"replies":[{"embeddable":true,"href":"https:\/\/www.sisinternational.com\/pt\/wp-json\/wp\/v2\/comments?post=16599"}],"version-history":[{"count":22,"href":"https:\/\/www.sisinternational.com\/pt\/wp-json\/wp\/v2\/pages\/16599\/revisions"}],"predecessor-version":[{"id":76940,"href":"https:\/\/www.sisinternational.com\/pt\/wp-json\/wp\/v2\/pages\/16599\/revisions\/76940"}],"up":[{"embeddable":true,"href":"https:\/\/www.sisinternational.com\/pt\/wp-json\/wp\/v2\/pages\/14514"}],"wp:featuredmedia":[{"embeddable":true,"href":"https:\/\/www.sisinternational.com\/pt\/wp-json\/wp\/v2\/media\/66218"}],"wp:attachment":[{"href":"https:\/\/www.sisinternational.com\/pt\/wp-json\/wp\/v2\/media?parent=16599"}],"curies":[{"name":"wp","href":"https:\/\/api.w.org\/{rel}","templated":true}]}}