{"id":16527,"date":"2015-06-13T18:35:24","date_gmt":"2015-06-13T18:35:24","guid":{"rendered":"https:\/\/www.sisinternational.com\/?page_id=16527"},"modified":"2025-09-08T12:55:19","modified_gmt":"2025-09-08T16:55:19","slug":"pesquisa-de-mercado-hispanico","status":"publish","type":"page","link":"https:\/\/www.sisinternational.com\/pt\/cobertura\/latin-america\/pesquisa-de-mercado-na-america-latina\/pesquisa-de-mercado-hispanico\/","title":{"rendered":"Pesquisa de mercado hisp\u00e2nico"},"content":{"rendered":"<h1 class=\"wp-block-heading\">Pesquisa de mercado hisp\u00e2nico<\/h1>\n\n\n\n<figure class=\"gb-block-image gb-block-image-7ecd1b15\"><img loading=\"lazy\" decoding=\"async\" width=\"1456\" height=\"816\" class=\"gb-image gb-image-7ecd1b15\" src=\"https:\/\/www.sisinternational.com\/wp-content\/uploads\/2025\/08\/Non-profit-4.jpg\" srcset=\"https:\/\/www.sisinternational.com\/wp-content\/uploads\/2025\/08\/Non-profit-4.jpg 1456w, https:\/\/www.sisinternational.com\/wp-content\/uploads\/2025\/08\/Non-profit-4-300x168.jpg 300w, https:\/\/www.sisinternational.com\/wp-content\/uploads\/2025\/08\/Non-profit-4-1024x574.jpg 1024w, https:\/\/www.sisinternational.com\/wp-content\/uploads\/2025\/08\/Non-profit-4-768x430.jpg 768w, https:\/\/www.sisinternational.com\/wp-content\/uploads\/2025\/08\/Non-profit-4-18x10.jpg 18w\" sizes=\"auto, (max-width: 1456px) 100vw, 1456px\" alt=\"Pesquisa e Estrat\u00e9gia de Mercado Internacional da SIS\"><\/figure>\n\n\n\n<p><\/p>\n\n\n\n<h2 class=\"wp-block-heading\">O Mercado Hisp\u00e2nico Emergente<\/h2>\n\n\n\n<p>N\u00e3o \u00e9 surpreendente que um dos maiores mercados emergentes do mundo hoje perten\u00e7a a uma crescente popula\u00e7\u00e3o hisp\u00e2nica. Nos \u00faltimos anos, o poder de compra deste grupo cresceu dramaticamente e continuar\u00e1 a crescer. O aumento da riqueza e das oportunidades educacionais posiciona o segundo maior grupo \u00e9tnico dos Estados Unidos como um grupo destinado a ter um impacto poderoso e duradouro no mercado.<\/p>\n\n\n\n<p>Fora dos EUA, v\u00e1rios pa\u00edses latino-americanos est\u00e3o a passar por uma recupera\u00e7\u00e3o econ\u00f3mica significativa. A melhoria das vendas a retalho e o aumento da produ\u00e7\u00e3o de bens de consumo tiveram um efeito dramaticamente positivo nas perspectivas econ\u00f3micas dos mercados hisp\u00e2nicos.<\/p>\n\n\n\n<p>Historicamente, os interesses empresariais t\u00eam prestado aten\u00e7\u00e3o significativa \u00e0 pr\u00f3pria linguagem como meio de penetrar nestes mercados desej\u00e1veis. Os hisp\u00e2nicos americanos preferem assistir televis\u00e3o onde o espanhol \u00e9 predominantemente falado. Al\u00e9m disso, a maioria dos hisp\u00e2nicos prefere falar espanhol em casa.<\/p>\n\n\n\n<p>Ao contr\u00e1rio da televis\u00e3o inglesa, que est\u00e1 dispon\u00edvel em v\u00e1rios canais, a televis\u00e3o de l\u00edngua espanhola concentra-se em menos canais e, portanto, \u00e9 assistida com mais intensidade pelos telespectadores hisp\u00e2nicos.<\/p>\n\n\n\n<p>Isto torna os meios de comunica\u00e7\u00e3o de l\u00edngua espanhola uma escolha eficaz para os anunciantes que tentam comunicar com este mercado-alvo em crescimento. No m\u00ednimo, as empresas criar\u00e3o mensagens personalizadas para esses meios de comunica\u00e7\u00e3o de l\u00edngua espanhola, al\u00e9m dos an\u00fancios tradicionais em l\u00edngua inglesa.<\/p>\n\n\n\n<p>Os consumidores hisp\u00e2nicos tendem a ser mais fi\u00e9is a determinadas marcas em alguns casos do que os seus hom\u00f3logos de outras etnias. Eles n\u00e3o fazem compras com tanta frequ\u00eancia, mas quando se aventuram, os hisp\u00e2nicos gastam mais.<\/p>\n\n\n\n<p>Eles tamb\u00e9m visitam mais restaurantes fast-food e quando o fazem t\u00eam filhos a tiracolo, o que acaba afetando as escolhas de compra dos pais. Historicamente, os hisp\u00e2nicos compram mais bebidas, fazendo com que as proje\u00e7\u00f5es de longo prazo para as vendas de bebidas nos pr\u00f3ximos anos sejam mais elevadas para o mercado hisp\u00e2nico do que para os consumidores caucasianos. Os m\u00e9todos de pesquisa qualitativa e quantitativa podem revelar \u00e1reas de oportunidade para impulsionar o desempenho do seu neg\u00f3cio.<\/p>\n\n\n\n<h2 class=\"wp-block-heading\">Conduzindo pesquisas de mercado hisp\u00e2nico<\/h2>\n\n\n\n<p>A popula\u00e7\u00e3o hisp\u00e2nica dos EUA \u00e9 o maior segmento minorit\u00e1rio e continuar\u00e1 a crescer rapidamente; o futuro da economia dos EUA e das principais ind\u00fastrias depende do mercado hisp\u00e2nico.<\/p>\n\n\n\n<p>Al\u00e9m disso, os hisp\u00e2nicos v\u00eam de uma ampla variedade de pa\u00edses de origem. A investiga\u00e7\u00e3o que visa as popula\u00e7\u00f5es hisp\u00e2nicas precisa de ter em conta a sua localiza\u00e7\u00e3o geogr\u00e1fica, demografia cultural, l\u00ednguas, acultura\u00e7\u00e3o, classe econ\u00f3mica e n\u00edveis de educa\u00e7\u00e3o. Esses dados demogr\u00e1ficos ser\u00e3o diferentes com cada conjunto populacional, dependendo de uma s\u00e9rie de fatores.<\/p>\n\n\n\n<p>\u201cAcultura\u00e7\u00e3o\u201d refere-se ao processo de ado\u00e7\u00e3o de tra\u00e7os culturais ou padr\u00f5es sociais de um determinado grupo. Os investigadores de mercado devem ter cuidado para n\u00e3o presumir que todos os hisp\u00e2nicos numa determinada \u00e1rea geogr\u00e1fica ou outro grupo demogr\u00e1fico estejam no mesmo n\u00edvel de acultura\u00e7\u00e3o. Por exemplo, muitos hisp\u00e2nicos dos EUA apresentam um n\u00edvel de acultura\u00e7\u00e3o inferior ao dos pa\u00edses latino-americanos, e muitos n\u00e3o falam espanhol regularmente em p\u00fablico, em casa ou de todo. N\u00e3o basta simplesmente oferecer a tradu\u00e7\u00e3o da pesquisa em espanhol para acessar as popula\u00e7\u00f5es hisp\u00e2nicas; o processo de investiga\u00e7\u00e3o, que inclui materiais de inqu\u00e9rito, question\u00e1rios e entrevistas pessoais, deve ter em conta n\u00e3o s\u00f3 a l\u00edngua preferida dos indiv\u00edduos no mercado-alvo, mas tamb\u00e9m a sua identidade cultural individual.<\/p>\n\n\n\n<p>\u00c0 medida que as popula\u00e7\u00f5es hisp\u00e2nicas crescem, especialmente nos EUA, \u00e9 crucial para o desenvolvimento das principais ind\u00fastrias e empresas compreender o tamanho, a varia\u00e7\u00e3o, a singularidade e o valor global do mercado hisp\u00e2nico como uma base de consumidores pr\u00f3spera com poder de compra distinto. As popula\u00e7\u00f5es hisp\u00e2nicas tamb\u00e9m t\u00eam padr\u00f5es \u00fanicos de uso de tecnologia e m\u00eddia, padr\u00f5es de consumo e psicologias de comprador que diferem do mercado de massa. Prev\u00ea-se que o crescimento futuro do seu consumo seja significativamente maior do que o dos n\u00e3o-hisp\u00e2nicos, e as mudan\u00e7as culturais e econ\u00f3micas nos EUA ser\u00e3o em grande parte determinadas por este crescimento.<\/p>\n\n\n\n<h2 class=\"wp-block-heading\">Pesquisa de Mercado na Am\u00e9rica Latina<\/h2>\n\n\n\n<figure class=\"gb-block-image gb-block-image-45d04967\"><img loading=\"lazy\" decoding=\"async\" width=\"1456\" height=\"816\" class=\"gb-image gb-image-45d04967\" src=\"https:\/\/www.sisinternational.com\/wp-content\/uploads\/2025\/09\/Hispanic-5.jpg\" alt=\"Pesquisa e Estrat\u00e9gia de Mercado Internacional da SIS\" title=\"Hispanic (5)\" srcset=\"https:\/\/www.sisinternational.com\/wp-content\/uploads\/2025\/09\/Hispanic-5.jpg 1456w, https:\/\/www.sisinternational.com\/wp-content\/uploads\/2025\/09\/Hispanic-5-300x168.jpg 300w, https:\/\/www.sisinternational.com\/wp-content\/uploads\/2025\/09\/Hispanic-5-1024x574.jpg 1024w, https:\/\/www.sisinternational.com\/wp-content\/uploads\/2025\/09\/Hispanic-5-768x430.jpg 768w, https:\/\/www.sisinternational.com\/wp-content\/uploads\/2025\/09\/Hispanic-5-18x10.jpg 18w\" sizes=\"auto, (max-width: 1456px) 100vw, 1456px\"><\/figure>\n\n\n\n<p><\/p>\n\n\n\n<p>Cada pa\u00eds latino-americano tem atitudes, costumes, prefer\u00eancias, peculiaridades e caracter\u00edsticas distintivas distintas.<\/p>\n\n\n\n<p>Lan\u00e7ar um amplo manto de mesmice sobre esta \u00e1rea de rico significado hist\u00f3rico e cultural seria um erro. \u00c9 aqui que a import\u00e2ncia de uma investiga\u00e7\u00e3o de marketing internacional experiente se torna essencial, para consultas iniciais e para tirar partido de metodologias estabelecidas que proporcionam a melhor oportunidade para compreender estas na\u00e7\u00f5es e culturas emergentes e tirar partido dessa compreens\u00e3o.<\/p>\n\n\n\n<h2 class=\"wp-block-heading\">O que fazer e o que n\u00e3o fazer na pesquisa de mercado hisp\u00e2nico<\/h2>\n\n\n\n<h3 class=\"wp-block-heading\">Dos<\/h3>\n\n\n\n<ul class=\"wp-block-list\">\n<li>Conhe\u00e7a a popula\u00e7\u00e3o hisp\u00e2nica que voc\u00ea est\u00e1 almejando\n<ul class=\"wp-block-list\">\n<li>Demografia<\/li>\n\n\n\n<li>Distribui\u00e7\u00e3o geogr\u00e1fica<\/li>\n\n\n\n<li>N\u00edveis de acultura\u00e7\u00e3o<\/li>\n<\/ul>\n<\/li>\n\n\n\n<li>Incluir hisp\u00e2nicos aculturados, biculturais E n\u00e3o aculturados\n<ul class=\"wp-block-list\">\n<li>Use uma amostra que reconhe\u00e7a essas diferen\u00e7as durante a fase de recrutamento<\/li>\n<\/ul>\n<\/li>\n\n\n\n<li>Use uma formula\u00e7\u00e3o de perguntas que leve em considera\u00e7\u00e3o informa\u00e7\u00f5es econ\u00f4micas, educacionais e socioecon\u00f4micas<\/li>\n\n\n\n<li>Reconhecer diferen\u00e7as na profici\u00eancia em espanhol mesmo entre popula\u00e7\u00f5es hisp\u00e2nicas\n<ul class=\"wp-block-list\">\n<li>Ter entrevistados que falam espanhol n\u00e3o significa ter entrevistados identificados como hisp\u00e2nicos<\/li>\n<\/ul>\n<\/li>\n\n\n\n<li>Considere que os hisp\u00e2nicos n\u00e3o s\u00e3o um grande grupo homog\u00eaneo\n<ul class=\"wp-block-list\">\n<li>Os hisp\u00e2nicos v\u00eam de muitos pa\u00edses de origem diferentes<\/li>\n\n\n\n<li>Os hisp\u00e2nicos pertencem a muitas classes sociais diferentes<\/li>\n\n\n\n<li>Os hisp\u00e2nicos t\u00eam n\u00edveis variados de acultura\u00e7\u00e3o<\/li>\n<\/ul>\n<\/li>\n\n\n\n<li>Prepare-se para que as pesquisas demorem mais em espanhol do que em ingl\u00eas<\/li>\n\n\n\n<li>Prepare-se para que as perguntas da pesquisa exijam mais nuances e sensibilidade cultural<\/li>\n\n\n\n<li>Ter um instrumento de levantamento bil\u00edngue que atende falantes de espanhol e ingl\u00eas<\/li>\n\n\n\n<li>Considere o comportamento do consumidor de pa\u00edses e \u00e1reas geogr\u00e1ficas espec\u00edficas<\/li>\n<\/ul>\n\n\n\n<h3 class=\"wp-block-heading\">N\u00e3o \u00e9<\/h3>\n\n\n\n<ul class=\"wp-block-list\">\n<li>For\u00e7ar uma mentalidade de \u201cmercado geral\u201d em uma cultura distinta\n<ul class=\"wp-block-list\">\n<li>Considere estilos de pesquisa<\/li>\n\n\n\n<li>Tenha cuidado ao fazer perguntas de \u201csimpatia\u201d e solicitar classifica\u00e7\u00f5es de escala<\/li>\n<\/ul>\n<\/li>\n\n\n\n<li>Suponha que todos os mercados hisp\u00e2nicos sejam de l\u00edngua espanhola e totalmente aculturados<\/li>\n\n\n\n<li>Suponha que todos os hisp\u00e2nicos vivam no mesmo n\u00edvel educacional ou socioecon\u00f4mico<\/li>\n\n\n\n<li>Basta traduzir materiais em ingl\u00eas para espanhol sem levar em conta nuances culturais<\/li>\n\n\n\n<li>Use escalas de avalia\u00e7\u00e3o complicadas em rela\u00e7\u00e3o \u00e0 simpatia ou agradabilidade<\/li>\n<\/ul>\n\n\n\n<p>O acesso ao mercado hisp\u00e2nico depende em grande parte das estrat\u00e9gias empregadas atrav\u00e9s da linguagem, do consumo de m\u00eddia e da tecnologia. Os estudos de investiga\u00e7\u00e3o devem ser concebidos tendo em mente n\u00edveis variados de adapta\u00e7\u00e3o tecnol\u00f3gica e consumo de meios de comunica\u00e7\u00e3o, bem como nuances de linguagem. Indiv\u00edduos de todos os n\u00edveis socioecon\u00f3micos podem ser clientes fi\u00e9is e receptivos e devem ser tratados como tal, tendo em conta as suas opini\u00f5es e necessidades individuais.<\/p>\n\n\n\n<h2 class=\"wp-block-heading\">Com mais de 40 anos de experi\u00eancia em Pesquisa de Mercado Global, a SIS oferece uma gama de servi\u00e7os, incluindo Pesquisa Qualitativa, Quantitativa e Estrat\u00e9gica.<\/h2>\n\n\n\n<h2 class=\"wp-block-heading p1\"><a href=\"https:\/\/www.sisinternational.com\/pt\/about-sis\/contact-sis-international-market-research\/\"><span class=\"s1\">Contate-nos para seu pr\u00f3ximo projeto de pesquisa de mercado hisp\u00e2nico.<\/span><\/a><\/h2>\n\n\n\n<h3 class=\"wp-block-heading title-heading-left\">You&nbsp;may also be interested in\u2026<\/h3>\n\n\n\n<p><\/p>\n\n\n\n<!-- Page-list plugin v.5.9 wordpress.org\/plugins\/page-list\/ -->\n<div class=\"page-list page-list-ext\">\n<div class=\"page-list-ext-item\"><div class=\"page-list-ext-image\"><a href=\"https:\/\/www.sisinternational.com\/pt\/cobertura\/latin-america\/pesquisa-de-mercado-na-america-latina\/\" title=\"Pesquisa de Mercado na Am\u00e9rica Latina\"><img decoding=\"async\" src=\"https:\/\/www.sisinternational.com\/wp-content\/uploads\/2025\/08\/Global-7-150x150.jpg\" width=\"150\" alt=\"Pesquisa de Mercado na Am\u00e9rica Latina\" \/><\/a><\/div> <h3 class=\"page-list-ext-title\"><a href=\"https:\/\/www.sisinternational.com\/pt\/cobertura\/latin-america\/pesquisa-de-mercado-na-america-latina\/\" title=\"Pesquisa de Mercado na Am\u00e9rica Latina\">Pesquisa de Mercado na Am\u00e9rica Latina<\/a><\/h3><div class=\"page-list-ext-item-content\">Saiba mais sobre a Pesquisa de Mercado da Am\u00e9rica Latina.<\/div><\/div>\n\n<\/div>\n\n\n\n<!-- Page-list plugin v.5.9 wordpress.org\/plugins\/page-list\/ -->\n<div class=\"page-list page-list-ext\">\n<div class=\"page-list-ext-item\"><div class=\"page-list-ext-image\"><a href=\"https:\/\/www.sisinternational.com\/pt\/cobertura\/latin-america\/pesquisa-de-mercado-na-america-latina\/pesquisa-de-mercado-no-mexico\/\" title=\"Pesquisa de mercado no M\u00e9xico\"><img decoding=\"async\" src=\"https:\/\/www.sisinternational.com\/wp-content\/uploads\/2025\/09\/Mexico-City-4-150x150.jpg\" width=\"150\" alt=\"Pesquisa de mercado no M\u00e9xico\" \/><\/a><\/div> <h3 class=\"page-list-ext-title\"><a href=\"https:\/\/www.sisinternational.com\/pt\/cobertura\/latin-america\/pesquisa-de-mercado-na-america-latina\/pesquisa-de-mercado-no-mexico\/\" title=\"Pesquisa de mercado no M\u00e9xico\">Pesquisa de mercado no M\u00e9xico<\/a><\/h3><div class=\"page-list-ext-item-content\">A SIS tem mais de 30 anos de experi\u00eancia em pesquisa de mercado global, com recursos e experi\u00eancia aprofundados para o mercado mexicano. <\/div><\/div>\n\n<\/div>","protected":false},"excerpt":{"rendered":"<p>Fornecemos dados, insights e estrat\u00e9gias de pesquisa de mercado hisp\u00e2nico. Saiba mais sobre como alcan\u00e7ar consumidores latinos.<\/p>","protected":false},"author":1,"featured_media":62996,"parent":14351,"menu_order":2,"comment_status":"closed","ping_status":"open","template":"","meta":{"footnotes":""},"class_list":["post-16527","page","type-page","status-publish","has-post-thumbnail"],"_links":{"self":[{"href":"https:\/\/www.sisinternational.com\/pt\/wp-json\/wp\/v2\/pages\/16527","targetHints":{"allow":["GET"]}}],"collection":[{"href":"https:\/\/www.sisinternational.com\/pt\/wp-json\/wp\/v2\/pages"}],"about":[{"href":"https:\/\/www.sisinternational.com\/pt\/wp-json\/wp\/v2\/types\/page"}],"author":[{"embeddable":true,"href":"https:\/\/www.sisinternational.com\/pt\/wp-json\/wp\/v2\/users\/1"}],"replies":[{"embeddable":true,"href":"https:\/\/www.sisinternational.com\/pt\/wp-json\/wp\/v2\/comments?post=16527"}],"version-history":[{"count":4,"href":"https:\/\/www.sisinternational.com\/pt\/wp-json\/wp\/v2\/pages\/16527\/revisions"}],"predecessor-version":[{"id":67572,"href":"https:\/\/www.sisinternational.com\/pt\/wp-json\/wp\/v2\/pages\/16527\/revisions\/67572"}],"up":[{"embeddable":true,"href":"https:\/\/www.sisinternational.com\/pt\/wp-json\/wp\/v2\/pages\/14351"}],"wp:featuredmedia":[{"embeddable":true,"href":"https:\/\/www.sisinternational.com\/pt\/wp-json\/wp\/v2\/media\/62996"}],"wp:attachment":[{"href":"https:\/\/www.sisinternational.com\/pt\/wp-json\/wp\/v2\/media?parent=16527"}],"curies":[{"name":"wp","href":"https:\/\/api.w.org\/{rel}","templated":true}]}}