{"id":16443,"date":"2015-06-11T01:55:57","date_gmt":"2015-06-11T01:55:57","guid":{"rendered":"https:\/\/www.sisinternational.com\/?page_id=16443"},"modified":"2026-01-26T18:50:41","modified_gmt":"2026-01-26T23:50:41","slug":"pesquisa-de-mercado-brasil","status":"publish","type":"page","link":"https:\/\/www.sisinternational.com\/pt\/cobertura\/latin-america\/pesquisa-de-mercado-na-america-latina\/pesquisa-de-mercado-brasil\/","title":{"rendered":"Pesquisa de mercado no Brasil"},"content":{"rendered":"<h1 class=\"wp-block-heading\">Pesquisa de mercado no Brasil<\/h1>\n\n\n\n<figure class=\"gb-block-image gb-block-image-63ddbb33\"><img loading=\"lazy\" decoding=\"async\" width=\"1456\" height=\"816\" class=\"gb-image gb-image-63ddbb33\" src=\"https:\/\/www.sisinternational.com\/wp-content\/uploads\/2025\/09\/Brazil-2.jpg\" alt=\"Pesquisa e Estrat\u00e9gia de Mercado Internacional da SIS\" title=\"Brazil (2)\" srcset=\"https:\/\/www.sisinternational.com\/wp-content\/uploads\/2025\/09\/Brazil-2.jpg 1456w, https:\/\/www.sisinternational.com\/wp-content\/uploads\/2025\/09\/Brazil-2-300x168.jpg 300w, https:\/\/www.sisinternational.com\/wp-content\/uploads\/2025\/09\/Brazil-2-1024x574.jpg 1024w, https:\/\/www.sisinternational.com\/wp-content\/uploads\/2025\/09\/Brazil-2-768x430.jpg 768w, https:\/\/www.sisinternational.com\/wp-content\/uploads\/2025\/09\/Brazil-2-18x10.jpg 18w\" sizes=\"auto, (max-width: 1456px) 100vw, 1456px\"><\/figure>\n\n\n\n<p><\/p>\n\n\n\n<h2 class=\"wp-block-heading\">O mercado emergente do Brasil, que compreende metade da popula\u00e7\u00e3o da Am\u00e9rica do Sul, \u00e9 considerado um dos grandes mercados emergentes de alto crescimento do grupo \u201cBRIC\u201d, incluindo China, R\u00fassia e \u00cdndia.<\/h2>\n\n\n\n<p><span style=\"font-weight: 400;\">O Brasil n\u00e3o \u00e9 apenas o maior pa\u00eds da Am\u00e9rica do Sul, mas tamb\u00e9m um ator significativo na economia global. Com os seus ricos recursos naturais, ind\u00fastrias em crescimento e uma popula\u00e7\u00e3o diversificada de mais de 200 milh\u00f5es de pessoas, apresenta diversas oportunidades de neg\u00f3cios.&nbsp;<\/span><\/p>\n\n\n\n<p><span style=\"font-weight: 400;\">No entanto, navegar pelas complexidades do mercado brasileiro requer um conhecimento profundo \u2013 e \u00e9 aqui que entra a pesquisa de mercado no Brasil. Dada a vasta extens\u00e3o geogr\u00e1fica do pa\u00eds, a diversidade cultural e o comportamento do consumidor em constante evolu\u00e7\u00e3o, obter insights por meio de pesquisas torna-se um passo fundamental para as empresas que desejam ter sucesso no mercado brasileiro.<\/span><\/p>\n\n\n\n<h2 class=\"wp-block-heading\"><strong>O que \u00e9 pesquisa de mercado no Brasil?<\/strong><\/h2>\n\n\n\n<p>One of the main purposes of <a href=\"https:\/\/www.sisinternational.com\/pt\/solucoes\/pesquisa-de-consultoria-em-estrategia-fintech\/pesquisa-de-mercado-cambial\/\" title=\"Pesquisa de mercado cambial\"  data-wpil-monitor-id=\"5276\">market research in Brazil<\/a> is to bridge the knowledge gap for foreign companies looking to establish themselves in a new and unfamiliar market. It provides detailed insights into consumer preferences, regional differences, and the overall economic climate, helping businesses make strategic decisions about entry, marketing, and product adaptation.<\/p>\n\n\n\n<p>A pesquisa de mercado tamb\u00e9m ajuda as empresas a identificar tend\u00eancias emergentes, entender potenciais lacunas de mercado e desenvolver estrat\u00e9gias para atender \u00e0s expectativas dos clientes. No Brasil, isso significa se adaptar a mercados urbanos sofisticados e consumidores rurais tradicionais.<\/p>\n\n\n\n<h2 class=\"wp-block-heading\"><strong>Por que \u00e9 importante realizar pesquisas de mercado no Brasil?<\/strong><\/h2>\n\n\n\n<p><span style=\"font-weight: 400;\">O mercado brasileiro exige um conhecimento profundo dos empreendimentos comerciais bem-sucedidos porque possui uma vasta popula\u00e7\u00e3o com diversas etnias, culturas e origens socioecon\u00f4micas. O tamanho do Brasil significa que ele abrange v\u00e1rios climas, culturas e atividades econ\u00f4micas. O que funciona nas paisagens urbanas de S\u00e3o Paulo pode n\u00e3o ressoar nas regi\u00f5es Norte ou nos vastos interiores.<\/span><\/p>\n\n\n\n<p><span style=\"font-weight: 400;\">O Brasil tem uma reputa\u00e7\u00e3o por seu complexo ambiente regulat\u00f3rio e de neg\u00f3cios. Compreender essas complexidades por meio de pesquisas de mercado pode ajudar as empresas a navegar sem problemas. Al\u00e9m disso, o consumidor brasileiro passou por uma transforma\u00e7\u00e3o significativa ao longo dos anos. Acompanhar as mudan\u00e7as de gostos, prefer\u00eancias e comportamentos de compra \u00e9 fundamental para permanecer relevante.<\/span><\/p>\n\n\n\n<h2 class=\"wp-block-heading\"><strong>Ent\u00e3o\u2026 Quais s\u00e3o os benef\u00edcios da pesquisa de mercado no Brasil?<\/strong><\/h2>\n\n\n\n<p><span style=\"font-weight: 400;\">A pesquisa de mercado no Brasil n\u00e3o apenas ajuda as empresas a enfrentar os desafios, mas tamb\u00e9m revela in\u00fameras vantagens que podem definir a trajet\u00f3ria para o sucesso. Aqui est\u00e3o alguns dos benef\u00edcios not\u00e1veis:<\/span><\/p>\n\n\n\n<p><b>\u2022 Tomada de decis\u00e3o informada: <\/b><span style=\"font-weight: 400;\">Uma pesquisa de mercado abrangente no Brasil fornece \u00e0s empresas insights acion\u00e1veis, permitindo-lhes tomar decis\u00f5es com base em dados e n\u00e3o em suposi\u00e7\u00f5es. Ao compreender a din\u00e2mica do mercado, os desafios potenciais e o comportamento do consumidor, as empresas podem conceber estrat\u00e9gias que minimizem os riscos e otimizem as oportunidades.<\/span><\/p>\n\n\n\n<p><b>\u2022 Otimiza\u00e7\u00e3o de Produtos e Servi\u00e7os: <\/b><span style=\"font-weight: 400;\">Por meio de pesquisas de mercado no Brasil, as empresas podem coletar feedback e compreender as lacunas em suas ofertas, levando \u00e0 melhoria e inova\u00e7\u00e3o cont\u00ednuas. Com insights aprofundados sobre dados demogr\u00e1ficos, prefer\u00eancias e padr\u00f5es de compra, as empresas podem criar produtos e campanhas de marketing que repercutam no p\u00fablico brasileiro.<\/span><\/p>\n\n\n\n<p><b>\u2022 Posicionamento de marca aprimorado: <\/b><span style=\"font-weight: 400;\">Conhecer profundamente o mercado ajuda as marcas a se posicionarem de forma eficaz, diferenciando-se dos concorrentes e alinhando-se aos valores do consumidor. Ao estarem sintonizados com as necessidades e desejos do consumidor brasileiro, as empresas podem promover relacionamentos mais fortes e duradouros, impulsionando a fideliza\u00e7\u00e3o e a repeti\u00e7\u00e3o de neg\u00f3cios.<\/span><\/p>\n\n\n\n<h2 class=\"wp-block-heading\"><strong>Principais ind\u00fastrias no Brasil<\/strong><\/h2>\n\n\n\n<figure class=\"gb-block-image gb-block-image-91c06540\"><img loading=\"lazy\" decoding=\"async\" width=\"1456\" height=\"816\" class=\"gb-image gb-image-91c06540\" src=\"https:\/\/www.sisinternational.com\/wp-content\/uploads\/2025\/09\/Brazil-3.jpg\" alt=\"Pesquisa e Estrat\u00e9gia de Mercado Internacional da SIS\" title=\"Brazil (3)\" srcset=\"https:\/\/www.sisinternational.com\/wp-content\/uploads\/2025\/09\/Brazil-3.jpg 1456w, https:\/\/www.sisinternational.com\/wp-content\/uploads\/2025\/09\/Brazil-3-300x168.jpg 300w, https:\/\/www.sisinternational.com\/wp-content\/uploads\/2025\/09\/Brazil-3-1024x574.jpg 1024w, https:\/\/www.sisinternational.com\/wp-content\/uploads\/2025\/09\/Brazil-3-768x430.jpg 768w, https:\/\/www.sisinternational.com\/wp-content\/uploads\/2025\/09\/Brazil-3-18x10.jpg 18w\" sizes=\"auto, (max-width: 1456px) 100vw, 1456px\"><\/figure>\n\n\n\n<p><\/p>\n\n\n\n<p><span style=\"font-weight: 400;\">O Brasil tem uma economia diversificada com seus vastos recursos naturais e posi\u00e7\u00e3o estrat\u00e9gica na Am\u00e9rica do Sul. Aqui est\u00e3o alguns dos setores vitais que sustentam a pesquisa de mercado no Brasil:<\/span><\/p>\n\n\n\n<p><b>\u2022 Agricultura: <\/b><span style=\"font-weight: 400;\">O Brasil \u00e9 uma pot\u00eancia agr\u00edcola global, sendo um dos principais exportadores de produtos como caf\u00e9, soja, carne bovina, cana-de-a\u00e7\u00facar e suco de laranja. A vasta \u00e1rea territorial do pa\u00eds e o clima favor\u00e1vel tornam-no ideal para diversas culturas e pecu\u00e1ria.<\/span><\/p>\n\n\n\n<p><b>\u2022 Minera\u00e7\u00e3o: <\/b><span style=\"font-weight: 400;\">O Brasil \u00e9 rico em minerais, incluindo min\u00e9rio de ferro, bauxita e ouro. O pa\u00eds possui um dos maiores setores de minera\u00e7\u00e3o do mundo, fornecendo mat\u00e9rias-primas essenciais para as ind\u00fastrias globais.<\/span><\/p>\n\n\n\n<p><b>\u2022 Avia\u00e7\u00e3o: <\/b><span style=\"font-weight: 400;\">A Embraer do Brasil \u00e9 uma empresa l\u00edder na ind\u00fastria global de avia\u00e7\u00e3o, especializada na produ\u00e7\u00e3o de jatos regionais.<\/span><\/p>\n\n\n\n<p><b>\u2022 Servi\u00e7os financeiros:<\/b><span style=\"font-weight: 400;\"> S\u00e3o Paulo \u00e9 frequentemente apelidado de centro financeiro da Am\u00e9rica do Sul, com forte presen\u00e7a de bancos, empresas de investimento e institui\u00e7\u00f5es financeiras.<\/span><\/p>\n\n\n\n<p><b>\u2022 Tecnologia e Startups:<\/b><span style=\"font-weight: 400;\"> O cen\u00e1rio tecnol\u00f3gico do Brasil est\u00e1 florescendo, com startups em fintech, edtech, tecnologia de sa\u00fade e com\u00e9rcio eletr\u00f4nico testemunhando um crescimento substancial.<\/span><\/p>\n\n\n\n<p><b>\u2022 Turismo e hospitalidade: <\/b><span style=\"font-weight: 400;\">Do vibrante Rio de Janeiro e da hist\u00f3rica Salvador \u00e0 floresta amaz\u00f4nica e \u00e0s zonas \u00famidas do Pantanal, o Brasil \u00e9 um \u00edm\u00e3 para turistas.<\/span><\/p>\n\n\n\n<p><b>\u2022 Energia renov\u00e1vel: <\/b><span style=\"font-weight: 400;\">O Brasil \u00e9 l\u00edder global em biocombust\u00edveis, especialmente etanol de cana-de-a\u00e7\u00facar. Al\u00e9m disso, h\u00e1 investimentos crescentes nos setores de energia e\u00f3lica e solar.<\/span><\/p>\n\n\n\n<p><span style=\"font-weight: 400;\">Essas s\u00e3o apenas algumas das muitas ind\u00fastrias em crescimento no Brasil. A diversidade e o potencial desses setores fazem da pesquisa de mercado no Brasil uma ferramenta valiosa para empresas que pretendem penetrar ou expandir dentro deles.<\/span><\/p>\n\n\n\n<h2 class=\"wp-block-heading\">A for\u00e7a da economia brasileira<\/h2>\n\n\n\n<p>O Brasil \u00e9 caracterizado por uma taxa maior de crescimento e desenvolvimento econ\u00f4mico do que as economias desenvolvidas. China, EUA e Uni\u00e3o Europeia est\u00e3o entre os maiores parceiros comerciais do Brasil.<\/p>\n\n\n\n<p>O Brasil, um pouco menor que os EUA, \u00e9 o maior pa\u00eds da Am\u00e9rica Latina e uma das 10 maiores economias do mundo. A capital da federa\u00e7\u00e3o de estados que comp\u00f5em o Brasil \u00e9 Bras\u00edlia. Os povos portugueses, africanos, alem\u00e3es, italianos, japoneses, espanh\u00f3is e amer\u00edndios est\u00e3o inclu\u00eddos na variedade de grupos \u00e9tnicos que comp\u00f5em a popula\u00e7\u00e3o do Brasil de mais de 190 milh\u00f5es.<\/p>\n\n\n\n<h2 class=\"wp-block-heading\"><strong>Principais Pontos Tur\u00edsticos e Cidades do Brasil<\/strong><\/h2>\n\n\n\n<p><span style=\"font-weight: 400;\">O Brasil \u00e9 um dos principais destinos tur\u00edsticos por causa de sua cultura vibrante, ecossistemas diversos e rica hist\u00f3ria. Consequentemente, ao mergulhar em pesquisas de mercado no Brasil relacionadas ao turismo, \u00e9 essencial reconhecer as seguintes atra\u00e7\u00f5es e cidades principais:<\/span><\/p>\n\n\n\n<p><b>\u2022 Rio de Janeiro: <\/b><span style=\"font-weight: 400;\">Famosa pela ic\u00f4nica est\u00e1tua do Cristo Redentor, pelo P\u00e3o de A\u00e7\u00facar e pelas animadas praias de Copacabana e Ipanema. A cidade tamb\u00e9m sedia o mundialmente famoso Carnaval do Rio, uma celebra\u00e7\u00e3o de m\u00fasica, dan\u00e7a e fantasias vibrantes.<\/span><\/p>\n\n\n\n<p><b>\u2022 Floresta amaz\u00f4nica: <\/b><span style=\"font-weight: 400;\">Abrangendo mais da metade das florestas tropicais remanescentes do planeta, a Amaz\u00f4nia abriga uma vasta gama de vida selvagem e tribos ind\u00edgenas. A cidade de Manaus serve de porta de entrada para pousadas na selva e cruzeiros fluviais.<\/span><\/p>\n\n\n\n<p><b>\u2022 Cataratas do Igua\u00e7u: <\/b><span style=\"font-weight: 400;\">Situadas na fronteira entre o Brasil e a Argentina, essas enormes cachoeiras s\u00e3o uma das maravilhas naturais mais impressionantes do mundo.<\/span><\/p>\n\n\n\n<p><b>\u2022 S\u00e3o Paulo: <\/b><span style=\"font-weight: 400;\">A movimentada metr\u00f3pole conhecida por seus arranha-c\u00e9us, vida noturna vibrante e cen\u00e1rio culin\u00e1rio diversificado.<\/span><\/p>\n\n\n\n<p><b>\u2022 Bras\u00edlia: <\/b>Oscar Niemeyer projetou a capital do pa\u00eds, que<span style=\"font-weight: 400;\">&nbsp;\u00e9 um Patrim\u00f4nio Mundial da UNESCO devido \u00e0 sua arquitetura modernista.<\/span><\/p>\n\n\n\n<h2 class=\"wp-block-heading\">Hot Spots Econ\u00f4micos no Brasil<\/h2>\n\n\n\n<p>As cidades mais populosas da regi\u00e3o central do pa\u00eds s\u00e3o Rio de Janeiro, S\u00e3o Paulo e Belo Horizonte.<\/p>\n\n\n\n<p>A grande maioria dos brasileiros vive em \u00e1reas urbanas, ap\u00f3s um per\u00edodo de r\u00e1pida urbaniza\u00e7\u00e3o nas \u00faltimas duas d\u00e9cadas. Essa urbaniza\u00e7\u00e3o ajudou a impulsionar o enorme desenvolvimento econ\u00f4mico pelo qual o Brasil passou nos \u00faltimos anos.<\/p>\n\n\n\n<p>O Brasil tem atra\u00eddo grande interesse em quase todas as \u00e1reas de sua economia e infraestrutura. Suas principais importa\u00e7\u00f5es s\u00e3o equipamentos el\u00e9tricos e de transporte, m\u00e1quinas, petr\u00f3leo, equipamentos qu\u00edmicos, eletr\u00f4nicos e pe\u00e7as automotivas. Outras ind\u00fastrias com alta demanda na economia brasileira s\u00e3o software, tecnologia da informa\u00e7\u00e3o e petr\u00f3leo.<\/p>\n\n\n\n<h2 class=\"wp-block-heading\">A penetra\u00e7\u00e3o da Internet e dos dispositivos m\u00f3veis aumentou constantemente nos \u00faltimos anos.<\/h2>\n\n\n\n<p>Isso beneficiou v\u00e1rias ind\u00fastrias, como varejo, e-commerce, educa\u00e7\u00e3o e TI. O setor de tecnologia da informa\u00e7\u00e3o responde por um segmento importante do PIB do Brasil.<\/p>\n\n\n\n<p>Localizada 60 milhas ao norte de S\u00e3o Paulo, Campinas tem uma grande concentra\u00e7\u00e3o de empresas de alta tecnologia, institutos de pesquisa, universidades e parques tecnol\u00f3gicos e \u00e9 essencialmente considerada o &quot;Vale do Sil\u00edcio&quot; do Brasil. A cidade de Recife, ao norte, tamb\u00e9m tem parques tecnol\u00f3gicos l\u00edderes, assim como Porto Alegre, S\u00e3o Paulo e Curitiba, ao sul.<\/p>\n\n\n\n<h2 class=\"wp-block-heading\"><strong>Pesquisa de Mercado no Brasil: Oportunidades&nbsp;<\/strong><\/h2>\n\n\n\n<figure class=\"gb-block-image gb-block-image-4825aa47\"><img loading=\"lazy\" decoding=\"async\" width=\"1456\" height=\"816\" class=\"gb-image gb-image-4825aa47\" src=\"https:\/\/www.sisinternational.com\/wp-content\/uploads\/2025\/09\/Brazil-5.jpg\" alt=\"Pesquisa e Estrat\u00e9gia de Mercado Internacional da SIS\" title=\"Brazil (5)\" srcset=\"https:\/\/www.sisinternational.com\/wp-content\/uploads\/2025\/09\/Brazil-5.jpg 1456w, https:\/\/www.sisinternational.com\/wp-content\/uploads\/2025\/09\/Brazil-5-300x168.jpg 300w, https:\/\/www.sisinternational.com\/wp-content\/uploads\/2025\/09\/Brazil-5-1024x574.jpg 1024w, https:\/\/www.sisinternational.com\/wp-content\/uploads\/2025\/09\/Brazil-5-768x430.jpg 768w, https:\/\/www.sisinternational.com\/wp-content\/uploads\/2025\/09\/Brazil-5-18x10.jpg 18w\" sizes=\"auto, (max-width: 1456px) 100vw, 1456px\"><\/figure>\n\n\n\n<p><\/p>\n\n\n\n<p><span style=\"font-weight: 400;\">O cen\u00e1rio diversificado e em r\u00e1pida mudan\u00e7a do Brasil oferece \u00e0s empresas diversas oportunidades \u2013 e as empresas devem reconhecer estas \u00e1reas potenciais:<\/span><\/p>\n\n\n\n<p><b>\u2022 Expans\u00e3o do com\u00e9rcio eletr\u00f4nico: <\/b><span style=\"font-weight: 400;\">Com o crescimento exponencial das compras online e das plataformas digitais, as empresas podem explorar os comportamentos, prefer\u00eancias e pontos fracos dos consumidores online para oferecer experi\u00eancias online personalizadas nas principais cidades do Brasil.<\/span><\/p>\n\n\n\n<p><b>\u2022 Solu\u00e7\u00f5es Sustent\u00e1veis e Ecologicamente Corretas: <\/b><span style=\"font-weight: 400;\">\u00c0 medida que os consumidores se tornam mais conscientes do ponto de vista ambiental, h\u00e1 uma procura por produtos sustent\u00e1veis e solu\u00e7\u00f5es ecol\u00f3gicas. A pesquisa de mercado no Brasil pode ajudar as empresas a se alinharem a essas prefer\u00eancias.<\/span><\/p>\n\n\n\n<p><b>\u2022 Sa\u00fade e bem estar: <\/b><span style=\"font-weight: 400;\">Com um foco cada vez maior em sa\u00fade, condicionamento f\u00edsico e bem-estar, empresas nos setores de sa\u00fade, condicionamento f\u00edsico, alimentos org\u00e2nicos e bem-estar t\u00eam potencial para prosperar.<\/span><\/p>\n\n\n\n<p><b>\u2022 Servi\u00e7os Financeiros e Fintech: <\/b><span style=\"font-weight: 400;\">Dada a consider\u00e1vel popula\u00e7\u00e3o sem conta banc\u00e1ria e o aumento das solu\u00e7\u00f5es financeiras digitais, h\u00e1 uma oportunidade para inova\u00e7\u00f5es em fintech e iniciativas de inclus\u00e3o financeira.<\/span><\/p>\n\n\n\n<p><b>\u2022 Turismo e Economia da Experi\u00eancia: <\/b><span style=\"font-weight: 400;\">As ricas atra\u00e7\u00f5es culturais e naturais do Brasil oferecem oportunidades de turismo. Pesquisas de mercado no Brasil podem ajudar a projetar experi\u00eancias \u00fanicas e imersivas para viajantes em atra\u00e7\u00f5es inexploradas.<\/span><\/p>\n\n\n\n<p><b>\u2022 Imobili\u00e1rio e Infraestrutura: <\/b>With urbanization and infrastructural development, <a href=\"https:\/\/www.sisinternational.com\/pt\/pericia\/industrias\/pesquisa-de-mercado-imobiliario-comercial\/\" title=\"Pesquisa de mercado imobili\u00e1rio comercial\"  data-wpil-monitor-id=\"5701\">pesquisa de mercado<\/a> can guide businesses in identifying potential areas for real estate projects, urban planning, and infrastructure enhancements.<\/span><\/p>\n\n\n\n<h2 class=\"wp-block-heading\"><strong>Pesquisa de mercado no Brasil: desafios&nbsp;<\/strong><\/h2>\n\n\n\n<p><span style=\"font-weight: 400;\">Embora o Brasil ofere\u00e7a in\u00fameras oportunidades, as empresas devem estar cientes dos desafios que surgem ao navegar em um mercado t\u00e3o vasto e diversificado. Aprofundar-se na pesquisa de mercado no Brasil pode ajudar a mitigar alguns desses desafios:<\/span><\/p>\n\n\n\n<p><b>\u2022 Volatilidade Econ\u00f4mica: <\/b><span style=\"font-weight: 400;\">A economia do Brasil passou por per\u00edodos de expans\u00e3o e queda. As flutua\u00e7\u00f5es das taxas de c\u00e2mbio, as taxas de infla\u00e7\u00e3o e as pol\u00edticas fiscais podem afetar as opera\u00e7\u00f5es comerciais.<\/span><\/p>\n\n\n\n<p><b>\u2022 Sistema Tribut\u00e1rio Complexo: <\/b><span style=\"font-weight: 400;\">A estrutura tribut\u00e1ria do Brasil \u00e9 conhecida por sua complexidade, com m\u00faltiplos impostos nos n\u00edveis federal, estadual e municipal. Compreender e cumprir esses regulamentos pode ser um desafio.<\/span><\/p>\n\n\n\n<p><b>\u2022 Diferen\u00e7as Culturais e Regionais:<\/b><span style=\"font-weight: 400;\"> O Brasil \u00e9 um pa\u00eds vasto, com culturas, prefer\u00eancias e comportamentos de consumo regionais distintos. O que funciona numa regi\u00e3o pode n\u00e3o funcionar noutra.<\/span><\/p>\n\n\n\n<p><b>\u2022 Lacunas de infraestrutura: <\/b><span style=\"font-weight: 400;\">Embora as grandes cidades estejam bem desenvolvidas, algumas \u00e1reas ainda carecem de infraestruturas essenciais, o que afeta a log\u00edstica e a distribui\u00e7\u00e3o.<\/span><\/p>\n\n\n\n<p><b>\u2022 Burocracia: <\/b><span style=\"font-weight: 400;\">Abrir e operar um neg\u00f3cio no Brasil pode envolver navegar por camadas de burocracia, o que pode consumir muito tempo.<\/span><\/p>\n\n\n\n<p><b>\u2022 Barreira de l\u00edngua: <\/b><span style=\"font-weight: 400;\">Embora muitos profissionais de neg\u00f3cios falem ingl\u00eas, o portugu\u00eas \u00e9 o idioma predominante. Comunica\u00e7\u00e3o e localiza\u00e7\u00e3o eficazes s\u00e3o cruciais.<\/span><\/p>\n\n\n\n<p><b>\u2022 Preocupa\u00e7\u00f5es com Propriedade Intelectual: <\/b><span style=\"font-weight: 400;\">Houve casos de viola\u00e7\u00f5es de direitos de PI no Brasil. Proteger patentes, marcas registradas e direitos autorais \u00e9 essencial para as empresas, especialmente nos setores tecnol\u00f3gico e criativo.<\/span><\/p>\n\n\n\n<p><b>\u2022 Preocupa\u00e7\u00f5es com seguran\u00e7a: <\/b><span style=\"font-weight: 400;\">Em certas regi\u00f5es, a seguran\u00e7a pode ser uma preocupa\u00e7\u00e3o, afetando tanto as opera\u00e7\u00f5es comerciais como a seguran\u00e7a dos funcion\u00e1rios.<\/span><\/p>\n\n\n\n<h2 class=\"wp-block-heading\"><strong>Como a pesquisa de mercado da SIS International no Brasil ajuda as empresas<\/strong><\/h2>\n\n\n\n<figure class=\"gb-block-image gb-block-image-6f18c4af\"><img loading=\"lazy\" decoding=\"async\" width=\"1456\" height=\"816\" class=\"gb-image gb-image-6f18c4af\" src=\"https:\/\/www.sisinternational.com\/wp-content\/uploads\/2025\/09\/Brazil-4.jpg\" alt=\"Pesquisa e Estrat\u00e9gia de Mercado Internacional da SIS\" title=\"Brazil (4)\" srcset=\"https:\/\/www.sisinternational.com\/wp-content\/uploads\/2025\/09\/Brazil-4.jpg 1456w, https:\/\/www.sisinternational.com\/wp-content\/uploads\/2025\/09\/Brazil-4-300x168.jpg 300w, https:\/\/www.sisinternational.com\/wp-content\/uploads\/2025\/09\/Brazil-4-1024x574.jpg 1024w, https:\/\/www.sisinternational.com\/wp-content\/uploads\/2025\/09\/Brazil-4-768x430.jpg 768w, https:\/\/www.sisinternational.com\/wp-content\/uploads\/2025\/09\/Brazil-4-18x10.jpg 18w\" sizes=\"auto, (max-width: 1456px) 100vw, 1456px\"><\/figure>\n\n\n\n<p><\/p>\n\n\n\n<p><a href=\"https:\/\/www.sisinternational.com\/pt\/cobertura\/as-americas\/pesquisa-de-mercado-na-america-latina\/consultoria-de-entrada-no-mercado-brasil\/\" title=\"Consultoria de entrada no mercado no Brasil\"  data-wpil-monitor-id=\"7079\">Pesquisa de mercado<\/a> is a cornerstone of successful business operations in Brazil. At <a href=\"https:\/\/www.linkedin.com\/company\/sisinternationalresearch\/\" target=\"_blank\" rel=\"noopener\"><span style=\"font-weight: 400;\">SIS Internacional<\/span><\/a>, fornecemos insights abrangentes para ajudar empresas a tomar decis\u00f5es informadas neste mercado diversificado e em evolu\u00e7\u00e3o.<\/p>\n\n\n\n<h3 class=\"wp-block-heading\"><strong>Insights de mercado personalizados<\/strong><\/h3>\n\n\n\n<p>SIS Internacional <a href=\"https:\/\/www.linkedin.com\/pulse\/how-market-research-enables-growth-ruth-stanat-phekf\/\" target=\"_blank\" rel=\"noopener\"><span style=\"font-weight: 400;\">pesquisa de mercado<\/span><\/a> no Brasil oferece an\u00e1lises aprofundadas do comportamento do consumidor, tend\u00eancias de mercado e din\u00e2mica competitiva. Aproveitamos pesquisas qualitativas e quantitativas para fornecer insights acion\u00e1veis que se alinham com seus objetivos de neg\u00f3cios. Ao entender as nuances do mercado local, ajudamos voc\u00ea a criar estrat\u00e9gias eficazes que ressoem com os consumidores brasileiros.<\/p>\n\n\n\n<h3 class=\"wp-block-heading\"><strong>Navegando pela complexidade regulat\u00f3ria<\/strong><\/h3>\n\n\n\n<p>Nossos especialistas s\u00e3o bem versados nas complexidades do cen\u00e1rio regulat\u00f3rio do Brasil. Orientamos as empresas atrav\u00e9s das complexidades das leis locais, regulamenta\u00e7\u00f5es fiscais e requisitos de conformidade, garantindo que suas opera\u00e7\u00f5es funcionem sem problemas e cumpram todos os padr\u00f5es necess\u00e1rios. Com nosso suporte, voc\u00ea pode se concentrar no crescimento enquanto lidamos com os desafios regulat\u00f3rios.<\/p>\n\n\n\n<h3 class=\"wp-block-heading\"><strong>Estrat\u00e9gias localizadas para o sucesso<\/strong><\/h3>\n\n\n\n<p>Reconhecemos que o Brasil n\u00e3o \u00e9 um mercado \u00fanico. Nossa pesquisa de mercado ajuda as empresas a criar estrat\u00e9gias espec\u00edficas para cada regi\u00e3o que atendem \u00e0s demandas \u00fanicas de diferentes \u00e1reas do pa\u00eds. Quer voc\u00ea esteja procurando expandir para S\u00e3o Paulo, a regi\u00e3o amaz\u00f4nica ou o Nordeste, <a href=\"https:\/\/medium.com\/@sisinternational\/sis-international-c17160da8fac\" target=\"_blank\" rel=\"noopener\"><span style=\"font-weight: 400;\">SIS<\/span><\/a> fornece os insights necess\u00e1rios para um sucesso direcionado e localizado.<\/p>\n\n\n\n<h2 class=\"wp-block-heading\">Sobre Pesquisa de Mercado no Brasil<\/h2>\n\n\n\n<p><a href=\"https:\/\/www.sisinternational.com\/pt\/\"><span style=\"font-weight: 400;\">SIS Internacional<\/span><\/a><span style=\"font-weight: 400;\"> oferece pesquisa quantitativa, qualitativa e estrat\u00e9gica. Fornecemos dados, ferramentas, estrat\u00e9gias, relat\u00f3rios e insights para a tomada de decis\u00f5es. Tamb\u00e9m realizamos entrevistas, pesquisas, grupos focais e outros m\u00e9todos e abordagens de Pesquisa de Mercado.<\/span><a href=\"https:\/\/www.sisinternational.com\/pt\/sobre-a-sis-international-research\/contact-sis-international-market-research\/\"><span style=\"font-weight: 400;\"> Entre em contato conosco<\/span><\/a><span style=\"font-weight: 400;\"> para o seu pr\u00f3ximo projeto de pesquisa de mercado.<\/span><\/p>","protected":false},"excerpt":{"rendered":"<p>A SIS Market Research ajuda as empresas a entender o mercado brasileiro.<\/p>","protected":false},"author":1,"featured_media":66216,"parent":14351,"menu_order":1,"comment_status":"closed","ping_status":"open","template":"","meta":{"footnotes":""},"class_list":["post-16443","page","type-page","status-publish","has-post-thumbnail"],"_links":{"self":[{"href":"https:\/\/www.sisinternational.com\/pt\/wp-json\/wp\/v2\/pages\/16443","targetHints":{"allow":["GET"]}}],"collection":[{"href":"https:\/\/www.sisinternational.com\/pt\/wp-json\/wp\/v2\/pages"}],"about":[{"href":"https:\/\/www.sisinternational.com\/pt\/wp-json\/wp\/v2\/types\/page"}],"author":[{"embeddable":true,"href":"https:\/\/www.sisinternational.com\/pt\/wp-json\/wp\/v2\/users\/1"}],"replies":[{"embeddable":true,"href":"https:\/\/www.sisinternational.com\/pt\/wp-json\/wp\/v2\/comments?post=16443"}],"version-history":[{"count":6,"href":"https:\/\/www.sisinternational.com\/pt\/wp-json\/wp\/v2\/pages\/16443\/revisions"}],"predecessor-version":[{"id":80644,"href":"https:\/\/www.sisinternational.com\/pt\/wp-json\/wp\/v2\/pages\/16443\/revisions\/80644"}],"up":[{"embeddable":true,"href":"https:\/\/www.sisinternational.com\/pt\/wp-json\/wp\/v2\/pages\/14351"}],"wp:featuredmedia":[{"embeddable":true,"href":"https:\/\/www.sisinternational.com\/pt\/wp-json\/wp\/v2\/media\/66216"}],"wp:attachment":[{"href":"https:\/\/www.sisinternational.com\/pt\/wp-json\/wp\/v2\/media?parent=16443"}],"curies":[{"name":"wp","href":"https:\/\/api.w.org\/{rel}","templated":true}]}}