{"id":16424,"date":"2015-06-11T01:06:49","date_gmt":"2015-06-11T01:06:49","guid":{"rendered":"https:\/\/www.sisinternational.com\/?page_id=16424"},"modified":"2026-01-27T16:44:18","modified_gmt":"2026-01-27T21:44:18","slug":"empresa-de-pesquisa-de-mercado-de-los-angeles","status":"publish","type":"page","link":"https:\/\/www.sisinternational.com\/pt\/cobertura\/north-america\/cobertura-dos-eua\/empresa-de-pesquisa-de-mercado-de-los-angeles\/","title":{"rendered":"Empresa de pesquisa de mercado de Los Angeles"},"content":{"rendered":"<h1 class=\"wp-block-heading\">Empresa de pesquisa de mercado de Los Angeles<\/h1>\n\n\n\n<figure class=\"gb-block-image gb-block-image-d7ac7180\"><img loading=\"lazy\" decoding=\"async\" width=\"1456\" height=\"816\" class=\"gb-image gb-image-d7ac7180\" src=\"https:\/\/www.sisinternational.com\/wp-content\/uploads\/2025\/09\/Los-Angeles-3.jpg\" srcset=\"https:\/\/www.sisinternational.com\/wp-content\/uploads\/2025\/09\/Los-Angeles-3.jpg 1456w, https:\/\/www.sisinternational.com\/wp-content\/uploads\/2025\/09\/Los-Angeles-3-300x168.jpg 300w, https:\/\/www.sisinternational.com\/wp-content\/uploads\/2025\/09\/Los-Angeles-3-1024x574.jpg 1024w, https:\/\/www.sisinternational.com\/wp-content\/uploads\/2025\/09\/Los-Angeles-3-768x430.jpg 768w, https:\/\/www.sisinternational.com\/wp-content\/uploads\/2025\/09\/Los-Angeles-3-18x10.jpg 18w\" sizes=\"auto, (max-width: 1456px) 100vw, 1456px\" alt=\"Pesquisa e Estrat\u00e9gia de Mercado Internacional da SIS\"><\/figure>\n\n\n\n<p><\/p>\n\n\n\n<h3 class=\"wp-block-heading\">Como uma empresa de pesquisa de mercado de alto n\u00edvel de Los Angeles pode ajud\u00e1-lo a obter a vantagem competitiva necess\u00e1ria para ter sucesso em um dos mercados mais din\u00e2micos do mundo?<\/h3>\n\n\n\n<p>Nossa diversificada e altamente qualificada empresa de pesquisa de mercado de Los Angeles oferece servi\u00e7os completos de estrat\u00e9gia de neg\u00f3cios, pesquisa de produtos, testes de produtos, estrat\u00e9gia de vendas, comportamento do consumidor e solu\u00e7\u00f5es de consultoria personalizadas que geram resultados tang\u00edveis para nossos clientes. Compreendemos as necessidades de clientes nacionais e internacionais e temos afinidade em fazer m\u00e9todos de pesquisa prim\u00e1ria e secund\u00e1ria funcionarem para empresas de Los Angeles.<\/p>\n\n\n\n<h2 class=\"wp-block-heading\">O que diferencia a SIS como empresa l\u00edder em pesquisa de mercado de Los Angeles?<\/h2>\n\n\n\n<p>The value of specialized local knowledge is key in the sprawling urban expanse of Los Angeles, where industries as diverse as entertainment, technology, and manufacturing intersect. SIS International is a best-in-class Los Angeles <a href=\"https:\/\/www.sisinternational.com\/pt\/empresa-de-pesquisa-de-mercado-multilingue\/\" title=\"Empresa multil\u00edngue de pesquisa de mercado e pesquisa estrat\u00e9gica\"  data-wpil-monitor-id=\"1958\">market research firm<\/a> that leverages deep regional insights and global experience. Our firm&#8217;s unique approach involves a blend of advanced analytics, bespoke research methodologies, and real-time data collection that are specifically tailored to the nuances of the Los Angeles marketplace.<\/p>\n\n\n\n<p>Em primeiro lugar, a SIS International emprega tecnologia de ponta para coletar e analisar dados, garantindo que nossos clientes recebam os insights mais precisos e acion\u00e1veis. Isso inclui o uso de an\u00e1lises baseadas em IA e ferramentas sofisticadas de visualiza\u00e7\u00e3o de dados que d\u00e3o vida a conjuntos de dados complexos. Al\u00e9m disso, nossa equipe \u00e9 composta por especialistas que se destacam em pesquisas quantitativas e qualitativas e t\u00eam um conhecimento profundo do cen\u00e1rio econ\u00f4mico e do ambiente cultural de Los Angeles.<\/p>\n\n\n\n<p>Al\u00e9m disso, o compromisso da SIS International com a inova\u00e7\u00e3o na pesquisa de mercado de Los Angeles permite-nos antecipar tend\u00eancias e mudan\u00e7as de mercado, em vez de simplesmente reagir a elas. Esta abordagem proativa permite que nossos clientes se mantenham \u00e0 frente da curva, tomando decis\u00f5es estrat\u00e9gicas que capitalizem as oportunidades emergentes.<\/p>\n\n\n\n<h2 class=\"wp-block-heading\">Benef\u00edcios de contratar uma importante empresa de pesquisa de mercado de Los Angeles como a SIS<\/h2>\n\n\n\n<h4 class=\"wp-block-heading\">Uma empresa de pesquisa de mercado de Los Angeles \u00e9 a sua porta de entrada para compreender esse mercado \u00fanico, fornecendo as ferramentas e os insights necess\u00e1rios para se destacar.<\/h4>\n\n\n\n<p>Choosing a top Los Angeles <a href=\"https:\/\/www.sisinternational.com\/pt\/pericia\/industrias\/pesquisa-de-mercado-para-empresa-de-design\/\" title=\"Pesquisa de mercado de empresa de design\"  data-wpil-monitor-id=\"5599\">market research firm<\/a> like ours offers many benefits that extend far beyond basic market understanding. Our comprehensive services enable businesses to identify and fully exploit the potential within the Los Angeles market.<\/p>\n\n\n\n<p><strong>Insights localizados para estrat\u00e9gias direcionadas<\/strong>:<\/p>\n\n\n\n<ul class=\"wp-block-list\">\n<li>Nossa empresa fornece insights espec\u00edficos para a \u00e1rea de Los Angeles, permitindo que as empresas desenvolvam estrat\u00e9gias direcionadas que correspondam \u00e0 demografia local. Esta abordagem localizada \u00e9 crucial numa cidade conhecida pela sua base de consumidores diversificada e em evolu\u00e7\u00e3o.<\/li>\n<\/ul>\n\n\n\n<p><strong>Vantagem Competitiva por meio de An\u00e1lise Avan\u00e7ada<\/strong>:<\/p>\n\n\n\n<ul class=\"wp-block-list\">\n<li>A SIS International emprega t\u00e9cnicas anal\u00edticas avan\u00e7adas para dissecar a din\u00e2mica do mercado e o comportamento do consumidor. Esta profundidade de an\u00e1lise oferece aos clientes uma vantagem competitiva, pois podem antecipar mudan\u00e7as nas prefer\u00eancias dos consumidores e nas condi\u00e7\u00f5es do mercado mais rapidamente do que os seus concorrentes.<\/li>\n<\/ul>\n\n\n\n<p><strong>Solu\u00e7\u00f5es personalizadas para diversas ind\u00fastrias<\/strong>:<\/p>\n\n\n\n<ul class=\"wp-block-list\">\n<li>Quer voc\u00ea atue no setor de entretenimento, tecnologia ou manufatura, nossa pesquisa \u00e9 personalizada para atender aos desafios e oportunidades espec\u00edficos do seu setor. Essa abordagem personalizada garante que as estrat\u00e9gias sejam eficazes e relevantes para o contexto do seu neg\u00f3cio.<\/li>\n<\/ul>\n\n\n\n<p><strong>Parceria de longo prazo para crescimento cont\u00ednuo<\/strong>:<\/p>\n\n\n\n<ul class=\"wp-block-list\">\n<li>Nosso envolvimento n\u00e3o termina com um \u00fanico projeto. A SIS International acredita na constru\u00e7\u00e3o de parcerias de longo prazo e no fornecimento de an\u00e1lises e suporte cont\u00ednuos para ajudar as empresas a se adaptarem e crescerem continuamente no mercado de Los Angeles.<\/li>\n<\/ul>\n\n\n\n<h2 class=\"wp-block-heading\">Quem precisa de uma empresa de pesquisa de mercado de Los Angeles para uma entrada bem-sucedida no mercado?<\/h2>\n\n\n\n<p>Entrar no mercado de Los Angeles apresenta desafios e oportunidades \u00fanicos que variam significativamente entre os diferentes setores. Uma empresa de pesquisa de mercado de Los Angeles como a SIS International \u00e9 crucial para qualquer neg\u00f3cio, sejam startups, empresas de m\u00e9dio porte ou grandes corpora\u00e7\u00f5es, que desejam navegar com sucesso neste cen\u00e1rio complexo.<\/p>\n\n\n\n<p><strong>Startups e novos participantes<\/strong>:<\/p>\n\n\n\n<ul class=\"wp-block-list\">\n<li>Compreender o comportamento do consumidor local, os n\u00edveis de concorr\u00eancia e o ambiente regulat\u00f3rio \u00e9 vital para as startups. Podemos fornecer essas informa\u00e7\u00f5es, reduzindo significativamente os riscos associados \u00e0 entrada em um novo mercado e ajudando a ajustar as ofertas de produtos e estrat\u00e9gias de marketing aos gostos e prefer\u00eancias locais.<\/li>\n<\/ul>\n\n\n\n<p><strong>Empresas de m\u00e9dio porte que buscam expandir<\/strong>:<\/p>\n\n\n\n<ul class=\"wp-block-list\">\n<li>As empresas de m\u00e9dio porte podem se beneficiar de an\u00e1lises detalhadas de mercado para identificar oportunidades de crescimento na \u00e1rea de Los Angeles. Seja explorando novos segmentos demogr\u00e1ficos ou expandindo para novas linhas de produtos, a pesquisa detalhada ajuda a garantir que os esfor\u00e7os de expans\u00e3o sejam bem direcionados e eficazes.<\/li>\n<\/ul>\n\n\n\n<p><strong>Grandes empresas que buscam se consolidar<\/strong>:<\/p>\n\n\n\n<ul class=\"wp-block-list\">\n<li>Uma pesquisa de mercado abrangente \u00e9 essencial para que grandes corpora\u00e7\u00f5es consolidem sua presen\u00e7a e otimizem suas opera\u00e7\u00f5es. Estudos aprofundados da log\u00edstica da cadeia de abastecimento, an\u00e1lise da concorr\u00eancia e satisfa\u00e7\u00e3o do consumidor podem ajudar estas empresas a manter uma vantagem competitiva num mercado saturado.<\/li>\n<\/ul>\n\n\n\n<p><strong>Empresas internacionais explorando a entrada nos EUA<\/strong>:<\/p>\n\n\n\n<ul class=\"wp-block-list\">\n<li>International companies considering entry into the U.S. <a href=\"https:\/\/www.sisinternational.com\/pt\/opiniao-sobre-o-produto-insights-culturais-da-asia-para-a-europa-entrada-no-mercado\/\" title=\"Pesquisa de entrada no mercado automotivo | Estudo de caso\"  data-wpil-monitor-id=\"7051\">market through Los Angeles<\/a> will find a market research firm invaluable for understanding cultural nuances and local business practices. This insight is critical for adapting products and services to fit the local market and navigating the complex regulatory landscape.<\/li>\n<\/ul>\n\n\n\n<h2 class=\"wp-block-heading\">Compreendemos o poder econ\u00f4mico de Los Angeles.<\/h2>\n\n\n\n<p>O mercado de Los Angeles est\u00e1 tendendo para an\u00e1lises, computa\u00e7\u00e3o em nuvem, big data e mobilidade. As redes sociais e as ferramentas de colabora\u00e7\u00e3o tamb\u00e9m est\u00e3o causando impacto. Estas tecnologias emergentes est\u00e3o a mudar rapidamente o mercado de Los Angeles, afetando a forma como os habitantes da cidade trabalham, interconectam-se, recolhem informa\u00e7\u00f5es t\u00e1ticas e tomam decis\u00f5es.<\/p>\n\n\n\n<p>Al\u00e9m disso, a globaliza\u00e7\u00e3o est\u00e1 a alterar e a alargar as perspectivas de mercado da rec\u00e9m-convergente ind\u00fastria dos meios de comunica\u00e7\u00e3o social, enquanto a digitaliza\u00e7\u00e3o est\u00e1 a alterar a forma como os conte\u00fados \u2013 informa\u00e7\u00f5es, not\u00edcias e conte\u00fados gravados \u2013 s\u00e3o produzidos e distribu\u00eddos, e provocando que sectores anteriormente divergentes dos meios de comunica\u00e7\u00e3o social e ind\u00fastria do entretenimento se re\u00fana em um \u00fanico meio.<\/p>\n\n\n\n<h4 class=\"wp-block-heading\">A parceria com uma empresa experiente de pesquisa de mercado de Los Angeles pode ser a chave para desbloquear potenciais oportunidades de neg\u00f3cios e navegar pelas complexidades deste vibrante centro econ\u00f3mico?<\/h4>\n\n\n\n<p>Absolutely! Partnering with a seasoned Los Angeles market <a href=\"https:\/\/www.sisinternational.com\/pt\/pericia\/industrias\/pesquisa-de-personalidade-extrema\/\" title=\"Pesquisa de personalidade extrema\"  data-wpil-monitor-id=\"3378\">research firm can be extremely<\/a> helpful for businesses aiming to unlock potential opportunities and navigate the complexities of this energetic economic hub.<\/p>\n\n\n\n<p>Ao colaborar com uma empresa especializada em pesquisa de mercado de Los Angeles, as empresas podem beneficiar-se de an\u00e1lises de dados personalizadas, intelig\u00eancia competitiva e insights do consumidor espec\u00edficos para o contexto regional.<\/p>\n\n\n\n<h2 class=\"wp-block-heading\">M\u00e9todos de pesquisa de mercado<\/h2>\n\n\n\n<h4 class=\"wp-block-heading\">No cen\u00e1rio econ\u00f4mico agitado de Los Angeles, cada decis\u00e3o estrat\u00e9gica de neg\u00f3cios conta... O envolvimento com uma empresa l\u00edder em pesquisa de mercado de Los Angeles oferece mais do que apenas dados; fornece um roteiro para navegar pelas complexidades do mercado.<\/h4>\n\n\n\n<ul class=\"wp-block-list\">\n<li>Grupos de foco on-line<\/li>\n\n\n\n<li>Entrevistas em v\u00eddeo<\/li>\n\n\n\n<li>Entrevistas Teleprofundas<\/li>\n\n\n\n<li>pesquisas<\/li>\n\n\n\n<li>Intercepta\u00e7\u00f5es<\/li>\n\n\n\n<li>Entrevistas cara a cara<\/li>\n<\/ul>\n\n\n\n<h2 class=\"wp-block-heading\">\u00c1reas que atendemos em Los Angeles<\/h2>\n\n\n\n<p>O alcance e a experi\u00eancia da SIS International abrangem toda a \u00e1rea de Los Angeles, garantindo que n\u00e3o importa onde sua empresa esteja localizada ou pretenda expandir-se na regi\u00e3o, n\u00f3s temos cobertura para voc\u00ea. Nossa empresa de pesquisa de mercado de Los Angeles est\u00e1 estrategicamente posicionada para atender uma ampla gama de setores em todos os principais bairros e distritos, fornecendo insights abrangentes que atendem \u00e0s necessidades espec\u00edficas de cada \u00e1rea.<\/p>\n\n\n\n<p><strong>Centro de Los Angeles<\/strong>: No cora\u00e7\u00e3o da cidade, nossos servi\u00e7os ajudam as empresas a explorar os mercados emergentes influenciados pelas altas finan\u00e7as, pelas startups de tecnologia e pelas ind\u00fastrias criativas. Oferecemos insights sobre tend\u00eancias de consumo e din\u00e2micas de neg\u00f3cios que moldam o futuro do centro de Los Angeles.<\/p>\n\n\n\n<p><strong>Praia do Sil\u00edcio<\/strong>: Silicon Beach is a critical area for tech-focused businesses. Our firm provides targeted <a href=\"https:\/\/www.sisinternational.com\/pt\/pericia\/industrias\/pesquisa-de-mercado-botanica\/\" title=\"Pesquisa de mercado bot\u00e2nica\"  data-wpil-monitor-id=\"4259\">research that helps tech companies understand market<\/a> entry strategies, competitive landscape, and consumer technology adoption rates.<\/p>\n\n\n\n<p><strong>Distritos de Hollywood e entretenimento<\/strong>: Como centro global de entretenimento, esta \u00e1rea exige uma abordagem \u00fanica \u00e0 pesquisa de mercado. Nossa experi\u00eancia ajuda empresas de entretenimento e m\u00eddia a navegar pelas prefer\u00eancias do p\u00fablico, lan\u00e7amentos de produtos e estrat\u00e9gias promocionais.<\/p>\n\n\n\n<p><strong>Vale de S\u00e3o Fernando<\/strong>: Conhecido por seus setores industrial e manufatureiro, o Vale se beneficia de nossas an\u00e1lises de mercado sobre tend\u00eancias de produ\u00e7\u00e3o, log\u00edstica da cadeia de suprimentos e mercados consumidores locais.<\/p>\n\n\n\n<p><strong>Lado oeste<\/strong>: The affluent neighborhoods of the Westside are ideal for <a href=\"https:\/\/www.sisinternational.com\/pt\/descontos-em-varejistas-superluxuosos\/\" title=\"Descontos em varejistas de luxo\"  data-wpil-monitor-id=\"7536\">luxury brands and high-end retail<\/a>. Our research assists businesses in understanding the purchasing patterns, lifestyle preferences, and demographic shifts that influence market opportunities in these areas.<\/p>\n\n\n\n<p><strong>Sul de LA e cidades de entrada<\/strong>: South LA e Gateway Cities oferecem oportunidades \u00fanicas para empresas que buscam mercados mais diversificados e emergentes. Nossa pesquisa se concentra nas tend\u00eancias demogr\u00e1ficas, no desenvolvimento econ\u00f4mico e nas percep\u00e7\u00f5es da comunidade, essenciais para empresas que desejam causar um impacto positivo.<\/p>\n\n\n\n<p>Ao cobrir todos os cantos de Los Angeles, a SIS International garante que onde quer que voc\u00ea esteja ou pretenda estar, nossos servi\u00e7os de pesquisa de mercado fornecer\u00e3o os insights e a orienta\u00e7\u00e3o necess\u00e1rios para prosperar nesta cidade din\u00e2mica.<\/p>\n\n\n\n<h2 class=\"wp-block-heading\">Sobre pesquisa de mercado em Los Angeles<\/h2>\n\n\n\n<p><a href=\"https:\/\/www.linkedin.com\/company\/sisinternationalresearch\/\" target=\"_blank\" rel=\"noopener\"><span style=\"font-weight: 400;\">SIS Internacional<\/span><\/a>, uma empresa de pesquisa de mercado de Los Angeles, fornece solu\u00e7\u00f5es de servi\u00e7o completo nos setores de consumo, B2B, industrial, sa\u00fade e outros. Ao fornecer uma vis\u00e3o completa de todo o cen\u00e1rio de neg\u00f3cios, <a href=\"https:\/\/www.sisinternational.com\/pt\/sobre-a-sis-international-research\/contact-sis-international-market-research\/\">SIS<\/a> pode ajud\u00e1-lo a se manter competitivo.<\/p>\n\n\n\n<h2 class=\"wp-block-heading\">&nbsp;<\/h2>","protected":false},"excerpt":{"rendered":"<p>A SIS International, uma empresa de pesquisa de mercado de Los Angeles, fornece solu\u00e7\u00f5es de servi\u00e7o completo nos setores de consumo, B2B, industrial, de sa\u00fade e automotivo.<\/p>","protected":false},"author":1,"featured_media":66625,"parent":19303,"menu_order":2,"comment_status":"closed","ping_status":"closed","template":"","meta":{"footnotes":""},"class_list":["post-16424","page","type-page","status-publish","has-post-thumbnail"],"_links":{"self":[{"href":"https:\/\/www.sisinternational.com\/pt\/wp-json\/wp\/v2\/pages\/16424","targetHints":{"allow":["GET"]}}],"collection":[{"href":"https:\/\/www.sisinternational.com\/pt\/wp-json\/wp\/v2\/pages"}],"about":[{"href":"https:\/\/www.sisinternational.com\/pt\/wp-json\/wp\/v2\/types\/page"}],"author":[{"embeddable":true,"href":"https:\/\/www.sisinternational.com\/pt\/wp-json\/wp\/v2\/users\/1"}],"replies":[{"embeddable":true,"href":"https:\/\/www.sisinternational.com\/pt\/wp-json\/wp\/v2\/comments?post=16424"}],"version-history":[{"count":11,"href":"https:\/\/www.sisinternational.com\/pt\/wp-json\/wp\/v2\/pages\/16424\/revisions"}],"predecessor-version":[{"id":81162,"href":"https:\/\/www.sisinternational.com\/pt\/wp-json\/wp\/v2\/pages\/16424\/revisions\/81162"}],"up":[{"embeddable":true,"href":"https:\/\/www.sisinternational.com\/pt\/wp-json\/wp\/v2\/pages\/19303"}],"wp:featuredmedia":[{"embeddable":true,"href":"https:\/\/www.sisinternational.com\/pt\/wp-json\/wp\/v2\/media\/66625"}],"wp:attachment":[{"href":"https:\/\/www.sisinternational.com\/pt\/wp-json\/wp\/v2\/media?parent=16424"}],"curies":[{"name":"wp","href":"https:\/\/api.w.org\/{rel}","templated":true}]}}