{"id":16318,"date":"2015-06-09T17:08:56","date_gmt":"2015-06-09T17:08:56","guid":{"rendered":"https:\/\/www.sisinternational.com\/?page_id=16318"},"modified":"2025-09-08T12:40:04","modified_gmt":"2025-09-08T16:40:04","slug":"pesquisa-de-mercado-em-grupo-focal","status":"publish","type":"page","link":"https:\/\/www.sisinternational.com\/pt\/solucoes\/pesquisa-de-mercado-em-grupo-focal\/","title":{"rendered":"Pesquisa de mercado com grupo focal"},"content":{"rendered":"<p><\/p>\n\n\n\n<h1 class=\"gb-headline gb-headline-c69d8229 gb-headline-text\">                              Pesquisa de mercado com grupo focal<\/h1>\n\n\n\n<p><\/p>\n\n\n<div class=\"gb-container gb-container-2a916115\">\n\n<figure class=\"gb-block-image gb-block-image-508fcfd7\"><img loading=\"lazy\" decoding=\"async\" width=\"1456\" height=\"816\" class=\"gb-image gb-image-508fcfd7\" src=\"https:\/\/www.sisinternational.com\/wp-content\/uploads\/2025\/08\/Focus-group-meeting-8.jpg\" alt=\"Pesquisa e Estrat\u00e9gia de Mercado Internacional da SIS\" title=\"Focus group &amp; meeting (8)\" srcset=\"https:\/\/www.sisinternational.com\/wp-content\/uploads\/2025\/08\/Focus-group-meeting-8.jpg 1456w, https:\/\/www.sisinternational.com\/wp-content\/uploads\/2025\/08\/Focus-group-meeting-8-300x168.jpg 300w, https:\/\/www.sisinternational.com\/wp-content\/uploads\/2025\/08\/Focus-group-meeting-8-1024x574.jpg 1024w, https:\/\/www.sisinternational.com\/wp-content\/uploads\/2025\/08\/Focus-group-meeting-8-768x430.jpg 768w, https:\/\/www.sisinternational.com\/wp-content\/uploads\/2025\/08\/Focus-group-meeting-8-18x10.jpg 18w\" sizes=\"auto, (max-width: 1456px) 100vw, 1456px\"><\/figure>\n\n\n\n<hr class=\"wp-block-separator has-alpha-channel-opacity is-style-dots\"\/>\n\n\n\n<p>A pesquisa de mercado em grupos focais e as entrevistas aprofundadas s\u00e3o um dos aspectos mais integrais do&nbsp;<a href=\"https:\/\/smallbusiness.chron.com\/focus-group-research-method-17464.html\" target=\"_blank\" rel=\"noreferrer noopener\">pesquisa de mercado qualitativa de sucesso<\/a>. A triagem de potenciais recrutas e a extra\u00e7\u00e3o das pessoas-alvo para participar s\u00e3o componentes-chave que podem prever a qualidade da entrevista e, inevitavelmente, da pesquisa.<\/p>\n\n\n\n<p>The question remains: how and where do you find the right target people? What makes a good respondent? Aside from passing a screening questionnaire, what else demonstrates a genuine respondent? Recruiting potential candidates for studies can be more art than a science.<\/p>\n\n\n\n<h1 class=\"gb-headline gb-headline-a428afc0 gb-headline-text\"><strong>Quem recrutamos para pesquisa de mercado do Focus Group<\/strong><\/h1>\n\n\n\n<p>We recruit for Focus Groups, Online Communities, In-Depth Interviews, Dyads, Triads, <a href=\"https:\/\/www.sisinternational.com\/pt\/solucoes\/solucoes-de-pesquisa-quantitativa-qualitativa\/testes-de-localizacao-central-vs-grupos-focais\/\" title=\"Testes de localiza\u00e7\u00e3o central vs grupos focais\" data-wpil-monitor-id=\"11009\">Testes de localiza\u00e7\u00e3o central<\/a>, Car Clinics, Product Tests, and some Quantitative research projects.<\/p>\n\n\n\n<p>For each study, we are given a profile of the person we are looking for, in addition to a screening questionnaire.<\/p>\n\n\n\n<p>Desde que a entrevistada corresponda ao perfil e responda todas as perguntas com precis\u00e3o, ela deveria, teoricamente, ser uma combina\u00e7\u00e3o perfeita. Em muitos casos, tal estrat\u00e9gia pode funcionar bem. H\u00e1, no entanto, muitos casos em que a simples aprova\u00e7\u00e3o num question\u00e1rio de triagem n\u00e3o \u00e9 suficiente para garantir que o recruta \u00e9 adequado. Ent\u00e3o, o que mais pode ser feito?<\/p>\n\n\n\n<p>Muitas vezes \u00e9 uma quest\u00e3o de ler nas entrelinhas e requer habilidades de comunica\u00e7\u00e3o para garantir candidatos de alta qualidade.<\/p>\n\n\n\n<h2 class=\"gb-headline gb-headline-8946c37c gb-headline-text\"><strong><strong>Processos de recrutamento de grupos focais do SIS<\/strong><\/strong><\/h2>\n\n\n\n<p>We can use many innovative methods to recruit for our studies, and we tailor our methods to meet each client\u2019s individual needs. We have a custom internal database that we update frequently. People on the database are screened in-depth. One benefit of this is that we can identify potential candidates, then put them through additional screening and evaluate their qualifications for each study.<\/p>\n\n\n\n<p>Other forms of database sampling can include traditional samples as well as other methods such as street intercepts, social media, or custom recruitment outreach. We also have a variety of online social media solutions that can provide high-quality recruits. We then screen those people in-depth several times to ensure they are indeed genuine matches.<\/p>\n\n\n\n<p>To ensure quality, we assign expert <a href=\"https:\/\/www.sisinternational.com\/pt\/publicacoes\/mulheres-dos-anos-70-e-80-ascenderam-a-alta-administracao\/\" title=\"Como as mulheres dos anos 70 e 80 ascenderam \u00e0 gest\u00e3o s\u00eanior\" data-wpil-monitor-id=\"11010\">senior<\/a> fieldwork managers to manage the recruitment process at all times. We often screen recruits several times over a period of time to ensure that they are the right candidates. We have strict policies and oversight concerning our on-site staff. The results from recruitment are centralized on-site so that we can schedule and confirm according to quotas our clients need us to fill.<\/p>\n\n\n\n<h3 class=\"gb-headline gb-headline-47756c1f gb-headline-text\"><strong><strong><strong>Cobertura global do mercado de servi\u00e7os de campo<\/strong><\/strong><\/strong><\/h3>\n\n\n\n<figure class=\"gb-block-image gb-block-image-f7fd4a33\"><img loading=\"lazy\" decoding=\"async\" width=\"1456\" height=\"816\" class=\"gb-image gb-image-f7fd4a33\" src=\"https:\/\/www.sisinternational.com\/wp-content\/uploads\/2025\/08\/Focus-group-meeting-6.jpg\" alt=\"Pesquisa e Estrat\u00e9gia de Mercado Internacional da SIS\" title=\"Focus group &amp; meeting (6)\" srcset=\"https:\/\/www.sisinternational.com\/wp-content\/uploads\/2025\/08\/Focus-group-meeting-6.jpg 1456w, https:\/\/www.sisinternational.com\/wp-content\/uploads\/2025\/08\/Focus-group-meeting-6-300x168.jpg 300w, https:\/\/www.sisinternational.com\/wp-content\/uploads\/2025\/08\/Focus-group-meeting-6-1024x574.jpg 1024w, https:\/\/www.sisinternational.com\/wp-content\/uploads\/2025\/08\/Focus-group-meeting-6-768x430.jpg 768w, https:\/\/www.sisinternational.com\/wp-content\/uploads\/2025\/08\/Focus-group-meeting-6-18x10.jpg 18w\" sizes=\"auto, (max-width: 1456px) 100vw, 1456px\"><\/figure>\n\n\n\n<p><\/p>\n\n\n\n<p><strong>Os principais mercados para recrutamento de Focus Group incluem as seguintes cidades:<\/strong><\/p>\n\n\n<div class=\"gb-container gb-container-f1fa9d7a\">\n<div class=\"gb-container gb-container-867bfa70\">\n\n<ul class=\"wp-block-list\">\n<li>Amsterd\u00e3<\/li>\n\n\n\n<li>Atenas<\/li>\n\n\n\n<li>Auckland<\/li>\n\n\n\n<li>Bangkok<\/li>\n\n\n\n<li>Barcelona<\/li>\n\n\n\n<li>Pequim<\/li>\n\n\n\n<li>Berlim<\/li>\n\n\n\n<li>Bogot\u00e1<\/li>\n\n\n\n<li>Bratislava<\/li>\n\n\n\n<li>Bruxelas<\/li>\n\n\n\n<li>Bucareste<\/li>\n\n\n\n<li>Budapeste<\/li>\n\n\n\n<li>Buenos Aires<\/li>\n\n\n\n<li>Cairo<\/li>\n\n\n\n<li>Caracas<\/li>\n\n\n\n<li>Chicago<\/li>\n\n\n\n<li>Copenhague<\/li>\n\n\n\n<li>D\u00e9lhi<\/li>\n\n\n\n<li>Doha<\/li>\n\n\n\n<li>Dubai<\/li>\n\n\n\n<li>Dublin<\/li>\n\n\n\n<li>Francoforte<\/li>\n\n\n\n<li>Genebra<\/li>\n\n\n\n<li>Hels\u00ednquia<\/li>\n<\/ul>\n\n<\/div>\n\n<div class=\"gb-container gb-container-a4dc722a\">\n\n<ul class=\"wp-block-list\">\n<li>Hong Kong<\/li>\n\n\n\n<li>Hangzhou<\/li>\n\n\n\n<li>Istambul<\/li>\n\n\n\n<li>Jacarta<\/li>\n\n\n\n<li>Joanesburgo<\/li>\n\n\n\n<li>Kiev<\/li>\n\n\n\n<li>Kuala Lumpur<\/li>\n\n\n\n<li>Lima<\/li>\n\n\n\n<li>Lisboa<\/li>\n\n\n\n<li>Liubliana<\/li>\n\n\n\n<li>Londres<\/li>\n\n\n\n<li>Londres<\/li>\n\n\n\n<li>Los Angeles<\/li>\n\n\n\n<li>Madri<\/li>\n\n\n\n<li>Manila<\/li>\n\n\n\n<li>Cidade do M\u00e9xico<\/li>\n\n\n\n<li>Miami<\/li>\n\n\n\n<li>Mil\u00e3o<\/li>\n\n\n\n<li>Montr\u00e9al<\/li>\n\n\n\n<li>Moscou<\/li>\n\n\n\n<li>Bombaim<\/li>\n\n\n\n<li>Munique<\/li>\n\n\n\n<li>Cidade de Nova York<\/li>\n<\/ul>\n\n<\/div>\n\n<div class=\"gb-container gb-container-bb623013\">\n\n<ul class=\"wp-block-list\">\n<li>Nic\u00f3sia<\/li>\n\n\n\n<li>Oslo<\/li>\n\n\n\n<li>Paris<\/li>\n\n\n\n<li>Praga<\/li>\n\n\n\n<li>Riga<\/li>\n\n\n\n<li><a href=\"https:\/\/www.sisinternational.com\/pt\/cobertura\/as-americas\/pesquisa-de-mercado-na-america-latina\/pesquisa-de-mercado-rio-de-janeiro\/\" title=\"Pesquisa de Mercado no Rio de Janeiro\" data-wpil-monitor-id=\"11011\">Rio de Janeiro<\/a><\/li>\n\n\n\n<li>Roma<\/li>\n\n\n\n<li>Santiago<\/li>\n\n\n\n<li>S\u00e3o Paulo<\/li>\n\n\n\n<li>Seul<\/li>\n\n\n\n<li>Xangai<\/li>\n\n\n\n<li>Sofia<\/li>\n\n\n\n<li>Estocolmo<\/li>\n\n\n\n<li>Sidney<\/li>\n\n\n\n<li>Taipei<\/li>\n\n\n\n<li>Tallin<\/li>\n\n\n\n<li>Tel Aviv<\/li>\n\n\n\n<li>T\u00f3quio<\/li>\n\n\n\n<li>Toronto<\/li>\n\n\n\n<li>Viena<\/li>\n\n\n\n<li>Vilnius<\/li>\n\n\n\n<li>Vars\u00f3via<\/li>\n\n\n\n<li>Zurique<\/li>\n<\/ul>\n\n<\/div>\n<\/div>\n\n\n<h2 class=\"wp-block-heading\">Especialidades destacadas em pesquisa de mercado do Focus Group<\/h2>\n\n\n<div class=\"gb-container gb-container-0c51f13f\">\n<div class=\"gb-container gb-container-7d4c8f78\">\n\n<ul class=\"wp-block-list\">\n<li>N\u00edvel C<\/li>\n\n\n\n<li>Cuidadores<\/li>\n\n\n\n<li>Consumidores<\/li>\n\n\n\n<li>Tomadores de decis\u00e3o<\/li>\n\n\n\n<li>Government&nbsp;officials<\/li>\n\n\n\n<li>Hospital&nbsp;Administrators<\/li>\n\n\n\n<li>Influenciadores<\/li>\n<\/ul>\n\n<\/div>\n\n<div class=\"gb-container gb-container-5ce24537\">\n\n<ul class=\"wp-block-list\">\n<li>Inovadores<\/li>\n\n\n\n<li>Intendentes<\/li>\n\n\n\n<li>Investidores<\/li>\n\n\n\n<li>ONGs<\/li>\n\n\n\n<li>Pacientes<\/li>\n\n\n\n<li>Prossumidores<\/li>\n<\/ul>\n\n<\/div>\n<\/div>\n<\/div>\n\n<h2>Localiza\u00e7\u00e3o de nossas instala\u00e7\u00f5es em Nova York<\/h2>\n<p><!-- \/wp:post-content --> <!-- wp:html --> <iframe loading=\"lazy\" src=\"https:\/\/www.google.com\/maps\/embed?pb=!1m18!1m12!1m3!1d3022.976188376966!2d-73.99130312499956!3d40.740549471389315!2m3!1f0!2f0!3f0!3m2!1i1024!2i768!4f13.1!3m3!1m2!1s0x89c259a15798c731%3A0xd695d09bdd495f25!2s11%20E%2022nd%20St%20FL%202%2C%20New%20York%2C%20NY%2010010%2C%20USA!5e0!3m2!1sen!2spe!4v1726171763526!5m2!1sen!2spe\" width=\"600\" height=\"450\" allowfullscreen=\"allowfullscreen\" data-mce-fragment=\"1\"><\/iframe> <!-- \/wp:html --> <!-- wp:paragraph --><\/p>\n<h3 class=\"wp-block-heading\">11 E 22nd Street, andar 2, Nova York, NY 10010 T: +1(212) 505-6805<\/h3>\n<hr \/>\n<h2><span style=\"font-weight: 400;\">Sobre SIS Internacional<\/span><\/h2>\n<p><a href=\"https:\/\/www.sisinternational.com\/pt\/\"><span style=\"font-weight: 400;\">SIS Internacional<\/span><\/a><span style=\"font-weight: 400;\"> offers Quantitative, Qualitative, and Strategy Research. We provide data, tools, strategies, reports, and insights for decision-making. We also conduct interviews, surveys, focus groups, and other <a href=\"https:\/\/www.sisinternational.com\/pt\/quantitative-market-research-methods-and-techniques\/\" title=\"Quantitative Market Research Methods and Techniques\" data-wpil-monitor-id=\"11008\">Market Research methods<\/a> and approaches.<\/span><a href=\"https:\/\/www.sisinternational.com\/pt\/sobre-a-sis-international-research\/contact-sis-international-market-research\/\"><span style=\"font-weight: 400;\"> Entre em contato conosco<\/span><\/a><span style=\"font-weight: 400;\"> para o seu pr\u00f3ximo projeto de pesquisa de mercado.<\/span><\/p>\n<\/p>","protected":false},"excerpt":{"rendered":"<p>Oferecemos recrutamento de respondentes para grupos de foco, entrevistas aprofundadas e pesquisa qualitativa on-line.<\/p>","protected":false},"author":1,"featured_media":62670,"parent":14457,"menu_order":9,"comment_status":"closed","ping_status":"open","template":"","meta":{"footnotes":""},"class_list":["post-16318","page","type-page","status-publish","has-post-thumbnail"],"_links":{"self":[{"href":"https:\/\/www.sisinternational.com\/pt\/wp-json\/wp\/v2\/pages\/16318","targetHints":{"allow":["GET"]}}],"collection":[{"href":"https:\/\/www.sisinternational.com\/pt\/wp-json\/wp\/v2\/pages"}],"about":[{"href":"https:\/\/www.sisinternational.com\/pt\/wp-json\/wp\/v2\/types\/page"}],"author":[{"embeddable":true,"href":"https:\/\/www.sisinternational.com\/pt\/wp-json\/wp\/v2\/users\/1"}],"replies":[{"embeddable":true,"href":"https:\/\/www.sisinternational.com\/pt\/wp-json\/wp\/v2\/comments?post=16318"}],"version-history":[{"count":18,"href":"https:\/\/www.sisinternational.com\/pt\/wp-json\/wp\/v2\/pages\/16318\/revisions"}],"predecessor-version":[{"id":81802,"href":"https:\/\/www.sisinternational.com\/pt\/wp-json\/wp\/v2\/pages\/16318\/revisions\/81802"}],"up":[{"embeddable":true,"href":"https:\/\/www.sisinternational.com\/pt\/wp-json\/wp\/v2\/pages\/14457"}],"wp:featuredmedia":[{"embeddable":true,"href":"https:\/\/www.sisinternational.com\/pt\/wp-json\/wp\/v2\/media\/62670"}],"wp:attachment":[{"href":"https:\/\/www.sisinternational.com\/pt\/wp-json\/wp\/v2\/media?parent=16318"}],"curies":[{"name":"wp","href":"https:\/\/api.w.org\/{rel}","templated":true}]}}