{"id":16214,"date":"2015-06-09T17:34:01","date_gmt":"2015-06-09T17:34:01","guid":{"rendered":"https:\/\/www.sisinternational.com\/?page_id=16214"},"modified":"2026-01-25T19:21:40","modified_gmt":"2026-01-26T00:21:40","slug":"empresa-de-pesquisa-de-mercado-de-nova-york-2","status":"publish","type":"page","link":"https:\/\/www.sisinternational.com\/pt\/cobertura\/north-america\/cobertura-dos-eua\/empresa-de-pesquisa-de-mercado-de-nova-york-2\/","title":{"rendered":"Empresa de pesquisa de mercado de Nova York"},"content":{"rendered":"<h1 class=\"wp-block-heading\">Empresa de pesquisa de mercado de Nova York<\/h1>\n\n\n\n<figure class=\"gb-block-image gb-block-image-a5a21941\"><img loading=\"lazy\" decoding=\"async\" width=\"1456\" height=\"816\" class=\"gb-image gb-image-a5a21941\" src=\"https:\/\/www.sisinternational.com\/wp-content\/uploads\/2025\/08\/NY-2-3.jpg\" srcset=\"https:\/\/www.sisinternational.com\/wp-content\/uploads\/2025\/08\/NY-2-3.jpg 1456w, https:\/\/www.sisinternational.com\/wp-content\/uploads\/2025\/08\/NY-2-3-300x168.jpg 300w, https:\/\/www.sisinternational.com\/wp-content\/uploads\/2025\/08\/NY-2-3-1024x574.jpg 1024w, https:\/\/www.sisinternational.com\/wp-content\/uploads\/2025\/08\/NY-2-3-768x430.jpg 768w, https:\/\/www.sisinternational.com\/wp-content\/uploads\/2025\/08\/NY-2-3-18x10.jpg 18w\" sizes=\"auto, (max-width: 1456px) 100vw, 1456px\" alt=\"Pesquisa e Estrat\u00e9gia de Mercado Internacional da SIS\"><\/figure>\n\n\n\n<p><\/p>\n\n\n\n<h2 class=\"wp-block-heading\">A SIS International Research \u00e9 uma empresa l\u00edder em pesquisa de mercado de Nova York que fornece servi\u00e7o completo de trabalho de campo qualitativo, coleta de dados quantitativos e servi\u00e7os de pesquisa estrat\u00e9gica na \u00e1rea metropolitana.<\/h2>\n\n\n\n<p>Somos especializados em pesquisa de consumo, B2B, m\u00e9dica, automotiva, de baixa incid\u00eancia e estrat\u00e9gica. Nosso conjunto de solu\u00e7\u00f5es de pesquisa de mercado e intelig\u00eancia estrat\u00e9gica \u00e9 amplo e adaptamos cada projeto para atender \u00e0s necessidades exclusivas de um cliente espec\u00edfico.<\/p>\n\n\n\n<h2 class=\"wp-block-heading\">O que nos torna uma empresa l\u00edder em pesquisa de mercado em Nova York?<\/h2>\n\n\n\n<h4 class=\"wp-block-heading\"><span style=\"font-size: inherit; background-color: var(--base-3); color: var(--contrast-2);\">\u2026 Compreender o mercado complexo e em constante evolu\u00e7\u00e3o de Nova York \u00e9 crucial \u2013 e a empresa certa de pesquisa de mercado de Nova York pode ser sua porta de entrada para esse conhecimento.<\/span><\/h4>\n\n\n\n<p><span style=\"font-size: inherit; background-color: var(--base-3); color: var(--contrast-2);\">The sheer diversity of NYC&#8217;s population means that consumer behaviors vary dramatically between neighborhoods\u2014even between streets. A local <a href=\"https:\/\/www.sisinternational.com\/pt\/empresa-de-pesquisa-de-mercado-multilingue\/\" title=\"Empresa multil\u00edngue de pesquisa de mercado e pesquisa estrat\u00e9gica\"  data-wpil-monitor-id=\"1962\">market research firm<\/a> has the granular knowledge required to dissect these variations, ensuring that businesses can tailor their offerings to meet the specific needs of their target audience. This level of customization is crucial for capturing and retaining customer interest in a market as saturated as New York City.<\/span><\/p>\n\n\n\n<p>Moreover, the regulatory and economic landscape in NYC is constantly evolving. Businesses must stay ahead of changes in laws, economic shifts, and even sociopolitical trends that can impact their operations. An NYC <a href=\"https:\/\/www.sisinternational.com\/pt\/pericia\/industrias\/pesquisa-de-mercado-para-empresa-de-design\/\" title=\"Pesquisa de mercado de empresa de design\"  data-wpil-monitor-id=\"5601\">market research firm<\/a> like ours helps you stay abreast of these developments, providing clients with timely, relevant data that supports proactive decision-making.<\/p>\n\n\n\n<h2 class=\"wp-block-heading\">Recrutamento de pesquisa de mercado em Nova York<\/h2>\n\n\n\n<h4 class=\"wp-block-heading\">A parceria com uma empresa l\u00edder em pesquisa de mercado de Nova York garante que cada decis\u00e3o de neg\u00f3cios seja apoiada por dados robustos e precisos e insights personalizados, permitindo uma vantagem competitiva mais n\u00edtida.<\/h4>\n\n\n\n<p class=\"p1\"><span class=\"s1\">Com acesso a uma vasta base de consumidores entrevistados que inclui clientes e executivos de empresas, e uma equipe altamente treinada e qualificada que entende os mercados globais, a SIS combina uma paix\u00e3o pela pesquisa e um curr\u00edculo impressionante de projetos qualitativos e quantitativos para fornecer solu\u00e7\u00f5es estrat\u00e9gicas de neg\u00f3cios para nossos clientes. <\/span><\/p>\n\n\n\n<p class=\"p1\"><span class=\"s1\">Nosso escrit\u00f3rio principal est\u00e1 totalmente equipado com as mais recentes tecnologias e metodologias de pesquisa. Conduzimos entrevistas e grupos focais aprofundados, incluindo aqueles com executivos de n\u00edvel C (n\u00edvel superior), moderamos grupos de discuss\u00e3o e pesquisas presenciais e on-line, realizamos avalia\u00e7\u00f5es e entrevistas por telefone e executamos uma variedade de tarefas de projeto no local. . <\/span><\/p>\n\n\n\n<h2 class=\"wp-block-heading\">Uma importante empresa de pesquisa de mercado de Nova York no cora\u00e7\u00e3o da cidade: instala\u00e7\u00f5es de grupos focais<\/h2>\n\n\n\n<h4 class=\"wp-block-heading\">Nossas instala\u00e7\u00f5es incluem grupos focais de servi\u00e7o completo e instala\u00e7\u00f5es de testes no distrito de Flatiron, em Manhattan.<\/h4>\n\n\n\n<p class=\"p1\"><span class=\"s1\">N\u00f3s provemos <a href=\"https:\/\/www.sisinternational.com\/pt\/solucoes\/grupos-de-foco\/instalacoes-de-grupos-focais-em-nova-york\/\">instala\u00e7\u00f5es de grupos focais de \u00faltima gera\u00e7\u00e3o<\/a> que v\u00eam com videoconfer\u00eancia, recursos de \u00e1udio e v\u00eddeo, espelho unidirecional e capacidade para 10 entrevistados por sala. Nossa equipe de recrutamento e moderadores inclui funcion\u00e1rios experientes e bil\u00edngues.<\/span><\/p>\n\n\n\n<p class=\"p1\"><span class=\"s1\">Nossas instala\u00e7\u00f5es de \u00faltima gera\u00e7\u00e3o permitem que nossos clientes e equipe de pesquisa conduzam esses grupos focais em nossas salas de confer\u00eancias no local. As grava\u00e7\u00f5es e o monitoramento de v\u00eddeo e \u00e1udio s\u00e3o realizados atrav\u00e9s de espelhos unidirecionais e salas de observa\u00e7\u00e3o. Al\u00e9m disso, nossa equipe multil\u00edngue pode ajudar com transcri\u00e7\u00f5es, entrevistas e recrutamento em v\u00e1rios idiomas internacionais.<\/span><\/p>\n\n\n\n<h2 class=\"wp-block-heading\">Equipe de gerenciamento de projetos e moderadores de Nova York<\/h2>\n\n\n\n<h4 class=\"wp-block-heading\">Uma empresa especializada em pesquisa de mercado de Nova York fornece \u00e0s empresas os insights necess\u00e1rios para prosperar em um dos ambientes mais competitivos do mundo.<\/h4>\n\n\n\n<p>A SIS International Research possui ampla experi\u00eancia em gerenciamento de projetos, estrat\u00e9gia business-to-business e consultoria. Trabalha em estreita colabora\u00e7\u00e3o com os clientes para personalizar os projetos de acordo com suas necessidades individuais.<\/p>\n\n\n\n<p>Empregamos m\u00e9todos de pesquisa qualitativos e quantitativos, conduzindo pesquisas no local e produzindo relat\u00f3rios de alta qualidade que ajudam nossos clientes a compreender melhor as tend\u00eancias e os comportamentos dos consumidores de seus respectivos setores. Com as mais recentes tecnologias de pesquisa, incluindo testes sensoriais, rastreamento ocular e recursos audiovisuais com qualidade de est\u00fadio, a SIS utiliza uma variedade de melhores pr\u00e1ticas para recrutar opini\u00f5es administrativas e de consumidores e desbloquear insights ocultos sobre mercados em desenvolvimento.<\/p>\n\n\n\n<p>We employ various creative techniques to gather consumer insights, from customer satisfaction research and observational studies to in-home usability and on-site taste testing. SIS is committed to creating customized <a href=\"https:\/\/www.sisinternational.com\/pt\/pericia\/industrias\/pesquisa-de-mercado-botanica\/\" title=\"Pesquisa de mercado bot\u00e2nica\"  data-wpil-monitor-id=\"4277\">research and marketing<\/a> plans that allow our clients to confidently make critical, research-based business decisions.<\/p>\n\n\n\n<h2 class=\"wp-block-heading\">Nossa experi\u00eancia<\/h2>\n\n\n\n<h4 class=\"wp-block-heading\">Uma empresa dedicada de pesquisa de mercado de Nova York faz mais do que apenas compilar dados \u2013 ela os interpreta dentro do contexto das for\u00e7as de mercado mais amplas em jogo, oferecendo orienta\u00e7\u00e3o estrat\u00e9gica que \u00e9 ao mesmo tempo esclarecedora e pr\u00e1tica.<\/h4>\n\n\n\n<p class=\"p1\"><span class=\"s1\">Projetos anteriores em setores importantes incluem pesquisa automotiva, de sa\u00fade, farmac\u00eautica, beleza e cuidados com a pele e educa\u00e7\u00e3o. Ajud\u00e1mos empresas locais e internacionais a desenvolver estrat\u00e9gias de marketing, avaliar amea\u00e7as competitivas, testar e promover novos produtos e servi\u00e7os e at\u00e9 redesenhar as suas lojas e escrit\u00f3rios para melhorar a experi\u00eancia do cliente.<\/span><\/p>\n\n\n\n<h2 class=\"wp-block-heading\">Benef\u00edcios de realizar pesquisas de mercado com a SIS International<\/h2>\n\n\n\n<figure class=\"gb-block-image gb-block-image-4e7229f4\"><img loading=\"lazy\" decoding=\"async\" width=\"1456\" height=\"816\" class=\"gb-image gb-image-4e7229f4\" src=\"https:\/\/www.sisinternational.com\/wp-content\/uploads\/2025\/09\/New-York-9.jpg\" alt=\"Pesquisa e Estrat\u00e9gia de Mercado Internacional da SIS\" title=\"New York (9)\" srcset=\"https:\/\/www.sisinternational.com\/wp-content\/uploads\/2025\/09\/New-York-9.jpg 1456w, https:\/\/www.sisinternational.com\/wp-content\/uploads\/2025\/09\/New-York-9-300x168.jpg 300w, https:\/\/www.sisinternational.com\/wp-content\/uploads\/2025\/09\/New-York-9-1024x574.jpg 1024w, https:\/\/www.sisinternational.com\/wp-content\/uploads\/2025\/09\/New-York-9-768x430.jpg 768w, https:\/\/www.sisinternational.com\/wp-content\/uploads\/2025\/09\/New-York-9-18x10.jpg 18w\" sizes=\"auto, (max-width: 1456px) 100vw, 1456px\"><\/figure>\n\n\n\n<p><\/p>\n\n\n\n<h4 class=\"wp-block-heading\">Uma excelente empresa de pesquisa de mercado de Nova York ajuda voc\u00ea a desvendar os segredos do mercado de Nova York.<\/h4>\n\n\n\n<p>Escolher a SIS International para suas necessidades de pesquisa de mercado na cidade de Nova York oferece vantagens distintas que podem melhorar significativamente seu posicionamento estrat\u00e9gico e efic\u00e1cia operacional. Al\u00e9m dos benef\u00edcios t\u00edpicos de compreender as tend\u00eancias do mercado e o comportamento do consumidor, a SIS International fornece insights especializados que atendem especificamente \u00e0 din\u00e2mica dos diversos mercados de Nova York.<\/p>\n\n\n\n<p><strong>\u2022 Experi\u00eancia Localizada<\/strong>: A SIS International se orgulha de seu profundo conhecimento do mercado da cidade de Nova York. Essa experi\u00eancia localizada permite o desenvolvimento de estrat\u00e9gias perfeitamente ajustadas \u00e0s necessidades espec\u00edficas dos bairros de Nova York, abordando nuances que os estudos gerais de mercado podem ignorar.<\/p>\n\n\n\n<p><strong>\u2022 Solu\u00e7\u00f5es Personalizadas<\/strong>: Cada neg\u00f3cio \u00e9 \u00fanico e a SIS International reconhece isso ao oferecer solu\u00e7\u00f5es de pesquisa personalizadas. Se voc\u00ea deseja expandir para novos segmentos de mercado ou otimizar as opera\u00e7\u00f5es existentes, adaptamos nossas metodologias de pesquisa para se alinharem estreitamente aos seus objetivos de neg\u00f3cios.<\/p>\n\n\n\n<p><strong>\u2022&nbsp; Competitive Analysis<\/strong>: Em uma cidade t\u00e3o competitiva como Nova York, conhecer seus concorrentes \u00e9 t\u00e3o crucial quanto conhecer seus clientes. O SIS fornece an\u00e1lises detalhadas dos concorrentes, incluindo suas estrat\u00e9gias, posi\u00e7\u00f5es de mercado e pontos fracos, permitindo que voc\u00ea crie estrat\u00e9gias que aproveitem seus pontos fortes contra as lacunas do mercado.<\/p>\n\n\n\n<p><strong>\u2022 Identifica\u00e7\u00e3o de Tend\u00eancias<\/strong>: Manter-se \u00e0 frente na cidade de Nova Iorque exige reagir \u00e0s tend\u00eancias atuais e antecipar as futuras. A SIS International destaca-se na identifica\u00e7\u00e3o de tend\u00eancias emergentes antes que se tornem dominantes, proporcionando aos clientes uma vantagem de ser pioneiro em v\u00e1rios setores.<\/p>\n\n\n\n<p><strong>\u2022 Planejamento Estrat\u00e9gico Aprimorado<\/strong>: <a href=\"https:\/\/www.linkedin.com\/company\/sisinternationalresearch\/\" target=\"_blank\" rel=\"noopener\"><span style=\"font-weight: 400;\">SIS Internacional<\/span><\/a> permite que as empresas desenvolvam planos estrat\u00e9gicos que n\u00e3o sejam apenas reativos, mas tamb\u00e9m proativos. As empresas podem prever mudan\u00e7as de mercado e adaptar estrat\u00e9gias, posicionando-se para o sucesso no cen\u00e1rio competitivo de Nova York.<\/p>\n\n\n\n<p><strong>\u2022 Aumento da receita<\/strong>: A SIS International ajuda as empresas a adaptarem as suas ofertas de forma mais eficaz atrav\u00e9s de um direcionamento preciso e da compreens\u00e3o das necessidades dos clientes. Isso leva ao aumento da satisfa\u00e7\u00e3o e fidelidade do cliente, o que impulsiona o crescimento da receita.<\/p>\n\n\n\n<p><strong>\u2022 Redu\u00e7\u00e3o de risco<\/strong>: A pesquisa de mercado reduz a incerteza nas decis\u00f5es de neg\u00f3cios. A SIS International fornece dados que ajudam a mitigar os riscos associados ao lan\u00e7amento de novos produtos, \u00e0 entrada em novos mercados ou \u00e0 realiza\u00e7\u00e3o de mudan\u00e7as substanciais nas opera\u00e7\u00f5es comerciais.<\/p>\n\n\n\n<p><strong>\u2022 Crescimento e inova\u00e7\u00e3o acelerados<\/strong>: Os insights de pesquisas de mercado alimentam a inova\u00e7\u00e3o, destacando lacunas e oportunidades no mercado. A SIS International ajuda as empresas a aproveitar essas informa\u00e7\u00f5es para inovar em novos produtos e servi\u00e7os que atendam \u00e0s necessidades n\u00e3o atendidas dos clientes, facilitando um crescimento mais r\u00e1pido e sustent\u00e1vel.<\/p>\n\n\n\n<p><strong>\u2022 ROI aumentado<\/strong>: Com base nos resultados da investiga\u00e7\u00e3o, as empresas podem optimizar v\u00e1rios aspectos das opera\u00e7\u00f5es comerciais para obter um maior retorno do investimento, seja atrav\u00e9s de um marketing mais eficaz, do desenvolvimento de produtos ou do posicionamento estrat\u00e9gico.<\/p>\n\n\n\n<p><strong>\u2022 Entrada Estrat\u00e9gica no Mercado<\/strong>: Para empresas que desejam entrar no mercado de Nova York ou expandir sua presen\u00e7a, o SIS oferece dados cr\u00edticos que apoiam a tomada de decis\u00f5es sobre onde, quando e como lan\u00e7ar opera\u00e7\u00f5es de forma eficaz.<\/p>\n\n\n\n<p><strong>Otimiza\u00e7\u00e3o Operacional<\/strong>: Compreender o cen\u00e1rio operacional e os desafios de Nova York permite que as empresas simplifiquem as opera\u00e7\u00f5es, reduzam custos e aumentem a efici\u00eancia.<\/p>\n\n\n\n<p><strong>\u2022 Relev\u00e2ncia Cultural<\/strong>: O SIS ajuda as empresas a compreender a din\u00e2mica cultural dos diferentes grupos demogr\u00e1ficos de Nova York, garantindo que os produtos, servi\u00e7os e esfor\u00e7os de marketing repercutam culturalmente nos p\u00fablicos-alvo.<\/p>\n\n\n\n<h2 class=\"wp-block-heading\">Pesquisa qualitativa<\/h2>\n\n\n\n<h4 class=\"wp-block-heading\">Nosso trabalho de campo qualitativo fornece insights sobre o comportamento entre consumidores, B2B e p\u00fablicos de sa\u00fade. Usamos muitas t\u00e9cnicas para conduzir pesquisas qualitativas, algumas das quais incluem:<\/h4>\n\n\n\n<ul class=\"wp-block-list\">\n<li>Grupos de foco<\/li>\n\n\n\n<li>Entrevistas aprofundadas<\/li>\n\n\n\n<li>Etnografia<\/li>\n\n\n\n<li>Pesquisa Observacional<\/li>\n\n\n\n<li>Amostragem de probabilidade aleat\u00f3ria<\/li>\n\n\n\n<li>Recrutamento de Trabalho de Campo<\/li>\n<\/ul>\n\n\n\n<h2 class=\"wp-block-heading\">Pesquisa quantitativa<\/h2>\n\n\n\n<h4 class=\"wp-block-heading\">Nossas solu\u00e7\u00f5es de pesquisa quantitativa fornecem investiga\u00e7\u00f5es completas de fen\u00f4menos sociais por meio de t\u00e9cnicas estat\u00edsticas, matem\u00e1ticas ou computacionais, como:<\/h4>\n\n\n\n<ul class=\"wp-block-list\">\n<li>Pesquisa cara a cara e intercepta\u00e7\u00e3o<\/li>\n\n\n\n<li>Telefone CATI<\/li>\n\n\n\n<li>CAPI<\/li>\n\n\n\n<li>PAPI<\/li>\n\n\n\n<li>Pesquisas por correio<\/li>\n\n\n\n<li>Pesquisas on-line<\/li>\n<\/ul>\n\n\n\n<h2 class=\"wp-block-heading\">Pesquisa Estrat\u00e9gica e An\u00e1lise<\/h2>\n\n\n\n<h4 class=\"wp-block-heading\">O SIS fornece um conjunto robusto de pesquisas estrat\u00e9gicas de mercado e solu\u00e7\u00f5es anal\u00edticas para fornecer recomenda\u00e7\u00f5es pr\u00e1ticas para a tomada de decis\u00f5es:<\/h4>\n\n\n\n<ul class=\"wp-block-list\">\n<li>An\u00e1lise do cliente<\/li>\n\n\n\n<li>Modelagem de Escolha<\/li>\n\n\n\n<li>An\u00e1lise do Concorrente<\/li>\n\n\n\n<li>An\u00e1lise de risco<\/li>\n\n\n\n<li>Modelagem de mix de marketing<\/li>\n\n\n\n<li>Avalia\u00e7\u00f5es de oportunidades de mercado, dimensionamento e entrada<\/li>\n<\/ul>\n\n\n\n<h2 class=\"wp-block-heading\">nossa localiza\u00e7\u00e3o<\/h2>\n\n\n\n<p class=\"p1\"><span class=\"s1\"><strong>Estamos a poucos passos do ic\u00f4nico edif\u00edcio Flatiron no Madison Square Park e a alguns quarteir\u00f5es do Union Square Park.<\/strong>. SIS International&#8217;s Focus Group Facility is the ideal place for your next project. SIS International Research is a full-service NYC <a href=\"https:\/\/www.sisinternational.com\/pt\/pericia\/industrias\/pesquisa-de-mercado-em-zoologia\/\" title=\"Pesquisa de mercado de zoologia\" data-wpil-monitor-id=\"4293\">market<\/a> research firm ready to tackle even the most challenging projects.<\/span><\/p>\n\n\n\n<h2 class=\"wp-block-heading\">Cobertura Metropolitana<\/h2>\n\n\n\n<h4 class=\"wp-block-heading\">Cobrimos os 5 bairros de Nova York, incluindo Manhattan, Bronx, Brooklyn, Staten Island, Queens. As principais \u00e1reas incluem:<\/h4>\n\n\n\n<div class=\"wp-block-columns is-layout-flex wp-container-core-columns-is-layout-9d6595d7 wp-block-columns-is-layout-flex\">\n<div class=\"wp-block-column is-layout-flow wp-block-column-is-layout-flow\">\n<h3 class=\"wp-block-heading\">Manhattan<\/h3>\n\n\n\n<ul class=\"wp-block-list\">\n<li>Centro do Harlem<\/li>\n\n\n\n<li>Chelsea e Clinton<\/li>\n\n\n\n<li>Leste do Harlem<\/li>\n\n\n\n<li>Parque Gramercy e Murray Hill<\/li>\n\n\n\n<li>Greenwich Village e Soho<\/li>\n\n\n\n<li>Baixa Manhattan<\/li>\n\n\n\n<li>Lado Leste Inferior<\/li>\n\n\n\n<li>Lado Leste Superior<\/li>\n\n\n\n<li>Lado Alto Oeste<\/li>\n\n\n\n<li>Inwood e Washington Heights<\/li>\n<\/ul>\n<\/div>\n\n\n\n<div class=\"wp-block-column is-layout-flow wp-block-column-is-layout-flow\">\n<h3 class=\"wp-block-heading\">Ilha Estadual<\/h3>\n\n\n\n<ul class=\"wp-block-list\">\n<li>Porto Richmond<\/li>\n\n\n\n<li>Costa sul<\/li>\n\n\n\n<li>Stapleton e St.<\/li>\n\n\n\n<li>Centro da Ilha<\/li>\n<\/ul>\n<\/div>\n<\/div>\n\n\n\n<div class=\"wp-block-columns is-layout-flex wp-container-core-columns-is-layout-9d6595d7 wp-block-columns-is-layout-flex\">\n<div class=\"wp-block-column is-layout-flow wp-block-column-is-layout-flow\">\n<h3 class=\"wp-block-heading\">Brooklyn<\/h3>\n\n\n\n<ul class=\"wp-block-list\">\n<li>Centro do Brooklyn<\/li>\n\n\n\n<li>Sudoeste do Brooklyn<\/li>\n\n\n\n<li>Parque do bairro<\/li>\n\n\n\n<li>Can\u00e1rias e Plan\u00edcies<\/li>\n\n\n\n<li>Sul do Brooklyn<\/li>\n\n\n\n<li>Noroeste do Brooklyn<\/li>\n\n\n\n<li>arbusto chato<\/li>\n\n\n\n<li>Leste de Nova York e novos lotes<\/li>\n\n\n\n<li>Ponto verde<\/li>\n\n\n\n<li>Parque do p\u00f4r do sol<\/li>\n\n\n\n<li>Bushwick e Williamsburg<\/li>\n<\/ul>\n<\/div>\n\n\n\n<div class=\"wp-block-column is-layout-flow wp-block-column-is-layout-flow\">\n<h3 class=\"wp-block-heading\">Norte de Nova Jersey<\/h3>\n\n\n\n<ul class=\"wp-block-list\">\n<li>Condado de Bergen<\/li>\n\n\n\n<li>Condado de Essex<\/li>\n\n\n\n<li>Condado de Hudson<\/li>\n\n\n\n<li>Condado de Hunterdon<\/li>\n\n\n\n<li>Condado de Morris<\/li>\n\n\n\n<li>Condado de Passaic<\/li>\n\n\n\n<li>Condado de Somerset<\/li>\n\n\n\n<li>Condado de Sussex<\/li>\n\n\n\n<li>Condado de Uni\u00e3o<\/li>\n\n\n\n<li>Condado de Warren<\/li>\n<\/ul>\n<\/div>\n<\/div>\n\n\n\n<div class=\"wp-block-columns is-layout-flex wp-container-core-columns-is-layout-9d6595d7 wp-block-columns-is-layout-flex\">\n<div class=\"wp-block-column is-layout-flow wp-block-column-is-layout-flow\">\n<h3 class=\"wp-block-heading\">Bronx<\/h3>\n\n\n\n<ul class=\"wp-block-list\">\n<li>Centro do Bronx<\/li>\n\n\n\n<li>Parque do Bronx e Fordham<\/li>\n\n\n\n<li>Ponte Alta e Morris\u00e2nia<\/li>\n\n\n\n<li>Hunts Point e Mott Haven<\/li>\n\n\n\n<li>Kingsbridge e Riverdale<\/li>\n\n\n\n<li>Nordeste do Bronx<\/li>\n\n\n\n<li>Sudeste do Bronx<\/li>\n<\/ul>\n<\/div>\n\n\n\n<div class=\"wp-block-column is-layout-flow wp-block-column-is-layout-flow\">\n<h3 class=\"wp-block-heading\">Principais cidades, centro e sul de Nova Jersey<\/h3>\n\n\n\n<ul class=\"wp-block-list\">\n<li>Newark<\/li>\n\n\n\n<li>Cidade de Jersey<\/li>\n\n\n\n<li>Paterson<\/li>\n\n\n\n<li>Uni\u00e3o<\/li>\n\n\n\n<li>Wayne<\/li>\n\n\n\n<li>Trento<\/li>\n\n\n\n<li>Edison<\/li>\n\n\n\n<li>Uni\u00e3o<\/li>\n\n\n\n<li>Wayne<\/li>\n\n\n\n<li>Ewing<\/li>\n<\/ul>\n<\/div>\n<\/div>\n\n\n\n<div class=\"wp-block-columns is-layout-flex wp-container-core-columns-is-layout-9d6595d7 wp-block-columns-is-layout-flex\">\n<div class=\"wp-block-column is-layout-flow wp-block-column-is-layout-flow\"><div class=\"gb-container gb-container-d8ce3c71\">\n\n<h3 class=\"wp-block-heading\">Principais cidades, Nova York<\/h3>\n\n\n\n<ul class=\"wp-block-list\">\n<li>Nova Rochelle<\/li>\n\n\n\n<li>Monte Vernon<\/li>\n\n\n\n<li>plan\u00edcies brancas<\/li>\n\n\n\n<li>Yonkers<\/li>\n\n\n\n<li>Nyack<\/li>\n\n\n\n<li>Poughkeepsie<\/li>\n\n\n\n<li>Newburgh<\/li>\n\n\n\n<li>Kingston<\/li>\n<\/ul>\n\n<\/div><\/div>\n\n\n\n<div class=\"wp-block-column is-layout-flow wp-block-column-is-layout-flow\"><div class=\"gb-container gb-container-38289820\">\n\n<h3 class=\"wp-block-heading\">Principais cidades, Connecticut<\/h3>\n\n\n\n<ul class=\"wp-block-list\">\n<li>Woodbridge<\/li>\n\n\n\n<li>Bridgeport<\/li>\n\n\n\n<li>Stamford<\/li>\n\n\n\n<li>Norwalk<\/li>\n\n\n\n<li>Danbury<\/li>\n\n\n\n<li>Stratford<\/li>\n\n\n\n<li>Novo porto<\/li>\n\n\n\n<li>Milford<\/li>\n\n\n\n<li>Torrington<\/li>\n\n\n\n<li>Middletown<\/li>\n<\/ul>\n\n<\/div><\/div>\n<\/div>\n\n\n<div class=\"gb-container gb-container-ba871f1f\">\n\n<div class=\"wp-block-columns is-layout-flex wp-container-core-columns-is-layout-9d6595d7 wp-block-columns-is-layout-flex\">\n<div class=\"wp-block-column is-layout-flow wp-block-column-is-layout-flow\">\n<h3 class=\"wp-block-heading\">Rainhas Nordeste Rainhas<\/h3>\n\n\n\n<ul class=\"wp-block-list\">\n<li>Rainhas do Norte<\/li>\n\n\n\n<li>Rainhas Centrais<\/li>\n\n\n\n<li>Jamaica<\/li>\n\n\n\n<li>Rainhas do Noroeste<\/li>\n\n\n\n<li>Centro-Oeste Rainhas<\/li>\n\n\n\n<li>Rockaways<\/li>\n\n\n\n<li>Rainhas do Sudeste<\/li>\n\n\n\n<li>Rainhas do Sudoeste<\/li>\n\n\n\n<li>Rainhas Oeste<\/li>\n<\/ul>\n<\/div>\n\n\n\n<div class=\"wp-block-column is-layout-flow wp-block-column-is-layout-flow\"><\/div>\n<\/div>\n\n<\/div>\n\n\n<h2 class=\"wp-block-heading\">Sobre SIS Internacional<\/h2>\n\n\n\n<p>Como uma das melhores empresas de pesquisa de mercado de Nova York, <a href=\"https:\/\/www.sisinternational.com\/pt\/\">SIS Internacional<\/a> oferece pesquisa quantitativa, qualitativa e estrat\u00e9gica. Fornecemos dados, ferramentas, estrat\u00e9gias, relat\u00f3rios e insights para a tomada de decis\u00f5es. Tamb\u00e9m realizamos entrevistas, pesquisas, grupos focais e outros m\u00e9todos e abordagens de Pesquisa de Mercado.<a href=\"https:\/\/www.sisinternational.com\/pt\/sobre-a-sis-international-research\/contact-sis-international-market-research\/\"> Entre em contato conosco<\/a> para o seu pr\u00f3ximo projeto de pesquisa de mercado.<\/p>\n\n\n\n<p><\/p>","protected":false},"excerpt":{"rendered":"<p>A SIS \u00e9 uma empresa l\u00edder em pesquisa de mercado de Nova York que oferece servi\u00e7os completos de trabalho de campo, coleta de dados e servi\u00e7os de pesquisa qualitativa, quantitativa e estrat\u00e9gica.<\/p>","protected":false},"author":1,"featured_media":62692,"parent":19303,"menu_order":0,"comment_status":"closed","ping_status":"closed","template":"","meta":{"footnotes":""},"class_list":["post-16214","page","type-page","status-publish","has-post-thumbnail"],"_links":{"self":[{"href":"https:\/\/www.sisinternational.com\/pt\/wp-json\/wp\/v2\/pages\/16214","targetHints":{"allow":["GET"]}}],"collection":[{"href":"https:\/\/www.sisinternational.com\/pt\/wp-json\/wp\/v2\/pages"}],"about":[{"href":"https:\/\/www.sisinternational.com\/pt\/wp-json\/wp\/v2\/types\/page"}],"author":[{"embeddable":true,"href":"https:\/\/www.sisinternational.com\/pt\/wp-json\/wp\/v2\/users\/1"}],"replies":[{"embeddable":true,"href":"https:\/\/www.sisinternational.com\/pt\/wp-json\/wp\/v2\/comments?post=16214"}],"version-history":[{"count":11,"href":"https:\/\/www.sisinternational.com\/pt\/wp-json\/wp\/v2\/pages\/16214\/revisions"}],"predecessor-version":[{"id":79331,"href":"https:\/\/www.sisinternational.com\/pt\/wp-json\/wp\/v2\/pages\/16214\/revisions\/79331"}],"up":[{"embeddable":true,"href":"https:\/\/www.sisinternational.com\/pt\/wp-json\/wp\/v2\/pages\/19303"}],"wp:featuredmedia":[{"embeddable":true,"href":"https:\/\/www.sisinternational.com\/pt\/wp-json\/wp\/v2\/media\/62692"}],"wp:attachment":[{"href":"https:\/\/www.sisinternational.com\/pt\/wp-json\/wp\/v2\/media?parent=16214"}],"curies":[{"name":"wp","href":"https:\/\/api.w.org\/{rel}","templated":true}]}}