{"id":16163,"date":"2015-06-07T15:16:23","date_gmt":"2015-06-07T15:16:23","guid":{"rendered":"https:\/\/www.sisinternational.com\/?page_id=16163"},"modified":"2026-01-27T15:24:07","modified_gmt":"2026-01-27T20:24:07","slug":"entrevistas-etnograficas-b2b","status":"publish","type":"page","link":"https:\/\/www.sisinternational.com\/pt\/solucoes\/solucoes-de-pesquisa-quantitativa-qualitativa\/entrevistas-etnograficas-b2b\/","title":{"rendered":"B2B ethnographic market research"},"content":{"rendered":"<h1 class=\"wp-block-heading\">B2B ethnographic market research<\/h1>\n\n\n\n<h1 class=\"wp-block-heading\">&nbsp;<\/h1>\n\n\n\n<figure class=\"gb-block-image gb-block-image-0b452a4a\"><img loading=\"lazy\" decoding=\"async\" width=\"1456\" height=\"816\" class=\"gb-image gb-image-0b452a4a\" src=\"https:\/\/www.sisinternational.com\/wp-content\/uploads\/2025\/08\/Focus-group-meeting-12.jpg\" srcset=\"https:\/\/www.sisinternational.com\/wp-content\/uploads\/2025\/08\/Focus-group-meeting-12.jpg 1456w, https:\/\/www.sisinternational.com\/wp-content\/uploads\/2025\/08\/Focus-group-meeting-12-300x168.jpg 300w, https:\/\/www.sisinternational.com\/wp-content\/uploads\/2025\/08\/Focus-group-meeting-12-1024x574.jpg 1024w, https:\/\/www.sisinternational.com\/wp-content\/uploads\/2025\/08\/Focus-group-meeting-12-768x430.jpg 768w, https:\/\/www.sisinternational.com\/wp-content\/uploads\/2025\/08\/Focus-group-meeting-12-18x10.jpg 18w\" sizes=\"auto, (max-width: 1456px) 100vw, 1456px\" alt=\"Pesquisa e Estrat\u00e9gia de Mercado Internacional da SIS\"><\/figure>\n\n\n\n<p><\/p>\n\n\n\n<hr class=\"wp-block-separator has-alpha-channel-opacity is-style-dots\"\/>\n\n\n\n<p><span style=\"font-weight: 400;\">Voc\u00ea j\u00e1 se perguntou o que leva as empresas a fazerem as escolhas que fazem? Na intrincada rede do cen\u00e1rio B2B, \u00e9 fundamental compreender o \u201cporqu\u00ea\u201d das decis\u00f5es corporativas.&nbsp;<\/span><\/p>\n\n\n\n<p><span style=\"font-weight: 400;\">This is where <a href=\"https:\/\/www.sisinternational.com\/pt\/complexidades-de-marketing-b2b\/\" title=\"O que \u00e9 marketing B2B?\"  data-wpil-monitor-id=\"7335\">B2B ethnographic market<\/a> research steps in, uncovering the underlying motivations and behaviors of businesses in their natural habitats\u2026 But why is this form of research so vital in today&#8217;s fast-evolving business environment? Let&#8217;s delve into the world of B2B ethnographic <a href=\"https:\/\/www.linkedin.com\/company\/sisinternationalresearch\" target=\"_blank\" rel=\"noopener\">pesquisa de mercado<\/a> to find out.<\/span><\/p>\n\n\n\n<h2 class=\"wp-block-heading p1\">O que \u00e9 uma entrevista etnogr\u00e1fica?<\/h2>\n\n\n\n<p class=\"p1\"><span style=\"font-weight: 400;\">B2B ethnographic market research<\/span> involves being immersed in or living with a culture, but it could also pertain to a corporation or business entity. In-person interviews help to understand behaviors, attitudes, motivations and preferences, and sometimes social rituals. If you put these together you have the core of a B2B ethnographic interview.<\/p>\n\n\n\n<p><span style=\"font-weight: 400;\">B2B ethnographic market research<\/span> provides in-depth insights into behavior by observing the workplace, people, decision-making, and non-verbal communication that can emerge in the course of the interview.&nbsp; Prototypes and messaging can be tested with respondents.&nbsp; Because the interviews are held in the respondents&#8217; workplace, it simulates the decision-making environment.<\/p>\n\n\n\n<p class=\"p1\">Como t\u00e9cnica qualitativa, \u00e9 uma microvers\u00e3o de um estudo etnogr\u00e1fico em que s\u00e3o observadas pessoas que realizam tarefas numa situa\u00e7\u00e3o natural de neg\u00f3cios e perguntadas o que est\u00e3o fazendo, por que est\u00e3o fazendo isso e o que est\u00e3o pensando.<\/p>\n\n\n\n<p class=\"p1\">Embora a maioria dos estudos etnogr\u00e1ficos sejam realizados em casa ou na comunidade durante muitos dias, \u00e9 poss\u00edvel e altamente informativo entrevistar pessoas no seu ambiente de trabalho \u2013 mesmo que apenas por uma ou duas horas. Isso fornece um hist\u00f3rico rico sobre o espa\u00e7o f\u00edsico, equipamentos, m\u00f3veis, colegas de trabalho e outros recursos que impactam as a\u00e7\u00f5es, o humor e o desempenho de uma pessoa que realiza seu trabalho dentro de uma cultura corporativa.<\/p>\n\n\n\n<h2 class=\"wp-block-heading\"><strong>Import\u00e2ncia da pesquisa de mercado etnogr\u00e1fica B2B no atual ambiente de neg\u00f3cios<\/strong><\/h2>\n\n\n\n<figure class=\"gb-block-image gb-block-image-934d7412\"><img loading=\"lazy\" decoding=\"async\" width=\"1456\" height=\"816\" class=\"gb-image gb-image-934d7412\" src=\"https:\/\/www.sisinternational.com\/wp-content\/uploads\/2025\/08\/Focus-group-meeting-11.jpg\" srcset=\"https:\/\/www.sisinternational.com\/wp-content\/uploads\/2025\/08\/Focus-group-meeting-11.jpg 1456w, https:\/\/www.sisinternational.com\/wp-content\/uploads\/2025\/08\/Focus-group-meeting-11-300x168.jpg 300w, https:\/\/www.sisinternational.com\/wp-content\/uploads\/2025\/08\/Focus-group-meeting-11-1024x574.jpg 1024w, https:\/\/www.sisinternational.com\/wp-content\/uploads\/2025\/08\/Focus-group-meeting-11-768x430.jpg 768w, https:\/\/www.sisinternational.com\/wp-content\/uploads\/2025\/08\/Focus-group-meeting-11-18x10.jpg 18w\" sizes=\"auto, (max-width: 1456px) 100vw, 1456px\" alt=\"Pesquisa e Estrat\u00e9gia de Mercado Internacional da SIS\"><\/figure>\n\n\n\n<p><\/p>\n\n\n\n<p><span style=\"font-weight: 400;\">O cen\u00e1rio empresarial est\u00e1 se tornando cada vez mais complexo e din\u00e2mico. A globaliza\u00e7\u00e3o, a transforma\u00e7\u00e3o digital e a evolu\u00e7\u00e3o das exig\u00eancias do mercado tornaram imperativo que as empresas compreendessem n\u00e3o apenas os seus consumidores finais, mas tamb\u00e9m os seus parceiros de neg\u00f3cios, fornecedores e concorrentes. \u00c9 aqui que entra em jogo a pesquisa de mercado etnogr\u00e1fica B2B.<\/span><\/p>\n\n\n\n<p><span style=\"font-weight: 400;\">Unlike other research methodologies that rely on surveys or data analytics, B2B ethnographic market research focuses on immersive observation and understanding. This form of research captures the nuances of business culture, decision-making processes, and the interplay of various stakeholders.<\/span><\/p>\n\n\n\n<p><span style=\"font-weight: 400;\">Aqui est\u00e1 uma an\u00e1lise mais detalhada de alguns desses benef\u00edcios:<\/span><\/p>\n\n\n\n<p><b>\u2022 Insights mais profundos:<\/b><span style=\"font-weight: 400;\"> B2B ethnographic market research goes beyond the surface. It dives deep into the daily routines, challenges, and motivations of businesses, providing insights that are difficult to attain through conventional methods.&nbsp;<\/span><\/p>\n\n\n\n<p><b>\u2022 Marketing e mensagens direcionadas: <\/b><span style=\"font-weight: 400;\">A pesquisa etnogr\u00e1fica revela a linguagem, os valores e as prioridades das partes interessadas B2B. Com este conhecimento, as organiza\u00e7\u00f5es podem adaptar as suas mensagens de marketing para repercutirem no seu p\u00fablico, aumentando a efic\u00e1cia dos seus esfor\u00e7os de comunica\u00e7\u00e3o.<\/span><\/p>\n\n\n\n<p><b>\u2022 Mitiga\u00e7\u00e3o de riscos: <\/b>Understanding the challenges and <a href=\"https:\/\/www.sisinternational.com\/pt\/white-paper-sobre-estudo-sobre-dificuldades-nas-comunicacoes-para-pequenas-e-medias-empresas-revelando-o-custo-oculto-das-barreiras-e-da-latencia-nas-comunicacoes\/\" title=\"Artigo t\u00e9cnico sobre estudo de dor em comunica\u00e7\u00f5es para pequenas e m\u00e9dias empresas\" data-wpil-monitor-id=\"4490\">pain points of B2B<\/a> partners allows organizations to proactively address potential issues and risks.&nbsp;<\/span><\/p>\n\n\n\n<p><b>\u2022 Inteligencia competitiva: <a href=\"https:\/\/www.sisinternational.com\/pt\/estrategia-de-marketing-multicanal-b2b\/\" title=\"Estrat\u00e9gia de Marketing Multicanal B2B\" data-wpil-monitor-id=\"844\">B2B ethnographic market<\/a> research&nbsp;can shed light on the strategies and practices of competitors within the B2B space.&nbsp;<\/span><\/p>\n\n\n\n<p><b>\u2022 Sensibilidade cultural: <\/b><span style=\"font-weight: 400;\">Num mundo empresarial globalizado, as diferen\u00e7as culturais podem impactar significativamente as intera\u00e7\u00f5es B2B. A pesquisa etnogr\u00e1fica auxilia na compreens\u00e3o das nuances culturais, permitindo que as organiza\u00e7\u00f5es naveguem nos mercados internacionais com maior sensibilidade e efic\u00e1cia.<\/span><\/p>\n\n\n\n<p><b>\u2022 Catalisador de Inova\u00e7\u00e3o: <\/b><span style=\"font-weight: 400;\">A imers\u00e3o no ambiente B2B estimula a inova\u00e7\u00e3o. Observar como as empresas operam e interagem pode inspirar novas ideias e solu\u00e7\u00f5es criativas que podem impulsionar o crescimento dos neg\u00f3cios.<\/span><\/p>\n\n\n\n<p><b>\u2022 Relacionamentos de longo prazo: <\/b><span style=\"font-weight: 400;\">By demonstrating a commitment to understanding the unique needs of their B2B partners, organizations can build stronger, more enduring relationships.<\/span><\/p>\n\n\n\n<p><b>\u2022 Tomada de decis\u00e3o baseada em dados: <\/b><span style=\"font-weight: 400;\">B2B ethnographic market research provides organizations with concrete data and real-world observations.&nbsp;<\/span><\/p>\n\n\n\n<p><b>\u2022 Melhorar o atendimento ao cliente: <\/b><span style=\"font-weight: 400;\">Observar as opera\u00e7\u00f5es di\u00e1rias das empresas pode revelar pontos problem\u00e1ticos em termos de servi\u00e7o ou suporte. Abordar isso pode levar a n\u00edveis elevados de satisfa\u00e7\u00e3o e fidelidade do cliente.<\/span><\/p>\n\n\n\n<p><b>\u2022 Treinamento e Desenvolvimento: <\/b><span style=\"font-weight: 400;\">As nuances captadas sobre o comportamento empresarial, a tomada de decis\u00f5es e os valores podem ser incorporadas aos m\u00f3dulos de treinamento, garantindo que as equipes estejam bem equipadas para atender clientes B2B com efici\u00eancia.<\/span><\/p>\n\n\n\n<h2 class=\"wp-block-heading\">Quando usar entrevistas etnogr\u00e1ficas<\/h2>\n\n\n\n<figure class=\"gb-block-image gb-block-image-a0640d46\"><img decoding=\"async\" class=\"gb-image gb-image-a0640d46\" src=\"https:\/\/www.sisinternational.com\/wp-content\/uploads\/2025\/07\/How-to-Conduct-Effective-Quantitative-Market-Researc-2.jpg\" alt=\"Pesquisa e Estrat\u00e9gia de Mercado Internacional da SIS\"><\/figure>\n\n\n\n<p><\/p>\n\n\n\n<p>Para uma empresa que vende um produto ou servi\u00e7o, torna-se poss\u00edvel observar de fato como e quando ele \u00e9 utilizado no mundo real no momento em que est\u00e1 sendo utilizado. Os question\u00e1rios podem ser aplicados antes e depois de uma visita para complementar as perguntas abertas e investigativas detalhadas feitas durante uma entrevista no local.<\/p>\n\n\n\n<p>A principal diferen\u00e7a entre uma entrevista t\u00edpica de pesquisa de mercado e uma etnogr\u00e1fica \u00e9 a aten\u00e7\u00e3o dada ao entorno do entrevistado. Entre outras coisas, pode-se realmente ver se uma pessoa trabalha num cub\u00edculo ou num escrit\u00f3rio privado, com muitos ou poucos colegas, numa \u00e1rea tranquila ou com distra\u00e7\u00f5es \u2013 qualquer uma das quais pode afetar a forma como as tarefas s\u00e3o realizadas.<\/p>\n\n\n\n<h2 class=\"wp-block-heading\"><span class=\"s1\">Como \u00e9 conduzida uma entrevista etnogr\u00e1fica B2B?<\/span><\/h2>\n\n\n\n<ul class=\"wp-block-list\">\n<li><span class=\"s1\">A <strong>D<\/strong><\/span><strong><span class=\"s2\">Guia de discuss\u00e3o<\/span><\/strong><span class=\"s1\"> devem ser desenvolvidos para enquadrar o conte\u00fado a ser abordado. Os participantes devem ser informados antecipadamente de que poder\u00e3o ser solicitados a realizar uma atividade e\/ou mostrar como utilizam um produto ou servi\u00e7o ao conclu\u00ed-la. Exemplos de perguntas incluem:<\/span>\n<ul class=\"wp-block-list\">\n<li><span class=\"s1\">Em que circunst\u00e2ncias voc\u00ea usa o produto?<\/span><\/li>\n\n\n\n<li><span class=\"s1\">Como exatamente ele \u00e9 usado?<\/span><\/li>\n\n\n\n<li><span class=\"s1\">Isso resolve totalmente o problema ou se acostuma com outra coisa?<\/span><\/li>\n\n\n\n<li><span class=\"s1\">Como o produto se compara \u00e0s alternativas (dos concorrentes)?<\/span><\/li>\n\n\n\n<li><span class=\"s1\">\u00c9 usado para outros fins (n\u00e3o intencionais)?<\/span><\/li>\n\n\n\n<li><span class=\"s1\">Quem mais o utiliza \u2013 por exemplo, um colega com a mesma fun\u00e7\u00e3o ou com uma fun\u00e7\u00e3o diferente?<\/span><\/li>\n\n\n\n<li><span class=\"s1\">\u00c0s vezes um <\/span><strong><span class=\"s2\">segundo pesquisador<\/span><\/strong><span class=\"s1\"><span class=\"s2\"> est\u00e1 presente para tomar notas e fazer observa\u00e7\u00f5es adicionais enquanto o entrevistador se concentra inteiramente no di\u00e1logo com o entrevistado.<\/span><\/span><br><p>\u00a0<\/p><\/li>\n<\/ul>\n<\/li>\n\n\n\n<li><span class=\"s1\"><span class=\"s1\">Devido \u00e0 seguran\u00e7a refor\u00e7ada desde o 11 de Setembro em quase todas as empresas, tirar fotografias ou gravar v\u00eddeos dentro de uma f\u00e1brica, edif\u00edcio de escrit\u00f3rios ou loja \u00e9 muitas vezes desencorajado ou totalmente proibido. As fotografias podem ser tiradas do exterior (por exemplo, num parque de estacionamento p\u00fablico ou numa estrada) ou obtidas atrav\u00e9s de fontes online, como o Google Earth ou o Maps. Quanto mais voc\u00ea conseguir reunir informa\u00e7\u00f5es sobre o ambiente da pessoa, mais capaz voc\u00ea ser\u00e1 de perguntar e compreender o entrevistado.<\/span><\/span><br><p>\u00a0<\/p><\/li>\n\n\n\n<li><strong><span class=\"s2\">Fotos internas<\/span><\/strong><span class=\"s1\"> ainda podem ser obtidos com a devida autoriza\u00e7\u00e3o obtida antes de qualquer visita\/entrevista. Uma alternativa \u00e9 pedir aos participantes que tirem suas pr\u00f3prias fotos n\u00e3o propriet\u00e1rias de seu espa\u00e7o de trabalho, produtos em uso, colegas e espa\u00e7os abertos, como refeit\u00f3rio, sala de descanso ou sala de reuni\u00f5es. Se for poss\u00edvel obter fotos dos pr\u00f3prios entrevistados, elas poder\u00e3o ser compartilhadas como parte de um relat\u00f3rio de descobertas que ajudar\u00e1 outras pessoas a \u201cver\u201d quem foi entrevistado. Eles podem ser usados para criar um <\/span><strong><span class=\"s2\">personalidade<\/span><\/strong><span class=\"s1\"><span class=\"s2\"> do comprador B2B de interesse do cliente.<\/span><\/span><br><p>\u00a0<\/p><\/li>\n\n\n\n<li><span class=\"s1\">Antes da entrevista, \u00e9 poss\u00edvel que o sujeito complete um breve <\/span><strong><span class=\"s2\">di\u00e1rio ou pesquisa<\/span><\/strong><span class=\"s1\"><span class=\"s2\"> descrevendo um dia ou semana t\u00edpico, incluindo as principais responsabilidades, fontes ou produtos utilizados, ou o tempo aproximado necess\u00e1rio para uma tarefa comum.<\/span><\/span><br><p>\u00a0<\/p><\/li>\n\n\n\n<li><span class=\"s1\"><span class=\"s1\">Ap\u00f3s a entrevista, um pequeno inqu\u00e9rito diferente pode ser desenvolvido com base no conjunto total de entrevistas e observa\u00e7\u00f5es.<\/span><\/span><br><p>\u00a0<\/p><\/li>\n\n\n\n<li><span class=\"s1\"><span class=\"s1\">Ao combinar todas as descobertas de m\u00e9todos qualitativos (entrevistas etnogr\u00e1ficas b2b, grupos focais) e quantitativos (pr\u00e9 e p\u00f3s-pesquisas), uma empresa estar\u00e1 em melhor posi\u00e7\u00e3o para compreender muito mais dos fatores sutis e caracter\u00edsticas desejadas que, em \u00faltima an\u00e1lise, impactam um decis\u00e3o de compra.<span class=\"Apple-converted-space\">\u00a0 <\/span>Ter essas informa\u00e7\u00f5es \u00e9 altamente valioso para as fun\u00e7\u00f5es de produ\u00e7\u00e3o, marketing e vendas, que podem ser encarregadas de criar novos produtos ou servi\u00e7os que melhor atendam \u00e0s necessidades do usu\u00e1rio.<\/span><\/span><br><br><\/li>\n\n\n\n<li><strong><span class=\"s2\">Recrutamento e remunera\u00e7\u00e3o:<\/span><\/strong>\n<ul class=\"wp-block-list\">\n<li><span class=\"s1\">Ao contr\u00e1rio de muitos outros tipos de pesquisa de mercado, a entrevista etnogr\u00e1fica n\u00e3o pode ser realizada online, por telefone ou de qualquer outra forma que n\u00e3o seja presencial.<\/span><\/li>\n\n\n\n<li><span class=\"s1\">O valor da remunera\u00e7\u00e3o depender\u00e1 de quanto tempo ser\u00e1 necess\u00e1rio para a entrevista (talvez uma hora que coincida com o almo\u00e7o, no caf\u00e9 antes do in\u00edcio do expediente ou no local de trabalho ap\u00f3s o expediente).&nbsp;<\/span><\/li>\n\n\n\n<li><span class=\"s1\">Se forem solicitadas tarefas adicionais, dever\u00e1 haver pagamento adicional para cada uma. Por exemplo, ofere\u00e7a $100 para a entrevista, $25 para pr\u00e9 e p\u00f3s-pesquisa e $25 para um conjunto de fotos que atendam aos requisitos do cliente (isso tamb\u00e9m pode ser uma condi\u00e7\u00e3o de pagamento para a entrevista).<\/span><\/li>\n<\/ul>\n<\/li>\n<\/ul>\n\n\n\n<h2 class=\"wp-block-heading\"><strong>Oportunidades na realiza\u00e7\u00e3o de pesquisas de mercado etnogr\u00e1fico B2B:<\/strong><\/h2>\n\n\n\n<figure class=\"gb-block-image gb-block-image-dcc950ef\"><img loading=\"lazy\" decoding=\"async\" width=\"1456\" height=\"816\" class=\"gb-image gb-image-dcc950ef\" src=\"https:\/\/www.sisinternational.com\/wp-content\/uploads\/2025\/08\/Focus-group-meeting-5.jpg\" srcset=\"https:\/\/www.sisinternational.com\/wp-content\/uploads\/2025\/08\/Focus-group-meeting-5.jpg 1456w, https:\/\/www.sisinternational.com\/wp-content\/uploads\/2025\/08\/Focus-group-meeting-5-300x168.jpg 300w, https:\/\/www.sisinternational.com\/wp-content\/uploads\/2025\/08\/Focus-group-meeting-5-1024x574.jpg 1024w, https:\/\/www.sisinternational.com\/wp-content\/uploads\/2025\/08\/Focus-group-meeting-5-768x430.jpg 768w, https:\/\/www.sisinternational.com\/wp-content\/uploads\/2025\/08\/Focus-group-meeting-5-18x10.jpg 18w\" sizes=\"auto, (max-width: 1456px) 100vw, 1456px\" alt=\"Pesquisa e Estrat\u00e9gia de Mercado Internacional da SIS\"><\/figure>\n\n\n\n<p><\/p>\n\n\n\n<p><span style=\"font-weight: 400;\">O cen\u00e1rio das transa\u00e7\u00f5es B2B \u00e9 vasto \u2013 e com a pesquisa de mercado etnogr\u00e1fica B2B, h\u00e1 uma oportunidade de ouro para desvendar segredos que podem levar ao crescimento e \u00e0 transforma\u00e7\u00e3o dos neg\u00f3cios. Aqui est\u00e1 uma olhada nos caminhos que este m\u00e9todo de pesquisa pode abrir:<\/span><\/p>\n\n\n\n<p><b>\u2022 Desenvolvimento de novos produtos: <\/b><span style=\"font-weight: 400;\">Com uma compreens\u00e3o abrangente das opera\u00e7\u00f5es e desafios de neg\u00f3cios, h\u00e1 potencial para identificar lacunas no mercado. Isto pode levar ao desenvolvimento de produtos ou servi\u00e7os inovadores adaptados especificamente para colmatar estas lacunas.<\/span><\/p>\n\n\n\n<p><b>\u2022 Fortalecimento do Posicionamento da Marca: <\/b><span style=\"font-weight: 400;\">Por meio da pesquisa de mercado etnogr\u00e1fica B2B, as empresas podem revelar propostas de vendas exclusivas que repercutem fortemente em seu p\u00fablico-alvo empresarial. Isso pode elevar significativamente o posicionamento e o reconhecimento da marca.<\/span><\/p>\n\n\n\n<p><b>\u2022 Expans\u00e3o para Novos Mercados: <\/b><span style=\"font-weight: 400;\">Ao estudar empresas em diversos setores ou regi\u00f5es, existe a possibilidade de identificar mercados inexplorados ou mal atendidos. Os insights obtidos podem orientar estrat\u00e9gias de expans\u00e3o, garantindo uma entrada mais tranquila e maior sucesso.<\/span><\/p>\n\n\n\n<p><b>Empreendimentos Colaborativos: <\/b><span style=\"font-weight: 400;\">O reconhecimento de necessidades ou servi\u00e7os comerciais complementares pode levar a parcerias ou colabora\u00e7\u00f5es ben\u00e9ficas, abrindo portas para recursos, conhecimentos ou bases de clientes compartilhados.<\/span><\/p>\n\n\n\n<p><b>\u2022 Insights intersetoriais: <\/b><span style=\"font-weight: 400;\">A pesquisa etnogr\u00e1fica pode fornecer insights intersetoriais. As organiza\u00e7\u00f5es podem aprender com as melhores pr\u00e1ticas de parceiros B2B de outros setores, estimulando a inova\u00e7\u00e3o e a ado\u00e7\u00e3o de estrat\u00e9gias bem-sucedidas de diferentes setores.<\/span><\/p>\n\n\n\n<h2 class=\"wp-block-heading\"><strong>Desafios da realiza\u00e7\u00e3o de pesquisas de mercado etnogr\u00e1fica B2B<\/strong><\/h2>\n\n\n\n<p><span style=\"font-weight: 400;\">A pesquisa de mercado etnogr\u00e1fica B2B apresenta desafios \u2013 e navegar no ambiente B2B requer tato, compreens\u00e3o e um profundo compromisso com a \u00e9tica da pesquisa. Vamos nos aprofundar em alguns dos desafios significativos que as empresas podem encontrar:<\/span><\/p>\n\n\n\n<p><b>\u2022 Acesso a Ambientes B2B:<\/b><span style=\"font-weight: 400;\"> Obter acesso aos ambientes naturais de parceiros B2B pode ser um desafio. As empresas muitas vezes protegem as suas opera\u00e7\u00f5es e podem relutar em conceder acesso aos investigadores.<\/span><\/p>\n\n\n\n<p><b>\u2022 Demora muito:<\/b><span style=\"font-weight: 400;\"> A pesquisa etnogr\u00e1fica consome muito tempo. Os investigadores podem necessitar de passar longos per\u00edodos no terreno, observando e interagindo com as partes interessadas B2B. Isso pode consumir muitos recursos para as organiza\u00e7\u00f5es.<\/span><\/p>\n\n\n\n<p><b>\u2022 Custos: <\/b><span style=\"font-weight: 400;\">A pesquisa imersiva pode incorrer em custos significativos, incluindo despesas de viagem, sal\u00e1rios de pesquisadores e despesas de an\u00e1lise de dados. Gerir o or\u00e7amento para a investiga\u00e7\u00e3o etnogr\u00e1fica pode ser um desafio para algumas organiza\u00e7\u00f5es.<\/span><\/p>\n\n\n\n<p><b>\u2022 Complexidade da an\u00e1lise de dados: <\/b><span style=\"font-weight: 400;\">A an\u00e1lise de dados qualitativos da pesquisa etnogr\u00e1fica pode ser complexa. Os investigadores devem compreender dados ricos e espec\u00edficos do contexto, o que pode exigir compet\u00eancias e ferramentas especializadas.<\/span><\/p>\n\n\n\n<p><b>\u2022 Generaliza\u00e7\u00e3o:<\/b><span style=\"font-weight: 400;\"> A pesquisa etnogr\u00e1fica normalmente concentra-se em contextos e casos espec\u00edficos. Generalizar os resultados para popula\u00e7\u00f5es ou ind\u00fastrias mais amplas pode ser um desafio, tornando importante definir cuidadosamente o \u00e2mbito e os objetivos da investiga\u00e7\u00e3o.<\/span><\/p>\n\n\n\n<p><b>\u2022 Tamanho de amostra limitado: <\/b>B2B ethnographic market research<span style=\"font-weight: 400;\">&nbsp;often involves a limited sample size due to the intensive nature of the approach. It can raise questions about the representativeness of the findings.<\/span><\/p>\n\n\n\n<p><b>\u2022 Compromisso de longo prazo: <\/b><span style=\"font-weight: 400;\">A investiga\u00e7\u00e3o etnogr\u00e1fica bem sucedida requer frequentemente um compromisso a longo prazo. Os pesquisadores podem precisar revisitar os parceiros B2B v\u00e1rias vezes durante um longo per\u00edodo para capturar comportamentos e tend\u00eancias em evolu\u00e7\u00e3o.<\/span><\/p>\n\n\n\n<h2 class=\"wp-block-heading\">Localiza\u00e7\u00e3o de nossas instala\u00e7\u00f5es em Nova York<\/h2>\n\n\n\n<p>\n\n\n\n<iframe loading=\"lazy\" src=\"https:\/\/www.google.com\/maps\/embed?pb=!1m18!1m12!1m3!1d3022.976188376966!2d-73.99130312499956!3d40.740549471389315!2m3!1f0!2f0!3f0!3m2!1i1024!2i768!4f13.1!3m3!1m2!1s0x89c259a15798c731%3A0xd695d09bdd495f25!2s11%20E%2022nd%20St%20FL%202%2C%20New%20York%2C%20NY%2010010%2C%20USA!5e0!3m2!1sen!2spe!4v1726171763526!5m2!1sen!2spe\" width=\"600\" height=\"450\" allowfullscreen=\"allowfullscreen\" data-mce-fragment=\"1\"><\/iframe>\n\n\n\n<\/p>\n\n\n\n<h3 class=\"wp-block-heading\">11 E 22nd Street, 2\u00ba andar, Nova York, NY 10010 T: +1(212) 505-6805<\/h3>\n\n\n\n<hr class=\"wp-block-separator has-alpha-channel-opacity\"\/>\n\n\n\n<h2 class=\"wp-block-heading\"><span style=\"font-weight: 400;\">Sobre SIS Internacional<\/span><\/h2>\n\n\n\n<p><a href=\"https:\/\/www.sisinternational.com\/pt\/\"><span style=\"font-weight: 400;\">SIS Internacional<\/span><\/a><span style=\"font-weight: 400;\"> oferece pesquisa quantitativa, qualitativa e estrat\u00e9gica. Fornecemos dados, ferramentas, estrat\u00e9gias, relat\u00f3rios e insights para a tomada de decis\u00f5es. Tamb\u00e9m realizamos entrevistas, pesquisas, grupos focais e outros m\u00e9todos e abordagens de Pesquisa de Mercado.<\/span><a href=\"https:\/\/www.sisinternational.com\/pt\/sobre-a-sis-international-research\/contact-sis-international-market-research\/\"><span style=\"font-weight: 400;\"> Entre em contato conosco<\/span><\/a><span style=\"font-weight: 400;\"> para o seu pr\u00f3ximo projeto de pesquisa de mercado.<\/span><\/p>\n\n\n\n<p><\/p>","protected":false},"excerpt":{"rendered":"<p>A Etnografia B2B envolve entrevistas presenciais que ajudam a compreender comportamentos, atitudes, motiva\u00e7\u00f5es e prefer\u00eancias.<\/p>","protected":false},"author":1,"featured_media":62674,"parent":14660,"menu_order":6,"comment_status":"open","ping_status":"open","template":"","meta":{"footnotes":""},"class_list":["post-16163","page","type-page","status-publish","has-post-thumbnail"],"_links":{"self":[{"href":"https:\/\/www.sisinternational.com\/pt\/wp-json\/wp\/v2\/pages\/16163","targetHints":{"allow":["GET"]}}],"collection":[{"href":"https:\/\/www.sisinternational.com\/pt\/wp-json\/wp\/v2\/pages"}],"about":[{"href":"https:\/\/www.sisinternational.com\/pt\/wp-json\/wp\/v2\/types\/page"}],"author":[{"embeddable":true,"href":"https:\/\/www.sisinternational.com\/pt\/wp-json\/wp\/v2\/users\/1"}],"replies":[{"embeddable":true,"href":"https:\/\/www.sisinternational.com\/pt\/wp-json\/wp\/v2\/comments?post=16163"}],"version-history":[{"count":11,"href":"https:\/\/www.sisinternational.com\/pt\/wp-json\/wp\/v2\/pages\/16163\/revisions"}],"predecessor-version":[{"id":80981,"href":"https:\/\/www.sisinternational.com\/pt\/wp-json\/wp\/v2\/pages\/16163\/revisions\/80981"}],"up":[{"embeddable":true,"href":"https:\/\/www.sisinternational.com\/pt\/wp-json\/wp\/v2\/pages\/14660"}],"wp:featuredmedia":[{"embeddable":true,"href":"https:\/\/www.sisinternational.com\/pt\/wp-json\/wp\/v2\/media\/62674"}],"wp:attachment":[{"href":"https:\/\/www.sisinternational.com\/pt\/wp-json\/wp\/v2\/media?parent=16163"}],"curies":[{"name":"wp","href":"https:\/\/api.w.org\/{rel}","templated":true}]}}