{"id":16145,"date":"2015-06-09T17:26:43","date_gmt":"2015-06-09T17:26:43","guid":{"rendered":"https:\/\/www.sisinternational.com\/?page_id=16145"},"modified":"2026-01-26T17:55:45","modified_gmt":"2026-01-26T22:55:45","slug":"estudos-de-dimensionamento-de-viabilidade-de-entrada-no-mercado","status":"publish","type":"page","link":"https:\/\/www.sisinternational.com\/pt\/solucoes\/consultoria-estrategica\/estudos-de-dimensionamento-de-viabilidade-de-entrada-no-mercado\/","title":{"rendered":"Estudos de entrada no mercado, viabilidade e dimensionamento"},"content":{"rendered":"<h1 class=\"wp-block-heading\">Estudos de entrada no mercado, viabilidade e dimensionamento<\/h1>\n\n\n\n<figure class=\"gb-block-image gb-block-image-4af0b61f\"><img loading=\"lazy\" decoding=\"async\" width=\"1456\" height=\"816\" class=\"gb-image gb-image-4af0b61f\" src=\"https:\/\/www.sisinternational.com\/wp-content\/uploads\/2025\/08\/Marketing-5.jpg\" srcset=\"https:\/\/www.sisinternational.com\/wp-content\/uploads\/2025\/08\/Marketing-5.jpg 1456w, https:\/\/www.sisinternational.com\/wp-content\/uploads\/2025\/08\/Marketing-5-300x168.jpg 300w, https:\/\/www.sisinternational.com\/wp-content\/uploads\/2025\/08\/Marketing-5-1024x574.jpg 1024w, https:\/\/www.sisinternational.com\/wp-content\/uploads\/2025\/08\/Marketing-5-768x430.jpg 768w, https:\/\/www.sisinternational.com\/wp-content\/uploads\/2025\/08\/Marketing-5-18x10.jpg 18w\" sizes=\"auto, (max-width: 1456px) 100vw, 1456px\" alt=\"Pesquisa e Estrat\u00e9gia de Mercado Internacional da SIS\"><\/figure>\n\n\n\n<p><\/p>\n\n\n\n<h2 class=\"wp-block-heading\">Nosso grupo de estrat\u00e9gia de entrada no mercado de classe mundial<\/h2>\n\n\n\n<p>SIS is a world leader in Market Entry Research studies.&nbsp; We have over 40+ years experience, vast global resources and multiple levels of intelligence for a \u201ccomplete market view\u201d of your company\u2019s Market Entry strategy.<\/p>\n\n\n\n<p>A nossa lideran\u00e7a e cobertura em mercados globais permite-nos apresentar novos mercados aos clientes e orientar os nossos clientes na sua entrada no mercado. Nossos especialistas em pesquisa escreveram v\u00e1rios livros sobre entrada no mercado, deram palestras publicamente para a m\u00eddia e serviram as maiores empresas do mundo.<\/p>\n\n\n\n<h3 class=\"wp-block-heading\">No mercado global de hoje, as empresas buscam cada vez mais vendas, reconhecimento de marca e estabilidade nos neg\u00f3cios.<\/h3>\n\n\n\n<p>Muitas vezes consideram a entrada no mercado como uma forma de atingir os seus objetivos estrat\u00e9gicos. Usando pesquisas baseadas em insights, as empresas podem avaliar sua estrat\u00e9gia de entrada no contexto de riscos e oportunidades. Com a pesquisa, as empresas podem selecionar com mais confian\u00e7a um modo de entrada, como Investimento Estrangeiro Direto, Licenciamento, Franchising e Alian\u00e7as Estrat\u00e9gicas.<\/p>\n\n\n\n<p><span style=\"font-weight: 400;\">Ao analisar a din\u00e2mica do mercado, o comportamento do consumidor, os cen\u00e1rios competitivos e os indicadores econ\u00f3micos, os estudos de entrada no mercado, viabilidade e dimensionamento oferecem uma imagem clara das potenciais recompensas e riscos. Servem como um guia para as empresas, ajudando-as a tomar decis\u00f5es informadas, a evitar erros dispendiosos e a posicionar-se estrategicamente em novos mercados.<\/span><\/p>\n\n\n\n<h2 class=\"wp-block-heading\"><span style=\"font-weight: 400;\">Compreendendo estudos de entrada no mercado, viabilidade e dimensionamento<\/span><\/h2>\n\n\n\n<p><span style=\"font-weight: 400;\">Market entry, feasibility, and sizing studies are comprehensive assessments that businesses undertake to evaluate the potential of entering a new market. These studies serve as a cornerstone for strategic decision-making, offering insights that are critical for a successful <a href=\"https:\/\/www.sisinternational.com\/pt\/analise-da-entrada-no-mercado-do-carrefour-dubai\/\" title=\"An\u00e1lise de entrada no mercado de Dubai do Carrefour\"  data-wpil-monitor-id=\"1866\">estrat\u00e9gia de entrada no mercado<\/a>. But, what exactly do these studies entail?<\/span><\/p>\n\n\n\n<p><span style=\"font-weight: 400;\">Eles fornecem uma vis\u00e3o hol\u00edstica das oportunidades e desafios em um novo mercado. Ajudam as empresas a tomar decis\u00f5es baseadas em dados, a adaptar os seus produtos ou servi\u00e7os para satisfazer as necessidades espec\u00edficas do mercado e a desenvolver estrat\u00e9gias alinhadas com a din\u00e2mica do mercado local.<\/span><\/p>\n\n\n\n<h2 class=\"wp-block-heading\"><span style=\"font-weight: 400;\">Por que os estudos de entrada no mercado, viabilidade e dimensionamento s\u00e3o cr\u00edticos hoje?<\/span><\/h2>\n\n\n\n<p><span style=\"font-weight: 400;\">The global marketplace is characterized by rapid technological advancements, shifting consumer preferences, and increasing competition. In such a dynamic environment, entering a new <a href=\"https:\/\/www.sisinternational.com\/pt\/pericia\/industrias\/pesquisa-de-mercado-de-molho\/\" title=\"Pesquisa de mercado de molho para mergulho\"  data-wpil-monitor-id=\"5751\">market without thorough research<\/a> and analysis is risky, to say the least. Therefore, market entry, feasibility, and sizing studies provide that map, offering businesses critical insights that guide their strategic decisions.<\/span><\/p>\n\n\n\n<p><span style=\"font-weight: 400;\">Estes estudos s\u00e3o cruciais para compreender n\u00e3o apenas \u201co qu\u00ea\u201d e \u201cquem\u201d de um mercado, mas tamb\u00e9m \u201ccomo\u201d e \u201cporqu\u00ea\u201d. Eles v\u00e3o al\u00e9m da an\u00e1lise superficial para se aprofundar nas complexidades da din\u00e2mica do mercado, ajudando as empresas a compreender os aspectos \u00fanicos de cada mercado, incluindo nuances culturais, requisitos regulat\u00f3rios e press\u00f5es competitivas.<\/span><\/p>\n\n\n\n<p><span style=\"font-weight: 400;\">Al\u00e9m disso, estudos de entrada, viabilidade e dimensionamento no mercado permitem \u00e0s empresas avaliar sistematicamente v\u00e1rios mercados, identificando aqueles que oferecem maior potencial, ao mesmo tempo que se alinham com as capacidades e objectivos de crescimento da empresa.<\/span><\/p>\n\n\n\n<h2 class=\"wp-block-heading\"><span style=\"font-weight: 400;\">Benef\u00edcios dos estudos de entrada no mercado, viabilidade e dimensionamento<\/span><\/h2>\n\n\n\n<p><span style=\"font-weight: 400;\">Os benef\u00edcios de conduzir estudos de entrada no mercado, viabilidade e dimensionamento s\u00e3o significativos. Estes estudos n\u00e3o s\u00f3 aumentam a probabilidade de entrada bem-sucedida no mercado, mas tamb\u00e9m contribuem para o planeamento estrat\u00e9gico global e a gest\u00e3o de riscos de uma empresa. Aqui est\u00e3o alguns benef\u00edcios principais:<\/span><\/p>\n\n\n\n<p><b>\u2022 Tomada de decis\u00e3o informada:<\/b><span style=\"font-weight: 400;\"> Estes estudos fornecem informa\u00e7\u00f5es detalhadas sobre novos mercados, permitindo que as empresas tomem decis\u00f5es com base em dados e an\u00e1lises, em vez de suposi\u00e7\u00f5es. Esta abordagem informada aumenta significativamente as possibilidades de entrada bem sucedida no mercado e de sustentabilidade a longo prazo.<\/span><\/p>\n\n\n\n<p><b>\u2022 Mitiga\u00e7\u00e3o de riscos: <\/b><span style=\"font-weight: 400;\">Ao analisar minuciosamente os riscos e desafios potenciais de entrar num novo mercado, as empresas podem desenvolver estrat\u00e9gias para mitigar esses riscos. Esta abordagem proativa \u00e0 gest\u00e3o de riscos pode salvar as empresas de erros dispendiosos e desafios imprevistos.<\/span><\/p>\n\n\n\n<p><b>\u2022 Otimiza\u00e7\u00e3o de Recursos:<\/b><span style=\"font-weight: 400;\"> Compreender a viabilidade e o dimensionamento de um novo mercado ajuda as empresas a alocar recursos de forma mais eficaz. Garante que esfor\u00e7os e investimentos sejam direcionados para mercados com maior potencial de sucesso, otimizando a utiliza\u00e7\u00e3o de recursos.<\/span><\/p>\n\n\n\n<p><b>\u2022 Vantagem competitiva:<\/b><span style=\"font-weight: 400;\"> A realiza\u00e7\u00e3o desses estudos pode proporcionar uma vantagem competitiva. Ao adquirir conhecimento profundo do mercado, as empresas podem adaptar seus produtos, servi\u00e7os e estrat\u00e9gias de marketing para melhor atender \u00e0s necessidades dos consumidores locais, diferenciando-se dos concorrentes.<\/span><\/p>\n\n\n\n<p><b>\u2022 Alinhamento estrat\u00e9gico: <\/b>Market entry, feasibility, and sizing <a href=\"https:\/\/www.sisinternational.com\/pt\/opiniao-sobre-o-produto-insights-culturais-da-asia-para-a-europa-entrada-no-mercado\/\" title=\"Pesquisa de entrada no mercado automotivo | Estudo de caso\"  data-wpil-monitor-id=\"6663\">studies help ensure that market entry<\/a> strategies are aligned with the overall business strategy and objectives. This alignment is crucial for maintaining coherence and focus in business operations.<\/span><\/p>\n\n\n\n<p><b>\u2022 Compreens\u00e3o do mercado:<\/b><span style=\"font-weight: 400;\"> Esses estudos fornecem uma compreens\u00e3o abrangente do mercado, incluindo prefer\u00eancias do cliente, nuances culturais, ambiente regulat\u00f3rio e cen\u00e1rio competitivo.<\/span><\/p>\n\n\n\n<p><b>\u2022 Insights Preditivos:<\/b><span style=\"font-weight: 400;\"> Al\u00e9m das condi\u00e7\u00f5es atuais do mercado, esses estudos geralmente oferecem insights preditivos, ajudando as empresas a antecipar tend\u00eancias e mudan\u00e7as futuras no mercado.&nbsp;<\/span><\/p>\n\n\n\n<h2 class=\"wp-block-heading\"><span style=\"font-weight: 400;\">Tend\u00eancias atuais em estudos de entrada no mercado, viabilidade e dimensionamento<\/span><\/h2>\n\n\n\n<p><span style=\"font-weight: 400;\">O cen\u00e1rio de entrada no mercado, viabilidade e estudos de dimensionamento est\u00e1 em constante evolu\u00e7\u00e3o, influenciado pelos avan\u00e7os tecnol\u00f3gicos e pelas mudan\u00e7as na din\u00e2mica do mercado. Por esta raz\u00e3o, \u00e9 fundamental compreender estas tend\u00eancias atuais para conduzir estes estudos de forma eficaz e obter conhecimentos relevantes. Aqui est\u00e3o algumas das principais tend\u00eancias que moldam esses estudos:<\/span><\/p>\n\n\n\n<p><b>\u2022 Maior depend\u00eancia de an\u00e1lise de dados e Big Data:<\/b><span style=\"font-weight: 400;\"> O uso de big data e ferramentas anal\u00edticas avan\u00e7adas tornou-se mais prevalente na condu\u00e7\u00e3o desses estudos. As empresas est\u00e3o a aproveitar estas tecnologias para processar grandes volumes de dados para obterem conhecimentos mais profundos sobre a din\u00e2mica do mercado, os comportamentos dos consumidores e os cen\u00e1rios competitivos.<\/span><\/p>\n\n\n\n<p><b>\u2022 Integra\u00e7\u00e3o de Intelig\u00eancia Artificial (IA): <\/b><span style=\"font-weight: 400;\">A IA \u00e9 cada vez mais utilizada para prever tend\u00eancias de mercado, prefer\u00eancias do consumidor e tamanhos potenciais de mercado com maior precis\u00e3o.<\/span><\/p>\n\n\n\n<p><b>\u2022 Foco em dados em tempo real e metodologias \u00e1geis: <\/b><span style=\"font-weight: 400;\">H\u00e1 uma \u00eanfase crescente na an\u00e1lise de dados em tempo real e em metodologias \u00e1geis de pesquisa. Esta abordagem permite que as empresas adaptem rapidamente as suas estrat\u00e9gias em resposta \u00e0s condi\u00e7\u00f5es de mercado em r\u00e1pida mudan\u00e7a.<\/span><\/p>\n\n\n\n<p><b>\u2022 Emphasis on <\/b><a href=\"https:\/\/www.sisinternational.com\/pt\/estudo-de-caso-hipotetico-de-analise-de-consumo-eharmony\/\" title=\"An\u00e1lise do consumidor: estudo de caso hipot\u00e9tico da eHarmony\"  data-wpil-monitor-id=\"4339\">Consumer Experience and Personalization: Studies<\/a> are now more focused on understanding the consumer experience and identifying opportunities for personalized offerings. This trend reflects the increasing importance of customer-centric strategies in market entry.<\/span><\/p>\n\n\n\n<p><b>\u2022 Transforma\u00e7\u00e3o Digital e E-commerce:<\/b><span style=\"font-weight: 400;\"> A acelera\u00e7\u00e3o da transforma\u00e7\u00e3o digital e o crescimento do com\u00e9rcio eletr\u00f3nico est\u00e3o a influenciar significativamente as estrat\u00e9gias de entrada no mercado. Os estudos centram-se cada vez mais nos canais digitais, no comportamento do consumidor online e na prepara\u00e7\u00e3o digital dos mercados.<\/span><\/p>\n\n\n\n<p><b>\u2022 Gest\u00e3o de Riscos em Tempos Incertos:<\/b><span style=\"font-weight: 400;\"> Estes estudos est\u00e3o a colocar uma maior \u00eanfase na avalia\u00e7\u00e3o e gest\u00e3o de riscos, ajudando as empresas a prepararem-se e a navegarem atrav\u00e9s de condi\u00e7\u00f5es de mercado imprevis\u00edveis.<\/span><\/p>\n\n\n\n<h2 class=\"wp-block-heading\"><span style=\"font-weight: 400;\">Desafios de entrada no mercado, estudos de viabilidade e dimensionamento para empresas<\/span><\/h2>\n\n\n\n<p><span style=\"font-weight: 400;\">Embora os estudos de entrada, viabilidade e dimensionamento no mercado forne\u00e7am informa\u00e7\u00f5es valiosas, eles tamb\u00e9m trazem seus desafios. Estes desafios podem ter impacto na efic\u00e1cia dos estudos e na implementa\u00e7\u00e3o bem-sucedida das suas conclus\u00f5es. Alguns dos principais desafios incluem:<\/span><\/p>\n\n\n\n<p><b>\u2022 Complexidade da An\u00e1lise de Mercado: <\/b><span style=\"font-weight: 400;\">A an\u00e1lise de novos mercados, especialmente em diferentes localiza\u00e7\u00f5es geogr\u00e1ficas ou ind\u00fastrias, pode ser complexa. Navegar em diferentes ambientes culturais, econ\u00f3micos e regulamentares requer conhecimentos especializados e uma compreens\u00e3o profunda das nuances locais.<\/span><\/p>\n\n\n\n<p><b>\u2022 Risco de m\u00e1 interpreta\u00e7\u00e3o: <\/b><span style=\"font-weight: 400;\">O risco de interpretar mal os dados e tend\u00eancias do mercado est\u00e1 sempre presente. A m\u00e1 interpreta\u00e7\u00e3o pode levar a estrat\u00e9gias e decis\u00f5es erradas, podendo causar reveses significativos para o neg\u00f3cio.<\/span><\/p>\n\n\n\n<p><b>\u2022 Equilibrar as necessidades globais e locais:<\/b><span style=\"font-weight: 400;\"> No contexto da expans\u00e3o global, equilibrar a estrat\u00e9gia global da marca com as necessidades do mercado local \u00e9 muitas vezes um desafio. Compreender e adaptar-se \u00e0s prefer\u00eancias locais, mantendo a consist\u00eancia da marca, \u00e9 crucial.<\/span><\/p>\n\n\n\n<h3 class=\"wp-block-heading\">&nbsp;<\/h3>\n\n\n\n<h3 class=\"wp-block-heading\">O SIS utiliza uma abordagem abrangente e integrada em projetos de entrada em novos mercados.<\/h3>\n\n\n\n<p>Because our clients operate in a rapidly changing world with rapid shifts in global, regional, and local markets, we use a Hybrid Intelligence approach&nbsp; combining Research, Intelligence and Strategy.&nbsp; This full analysis gives data and intelligence for tactical decision making.<\/p>\n\n\n\n<p>Exclusivamente, fornecemos dados de dimensionamento de mercado, insights de clientes, segmenta\u00e7\u00f5es, listas, previs\u00f5es, servi\u00e7os de fornecimento de parceiros e an\u00e1lises de viabilidade. Nossos pesquisadores conduzem an\u00e1lises estrat\u00e9gicas para transformar informa\u00e7\u00f5es em insights acion\u00e1veis. Com uma vis\u00e3o completa do mercado, nossos clientes podem considerar com mais confian\u00e7a sua estrat\u00e9gia de entrada no mercado.<\/p>\n\n\n\n<h2 class=\"wp-block-heading\">A diferen\u00e7a do SIS<\/h2>\n\n\n\n<ul class=\"wp-block-list\">\n<li>Our 35+&nbsp;years expertise in helping many of the world\u2019s most influential companies expand<\/li>\n\n\n\n<li>Nossos renomados especialistas e autores em gest\u00e3o<\/li>\n\n\n\n<li>Nossa abordagem de Pesquisa Integrada combina v\u00e1rios n\u00edveis de intelig\u00eancia para uma vis\u00e3o completa de todo o cen\u00e1rio do mercado<\/li>\n\n\n\n<li>Nossos servi\u00e7os completos de pesquisa e consultoria personalizados<\/li>\n\n\n\n<li>Nossa cobertura do mercado dom\u00e9stico global e dos EUA<\/li>\n\n\n\n<li>Nosso hist\u00f3rico corporativo baseado em estrat\u00e9gia de mercado<\/li>\n\n\n\n<li>Nosso foco em an\u00e1lises estrat\u00e9gicas e insights acion\u00e1veis al\u00e9m dos dados<\/li>\n<\/ul>","protected":false},"excerpt":{"rendered":"<p>A SIS \u00e9 l\u00edder em estudos de oportunidades de mercado, dimensionamento e viabilidade estrat\u00e9gica em todo o mundo.<\/p>","protected":false},"author":1,"featured_media":62841,"parent":14567,"menu_order":8,"comment_status":"open","ping_status":"open","template":"","meta":{"footnotes":""},"class_list":["post-16145","page","type-page","status-publish","has-post-thumbnail"],"_links":{"self":[{"href":"https:\/\/www.sisinternational.com\/pt\/wp-json\/wp\/v2\/pages\/16145","targetHints":{"allow":["GET"]}}],"collection":[{"href":"https:\/\/www.sisinternational.com\/pt\/wp-json\/wp\/v2\/pages"}],"about":[{"href":"https:\/\/www.sisinternational.com\/pt\/wp-json\/wp\/v2\/types\/page"}],"author":[{"embeddable":true,"href":"https:\/\/www.sisinternational.com\/pt\/wp-json\/wp\/v2\/users\/1"}],"replies":[{"embeddable":true,"href":"https:\/\/www.sisinternational.com\/pt\/wp-json\/wp\/v2\/comments?post=16145"}],"version-history":[{"count":7,"href":"https:\/\/www.sisinternational.com\/pt\/wp-json\/wp\/v2\/pages\/16145\/revisions"}],"predecessor-version":[{"id":80243,"href":"https:\/\/www.sisinternational.com\/pt\/wp-json\/wp\/v2\/pages\/16145\/revisions\/80243"}],"up":[{"embeddable":true,"href":"https:\/\/www.sisinternational.com\/pt\/wp-json\/wp\/v2\/pages\/14567"}],"wp:featuredmedia":[{"embeddable":true,"href":"https:\/\/www.sisinternational.com\/pt\/wp-json\/wp\/v2\/media\/62841"}],"wp:attachment":[{"href":"https:\/\/www.sisinternational.com\/pt\/wp-json\/wp\/v2\/media?parent=16145"}],"curies":[{"name":"wp","href":"https:\/\/api.w.org\/{rel}","templated":true}]}}