{"id":16134,"date":"2015-06-09T17:40:44","date_gmt":"2015-06-09T17:40:44","guid":{"rendered":"https:\/\/www.sisinternational.com\/?page_id=16134"},"modified":"2025-09-08T12:45:29","modified_gmt":"2025-09-08T16:45:29","slug":"pesquisa-personalizada-primaria-2","status":"publish","type":"page","link":"https:\/\/www.sisinternational.com\/pt\/pericia\/pesquisa-personalizada-primaria-2\/","title":{"rendered":"Pesquisa de mercado prim\u00e1rio"},"content":{"rendered":"<h1 class=\"wp-block-heading\">Pesquisa de mercado prim\u00e1rio<\/h1>\n\n\n\n<figure class=\"gb-block-image gb-block-image-dc28f8e2\"><img loading=\"lazy\" decoding=\"async\" width=\"1456\" height=\"816\" class=\"gb-image gb-image-dc28f8e2\" src=\"https:\/\/www.sisinternational.com\/wp-content\/uploads\/2025\/08\/Desk-research-11.jpg\" srcset=\"https:\/\/www.sisinternational.com\/wp-content\/uploads\/2025\/08\/Desk-research-11.jpg 1456w, https:\/\/www.sisinternational.com\/wp-content\/uploads\/2025\/08\/Desk-research-11-300x168.jpg 300w, https:\/\/www.sisinternational.com\/wp-content\/uploads\/2025\/08\/Desk-research-11-1024x574.jpg 1024w, https:\/\/www.sisinternational.com\/wp-content\/uploads\/2025\/08\/Desk-research-11-768x430.jpg 768w, https:\/\/www.sisinternational.com\/wp-content\/uploads\/2025\/08\/Desk-research-11-18x10.jpg 18w\" sizes=\"auto, (max-width: 1456px) 100vw, 1456px\" alt=\"Pesquisa e Estrat\u00e9gia de Mercado Internacional da SIS\"><\/figure>\n\n\n\n<p><\/p>\n\n\n\n<hr class=\"wp-block-separator has-alpha-channel-opacity is-style-dots\"\/>\n\n\n\n<h3 class=\"wp-block-heading\">Como uma empresa de pesquisa de mercado global personalizada e servi\u00e7o completo de intelig\u00eancia de mercado, a SIS International utiliza uma ampla variedade de m\u00e9todos prim\u00e1rios de pesquisa de mercado.<\/h3>\n\n\n\n<p>O SIS come\u00e7a por comunicar com o cliente e concebe uma solu\u00e7\u00e3o. Trabalhamos com o cliente para garantir que a solu\u00e7\u00e3o seja relevante e confi\u00e1vel. Conduzimos a pesquisa de forma eficiente com base em nossos mais de 40 anos de experi\u00eancia e envolvemos nosso cliente no andamento do estudo. Fornecemos an\u00e1lises e relat\u00f3rios estrat\u00e9gicos avan\u00e7ados, com a op\u00e7\u00e3o de servi\u00e7os p\u00f3s-projeto para maximizar o valor da pesquisa de nossos clientes.<\/p>\n\n\n\n<ul class=\"wp-block-list\">\n<li>An\u00e1lise e Estat\u00edstica<\/li>\n\n\n\n<li>Pesquisas telef\u00f4nicas CATI<\/li>\n\n\n\n<li>Mala Direta<\/li>\n\n\n\n<li>Etnografia \/ Visitas Domiciliares \/ Entrevistas Presenciais<\/li>\n\n\n\n<li>Face-to-Face Interviews \/ Store Intercepts \/ Mall Intercepts \/ <a href=\"https:\/\/www.sisinternational.com\/pt\/solucoes\/solucoes-de-pesquisa-quantitativa-qualitativa\/testes-de-localizacao-central-vs-grupos-focais\/\" title=\"Testes de localiza\u00e7\u00e3o central vs grupos focais\"  data-wpil-monitor-id=\"9163\">Testes de localiza\u00e7\u00e3o central<\/a><\/li>\n\n\n\n<li>Grupos de foco<\/li>\n\n\n\n<li>Rede Global de Especialistas SIS<\/li>\n\n\n\n<li>Entrevistas aprofundadas<\/li>\n\n\n\n<li><a href=\"https:\/\/www.sisinternational.com\/pt\/pesquisa-de-mercado-de-mobilidade-inteligente\/\" title=\"Pesquisa de mercado de mobilidade inteligente\"  data-wpil-monitor-id=\"9164\">Pesquisa de marketing m\u00f3vel<\/a><\/li>\n\n\n\n<li>Netnografia SIS\u2122 \/ An\u00e1lise da Web<\/li>\n\n\n\n<li>Pesquisa de neuromarketing<\/li>\n\n\n\n<li>Acompanhamento de bate-papo on-line<\/li>\n\n\n\n<li>Pesquisas on-line<\/li>\n\n\n\n<li><a href=\"https:\/\/www.sisinternational.com\/pt\/solucoes\/solucoes-de-pesquisa-quantitativa-qualitativa\/grupos-focais-on-line\/\" title=\"Grupos de foco on-line\"  data-wpil-monitor-id=\"9162\">Grupos de foco on-line<\/a> \/ Online Bulletin Boards \/ Online Diaries<\/li>\n\n\n\n<li>Pain\u00e9is e bancos de dados<\/li>\n\n\n\n<li>Etnografia de V\u00eddeo<\/li>\n\n\n\n<li>Comunidades de Insight Online (MROCs)<\/li>\n<\/ul>\n\n\n\n<h2 class=\"wp-block-heading\"><span style=\"font-weight: 400;\">O que \u00e9 pesquisa prim\u00e1ria?<\/span><\/h2>\n\n\n\n<p><span style=\"font-weight: 400;\">A investiga\u00e7\u00e3o prim\u00e1ria recolhe dados novos e originais diretamente das fontes, em vez de se basear em dados previamente compilados. Esta pesquisa \u00e9 feita sob medida e espec\u00edfica para as quest\u00f5es que as empresas ou pesquisadores pretendem responder. Ao contr\u00e1rio da investiga\u00e7\u00e3o secund\u00e1ria, que reaproveita os dados existentes, a investiga\u00e7\u00e3o prim\u00e1ria oferece conhecimentos que s\u00e3o em primeira m\u00e3o e diretamente relevantes para o contexto ou problema espec\u00edfico que est\u00e1 a ser abordado.&nbsp;<\/span><\/p>\n\n\n\n<h2 class=\"wp-block-heading\"><span style=\"font-weight: 400;\">Por que isso \u00e9 importante?<\/span><\/h2>\n\n\n\n<p><span style=\"font-weight: 400;\">A pesquisa prim\u00e1ria garante que as informa\u00e7\u00f5es sejam projetadas especificamente para necessidades e quest\u00f5es espec\u00edficas. Ao contr\u00e1rio dos dados gen\u00e9ricos, esses insights atendem diretamente aos seus objetivos e consultas de neg\u00f3cios.&nbsp;<\/span><\/p>\n\n\n\n<p><span style=\"font-weight: 400;\">It delivers fresh data that businesses can use against competitors because having data that others might not have access to can carve out unique niches and <a href=\"https:\/\/www.sisinternational.com\/pt\/solucoes\/consultoria-estrategica\/pesquisa-de-oportunidade-de-mercado\/\" title=\"Pesquisa de oportunidades de mercado\"  data-wpil-monitor-id=\"9167\">opportunities in the market<\/a>. Additionally, it enables businesses to delve deep into the customer psyche, understanding their needs, preferences, and pain points from the source. This kind of firsthand knowledge can greatly enhance customer-centric strategies.<\/span><\/p>\n\n\n\n<p><span style=\"font-weight: 400;\">Mas tem mais benef\u00edcios como:&nbsp;<\/span><\/p>\n\n\n\n<p><b>\u2022 Unbiased <\/b><a href=\"https:\/\/www.sisinternational.com\/pt\/cobertura\/europa\/pesquisa-de-mercado-em-liverpool-reino-unido\/\" title=\"Pesquisa de Mercado em Liverpool | Grupos focais e coleta de dados no Reino Unido\"  data-wpil-monitor-id=\"9165\">Data Collection: Primary research<\/a> ensures businesses collect data firsthand, without any pre-existing biases or interpretations. This offers a clean slate for understanding the target subject.<\/span><\/p>\n\n\n\n<p><b>\u2022 Flexibilidade: <\/b><span style=\"font-weight: 400;\">Esta pesquisa permite que as empresas dinamizem e modifiquem sua abordagem \u00e0 medida que coletam dados. Se determinadas perguntas n\u00e3o produzirem insights \u00fateis, elas poder\u00e3o ser alteradas ou refinadas em tempo real.<\/span><\/p>\n\n\n\n<p><b>\u2022 Informa\u00e7\u00f5es Propriet\u00e1rias: <\/b><span style=\"font-weight: 400;\">Os resultados da pesquisa prim\u00e1ria pertencem exclusivamente \u00e0 organiza\u00e7\u00e3o que encomendou a pesquisa. Esses dados propriet\u00e1rios podem oferecer uma vantagem competitiva, permitindo estrat\u00e9gias que os rivais talvez n\u00e3o prevejam.<\/span><\/p>\n\n\n\n<p><b>\u2022 Criando Confiabilidade: <\/b><span style=\"font-weight: 400;\">Os dados originais podem refor\u00e7ar a credibilidade de uma empresa, especialmente se ela estiver tentando se posicionar como l\u00edderes inovadores em seu setor.<\/span><\/p>\n\n\n\n<p><b>\u2022 Custo-benef\u00edcio: <\/b><span style=\"font-weight: 400;\">Este tipo de investiga\u00e7\u00e3o pode ter custos iniciais mais elevados em compara\u00e7\u00e3o com a investiga\u00e7\u00e3o secund\u00e1ria, mas o ROI a longo prazo pode ser substancial. Insights personalizados podem levar a estrat\u00e9gias mais eficazes e evitar erros dispendiosos com base em dados generalizados ou desatualizados.<\/span><\/p>\n\n\n\n<p><b>\u2022 Redu\u00e7\u00e3o de risco:<\/b><span style=\"font-weight: 400;\"> Before launching a new <a href=\"https:\/\/www.sisinternational.com\/pt\/pericia\/curriculos-de-experiencia\/pesquisa-de-mercado-de-produtos-de-higiene-pessoal\/\" title=\"Pesquisa de mercado de produtos de cuidados pessoais\"  data-wpil-monitor-id=\"9168\">product or entering a new market<\/a>, primary research can offer vital information to gauge potential success and mitigate risks.<\/span><\/p>\n\n\n\n<p><b>\u2022 Oportunidades inovadoras:<\/b><span style=\"font-weight: 400;\"> Ao identificar lacunas no mercado, as empresas podem descobrir ideias e oportunidades inovadoras que de outra forma n\u00e3o seriam evidentes.<\/span><\/p>\n\n\n\n<p><b>\u2022 Diversos m\u00e9todos de coleta de dados: <\/b>Beyond traditional interviews and surveys, <a href=\"https:\/\/www.sisinternational.com\/pt\/midias-sociais-em-pequenas-empresas\/\" title=\"Estrat\u00e9gias de m\u00eddia social para pequenas empresas\"  data-wpil-monitor-id=\"9166\">businesses can leverage social media<\/a>, wearable tech, and IoT devices as sources of primary data.<\/span><\/p>\n\n\n\n<h2 class=\"wp-block-heading\"><span style=\"font-weight: 400;\">Tend\u00eancias emergentes em pesquisa prim\u00e1ria<\/span><\/h2>\n\n\n\n<p><span style=\"font-weight: 400;\">\u00c0 medida que o mundo dos neg\u00f3cios e a tecnologia evoluem, a investiga\u00e7\u00e3o deve incorporar estas mudan\u00e7as e compreender as \u00faltimas tend\u00eancias que moldam a forma como a informa\u00e7\u00e3o \u00e9 recolhida e interpretada.&nbsp;<\/span><\/p>\n\n\n\n<p><b>\u2022 Integra\u00e7\u00e3o de Tecnologias Avan\u00e7adas: <\/b><span style=\"font-weight: 400;\">A incorpora\u00e7\u00e3o da Intelig\u00eancia Artificial (IA) e do Aprendizado de M\u00e1quina (ML) na pesquisa est\u00e1 melhorando a coleta, an\u00e1lise e interpreta\u00e7\u00e3o de dados. Essas ferramentas podem prever padr\u00f5es, dando sentido a vastos conjuntos de dados com mais efici\u00eancia do que os m\u00e9todos tradicionais.<\/span><\/p>\n\n\n\n<p><b>\u2022 Realidade Virtual (VR) e Realidade Aumentada (AR) em Pesquisa: <\/b><span style=\"font-weight: 400;\">Especialmente em testes de produtos ou avalia\u00e7\u00f5es de layout de lojas, as ferramentas de VR e AR est\u00e3o transformando o cen\u00e1rio principal da pesquisa, oferecendo uma experi\u00eancia mais imersiva aos entrevistados.<\/span><\/p>\n\n\n\n<p><b>\u2022 Estudos longitudinais: <\/b><span style=\"font-weight: 400;\">Embora pesquisas pontuais forne\u00e7am instant\u00e2neos, h\u00e1 uma tend\u00eancia crescente para estudos longitudinais em pesquisas prim\u00e1rias, que oferecem insights sobre mudan\u00e7as ao longo do tempo, acompanhando o mesmo grupo de entrevistados.<\/span><\/p>\n\n\n\n<p><b>\u2022 An\u00e1lise em tempo real: <\/b><span style=\"font-weight: 400;\">\u00c0 medida que as empresas buscam insights imediatos, o principal dom\u00ednio de pesquisa est\u00e1 mudando para o fornecimento de an\u00e1lises em tempo real, permitindo a tomada de decis\u00f5es instant\u00e2neas.<\/span><\/p>\n\n\n\n<h2 class=\"wp-block-heading\"><span style=\"font-weight: 400;\">Pesquisa Prim\u00e1ria: Estudo de Caso<\/span><\/h2>\n\n\n\n<p><b>LEGO \u2013 Reconstruindo uma Marca Hist\u00f3rica<\/b><\/p>\n\n\n\n<p><span style=\"font-weight: 400;\">No in\u00edcio dos anos 2000, a LEGO enfrentava uma queda nas vendas e estava \u00e0 beira da fal\u00eancia. Assim, em vez de confiar apenas nas tend\u00eancias do mercado, a LEGO voltou-se para os seus f\u00e3s. Eles iniciaram a pesquisa prim\u00e1ria interagindo com comunidades de usu\u00e1rios dedicadas, chegando at\u00e9 mesmo a organizar conven\u00e7\u00f5es e reuni\u00f5es para coletar insights diretamente de seus usu\u00e1rios mais apaixonados.<\/span><\/p>\n\n\n\n<p><span style=\"font-weight: 400;\">A LEGO descobriu que esses f\u00e3s tinham uma conex\u00e3o emocional profunda com a marca e forneceram insights sobre o que eles amavam nos conjuntos LEGO. Eles tamb\u00e9m aprenderam sobre a demanda por conjuntos mais complexos voltados para entusiastas mais velhos.<\/span><\/p>\n\n\n\n<p><span style=\"font-weight: 400;\">Como resultado, esta pesquisa prim\u00e1ria levou \u00e0 introdu\u00e7\u00e3o de modelos avan\u00e7ados, como as s\u00e9ries LEGO Technic e LEGO Architecture. A empresa tamb\u00e9m colaborou com fan designers em novos produtos.&nbsp;<\/span><\/p>\n\n\n\n<h2 class=\"wp-block-heading\"><span style=\"font-weight: 400;\">Desafios da pesquisa prim\u00e1ria<\/span><\/h2>\n\n\n\n<figure class=\"gb-block-image gb-block-image-379e410f\"><img loading=\"lazy\" decoding=\"async\" width=\"1456\" height=\"816\" class=\"gb-image gb-image-379e410f\" src=\"https:\/\/www.sisinternational.com\/wp-content\/uploads\/2025\/09\/Quantitative-research-11.jpg\" alt=\"Pesquisa e Estrat\u00e9gia de Mercado Internacional da SIS\" title=\"Quantitative research (11)\" srcset=\"https:\/\/www.sisinternational.com\/wp-content\/uploads\/2025\/09\/Quantitative-research-11.jpg 1456w, https:\/\/www.sisinternational.com\/wp-content\/uploads\/2025\/09\/Quantitative-research-11-300x168.jpg 300w, https:\/\/www.sisinternational.com\/wp-content\/uploads\/2025\/09\/Quantitative-research-11-1024x574.jpg 1024w, https:\/\/www.sisinternational.com\/wp-content\/uploads\/2025\/09\/Quantitative-research-11-768x430.jpg 768w, https:\/\/www.sisinternational.com\/wp-content\/uploads\/2025\/09\/Quantitative-research-11-18x10.jpg 18w\" sizes=\"auto, (max-width: 1456px) 100vw, 1456px\"><\/figure>\n\n\n\n<p><\/p>\n\n\n\n<p><span style=\"font-weight: 400;\">A pesquisa prim\u00e1ria traz seu conjunto de desafios. As empresas que pretendem embarcar neste caminho devem estar cientes destas potenciais armadilhas para navegar eficazmente no panorama da investiga\u00e7\u00e3o:<\/span><\/p>\n\n\n\n<p><b>\u2022 Implica\u00e7\u00f5es de custos: <\/b><span style=\"font-weight: 400;\">Pode ser mais dispendiosa do que a investiga\u00e7\u00e3o secund\u00e1ria devido aos recursos necess\u00e1rios para conceber, implementar e analisar a investiga\u00e7\u00e3o original. Os custos podem variar desde a contrata\u00e7\u00e3o de especialistas at\u00e9 a obten\u00e7\u00e3o das ferramentas certas ou o pagamento de participantes.<\/span><\/p>\n\n\n\n<p><b>\u2022 Demorado: <\/b><span style=\"font-weight: 400;\">A coleta de dados em primeira m\u00e3o \u00e9 um processo demorado. Desde a conceitua\u00e7\u00e3o do estudo at\u00e9 a coleta e an\u00e1lise dos dados pode se estender por longos per\u00edodos.<\/span><\/p>\n\n\n\n<p><b>\u2022 Risco de preconceito: <\/b><span style=\"font-weight: 400;\">Sem um planeamento cuidadoso, a investiga\u00e7\u00e3o prim\u00e1ria pode introduzir preconceitos. Estas podem surgir da forma como as perguntas s\u00e3o formuladas, da demografia dos participantes ou mesmo do ambiente em que a investiga\u00e7\u00e3o \u00e9 conduzida.<\/span><\/p>\n\n\n\n<p><b>\u2022 Sobrecarga de dados: <\/b><span style=\"font-weight: 400;\">Existe o risco de coletar muitos dados, levando \u00e0 paralisia da an\u00e1lise, onde se torna um desafio analisar e tirar conclus\u00f5es significativas.<\/span><\/p>\n\n\n\n<p><b>\u2022 Escopo Limitado: <\/b><span style=\"font-weight: 400;\">Ao contr\u00e1rio da investiga\u00e7\u00e3o secund\u00e1ria, que pode oferecer uma vis\u00e3o mais ampla, a investiga\u00e7\u00e3o pode por vezes ser demasiado restrita, centrando-se numa quest\u00e3o espec\u00edfica e potencialmente perdendo a vis\u00e3o geral.<\/span><\/p>\n\n\n\n<p><b>\u2022 Garantir a autenticidade do participante: <\/b><span style=\"font-weight: 400;\">Especialmente em inqu\u00e9ritos online e m\u00e9todos digitais, pode ser um desafio garantir que os participantes s\u00e3o genu\u00ednos e n\u00e3o influenciados por fatores externos.<\/span><\/p>\n\n\n\n<p><b>\u2022 Depend\u00eancia de Fatores Externos: <\/b>External factors like political events, natural disasters, or <a href=\"https:\/\/www.sisinternational.com\/pt\/transportadoras-de-baixo-custo-na-industria-da-aviacao\/\" title=\"Pesquisa de mercado de companhias a\u00e9reas de baixo custo\"  data-wpil-monitor-id=\"9161\">global pandemics can greatly affect the research<\/a> process and its outcomes.<\/span><\/p>\n\n\n\n<p><\/p>","protected":false},"excerpt":{"rendered":"<p>A SIS International oferece uma ampla variedade de m\u00e9todos prim\u00e1rios de pesquisa de mercado.<\/p>","protected":false},"author":1,"featured_media":62808,"parent":14514,"menu_order":20,"comment_status":"closed","ping_status":"open","template":"","meta":{"footnotes":""},"class_list":["post-16134","page","type-page","status-publish","has-post-thumbnail"],"_links":{"self":[{"href":"https:\/\/www.sisinternational.com\/pt\/wp-json\/wp\/v2\/pages\/16134","targetHints":{"allow":["GET"]}}],"collection":[{"href":"https:\/\/www.sisinternational.com\/pt\/wp-json\/wp\/v2\/pages"}],"about":[{"href":"https:\/\/www.sisinternational.com\/pt\/wp-json\/wp\/v2\/types\/page"}],"author":[{"embeddable":true,"href":"https:\/\/www.sisinternational.com\/pt\/wp-json\/wp\/v2\/users\/1"}],"replies":[{"embeddable":true,"href":"https:\/\/www.sisinternational.com\/pt\/wp-json\/wp\/v2\/comments?post=16134"}],"version-history":[{"count":6,"href":"https:\/\/www.sisinternational.com\/pt\/wp-json\/wp\/v2\/pages\/16134\/revisions"}],"predecessor-version":[{"id":81533,"href":"https:\/\/www.sisinternational.com\/pt\/wp-json\/wp\/v2\/pages\/16134\/revisions\/81533"}],"up":[{"embeddable":true,"href":"https:\/\/www.sisinternational.com\/pt\/wp-json\/wp\/v2\/pages\/14514"}],"wp:featuredmedia":[{"embeddable":true,"href":"https:\/\/www.sisinternational.com\/pt\/wp-json\/wp\/v2\/media\/62808"}],"wp:attachment":[{"href":"https:\/\/www.sisinternational.com\/pt\/wp-json\/wp\/v2\/media?parent=16134"}],"curies":[{"name":"wp","href":"https:\/\/api.w.org\/{rel}","templated":true}]}}